{"id":48,"date":"2021-07-29T11:54:46","date_gmt":"2021-07-29T10:54:46","guid":{"rendered":"https:\/\/www.procarton.com\/?page_id=48"},"modified":"2023-02-02T08:55:17","modified_gmt":"2023-02-02T08:55:17","slug":"privacy-statement","status":"publish","type":"page","link":"https:\/\/www.procarton.com\/it\/privacy-statement\/","title":{"rendered":"Dichiarazione sulla privacy"},"content":{"rendered":"<div class=\"av-animated-generic top-to-bottom flex_column av_two_third  flex_column_div av-zero-column-padding first  avia-builder-el-0  el_before_av_one_third  avia-builder-el-first\" style='border-radius:0px; '>\n<section class=\"av_textblock_section\"  itemscope=\"itemscope\" itemtype=\"https:\/\/schema.org\/CreativeWork\" >\n<div class='avia_textblock'   itemprop=\"text\" >\n<p>Questa politica sulla privacy descrive la raccolta, l'uso e il trattamento dei dati personali da parte di Pro Carton, che agisce come responsabile del trattamento di queste informazioni come definito dal Regolamento generale sulla protezione dei dati dell'Unione europea (il GDPR dell'UE).<\/p>\n<p><strong>1.  Informazioni su Pro Carton e i suoi diritti sulla privacy dei dati<\/strong><\/p>\n<p><strong>1.1\u00a0 <\/strong>Pro Carton, l'Associazione europea dei produttori di cartone e cartoncino, \u00e8 un'organizzazione senza scopo di lucro che rappresenta oltre 40 fabbriche di cartone in 13 diversi Paesi europei e in Nord America, che soddisfano pi\u00f9 di 90% della domanda europea, nonch\u00e9 l'industria di trasformazione del cartone in tutta Europa.  Pro Carton promuove le funzionalit\u00e0 e i vantaggi del cartone e del cartoncino come materiale di imballaggio rinnovabile, riciclabile e competitivo presso i proprietari di marchi, i rivenditori, i progettisti, i media e i responsabili politici dell'UE.<\/p>\n<p>L'indirizzo di Pro Carton \u00e8:<\/p>\n<p>Pro Carton<br \/>\nc\/o ARCO Association Management AG<br \/>\nCasella postale 1507<br \/>\nCH-8027 Zurigo<br \/>\nSvizzera<\/p>\n<p><strong>1.2 I suoi diritti sulla privacy dei dati<\/strong>\u00a0- Pro Carton si impegna a rispettare i pi\u00f9 elevati standard di privacy dei dati e a proteggere i dati personali che raccoglie e tratta.  A tal fine, Pro Carton ha implementato la presente politica sulla privacy dei dati e le misure tecniche organizzative e informatiche per prevenire le violazioni dei dati e l'uso illegale.<br \/>\nCome responsabile del trattamento dei dati, la nostra responsabilit\u00e0 implica in particolare che vi forniamo il diritto di consultare, correggere o rimuovere i vostri dati personali.<\/p>\n<p>Se desiderate consultare, completare, rettificare o rimuovere qualsiasi informazione in nostro possesso su di voi o sulla vostra organizzazione, contattateci a: mail@procarton.com<\/p>\n<p><strong>2.  Sui dati personali che raccogliamo e sul modo in cui li utilizziamo<\/strong><\/p>\n<p><strong>2.1 Dati personali<\/strong>\u00a0- Come membro di Pro Carton o di una terza parte esterna, puoi fornirci informazioni sui dati personali quando usi il nostro sito web, interagisci con noi sui social media, ti registri per informazioni o eventi.<br \/>\nI dati che raccogliamo possono includere il nome, il titolo (o il sesso), la qualifica professionale, il nome, il cognome, la funzione, il numero di telefono, l'indirizzo postale, l'e-mail, l'account (o gli account) dei social media e l'indirizzo web della vostra organizzazione.<\/p>\n<p>Alcuni di questi dati sono considerati dati personali ai sensi del GDPR dell'UE.  Nella maggior parte dei casi, raccogliamo i dati personali direttamente dagli interessati, ma a volte possiamo ottenere dati personali da terzi, come altre associazioni di categoria o altri contatti del settore.<\/p>\n<p><strong>2.2 Scopo dell'uso e del trattamento<\/strong>\u00a0- le informazioni che ci fornite saranno utilizzate allo scopo di contattarvi, soddisfare le vostre richieste online o facilitare il vostro accesso ai contenuti riservati ai membri e\/o fornirvi informazioni pertinenti e aggiornate sulla nostra organizzazione, le sue attivit\u00e0 e posizioni.<\/p>\n<p><strong>2.3 Consenso esplicito, conservazione e diritto di consultazione + modifica<\/strong>\u00a0- il suo consenso preventivo informato ed esplicito per l'utilizzo e il trattamento dei suoi dati personali sar\u00e0 richiesto per l'iscrizione alle comunicazioni di massa di Pro Carton come le newsletter o la partecipazione ad eventi.<\/p>\n<p>I suoi dati personali saranno conservati per il tempo strettamente necessario a raggiungere lo scopo o gli scopi per cui sono stati raccolti.<\/p>\n<p>Se desiderate ritirare il vostro consenso informato, consultare, completare, rettificare o rimuovere qualsiasi informazione in nostro possesso su di voi o sulla vostra organizzazione, contattateci a: mail@procarton.com.<\/p>\n<p><strong>2.4 Condivisione dei dati<\/strong>\u00a0- Come organizzazione senza scopo di lucro, Pro Carton non condivide n\u00e9 vende alcun dato personale a terzi per scopi commerciali.<\/p>\n<p>I dati personali possono essere condivisi con i membri di Pro Carton per lo stesso legittimo interesse e scopo per cui Pro Carton li utilizza.<\/p>\n<p>I tuoi dati personali possono essere trattati al di fuori dell'Unione Europea.  In tal caso, il trasferimento dei dati \u00e8 regolato da un accordo di trattamento dei dati per fornire garanzie adeguate come definito dal GDPR dell'UE.<\/p>\n<p><strong>2.5.  Valutazione dei rischi<\/strong>\u00a0- Il trattamento dei suoi dati personali \u00e8 stato auto-valutato come presentante rischi limitati per i suoi diritti fondamentali considerando che solo le informazioni professionali sono utilizzate e che misure adeguate sono in atto per prevenire violazioni dei dati.<\/p>\n<p><strong>3.  Informazioni sul nostro sito web, i social media e le nostre politiche sui cookie<\/strong><\/p>\n<p><strong>3.1 I cookie\u00a0<\/strong>- Il nostro sito web o i canali dei social media possono utilizzare tecniche di tracciamento come i cookie per raccogliere informazioni tecniche sul suo utilizzo allo scopo di migliorare e adattare il loro contenuto e renderlo pi\u00f9 user-friendly.<\/p>\n<p>I cookie vengono memorizzati sul tuo computer e ci permettono di tracciare l'utilizzo del sito da parte del tuo computer e, per gli utenti registrati, di gestire il loro accesso a contenuti specifici.<br \/>\nUtilizziamo cookie di performance per fornire statistiche anonime su come viene utilizzato il nostro sito web (web analytics di Google Analytics).<\/p>\n<p>\u00c8 possibile disattivare o cancellare i cookie nelle opzioni specifiche del suo browser, anche se questo potrebbe compromettere l'uso del sito web.<\/p>\n<p><strong>3.2 Politiche sulla privacy dei social media<\/strong>\u00a0- Quando si interagisce con i nostri canali di social media (es.\u00a0<a href=\"https:\/\/twitter.com\/cepi_paper\">Twitter<\/a>,\u00a0<a href=\"https:\/\/www.facebook.com\/CEPIPaper\/\">Facebook<\/a>,\u00a0<a href=\"https:\/\/www.linkedin.com\/company\/cepi\/\">LinkedIn<\/a>,\u00a0<a href=\"https:\/\/www.instagram.com\/cepi_stagram25\/\">Instagram<\/a>,\u00a0<a href=\"https:\/\/www.youtube.com\/channel\/UC52Y4zM-iRSb22hrUBgvGgQ\">YouTube<\/a>) il tuo consenso e l'uso dei dati personali sono coperti dai termini e dalle condizioni e dalle politiche sulla privacy di ciascuna di queste piattaforme di social media.<\/p>\n<p><strong>3.3.  Siti web di terzi e social media<\/strong>\u00a0- I nostri siti web, canali di social media e strumenti di comunicazione elettronica possono anche contenere link a siti web o canali di social media di terze parti.  Questi link sono forniti solo per vostra informazione e comodit\u00e0.  Pro Carton non avalla, approva o si assume alcuna responsabilit\u00e0 per i siti web o i canali di social media a cui forniamo collegamenti.<\/p>\n<p><strong>4.  Aggiornamento della politica e notifiche<\/strong><\/p>\n<p>Pro Carton pu\u00f2 aggiornare questa politica in qualsiasi momento pubblicando le modifiche online.  Tali modifiche saranno notificate ai contatti registrati e ai visitatori del sito web per essere lette e accettate.<\/p>\n<\/div>\n<\/section>\n<\/div>\n<div class=\"av-animated-generic top-to-bottom flex_column av_one_third  flex_column_div av-zero-column-padding   avia-builder-el-2  el_after_av_two_third  avia-builder-el-last\" style='border-radius:0px; '><\/div>","protected":false},"excerpt":{"rendered":"","protected":false},"author":1,"featured_media":0,"parent":0,"menu_order":27,"comment_status":"closed","ping_status":"closed","template":"","meta":{"inline_featured_image":false,"footnotes":""},"class_list":["post-48","page","type-page","status-publish","hentry"],"yoast_head":"<!-- This site is optimized with the Yoast SEO plugin v27.4 - https:\/\/yoast.com\/product\/yoast-seo-wordpress\/ -->\n<title>Privacy Statement - Pro Carton<\/title>\n<meta name=\"robots\" content=\"index, follow, max-snippet:-1, max-image-preview:large, max-video-preview:-1\" \/>\n<link rel=\"canonical\" href=\"https:\/\/www.procarton.com\/it\/privacy-statement\/\" \/>\n<meta property=\"og:locale\" content=\"it_IT\" \/>\n<meta property=\"og:type\" content=\"article\" \/>\n<meta property=\"og:title\" content=\"Privacy Statement - Pro Carton\" \/>\n<meta property=\"og:url\" content=\"https:\/\/www.procarton.com\/it\/privacy-statement\/\" \/>\n<meta property=\"og:site_name\" content=\"Pro Carton\" \/>\n<meta property=\"article:publisher\" content=\"https:\/\/www.facebook.com\/procartondesignaward\/\" \/>\n<meta property=\"article:modified_time\" content=\"2023-02-02T08:55:17+00:00\" \/>\n<meta name=\"twitter:card\" content=\"summary_large_image\" \/>\n<meta name=\"twitter:site\" content=\"@pro_carton\" \/>\n<meta name=\"twitter:label1\" content=\"Tempo di lettura stimato\" \/>\n\t<meta name=\"twitter:data1\" content=\"5 minuti\" \/>\n<script type=\"application\/ld+json\" class=\"yoast-schema-graph\">{\"@context\":\"https:\\\/\\\/schema.org\",\"@graph\":[{\"@type\":\"WebPage\",\"@id\":\"https:\\\/\\\/www.procarton.com\\\/privacy-statement\\\/\",\"url\":\"https:\\\/\\\/www.procarton.com\\\/privacy-statement\\\/\",\"name\":\"Privacy Statement - Pro Carton\",\"isPartOf\":{\"@id\":\"https:\\\/\\\/www.procarton.com\\\/es\\\/#website\"},\"datePublished\":\"2021-07-29T10:54:46+00:00\",\"dateModified\":\"2023-02-02T08:55:17+00:00\",\"breadcrumb\":{\"@id\":\"https:\\\/\\\/www.procarton.com\\\/privacy-statement\\\/#breadcrumb\"},\"inLanguage\":\"it-IT\",\"potentialAction\":[{\"@type\":\"ReadAction\",\"target\":[\"https:\\\/\\\/www.procarton.com\\\/privacy-statement\\\/\"]}]},{\"@type\":\"BreadcrumbList\",\"@id\":\"https:\\\/\\\/www.procarton.com\\\/privacy-statement\\\/#breadcrumb\",\"itemListElement\":[{\"@type\":\"ListItem\",\"position\":1,\"name\":\"Home\",\"item\":\"https:\\\/\\\/www.procarton.com\\\/\"},{\"@type\":\"ListItem\",\"position\":2,\"name\":\"Privacy Statement\"}]},{\"@type\":\"WebSite\",\"@id\":\"https:\\\/\\\/www.procarton.com\\\/es\\\/#website\",\"url\":\"https:\\\/\\\/www.procarton.com\\\/es\\\/\",\"name\":\"Pro Carton\",\"description\":\"\",\"publisher\":{\"@id\":\"https:\\\/\\\/www.procarton.com\\\/es\\\/#organization\"},\"potentialAction\":[{\"@type\":\"SearchAction\",\"target\":{\"@type\":\"EntryPoint\",\"urlTemplate\":\"https:\\\/\\\/www.procarton.com\\\/es\\\/?s={search_term_string}\"},\"query-input\":{\"@type\":\"PropertyValueSpecification\",\"valueRequired\":true,\"valueName\":\"search_term_string\"}}],\"inLanguage\":\"it-IT\"},{\"@type\":\"Organization\",\"@id\":\"https:\\\/\\\/www.procarton.com\\\/es\\\/#organization\",\"name\":\"ProCarton\",\"url\":\"https:\\\/\\\/www.procarton.com\\\/es\\\/\",\"logo\":{\"@type\":\"ImageObject\",\"inLanguage\":\"it-IT\",\"@id\":\"https:\\\/\\\/www.procarton.com\\\/es\\\/#\\\/schema\\\/logo\\\/image\\\/\",\"url\":\"https:\\\/\\\/www.procarton.com\\\/wp-content\\\/uploads\\\/2022\\\/06\\\/logo-mit-slogan.jpg\",\"contentUrl\":\"https:\\\/\\\/www.procarton.com\\\/wp-content\\\/uploads\\\/2022\\\/06\\\/logo-mit-slogan.jpg\",\"width\":422,\"height\":519,\"caption\":\"ProCarton\"},\"image\":{\"@id\":\"https:\\\/\\\/www.procarton.com\\\/es\\\/#\\\/schema\\\/logo\\\/image\\\/\"},\"sameAs\":[\"https:\\\/\\\/www.facebook.com\\\/procartondesignaward\\\/\",\"https:\\\/\\\/x.com\\\/pro_carton\"]}]}<\/script>\n<!-- \/ Yoast SEO plugin. -->","yoast_head_json":{"title":"Dichiarazione sulla privacy - Pro Carton","robots":{"index":"index","follow":"follow","max-snippet":"max-snippet:-1","max-image-preview":"max-image-preview:large","max-video-preview":"max-video-preview:-1"},"canonical":"https:\/\/www.procarton.com\/it\/privacy-statement\/","og_locale":"it_IT","og_type":"article","og_title":"Privacy Statement - Pro Carton","og_url":"https:\/\/www.procarton.com\/it\/privacy-statement\/","og_site_name":"Pro Carton","article_publisher":"https:\/\/www.facebook.com\/procartondesignaward\/","article_modified_time":"2023-02-02T08:55:17+00:00","twitter_card":"summary_large_image","twitter_site":"@pro_carton","twitter_misc":{"Tempo di lettura stimato":"5 minuti"},"schema":{"@context":"https:\/\/schema.org","@graph":[{"@type":"WebPage","@id":"https:\/\/www.procarton.com\/privacy-statement\/","url":"https:\/\/www.procarton.com\/privacy-statement\/","name":"Dichiarazione sulla privacy - Pro Carton","isPartOf":{"@id":"https:\/\/www.procarton.com\/es\/#website"},"datePublished":"2021-07-29T10:54:46+00:00","dateModified":"2023-02-02T08:55:17+00:00","breadcrumb":{"@id":"https:\/\/www.procarton.com\/privacy-statement\/#breadcrumb"},"inLanguage":"it-IT","potentialAction":[{"@type":"ReadAction","target":["https:\/\/www.procarton.com\/privacy-statement\/"]}]},{"@type":"BreadcrumbList","@id":"https:\/\/www.procarton.com\/privacy-statement\/#breadcrumb","itemListElement":[{"@type":"ListItem","position":1,"name":"Home","item":"https:\/\/www.procarton.com\/"},{"@type":"ListItem","position":2,"name":"Privacy Statement"}]},{"@type":"WebSite","@id":"https:\/\/www.procarton.com\/es\/#website","url":"https:\/\/www.procarton.com\/es\/","name":"Pro Carton","description":"","publisher":{"@id":"https:\/\/www.procarton.com\/es\/#organization"},"potentialAction":[{"@type":"SearchAction","target":{"@type":"EntryPoint","urlTemplate":"https:\/\/www.procarton.com\/es\/?s={search_term_string}"},"query-input":{"@type":"PropertyValueSpecification","valueRequired":true,"valueName":"search_term_string"}}],"inLanguage":"it-IT"},{"@type":"Organization","@id":"https:\/\/www.procarton.com\/es\/#organization","name":"ProCarton","url":"https:\/\/www.procarton.com\/es\/","logo":{"@type":"ImageObject","inLanguage":"it-IT","@id":"https:\/\/www.procarton.com\/es\/#\/schema\/logo\/image\/","url":"https:\/\/www.procarton.com\/wp-content\/uploads\/2022\/06\/logo-mit-slogan.jpg","contentUrl":"https:\/\/www.procarton.com\/wp-content\/uploads\/2022\/06\/logo-mit-slogan.jpg","width":422,"height":519,"caption":"ProCarton"},"image":{"@id":"https:\/\/www.procarton.com\/es\/#\/schema\/logo\/image\/"},"sameAs":["https:\/\/www.facebook.com\/procartondesignaward\/","https:\/\/x.com\/pro_carton"]}]}},"_links":{"self":[{"href":"https:\/\/www.procarton.com\/it\/wp-json\/wp\/v2\/pages\/48","targetHints":{"allow":["GET"]}}],"collection":[{"href":"https:\/\/www.procarton.com\/it\/wp-json\/wp\/v2\/pages"}],"about":[{"href":"https:\/\/www.procarton.com\/it\/wp-json\/wp\/v2\/types\/page"}],"author":[{"embeddable":true,"href":"https:\/\/www.procarton.com\/it\/wp-json\/wp\/v2\/users\/1"}],"replies":[{"embeddable":true,"href":"https:\/\/www.procarton.com\/it\/wp-json\/wp\/v2\/comments?post=48"}],"version-history":[{"count":7,"href":"https:\/\/www.procarton.com\/it\/wp-json\/wp\/v2\/pages\/48\/revisions"}],"predecessor-version":[{"id":284274,"href":"https:\/\/www.procarton.com\/it\/wp-json\/wp\/v2\/pages\/48\/revisions\/284274"}],"wp:attachment":[{"href":"https:\/\/www.procarton.com\/it\/wp-json\/wp\/v2\/media?parent=48"}],"curies":[{"name":"wp","href":"https:\/\/api.w.org\/{rel}","templated":true}]}}