{"id":307608,"date":"2026-01-30T12:31:42","date_gmt":"2026-01-30T12:31:42","guid":{"rendered":"https:\/\/www.procarton.com\/?page_id=307608"},"modified":"2026-02-09T16:15:33","modified_gmt":"2026-02-09T16:15:33","slug":"the-prizes","status":"publish","type":"page","link":"https:\/\/www.procarton.com\/it\/awards\/pro-carton-student-video-award\/2026-2\/the-prizes\/","title":{"rendered":"I premi"},"content":{"rendered":"<div class=\"av-animated-generic top-to-bottom flex_column av_three_fourth  flex_column_div av-zero-column-padding first  avia-builder-el-0  el_before_av_one_fourth  avia-builder-el-first\" style='border-radius:0px; '>\n<section class=\"av_textblock_section\"  itemscope=\"itemscope\" itemtype=\"https:\/\/schema.org\/CreativeWork\" >\n<div class='avia_textblock'   itemprop=\"text\" >\n<h1 style=\"text-align: center;\"><strong>The best video of PCSVA 2026 will win \u20ac3,000!<\/strong><\/h1>\n<\/div>\n<\/section>\n<section class=\"av_textblock_section\"  itemscope=\"itemscope\" itemtype=\"https:\/\/schema.org\/CreativeWork\" >\n<div class='avia_textblock'   itemprop=\"text\" >\n<ul>\n<li><strong>I primi classificati riceveranno 1.000 euro!<\/strong><\/li>\n<li class=\"p1\"><strong>Il vincitore del Public Award ricever\u00e0 1.000 euro!<\/strong><\/li>\n<li><strong>I premiati riceveranno 500 euro!<\/strong><\/li>\n<\/ul>\n<p>Per tutti i vincitori, se l'elaborato \u00e8 di pi\u00f9 di uno studente, il premio sar\u00e0 suddiviso in parti uguali.<\/p>\n<\/div>\n<\/section>\n<section class=\"av_textblock_section\"  itemscope=\"itemscope\" itemtype=\"https:\/\/schema.org\/CreativeWork\" >\n<div class='avia_textblock'   itemprop=\"text\" >\n<p><em>If circumstances allow, the winner(s) will be invited to attend the Pro Carton Awards celebrations in September 2026 where they will meet some of the leaders in the cartonboard industry and learn about creating sustainable packaging for leading brands.\u00a0 Travel expenses and accommodation will be covered.\u00a0 (If you enter as a group, please be aware that only one person will be invited to the Awards Gala.)<\/em><\/p>\n<\/div>\n<\/section>\n<section class=\"av_textblock_section\"  itemscope=\"itemscope\" itemtype=\"https:\/\/schema.org\/CreativeWork\" >\n<div class='avia_textblock'   itemprop=\"text\" >\n<p><strong>Cos'altro vinco?<\/strong><\/p>\n<ol>\n<li>Il vincitore si aggiudica anche un trofeo Pro Carton e 1 certificato con cornice completa. Anche i premiati e gli elogiati riceveranno un certificato.<\/li>\n<li>Pubblicit\u00e0 e riconoscimento internazionale.<\/li>\n<li>Pro Carton promuover\u00e0 continuamente i vincitori sulla stampa e sui canali dei social media.<\/li>\n<\/ol>\n<p>I vincitori saranno annunciati su tutti i canali mediatici di Pro Carton e condivisi con la stampa di settore a settembre, dopo il Gala Awards.<\/p>\n<\/div>\n<\/section>\n<\/div>\n<div class=\"av-animated-generic top-to-bottom flex_column av_one_fourth  flex_column_div av-zero-column-padding   avia-builder-el-5  el_after_av_three_fourth  avia-builder-el-last\" style='border-radius:0px; '>\n<section class=\"av_textblock_section\"  itemscope=\"itemscope\" itemtype=\"https:\/\/schema.org\/CreativeWork\" >\n<div class='avia_textblock'   itemprop=\"text\" >\n<p style=\"text-align: center;\"><strong>The PCSVA 2025 Winners:<\/strong><\/p>\n<\/div>\n<\/section>\n<div  class='avia-video avia-video-16-9   avia-video-lightbox av-lazyload-video-embed  avia-video-external-service' style='background-image:url(\"https:\/\/www.procarton.com\/wp-content\/uploads\/2026\/02\/Screenshot-2026-02-09-at-17.23.14.png\");'  itemprop=\"video\" itemtype=\"https:\/\/schema.org\/VideoObject\"  data-original_url='https:\/\/www.youtube.com\/watch?v=cRcLkwlhKR4&autoplay=1' ><script type='text\/html' class='av-video-tmpl'><a href='https:\/\/www.youtube.com\/watch?v=cRcLkwlhKR4&autoplay=1' class='mfp-iframe lightbox-link'><\/a><\/script><\/p>\n<div class='av-click-to-play-overlay play-lightbox'>\n<div class=\"avia_playpause_icon\"><\/div>\n<\/div>\n<\/div>\n<div  class='avia-video avia-video-16-9   avia-video-lightbox av-lazyload-video-embed  avia-video-external-service' style='background-image:url(\"https:\/\/www.procarton.com\/wp-content\/uploads\/2026\/02\/Screenshot-2026-02-09-at-17.24.27.png\");'  itemprop=\"video\" itemtype=\"https:\/\/schema.org\/VideoObject\"  data-original_url='https:\/\/www.youtube.com\/watch?v=X9UxvGOszdw&autoplay=1' ><script type='text\/html' class='av-video-tmpl'><a href='https:\/\/www.youtube.com\/watch?v=X9UxvGOszdw&autoplay=1' class='mfp-iframe lightbox-link'><\/a><\/script><\/p>\n<div class='av-click-to-play-overlay play-lightbox'>\n<div class=\"avia_playpause_icon\"><\/div>\n<\/div>\n<\/div>\n<div  class='avia-video avia-video-16-9   avia-video-lightbox av-lazyload-video-embed  avia-video-external-service' style='background-image:url(\"https:\/\/www.procarton.com\/wp-content\/uploads\/2026\/02\/Screenshot-2026-02-09-at-17.25.30.png\");'  itemprop=\"video\" itemtype=\"https:\/\/schema.org\/VideoObject\"  data-original_url='https:\/\/www.youtube.com\/watch?v=9ZKT4fcu86I&autoplay=1' ><script type='text\/html' class='av-video-tmpl'><a href='https:\/\/www.youtube.com\/watch?v=9ZKT4fcu86I&autoplay=1' class='mfp-iframe lightbox-link'><\/a><\/script><\/p>\n<div class='av-click-to-play-overlay play-lightbox'>\n<div class=\"avia_playpause_icon\"><\/div>\n<\/div>\n<\/div>\n<div  class='avia-button-wrap avia-button-center  avia-builder-el-10  el_after_av_video  avia-builder-el-last' ><a href='https:\/\/www.procarton.com\/awards\/pro-carton-student-video-award\/2025-2\/winners\/'  class='avia-button  avia-color-theme-color   avia-icon_select-no avia-size-small avia-position-center'   ><span class='avia_iconbox_title' >2025 Award Winners Page<\/span><\/a><\/div>\n<\/div>","protected":false},"excerpt":{"rendered":"","protected":false},"author":5916,"featured_media":307695,"parent":307529,"menu_order":2,"comment_status":"closed","ping_status":"closed","template":"templates\/award_details_page.php","meta":{"inline_featured_image":false,"footnotes":""},"class_list":["post-307608","page","type-page","status-publish","has-post-thumbnail","hentry"],"yoast_head":"<!-- This site is optimized with the Yoast SEO plugin v27.4 - https:\/\/yoast.com\/product\/yoast-seo-wordpress\/ -->\n<title>The Prizes - Pro Carton<\/title>\n<meta name=\"description\" content=\"The main prize for the Pro Carton Young Designers Award (PCSVA) 2024 winner is \u20ac4,000 and the possibility of attending the Pro Carton Awards Gala.\" \/>\n<meta name=\"robots\" content=\"index, follow, max-snippet:-1, max-image-preview:large, max-video-preview:-1\" \/>\n<link rel=\"canonical\" href=\"https:\/\/www.procarton.com\/it\/awards\/pro-carton-student-video-award\/2026-2\/the-prizes\/\" \/>\n<meta property=\"og:locale\" content=\"it_IT\" \/>\n<meta property=\"og:type\" content=\"article\" \/>\n<meta property=\"og:title\" content=\"The Prizes - Pro Carton\" \/>\n<meta property=\"og:description\" content=\"The main prize for the Pro Carton Young Designers Award (PCSVA) 2024 winner is \u20ac4,000 and the possibility of attending the Pro Carton Awards Gala.\" \/>\n<meta property=\"og:url\" content=\"https:\/\/www.procarton.com\/it\/awards\/pro-carton-student-video-award\/2026-2\/the-prizes\/\" \/>\n<meta property=\"og:site_name\" content=\"Pro Carton\" \/>\n<meta property=\"article:publisher\" content=\"https:\/\/www.facebook.com\/procartondesignaward\/\" \/>\n<meta property=\"article:modified_time\" content=\"2026-02-09T16:15:33+00:00\" \/>\n<meta property=\"og:image\" content=\"https:\/\/www.procarton.com\/wp-content\/uploads\/2026\/01\/Pro-Carton-Logo-26-1-1.png\" \/>\n\t<meta property=\"og:image:width\" content=\"1200\" \/>\n\t<meta property=\"og:image:height\" content=\"900\" \/>\n\t<meta property=\"og:image:type\" content=\"image\/png\" \/>\n<meta name=\"twitter:card\" content=\"summary_large_image\" \/>\n<meta name=\"twitter:site\" content=\"@pro_carton\" \/>\n<meta name=\"twitter:label1\" content=\"Tempo di lettura stimato\" \/>\n\t<meta name=\"twitter:data1\" content=\"3 minuti\" \/>\n<script type=\"application\/ld+json\" class=\"yoast-schema-graph\">{\"@context\":\"https:\\\/\\\/schema.org\",\"@graph\":[{\"@type\":\"WebPage\",\"@id\":\"https:\\\/\\\/www.procarton.com\\\/awards\\\/pro-carton-student-video-award\\\/2026-2\\\/the-prizes\\\/\",\"url\":\"https:\\\/\\\/www.procarton.com\\\/awards\\\/pro-carton-student-video-award\\\/2026-2\\\/the-prizes\\\/\",\"name\":\"The Prizes - Pro Carton\",\"isPartOf\":{\"@id\":\"https:\\\/\\\/www.procarton.com\\\/es\\\/#website\"},\"primaryImageOfPage\":{\"@id\":\"https:\\\/\\\/www.procarton.com\\\/awards\\\/pro-carton-student-video-award\\\/2026-2\\\/the-prizes\\\/#primaryimage\"},\"image\":{\"@id\":\"https:\\\/\\\/www.procarton.com\\\/awards\\\/pro-carton-student-video-award\\\/2026-2\\\/the-prizes\\\/#primaryimage\"},\"thumbnailUrl\":\"https:\\\/\\\/www.procarton.com\\\/wp-content\\\/uploads\\\/2026\\\/01\\\/Pro-Carton-Logo-26-1-1.png\",\"datePublished\":\"2026-01-30T12:31:42+00:00\",\"dateModified\":\"2026-02-09T16:15:33+00:00\",\"description\":\"The main prize for the Pro Carton Young Designers Award (PCSVA) 2024 winner is \u20ac4,000 and the possibility of attending the Pro Carton Awards Gala.\",\"breadcrumb\":{\"@id\":\"https:\\\/\\\/www.procarton.com\\\/awards\\\/pro-carton-student-video-award\\\/2026-2\\\/the-prizes\\\/#breadcrumb\"},\"inLanguage\":\"it-IT\",\"potentialAction\":[{\"@type\":\"ReadAction\",\"target\":[\"https:\\\/\\\/www.procarton.com\\\/awards\\\/pro-carton-student-video-award\\\/2026-2\\\/the-prizes\\\/\"]}]},{\"@type\":\"ImageObject\",\"inLanguage\":\"it-IT\",\"@id\":\"https:\\\/\\\/www.procarton.com\\\/awards\\\/pro-carton-student-video-award\\\/2026-2\\\/the-prizes\\\/#primaryimage\",\"url\":\"https:\\\/\\\/www.procarton.com\\\/wp-content\\\/uploads\\\/2026\\\/01\\\/Pro-Carton-Logo-26-1-1.png\",\"contentUrl\":\"https:\\\/\\\/www.procarton.com\\\/wp-content\\\/uploads\\\/2026\\\/01\\\/Pro-Carton-Logo-26-1-1.png\",\"width\":1200,\"height\":900},{\"@type\":\"BreadcrumbList\",\"@id\":\"https:\\\/\\\/www.procarton.com\\\/awards\\\/pro-carton-student-video-award\\\/2026-2\\\/the-prizes\\\/#breadcrumb\",\"itemListElement\":[{\"@type\":\"ListItem\",\"position\":1,\"name\":\"Home\",\"item\":\"https:\\\/\\\/www.procarton.com\\\/\"},{\"@type\":\"ListItem\",\"position\":2,\"name\":\"Awards\",\"item\":\"https:\\\/\\\/www.procarton.com\\\/awards\\\/\"},{\"@type\":\"ListItem\",\"position\":3,\"name\":\"Pro Carton Student Video Award\",\"item\":\"https:\\\/\\\/www.procarton.com\\\/awards\\\/pro-carton-student-video-award\\\/\"},{\"@type\":\"ListItem\",\"position\":4,\"name\":\"2026\",\"item\":\"https:\\\/\\\/www.procarton.com\\\/awards\\\/pro-carton-student-video-award\\\/2026-2\\\/\"},{\"@type\":\"ListItem\",\"position\":5,\"name\":\"The Prizes\"}]},{\"@type\":\"WebSite\",\"@id\":\"https:\\\/\\\/www.procarton.com\\\/es\\\/#website\",\"url\":\"https:\\\/\\\/www.procarton.com\\\/es\\\/\",\"name\":\"Pro Carton\",\"description\":\"\",\"publisher\":{\"@id\":\"https:\\\/\\\/www.procarton.com\\\/es\\\/#organization\"},\"potentialAction\":[{\"@type\":\"SearchAction\",\"target\":{\"@type\":\"EntryPoint\",\"urlTemplate\":\"https:\\\/\\\/www.procarton.com\\\/es\\\/?s={search_term_string}\"},\"query-input\":{\"@type\":\"PropertyValueSpecification\",\"valueRequired\":true,\"valueName\":\"search_term_string\"}}],\"inLanguage\":\"it-IT\"},{\"@type\":\"Organization\",\"@id\":\"https:\\\/\\\/www.procarton.com\\\/es\\\/#organization\",\"name\":\"ProCarton\",\"url\":\"https:\\\/\\\/www.procarton.com\\\/es\\\/\",\"logo\":{\"@type\":\"ImageObject\",\"inLanguage\":\"it-IT\",\"@id\":\"https:\\\/\\\/www.procarton.com\\\/es\\\/#\\\/schema\\\/logo\\\/image\\\/\",\"url\":\"https:\\\/\\\/www.procarton.com\\\/wp-content\\\/uploads\\\/2022\\\/06\\\/logo-mit-slogan.jpg\",\"contentUrl\":\"https:\\\/\\\/www.procarton.com\\\/wp-content\\\/uploads\\\/2022\\\/06\\\/logo-mit-slogan.jpg\",\"width\":422,\"height\":519,\"caption\":\"ProCarton\"},\"image\":{\"@id\":\"https:\\\/\\\/www.procarton.com\\\/es\\\/#\\\/schema\\\/logo\\\/image\\\/\"},\"sameAs\":[\"https:\\\/\\\/www.facebook.com\\\/procartondesignaward\\\/\",\"https:\\\/\\\/x.com\\\/pro_carton\"]}]}<\/script>\n<!-- \/ Yoast SEO plugin. -->","yoast_head_json":{"title":"I premi - Pro Carton","description":"Il premio principale per il vincitore dell'Pro Carton Young Designers Award (PCSVA) 2024 \u00e8 di 4.000 euro e la possibilit\u00e0 di partecipare al Gala Pro Carton Awards.","robots":{"index":"index","follow":"follow","max-snippet":"max-snippet:-1","max-image-preview":"max-image-preview:large","max-video-preview":"max-video-preview:-1"},"canonical":"https:\/\/www.procarton.com\/it\/awards\/pro-carton-student-video-award\/2026-2\/the-prizes\/","og_locale":"it_IT","og_type":"article","og_title":"The Prizes - Pro Carton","og_description":"The main prize for the Pro Carton Young Designers Award (PCSVA) 2024 winner is \u20ac4,000 and the possibility of attending the Pro Carton Awards Gala.","og_url":"https:\/\/www.procarton.com\/it\/awards\/pro-carton-student-video-award\/2026-2\/the-prizes\/","og_site_name":"Pro Carton","article_publisher":"https:\/\/www.facebook.com\/procartondesignaward\/","article_modified_time":"2026-02-09T16:15:33+00:00","og_image":[{"width":1200,"height":900,"url":"https:\/\/www.procarton.com\/wp-content\/uploads\/2026\/01\/Pro-Carton-Logo-26-1-1.png","type":"image\/png"}],"twitter_card":"summary_large_image","twitter_site":"@pro_carton","twitter_misc":{"Tempo di lettura stimato":"3 minuti"},"schema":{"@context":"https:\/\/schema.org","@graph":[{"@type":"WebPage","@id":"https:\/\/www.procarton.com\/awards\/pro-carton-student-video-award\/2026-2\/the-prizes\/","url":"https:\/\/www.procarton.com\/awards\/pro-carton-student-video-award\/2026-2\/the-prizes\/","name":"I premi - Pro Carton","isPartOf":{"@id":"https:\/\/www.procarton.com\/es\/#website"},"primaryImageOfPage":{"@id":"https:\/\/www.procarton.com\/awards\/pro-carton-student-video-award\/2026-2\/the-prizes\/#primaryimage"},"image":{"@id":"https:\/\/www.procarton.com\/awards\/pro-carton-student-video-award\/2026-2\/the-prizes\/#primaryimage"},"thumbnailUrl":"https:\/\/www.procarton.com\/wp-content\/uploads\/2026\/01\/Pro-Carton-Logo-26-1-1.png","datePublished":"2026-01-30T12:31:42+00:00","dateModified":"2026-02-09T16:15:33+00:00","description":"Il premio principale per il vincitore dell'Pro Carton Young Designers Award (PCSVA) 2024 \u00e8 di 4.000 euro e la possibilit\u00e0 di partecipare al Gala Pro Carton Awards.","breadcrumb":{"@id":"https:\/\/www.procarton.com\/awards\/pro-carton-student-video-award\/2026-2\/the-prizes\/#breadcrumb"},"inLanguage":"it-IT","potentialAction":[{"@type":"ReadAction","target":["https:\/\/www.procarton.com\/awards\/pro-carton-student-video-award\/2026-2\/the-prizes\/"]}]},{"@type":"ImageObject","inLanguage":"it-IT","@id":"https:\/\/www.procarton.com\/awards\/pro-carton-student-video-award\/2026-2\/the-prizes\/#primaryimage","url":"https:\/\/www.procarton.com\/wp-content\/uploads\/2026\/01\/Pro-Carton-Logo-26-1-1.png","contentUrl":"https:\/\/www.procarton.com\/wp-content\/uploads\/2026\/01\/Pro-Carton-Logo-26-1-1.png","width":1200,"height":900},{"@type":"BreadcrumbList","@id":"https:\/\/www.procarton.com\/awards\/pro-carton-student-video-award\/2026-2\/the-prizes\/#breadcrumb","itemListElement":[{"@type":"ListItem","position":1,"name":"Home","item":"https:\/\/www.procarton.com\/"},{"@type":"ListItem","position":2,"name":"Awards","item":"https:\/\/www.procarton.com\/awards\/"},{"@type":"ListItem","position":3,"name":"Pro Carton Student Video Award","item":"https:\/\/www.procarton.com\/awards\/pro-carton-student-video-award\/"},{"@type":"ListItem","position":4,"name":"2026","item":"https:\/\/www.procarton.com\/awards\/pro-carton-student-video-award\/2026-2\/"},{"@type":"ListItem","position":5,"name":"The Prizes"}]},{"@type":"WebSite","@id":"https:\/\/www.procarton.com\/es\/#website","url":"https:\/\/www.procarton.com\/es\/","name":"Pro Carton","description":"","publisher":{"@id":"https:\/\/www.procarton.com\/es\/#organization"},"potentialAction":[{"@type":"SearchAction","target":{"@type":"EntryPoint","urlTemplate":"https:\/\/www.procarton.com\/es\/?s={search_term_string}"},"query-input":{"@type":"PropertyValueSpecification","valueRequired":true,"valueName":"search_term_string"}}],"inLanguage":"it-IT"},{"@type":"Organization","@id":"https:\/\/www.procarton.com\/es\/#organization","name":"ProCarton","url":"https:\/\/www.procarton.com\/es\/","logo":{"@type":"ImageObject","inLanguage":"it-IT","@id":"https:\/\/www.procarton.com\/es\/#\/schema\/logo\/image\/","url":"https:\/\/www.procarton.com\/wp-content\/uploads\/2022\/06\/logo-mit-slogan.jpg","contentUrl":"https:\/\/www.procarton.com\/wp-content\/uploads\/2022\/06\/logo-mit-slogan.jpg","width":422,"height":519,"caption":"ProCarton"},"image":{"@id":"https:\/\/www.procarton.com\/es\/#\/schema\/logo\/image\/"},"sameAs":["https:\/\/www.facebook.com\/procartondesignaward\/","https:\/\/x.com\/pro_carton"]}]}},"_links":{"self":[{"href":"https:\/\/www.procarton.com\/it\/wp-json\/wp\/v2\/pages\/307608","targetHints":{"allow":["GET"]}}],"collection":[{"href":"https:\/\/www.procarton.com\/it\/wp-json\/wp\/v2\/pages"}],"about":[{"href":"https:\/\/www.procarton.com\/it\/wp-json\/wp\/v2\/types\/page"}],"author":[{"embeddable":true,"href":"https:\/\/www.procarton.com\/it\/wp-json\/wp\/v2\/users\/5916"}],"replies":[{"embeddable":true,"href":"https:\/\/www.procarton.com\/it\/wp-json\/wp\/v2\/comments?post=307608"}],"version-history":[{"count":7,"href":"https:\/\/www.procarton.com\/it\/wp-json\/wp\/v2\/pages\/307608\/revisions"}],"predecessor-version":[{"id":307923,"href":"https:\/\/www.procarton.com\/it\/wp-json\/wp\/v2\/pages\/307608\/revisions\/307923"}],"up":[{"embeddable":true,"href":"https:\/\/www.procarton.com\/it\/wp-json\/wp\/v2\/pages\/307529"}],"wp:featuredmedia":[{"embeddable":true,"href":"https:\/\/www.procarton.com\/it\/wp-json\/wp\/v2\/media\/307695"}],"wp:attachment":[{"href":"https:\/\/www.procarton.com\/it\/wp-json\/wp\/v2\/media?parent=307608"}],"curies":[{"name":"wp","href":"https:\/\/api.w.org\/{rel}","templated":true}]}}