{"id":307370,"date":"2025-11-26T11:52:25","date_gmt":"2025-11-26T11:52:25","guid":{"rendered":"https:\/\/www.procarton.com\/?page_id=307370"},"modified":"2025-11-26T15:49:38","modified_gmt":"2025-11-26T15:49:38","slug":"main-sponsor-2025","status":"publish","type":"page","link":"https:\/\/www.procarton.com\/it\/awards\/european-carton-excellence-award\/2025-2\/main-sponsor-2025\/","title":{"rendered":"Articolo dello sponsor principale 2025"},"content":{"rendered":"<div  style='height:50px' class='hr hr-invisible   avia-builder-el-0  el_before_av_three_fourth  avia-builder-el-first'><span class='hr-inner' ><span class='hr-inner-style'><\/span><\/span><\/div>\n<div class=\"av-animated-generic top-to-bottom flex_column av_three_fourth  flex_column_div av-zero-column-padding first  avia-builder-el-1  el_after_av_hr  el_before_av_three_fourth\" style='border-radius:0px; '>\n<section class=\"av_textblock_section\"  itemscope=\"itemscope\" itemtype=\"https:\/\/schema.org\/CreativeWork\" >\n<div class='avia_textblock'   itemprop=\"text\" >\n<h3>ECMA e Pro Carton sono lieti di presentare un articolo del nostro sponsor principale del 2025 European Carton Excellence Award<\/h3>\n<\/div>\n<\/section>\n<\/div>\n<div class=\"av-animated-generic top-to-bottom flex_column av_three_fourth  flex_column_div av-zero-column-padding first  avia-builder-el-3  el_after_av_three_fourth  el_before_av_one_fourth  column-top-margin\" style='border-radius:0px; '>\n<section class=\"av_textblock_section\"  itemscope=\"itemscope\" itemtype=\"https:\/\/schema.org\/CreativeWork\" >\n<div class='avia_textblock'   itemprop=\"text\" >\n<h4 class=\"main-title entry-title\">Come navigare nella trasformazione del commercio al dettaglio attraverso la digitalizzazione e l'innovazione<\/h4>\n<\/div>\n<\/section>\n<section class=\"av_textblock_section\"  itemscope=\"itemscope\" itemtype=\"https:\/\/schema.org\/CreativeWork\" >\n<div class='avia_textblock'   itemprop=\"text\" >\n<p><b>Come navigare nella trasformazione del commercio al dettaglio attraverso la digitalizzazione e l'innovazione<\/b><\/p>\n<p>Il panorama della vendita al dettaglio \u00e8 in rapida evoluzione, plasmato dal cambiamento del comportamento dei consumatori e dall'accelerazione della digitalizzazione. Le abitudini di acquisto tradizionali vengono sostituite da decisioni pi\u00f9 spontanee e d'impulso, e i consumatori si aspettano sempre pi\u00f9 comodit\u00e0, velocit\u00e0 ed esperienze personalizzate. Nel punto vendita (POS), ci\u00f2 significa che i marchi devono andare oltre i display statici e le interazioni transazionali per creare ambienti dinamici e reattivi che riflettano i valori e le preferenze degli acquirenti moderni.<\/p>\n<p>Sebbene il consumatore rimanga il decisore finale, le sue scelte sono ora influenzate da una complessa rete di punti di contatto digitali. Applicazioni mobili, social media e dati in tempo reale contribuiscono a un percorso di acquisto meno lineare e pi\u00f9 fluido. I rivenditori devono adattarsi integrando strumenti digitali che migliorano l'esperienza del cliente e semplificano le operazioni.<\/p>\n<p><b>La digitalizzazione e il suo impatto sul mercato del lavoro<\/b><\/p>\n<p>Una delle conseguenze pi\u00f9 significative della trasformazione digitale \u00e8 il suo effetto sul mercato del lavoro. L'automazione, l'intelligenza artificiale e l'analisi dei dati stanno ridisegnando i ruoli nei settori della vendita al dettaglio e del packaging. Le attivit\u00e0 di routine sono sempre pi\u00f9 gestite dalle macchine, mentre ai lavoratori umani \u00e8 richiesto di sviluppare nuove competenze nell'interpretazione dei dati, nella gestione dei sistemi e nel coinvolgimento dei clienti.<\/p>\n<p>Questo cambiamento presenta sia sfide che opportunit\u00e0. Da un lato, cresce la necessit\u00e0 di riqualificare e adattare la forza lavoro. Dall'altro, la digitalizzazione consente un'allocazione pi\u00f9 efficiente delle risorse e una gestione pi\u00f9 intelligente della catena di approvvigionamento. Questi miglioramenti portano a risparmi sui costi, riduzione degli sprechi e cicli di produzione pi\u00f9 agili.<\/p>\n<p><b>Ottimizzazione guidata dai dati nell'imballaggio<\/b><\/p>\n<p>La raccolta e l'analisi dei dati svolgono un ruolo centrale nell'ottimizzazione dei processi di imballaggio. Sfruttando le conoscenze in tempo reale sulle preferenze dei consumatori, sui modelli di acquisto e sulle prestazioni logistiche, le aziende possono progettare imballaggi non solo funzionali ma anche in linea con gli obiettivi di sostenibilit\u00e0. Ad esempio, i dati possono rivelare quali materiali funzionano meglio in condizioni specifiche o quali formati riducono i costi di trasporto e l'impatto ambientale.<\/p>\n<p>Questo approccio incentrato sui dati supporta anche lo sviluppo di soluzioni di imballaggio pi\u00f9 sostenibili. Invece di affidarsi esclusivamente ai mandati normativi o alle pressioni dei consumatori, le aziende possono utilizzare le prove empiriche per guidare l'innovazione. Ci\u00f2 include l'identificazione di opportunit\u00e0 per ridurre l'uso di materiali, migliorare la riciclabilit\u00e0 e aumentare la protezione del prodotto, il tutto mantenendo l'efficacia dei costi.<\/p>\n<p><b>Collaborazione e innovazione attraverso la catena del valore<\/b><\/p>\n<p>La digitalizzazione favorisce la collaborazione lungo tutta la catena del valore del packaging. Piattaforme basate sul cloud, database condivisi e strumenti di pianificazione integrati consentono a produttori, fornitori e rivenditori di lavorare insieme in modo pi\u00f9 efficace. Questa interconnessione accelera l'innovazione e consente di rispondere pi\u00f9 rapidamente alle richieste del mercato.<\/p>\n<p>Inoltre, gli strumenti digitali possono aiutare a superare le complessit\u00e0 della legislazione internazionale. Standardizzando i formati dei dati e la tracciabilit\u00e0 della conformit\u00e0, le aziende possono adattarsi pi\u00f9 facilmente a contesti normativi diversi e garantire che le soluzioni di imballaggio soddisfino gli standard globali.<\/p>\n<p><b>Conclusione<\/b><\/p>\n<p>La convergenza tra il cambiamento del comportamento dei consumatori, la trasformazione digitale e gli imperativi della sostenibilit\u00e0 sta rimodellando i settori della vendita al dettaglio e del packaging. Sebbene il punto vendita rimanga un punto di contatto critico, il suo ruolo \u00e8 ora intrecciato con cambiamenti tecnologici e operativi pi\u00f9 ampi. Abbracciando la digitalizzazione, le aziende possono non solo migliorare l'esperienza dei clienti, ma anche aumentare l'efficienza, promuovere l'innovazione e contribuire a pratiche di produzione pi\u00f9 sostenibili. Il futuro della vendita al dettaglio e del packaging risiede nella collaborazione, dove ogni decisione \u00e8 informata, agile e allineata alle esigenze del mercato e alla responsabilit\u00e0 ambientale.<\/p>\n<p style=\"text-align: left;\">Per ulteriori informazioni, visitare il sito: <a href=\"http:\/\/www.heidelberg.com\">www.heidelberg.com<\/a><\/p>\n<\/div>\n<\/section>\n<div   class='hr hr-default   avia-builder-el-6  el_after_av_textblock  avia-builder-el-last'><span class='hr-inner' ><span class='hr-inner-style'><\/span><\/span><\/div>\n<\/div>\n<div class=\"av-animated-generic top-to-bottom flex_column av_one_fourth  flex_column_div av-zero-column-padding   avia-builder-el-7  el_after_av_three_fourth  el_before_av_video  column-top-margin\" style='border-radius:0px; '>\n<div  class='avia-image-container  av-styling-    avia-builder-el-8  el_before_av_image  avia-builder-el-first  avia-align-center'  itemprop=\"image\" itemscope=\"itemscope\" itemtype=\"https:\/\/schema.org\/ImageObject\"  >\n<div class='avia-image-container-inner'>\n<div class='avia-image-overlay-wrap'><img decoding=\"async\" width=\"230\" height=\"130\" class='wp-image-271395 avia-img-lazy-loading-not-271395 avia_image' src=\"https:\/\/www.procarton.com\/wp-content\/uploads\/2021\/12\/heidelberg.jpg\" alt='' title='heidelberg'  itemprop=\"thumbnailUrl\" srcset=\"https:\/\/www.procarton.com\/wp-content\/uploads\/2021\/12\/heidelberg.jpg 230w, https:\/\/www.procarton.com\/wp-content\/uploads\/2021\/12\/heidelberg-18x10.jpg 18w\" sizes=\"(max-width: 230px) 100vw, 230px\" \/><\/div>\n<\/div>\n<\/div>\n<div  class='avia-image-container  av-styling-    avia-builder-el-9  el_after_av_image  avia-builder-el-last  avia-align-center'  itemprop=\"image\" itemscope=\"itemscope\" itemtype=\"https:\/\/schema.org\/ImageObject\"  >\n<div class='avia-image-container-inner'>\n<div class='avia-image-overlay-wrap'><img decoding=\"async\" width=\"960\" height=\"470\" class='wp-image-306905 avia-img-lazy-loading-not-306905 avia_image' src=\"https:\/\/www.procarton.com\/wp-content\/uploads\/2025\/09\/Grafik-Anniversary-Magazin-p12-13_182x89.jpg\" alt='' title='Grafik Anniversary Magazin p12-13_182x89'  itemprop=\"thumbnailUrl\" srcset=\"https:\/\/www.procarton.com\/wp-content\/uploads\/2025\/09\/Grafik-Anniversary-Magazin-p12-13_182x89.jpg 960w, https:\/\/www.procarton.com\/wp-content\/uploads\/2025\/09\/Grafik-Anniversary-Magazin-p12-13_182x89-300x147.jpg 300w, https:\/\/www.procarton.com\/wp-content\/uploads\/2025\/09\/Grafik-Anniversary-Magazin-p12-13_182x89-768x376.jpg 768w, https:\/\/www.procarton.com\/wp-content\/uploads\/2025\/09\/Grafik-Anniversary-Magazin-p12-13_182x89-18x9.jpg 18w, https:\/\/www.procarton.com\/wp-content\/uploads\/2025\/09\/Grafik-Anniversary-Magazin-p12-13_182x89-705x345.jpg 705w\" sizes=\"(max-width: 960px) 100vw, 960px\" \/><\/div>\n<\/div>\n<\/div>\n<\/div>\n<div  class='avia-video avia-video-16-9   av-lazyload-immediate  av-lazyload-video-embed'   itemprop=\"video\" itemtype=\"https:\/\/schema.org\/VideoObject\"  data-original_url='https:\/\/www.youtube.com\/watch?v=DZUIlsJrCF4&amp;t=5s' ><script type='text\/html' class='av-video-tmpl'><\/p>\n<div class='avia-iframe-wrap'><iframe loading=\"lazy\" title=\"Celebrating 175 years of Heidelberger Druckmaschinen\" width=\"1500\" height=\"844\" src=\"https:\/\/www.youtube.com\/embed\/DZUIlsJrCF4?start=5&feature=oembed&autoplay=0&loop=0&controls=1&mute=0\" frameborder=\"0\" allow=\"accelerometer; autoplay; clipboard-write; encrypted-media; gyroscope; picture-in-picture; web-share\" referrerpolicy=\"strict-origin-when-cross-origin\" allowfullscreen><\/iframe><\/div>\n<p><\/script><\/p>\n<div class='av-click-to-play-overlay'>\n<div class=\"avia_playpause_icon\"><\/div>\n<\/div>\n<\/div>\n<div  style='height:50px' class='hr hr-invisible   avia-builder-el-11  el_after_av_video  avia-builder-el-last'><span class='hr-inner' ><span class='hr-inner-style'><\/span><\/span><\/div>","protected":false},"excerpt":{"rendered":"<p>Dettagli sui Giudici European Carton Excellence Award 2024 che scelgono il Cartone dell'Anno e le candidature in lista per la votazione pubblica<\/p>","protected":false},"author":5916,"featured_media":299838,"parent":300256,"menu_order":8,"comment_status":"closed","ping_status":"closed","template":"templates\/award_details_page.php","meta":{"inline_featured_image":false,"footnotes":""},"class_list":["post-307370","page","type-page","status-publish","has-post-thumbnail","hentry"],"yoast_head":"<!-- This site is optimized with the Yoast SEO plugin v27.3 - https:\/\/yoast.com\/product\/yoast-seo-wordpress\/ -->\n<title>Article of Main Sponsor 2025 - Pro Carton<\/title>\n<meta name=\"description\" content=\"Details of the European Carton Excellence Award 2024 Judges who choose the Carton of the Year and Shortlist Entries for the Public Vote\" \/>\n<meta name=\"robots\" content=\"index, follow, max-snippet:-1, max-image-preview:large, max-video-preview:-1\" \/>\n<link rel=\"canonical\" href=\"https:\/\/www.procarton.com\/it\/awards\/european-carton-excellence-award\/2025-2\/main-sponsor-2025\/\" \/>\n<meta property=\"og:locale\" content=\"it_IT\" \/>\n<meta property=\"og:type\" content=\"article\" \/>\n<meta property=\"og:title\" content=\"Article of Main Sponsor 2025 - Pro Carton\" \/>\n<meta property=\"og:description\" content=\"Details of the European Carton Excellence Award 2024 Judges who choose the Carton of the Year and Shortlist Entries for the Public Vote\" \/>\n<meta property=\"og:url\" content=\"https:\/\/www.procarton.com\/it\/awards\/european-carton-excellence-award\/2025-2\/main-sponsor-2025\/\" \/>\n<meta property=\"og:site_name\" content=\"Pro Carton\" \/>\n<meta property=\"article:publisher\" content=\"https:\/\/www.facebook.com\/procartondesignaward\/\" \/>\n<meta property=\"article:modified_time\" content=\"2025-11-26T15:49:38+00:00\" \/>\n<meta property=\"og:image\" content=\"https:\/\/www.procarton.com\/wp-content\/uploads\/2024\/10\/ecma_gala_19-09-2024_rk_74-1030x685.jpg\" \/>\n\t<meta property=\"og:image:width\" content=\"1030\" \/>\n\t<meta property=\"og:image:height\" content=\"685\" \/>\n\t<meta property=\"og:image:type\" content=\"image\/jpeg\" \/>\n<meta name=\"twitter:card\" content=\"summary_large_image\" \/>\n<meta name=\"twitter:site\" content=\"@pro_carton\" \/>\n<meta name=\"twitter:label1\" content=\"Tempo di lettura stimato\" \/>\n\t<meta name=\"twitter:data1\" content=\"5 minuti\" \/>\n<script type=\"application\/ld+json\" class=\"yoast-schema-graph\">{\"@context\":\"https:\\\/\\\/schema.org\",\"@graph\":[{\"@type\":\"WebPage\",\"@id\":\"https:\\\/\\\/www.procarton.com\\\/awards\\\/european-carton-excellence-award\\\/2025-2\\\/main-sponsor-2025\\\/\",\"url\":\"https:\\\/\\\/www.procarton.com\\\/awards\\\/european-carton-excellence-award\\\/2025-2\\\/main-sponsor-2025\\\/\",\"name\":\"Article of Main Sponsor 2025 - Pro Carton\",\"isPartOf\":{\"@id\":\"https:\\\/\\\/www.procarton.com\\\/es\\\/#website\"},\"primaryImageOfPage\":{\"@id\":\"https:\\\/\\\/www.procarton.com\\\/awards\\\/european-carton-excellence-award\\\/2025-2\\\/main-sponsor-2025\\\/#primaryimage\"},\"image\":{\"@id\":\"https:\\\/\\\/www.procarton.com\\\/awards\\\/european-carton-excellence-award\\\/2025-2\\\/main-sponsor-2025\\\/#primaryimage\"},\"thumbnailUrl\":\"https:\\\/\\\/www.procarton.com\\\/wp-content\\\/uploads\\\/2024\\\/10\\\/ecma_gala_19-09-2024_rk_74.jpg\",\"datePublished\":\"2025-11-26T11:52:25+00:00\",\"dateModified\":\"2025-11-26T15:49:38+00:00\",\"description\":\"Details of the European Carton Excellence Award 2024 Judges who choose the Carton of the Year and Shortlist Entries for the Public Vote\",\"breadcrumb\":{\"@id\":\"https:\\\/\\\/www.procarton.com\\\/awards\\\/european-carton-excellence-award\\\/2025-2\\\/main-sponsor-2025\\\/#breadcrumb\"},\"inLanguage\":\"it-IT\",\"potentialAction\":[{\"@type\":\"ReadAction\",\"target\":[\"https:\\\/\\\/www.procarton.com\\\/awards\\\/european-carton-excellence-award\\\/2025-2\\\/main-sponsor-2025\\\/\"]}]},{\"@type\":\"ImageObject\",\"inLanguage\":\"it-IT\",\"@id\":\"https:\\\/\\\/www.procarton.com\\\/awards\\\/european-carton-excellence-award\\\/2025-2\\\/main-sponsor-2025\\\/#primaryimage\",\"url\":\"https:\\\/\\\/www.procarton.com\\\/wp-content\\\/uploads\\\/2024\\\/10\\\/ecma_gala_19-09-2024_rk_74.jpg\",\"contentUrl\":\"https:\\\/\\\/www.procarton.com\\\/wp-content\\\/uploads\\\/2024\\\/10\\\/ecma_gala_19-09-2024_rk_74.jpg\",\"width\":2048,\"height\":1363,\"caption\":\"WWW.RADOSLAWKAZMIERCZAK.COM\"},{\"@type\":\"BreadcrumbList\",\"@id\":\"https:\\\/\\\/www.procarton.com\\\/awards\\\/european-carton-excellence-award\\\/2025-2\\\/main-sponsor-2025\\\/#breadcrumb\",\"itemListElement\":[{\"@type\":\"ListItem\",\"position\":1,\"name\":\"Home\",\"item\":\"https:\\\/\\\/www.procarton.com\\\/\"},{\"@type\":\"ListItem\",\"position\":2,\"name\":\"Awards\",\"item\":\"https:\\\/\\\/www.procarton.com\\\/awards\\\/\"},{\"@type\":\"ListItem\",\"position\":3,\"name\":\"European Carton Excellence Award\",\"item\":\"https:\\\/\\\/www.procarton.com\\\/awards\\\/european-carton-excellence-award\\\/\"},{\"@type\":\"ListItem\",\"position\":4,\"name\":\"2025\",\"item\":\"https:\\\/\\\/www.procarton.com\\\/awards\\\/european-carton-excellence-award\\\/2025-2\\\/\"},{\"@type\":\"ListItem\",\"position\":5,\"name\":\"Article of Main Sponsor 2025\"}]},{\"@type\":\"WebSite\",\"@id\":\"https:\\\/\\\/www.procarton.com\\\/es\\\/#website\",\"url\":\"https:\\\/\\\/www.procarton.com\\\/es\\\/\",\"name\":\"Pro Carton\",\"description\":\"\",\"publisher\":{\"@id\":\"https:\\\/\\\/www.procarton.com\\\/es\\\/#organization\"},\"potentialAction\":[{\"@type\":\"SearchAction\",\"target\":{\"@type\":\"EntryPoint\",\"urlTemplate\":\"https:\\\/\\\/www.procarton.com\\\/es\\\/?s={search_term_string}\"},\"query-input\":{\"@type\":\"PropertyValueSpecification\",\"valueRequired\":true,\"valueName\":\"search_term_string\"}}],\"inLanguage\":\"it-IT\"},{\"@type\":\"Organization\",\"@id\":\"https:\\\/\\\/www.procarton.com\\\/es\\\/#organization\",\"name\":\"ProCarton\",\"url\":\"https:\\\/\\\/www.procarton.com\\\/es\\\/\",\"logo\":{\"@type\":\"ImageObject\",\"inLanguage\":\"it-IT\",\"@id\":\"https:\\\/\\\/www.procarton.com\\\/es\\\/#\\\/schema\\\/logo\\\/image\\\/\",\"url\":\"https:\\\/\\\/www.procarton.com\\\/wp-content\\\/uploads\\\/2022\\\/06\\\/logo-mit-slogan.jpg\",\"contentUrl\":\"https:\\\/\\\/www.procarton.com\\\/wp-content\\\/uploads\\\/2022\\\/06\\\/logo-mit-slogan.jpg\",\"width\":422,\"height\":519,\"caption\":\"ProCarton\"},\"image\":{\"@id\":\"https:\\\/\\\/www.procarton.com\\\/es\\\/#\\\/schema\\\/logo\\\/image\\\/\"},\"sameAs\":[\"https:\\\/\\\/www.facebook.com\\\/procartondesignaward\\\/\",\"https:\\\/\\\/x.com\\\/pro_carton\"]}]}<\/script>\n<!-- \/ Yoast SEO plugin. -->","yoast_head_json":{"title":"Articolo del Main Sponsor 2025 - Pro Carton","description":"Dettagli sui Giudici European Carton Excellence Award 2024 che scelgono il Cartone dell'Anno e le candidature in lista per la votazione pubblica","robots":{"index":"index","follow":"follow","max-snippet":"max-snippet:-1","max-image-preview":"max-image-preview:large","max-video-preview":"max-video-preview:-1"},"canonical":"https:\/\/www.procarton.com\/it\/awards\/european-carton-excellence-award\/2025-2\/main-sponsor-2025\/","og_locale":"it_IT","og_type":"article","og_title":"Article of Main Sponsor 2025 - Pro Carton","og_description":"Details of the European Carton Excellence Award 2024 Judges who choose the Carton of the Year and Shortlist Entries for the Public Vote","og_url":"https:\/\/www.procarton.com\/it\/awards\/european-carton-excellence-award\/2025-2\/main-sponsor-2025\/","og_site_name":"Pro Carton","article_publisher":"https:\/\/www.facebook.com\/procartondesignaward\/","article_modified_time":"2025-11-26T15:49:38+00:00","og_image":[{"width":1030,"height":685,"url":"https:\/\/www.procarton.com\/wp-content\/uploads\/2024\/10\/ecma_gala_19-09-2024_rk_74-1030x685.jpg","type":"image\/jpeg"}],"twitter_card":"summary_large_image","twitter_site":"@pro_carton","twitter_misc":{"Tempo di lettura stimato":"5 minuti"},"schema":{"@context":"https:\/\/schema.org","@graph":[{"@type":"WebPage","@id":"https:\/\/www.procarton.com\/awards\/european-carton-excellence-award\/2025-2\/main-sponsor-2025\/","url":"https:\/\/www.procarton.com\/awards\/european-carton-excellence-award\/2025-2\/main-sponsor-2025\/","name":"Articolo del Main Sponsor 2025 - Pro Carton","isPartOf":{"@id":"https:\/\/www.procarton.com\/es\/#website"},"primaryImageOfPage":{"@id":"https:\/\/www.procarton.com\/awards\/european-carton-excellence-award\/2025-2\/main-sponsor-2025\/#primaryimage"},"image":{"@id":"https:\/\/www.procarton.com\/awards\/european-carton-excellence-award\/2025-2\/main-sponsor-2025\/#primaryimage"},"thumbnailUrl":"https:\/\/www.procarton.com\/wp-content\/uploads\/2024\/10\/ecma_gala_19-09-2024_rk_74.jpg","datePublished":"2025-11-26T11:52:25+00:00","dateModified":"2025-11-26T15:49:38+00:00","description":"Dettagli sui Giudici European Carton Excellence Award 2024 che scelgono il Cartone dell'Anno e le candidature in lista per la votazione pubblica","breadcrumb":{"@id":"https:\/\/www.procarton.com\/awards\/european-carton-excellence-award\/2025-2\/main-sponsor-2025\/#breadcrumb"},"inLanguage":"it-IT","potentialAction":[{"@type":"ReadAction","target":["https:\/\/www.procarton.com\/awards\/european-carton-excellence-award\/2025-2\/main-sponsor-2025\/"]}]},{"@type":"ImageObject","inLanguage":"it-IT","@id":"https:\/\/www.procarton.com\/awards\/european-carton-excellence-award\/2025-2\/main-sponsor-2025\/#primaryimage","url":"https:\/\/www.procarton.com\/wp-content\/uploads\/2024\/10\/ecma_gala_19-09-2024_rk_74.jpg","contentUrl":"https:\/\/www.procarton.com\/wp-content\/uploads\/2024\/10\/ecma_gala_19-09-2024_rk_74.jpg","width":2048,"height":1363,"caption":"WWW.RADOSLAWKAZMIERCZAK.COM"},{"@type":"BreadcrumbList","@id":"https:\/\/www.procarton.com\/awards\/european-carton-excellence-award\/2025-2\/main-sponsor-2025\/#breadcrumb","itemListElement":[{"@type":"ListItem","position":1,"name":"Home","item":"https:\/\/www.procarton.com\/"},{"@type":"ListItem","position":2,"name":"Awards","item":"https:\/\/www.procarton.com\/awards\/"},{"@type":"ListItem","position":3,"name":"European Carton Excellence Award","item":"https:\/\/www.procarton.com\/awards\/european-carton-excellence-award\/"},{"@type":"ListItem","position":4,"name":"2025","item":"https:\/\/www.procarton.com\/awards\/european-carton-excellence-award\/2025-2\/"},{"@type":"ListItem","position":5,"name":"Article of Main Sponsor 2025"}]},{"@type":"WebSite","@id":"https:\/\/www.procarton.com\/es\/#website","url":"https:\/\/www.procarton.com\/es\/","name":"Pro Carton","description":"","publisher":{"@id":"https:\/\/www.procarton.com\/es\/#organization"},"potentialAction":[{"@type":"SearchAction","target":{"@type":"EntryPoint","urlTemplate":"https:\/\/www.procarton.com\/es\/?s={search_term_string}"},"query-input":{"@type":"PropertyValueSpecification","valueRequired":true,"valueName":"search_term_string"}}],"inLanguage":"it-IT"},{"@type":"Organization","@id":"https:\/\/www.procarton.com\/es\/#organization","name":"ProCarton","url":"https:\/\/www.procarton.com\/es\/","logo":{"@type":"ImageObject","inLanguage":"it-IT","@id":"https:\/\/www.procarton.com\/es\/#\/schema\/logo\/image\/","url":"https:\/\/www.procarton.com\/wp-content\/uploads\/2022\/06\/logo-mit-slogan.jpg","contentUrl":"https:\/\/www.procarton.com\/wp-content\/uploads\/2022\/06\/logo-mit-slogan.jpg","width":422,"height":519,"caption":"ProCarton"},"image":{"@id":"https:\/\/www.procarton.com\/es\/#\/schema\/logo\/image\/"},"sameAs":["https:\/\/www.facebook.com\/procartondesignaward\/","https:\/\/x.com\/pro_carton"]}]}},"_links":{"self":[{"href":"https:\/\/www.procarton.com\/it\/wp-json\/wp\/v2\/pages\/307370","targetHints":{"allow":["GET"]}}],"collection":[{"href":"https:\/\/www.procarton.com\/it\/wp-json\/wp\/v2\/pages"}],"about":[{"href":"https:\/\/www.procarton.com\/it\/wp-json\/wp\/v2\/types\/page"}],"author":[{"embeddable":true,"href":"https:\/\/www.procarton.com\/it\/wp-json\/wp\/v2\/users\/5916"}],"replies":[{"embeddable":true,"href":"https:\/\/www.procarton.com\/it\/wp-json\/wp\/v2\/comments?post=307370"}],"version-history":[{"count":4,"href":"https:\/\/www.procarton.com\/it\/wp-json\/wp\/v2\/pages\/307370\/revisions"}],"predecessor-version":[{"id":307377,"href":"https:\/\/www.procarton.com\/it\/wp-json\/wp\/v2\/pages\/307370\/revisions\/307377"}],"up":[{"embeddable":true,"href":"https:\/\/www.procarton.com\/it\/wp-json\/wp\/v2\/pages\/300256"}],"wp:featuredmedia":[{"embeddable":true,"href":"https:\/\/www.procarton.com\/it\/wp-json\/wp\/v2\/media\/299838"}],"wp:attachment":[{"href":"https:\/\/www.procarton.com\/it\/wp-json\/wp\/v2\/media?parent=307370"}],"curies":[{"name":"wp","href":"https:\/\/api.w.org\/{rel}","templated":true}]}}