{"id":304987,"date":"2025-07-08T11:50:49","date_gmt":"2025-07-08T10:50:49","guid":{"rendered":"https:\/\/www.procarton.com\/?page_id=304987"},"modified":"2025-07-08T11:51:17","modified_gmt":"2025-07-08T10:51:17","slug":"european-carton-excellence-award-main-sponsor","status":"publish","type":"page","link":"https:\/\/www.procarton.com\/it\/awards\/european-carton-excellence-award\/2025-2\/european-carton-excellence-award-main-sponsor\/","title":{"rendered":"Sponsor principale 2025"},"content":{"rendered":"<div  style='height:50px' class='hr hr-invisible   avia-builder-el-0  el_before_av_three_fourth  avia-builder-el-first'><span class='hr-inner' ><span class='hr-inner-style'><\/span><\/span><\/div>\n<div class=\"av-animated-generic top-to-bottom flex_column av_three_fourth  flex_column_div av-zero-column-padding first  avia-builder-el-1  el_after_av_hr  el_before_av_three_fourth\" style='border-radius:0px; '>\n<section class=\"av_textblock_section\"  itemscope=\"itemscope\" itemtype=\"https:\/\/schema.org\/CreativeWork\" >\n<div class='avia_textblock'   itemprop=\"text\" >\n<h3>ECMA e Pro Carton sono lieti di presentare lo sponsor principale del 2025 European Carton Excellence Award<\/h3>\n<\/div>\n<\/section>\n<\/div>\n<div class=\"av-animated-generic top-to-bottom flex_column av_three_fourth  flex_column_div av-zero-column-padding first  avia-builder-el-3  el_after_av_three_fourth  el_before_av_one_fourth  column-top-margin\" style='border-radius:0px; '>\n<section class=\"av_textblock_section\"  itemscope=\"itemscope\" itemtype=\"https:\/\/schema.org\/CreativeWork\" >\n<div class='avia_textblock'   itemprop=\"text\" >\n<p>Heidelberger Druckmaschinen AG (HEIDELBERG) \u00e8 un'azienda tecnologica leader che da 175 anni \u00e8 sinonimo di innovazione, qualit\u00e0 e affidabilit\u00e0 nell'ingegneria meccanica a livello mondiale. Con una chiara attenzione alla crescita e come fornitore di soluzioni complete, HEIDELBERG sta guidando un ulteriore sviluppo nelle aree principali del packaging e della stampa digitale, delle soluzioni software e del ciclo di vita del business con assistenza e materiali di consumo, in modo che i clienti possano raggiungere la massima produttivit\u00e0 ed efficienza.<\/p>\n<p style=\"text-align: left;\">L'azienda si sta inoltre concentrando sull'espansione in nuove aree di business, come l'impiantistica di alta precisione con sistemi di controllo integrati, la tecnologia di automazione, la robotica e il crescente settore delle tecnologie verdi. Grazie alla sua forte presenza internazionale in circa 170 Paesi, alla forza creativa e all'esperienza dei suoi circa 9.500 dipendenti, ai suoi impianti di produzione in Europa, Cina e Stati Uniti e a una delle pi\u00f9 grandi reti globali di vendita e assistenza, l'azienda \u00e8 posizionata in modo ideale per la crescita futura.<\/p>\n<p style=\"text-align: left;\">Per ulteriori informazioni, visitare il sito: <a href=\"http:\/\/www.heidelberg.com\">www.heidelberg.com<\/a><\/p>\n<\/div>\n<\/section>\n<div   class='hr hr-default   avia-builder-el-5  el_after_av_textblock  avia-builder-el-last'><span class='hr-inner' ><span class='hr-inner-style'><\/span><\/span><\/div>\n<\/div>\n<div class=\"av-animated-generic top-to-bottom flex_column av_one_fourth  flex_column_div av-zero-column-padding   avia-builder-el-6  el_after_av_three_fourth  el_before_av_video  column-top-margin\" style='border-radius:0px; '>\n<div  class='avia-image-container  av-styling-    avia-builder-el-7  avia-builder-el-no-sibling  avia-align-center'  itemprop=\"image\" itemscope=\"itemscope\" itemtype=\"https:\/\/schema.org\/ImageObject\"  >\n<div class='avia-image-container-inner'>\n<div class='avia-image-overlay-wrap'><img decoding=\"async\" width=\"230\" height=\"130\" class='wp-image-271395 avia-img-lazy-loading-not-271395 avia_image' src=\"https:\/\/www.procarton.com\/wp-content\/uploads\/2021\/12\/heidelberg.jpg\" alt='' title='heidelberg'  itemprop=\"thumbnailUrl\" srcset=\"https:\/\/www.procarton.com\/wp-content\/uploads\/2021\/12\/heidelberg.jpg 230w, https:\/\/www.procarton.com\/wp-content\/uploads\/2021\/12\/heidelberg-18x10.jpg 18w\" sizes=\"(max-width: 230px) 100vw, 230px\" \/><\/div>\n<\/div>\n<\/div>\n<\/div>\n<div  class='avia-video avia-video-16-9   av-lazyload-immediate  av-lazyload-video-embed'   itemprop=\"video\" itemtype=\"https:\/\/schema.org\/VideoObject\"  data-original_url='https:\/\/www.youtube.com\/watch?v=DZUIlsJrCF4&amp;t=5s' ><script type='text\/html' class='av-video-tmpl'><\/p>\n<div class='avia-iframe-wrap'><iframe loading=\"lazy\" title=\"Celebrating 175 years of Heidelberger Druckmaschinen\" width=\"1500\" height=\"844\" src=\"https:\/\/www.youtube.com\/embed\/DZUIlsJrCF4?start=5&feature=oembed&autoplay=0&loop=0&controls=1&mute=0\" frameborder=\"0\" allow=\"accelerometer; autoplay; clipboard-write; encrypted-media; gyroscope; picture-in-picture; web-share\" referrerpolicy=\"strict-origin-when-cross-origin\" allowfullscreen><\/iframe><\/div>\n<p><\/script><\/p>\n<div class='av-click-to-play-overlay'>\n<div class=\"avia_playpause_icon\"><\/div>\n<\/div>\n<\/div>\n<div  style='height:50px' class='hr hr-invisible   avia-builder-el-9  el_after_av_video  avia-builder-el-last'><span class='hr-inner' ><span class='hr-inner-style'><\/span><\/span><\/div>","protected":false},"excerpt":{"rendered":"<p>Dettagli sui Giudici European Carton Excellence Award 2024 che scelgono il Cartone dell'Anno e le candidature in lista per la votazione pubblica<\/p>","protected":false},"author":5773,"featured_media":299838,"parent":300256,"menu_order":7,"comment_status":"closed","ping_status":"closed","template":"templates\/award_details_page.php","meta":{"inline_featured_image":false,"footnotes":""},"class_list":["post-304987","page","type-page","status-publish","has-post-thumbnail","hentry"],"yoast_head":"<!-- This site is optimized with the Yoast SEO plugin v27.3 - https:\/\/yoast.com\/product\/yoast-seo-wordpress\/ -->\n<title>Main Sponsor 2025 - Pro Carton<\/title>\n<meta name=\"description\" content=\"Details of the European Carton Excellence Award 2024 Judges who choose the Carton of the Year and Shortlist Entries for the Public Vote\" \/>\n<meta name=\"robots\" content=\"index, follow, max-snippet:-1, max-image-preview:large, max-video-preview:-1\" \/>\n<link rel=\"canonical\" href=\"https:\/\/www.procarton.com\/it\/awards\/european-carton-excellence-award\/2025-2\/european-carton-excellence-award-main-sponsor\/\" \/>\n<meta property=\"og:locale\" content=\"it_IT\" \/>\n<meta property=\"og:type\" content=\"article\" \/>\n<meta property=\"og:title\" content=\"Main Sponsor 2025 - Pro Carton\" \/>\n<meta property=\"og:description\" content=\"Details of the European Carton Excellence Award 2024 Judges who choose the Carton of the Year and Shortlist Entries for the Public Vote\" \/>\n<meta property=\"og:url\" content=\"https:\/\/www.procarton.com\/it\/awards\/european-carton-excellence-award\/2025-2\/european-carton-excellence-award-main-sponsor\/\" \/>\n<meta property=\"og:site_name\" content=\"Pro Carton\" \/>\n<meta property=\"article:publisher\" content=\"https:\/\/www.facebook.com\/procartondesignaward\/\" \/>\n<meta property=\"article:modified_time\" content=\"2025-07-08T10:51:17+00:00\" \/>\n<meta property=\"og:image\" content=\"https:\/\/www.procarton.com\/wp-content\/uploads\/2024\/10\/ecma_gala_19-09-2024_rk_74-1030x685.jpg\" \/>\n\t<meta property=\"og:image:width\" content=\"1030\" \/>\n\t<meta property=\"og:image:height\" content=\"685\" \/>\n\t<meta property=\"og:image:type\" content=\"image\/jpeg\" \/>\n<meta name=\"twitter:card\" content=\"summary_large_image\" \/>\n<meta name=\"twitter:site\" content=\"@pro_carton\" \/>\n<meta name=\"twitter:label1\" content=\"Tempo di lettura stimato\" \/>\n\t<meta name=\"twitter:data1\" content=\"3 minuti\" \/>\n<script type=\"application\/ld+json\" class=\"yoast-schema-graph\">{\"@context\":\"https:\\\/\\\/schema.org\",\"@graph\":[{\"@type\":\"WebPage\",\"@id\":\"https:\\\/\\\/www.procarton.com\\\/awards\\\/european-carton-excellence-award\\\/2025-2\\\/european-carton-excellence-award-main-sponsor\\\/\",\"url\":\"https:\\\/\\\/www.procarton.com\\\/awards\\\/european-carton-excellence-award\\\/2025-2\\\/european-carton-excellence-award-main-sponsor\\\/\",\"name\":\"Main Sponsor 2025 - Pro Carton\",\"isPartOf\":{\"@id\":\"https:\\\/\\\/www.procarton.com\\\/es\\\/#website\"},\"primaryImageOfPage\":{\"@id\":\"https:\\\/\\\/www.procarton.com\\\/awards\\\/european-carton-excellence-award\\\/2025-2\\\/european-carton-excellence-award-main-sponsor\\\/#primaryimage\"},\"image\":{\"@id\":\"https:\\\/\\\/www.procarton.com\\\/awards\\\/european-carton-excellence-award\\\/2025-2\\\/european-carton-excellence-award-main-sponsor\\\/#primaryimage\"},\"thumbnailUrl\":\"https:\\\/\\\/www.procarton.com\\\/wp-content\\\/uploads\\\/2024\\\/10\\\/ecma_gala_19-09-2024_rk_74.jpg\",\"datePublished\":\"2025-07-08T10:50:49+00:00\",\"dateModified\":\"2025-07-08T10:51:17+00:00\",\"description\":\"Details of the European Carton Excellence Award 2024 Judges who choose the Carton of the Year and Shortlist Entries for the Public Vote\",\"breadcrumb\":{\"@id\":\"https:\\\/\\\/www.procarton.com\\\/awards\\\/european-carton-excellence-award\\\/2025-2\\\/european-carton-excellence-award-main-sponsor\\\/#breadcrumb\"},\"inLanguage\":\"it-IT\",\"potentialAction\":[{\"@type\":\"ReadAction\",\"target\":[\"https:\\\/\\\/www.procarton.com\\\/awards\\\/european-carton-excellence-award\\\/2025-2\\\/european-carton-excellence-award-main-sponsor\\\/\"]}]},{\"@type\":\"ImageObject\",\"inLanguage\":\"it-IT\",\"@id\":\"https:\\\/\\\/www.procarton.com\\\/awards\\\/european-carton-excellence-award\\\/2025-2\\\/european-carton-excellence-award-main-sponsor\\\/#primaryimage\",\"url\":\"https:\\\/\\\/www.procarton.com\\\/wp-content\\\/uploads\\\/2024\\\/10\\\/ecma_gala_19-09-2024_rk_74.jpg\",\"contentUrl\":\"https:\\\/\\\/www.procarton.com\\\/wp-content\\\/uploads\\\/2024\\\/10\\\/ecma_gala_19-09-2024_rk_74.jpg\",\"width\":2048,\"height\":1363,\"caption\":\"WWW.RADOSLAWKAZMIERCZAK.COM\"},{\"@type\":\"BreadcrumbList\",\"@id\":\"https:\\\/\\\/www.procarton.com\\\/awards\\\/european-carton-excellence-award\\\/2025-2\\\/european-carton-excellence-award-main-sponsor\\\/#breadcrumb\",\"itemListElement\":[{\"@type\":\"ListItem\",\"position\":1,\"name\":\"Home\",\"item\":\"https:\\\/\\\/www.procarton.com\\\/\"},{\"@type\":\"ListItem\",\"position\":2,\"name\":\"Awards\",\"item\":\"https:\\\/\\\/www.procarton.com\\\/awards\\\/\"},{\"@type\":\"ListItem\",\"position\":3,\"name\":\"European Carton Excellence Award\",\"item\":\"https:\\\/\\\/www.procarton.com\\\/awards\\\/european-carton-excellence-award\\\/\"},{\"@type\":\"ListItem\",\"position\":4,\"name\":\"2025\",\"item\":\"https:\\\/\\\/www.procarton.com\\\/awards\\\/european-carton-excellence-award\\\/2025-2\\\/\"},{\"@type\":\"ListItem\",\"position\":5,\"name\":\"Main Sponsor 2025\"}]},{\"@type\":\"WebSite\",\"@id\":\"https:\\\/\\\/www.procarton.com\\\/es\\\/#website\",\"url\":\"https:\\\/\\\/www.procarton.com\\\/es\\\/\",\"name\":\"Pro Carton\",\"description\":\"\",\"publisher\":{\"@id\":\"https:\\\/\\\/www.procarton.com\\\/es\\\/#organization\"},\"potentialAction\":[{\"@type\":\"SearchAction\",\"target\":{\"@type\":\"EntryPoint\",\"urlTemplate\":\"https:\\\/\\\/www.procarton.com\\\/es\\\/?s={search_term_string}\"},\"query-input\":{\"@type\":\"PropertyValueSpecification\",\"valueRequired\":true,\"valueName\":\"search_term_string\"}}],\"inLanguage\":\"it-IT\"},{\"@type\":\"Organization\",\"@id\":\"https:\\\/\\\/www.procarton.com\\\/es\\\/#organization\",\"name\":\"ProCarton\",\"url\":\"https:\\\/\\\/www.procarton.com\\\/es\\\/\",\"logo\":{\"@type\":\"ImageObject\",\"inLanguage\":\"it-IT\",\"@id\":\"https:\\\/\\\/www.procarton.com\\\/es\\\/#\\\/schema\\\/logo\\\/image\\\/\",\"url\":\"https:\\\/\\\/www.procarton.com\\\/wp-content\\\/uploads\\\/2022\\\/06\\\/logo-mit-slogan.jpg\",\"contentUrl\":\"https:\\\/\\\/www.procarton.com\\\/wp-content\\\/uploads\\\/2022\\\/06\\\/logo-mit-slogan.jpg\",\"width\":422,\"height\":519,\"caption\":\"ProCarton\"},\"image\":{\"@id\":\"https:\\\/\\\/www.procarton.com\\\/es\\\/#\\\/schema\\\/logo\\\/image\\\/\"},\"sameAs\":[\"https:\\\/\\\/www.facebook.com\\\/procartondesignaward\\\/\",\"https:\\\/\\\/x.com\\\/pro_carton\"]}]}<\/script>\n<!-- \/ Yoast SEO plugin. -->","yoast_head_json":{"title":"Sponsor principale 2025 - Pro Carton","description":"Dettagli sui Giudici European Carton Excellence Award 2024 che scelgono il Cartone dell'Anno e le candidature in lista per la votazione pubblica","robots":{"index":"index","follow":"follow","max-snippet":"max-snippet:-1","max-image-preview":"max-image-preview:large","max-video-preview":"max-video-preview:-1"},"canonical":"https:\/\/www.procarton.com\/it\/awards\/european-carton-excellence-award\/2025-2\/european-carton-excellence-award-main-sponsor\/","og_locale":"it_IT","og_type":"article","og_title":"Main Sponsor 2025 - Pro Carton","og_description":"Details of the European Carton Excellence Award 2024 Judges who choose the Carton of the Year and Shortlist Entries for the Public Vote","og_url":"https:\/\/www.procarton.com\/it\/awards\/european-carton-excellence-award\/2025-2\/european-carton-excellence-award-main-sponsor\/","og_site_name":"Pro Carton","article_publisher":"https:\/\/www.facebook.com\/procartondesignaward\/","article_modified_time":"2025-07-08T10:51:17+00:00","og_image":[{"width":1030,"height":685,"url":"https:\/\/www.procarton.com\/wp-content\/uploads\/2024\/10\/ecma_gala_19-09-2024_rk_74-1030x685.jpg","type":"image\/jpeg"}],"twitter_card":"summary_large_image","twitter_site":"@pro_carton","twitter_misc":{"Tempo di lettura stimato":"3 minuti"},"schema":{"@context":"https:\/\/schema.org","@graph":[{"@type":"WebPage","@id":"https:\/\/www.procarton.com\/awards\/european-carton-excellence-award\/2025-2\/european-carton-excellence-award-main-sponsor\/","url":"https:\/\/www.procarton.com\/awards\/european-carton-excellence-award\/2025-2\/european-carton-excellence-award-main-sponsor\/","name":"Sponsor principale 2025 - Pro Carton","isPartOf":{"@id":"https:\/\/www.procarton.com\/es\/#website"},"primaryImageOfPage":{"@id":"https:\/\/www.procarton.com\/awards\/european-carton-excellence-award\/2025-2\/european-carton-excellence-award-main-sponsor\/#primaryimage"},"image":{"@id":"https:\/\/www.procarton.com\/awards\/european-carton-excellence-award\/2025-2\/european-carton-excellence-award-main-sponsor\/#primaryimage"},"thumbnailUrl":"https:\/\/www.procarton.com\/wp-content\/uploads\/2024\/10\/ecma_gala_19-09-2024_rk_74.jpg","datePublished":"2025-07-08T10:50:49+00:00","dateModified":"2025-07-08T10:51:17+00:00","description":"Dettagli sui Giudici European Carton Excellence Award 2024 che scelgono il Cartone dell'Anno e le candidature in lista per la votazione pubblica","breadcrumb":{"@id":"https:\/\/www.procarton.com\/awards\/european-carton-excellence-award\/2025-2\/european-carton-excellence-award-main-sponsor\/#breadcrumb"},"inLanguage":"it-IT","potentialAction":[{"@type":"ReadAction","target":["https:\/\/www.procarton.com\/awards\/european-carton-excellence-award\/2025-2\/european-carton-excellence-award-main-sponsor\/"]}]},{"@type":"ImageObject","inLanguage":"it-IT","@id":"https:\/\/www.procarton.com\/awards\/european-carton-excellence-award\/2025-2\/european-carton-excellence-award-main-sponsor\/#primaryimage","url":"https:\/\/www.procarton.com\/wp-content\/uploads\/2024\/10\/ecma_gala_19-09-2024_rk_74.jpg","contentUrl":"https:\/\/www.procarton.com\/wp-content\/uploads\/2024\/10\/ecma_gala_19-09-2024_rk_74.jpg","width":2048,"height":1363,"caption":"WWW.RADOSLAWKAZMIERCZAK.COM"},{"@type":"BreadcrumbList","@id":"https:\/\/www.procarton.com\/awards\/european-carton-excellence-award\/2025-2\/european-carton-excellence-award-main-sponsor\/#breadcrumb","itemListElement":[{"@type":"ListItem","position":1,"name":"Home","item":"https:\/\/www.procarton.com\/"},{"@type":"ListItem","position":2,"name":"Awards","item":"https:\/\/www.procarton.com\/awards\/"},{"@type":"ListItem","position":3,"name":"European Carton Excellence Award","item":"https:\/\/www.procarton.com\/awards\/european-carton-excellence-award\/"},{"@type":"ListItem","position":4,"name":"2025","item":"https:\/\/www.procarton.com\/awards\/european-carton-excellence-award\/2025-2\/"},{"@type":"ListItem","position":5,"name":"Main Sponsor 2025"}]},{"@type":"WebSite","@id":"https:\/\/www.procarton.com\/es\/#website","url":"https:\/\/www.procarton.com\/es\/","name":"Pro Carton","description":"","publisher":{"@id":"https:\/\/www.procarton.com\/es\/#organization"},"potentialAction":[{"@type":"SearchAction","target":{"@type":"EntryPoint","urlTemplate":"https:\/\/www.procarton.com\/es\/?s={search_term_string}"},"query-input":{"@type":"PropertyValueSpecification","valueRequired":true,"valueName":"search_term_string"}}],"inLanguage":"it-IT"},{"@type":"Organization","@id":"https:\/\/www.procarton.com\/es\/#organization","name":"ProCarton","url":"https:\/\/www.procarton.com\/es\/","logo":{"@type":"ImageObject","inLanguage":"it-IT","@id":"https:\/\/www.procarton.com\/es\/#\/schema\/logo\/image\/","url":"https:\/\/www.procarton.com\/wp-content\/uploads\/2022\/06\/logo-mit-slogan.jpg","contentUrl":"https:\/\/www.procarton.com\/wp-content\/uploads\/2022\/06\/logo-mit-slogan.jpg","width":422,"height":519,"caption":"ProCarton"},"image":{"@id":"https:\/\/www.procarton.com\/es\/#\/schema\/logo\/image\/"},"sameAs":["https:\/\/www.facebook.com\/procartondesignaward\/","https:\/\/x.com\/pro_carton"]}]}},"_links":{"self":[{"href":"https:\/\/www.procarton.com\/it\/wp-json\/wp\/v2\/pages\/304987","targetHints":{"allow":["GET"]}}],"collection":[{"href":"https:\/\/www.procarton.com\/it\/wp-json\/wp\/v2\/pages"}],"about":[{"href":"https:\/\/www.procarton.com\/it\/wp-json\/wp\/v2\/types\/page"}],"author":[{"embeddable":true,"href":"https:\/\/www.procarton.com\/it\/wp-json\/wp\/v2\/users\/5773"}],"replies":[{"embeddable":true,"href":"https:\/\/www.procarton.com\/it\/wp-json\/wp\/v2\/comments?post=304987"}],"version-history":[{"count":10,"href":"https:\/\/www.procarton.com\/it\/wp-json\/wp\/v2\/pages\/304987\/revisions"}],"predecessor-version":[{"id":304996,"href":"https:\/\/www.procarton.com\/it\/wp-json\/wp\/v2\/pages\/304987\/revisions\/304996"}],"up":[{"embeddable":true,"href":"https:\/\/www.procarton.com\/it\/wp-json\/wp\/v2\/pages\/300256"}],"wp:featuredmedia":[{"embeddable":true,"href":"https:\/\/www.procarton.com\/it\/wp-json\/wp\/v2\/media\/299838"}],"wp:attachment":[{"href":"https:\/\/www.procarton.com\/it\/wp-json\/wp\/v2\/media?parent=304987"}],"curies":[{"name":"wp","href":"https:\/\/api.w.org\/{rel}","templated":true}]}}