{"id":286988,"date":"2023-10-13T10:52:04","date_gmt":"2023-10-13T09:52:14","guid":{"rendered":"https:\/\/www.procarton.com\/?page_id=286988"},"modified":"2026-01-30T11:46:53","modified_gmt":"2026-01-30T11:46:53","slug":"cartons-cartonboard","status":"publish","type":"page","link":"https:\/\/www.procarton.com\/it\/awards\/pro-carton-young-designers-award\/2026-3\/cartons-cartonboard\/","title":{"rendered":"Cartons &amp; Cartonboard"},"content":{"rendered":"<div class=\"av-animated-generic top-to-bottom flex_column av_one_full  flex_column_div av-zero-column-padding first  avia-builder-el-0  el_before_av_one_third  avia-builder-el-first\" style='border-radius:0px; '>\n<section class=\"av_textblock_section\"  itemscope=\"itemscope\" itemtype=\"https:\/\/schema.org\/CreativeWork\" >\n<div class='avia_textblock'   itemprop=\"text\" >\n<h3><strong>Cosa sono i cartoni e il cartoncino?<\/strong><\/h3>\n<\/div>\n<\/section>\n<section class=\"av_textblock_section\"  itemscope=\"itemscope\" itemtype=\"https:\/\/schema.org\/CreativeWork\" >\n<div class='avia_textblock'   itemprop=\"text\" >\n<p class=\"p1\">I cartoni pieghevoli sono scatole di dimensioni medio-piccole realizzate in cartoncino. Vengono utilizzate per imballare un'ampia gamma di prodotti, dagli alimenti - come cereali, cibi surgelati e refrigerati, dolciumi, prodotti da forno, t\u00e8, caff\u00e8 e altri alimenti secchi - ai prodotti farmaceutici, ai cosmetici e altro ancora.<\/p>\n<p class=\"p1\">Si producono molti tipi diversi di cartoncino, tutti realizzabili in pesi (grammature) e spessori diversi.  Il tipo di cartone e la composizione delle fibre dipendono dall'uso previsto e dai requisiti specifici.  Il cartone \u00e8 composto da pi\u00f9 strati per sfruttare al meglio i diversi tipi di materie prime e ottimizzare le prestazioni del prodotto.  Vedi <strong><a href=\"https:\/\/www.procarton.com\/why-cartons\/\" target=\"_blank\" rel=\"noopener\">Perch\u00e9 i Cartoni?<\/a><\/strong> per maggiori dettagli sul cartone.<\/p>\n<p class=\"p1\">Il cartone \u00e8 prodotto con trucioli di legno (provenienti da alberi) o con carta e cartone riciclati. La materia prima legno proviene da foreste gestite in modo sostenibile. Non solo si tratta di una risorsa rinnovabile, ma in Europa si coltivano pi\u00f9 alberi di quanti se ne raccolgano.  Le foreste europee vengono coltivate e raccolte in modo attentamente controllato e sostenibile, tanto che in soli 10 anni le foreste europee, da cui proviene la maggior parte della materia prima, sono cresciute di una superficie pari a quella della Svizzera! Gli alberi svolgono un ruolo essenziale nella riduzione del cambiamento climatico, poich\u00e9 assorbono anidride carbonica e rilasciano ossigeno.<\/p>\n<p class=\"p1\">Il cartone \u00e8 rinnovabile, riciclabile e biodegradabile. \u00c8 un materiale d'imballaggio veramente sostenibile e un perfetto esempio di economia circolare.<\/p>\n<p class=\"p1\">\u00c8 inoltre estremamente flessibile e versatile. Pu\u00f2 essere piegato e sgualcito in molte forme diverse e le sue capacit\u00e0 di stampa e di effetti speciali sono pressoch\u00e9 infinite, dalla goffratura e dalla doratura fino agli effetti olografici 3D.<\/p>\n<p class=\"p1\">Please see some examples of the cartons, all of which have recently won at the 2025 Awards Night:<\/p>\n<\/div>\n<\/section>\n<\/div>\n<div class=\"av-animated-generic top-to-bottom flex_column av_one_third  flex_column_div av-zero-column-padding first  avia-builder-el-3  el_after_av_one_full  el_before_av_one_third  column-top-margin\" style='border-radius:0px; '><\/div>\n<div class=\"av-animated-generic top-to-bottom flex_column av_one_third  flex_column_div av-zero-column-padding   avia-builder-el-4  el_after_av_one_third  el_before_av_one_third  column-top-margin\" style='border-radius:0px; '>\n<div  class='avia-image-container  av-styling-    avia-builder-el-5  avia-builder-el-no-sibling  avia-align-center'  itemprop=\"image\" itemscope=\"itemscope\" itemtype=\"https:\/\/schema.org\/ImageObject\"  >\n<div class='avia-image-container-inner'>\n<div class='avia-image-overlay-wrap'><a href=\"https:\/\/www.flipsnack.com\/9C7C7C66AED\/main-brochure-2025-v5\/full-view.html\" class='avia_image' ><img decoding=\"async\" width=\"1240\" height=\"1754\" class='wp-image-306882 avia-img-lazy-loading-not-306882 avia_image' src=\"https:\/\/www.procarton.com\/wp-content\/uploads\/2025\/09\/Main-brochure-2025-front.jpg\" alt='' title='Opuscolo principale 2025-frontale'  itemprop=\"thumbnailUrl\" srcset=\"https:\/\/www.procarton.com\/wp-content\/uploads\/2025\/09\/Main-brochure-2025-front.jpg 1240w, https:\/\/www.procarton.com\/wp-content\/uploads\/2025\/09\/Main-brochure-2025-front-212x300.jpg 212w, https:\/\/www.procarton.com\/wp-content\/uploads\/2025\/09\/Main-brochure-2025-front-728x1030.jpg 728w, https:\/\/www.procarton.com\/wp-content\/uploads\/2025\/09\/Main-brochure-2025-front-768x1086.jpg 768w, https:\/\/www.procarton.com\/wp-content\/uploads\/2025\/09\/Main-brochure-2025-front-1086x1536.jpg 1086w, https:\/\/www.procarton.com\/wp-content\/uploads\/2025\/09\/Main-brochure-2025-front-8x12.jpg 8w, https:\/\/www.procarton.com\/wp-content\/uploads\/2025\/09\/Main-brochure-2025-front-1060x1500.jpg 1060w, https:\/\/www.procarton.com\/wp-content\/uploads\/2025\/09\/Main-brochure-2025-front-498x705.jpg 498w\" sizes=\"(max-width: 1240px) 100vw, 1240px\" \/><\/a><\/div>\n<\/div>\n<\/div>\n<\/div>\n<div class=\"av-animated-generic top-to-bottom flex_column av_one_third  flex_column_div av-zero-column-padding   avia-builder-el-6  el_after_av_one_third  el_before_av_one_full  column-top-margin\" style='border-radius:0px; '><\/div>\n<div class=\"av-animated-generic top-to-bottom flex_column av_one_full  flex_column_div av-zero-column-padding first  avia-builder-el-7  el_after_av_one_third  el_before_av_one_full  column-top-margin\" style='border-radius:0px; '>\n<section class=\"av_textblock_section\"  itemscope=\"itemscope\" itemtype=\"https:\/\/schema.org\/CreativeWork\" >\n<div class='avia_textblock  av_inherit_color'  style='color:#ff2323; '  itemprop=\"text\" >\n<p style=\"text-align: center;\"><strong>Si prega di notare che questo concorso comprende solo cartoni pieghevoli stampati.  Sono esclusi il cartone ondulato e i cartoni per bevande (confezioni Tetra Pak).<\/strong><\/p>\n<\/div>\n<\/section>\n<div  class='avia-image-container  av-styling-    avia-builder-el-9  el_after_av_textblock  avia-builder-el-last  avia-align-center'  itemprop=\"image\" itemscope=\"itemscope\" itemtype=\"https:\/\/schema.org\/ImageObject\"  >\n<div class='avia-image-container-inner'>\n<div class='avia-image-overlay-wrap'><img decoding=\"async\" width=\"781\" height=\"270\" class='wp-image-271502 avia-img-lazy-loading-not-271502 avia_image' src=\"https:\/\/www.procarton.com\/wp-content\/uploads\/2021\/12\/Cartonboard-example_updated.png\" alt='' title='Cartone-esempio_aggiornato'  itemprop=\"thumbnailUrl\" srcset=\"https:\/\/www.procarton.com\/wp-content\/uploads\/2021\/12\/Cartonboard-example_updated.png 781w, https:\/\/www.procarton.com\/wp-content\/uploads\/2021\/12\/Cartonboard-example_updated-300x104.png 300w, https:\/\/www.procarton.com\/wp-content\/uploads\/2021\/12\/Cartonboard-example_updated-768x266.png 768w, https:\/\/www.procarton.com\/wp-content\/uploads\/2021\/12\/Cartonboard-example_updated-18x6.png 18w, https:\/\/www.procarton.com\/wp-content\/uploads\/2021\/12\/Cartonboard-example_updated-705x244.png 705w\" sizes=\"(max-width: 781px) 100vw, 781px\" \/><\/div>\n<\/div>\n<\/div>\n<\/div>\n<div class=\"av-animated-generic top-to-bottom flex_column av_one_full  flex_column_div av-zero-column-padding first  avia-builder-el-10  el_after_av_one_full  avia-builder-el-last  column-top-margin\" style='border-radius:0px; '>\n<section class=\"av_textblock_section\"  itemscope=\"itemscope\" itemtype=\"https:\/\/schema.org\/CreativeWork\" >\n<div class='avia_textblock'   itemprop=\"text\" >\n<p><strong>Cartoni e cartoncino<\/strong><\/p>\n<p class=\"p1\">L'imballaggio \u00e8 pi\u00f9 che mai necessario per proteggere i prodotti e l'ambiente, ma anche per vendere i prodotti confezionati. Un prodotto \u00e8 sempre accompagnato dalla sua confezione, indipendentemente da dove viene venduto - sullo scaffale o online; l'imballaggio \u00e8 l'unico elemento che pu\u00f2 essere utilizzato per la vendita dei prodotti. <span class=\"s1\">\"<\/span>companion\" che pu\u00f2 supportare il prodotto in qualsiasi momento e ovunque.<\/p>\n<p class=\"p1\">Nessuna forma di imballaggio \u00e8 pi\u00f9 comunicativa e informativa del cartone pieghevole. I cartoni pieghevoli hanno un'immagine di alta qualit\u00e0, offrono un forte impatto sullo scaffale e sono molto apprezzati dai consumatori. Le ricerche confermano che i cartoni pieghevoli godono di fiducia e sono preferiti ad altre forme di imballaggio.<\/p>\n<p class=\"p1\">Grazie alla stampa di alta qualit\u00e0 e all'ampia gamma di effetti speciali, i cartoni pieghevoli trasmettono un'immagine di qualit\u00e0 nel punto vendita. Questo \u00e8 fondamentale per il successo di un prodotto. L'aggiunta di una texture o di una sensazione al tatto a un cartone pieghevole pu\u00f2 conferirgli un ulteriore fascino emotivo per il consumatore. Il design pu\u00f2 includere segni di manomissione, resistenza ai bambini o altri vantaggi in termini di sicurezza, grazie a marchi di manomissione, design creativo e tecnologie di stampa\/sistema di inchiostri. Sapevate che l'imballaggio protegge dieci volte pi\u00f9 risorse di quante ne consuma e rappresenta solo 3-5 % dell'impatto ambientale rispetto alla produzione di alimenti?<\/p>\n<p class=\"p1\">I miglioramenti nella tecnologia del cartone hanno portato a una riduzione significativa del peso del cartone necessario per produrre cartoni pieghevoli. Negli ultimi 20 anni, il peso dei cartoni pieghevoli per gli stessi prodotti \u00e8 diminuito di circa 40%. Le materie prime sono facilmente e costantemente disponibili e totalmente sostenibili.<\/p>\n<p class=\"p1\">Additionally, at the end of life, folding cartons are collected and recycled and form an important secondary raw material.\u00a0 Research has shown that we can recycle paper fibres more than 25 times and around 87% of paper and cardboard packaging is recycled across Europe (Eurostat, 2023), much more than other materials. Today about 50% of folding cartons in Europe are made from recycled fibre and 50% from virgin fibre. Both are equally important in achieving a fully functioning circular economy.<\/p>\n<p class=\"p1\">Il cartone \u00e8 ideale per il compostaggio perch\u00e9 la fibra di cellulosa \u00e8 biodegradabile. Ci\u00f2 significa che pu\u00f2 essere scomposta in sostanze naturali dai batteri che utilizzano enzimi microbici, producendo cos\u00ec anidride carbonica, acqua e compost (humus).<\/p>\n<p class=\"p1\">Il cartone \u00e8 naturale, rinnovabile, riciclabile e, se accidentalmente dovesse finire in natura, biodegradabile. \u00c8 un materiale da imballaggio veramente sostenibile: Un imballaggio per un mondo migliore.<\/p>\n<\/div>\n<\/section>\n<\/div>","protected":false},"excerpt":{"rendered":"","protected":false},"author":1286,"featured_media":307652,"parent":307527,"menu_order":0,"comment_status":"closed","ping_status":"closed","template":"templates\/award_details_page.php","meta":{"inline_featured_image":false,"footnotes":""},"class_list":["post-286988","page","type-page","status-publish","has-post-thumbnail","hentry"],"yoast_head":"<!-- This site is optimized with the Yoast SEO plugin v27.4 - https:\/\/yoast.com\/product\/yoast-seo-wordpress\/ -->\n<title>Cartons &amp; Cartonboard - Pro Carton<\/title>\n<meta name=\"description\" content=\"What are Cartons and Cartonboard? Folding cartons are small to medium-sized boxes made of cartonboard. read on ...\" \/>\n<meta name=\"robots\" content=\"index, follow, max-snippet:-1, max-image-preview:large, max-video-preview:-1\" \/>\n<link rel=\"canonical\" href=\"https:\/\/www.procarton.com\/it\/awards\/pro-carton-young-designers-award\/2026-3\/cartons-cartonboard\/\" \/>\n<meta property=\"og:locale\" content=\"it_IT\" \/>\n<meta property=\"og:type\" content=\"article\" \/>\n<meta property=\"og:title\" content=\"Cartons &amp; Cartonboard - Pro Carton\" \/>\n<meta property=\"og:description\" content=\"What are Cartons and Cartonboard? Folding cartons are small to medium-sized boxes made of cartonboard. read on ...\" \/>\n<meta property=\"og:url\" content=\"https:\/\/www.procarton.com\/it\/awards\/pro-carton-young-designers-award\/2026-3\/cartons-cartonboard\/\" \/>\n<meta property=\"og:site_name\" content=\"Pro Carton\" \/>\n<meta property=\"article:publisher\" content=\"https:\/\/www.facebook.com\/procartondesignaward\/\" \/>\n<meta property=\"article:modified_time\" content=\"2026-01-30T11:46:53+00:00\" \/>\n<meta property=\"og:image\" content=\"https:\/\/www.procarton.com\/wp-content\/uploads\/2026\/01\/Pro-Carton-Logo-26-3.png\" \/>\n\t<meta property=\"og:image:width\" content=\"1200\" \/>\n\t<meta property=\"og:image:height\" content=\"900\" \/>\n\t<meta property=\"og:image:type\" content=\"image\/png\" \/>\n<meta name=\"twitter:card\" content=\"summary_large_image\" \/>\n<meta name=\"twitter:site\" content=\"@pro_carton\" \/>\n<meta name=\"twitter:label1\" content=\"Tempo di lettura stimato\" \/>\n\t<meta name=\"twitter:data1\" content=\"5 minuti\" \/>\n<script type=\"application\/ld+json\" class=\"yoast-schema-graph\">{\"@context\":\"https:\\\/\\\/schema.org\",\"@graph\":[{\"@type\":\"WebPage\",\"@id\":\"https:\\\/\\\/www.procarton.com\\\/awards\\\/pro-carton-young-designers-award\\\/2026-3\\\/cartons-cartonboard\\\/\",\"url\":\"https:\\\/\\\/www.procarton.com\\\/awards\\\/pro-carton-young-designers-award\\\/2026-3\\\/cartons-cartonboard\\\/\",\"name\":\"Cartons &amp; Cartonboard - Pro Carton\",\"isPartOf\":{\"@id\":\"https:\\\/\\\/www.procarton.com\\\/es\\\/#website\"},\"primaryImageOfPage\":{\"@id\":\"https:\\\/\\\/www.procarton.com\\\/awards\\\/pro-carton-young-designers-award\\\/2026-3\\\/cartons-cartonboard\\\/#primaryimage\"},\"image\":{\"@id\":\"https:\\\/\\\/www.procarton.com\\\/awards\\\/pro-carton-young-designers-award\\\/2026-3\\\/cartons-cartonboard\\\/#primaryimage\"},\"thumbnailUrl\":\"https:\\\/\\\/www.procarton.com\\\/wp-content\\\/uploads\\\/2026\\\/01\\\/Pro-Carton-Logo-26-3.png\",\"datePublished\":\"2023-10-13T09:52:14+00:00\",\"dateModified\":\"2026-01-30T11:46:53+00:00\",\"description\":\"What are Cartons and Cartonboard? Folding cartons are small to medium-sized boxes made of cartonboard. read on ...\",\"breadcrumb\":{\"@id\":\"https:\\\/\\\/www.procarton.com\\\/awards\\\/pro-carton-young-designers-award\\\/2026-3\\\/cartons-cartonboard\\\/#breadcrumb\"},\"inLanguage\":\"it-IT\",\"potentialAction\":[{\"@type\":\"ReadAction\",\"target\":[\"https:\\\/\\\/www.procarton.com\\\/awards\\\/pro-carton-young-designers-award\\\/2026-3\\\/cartons-cartonboard\\\/\"]}]},{\"@type\":\"ImageObject\",\"inLanguage\":\"it-IT\",\"@id\":\"https:\\\/\\\/www.procarton.com\\\/awards\\\/pro-carton-young-designers-award\\\/2026-3\\\/cartons-cartonboard\\\/#primaryimage\",\"url\":\"https:\\\/\\\/www.procarton.com\\\/wp-content\\\/uploads\\\/2026\\\/01\\\/Pro-Carton-Logo-26-3.png\",\"contentUrl\":\"https:\\\/\\\/www.procarton.com\\\/wp-content\\\/uploads\\\/2026\\\/01\\\/Pro-Carton-Logo-26-3.png\",\"width\":1200,\"height\":900},{\"@type\":\"BreadcrumbList\",\"@id\":\"https:\\\/\\\/www.procarton.com\\\/awards\\\/pro-carton-young-designers-award\\\/2026-3\\\/cartons-cartonboard\\\/#breadcrumb\",\"itemListElement\":[{\"@type\":\"ListItem\",\"position\":1,\"name\":\"Home\",\"item\":\"https:\\\/\\\/www.procarton.com\\\/\"},{\"@type\":\"ListItem\",\"position\":2,\"name\":\"Awards\",\"item\":\"https:\\\/\\\/www.procarton.com\\\/awards\\\/\"},{\"@type\":\"ListItem\",\"position\":3,\"name\":\"Pro Carton Young Designers Award\",\"item\":\"https:\\\/\\\/www.procarton.com\\\/awards\\\/pro-carton-young-designers-award\\\/\"},{\"@type\":\"ListItem\",\"position\":4,\"name\":\"2026\",\"item\":\"https:\\\/\\\/www.procarton.com\\\/awards\\\/pro-carton-young-designers-award\\\/2026-3\\\/\"},{\"@type\":\"ListItem\",\"position\":5,\"name\":\"Cartons &amp; Cartonboard\"}]},{\"@type\":\"WebSite\",\"@id\":\"https:\\\/\\\/www.procarton.com\\\/es\\\/#website\",\"url\":\"https:\\\/\\\/www.procarton.com\\\/es\\\/\",\"name\":\"Pro Carton\",\"description\":\"\",\"publisher\":{\"@id\":\"https:\\\/\\\/www.procarton.com\\\/es\\\/#organization\"},\"potentialAction\":[{\"@type\":\"SearchAction\",\"target\":{\"@type\":\"EntryPoint\",\"urlTemplate\":\"https:\\\/\\\/www.procarton.com\\\/es\\\/?s={search_term_string}\"},\"query-input\":{\"@type\":\"PropertyValueSpecification\",\"valueRequired\":true,\"valueName\":\"search_term_string\"}}],\"inLanguage\":\"it-IT\"},{\"@type\":\"Organization\",\"@id\":\"https:\\\/\\\/www.procarton.com\\\/es\\\/#organization\",\"name\":\"ProCarton\",\"url\":\"https:\\\/\\\/www.procarton.com\\\/es\\\/\",\"logo\":{\"@type\":\"ImageObject\",\"inLanguage\":\"it-IT\",\"@id\":\"https:\\\/\\\/www.procarton.com\\\/es\\\/#\\\/schema\\\/logo\\\/image\\\/\",\"url\":\"https:\\\/\\\/www.procarton.com\\\/wp-content\\\/uploads\\\/2022\\\/06\\\/logo-mit-slogan.jpg\",\"contentUrl\":\"https:\\\/\\\/www.procarton.com\\\/wp-content\\\/uploads\\\/2022\\\/06\\\/logo-mit-slogan.jpg\",\"width\":422,\"height\":519,\"caption\":\"ProCarton\"},\"image\":{\"@id\":\"https:\\\/\\\/www.procarton.com\\\/es\\\/#\\\/schema\\\/logo\\\/image\\\/\"},\"sameAs\":[\"https:\\\/\\\/www.facebook.com\\\/procartondesignaward\\\/\",\"https:\\\/\\\/x.com\\\/pro_carton\"]}]}<\/script>\n<!-- \/ Yoast SEO plugin. -->","yoast_head_json":{"title":"Cartons &amp; Cartonboard - Pro Carton","description":"Cosa sono i cartoni e il cartone? I cartoni pieghevoli sono scatole di dimensioni medio-piccole realizzate in cartoncino. continua a leggere ...","robots":{"index":"index","follow":"follow","max-snippet":"max-snippet:-1","max-image-preview":"max-image-preview:large","max-video-preview":"max-video-preview:-1"},"canonical":"https:\/\/www.procarton.com\/it\/awards\/pro-carton-young-designers-award\/2026-3\/cartons-cartonboard\/","og_locale":"it_IT","og_type":"article","og_title":"Cartons &amp; Cartonboard - Pro Carton","og_description":"What are Cartons and Cartonboard? Folding cartons are small to medium-sized boxes made of cartonboard. read on ...","og_url":"https:\/\/www.procarton.com\/it\/awards\/pro-carton-young-designers-award\/2026-3\/cartons-cartonboard\/","og_site_name":"Pro Carton","article_publisher":"https:\/\/www.facebook.com\/procartondesignaward\/","article_modified_time":"2026-01-30T11:46:53+00:00","og_image":[{"width":1200,"height":900,"url":"https:\/\/www.procarton.com\/wp-content\/uploads\/2026\/01\/Pro-Carton-Logo-26-3.png","type":"image\/png"}],"twitter_card":"summary_large_image","twitter_site":"@pro_carton","twitter_misc":{"Tempo di lettura stimato":"5 minuti"},"schema":{"@context":"https:\/\/schema.org","@graph":[{"@type":"WebPage","@id":"https:\/\/www.procarton.com\/awards\/pro-carton-young-designers-award\/2026-3\/cartons-cartonboard\/","url":"https:\/\/www.procarton.com\/awards\/pro-carton-young-designers-award\/2026-3\/cartons-cartonboard\/","name":"Cartons &amp; Cartonboard - Pro Carton","isPartOf":{"@id":"https:\/\/www.procarton.com\/es\/#website"},"primaryImageOfPage":{"@id":"https:\/\/www.procarton.com\/awards\/pro-carton-young-designers-award\/2026-3\/cartons-cartonboard\/#primaryimage"},"image":{"@id":"https:\/\/www.procarton.com\/awards\/pro-carton-young-designers-award\/2026-3\/cartons-cartonboard\/#primaryimage"},"thumbnailUrl":"https:\/\/www.procarton.com\/wp-content\/uploads\/2026\/01\/Pro-Carton-Logo-26-3.png","datePublished":"2023-10-13T09:52:14+00:00","dateModified":"2026-01-30T11:46:53+00:00","description":"Cosa sono i cartoni e il cartone? I cartoni pieghevoli sono scatole di dimensioni medio-piccole realizzate in cartoncino. continua a leggere ...","breadcrumb":{"@id":"https:\/\/www.procarton.com\/awards\/pro-carton-young-designers-award\/2026-3\/cartons-cartonboard\/#breadcrumb"},"inLanguage":"it-IT","potentialAction":[{"@type":"ReadAction","target":["https:\/\/www.procarton.com\/awards\/pro-carton-young-designers-award\/2026-3\/cartons-cartonboard\/"]}]},{"@type":"ImageObject","inLanguage":"it-IT","@id":"https:\/\/www.procarton.com\/awards\/pro-carton-young-designers-award\/2026-3\/cartons-cartonboard\/#primaryimage","url":"https:\/\/www.procarton.com\/wp-content\/uploads\/2026\/01\/Pro-Carton-Logo-26-3.png","contentUrl":"https:\/\/www.procarton.com\/wp-content\/uploads\/2026\/01\/Pro-Carton-Logo-26-3.png","width":1200,"height":900},{"@type":"BreadcrumbList","@id":"https:\/\/www.procarton.com\/awards\/pro-carton-young-designers-award\/2026-3\/cartons-cartonboard\/#breadcrumb","itemListElement":[{"@type":"ListItem","position":1,"name":"Home","item":"https:\/\/www.procarton.com\/"},{"@type":"ListItem","position":2,"name":"Awards","item":"https:\/\/www.procarton.com\/awards\/"},{"@type":"ListItem","position":3,"name":"Pro Carton Young Designers Award","item":"https:\/\/www.procarton.com\/awards\/pro-carton-young-designers-award\/"},{"@type":"ListItem","position":4,"name":"2026","item":"https:\/\/www.procarton.com\/awards\/pro-carton-young-designers-award\/2026-3\/"},{"@type":"ListItem","position":5,"name":"Cartons &amp; Cartonboard"}]},{"@type":"WebSite","@id":"https:\/\/www.procarton.com\/es\/#website","url":"https:\/\/www.procarton.com\/es\/","name":"Pro Carton","description":"","publisher":{"@id":"https:\/\/www.procarton.com\/es\/#organization"},"potentialAction":[{"@type":"SearchAction","target":{"@type":"EntryPoint","urlTemplate":"https:\/\/www.procarton.com\/es\/?s={search_term_string}"},"query-input":{"@type":"PropertyValueSpecification","valueRequired":true,"valueName":"search_term_string"}}],"inLanguage":"it-IT"},{"@type":"Organization","@id":"https:\/\/www.procarton.com\/es\/#organization","name":"ProCarton","url":"https:\/\/www.procarton.com\/es\/","logo":{"@type":"ImageObject","inLanguage":"it-IT","@id":"https:\/\/www.procarton.com\/es\/#\/schema\/logo\/image\/","url":"https:\/\/www.procarton.com\/wp-content\/uploads\/2022\/06\/logo-mit-slogan.jpg","contentUrl":"https:\/\/www.procarton.com\/wp-content\/uploads\/2022\/06\/logo-mit-slogan.jpg","width":422,"height":519,"caption":"ProCarton"},"image":{"@id":"https:\/\/www.procarton.com\/es\/#\/schema\/logo\/image\/"},"sameAs":["https:\/\/www.facebook.com\/procartondesignaward\/","https:\/\/x.com\/pro_carton"]}]}},"_links":{"self":[{"href":"https:\/\/www.procarton.com\/it\/wp-json\/wp\/v2\/pages\/286988","targetHints":{"allow":["GET"]}}],"collection":[{"href":"https:\/\/www.procarton.com\/it\/wp-json\/wp\/v2\/pages"}],"about":[{"href":"https:\/\/www.procarton.com\/it\/wp-json\/wp\/v2\/types\/page"}],"author":[{"embeddable":true,"href":"https:\/\/www.procarton.com\/it\/wp-json\/wp\/v2\/users\/1286"}],"replies":[{"embeddable":true,"href":"https:\/\/www.procarton.com\/it\/wp-json\/wp\/v2\/comments?post=286988"}],"version-history":[{"count":17,"href":"https:\/\/www.procarton.com\/it\/wp-json\/wp\/v2\/pages\/286988\/revisions"}],"predecessor-version":[{"id":299819,"href":"https:\/\/www.procarton.com\/it\/wp-json\/wp\/v2\/pages\/286988\/revisions\/299819"}],"up":[{"embeddable":true,"href":"https:\/\/www.procarton.com\/it\/wp-json\/wp\/v2\/pages\/307527"}],"wp:featuredmedia":[{"embeddable":true,"href":"https:\/\/www.procarton.com\/it\/wp-json\/wp\/v2\/media\/307652"}],"wp:attachment":[{"href":"https:\/\/www.procarton.com\/it\/wp-json\/wp\/v2\/media?parent=286988"}],"curies":[{"name":"wp","href":"https:\/\/api.w.org\/{rel}","templated":true}]}}