{"id":276397,"date":"2022-03-31T21:54:43","date_gmt":"2022-03-31T20:54:43","guid":{"rendered":"https:\/\/www.procarton.com\/awards\/european-carton-excellence-award\/2016-2\/rules\/"},"modified":"2022-03-31T21:55:17","modified_gmt":"2022-03-31T20:55:17","slug":"rules","status":"publish","type":"page","link":"https:\/\/www.procarton.com\/it\/awards\/european-carton-excellence-award\/2016-2\/rules\/","title":{"rendered":"Regole"},"content":{"rendered":"<div class=\"av-animated-generic top-to-bottom flex_column av_one_full  flex_column_div av-zero-column-padding first  avia-builder-el-0  avia-builder-el-no-sibling\" style='border-radius:0px; '>\n<section class=\"av_textblock_section\"  itemscope=\"itemscope\" itemtype=\"https:\/\/schema.org\/CreativeWork\" >\n<div class='avia_textblock'   itemprop=\"text\" >\n<div class=\"container main-content\" data-page-id=\"105937\">\n<div class=\"clearfix\">\n<div id=\"primary\" class=\"content-area col-sm-12\">\n<div id=\"content\" class=\"site-content\" role=\"main\">\n<p><span class=\"entry_header_text black_text_large\">Regole per l'iscrizione<\/span><\/p>\n<ul>\n<li>Le iscrizioni devono essere cartoni pieghevoli<\/li>\n<li>Tutte le voci devono essere prodotte per la vendita<\/li>\n<li>Le iscrizioni possono essere presentate da chiunque, ma tutte le iscrizioni devono essere state stampate e convertite da un membro ECMA o Pro Carton<\/li>\n<li>Tutte le iscrizioni devono essere realizzate su cartoncino prodotto da un membro o da un patrono d'oltremare di Pro Carton.<\/li>\n<li>Tutte le voci devono essere prodotte principalmente da cartoncino o cartoncino laminato a microflute (con una profondit\u00e0 di 1 mm o meno)<\/li>\n<li>Le scatole rigide o simili fatte coprendo il cartone (di solito grigio) con carta o un materiale simile non saranno accettate.<\/li>\n<li>Tutte le voci devono essere state prodotte e vendute nel 2014, 2015 o 2016<\/li>\n<li>I cartoni promozionali sia per i produttori di cartone che per i produttori di cartoncino non possono essere iscritti<\/li>\n<li>Se le iscrizioni devono essere restituite, questo sar\u00e0 a spese del partecipante<\/li>\n<li>Tutte le voci dovrebbero, se possibile, contenere il prodotto ai fini della valutazione. Questo non \u00e8 essenziale per le merci deperibili<\/li>\n<li>Ogni voce sar\u00e0 giudicata solo per i meriti del cartone<\/li>\n<li>I partecipanti possono presentare un numero illimitato di iscrizioni<\/li>\n<li>Il nome del produttore del cartone non dovrebbe apparire sul cartone, se possibile. Se lo fa, sar\u00e0 nascosto ai giudici<\/li>\n<li>Devono essere presentati tre esempi di ogni voce<\/li>\n<li>Tutte le voci devono essere presentate sotto una delle categorie. Le voci possono essere riclassificate a discrezione dei giudici<\/li>\n<li>Le categorie con meno di 5 voci non saranno giudicate<\/li>\n<li>Tutte le voci saranno giudicate per lo speciale Awards:<br \/>\nCartone dell'anno, pi\u00f9 innovativo e sostenibilit\u00e0<\/li>\n<li>I risultati saranno annunciati al Congresso ECMA<\/li>\n<li>Pro Carton e ECMA si riservano il diritto di utilizzare tutte le voci per scopi pubblicitari<\/li>\n<li>Il partecipante \u00e8 completamente responsabile dell'approvazione del proprietario del marchio<\/li>\n<li>La decisione dei giudici sar\u00e0 definitiva<\/li>\n<\/ul>\n<p><span class=\"entry_header_text black_text_large\">Procedura per l'ingresso<\/span><\/p>\n<ul>\n<li>I moduli di iscrizione devono essere firmati da un rappresentante della societ\u00e0 che effettua l'iscrizione<\/li>\n<li>Un minimo di tre campioni, preferibilmente con contenuti, dovrebbe essere presentato per la valutazione<\/li>\n<li>Se il contenuto non \u00e8 disponibile si prega di sostituire con un manichino o una foto per dare un'impressione del concetto di imballaggio\/prodotto<\/li>\n<li>I moduli di iscrizione devono essere completati il pi\u00f9 possibile in inglese o in tedesco.<\/li>\n<li>Una copia firmata del modulo di iscrizione deve essere aggiunta ad ogni cartone iscritto<\/li>\n<li>Il modulo di iscrizione online compilato sar\u00e0 utilizzato per la valutazione e quindi deve essere identico al modulo di iscrizione firmato - non saranno accettate aggiunte<\/li>\n<li>La giuria selezioner\u00e0 il cartone dell'anno, il design pi\u00f9 innovativo e uno per il Sustainability Award tra tutte le proposte presentate. Il Sustainability Award sar\u00e0 assegnato alla proposta che meglio dimostra la sostenibilit\u00e0 dei cartoni e del cartoncino<\/li>\n<li>I vincitori e i finalisti di Award nella categoria del mercato di volume saranno selezionati tra tutte le voci prodotte in quantit\u00e0 superiori a 1 milione di unit\u00e0<\/li>\n<li>Imballare con cura e inviare le voci a<strong><br \/>\nPro Carton\/ECMA<br \/>\nLaan Copes Van Cattenburch 79<br \/>\nNL-2585 EW L'Aia, Paesi Bassi<\/strong><\/li>\n<li>Tassa\/e d'iscrizione: \u20ac 100,- per iscrizione;<br \/>\nUlteriori voci per unit\u00e0 di entrata\/di produzione: -25%;<br \/>\nIscrizioni early bird: -10%<br \/>\nLa tassa deve essere pagata come da fattura ricevuta.<\/li>\n<\/ul>\n<\/div>\n<\/div>\n<\/div>\n<\/div>\n<\/div>\n<\/section>\n<\/div>","protected":false},"excerpt":{"rendered":"","protected":false},"author":868,"featured_media":0,"parent":258274,"menu_order":4,"comment_status":"closed","ping_status":"closed","template":"templates\/award_details_page.php","meta":{"inline_featured_image":false,"footnotes":""},"class_list":["post-276397","page","type-page","status-publish","hentry"],"yoast_head":"<!-- This site is optimized with the Yoast SEO plugin v27.3 - https:\/\/yoast.com\/product\/yoast-seo-wordpress\/ -->\n<title>Rules - Pro Carton<\/title>\n<meta name=\"robots\" content=\"index, follow, max-snippet:-1, max-image-preview:large, max-video-preview:-1\" \/>\n<link rel=\"canonical\" href=\"https:\/\/www.procarton.com\/it\/awards\/european-carton-excellence-award\/2016-2\/rules\/\" \/>\n<meta property=\"og:locale\" content=\"it_IT\" \/>\n<meta property=\"og:type\" content=\"article\" \/>\n<meta property=\"og:title\" content=\"Rules - Pro Carton\" \/>\n<meta property=\"og:url\" content=\"https:\/\/www.procarton.com\/it\/awards\/european-carton-excellence-award\/2016-2\/rules\/\" \/>\n<meta property=\"og:site_name\" content=\"Pro Carton\" \/>\n<meta property=\"article:publisher\" content=\"https:\/\/www.facebook.com\/procartondesignaward\/\" \/>\n<meta property=\"article:modified_time\" content=\"2022-03-31T20:55:17+00:00\" \/>\n<meta name=\"twitter:card\" content=\"summary_large_image\" \/>\n<meta name=\"twitter:site\" content=\"@pro_carton\" \/>\n<meta name=\"twitter:label1\" content=\"Tempo di lettura stimato\" \/>\n\t<meta name=\"twitter:data1\" content=\"3 minuti\" \/>\n<script type=\"application\/ld+json\" class=\"yoast-schema-graph\">{\"@context\":\"https:\\\/\\\/schema.org\",\"@graph\":[{\"@type\":\"WebPage\",\"@id\":\"https:\\\/\\\/www.procarton.com\\\/es\\\/awards\\\/european-carton-excellence-award\\\/2016-2\\\/rules\\\/\",\"url\":\"https:\\\/\\\/www.procarton.com\\\/es\\\/awards\\\/european-carton-excellence-award\\\/2016-2\\\/rules\\\/\",\"name\":\"Rules - Pro Carton\",\"isPartOf\":{\"@id\":\"https:\\\/\\\/www.procarton.com\\\/es\\\/#website\"},\"datePublished\":\"2022-03-31T20:54:43+00:00\",\"dateModified\":\"2022-03-31T20:55:17+00:00\",\"breadcrumb\":{\"@id\":\"https:\\\/\\\/www.procarton.com\\\/es\\\/awards\\\/european-carton-excellence-award\\\/2016-2\\\/rules\\\/#breadcrumb\"},\"inLanguage\":\"it-IT\",\"potentialAction\":[{\"@type\":\"ReadAction\",\"target\":[\"https:\\\/\\\/www.procarton.com\\\/es\\\/awards\\\/european-carton-excellence-award\\\/2016-2\\\/rules\\\/\"]}]},{\"@type\":\"BreadcrumbList\",\"@id\":\"https:\\\/\\\/www.procarton.com\\\/es\\\/awards\\\/european-carton-excellence-award\\\/2016-2\\\/rules\\\/#breadcrumb\",\"itemListElement\":[{\"@type\":\"ListItem\",\"position\":1,\"name\":\"Home\",\"item\":\"https:\\\/\\\/www.procarton.com\\\/\"},{\"@type\":\"ListItem\",\"position\":2,\"name\":\"Awards\",\"item\":\"https:\\\/\\\/www.procarton.com\\\/awards\\\/\"},{\"@type\":\"ListItem\",\"position\":3,\"name\":\"European Carton Excellence Award\",\"item\":\"https:\\\/\\\/www.procarton.com\\\/awards\\\/european-carton-excellence-award\\\/\"},{\"@type\":\"ListItem\",\"position\":4,\"name\":\"2016\",\"item\":\"https:\\\/\\\/www.procarton.com\\\/es\\\/awards\\\/european-carton-excellence-award\\\/2016-2\\\/\"},{\"@type\":\"ListItem\",\"position\":5,\"name\":\"Rules\"}]},{\"@type\":\"WebSite\",\"@id\":\"https:\\\/\\\/www.procarton.com\\\/es\\\/#website\",\"url\":\"https:\\\/\\\/www.procarton.com\\\/es\\\/\",\"name\":\"Pro Carton\",\"description\":\"\",\"publisher\":{\"@id\":\"https:\\\/\\\/www.procarton.com\\\/es\\\/#organization\"},\"potentialAction\":[{\"@type\":\"SearchAction\",\"target\":{\"@type\":\"EntryPoint\",\"urlTemplate\":\"https:\\\/\\\/www.procarton.com\\\/es\\\/?s={search_term_string}\"},\"query-input\":{\"@type\":\"PropertyValueSpecification\",\"valueRequired\":true,\"valueName\":\"search_term_string\"}}],\"inLanguage\":\"it-IT\"},{\"@type\":\"Organization\",\"@id\":\"https:\\\/\\\/www.procarton.com\\\/es\\\/#organization\",\"name\":\"ProCarton\",\"url\":\"https:\\\/\\\/www.procarton.com\\\/es\\\/\",\"logo\":{\"@type\":\"ImageObject\",\"inLanguage\":\"it-IT\",\"@id\":\"https:\\\/\\\/www.procarton.com\\\/es\\\/#\\\/schema\\\/logo\\\/image\\\/\",\"url\":\"https:\\\/\\\/www.procarton.com\\\/wp-content\\\/uploads\\\/2022\\\/06\\\/logo-mit-slogan.jpg\",\"contentUrl\":\"https:\\\/\\\/www.procarton.com\\\/wp-content\\\/uploads\\\/2022\\\/06\\\/logo-mit-slogan.jpg\",\"width\":422,\"height\":519,\"caption\":\"ProCarton\"},\"image\":{\"@id\":\"https:\\\/\\\/www.procarton.com\\\/es\\\/#\\\/schema\\\/logo\\\/image\\\/\"},\"sameAs\":[\"https:\\\/\\\/www.facebook.com\\\/procartondesignaward\\\/\",\"https:\\\/\\\/x.com\\\/pro_carton\"]}]}<\/script>\n<!-- \/ Yoast SEO plugin. -->","yoast_head_json":{"title":"Regole - Cartone Pro","robots":{"index":"index","follow":"follow","max-snippet":"max-snippet:-1","max-image-preview":"max-image-preview:large","max-video-preview":"max-video-preview:-1"},"canonical":"https:\/\/www.procarton.com\/it\/awards\/european-carton-excellence-award\/2016-2\/rules\/","og_locale":"it_IT","og_type":"article","og_title":"Rules - Pro Carton","og_url":"https:\/\/www.procarton.com\/it\/awards\/european-carton-excellence-award\/2016-2\/rules\/","og_site_name":"Pro Carton","article_publisher":"https:\/\/www.facebook.com\/procartondesignaward\/","article_modified_time":"2022-03-31T20:55:17+00:00","twitter_card":"summary_large_image","twitter_site":"@pro_carton","twitter_misc":{"Tempo di lettura stimato":"3 minuti"},"schema":{"@context":"https:\/\/schema.org","@graph":[{"@type":"WebPage","@id":"https:\/\/www.procarton.com\/es\/awards\/european-carton-excellence-award\/2016-2\/rules\/","url":"https:\/\/www.procarton.com\/es\/awards\/european-carton-excellence-award\/2016-2\/rules\/","name":"Regole - Cartone Pro","isPartOf":{"@id":"https:\/\/www.procarton.com\/es\/#website"},"datePublished":"2022-03-31T20:54:43+00:00","dateModified":"2022-03-31T20:55:17+00:00","breadcrumb":{"@id":"https:\/\/www.procarton.com\/es\/awards\/european-carton-excellence-award\/2016-2\/rules\/#breadcrumb"},"inLanguage":"it-IT","potentialAction":[{"@type":"ReadAction","target":["https:\/\/www.procarton.com\/es\/awards\/european-carton-excellence-award\/2016-2\/rules\/"]}]},{"@type":"BreadcrumbList","@id":"https:\/\/www.procarton.com\/es\/awards\/european-carton-excellence-award\/2016-2\/rules\/#breadcrumb","itemListElement":[{"@type":"ListItem","position":1,"name":"Home","item":"https:\/\/www.procarton.com\/"},{"@type":"ListItem","position":2,"name":"Awards","item":"https:\/\/www.procarton.com\/awards\/"},{"@type":"ListItem","position":3,"name":"European Carton Excellence Award","item":"https:\/\/www.procarton.com\/awards\/european-carton-excellence-award\/"},{"@type":"ListItem","position":4,"name":"2016","item":"https:\/\/www.procarton.com\/es\/awards\/european-carton-excellence-award\/2016-2\/"},{"@type":"ListItem","position":5,"name":"Rules"}]},{"@type":"WebSite","@id":"https:\/\/www.procarton.com\/es\/#website","url":"https:\/\/www.procarton.com\/es\/","name":"Pro Carton","description":"","publisher":{"@id":"https:\/\/www.procarton.com\/es\/#organization"},"potentialAction":[{"@type":"SearchAction","target":{"@type":"EntryPoint","urlTemplate":"https:\/\/www.procarton.com\/es\/?s={search_term_string}"},"query-input":{"@type":"PropertyValueSpecification","valueRequired":true,"valueName":"search_term_string"}}],"inLanguage":"it-IT"},{"@type":"Organization","@id":"https:\/\/www.procarton.com\/es\/#organization","name":"ProCarton","url":"https:\/\/www.procarton.com\/es\/","logo":{"@type":"ImageObject","inLanguage":"it-IT","@id":"https:\/\/www.procarton.com\/es\/#\/schema\/logo\/image\/","url":"https:\/\/www.procarton.com\/wp-content\/uploads\/2022\/06\/logo-mit-slogan.jpg","contentUrl":"https:\/\/www.procarton.com\/wp-content\/uploads\/2022\/06\/logo-mit-slogan.jpg","width":422,"height":519,"caption":"ProCarton"},"image":{"@id":"https:\/\/www.procarton.com\/es\/#\/schema\/logo\/image\/"},"sameAs":["https:\/\/www.facebook.com\/procartondesignaward\/","https:\/\/x.com\/pro_carton"]}]}},"_links":{"self":[{"href":"https:\/\/www.procarton.com\/it\/wp-json\/wp\/v2\/pages\/276397","targetHints":{"allow":["GET"]}}],"collection":[{"href":"https:\/\/www.procarton.com\/it\/wp-json\/wp\/v2\/pages"}],"about":[{"href":"https:\/\/www.procarton.com\/it\/wp-json\/wp\/v2\/types\/page"}],"author":[{"embeddable":true,"href":"https:\/\/www.procarton.com\/it\/wp-json\/wp\/v2\/users\/868"}],"replies":[{"embeddable":true,"href":"https:\/\/www.procarton.com\/it\/wp-json\/wp\/v2\/comments?post=276397"}],"version-history":[{"count":3,"href":"https:\/\/www.procarton.com\/it\/wp-json\/wp\/v2\/pages\/276397\/revisions"}],"predecessor-version":[{"id":276399,"href":"https:\/\/www.procarton.com\/it\/wp-json\/wp\/v2\/pages\/276397\/revisions\/276399"}],"up":[{"embeddable":true,"href":"https:\/\/www.procarton.com\/it\/wp-json\/wp\/v2\/pages\/258274"}],"wp:attachment":[{"href":"https:\/\/www.procarton.com\/it\/wp-json\/wp\/v2\/media?parent=276397"}],"curies":[{"name":"wp","href":"https:\/\/api.w.org\/{rel}","templated":true}]}}