{"id":276248,"date":"2022-03-31T14:20:48","date_gmt":"2022-03-31T13:20:48","guid":{"rendered":"https:\/\/www.procarton.com\/awards\/european-carton-excellence-award\/2017-2\/introduction\/"},"modified":"2022-03-31T14:25:41","modified_gmt":"2022-03-31T13:25:41","slug":"introduction","status":"publish","type":"page","link":"https:\/\/www.procarton.com\/it\/awards\/european-carton-excellence-award\/2017-2\/introduction\/","title":{"rendered":"Introduzione"},"content":{"rendered":"<div class=\"av-animated-generic top-to-bottom flex_column av_two_third  flex_column_div av-zero-column-padding first  avia-builder-el-0  el_before_av_one_third  avia-builder-el-first\" style='border-radius:0px; '>\n<section class=\"av_textblock_section\"  itemscope=\"itemscope\" itemtype=\"https:\/\/schema.org\/CreativeWork\" >\n<div class='avia_textblock'   itemprop=\"text\" >\n<div class=\"container main-content\" data-page-id=\"193210\">\n<div class=\"clearfix\">\n<div id=\"primary\" class=\"content-area col-sm-9\">\n<div id=\"content\" class=\"site-content\" role=\"main\">\n<p>Lo standard delle iscrizioni per il Carton Excellence Awards 2017 \u00e8 stato probabilmente il migliore che abbiamo mai visto. Il livello di originalit\u00e0 ed eccellenza tecnica \u00e8 stato eccezionale ed \u00e8 bello vedere che il nostro raggio d'azione continua ad allargarsi, dato che quest'anno abbiamo avuto iscrizioni da 15 paesi diversi.<\/p>\n<p>Questa non pu\u00f2 che essere una buona notizia, non solo per la nostra industria ma anche per tutti coloro che sentono fortemente il packaging come parte di un futuro sostenibile. Nel 21\u00b0 anniversario del Awards i cartoni non sono mai stati cos\u00ec rilevanti, sono certamente diventati maggiorenni!<\/p>\n<p>Abbiamo apportato alcuni cambiamenti significativi al Awards quest'anno per riconoscere e promuovere ulteriormente l'eccellenza nell'industria del cartone.<\/p>\n<p><strong>Nuovo nome:<\/strong><\/p>\n<p>I premi hanno un nuovo look e un nuovo nome. Uno che descrive giustamente e succintamente ci\u00f2 che sono - l'European Carton Excellence Awards.<\/p>\n<p>Crediamo che questo nome pi\u00f9 semplice e pi\u00f9 amichevole per il consumatore ci aiuter\u00e0 a promuovere i premi e i vincitori ancora pi\u00f9 ampiamente in futuro. Gli organizzatori del Award rimangono invariati. Vale a dire le due associazioni commerciali per le industrie del cartone e del cartone, Pro Carton e ECMA.<\/p>\n<p><strong>Nuovo premio:<\/strong><\/p>\n<p>Per la prima volta nella storia del concorso, abbiamo invitato il pubblico a votare il miglior cartone. Il vincitore di questa nuova categoria ricever\u00e0 il Public Award. Tutti i 37 finalisti sono stati inclusi e chiunque poteva registrare un voto.<\/p>\n<p>Questo ha aperto l'Awards a un nuovo pubblico che pu\u00f2 solo aiutarci a dimostrare quanto possano essere funzionali e attraenti i cartoni.<\/p>\n<p><strong>Nuove categorie:<\/strong><\/p>\n<p>Ci sono due nuovi premi, che in precedenza erano entrambi premi speciali piuttosto che categorie a s\u00e9 stanti. Il Save the Planet Award andr\u00e0 a un cartone che dimostra credenziali ambientali eccezionali, mentre l'Innovation Award riconoscer\u00e0 la creativit\u00e0 e la brillantezza tecnica. Questo ci d\u00e0 l'opportunit\u00e0 di riconoscere e celebrare tutti i finalisti, non solo i vincitori.<\/p>\n<p><strong>Nuova giuria:<\/strong><\/p>\n<p>Abbiamo mantenuto la nostra politica di selezionare i giudici da tutta la catena di fornitura per consentire la dovuta considerazione delle esigenze del mercato, ma anche per garantire un buon livello di conoscenza tecnica sulla costruzione e la stampa del cartone:<\/p>\n<ul>\n<li>Satkar Gidda (Design, SiebertHead) ha presieduto la giuria nel suo modo fidato con la sua esperienza di brand leader.<\/li>\n<li>Quest'anno abbiamo accolto nella giuria un nuovo giudice, la dottoressa Janet Shipton (consulente di Packknack). Janet ha fornito una nuova prospettiva che ha arricchito il lavoro della giuria.<\/li>\n<li>Susanne Lippitsch (Design, SL-Design) ha aggiunto la sua esperienza specifica come designer di successo e docente di design.<\/li>\n<li>Lotte Krekels (Retail, Carrefour Belgio) ha esaminato le voci in particolare dal punto di vista del merchandising e dell'impatto sugli scaffali.<\/li>\n<li>Wilfried Duivenvoorden (Brand Owner, Unilever) ha prestato particolare attenzione alle esigenze dei proprietari di marchi in termini di attrattiva per il consumatore, funzionalit\u00e0 e comunicazione del marchio.<\/li>\n<li>Peter Klein Sprokkelhorst (consulente, consigliere della giuria) ha dato consigli sulle caratteristiche tecniche dei concetti presentati.<\/li>\n<\/ul>\n<p>Vorremmo ringraziarli tutti per il loro enorme sforzo!<\/p>\n<p>Come sempre, abbiamo preparato un pacchetto completo di marketing e PR per i media e per tutti i vincitori da utilizzare. Potete trovare tutte le informazioni su questo sito web cos\u00ec come sulle varie piattaforme di social media -\u00a0<a href=\"https:\/\/www.facebook.com\/procartoneurope\/\">Facebook<\/a>,\u00a0<a href=\"https:\/\/twitter.com\/Pro_Carton\">Twitter<\/a>,\u00a0<a href=\"https:\/\/de.pinterest.com\/procarton\/\">Pinterest<\/a>,\u00a0<a href=\"https:\/\/www.instagram.com\/pro_carton\/\">Instagram\u00a0<\/a>e\u00a0<a href=\"http:\/\/www.linkedin.com\/company\/pro-carton\">Linkedin<\/a>Per favore, condividi, metti \"mi piace\" e comunica!<\/p>\n<p>Infine, grazie a tutti i finalisti e naturalmente molte congratulazioni a tutti i vincitori!<\/p>\n<p><em>Roland Rex, Presidente Pro Carton Andreas Blaschke, Presidente ECMA<\/em><\/p>\n<p><strong>Messaggio del direttore generale di Pro Carton<\/strong><br \/>\nL'European Carton Excellence Awards \u00e8 il punto culminante dell'anno per l'industria del cartone e il numero e lo standard dei partecipanti rafforza questa opinione. Un grande ringraziamento a tutti i partecipanti, il lavoro della giuria diventa ogni anno pi\u00f9 difficile. Nel frattempo, il suo giovane, il Pro Carton Young Designers Award, sta andando di bene in meglio. Con oltre 170 partecipanti provenienti da 16 paesi, \u00e8 ora saldamente stabilito con molte scuole di design come parte del loro programma annuale. Infatti, 46 college hanno partecipato quest'anno, di gran lunga il numero pi\u00f9 alto di sempre, che si spera si riveler\u00e0 una ricca fonte di potenziali talenti per il futuro.<\/p>\n<p>Le credenziali ambientali dei cartoni sono state ancora una volta riconosciute nello studio Sustain ability in Packaging condotto tra i proprietari di marchi in tutta Europa, mentre la plastica continua a essere sottoposta a una crescente pressione da parte delle ONG e dei media. Il problema dei rifiuti di plastica \u00e8, ovviamente, di interesse per tutti e tutti possiamo fare la nostra parte per evitare che la situazione peggiori. Vorrei anche invitare i proprietari di marchi a utilizzare, quando possibile, un materiale di imballaggio sostenibile piuttosto che uno non sostenibile. Il cartone \u00e8 uno dei pochi materiali che \u00e8 rinnovabile e biodegradabile e, naturalmente, pu\u00f2 anche essere riciclato di nuovo in cartoni!<\/p>\n<p>C'\u00e8 una serie di nuove caratteristiche che abbiamo aggiunto al sito web di Pro Carton negli ultimi mesi in modo che diventi un sito di riferimento e di opinione ancora pi\u00f9 utile. Oltre ai dettagli delle varie attivit\u00e0 intraprese da Pro Carton, ci sono anche molti articoli, rapporti e documenti di riferimento. C'\u00e8 anche una serie di diverse infografiche sul sito che spero vogliate usare con i vostri clienti e colleghi. Vi prego di usare il sito web, \u00e8 l\u00ec per aiutarvi e per promuovere la nostra industria.<\/p>\n<p>Infine, posso chiedere il vostro aiuto per diffondere il nostro messaggio. Come substrato di imballaggio il cartone \u00e8 probabilmente il materiale pi\u00f9 sostenibile che ci sia. I cartoni possono anche comunicare i valori del marchio come nessun altro e ancora una volta i premi hanno dimostrato quanto possano essere fantastici, sia che si tratti di un marchio \"quotidiano\" o \"di lusso\". La rilevanza e l'idoneit\u00e0 dei cartoni per la societ\u00e0 di oggi non \u00e8 mai stata cos\u00ec grande.<\/p>\n<p>Per favore, condividete il messaggio.<br \/>\nCARTONI - IMBALLAGGI PER UN MONDO MIGLIORE.<\/p>\n<p><em>Tony Hitchin, direttore generale, Pro Carton<\/em><\/p>\n<\/div>\n<\/div>\n<div class=\"right_image_container col-sm-3 right_image_container_small\">\n<div class=\"row image_container_row no-padding\">\n<div class=\"col-xs-12\">\n<div class=\"caption_container\"><\/div>\n<\/div>\n<\/div>\n<\/div>\n<\/div>\n<\/div>\n<footer>\n<div class=\"top-footer\">\n<div class=\"container text-center\">\n<div class=\"row\">\n<div class=\"col-lg-4 col-lg-offset-4\"><\/div>\n<\/div>\n<\/div>\n<\/div>\n<\/footer>\n<\/div>\n<\/section>\n<\/div>\n<div class=\"av-animated-generic top-to-bottom flex_column av_one_third  flex_column_div av-zero-column-padding   avia-builder-el-2  el_after_av_two_third  avia-builder-el-last\" style='border-radius:0px; '>\n<div  class='avia-image-container  av-styling-no-styling    avia-builder-el-3  avia-builder-el-no-sibling  avia-align-'  itemprop=\"image\" itemscope=\"itemscope\" itemtype=\"https:\/\/schema.org\/ImageObject\"  >\n<div class='avia-image-container-inner'>\n<div class='avia-image-overlay-wrap'><img decoding=\"async\" width=\"73\" height=\"300\" class='wp-image-258600 avia-img-lazy-loading-not-258600 avia_image' src=\"https:\/\/www.procarton.com\/wp-content\/uploads\/2021\/03\/presidents-and-manager-73x300.jpeg\" alt='' title='presidenti e dirigenti'  itemprop=\"thumbnailUrl\" srcset=\"https:\/\/www.procarton.com\/wp-content\/uploads\/2021\/03\/presidents-and-manager-73x300.jpeg 73w, https:\/\/www.procarton.com\/wp-content\/uploads\/2021\/03\/presidents-and-manager-3x12.jpeg 3w\" sizes=\"(max-width: 73px) 100vw, 73px\" \/><\/div>\n<\/div>\n<\/div>\n<\/div>","protected":false},"excerpt":{"rendered":"","protected":false},"author":868,"featured_media":0,"parent":258273,"menu_order":0,"comment_status":"closed","ping_status":"closed","template":"templates\/award_details_page.php","meta":{"inline_featured_image":false,"footnotes":""},"class_list":["post-276248","page","type-page","status-publish","hentry"],"yoast_head":"<!-- This site is optimized with the Yoast SEO plugin v27.4 - https:\/\/yoast.com\/product\/yoast-seo-wordpress\/ -->\n<title>Introduction - Pro Carton<\/title>\n<meta name=\"robots\" content=\"index, follow, max-snippet:-1, max-image-preview:large, max-video-preview:-1\" \/>\n<link rel=\"canonical\" href=\"https:\/\/www.procarton.com\/it\/awards\/european-carton-excellence-award\/2017-2\/introduction\/\" \/>\n<meta property=\"og:locale\" content=\"it_IT\" \/>\n<meta property=\"og:type\" content=\"article\" \/>\n<meta property=\"og:title\" content=\"Introduction - Pro Carton\" \/>\n<meta property=\"og:url\" content=\"https:\/\/www.procarton.com\/it\/awards\/european-carton-excellence-award\/2017-2\/introduction\/\" \/>\n<meta property=\"og:site_name\" content=\"Pro Carton\" \/>\n<meta property=\"article:publisher\" content=\"https:\/\/www.facebook.com\/procartondesignaward\/\" \/>\n<meta property=\"article:modified_time\" content=\"2022-03-31T13:25:41+00:00\" \/>\n<meta name=\"twitter:card\" content=\"summary_large_image\" \/>\n<meta name=\"twitter:site\" content=\"@pro_carton\" \/>\n<meta name=\"twitter:label1\" content=\"Tempo di lettura stimato\" \/>\n\t<meta name=\"twitter:data1\" content=\"7 minuti\" \/>\n<script type=\"application\/ld+json\" class=\"yoast-schema-graph\">{\"@context\":\"https:\\\/\\\/schema.org\",\"@graph\":[{\"@type\":\"WebPage\",\"@id\":\"https:\\\/\\\/www.procarton.com\\\/es\\\/awards\\\/european-carton-excellence-award\\\/2017-2\\\/introduction\\\/\",\"url\":\"https:\\\/\\\/www.procarton.com\\\/es\\\/awards\\\/european-carton-excellence-award\\\/2017-2\\\/introduction\\\/\",\"name\":\"Introduction - Pro Carton\",\"isPartOf\":{\"@id\":\"https:\\\/\\\/www.procarton.com\\\/es\\\/#website\"},\"datePublished\":\"2022-03-31T13:20:48+00:00\",\"dateModified\":\"2022-03-31T13:25:41+00:00\",\"breadcrumb\":{\"@id\":\"https:\\\/\\\/www.procarton.com\\\/es\\\/awards\\\/european-carton-excellence-award\\\/2017-2\\\/introduction\\\/#breadcrumb\"},\"inLanguage\":\"it-IT\",\"potentialAction\":[{\"@type\":\"ReadAction\",\"target\":[\"https:\\\/\\\/www.procarton.com\\\/es\\\/awards\\\/european-carton-excellence-award\\\/2017-2\\\/introduction\\\/\"]}]},{\"@type\":\"BreadcrumbList\",\"@id\":\"https:\\\/\\\/www.procarton.com\\\/es\\\/awards\\\/european-carton-excellence-award\\\/2017-2\\\/introduction\\\/#breadcrumb\",\"itemListElement\":[{\"@type\":\"ListItem\",\"position\":1,\"name\":\"Home\",\"item\":\"https:\\\/\\\/www.procarton.com\\\/\"},{\"@type\":\"ListItem\",\"position\":2,\"name\":\"Awards\",\"item\":\"https:\\\/\\\/www.procarton.com\\\/awards\\\/\"},{\"@type\":\"ListItem\",\"position\":3,\"name\":\"European Carton Excellence Award\",\"item\":\"https:\\\/\\\/www.procarton.com\\\/awards\\\/european-carton-excellence-award\\\/\"},{\"@type\":\"ListItem\",\"position\":4,\"name\":\"2017\",\"item\":\"http:\\\/\\\/www.procarton.com\\\/fr\\\/awards\\\/european-carton-excellence-award\\\/2017-2\\\/\"},{\"@type\":\"ListItem\",\"position\":5,\"name\":\"Introduction\"}]},{\"@type\":\"WebSite\",\"@id\":\"https:\\\/\\\/www.procarton.com\\\/es\\\/#website\",\"url\":\"https:\\\/\\\/www.procarton.com\\\/es\\\/\",\"name\":\"Pro Carton\",\"description\":\"\",\"publisher\":{\"@id\":\"https:\\\/\\\/www.procarton.com\\\/es\\\/#organization\"},\"potentialAction\":[{\"@type\":\"SearchAction\",\"target\":{\"@type\":\"EntryPoint\",\"urlTemplate\":\"https:\\\/\\\/www.procarton.com\\\/es\\\/?s={search_term_string}\"},\"query-input\":{\"@type\":\"PropertyValueSpecification\",\"valueRequired\":true,\"valueName\":\"search_term_string\"}}],\"inLanguage\":\"it-IT\"},{\"@type\":\"Organization\",\"@id\":\"https:\\\/\\\/www.procarton.com\\\/es\\\/#organization\",\"name\":\"ProCarton\",\"url\":\"https:\\\/\\\/www.procarton.com\\\/es\\\/\",\"logo\":{\"@type\":\"ImageObject\",\"inLanguage\":\"it-IT\",\"@id\":\"https:\\\/\\\/www.procarton.com\\\/es\\\/#\\\/schema\\\/logo\\\/image\\\/\",\"url\":\"https:\\\/\\\/www.procarton.com\\\/wp-content\\\/uploads\\\/2022\\\/06\\\/logo-mit-slogan.jpg\",\"contentUrl\":\"https:\\\/\\\/www.procarton.com\\\/wp-content\\\/uploads\\\/2022\\\/06\\\/logo-mit-slogan.jpg\",\"width\":422,\"height\":519,\"caption\":\"ProCarton\"},\"image\":{\"@id\":\"https:\\\/\\\/www.procarton.com\\\/es\\\/#\\\/schema\\\/logo\\\/image\\\/\"},\"sameAs\":[\"https:\\\/\\\/www.facebook.com\\\/procartondesignaward\\\/\",\"https:\\\/\\\/x.com\\\/pro_carton\"]}]}<\/script>\n<!-- \/ Yoast SEO plugin. -->","yoast_head_json":{"title":"Introduzione - Pro Carton","robots":{"index":"index","follow":"follow","max-snippet":"max-snippet:-1","max-image-preview":"max-image-preview:large","max-video-preview":"max-video-preview:-1"},"canonical":"https:\/\/www.procarton.com\/it\/awards\/european-carton-excellence-award\/2017-2\/introduction\/","og_locale":"it_IT","og_type":"article","og_title":"Introduction - Pro Carton","og_url":"https:\/\/www.procarton.com\/it\/awards\/european-carton-excellence-award\/2017-2\/introduction\/","og_site_name":"Pro Carton","article_publisher":"https:\/\/www.facebook.com\/procartondesignaward\/","article_modified_time":"2022-03-31T13:25:41+00:00","twitter_card":"summary_large_image","twitter_site":"@pro_carton","twitter_misc":{"Tempo di lettura stimato":"7 minuti"},"schema":{"@context":"https:\/\/schema.org","@graph":[{"@type":"WebPage","@id":"https:\/\/www.procarton.com\/es\/awards\/european-carton-excellence-award\/2017-2\/introduction\/","url":"https:\/\/www.procarton.com\/es\/awards\/european-carton-excellence-award\/2017-2\/introduction\/","name":"Introduzione - Pro Carton","isPartOf":{"@id":"https:\/\/www.procarton.com\/es\/#website"},"datePublished":"2022-03-31T13:20:48+00:00","dateModified":"2022-03-31T13:25:41+00:00","breadcrumb":{"@id":"https:\/\/www.procarton.com\/es\/awards\/european-carton-excellence-award\/2017-2\/introduction\/#breadcrumb"},"inLanguage":"it-IT","potentialAction":[{"@type":"ReadAction","target":["https:\/\/www.procarton.com\/es\/awards\/european-carton-excellence-award\/2017-2\/introduction\/"]}]},{"@type":"BreadcrumbList","@id":"https:\/\/www.procarton.com\/es\/awards\/european-carton-excellence-award\/2017-2\/introduction\/#breadcrumb","itemListElement":[{"@type":"ListItem","position":1,"name":"Home","item":"https:\/\/www.procarton.com\/"},{"@type":"ListItem","position":2,"name":"Awards","item":"https:\/\/www.procarton.com\/awards\/"},{"@type":"ListItem","position":3,"name":"European Carton Excellence Award","item":"https:\/\/www.procarton.com\/awards\/european-carton-excellence-award\/"},{"@type":"ListItem","position":4,"name":"2017","item":"http:\/\/www.procarton.com\/fr\/awards\/european-carton-excellence-award\/2017-2\/"},{"@type":"ListItem","position":5,"name":"Introduction"}]},{"@type":"WebSite","@id":"https:\/\/www.procarton.com\/es\/#website","url":"https:\/\/www.procarton.com\/es\/","name":"Pro Carton","description":"","publisher":{"@id":"https:\/\/www.procarton.com\/es\/#organization"},"potentialAction":[{"@type":"SearchAction","target":{"@type":"EntryPoint","urlTemplate":"https:\/\/www.procarton.com\/es\/?s={search_term_string}"},"query-input":{"@type":"PropertyValueSpecification","valueRequired":true,"valueName":"search_term_string"}}],"inLanguage":"it-IT"},{"@type":"Organization","@id":"https:\/\/www.procarton.com\/es\/#organization","name":"ProCarton","url":"https:\/\/www.procarton.com\/es\/","logo":{"@type":"ImageObject","inLanguage":"it-IT","@id":"https:\/\/www.procarton.com\/es\/#\/schema\/logo\/image\/","url":"https:\/\/www.procarton.com\/wp-content\/uploads\/2022\/06\/logo-mit-slogan.jpg","contentUrl":"https:\/\/www.procarton.com\/wp-content\/uploads\/2022\/06\/logo-mit-slogan.jpg","width":422,"height":519,"caption":"ProCarton"},"image":{"@id":"https:\/\/www.procarton.com\/es\/#\/schema\/logo\/image\/"},"sameAs":["https:\/\/www.facebook.com\/procartondesignaward\/","https:\/\/x.com\/pro_carton"]}]}},"_links":{"self":[{"href":"https:\/\/www.procarton.com\/it\/wp-json\/wp\/v2\/pages\/276248","targetHints":{"allow":["GET"]}}],"collection":[{"href":"https:\/\/www.procarton.com\/it\/wp-json\/wp\/v2\/pages"}],"about":[{"href":"https:\/\/www.procarton.com\/it\/wp-json\/wp\/v2\/types\/page"}],"author":[{"embeddable":true,"href":"https:\/\/www.procarton.com\/it\/wp-json\/wp\/v2\/users\/868"}],"replies":[{"embeddable":true,"href":"https:\/\/www.procarton.com\/it\/wp-json\/wp\/v2\/comments?post=276248"}],"version-history":[{"count":4,"href":"https:\/\/www.procarton.com\/it\/wp-json\/wp\/v2\/pages\/276248\/revisions"}],"predecessor-version":[{"id":276250,"href":"https:\/\/www.procarton.com\/it\/wp-json\/wp\/v2\/pages\/276248\/revisions\/276250"}],"up":[{"embeddable":true,"href":"https:\/\/www.procarton.com\/it\/wp-json\/wp\/v2\/pages\/258273"}],"wp:attachment":[{"href":"https:\/\/www.procarton.com\/it\/wp-json\/wp\/v2\/media?parent=276248"}],"curies":[{"name":"wp","href":"https:\/\/api.w.org\/{rel}","templated":true}]}}