{"id":276237,"date":"2022-03-31T13:56:58","date_gmt":"2022-03-31T12:56:58","guid":{"rendered":"https:\/\/www.procarton.com\/awards\/european-carton-excellence-award\/2018-2\/introduction\/"},"modified":"2022-03-31T14:06:00","modified_gmt":"2022-03-31T13:06:00","slug":"introduction","status":"publish","type":"page","link":"https:\/\/www.procarton.com\/it\/awards\/european-carton-excellence-award\/2018-2\/introduction\/","title":{"rendered":"Introduzione"},"content":{"rendered":"<div class=\"av-animated-generic top-to-bottom flex_column av_two_third  flex_column_div av-zero-column-padding first  avia-builder-el-0  el_before_av_one_third  avia-builder-el-first\" style='border-radius:0px; '>\n<section class=\"av_textblock_section\"  itemscope=\"itemscope\" itemtype=\"https:\/\/schema.org\/CreativeWork\" >\n<div class='avia_textblock'   itemprop=\"text\" >\n<p>L'European Carton Excellence Award \u00e8 l'evento vetrina per l'industria europea del cartoncino e del cartone. Ogni anno la vasta gamma e le capacit\u00e0 dell'industria sono meritatamente messe sotto i riflettori. Il premio riflette chiaramente le tendenze attuali e le innovazioni nel mercato dell'imballaggio.<\/p>\n<p>Le soluzioni di successo in cartoncino sono il futuro nella maggior parte dei settori. Questo perch\u00e9 il cartone \u00e8 uno dei materiali pi\u00f9 sostenibili; \u00e8 anche uno dei migliori quando si tratta di comunicare i valori del marchio, sia per i marchi di lusso che per i prodotti di uso quotidiano.<\/p>\n<p>Quest'anno sono stati apportati alcuni importanti cambiamenti per riconoscere e promuovere ulteriormente l'eccellenza dell'industria del cartone. Soprattutto, abbiamo riclassificato le categorie per rispecchiare le dimensioni dei settori di mercato, per riconoscere la creativit\u00e0 strutturale e le qualit\u00e0 estetiche degli imballaggi e per sottolineare la natura sostenibile dei nostri prodotti.<\/p>\n<p>Come sempre, la giuria proveniva da tutte le aree della catena di approvvigionamento per riflettere le esigenze dei mercati. Vorremmo cogliere l'occasione per ringraziare tutti i giurati per aver svolto il loro difficile compito! La novit\u00e0 di quest'anno \u00e8 stata Andrea Bottan di Nestl\u00e9 che, insieme al presidente della giuria, Satkar Gidda di SiebertHead - la societ\u00e0 internazionale di consulenza per il brand e il packaging design - Lotte Krekels di Carrefour e la designer Susanne Lippitsch hanno selezionato insieme i vincitori e i secondi classificati.<\/p>\n<p>Siamo convinti che il cartone e i cartoni diventeranno il mezzo di imballaggio pi\u00f9 utilizzato nel prossimo decennio. Il design, la struttura e la funzionalit\u00e0 delle soluzioni presentate hanno dimostrato cosa \u00e8 possibile fare con il cartone. L'ultimo premio europeo per gli imballaggi in cartone offre enormi vantaggi alle aziende partecipanti, non solo in termini di pubblicit\u00e0 positiva, ma anche per la motivazione che genera tra i dipendenti.<\/p>\n<p>Il Award gode di grande attenzione in tutta Europa. Inoltre, c'\u00e8 un notevole supporto di marketing - copertura stampa nazionale e internazionale, social media, e-marketing, video, foto, PR del settore, sito web, brochure e, naturalmente, i certificati e i trofei per i vincitori e i finalisti! Potete trovare tutto su www.procarton.com cos\u00ec come sulle piattaforme di social media Facebook, Twitter, Pinterest, Instagram e Linkedin: Per favore, condividi, metti \"mi piace\" e distribuisci!<\/p>\n<p><em>Horst Bittermann, Presidente Pro Carton<\/em><br \/>\n<em>Jean-Fran\u00e7ois Roche, Presidente ECMA<\/em><\/p>\n<p><em>MESSAGGIO DEL DIRETTORE GENERALE DI PRO CARTON<\/em><\/p>\n<p>Questa \u00e8 la prima volta che abbiamo incluso sia i vincitori che i finalisti del Pro Carton Young Designers Award e dell'European Carton Excellence Award in una sola pubblicazione. La ragione per farlo \u00e8 semplice. Avendo visto la qualit\u00e0 del pensiero, della creativit\u00e0 e della campionatura nella comunit\u00e0 degli studenti, crediamo che meritino di essere sullo stesso palco dei vincitori professionisti. Infatti, la presentazione del premio a tutti i vincitori ha avuto luogo al Congresso ECMA in Lettonia quest'anno, quindi perch\u00e9 non mostrarli tutti insieme qui?<\/p>\n<p>Infatti, noi di Pro Carton stiamo cercando di comunicare pi\u00f9 ampiamente con i giovani e stiamo lanciando un programma di educazione scolastica intitolato TICIT (pronunciato tick-it) che spiega il circolo virtuoso di Alberi in Cartoni, Cartoni in Alberi. Cercheremo trasformatori, cartiere, fornitori e altri partner della catena di fornitura per aiutarci nell'insegnamento, e potrete saperne di pi\u00f9 sul sito web di Pro Carton.<\/p>\n<p>Infatti, vorrei chiedere ancora una volta il vostro aiuto per diffondere il messaggio del cartone. Il cartone \u00e8 rinnovabile, riciclabile e biodegradabile....\u00e8 veramente sostenibile....e non molti materiali possono vantare questa affermazione. Ma stiamo usando le nostre risorse combinate abbastanza bene per diffondere questo messaggio? Chiaramente no. Ancora un gran numero di consumatori crede che gli imballaggi di carta causino la deforestazione, ma come molti di voi sapranno le foreste europee si stanno espandendo dell'equivalente di 1.500 campi da calcio completi ogni giorno!<\/p>\n<p>Secondo Eurostat, l'82,6% degli imballaggi a base di carta viene gi\u00e0 inviato al riciclaggio e anche se non viene riciclato, il cartone pu\u00f2 biodegradarsi in circa tre mesi e non lascer\u00e0 una cicatrice a lungo termine sul nostro ambiente.<\/p>\n<p>Quindi, se c'\u00e8 una cosa che farete dopo aver letto questa brochure, chiedete ai vostri colleghi, amici e familiari di controllare, mettere \"mi piace\" e condividere le nostre pagine sui social media. Potete trovarci su Facebook, LinkedIn, Twitter e Instagram. Riuscite a immaginare il potere della nostra voce se lavorassimo insieme su questo?<\/p>\n<p>Grazie per il vostro aiuto.<\/p>\n<p><em>Tony Hitchin,<\/em><br \/>\n<em>Direttore Generale, Pro Carton<\/em><br \/>\n<em>Settembre 2018<\/em><\/p>\n<\/div>\n<\/section>\n<\/div>\n<div class=\"av-animated-generic top-to-bottom flex_column av_one_third  flex_column_div av-zero-column-padding   avia-builder-el-2  el_after_av_two_third  avia-builder-el-last\" style='border-radius:0px; '>\n<div  class='avia-image-container  av-styling-no-styling    avia-builder-el-3  el_before_av_image  avia-builder-el-first  avia-align-center'  itemprop=\"image\" itemscope=\"itemscope\" itemtype=\"https:\/\/schema.org\/ImageObject\"  >\n<div class='avia-image-container-inner'>\n<div class='avia-image-overlay-wrap'><img decoding=\"async\" width=\"300\" height=\"240\" class='wp-image-258623 avia-img-lazy-loading-not-258623 avia_image' src=\"https:\/\/www.procarton.com\/wp-content\/uploads\/2021\/03\/bittermann_18-300x240.jpeg\" alt='' title='bittermann_18'  itemprop=\"thumbnailUrl\" srcset=\"https:\/\/www.procarton.com\/wp-content\/uploads\/2021\/03\/bittermann_18-300x240.jpeg 300w, https:\/\/www.procarton.com\/wp-content\/uploads\/2021\/03\/bittermann_18-1030x824.jpeg 1030w, https:\/\/www.procarton.com\/wp-content\/uploads\/2021\/03\/bittermann_18-768x614.jpeg 768w, https:\/\/www.procarton.com\/wp-content\/uploads\/2021\/03\/bittermann_18-1536x1229.jpeg 1536w, https:\/\/www.procarton.com\/wp-content\/uploads\/2021\/03\/bittermann_18-15x12.jpeg 15w, https:\/\/www.procarton.com\/wp-content\/uploads\/2021\/03\/bittermann_18-1500x1200.jpeg 1500w, https:\/\/www.procarton.com\/wp-content\/uploads\/2021\/03\/bittermann_18-705x564.jpeg 705w, https:\/\/www.procarton.com\/wp-content\/uploads\/2021\/03\/bittermann_18.jpeg 1920w\" sizes=\"(max-width: 300px) 100vw, 300px\" \/><\/div>\n<\/div>\n<\/div>\n<div  class='avia-image-container  av-styling-no-styling    avia-builder-el-4  el_after_av_image  el_before_av_image  avia-align-center'  itemprop=\"image\" itemscope=\"itemscope\" itemtype=\"https:\/\/schema.org\/ImageObject\"  >\n<div class='avia-image-container-inner'>\n<div class='avia-image-overlay-wrap'><img decoding=\"async\" width=\"300\" height=\"200\" class='wp-image-258624 avia-img-lazy-loading-not-258624 avia_image' src=\"https:\/\/www.procarton.com\/wp-content\/uploads\/2021\/03\/roche-tv-300x200.jpeg\" alt='' title='roche-tv'  itemprop=\"thumbnailUrl\" srcset=\"https:\/\/www.procarton.com\/wp-content\/uploads\/2021\/03\/roche-tv-300x200.jpeg 300w, https:\/\/www.procarton.com\/wp-content\/uploads\/2021\/03\/roche-tv-18x12.jpeg 18w, https:\/\/www.procarton.com\/wp-content\/uploads\/2021\/03\/roche-tv-328x219.jpeg 328w, https:\/\/www.procarton.com\/wp-content\/uploads\/2021\/03\/roche-tv.jpeg 600w\" sizes=\"(max-width: 300px) 100vw, 300px\" \/><\/div>\n<\/div>\n<\/div>\n<div  class='avia-image-container  av-styling-no-styling    avia-builder-el-5  el_after_av_image  avia-builder-el-last  avia-align-center'  itemprop=\"image\" itemscope=\"itemscope\" itemtype=\"https:\/\/schema.org\/ImageObject\"  >\n<div class='avia-image-container-inner'>\n<div class='avia-image-overlay-wrap'><img decoding=\"async\" width=\"300\" height=\"200\" class='wp-image-242249 avia-img-lazy-loading-not-242249 avia_image' src=\"https:\/\/www.procarton.com\/wp-content\/uploads\/2021\/02\/tony-hitchin-300x200.jpg\" alt='' title='tony hitchin'  itemprop=\"thumbnailUrl\" srcset=\"https:\/\/www.procarton.com\/wp-content\/uploads\/2021\/02\/tony-hitchin-300x200.jpg 300w, https:\/\/www.procarton.com\/wp-content\/uploads\/2021\/02\/tony-hitchin-18x12.jpg 18w, https:\/\/www.procarton.com\/wp-content\/uploads\/2021\/02\/tony-hitchin-328x219.jpg 328w, https:\/\/www.procarton.com\/wp-content\/uploads\/2021\/02\/tony-hitchin.jpg 600w\" sizes=\"(max-width: 300px) 100vw, 300px\" \/><\/div>\n<\/div>\n<\/div>\n<\/div>","protected":false},"excerpt":{"rendered":"","protected":false},"author":868,"featured_media":0,"parent":243778,"menu_order":0,"comment_status":"closed","ping_status":"closed","template":"templates\/award_details_page.php","meta":{"inline_featured_image":false,"footnotes":""},"class_list":["post-276237","page","type-page","status-publish","hentry"],"yoast_head":"<!-- This site is optimized with the Yoast SEO plugin v27.4 - https:\/\/yoast.com\/product\/yoast-seo-wordpress\/ -->\n<title>Introduction - Pro Carton<\/title>\n<meta name=\"robots\" content=\"index, follow, max-snippet:-1, max-image-preview:large, max-video-preview:-1\" \/>\n<link rel=\"canonical\" href=\"https:\/\/www.procarton.com\/it\/awards\/european-carton-excellence-award\/2018-2\/introduction\/\" \/>\n<meta property=\"og:locale\" content=\"it_IT\" \/>\n<meta property=\"og:type\" content=\"article\" \/>\n<meta property=\"og:title\" content=\"Introduction - Pro Carton\" \/>\n<meta property=\"og:url\" content=\"https:\/\/www.procarton.com\/it\/awards\/european-carton-excellence-award\/2018-2\/introduction\/\" \/>\n<meta property=\"og:site_name\" content=\"Pro Carton\" \/>\n<meta property=\"article:publisher\" content=\"https:\/\/www.facebook.com\/procartondesignaward\/\" \/>\n<meta property=\"article:modified_time\" content=\"2022-03-31T13:06:00+00:00\" \/>\n<meta name=\"twitter:card\" content=\"summary_large_image\" \/>\n<meta name=\"twitter:site\" content=\"@pro_carton\" \/>\n<meta name=\"twitter:label1\" content=\"Tempo di lettura stimato\" \/>\n\t<meta name=\"twitter:data1\" content=\"6 minuti\" \/>\n<script type=\"application\/ld+json\" class=\"yoast-schema-graph\">{\"@context\":\"https:\\\/\\\/schema.org\",\"@graph\":[{\"@type\":\"WebPage\",\"@id\":\"https:\\\/\\\/www.procarton.com\\\/es\\\/awards\\\/european-carton-excellence-award\\\/2018-2\\\/introduction\\\/\",\"url\":\"https:\\\/\\\/www.procarton.com\\\/es\\\/awards\\\/european-carton-excellence-award\\\/2018-2\\\/introduction\\\/\",\"name\":\"Introduction - Pro Carton\",\"isPartOf\":{\"@id\":\"https:\\\/\\\/www.procarton.com\\\/es\\\/#website\"},\"datePublished\":\"2022-03-31T12:56:58+00:00\",\"dateModified\":\"2022-03-31T13:06:00+00:00\",\"breadcrumb\":{\"@id\":\"https:\\\/\\\/www.procarton.com\\\/es\\\/awards\\\/european-carton-excellence-award\\\/2018-2\\\/introduction\\\/#breadcrumb\"},\"inLanguage\":\"it-IT\",\"potentialAction\":[{\"@type\":\"ReadAction\",\"target\":[\"https:\\\/\\\/www.procarton.com\\\/es\\\/awards\\\/european-carton-excellence-award\\\/2018-2\\\/introduction\\\/\"]}]},{\"@type\":\"BreadcrumbList\",\"@id\":\"https:\\\/\\\/www.procarton.com\\\/es\\\/awards\\\/european-carton-excellence-award\\\/2018-2\\\/introduction\\\/#breadcrumb\",\"itemListElement\":[{\"@type\":\"ListItem\",\"position\":1,\"name\":\"Home\",\"item\":\"https:\\\/\\\/www.procarton.com\\\/\"},{\"@type\":\"ListItem\",\"position\":2,\"name\":\"Awards\",\"item\":\"https:\\\/\\\/www.procarton.com\\\/awards\\\/\"},{\"@type\":\"ListItem\",\"position\":3,\"name\":\"European Carton Excellence Award\",\"item\":\"https:\\\/\\\/www.procarton.com\\\/awards\\\/european-carton-excellence-award\\\/\"},{\"@type\":\"ListItem\",\"position\":4,\"name\":\"2018\",\"item\":\"https:\\\/\\\/www.procarton.com\\\/es\\\/awards\\\/european-carton-excellence-award\\\/2018-2\\\/\"},{\"@type\":\"ListItem\",\"position\":5,\"name\":\"Introduction\"}]},{\"@type\":\"WebSite\",\"@id\":\"https:\\\/\\\/www.procarton.com\\\/es\\\/#website\",\"url\":\"https:\\\/\\\/www.procarton.com\\\/es\\\/\",\"name\":\"Pro Carton\",\"description\":\"\",\"publisher\":{\"@id\":\"https:\\\/\\\/www.procarton.com\\\/es\\\/#organization\"},\"potentialAction\":[{\"@type\":\"SearchAction\",\"target\":{\"@type\":\"EntryPoint\",\"urlTemplate\":\"https:\\\/\\\/www.procarton.com\\\/es\\\/?s={search_term_string}\"},\"query-input\":{\"@type\":\"PropertyValueSpecification\",\"valueRequired\":true,\"valueName\":\"search_term_string\"}}],\"inLanguage\":\"it-IT\"},{\"@type\":\"Organization\",\"@id\":\"https:\\\/\\\/www.procarton.com\\\/es\\\/#organization\",\"name\":\"ProCarton\",\"url\":\"https:\\\/\\\/www.procarton.com\\\/es\\\/\",\"logo\":{\"@type\":\"ImageObject\",\"inLanguage\":\"it-IT\",\"@id\":\"https:\\\/\\\/www.procarton.com\\\/es\\\/#\\\/schema\\\/logo\\\/image\\\/\",\"url\":\"https:\\\/\\\/www.procarton.com\\\/wp-content\\\/uploads\\\/2022\\\/06\\\/logo-mit-slogan.jpg\",\"contentUrl\":\"https:\\\/\\\/www.procarton.com\\\/wp-content\\\/uploads\\\/2022\\\/06\\\/logo-mit-slogan.jpg\",\"width\":422,\"height\":519,\"caption\":\"ProCarton\"},\"image\":{\"@id\":\"https:\\\/\\\/www.procarton.com\\\/es\\\/#\\\/schema\\\/logo\\\/image\\\/\"},\"sameAs\":[\"https:\\\/\\\/www.facebook.com\\\/procartondesignaward\\\/\",\"https:\\\/\\\/x.com\\\/pro_carton\"]}]}<\/script>\n<!-- \/ Yoast SEO plugin. -->","yoast_head_json":{"title":"Introduzione - Pro Carton","robots":{"index":"index","follow":"follow","max-snippet":"max-snippet:-1","max-image-preview":"max-image-preview:large","max-video-preview":"max-video-preview:-1"},"canonical":"https:\/\/www.procarton.com\/it\/awards\/european-carton-excellence-award\/2018-2\/introduction\/","og_locale":"it_IT","og_type":"article","og_title":"Introduction - Pro Carton","og_url":"https:\/\/www.procarton.com\/it\/awards\/european-carton-excellence-award\/2018-2\/introduction\/","og_site_name":"Pro Carton","article_publisher":"https:\/\/www.facebook.com\/procartondesignaward\/","article_modified_time":"2022-03-31T13:06:00+00:00","twitter_card":"summary_large_image","twitter_site":"@pro_carton","twitter_misc":{"Tempo di lettura stimato":"6 minuti"},"schema":{"@context":"https:\/\/schema.org","@graph":[{"@type":"WebPage","@id":"https:\/\/www.procarton.com\/es\/awards\/european-carton-excellence-award\/2018-2\/introduction\/","url":"https:\/\/www.procarton.com\/es\/awards\/european-carton-excellence-award\/2018-2\/introduction\/","name":"Introduzione - Pro Carton","isPartOf":{"@id":"https:\/\/www.procarton.com\/es\/#website"},"datePublished":"2022-03-31T12:56:58+00:00","dateModified":"2022-03-31T13:06:00+00:00","breadcrumb":{"@id":"https:\/\/www.procarton.com\/es\/awards\/european-carton-excellence-award\/2018-2\/introduction\/#breadcrumb"},"inLanguage":"it-IT","potentialAction":[{"@type":"ReadAction","target":["https:\/\/www.procarton.com\/es\/awards\/european-carton-excellence-award\/2018-2\/introduction\/"]}]},{"@type":"BreadcrumbList","@id":"https:\/\/www.procarton.com\/es\/awards\/european-carton-excellence-award\/2018-2\/introduction\/#breadcrumb","itemListElement":[{"@type":"ListItem","position":1,"name":"Home","item":"https:\/\/www.procarton.com\/"},{"@type":"ListItem","position":2,"name":"Awards","item":"https:\/\/www.procarton.com\/awards\/"},{"@type":"ListItem","position":3,"name":"European Carton Excellence Award","item":"https:\/\/www.procarton.com\/awards\/european-carton-excellence-award\/"},{"@type":"ListItem","position":4,"name":"2018","item":"https:\/\/www.procarton.com\/es\/awards\/european-carton-excellence-award\/2018-2\/"},{"@type":"ListItem","position":5,"name":"Introduction"}]},{"@type":"WebSite","@id":"https:\/\/www.procarton.com\/es\/#website","url":"https:\/\/www.procarton.com\/es\/","name":"Pro Carton","description":"","publisher":{"@id":"https:\/\/www.procarton.com\/es\/#organization"},"potentialAction":[{"@type":"SearchAction","target":{"@type":"EntryPoint","urlTemplate":"https:\/\/www.procarton.com\/es\/?s={search_term_string}"},"query-input":{"@type":"PropertyValueSpecification","valueRequired":true,"valueName":"search_term_string"}}],"inLanguage":"it-IT"},{"@type":"Organization","@id":"https:\/\/www.procarton.com\/es\/#organization","name":"ProCarton","url":"https:\/\/www.procarton.com\/es\/","logo":{"@type":"ImageObject","inLanguage":"it-IT","@id":"https:\/\/www.procarton.com\/es\/#\/schema\/logo\/image\/","url":"https:\/\/www.procarton.com\/wp-content\/uploads\/2022\/06\/logo-mit-slogan.jpg","contentUrl":"https:\/\/www.procarton.com\/wp-content\/uploads\/2022\/06\/logo-mit-slogan.jpg","width":422,"height":519,"caption":"ProCarton"},"image":{"@id":"https:\/\/www.procarton.com\/es\/#\/schema\/logo\/image\/"},"sameAs":["https:\/\/www.facebook.com\/procartondesignaward\/","https:\/\/x.com\/pro_carton"]}]}},"_links":{"self":[{"href":"https:\/\/www.procarton.com\/it\/wp-json\/wp\/v2\/pages\/276237","targetHints":{"allow":["GET"]}}],"collection":[{"href":"https:\/\/www.procarton.com\/it\/wp-json\/wp\/v2\/pages"}],"about":[{"href":"https:\/\/www.procarton.com\/it\/wp-json\/wp\/v2\/types\/page"}],"author":[{"embeddable":true,"href":"https:\/\/www.procarton.com\/it\/wp-json\/wp\/v2\/users\/868"}],"replies":[{"embeddable":true,"href":"https:\/\/www.procarton.com\/it\/wp-json\/wp\/v2\/comments?post=276237"}],"version-history":[{"count":5,"href":"https:\/\/www.procarton.com\/it\/wp-json\/wp\/v2\/pages\/276237\/revisions"}],"predecessor-version":[{"id":276241,"href":"https:\/\/www.procarton.com\/it\/wp-json\/wp\/v2\/pages\/276237\/revisions\/276241"}],"up":[{"embeddable":true,"href":"https:\/\/www.procarton.com\/it\/wp-json\/wp\/v2\/pages\/243778"}],"wp:attachment":[{"href":"https:\/\/www.procarton.com\/it\/wp-json\/wp\/v2\/media?parent=276237"}],"curies":[{"name":"wp","href":"https:\/\/api.w.org\/{rel}","templated":true}]}}