{"id":276061,"date":"2022-03-29T19:53:40","date_gmt":"2022-03-29T18:53:40","guid":{"rendered":"https:\/\/www.procarton.com\/awards\/european-carton-excellence-award\/2004-2\/jury\/"},"modified":"2022-03-29T19:54:01","modified_gmt":"2022-03-29T18:54:01","slug":"jury","status":"publish","type":"page","link":"https:\/\/www.procarton.com\/it\/awards\/european-carton-excellence-award\/2004-2\/jury\/","title":{"rendered":"Giuria"},"content":{"rendered":"<div class=\"container main-content\" data-page-id=\"17694\">\n<div class=\"clearfix\">\n<div id=\"primary\" class=\"content-area col-sm-12\">\n<div id=\"content\" class=\"site-content\" role=\"main\">\n<p><strong>RELAZIONE DEL PRESIDENTE DELLA GIURIA 2004<\/strong><\/p>\n<p>Questo \u00e8 solo il mio secondo anno come presidente, ma posso confermarvi che far parte della giuria \u00e8 un'esperienza emozionante e contagiosa. Prima del giudizio, mentre aspettavamo di entrare nella sala in cui sono esposti tutti i lavori, ci siamo chiesti quali sorprese ci avrebbe riservato quest'anno. E non siamo rimasti delusi dalla ricchezza della qualit\u00e0 di gran parte delle opere presentate.<\/p>\n<p>Anche il numero di contributi \u00e8 stato molto elevato (grazie a tutti i collaboratori!), solo un po' meno dell'anno scorso, per cui c'era l'imbarazzo della scelta, ma, e c'\u00e8 sempre un ma, il dominio di alcune categorie, sia in termini numerici che di idee innovative, \u00e8 fin troppo evidente.<\/p>\n<p>Per le categorie di routine ben supportate, c'\u00e8 sempre un'eccedenza di buone idee. Ma per le categorie pi\u00f9 deboli, nulla si distingue come una grande soluzione. Peggio ancora, \u00e8 possibile che nessuna delle proposte sia di qualit\u00e0 sufficiente per ottenere un premio. \u00c8 un vero peccato perch\u00e9, come dice Richard Dalgleish nella sua prefazione, ci sono molti pacchetti fantastici nei negozi.\u00a0<em>Perch\u00e9 non partecipano al concorso?<\/em>\u00a0Se si trattasse solo di un concorso di eccellenza tecnica, sono certo che ci sarebbero stati molti vincitori. Non c'\u00e8 dubbio che lo standard di esecuzione sia esemplare. Tuttavia, si tratta di un concorso che riguarda attributi pi\u00f9 ampi, principalmente i vantaggi per i consumatori, che includono un elemento estetico. Questo vale anche per il cosiddetto packaging \"funzionale\".<\/p>\n<p>\u00c8 questa l'area in cui incontriamo difficolt\u00e0. Quest'anno, infatti, la categoria dei prodotti farmaceutici non \u00e8 stata giudicata in grado di offrire un livello di partecipazione tale da meritare un premio. Questo \u00e8 molto triste, considerando che si tratta di una categoria in cui non c'\u00e8 la stessa pressione sui costi di confezionamento che si riscontra negli alimenti e nelle bevande tradizionali. Qual \u00e8 il problema? Non ci sono abbastanza innovazioni\/rinnovamenti? Non credo. Non stiamo ricevendo un numero rappresentativo di iscrizioni? \u00c8 pi\u00f9 probabile.<\/p>\n<p>Vorrei suggerire che, se vogliamo creare l'alto profilo necessario per rendere il packaging un vero e proprio mezzo di comunicazione ad alte prestazioni, dobbiamo inserire le voci mancanti non solo nella categoria farmaceutica, ma in tutte le categorie.<\/p>\n<p>Gli addetti al marketing delle aziende clienti non sono necessariamente interessati solo ai mass media. Se vedono un'opportunit\u00e0 genuina creata da un packaging emozionante, la afferrano con entrambe le mani. Qualche commento personale sui vincitori.<\/p>\n<p>Il premio per l'innovazione, che premia l'eccellenza del pensiero \"fuori dagli schemi\", \u00e8 stato meritato dallo starter kit per barbecue. Ha mostrato una caratteristica rara: era auto liquidante! La giuria ha apprezzato molto il fatto che questa confezione fosse davvero \"olistica\" e si smaltisse da sola alla fine della sua vita. Ce ne sono altri in giro cos\u00ec? Spero di s\u00ec. Lavorate per il 2005!<\/p>\n<p>Il cartone dell'anno \u00e8 stato semplicemente un uso molto elegante della capacit\u00e0 del cartone solido di trasformarsi in una forma davvero piacevole che non fosse una scatola rettangolare. Gli aspetti tecnici ed estetici di questa confezione si sono uniti in modo davvero perfetto per creare una forma quasi organica. Inoltre, si \u00e8 aperta per creare un'ottima confezione da tavola da condividere in famiglia.<\/p>\n<p>Gli altri vincitori hanno presentato una serie di caratteristiche sorprendenti:<\/p>\n<ul>\n<li>La confezione di profumeria \"appoggiata\", molto diversa dalle altre. \u00c8 stato necessario un po' di coraggio per portare sul mercato questa confezione, che ha infranto una regola di base dell'utilizzo degli scaffali per il merchandising.<\/li>\n<li>La confezione di riso, che faceva tutto quello che si poteva chiedere a una confezione, e anche di pi\u00f9.<\/li>\n<li>Un'etichetta semplice e diversa dal solito per una confezione di succo di frutta, che lascia trasparire la naturalezza.<\/li>\n<li>La confezione a due cassetti per le mentine al cioccolato: una piccola sorpresa fa molto bene.<\/li>\n<\/ul>\n<p>\u00c8 stato un piacere sceglierli tutti come vincitori, perch\u00e9 si sono meritati il premio grazie a molte dimensioni di attrattiva, sia tecnica che comunicativa.<\/p>\n<p><strong>Un ultimo pensiero.<\/strong><br \/>\nL'imballaggio \u00e8 chiaramente un mezzo di comunicazione ad alte prestazioni; al suo meglio \u00e8 pari a qualsiasi altro mezzo di comunicazione. Il rapporto qualit\u00e0-prezzo \u00e8 assoluto. Ma non possiamo smettere di spingerlo e di sostenerlo. Se lo facessimo, perderebbe il suo slancio. Contiamo su di voi, sui fornitori di materiali, sull'industria della prestampa, sugli stampatori e sui trasformatori per aiutarci a promuovere questo grande mezzo. Grazie mille per il 2004 e facciamo in modo che il 2005 sia ancora migliore!<\/p>\n<p><strong>Allan Boyle,<br \/>\nVevey, agosto 2004<\/strong><\/p>\n<div class=\"clearfix\"><\/div>\n<\/div>\n<div class=\"clearfix\"><\/div>\n<\/div>\n<\/div>\n<div class=\"row\"><\/div>\n<\/div>\n<footer>\n<div class=\"top-footer\">\n<div class=\"container text-center\">\n<div class=\"row\">\n<div class=\"col-lg-4 col-lg-offset-4\"><\/div>\n<\/div>\n<\/div>\n<\/div>\n<\/footer>","protected":false},"excerpt":{"rendered":"<p>JURY CHAIRMAN\u2019S REPORT 2004 This is only my second year as Chairman, but I can confirm to you that being part of the jury is an exciting and infectious experience. Before the judging, as we waited to enter the room where all the exhibits are laid out, we wondered what surprises were in store this [&hellip;]<\/p>\n","protected":false},"author":868,"featured_media":0,"parent":258286,"menu_order":0,"comment_status":"closed","ping_status":"closed","template":"","meta":{"inline_featured_image":false,"footnotes":""},"class_list":["post-276061","page","type-page","status-publish","hentry"],"yoast_head":"<!-- This site is optimized with the Yoast SEO plugin v27.4 - https:\/\/yoast.com\/product\/yoast-seo-wordpress\/ -->\n<title>Jury - Pro Carton<\/title>\n<meta name=\"robots\" content=\"index, follow, max-snippet:-1, max-image-preview:large, max-video-preview:-1\" \/>\n<link rel=\"canonical\" href=\"https:\/\/www.procarton.com\/it\/awards\/european-carton-excellence-award\/2004-2\/jury\/\" \/>\n<meta property=\"og:locale\" content=\"it_IT\" \/>\n<meta property=\"og:type\" content=\"article\" \/>\n<meta property=\"og:title\" content=\"Jury - Pro Carton\" \/>\n<meta property=\"og:description\" content=\"JURY CHAIRMAN\u2019S REPORT 2004 This is only my second year as Chairman, but I can confirm to you that being part of the jury is an exciting and infectious experience. Before the judging, as we waited to enter the room where all the exhibits are laid out, we wondered what surprises were in store this [&hellip;]\" \/>\n<meta property=\"og:url\" content=\"https:\/\/www.procarton.com\/it\/awards\/european-carton-excellence-award\/2004-2\/jury\/\" \/>\n<meta property=\"og:site_name\" content=\"Pro Carton\" \/>\n<meta property=\"article:publisher\" content=\"https:\/\/www.facebook.com\/procartondesignaward\/\" \/>\n<meta property=\"article:modified_time\" content=\"2022-03-29T18:54:01+00:00\" \/>\n<meta name=\"twitter:card\" content=\"summary_large_image\" \/>\n<meta name=\"twitter:site\" content=\"@pro_carton\" \/>\n<meta name=\"twitter:label1\" content=\"Tempo di lettura stimato\" \/>\n\t<meta name=\"twitter:data1\" content=\"4 minuti\" \/>\n<script type=\"application\/ld+json\" class=\"yoast-schema-graph\">{\"@context\":\"https:\\\/\\\/schema.org\",\"@graph\":[{\"@type\":\"WebPage\",\"@id\":\"https:\\\/\\\/www.procarton.com\\\/es\\\/awards\\\/european-carton-excellence-award\\\/2004-2\\\/jury\\\/\",\"url\":\"https:\\\/\\\/www.procarton.com\\\/es\\\/awards\\\/european-carton-excellence-award\\\/2004-2\\\/jury\\\/\",\"name\":\"Jury - Pro Carton\",\"isPartOf\":{\"@id\":\"https:\\\/\\\/www.procarton.com\\\/es\\\/#website\"},\"datePublished\":\"2022-03-29T18:53:40+00:00\",\"dateModified\":\"2022-03-29T18:54:01+00:00\",\"breadcrumb\":{\"@id\":\"https:\\\/\\\/www.procarton.com\\\/es\\\/awards\\\/european-carton-excellence-award\\\/2004-2\\\/jury\\\/#breadcrumb\"},\"inLanguage\":\"it-IT\",\"potentialAction\":[{\"@type\":\"ReadAction\",\"target\":[\"https:\\\/\\\/www.procarton.com\\\/es\\\/awards\\\/european-carton-excellence-award\\\/2004-2\\\/jury\\\/\"]}]},{\"@type\":\"BreadcrumbList\",\"@id\":\"https:\\\/\\\/www.procarton.com\\\/es\\\/awards\\\/european-carton-excellence-award\\\/2004-2\\\/jury\\\/#breadcrumb\",\"itemListElement\":[{\"@type\":\"ListItem\",\"position\":1,\"name\":\"Home\",\"item\":\"https:\\\/\\\/www.procarton.com\\\/\"},{\"@type\":\"ListItem\",\"position\":2,\"name\":\"Awards\",\"item\":\"https:\\\/\\\/www.procarton.com\\\/awards\\\/\"},{\"@type\":\"ListItem\",\"position\":3,\"name\":\"European Carton Excellence Award\",\"item\":\"https:\\\/\\\/www.procarton.com\\\/awards\\\/european-carton-excellence-award\\\/\"},{\"@type\":\"ListItem\",\"position\":4,\"name\":\"2004\",\"item\":\"https:\\\/\\\/www.procarton.com\\\/de\\\/awards\\\/european-carton-excellence-award\\\/2004-2\\\/\"},{\"@type\":\"ListItem\",\"position\":5,\"name\":\"Jury\"}]},{\"@type\":\"WebSite\",\"@id\":\"https:\\\/\\\/www.procarton.com\\\/es\\\/#website\",\"url\":\"https:\\\/\\\/www.procarton.com\\\/es\\\/\",\"name\":\"Pro Carton\",\"description\":\"\",\"publisher\":{\"@id\":\"https:\\\/\\\/www.procarton.com\\\/es\\\/#organization\"},\"potentialAction\":[{\"@type\":\"SearchAction\",\"target\":{\"@type\":\"EntryPoint\",\"urlTemplate\":\"https:\\\/\\\/www.procarton.com\\\/es\\\/?s={search_term_string}\"},\"query-input\":{\"@type\":\"PropertyValueSpecification\",\"valueRequired\":true,\"valueName\":\"search_term_string\"}}],\"inLanguage\":\"it-IT\"},{\"@type\":\"Organization\",\"@id\":\"https:\\\/\\\/www.procarton.com\\\/es\\\/#organization\",\"name\":\"ProCarton\",\"url\":\"https:\\\/\\\/www.procarton.com\\\/es\\\/\",\"logo\":{\"@type\":\"ImageObject\",\"inLanguage\":\"it-IT\",\"@id\":\"https:\\\/\\\/www.procarton.com\\\/es\\\/#\\\/schema\\\/logo\\\/image\\\/\",\"url\":\"https:\\\/\\\/www.procarton.com\\\/wp-content\\\/uploads\\\/2022\\\/06\\\/logo-mit-slogan.jpg\",\"contentUrl\":\"https:\\\/\\\/www.procarton.com\\\/wp-content\\\/uploads\\\/2022\\\/06\\\/logo-mit-slogan.jpg\",\"width\":422,\"height\":519,\"caption\":\"ProCarton\"},\"image\":{\"@id\":\"https:\\\/\\\/www.procarton.com\\\/es\\\/#\\\/schema\\\/logo\\\/image\\\/\"},\"sameAs\":[\"https:\\\/\\\/www.facebook.com\\\/procartondesignaward\\\/\",\"https:\\\/\\\/x.com\\\/pro_carton\"]}]}<\/script>\n<!-- \/ Yoast SEO plugin. -->","yoast_head_json":{"title":"Giuria - Cartone Pro","robots":{"index":"index","follow":"follow","max-snippet":"max-snippet:-1","max-image-preview":"max-image-preview:large","max-video-preview":"max-video-preview:-1"},"canonical":"https:\/\/www.procarton.com\/it\/awards\/european-carton-excellence-award\/2004-2\/jury\/","og_locale":"it_IT","og_type":"article","og_title":"Jury - Pro Carton","og_description":"JURY CHAIRMAN\u2019S REPORT 2004 This is only my second year as Chairman, but I can confirm to you that being part of the jury is an exciting and infectious experience. Before the judging, as we waited to enter the room where all the exhibits are laid out, we wondered what surprises were in store this [&hellip;]","og_url":"https:\/\/www.procarton.com\/it\/awards\/european-carton-excellence-award\/2004-2\/jury\/","og_site_name":"Pro Carton","article_publisher":"https:\/\/www.facebook.com\/procartondesignaward\/","article_modified_time":"2022-03-29T18:54:01+00:00","twitter_card":"summary_large_image","twitter_site":"@pro_carton","twitter_misc":{"Tempo di lettura stimato":"4 minuti"},"schema":{"@context":"https:\/\/schema.org","@graph":[{"@type":"WebPage","@id":"https:\/\/www.procarton.com\/es\/awards\/european-carton-excellence-award\/2004-2\/jury\/","url":"https:\/\/www.procarton.com\/es\/awards\/european-carton-excellence-award\/2004-2\/jury\/","name":"Giuria - Cartone Pro","isPartOf":{"@id":"https:\/\/www.procarton.com\/es\/#website"},"datePublished":"2022-03-29T18:53:40+00:00","dateModified":"2022-03-29T18:54:01+00:00","breadcrumb":{"@id":"https:\/\/www.procarton.com\/es\/awards\/european-carton-excellence-award\/2004-2\/jury\/#breadcrumb"},"inLanguage":"it-IT","potentialAction":[{"@type":"ReadAction","target":["https:\/\/www.procarton.com\/es\/awards\/european-carton-excellence-award\/2004-2\/jury\/"]}]},{"@type":"BreadcrumbList","@id":"https:\/\/www.procarton.com\/es\/awards\/european-carton-excellence-award\/2004-2\/jury\/#breadcrumb","itemListElement":[{"@type":"ListItem","position":1,"name":"Home","item":"https:\/\/www.procarton.com\/"},{"@type":"ListItem","position":2,"name":"Awards","item":"https:\/\/www.procarton.com\/awards\/"},{"@type":"ListItem","position":3,"name":"European Carton Excellence Award","item":"https:\/\/www.procarton.com\/awards\/european-carton-excellence-award\/"},{"@type":"ListItem","position":4,"name":"2004","item":"https:\/\/www.procarton.com\/de\/awards\/european-carton-excellence-award\/2004-2\/"},{"@type":"ListItem","position":5,"name":"Jury"}]},{"@type":"WebSite","@id":"https:\/\/www.procarton.com\/es\/#website","url":"https:\/\/www.procarton.com\/es\/","name":"Pro Carton","description":"","publisher":{"@id":"https:\/\/www.procarton.com\/es\/#organization"},"potentialAction":[{"@type":"SearchAction","target":{"@type":"EntryPoint","urlTemplate":"https:\/\/www.procarton.com\/es\/?s={search_term_string}"},"query-input":{"@type":"PropertyValueSpecification","valueRequired":true,"valueName":"search_term_string"}}],"inLanguage":"it-IT"},{"@type":"Organization","@id":"https:\/\/www.procarton.com\/es\/#organization","name":"ProCarton","url":"https:\/\/www.procarton.com\/es\/","logo":{"@type":"ImageObject","inLanguage":"it-IT","@id":"https:\/\/www.procarton.com\/es\/#\/schema\/logo\/image\/","url":"https:\/\/www.procarton.com\/wp-content\/uploads\/2022\/06\/logo-mit-slogan.jpg","contentUrl":"https:\/\/www.procarton.com\/wp-content\/uploads\/2022\/06\/logo-mit-slogan.jpg","width":422,"height":519,"caption":"ProCarton"},"image":{"@id":"https:\/\/www.procarton.com\/es\/#\/schema\/logo\/image\/"},"sameAs":["https:\/\/www.facebook.com\/procartondesignaward\/","https:\/\/x.com\/pro_carton"]}]}},"_links":{"self":[{"href":"https:\/\/www.procarton.com\/it\/wp-json\/wp\/v2\/pages\/276061","targetHints":{"allow":["GET"]}}],"collection":[{"href":"https:\/\/www.procarton.com\/it\/wp-json\/wp\/v2\/pages"}],"about":[{"href":"https:\/\/www.procarton.com\/it\/wp-json\/wp\/v2\/types\/page"}],"author":[{"embeddable":true,"href":"https:\/\/www.procarton.com\/it\/wp-json\/wp\/v2\/users\/868"}],"replies":[{"embeddable":true,"href":"https:\/\/www.procarton.com\/it\/wp-json\/wp\/v2\/comments?post=276061"}],"version-history":[{"count":3,"href":"https:\/\/www.procarton.com\/it\/wp-json\/wp\/v2\/pages\/276061\/revisions"}],"predecessor-version":[{"id":276065,"href":"https:\/\/www.procarton.com\/it\/wp-json\/wp\/v2\/pages\/276061\/revisions\/276065"}],"up":[{"embeddable":true,"href":"https:\/\/www.procarton.com\/it\/wp-json\/wp\/v2\/pages\/258286"}],"wp:attachment":[{"href":"https:\/\/www.procarton.com\/it\/wp-json\/wp\/v2\/media?parent=276061"}],"curies":[{"name":"wp","href":"https:\/\/api.w.org\/{rel}","templated":true}]}}