{"id":258561,"date":"2021-03-16T13:25:21","date_gmt":"2021-03-16T13:25:21","guid":{"rendered":"\/awards\/european-carton-excellence-award\/2015\/jury\/"},"modified":"2022-01-10T10:10:16","modified_gmt":"2022-01-10T10:10:16","slug":"jury","status":"publish","type":"page","link":"https:\/\/www.procarton.com\/it\/awards\/european-carton-excellence-award\/2015-2\/jury\/","title":{"rendered":"Giuria"},"content":{"rendered":"<h3 class=\"wp-block-heading\">Commenti del presidente<\/h3>\r\n\r\n\r\n\r\n<p>Quest'anno ha visto una dimensione aggiunta e molto gradita di avere 2 giudici donne che completavano la giuria. Lotte Krekels di Carrefour ha portato la sua esperienza nella vendita al dettaglio e Susanne Lippitsch ha portato le sue notevoli competenze di progettazione strutturale.<\/p>\r\n\r\n\r\n\r\n<p>Avere una prospettiva cos\u00ec ampia, che includeva anche 2 membri dal lato del cliente, ha davvero migliorato il dibattito che \u00e8 stato ulteriormente arricchito grazie alla qualit\u00e0 delle voci. Anche se c'era un numero leggermente inferiore rispetto all'anno scorso, \u00e8 giusto dire che \u00e8 stato pi\u00f9 che compensato dalla qualit\u00e0.<\/p>\r\n\r\n\r\n\r\n<p>\u00c8 interessante notare che i giudici sono rimasti molto colpiti dalle proposte complessive nell'ambito delle confezioni Beauty, Pharmaceutical e Food, ma anche nelle altre categorie, la giuria ha spesso espresso un commento del tipo \"non l'ho mai visto prima\" e molte delle confezioni richiedevano solo di essere interagite.<\/p>\r\n\r\n\r\n\r\n<p>L'anno scorso, il tema sembrava essere quello dell'\"attenzione al dettaglio\", che attraversa molti dei percorsi selezionati. Quest'anno il tema sembrava essere \"l'ingegneria\". Alcune delle opere di ingegneria in cartoncino erano davvero sorprendenti.<\/p>\r\n\r\n\r\n\r\n<p>Come si pu\u00f2 vedere con il vincitore della sezione 'Most Innovative', il design del cartone 'sorprendente' e 'wow' non deve essere necessariamente complesso. Se riusciamo a coniugare un concetto eccellente con la produzione, la distribuzione, i requisiti di vendita al dettaglio e, soprattutto, i requisiti del consumatore, allora abbiamo davvero qualcosa di molto potente.<\/p>\r\n\r\n\r\n\r\n<p><em>Satkar Gidda, presidente della giuria<\/em><\/p>\r\n\r\n\r\n\r\n<div class=\"wp-block-media-text alignwide is-stacked-on-mobile\">\r\n<figure class=\"wp-block-media-text__media\"><img loading=\"lazy\" decoding=\"async\" width=\"898\" height=\"1181\" class=\"wp-image-258400 size-full\" src=\"\/wp-content\/uploads\/2021\/03\/satkar_gidda_neu.jpg\" alt=\"\" srcset=\"https:\/\/www.procarton.com\/wp-content\/uploads\/2021\/03\/satkar_gidda_neu.jpg 898w, https:\/\/www.procarton.com\/wp-content\/uploads\/2021\/03\/satkar_gidda_neu-228x300.jpg 228w, https:\/\/www.procarton.com\/wp-content\/uploads\/2021\/03\/satkar_gidda_neu-783x1030.jpg 783w, https:\/\/www.procarton.com\/wp-content\/uploads\/2021\/03\/satkar_gidda_neu-768x1010.jpg 768w, https:\/\/www.procarton.com\/wp-content\/uploads\/2021\/03\/satkar_gidda_neu-9x12.jpg 9w, https:\/\/www.procarton.com\/wp-content\/uploads\/2021\/03\/satkar_gidda_neu-536x705.jpg 536w\" sizes=\"auto, (max-width: 898px) 100vw, 898px\" \/><\/figure>\r\n<div class=\"wp-block-media-text__content\">\r\n<h3 class=\"wp-block-heading\">SATKAR GIDDA<\/h3>\r\n\r\n\r\n\r\n<h4 class=\"wp-block-heading\">PRESIDENTE DELLA GIURIA<\/h4>\r\n\r\n\r\n\r\n<p>Satkar Gidda ha studiato Business Studies e Marketing e ha lavorato 6 anni nelle vendite, Trade Marketing e Brand Marketing per RHM Foods e Nestle seguito da 30 anni come Sales &amp; Marketing Director di SiebertHead, la pi\u00f9 antica societ\u00e0 di consulenza di brand e packaging design nel Regno Unito. Da marzo 2020, Satkar opera come consulente indipendente.<\/p>\r\n<\/div>\r\n<\/div>\r\n\r\n\r\n\r\n<div class=\"wp-block-media-text alignwide has-media-on-the-right is-stacked-on-mobile\">\r\n<figure class=\"wp-block-media-text__media\"><img loading=\"lazy\" decoding=\"async\" width=\"1000\" height=\"1270\" class=\"wp-image-258571 size-full\" src=\"\/wp-content\/uploads\/2021\/03\/krekels_neu.jpeg\" alt=\"\" srcset=\"https:\/\/www.procarton.com\/wp-content\/uploads\/2021\/03\/krekels_neu.jpeg 1000w, https:\/\/www.procarton.com\/wp-content\/uploads\/2021\/03\/krekels_neu-236x300.jpeg 236w, https:\/\/www.procarton.com\/wp-content\/uploads\/2021\/03\/krekels_neu-811x1030.jpeg 811w, https:\/\/www.procarton.com\/wp-content\/uploads\/2021\/03\/krekels_neu-768x975.jpeg 768w, https:\/\/www.procarton.com\/wp-content\/uploads\/2021\/03\/krekels_neu-9x12.jpeg 9w, https:\/\/www.procarton.com\/wp-content\/uploads\/2021\/03\/krekels_neu-555x705.jpeg 555w\" sizes=\"auto, (max-width: 1000px) 100vw, 1000px\" \/><\/figure>\r\n<div class=\"wp-block-media-text__content\">\r\n<h3 class=\"wp-block-heading\">LOTTE KREKELS<\/h3>\r\n\r\n\r\n\r\n<h4 class=\"wp-block-heading\">CARREFOUR BELGIO<\/h4>\r\n\r\n\r\n\r\n<p>lavora nel settore dell'imballaggio da oltre 20 anni, gli ultimi quattro come responsabile dell'imballaggio. \u00c8 a capo del dipartimento di imballaggio di Carrefour Belgio. Il suo ruolo prevede la sicurezza alimentare, la sostenibilit\u00e0 e il design del packaging a marchio proprio Carrefour sul mercato belga. Carrefour Belgio \u00e8 uno dei principali rivenditori nel mercato belga e fa parte del gruppo Carrefour, il secondo gruppo di distribuzione pi\u00f9 grande del mondo con oltre 12.000 negozi.<\/p>\r\n<\/div>\r\n<\/div>\r\n\r\n\r\n\r\n<div class=\"wp-block-media-text alignwide is-stacked-on-mobile\">\r\n<figure class=\"wp-block-media-text__media\"><img loading=\"lazy\" decoding=\"async\" width=\"675\" height=\"844\" class=\"wp-image-258572 size-full\" src=\"\/wp-content\/uploads\/2021\/03\/lippitsch1.jpeg\" alt=\"\" srcset=\"https:\/\/www.procarton.com\/wp-content\/uploads\/2021\/03\/lippitsch1.jpeg 675w, https:\/\/www.procarton.com\/wp-content\/uploads\/2021\/03\/lippitsch1-240x300.jpeg 240w, https:\/\/www.procarton.com\/wp-content\/uploads\/2021\/03\/lippitsch1-10x12.jpeg 10w, https:\/\/www.procarton.com\/wp-content\/uploads\/2021\/03\/lippitsch1-564x705.jpeg 564w\" sizes=\"auto, (max-width: 675px) 100vw, 675px\" \/><\/figure>\r\n<div class=\"wp-block-media-text__content\">\r\n<h3 class=\"wp-block-heading\"><br \/>SUSANNE LIPPITSCH<\/h3>\r\n\r\n\r\n\r\n<h4 class=\"wp-block-heading\">SL DESIGN<\/h4>\r\n\r\n\r\n\r\n<p>Susanne Lippitsch si \u00e8 laureata in Industrial Design presso l'Universit\u00e0 di Arti Applicate di Vienna. Durante la sua formazione ha completato il Masterclass per il packaging alla Escola de Disseny Elisava di Barcellona. Dal 2001 lavora come designer di packaging indipendente e insegna packaging design a Graz e Salisburgo da oltre 15 anni. Il suo lavoro ha vinto diversi premi e tra i suoi clienti ci sono molte aziende prestigiose.<\/p>\r\n<\/div>\r\n<\/div>\r\n\r\n\r\n\r\n<div class=\"wp-block-media-text alignwide has-media-on-the-right is-stacked-on-mobile\">\r\n<figure class=\"wp-block-media-text__media\"><img loading=\"lazy\" decoding=\"async\" width=\"1000\" height=\"1283\" class=\"wp-image-258538 size-full\" src=\"\/wp-content\/uploads\/2021\/03\/duivenvoorden_neu.jpeg\" alt=\"\" srcset=\"https:\/\/www.procarton.com\/wp-content\/uploads\/2021\/03\/duivenvoorden_neu.jpeg 1000w, https:\/\/www.procarton.com\/wp-content\/uploads\/2021\/03\/duivenvoorden_neu-234x300.jpeg 234w, https:\/\/www.procarton.com\/wp-content\/uploads\/2021\/03\/duivenvoorden_neu-803x1030.jpeg 803w, https:\/\/www.procarton.com\/wp-content\/uploads\/2021\/03\/duivenvoorden_neu-768x985.jpeg 768w, https:\/\/www.procarton.com\/wp-content\/uploads\/2021\/03\/duivenvoorden_neu-9x12.jpeg 9w, https:\/\/www.procarton.com\/wp-content\/uploads\/2021\/03\/duivenvoorden_neu-549x705.jpeg 549w\" sizes=\"auto, (max-width: 1000px) 100vw, 1000px\" \/><\/figure>\r\n<div class=\"wp-block-media-text__content\"><br \/>\r\n<h3 class=\"wp-block-heading\">WILFRIED DUIVENVOORDEN<\/h3>\r\n\r\n\r\n\r\n<h4 class=\"wp-block-heading\">UNILEVER<\/h4>\r\n\r\n\r\n\r\n<p>Wilfried Duivenvoorden si \u00e8 laureato all'Universit\u00e0 Erasmus di Rotterdam come master in economia aziendale e gestione generale. Dopo aver terminato gli studi \u00e8 entrato immediatamente nell'industria dell'imballaggio. Nel 1999 \u00e8 entrato in Unilever come responsabile europeo degli acquisti di materiali da imballaggio per il settore dei gelati e dei surgelati. Nel 2006 \u00e8 diventato responsabile degli acquisti globali per i materiali di imballaggio a base di fibra di legno per i settori Foods e Home &amp; Personal Care. Dal 2014 \u00e8 responsabile dell'approvvigionamento di prodotti finiti di Unilever per Home &amp; Personal Care in Europa.<\/p>\r\n<\/div>\r\n<\/div>\r\n\r\n\r\n\r\n<div class=\"wp-block-media-text alignwide is-stacked-on-mobile\">\r\n<figure class=\"wp-block-media-text__media\"><img loading=\"lazy\" decoding=\"async\" width=\"675\" height=\"844\" class=\"wp-image-258510 size-full\" src=\"\/wp-content\/uploads\/2021\/03\/sprokkelhorst.jpeg\" alt=\"\" srcset=\"https:\/\/www.procarton.com\/wp-content\/uploads\/2021\/03\/sprokkelhorst.jpeg 675w, https:\/\/www.procarton.com\/wp-content\/uploads\/2021\/03\/sprokkelhorst-240x300.jpeg 240w, https:\/\/www.procarton.com\/wp-content\/uploads\/2021\/03\/sprokkelhorst-10x12.jpeg 10w, https:\/\/www.procarton.com\/wp-content\/uploads\/2021\/03\/sprokkelhorst-564x705.jpeg 564w\" sizes=\"auto, (max-width: 675px) 100vw, 675px\" \/><\/figure>\r\n<div class=\"wp-block-media-text__content\">\r\n<h3 class=\"wp-block-heading\">PETER KLEIN SPROKKELHORST<\/h3>\r\n\r\n\r\n\r\n<h4 class=\"wp-block-heading\">CONSIGLIERE DELLA GIURIA<\/h4>\r\n\r\n\r\n\r\n<p>Dopo una formazione da ingegnere meccanico, Peter Klein Sprokkelhorst decise di entrare nel settore della lavorazione della carta. Nel 1982 divenne amministratore delegato di Zedek Deventer Holland (che oggi appartiene al gruppo Smurfit Kappa) e trasform\u00f2 l'azienda in un importante fornitore di espositori e imballaggi in Europa. \u00c8 andato in pensione nel 2008, ma con 45 anni di esperienza \u00e8 ancora attivo come consulente indipendente.<\/p>\r\n<\/div>\r\n<\/div>","protected":false},"excerpt":{"rendered":"<p>Chairman\u2019s comments This year saw an added and most welcome dimension of having 2 female judges complementing the jury. Lotte Krekels from Carrefour brought her experience of retail and Susanne Lippitsch brought her considerable structural design skills to the mix. Having such a wide perspective, which also included 2 members from the client side, really [&hellip;]<\/p>\n","protected":false},"author":1,"featured_media":0,"parent":258275,"menu_order":2,"comment_status":"closed","ping_status":"closed","template":"templates\/award_details_page.php","meta":{"inline_featured_image":false,"footnotes":""},"class_list":["post-258561","page","type-page","status-publish","hentry"],"yoast_head":"<!-- This site is optimized with the Yoast SEO plugin v27.4 - https:\/\/yoast.com\/product\/yoast-seo-wordpress\/ -->\n<title>Jury - Pro Carton<\/title>\n<meta name=\"robots\" content=\"index, follow, max-snippet:-1, max-image-preview:large, max-video-preview:-1\" \/>\n<link rel=\"canonical\" href=\"https:\/\/www.procarton.com\/it\/awards\/european-carton-excellence-award\/2015-2\/jury\/\" \/>\n<meta property=\"og:locale\" content=\"it_IT\" \/>\n<meta property=\"og:type\" content=\"article\" \/>\n<meta property=\"og:title\" content=\"Jury - Pro Carton\" \/>\n<meta property=\"og:description\" content=\"Chairman\u2019s comments This year saw an added and most welcome dimension of having 2 female judges complementing the jury. Lotte Krekels from Carrefour brought her experience of retail and Susanne Lippitsch brought her considerable structural design skills to the mix. Having such a wide perspective, which also included 2 members from the client side, really [&hellip;]\" \/>\n<meta property=\"og:url\" content=\"https:\/\/www.procarton.com\/it\/awards\/european-carton-excellence-award\/2015-2\/jury\/\" \/>\n<meta property=\"og:site_name\" content=\"Pro Carton\" \/>\n<meta property=\"article:publisher\" content=\"https:\/\/www.facebook.com\/procartondesignaward\/\" \/>\n<meta property=\"article:modified_time\" content=\"2022-01-10T10:10:16+00:00\" \/>\n<meta name=\"twitter:card\" content=\"summary_large_image\" \/>\n<meta name=\"twitter:site\" content=\"@pro_carton\" \/>\n<meta name=\"twitter:label1\" content=\"Tempo di lettura stimato\" \/>\n\t<meta name=\"twitter:data1\" content=\"4 minuti\" \/>\n<script type=\"application\/ld+json\" class=\"yoast-schema-graph\">{\"@context\":\"https:\\\/\\\/schema.org\",\"@graph\":[{\"@type\":\"WebPage\",\"@id\":\"https:\\\/\\\/www.procarton.com\\\/es\\\/awards\\\/european-carton-excellence-award\\\/2015-2\\\/jury\\\/\",\"url\":\"https:\\\/\\\/www.procarton.com\\\/es\\\/awards\\\/european-carton-excellence-award\\\/2015-2\\\/jury\\\/\",\"name\":\"Jury - Pro Carton\",\"isPartOf\":{\"@id\":\"https:\\\/\\\/www.procarton.com\\\/es\\\/#website\"},\"datePublished\":\"2021-03-16T13:25:21+00:00\",\"dateModified\":\"2022-01-10T10:10:16+00:00\",\"breadcrumb\":{\"@id\":\"https:\\\/\\\/www.procarton.com\\\/es\\\/awards\\\/european-carton-excellence-award\\\/2015-2\\\/jury\\\/#breadcrumb\"},\"inLanguage\":\"it-IT\",\"potentialAction\":[{\"@type\":\"ReadAction\",\"target\":[\"https:\\\/\\\/www.procarton.com\\\/es\\\/awards\\\/european-carton-excellence-award\\\/2015-2\\\/jury\\\/\"]}]},{\"@type\":\"BreadcrumbList\",\"@id\":\"https:\\\/\\\/www.procarton.com\\\/es\\\/awards\\\/european-carton-excellence-award\\\/2015-2\\\/jury\\\/#breadcrumb\",\"itemListElement\":[{\"@type\":\"ListItem\",\"position\":1,\"name\":\"Home\",\"item\":\"https:\\\/\\\/www.procarton.com\\\/\"},{\"@type\":\"ListItem\",\"position\":2,\"name\":\"Awards\",\"item\":\"https:\\\/\\\/www.procarton.com\\\/awards\\\/\"},{\"@type\":\"ListItem\",\"position\":3,\"name\":\"European Carton Excellence Award\",\"item\":\"https:\\\/\\\/www.procarton.com\\\/awards\\\/european-carton-excellence-award\\\/\"},{\"@type\":\"ListItem\",\"position\":4,\"name\":\"2015\",\"item\":\"https:\\\/\\\/www.procarton.com\\\/es\\\/awards\\\/european-carton-excellence-award\\\/2015-2\\\/\"},{\"@type\":\"ListItem\",\"position\":5,\"name\":\"Jury\"}]},{\"@type\":\"WebSite\",\"@id\":\"https:\\\/\\\/www.procarton.com\\\/es\\\/#website\",\"url\":\"https:\\\/\\\/www.procarton.com\\\/es\\\/\",\"name\":\"Pro Carton\",\"description\":\"\",\"publisher\":{\"@id\":\"https:\\\/\\\/www.procarton.com\\\/es\\\/#organization\"},\"potentialAction\":[{\"@type\":\"SearchAction\",\"target\":{\"@type\":\"EntryPoint\",\"urlTemplate\":\"https:\\\/\\\/www.procarton.com\\\/es\\\/?s={search_term_string}\"},\"query-input\":{\"@type\":\"PropertyValueSpecification\",\"valueRequired\":true,\"valueName\":\"search_term_string\"}}],\"inLanguage\":\"it-IT\"},{\"@type\":\"Organization\",\"@id\":\"https:\\\/\\\/www.procarton.com\\\/es\\\/#organization\",\"name\":\"ProCarton\",\"url\":\"https:\\\/\\\/www.procarton.com\\\/es\\\/\",\"logo\":{\"@type\":\"ImageObject\",\"inLanguage\":\"it-IT\",\"@id\":\"https:\\\/\\\/www.procarton.com\\\/es\\\/#\\\/schema\\\/logo\\\/image\\\/\",\"url\":\"https:\\\/\\\/www.procarton.com\\\/wp-content\\\/uploads\\\/2022\\\/06\\\/logo-mit-slogan.jpg\",\"contentUrl\":\"https:\\\/\\\/www.procarton.com\\\/wp-content\\\/uploads\\\/2022\\\/06\\\/logo-mit-slogan.jpg\",\"width\":422,\"height\":519,\"caption\":\"ProCarton\"},\"image\":{\"@id\":\"https:\\\/\\\/www.procarton.com\\\/es\\\/#\\\/schema\\\/logo\\\/image\\\/\"},\"sameAs\":[\"https:\\\/\\\/www.facebook.com\\\/procartondesignaward\\\/\",\"https:\\\/\\\/x.com\\\/pro_carton\"]}]}<\/script>\n<!-- \/ Yoast SEO plugin. -->","yoast_head_json":{"title":"Giuria - Cartone Pro","robots":{"index":"index","follow":"follow","max-snippet":"max-snippet:-1","max-image-preview":"max-image-preview:large","max-video-preview":"max-video-preview:-1"},"canonical":"https:\/\/www.procarton.com\/it\/awards\/european-carton-excellence-award\/2015-2\/jury\/","og_locale":"it_IT","og_type":"article","og_title":"Jury - Pro Carton","og_description":"Chairman\u2019s comments This year saw an added and most welcome dimension of having 2 female judges complementing the jury. Lotte Krekels from Carrefour brought her experience of retail and Susanne Lippitsch brought her considerable structural design skills to the mix. Having such a wide perspective, which also included 2 members from the client side, really [&hellip;]","og_url":"https:\/\/www.procarton.com\/it\/awards\/european-carton-excellence-award\/2015-2\/jury\/","og_site_name":"Pro Carton","article_publisher":"https:\/\/www.facebook.com\/procartondesignaward\/","article_modified_time":"2022-01-10T10:10:16+00:00","twitter_card":"summary_large_image","twitter_site":"@pro_carton","twitter_misc":{"Tempo di lettura stimato":"4 minuti"},"schema":{"@context":"https:\/\/schema.org","@graph":[{"@type":"WebPage","@id":"https:\/\/www.procarton.com\/es\/awards\/european-carton-excellence-award\/2015-2\/jury\/","url":"https:\/\/www.procarton.com\/es\/awards\/european-carton-excellence-award\/2015-2\/jury\/","name":"Giuria - Cartone Pro","isPartOf":{"@id":"https:\/\/www.procarton.com\/es\/#website"},"datePublished":"2021-03-16T13:25:21+00:00","dateModified":"2022-01-10T10:10:16+00:00","breadcrumb":{"@id":"https:\/\/www.procarton.com\/es\/awards\/european-carton-excellence-award\/2015-2\/jury\/#breadcrumb"},"inLanguage":"it-IT","potentialAction":[{"@type":"ReadAction","target":["https:\/\/www.procarton.com\/es\/awards\/european-carton-excellence-award\/2015-2\/jury\/"]}]},{"@type":"BreadcrumbList","@id":"https:\/\/www.procarton.com\/es\/awards\/european-carton-excellence-award\/2015-2\/jury\/#breadcrumb","itemListElement":[{"@type":"ListItem","position":1,"name":"Home","item":"https:\/\/www.procarton.com\/"},{"@type":"ListItem","position":2,"name":"Awards","item":"https:\/\/www.procarton.com\/awards\/"},{"@type":"ListItem","position":3,"name":"European Carton Excellence Award","item":"https:\/\/www.procarton.com\/awards\/european-carton-excellence-award\/"},{"@type":"ListItem","position":4,"name":"2015","item":"https:\/\/www.procarton.com\/es\/awards\/european-carton-excellence-award\/2015-2\/"},{"@type":"ListItem","position":5,"name":"Jury"}]},{"@type":"WebSite","@id":"https:\/\/www.procarton.com\/es\/#website","url":"https:\/\/www.procarton.com\/es\/","name":"Pro Carton","description":"","publisher":{"@id":"https:\/\/www.procarton.com\/es\/#organization"},"potentialAction":[{"@type":"SearchAction","target":{"@type":"EntryPoint","urlTemplate":"https:\/\/www.procarton.com\/es\/?s={search_term_string}"},"query-input":{"@type":"PropertyValueSpecification","valueRequired":true,"valueName":"search_term_string"}}],"inLanguage":"it-IT"},{"@type":"Organization","@id":"https:\/\/www.procarton.com\/es\/#organization","name":"ProCarton","url":"https:\/\/www.procarton.com\/es\/","logo":{"@type":"ImageObject","inLanguage":"it-IT","@id":"https:\/\/www.procarton.com\/es\/#\/schema\/logo\/image\/","url":"https:\/\/www.procarton.com\/wp-content\/uploads\/2022\/06\/logo-mit-slogan.jpg","contentUrl":"https:\/\/www.procarton.com\/wp-content\/uploads\/2022\/06\/logo-mit-slogan.jpg","width":422,"height":519,"caption":"ProCarton"},"image":{"@id":"https:\/\/www.procarton.com\/es\/#\/schema\/logo\/image\/"},"sameAs":["https:\/\/www.facebook.com\/procartondesignaward\/","https:\/\/x.com\/pro_carton"]}]}},"_links":{"self":[{"href":"https:\/\/www.procarton.com\/it\/wp-json\/wp\/v2\/pages\/258561","targetHints":{"allow":["GET"]}}],"collection":[{"href":"https:\/\/www.procarton.com\/it\/wp-json\/wp\/v2\/pages"}],"about":[{"href":"https:\/\/www.procarton.com\/it\/wp-json\/wp\/v2\/types\/page"}],"author":[{"embeddable":true,"href":"https:\/\/www.procarton.com\/it\/wp-json\/wp\/v2\/users\/1"}],"replies":[{"embeddable":true,"href":"https:\/\/www.procarton.com\/it\/wp-json\/wp\/v2\/comments?post=258561"}],"version-history":[{"count":2,"href":"https:\/\/www.procarton.com\/it\/wp-json\/wp\/v2\/pages\/258561\/revisions"}],"predecessor-version":[{"id":272452,"href":"https:\/\/www.procarton.com\/it\/wp-json\/wp\/v2\/pages\/258561\/revisions\/272452"}],"up":[{"embeddable":true,"href":"https:\/\/www.procarton.com\/it\/wp-json\/wp\/v2\/pages\/258275"}],"wp:attachment":[{"href":"https:\/\/www.procarton.com\/it\/wp-json\/wp\/v2\/media?parent=258561"}],"curies":[{"name":"wp","href":"https:\/\/api.w.org\/{rel}","templated":true}]}}