{"id":258512,"date":"2021-03-16T13:03:32","date_gmt":"2021-03-16T13:03:32","guid":{"rendered":"\/awards\/european-carton-excellence-award\/2010\/jury\/"},"modified":"2022-01-10T09:44:57","modified_gmt":"2022-01-10T09:44:57","slug":"jury","status":"publish","type":"page","link":"https:\/\/www.procarton.com\/it\/awards\/european-carton-excellence-award\/2010-2\/jury\/","title":{"rendered":"Giuria"},"content":{"rendered":"<p><br \/>Una piccola riduzione delle iscrizioni quest'anno si \u00e8 rivelata irrilevante poich\u00e9 la qualit\u00e0 dei cartoni presentati \u00e8 stata uguale e forse anche migliore di quella del 2009.<\/p>\r\n\r\n\r\n\r\n<p>Un modo per riconoscere la qualit\u00e0 delle voci \u00e8 quello di vedere i giudici divisi sul loro punto di vista di un vincitore e di una shortlist. Questo \u00e8 successo in un certo numero di categorie e ne \u00e8 seguito un dibattito sui meriti individuali di ogni cartone selezionato.<\/p>\r\n\r\n\r\n\r\n<p>Come \u00e8 stato detto prima, i migliori cartoni non sono necessariamente i pi\u00f9 complessi. Semplicit\u00e0 di costruzione, attrattiva per il consumatore, interazione con il consumatore, impatto sullo scaffale e facilit\u00e0 di produzione sono solo alcuni dei fattori che consideriamo. Allo stesso modo, mentre le confezioni premium sono spesso impressionanti, dobbiamo guardare oltre e determinare le qualit\u00e0 individuali di ogni cartone indipendentemente dal valore del prodotto che contiene.<\/p>\r\n\r\n\r\n\r\n<p>Quei cartoni che sono stati completamente pensati con la grafica sono stati pi\u00f9 impressionanti in quanto hanno dimostrato che un design grafico e strutturale integrato pu\u00f2 essere estremamente potente come pezzo di comunicazione del marchio. Cartoni che a prima vista erano estremamente accattivanti, sono diventati ancora pi\u00f9 impressionanti in mano e ancora di pi\u00f9 quando li abbiamo de-costruiti per ottenere una migliore comprensione dell'idea dietro ognuno di essi.<\/p>\r\n\r\n\r\n\r\n<p>L'economia globale \u00e8 stata ancora una volta giustamente menzionata e questo ha portato alcuni proprietari di marchi a passare da altri materiali al cartone per varie efficienze o per ridurre la quantit\u00e0 di cartone usato. Tuttavia non dovrebbe essere dimenticato e dovrebbe essere accoppiato con la tendenza dei consumatori a richiedere imballaggi pi\u00f9 sostenibili - fa anche apparire i proprietari dei marchi agli occhi dei loro consumatori. Questi consumatori sono molto consapevoli dell'impatto degli imballaggi sull'ambiente e l'industria del cartone \u00e8 nella posizione migliore per rispondere a questa richiesta.<\/p>\r\n\r\n\r\n\r\n<p><em>Satkar Gidda<br \/>Londra settembre 2010<\/em><\/p>\r\n\r\n\r\n\r\n<div class=\"wp-block-media-text alignwide is-stacked-on-mobile\">\r\n<figure class=\"wp-block-media-text__media\"><img loading=\"lazy\" decoding=\"async\" width=\"898\" height=\"1181\" class=\"wp-image-258400 size-full\" src=\"\/wp-content\/uploads\/2021\/03\/satkar_gidda_neu.jpg\" alt=\"\" srcset=\"https:\/\/www.procarton.com\/wp-content\/uploads\/2021\/03\/satkar_gidda_neu.jpg 898w, https:\/\/www.procarton.com\/wp-content\/uploads\/2021\/03\/satkar_gidda_neu-228x300.jpg 228w, https:\/\/www.procarton.com\/wp-content\/uploads\/2021\/03\/satkar_gidda_neu-783x1030.jpg 783w, https:\/\/www.procarton.com\/wp-content\/uploads\/2021\/03\/satkar_gidda_neu-768x1010.jpg 768w, https:\/\/www.procarton.com\/wp-content\/uploads\/2021\/03\/satkar_gidda_neu-9x12.jpg 9w, https:\/\/www.procarton.com\/wp-content\/uploads\/2021\/03\/satkar_gidda_neu-536x705.jpg 536w\" sizes=\"auto, (max-width: 898px) 100vw, 898px\" \/><\/figure>\r\n<div class=\"wp-block-media-text__content\">\r\n<h3 class=\"wp-block-heading\">SATKAR GIDDA<\/h3>\r\n\r\n\r\n\r\n<h4 class=\"wp-block-heading\">PRESIDENTE DELLA GIURIA<\/h4>\r\n\r\n\r\n\r\n<p>Satkar Gidda ha studiato Business Studies e Marketing e ha lavorato 6 anni nelle vendite, Trade Marketing e Brand Marketing per RHM Foods e Nestle seguito da 30 anni come Sales &amp; Marketing Director di SiebertHead, la pi\u00f9 antica societ\u00e0 di consulenza di brand e packaging design nel Regno Unito. Da marzo 2020, Satkar opera come consulente indipendente.<\/p>\r\n<\/div>\r\n<\/div>","protected":false},"excerpt":{"rendered":"<p>A small reduction in entries this year turned out to be irrelevant as the quality of cartons submitted was equal to and possible even better than in 2009. One way of recognising the quality of entries is to see the Judges split on their view of a winner and shortlist. This happened in a number [&hellip;]<\/p>\n","protected":false},"author":1,"featured_media":0,"parent":258280,"menu_order":1,"comment_status":"closed","ping_status":"closed","template":"templates\/award_details_page.php","meta":{"inline_featured_image":false,"footnotes":""},"class_list":["post-258512","page","type-page","status-publish","hentry"],"yoast_head":"<!-- This site is optimized with the Yoast SEO plugin v27.4 - https:\/\/yoast.com\/product\/yoast-seo-wordpress\/ -->\n<title>Jury - Pro Carton<\/title>\n<meta name=\"robots\" content=\"index, follow, max-snippet:-1, max-image-preview:large, max-video-preview:-1\" \/>\n<link rel=\"canonical\" href=\"https:\/\/www.procarton.com\/it\/awards\/european-carton-excellence-award\/2010-2\/jury\/\" \/>\n<meta property=\"og:locale\" content=\"it_IT\" \/>\n<meta property=\"og:type\" content=\"article\" \/>\n<meta property=\"og:title\" content=\"Jury - Pro Carton\" \/>\n<meta property=\"og:description\" content=\"A small reduction in entries this year turned out to be irrelevant as the quality of cartons submitted was equal to and possible even better than in 2009. One way of recognising the quality of entries is to see the Judges split on their view of a winner and shortlist. This happened in a number [&hellip;]\" \/>\n<meta property=\"og:url\" content=\"https:\/\/www.procarton.com\/it\/awards\/european-carton-excellence-award\/2010-2\/jury\/\" \/>\n<meta property=\"og:site_name\" content=\"Pro Carton\" \/>\n<meta property=\"article:publisher\" content=\"https:\/\/www.facebook.com\/procartondesignaward\/\" \/>\n<meta property=\"article:modified_time\" content=\"2022-01-10T09:44:57+00:00\" \/>\n<meta name=\"twitter:card\" content=\"summary_large_image\" \/>\n<meta name=\"twitter:site\" content=\"@pro_carton\" \/>\n<meta name=\"twitter:label1\" content=\"Tempo di lettura stimato\" \/>\n\t<meta name=\"twitter:data1\" content=\"2 minuti\" \/>\n<script type=\"application\/ld+json\" class=\"yoast-schema-graph\">{\"@context\":\"https:\\\/\\\/schema.org\",\"@graph\":[{\"@type\":\"WebPage\",\"@id\":\"https:\\\/\\\/www.procarton.com\\\/es\\\/awards\\\/european-carton-excellence-award\\\/2010-2\\\/jury\\\/\",\"url\":\"https:\\\/\\\/www.procarton.com\\\/es\\\/awards\\\/european-carton-excellence-award\\\/2010-2\\\/jury\\\/\",\"name\":\"Jury - Pro Carton\",\"isPartOf\":{\"@id\":\"https:\\\/\\\/www.procarton.com\\\/es\\\/#website\"},\"datePublished\":\"2021-03-16T13:03:32+00:00\",\"dateModified\":\"2022-01-10T09:44:57+00:00\",\"breadcrumb\":{\"@id\":\"https:\\\/\\\/www.procarton.com\\\/es\\\/awards\\\/european-carton-excellence-award\\\/2010-2\\\/jury\\\/#breadcrumb\"},\"inLanguage\":\"it-IT\",\"potentialAction\":[{\"@type\":\"ReadAction\",\"target\":[\"https:\\\/\\\/www.procarton.com\\\/es\\\/awards\\\/european-carton-excellence-award\\\/2010-2\\\/jury\\\/\"]}]},{\"@type\":\"BreadcrumbList\",\"@id\":\"https:\\\/\\\/www.procarton.com\\\/es\\\/awards\\\/european-carton-excellence-award\\\/2010-2\\\/jury\\\/#breadcrumb\",\"itemListElement\":[{\"@type\":\"ListItem\",\"position\":1,\"name\":\"Home\",\"item\":\"https:\\\/\\\/www.procarton.com\\\/\"},{\"@type\":\"ListItem\",\"position\":2,\"name\":\"Awards\",\"item\":\"https:\\\/\\\/www.procarton.com\\\/awards\\\/\"},{\"@type\":\"ListItem\",\"position\":3,\"name\":\"European Carton Excellence Award\",\"item\":\"https:\\\/\\\/www.procarton.com\\\/awards\\\/european-carton-excellence-award\\\/\"},{\"@type\":\"ListItem\",\"position\":4,\"name\":\"2010\",\"item\":\"https:\\\/\\\/www.procarton.com\\\/es\\\/awards\\\/european-carton-excellence-award\\\/2010-2\\\/\"},{\"@type\":\"ListItem\",\"position\":5,\"name\":\"Jury\"}]},{\"@type\":\"WebSite\",\"@id\":\"https:\\\/\\\/www.procarton.com\\\/es\\\/#website\",\"url\":\"https:\\\/\\\/www.procarton.com\\\/es\\\/\",\"name\":\"Pro Carton\",\"description\":\"\",\"publisher\":{\"@id\":\"https:\\\/\\\/www.procarton.com\\\/es\\\/#organization\"},\"potentialAction\":[{\"@type\":\"SearchAction\",\"target\":{\"@type\":\"EntryPoint\",\"urlTemplate\":\"https:\\\/\\\/www.procarton.com\\\/es\\\/?s={search_term_string}\"},\"query-input\":{\"@type\":\"PropertyValueSpecification\",\"valueRequired\":true,\"valueName\":\"search_term_string\"}}],\"inLanguage\":\"it-IT\"},{\"@type\":\"Organization\",\"@id\":\"https:\\\/\\\/www.procarton.com\\\/es\\\/#organization\",\"name\":\"ProCarton\",\"url\":\"https:\\\/\\\/www.procarton.com\\\/es\\\/\",\"logo\":{\"@type\":\"ImageObject\",\"inLanguage\":\"it-IT\",\"@id\":\"https:\\\/\\\/www.procarton.com\\\/es\\\/#\\\/schema\\\/logo\\\/image\\\/\",\"url\":\"https:\\\/\\\/www.procarton.com\\\/wp-content\\\/uploads\\\/2022\\\/06\\\/logo-mit-slogan.jpg\",\"contentUrl\":\"https:\\\/\\\/www.procarton.com\\\/wp-content\\\/uploads\\\/2022\\\/06\\\/logo-mit-slogan.jpg\",\"width\":422,\"height\":519,\"caption\":\"ProCarton\"},\"image\":{\"@id\":\"https:\\\/\\\/www.procarton.com\\\/es\\\/#\\\/schema\\\/logo\\\/image\\\/\"},\"sameAs\":[\"https:\\\/\\\/www.facebook.com\\\/procartondesignaward\\\/\",\"https:\\\/\\\/x.com\\\/pro_carton\"]}]}<\/script>\n<!-- \/ Yoast SEO plugin. -->","yoast_head_json":{"title":"Giuria - Cartone Pro","robots":{"index":"index","follow":"follow","max-snippet":"max-snippet:-1","max-image-preview":"max-image-preview:large","max-video-preview":"max-video-preview:-1"},"canonical":"https:\/\/www.procarton.com\/it\/awards\/european-carton-excellence-award\/2010-2\/jury\/","og_locale":"it_IT","og_type":"article","og_title":"Jury - Pro Carton","og_description":"A small reduction in entries this year turned out to be irrelevant as the quality of cartons submitted was equal to and possible even better than in 2009. One way of recognising the quality of entries is to see the Judges split on their view of a winner and shortlist. This happened in a number [&hellip;]","og_url":"https:\/\/www.procarton.com\/it\/awards\/european-carton-excellence-award\/2010-2\/jury\/","og_site_name":"Pro Carton","article_publisher":"https:\/\/www.facebook.com\/procartondesignaward\/","article_modified_time":"2022-01-10T09:44:57+00:00","twitter_card":"summary_large_image","twitter_site":"@pro_carton","twitter_misc":{"Tempo di lettura stimato":"2 minuti"},"schema":{"@context":"https:\/\/schema.org","@graph":[{"@type":"WebPage","@id":"https:\/\/www.procarton.com\/es\/awards\/european-carton-excellence-award\/2010-2\/jury\/","url":"https:\/\/www.procarton.com\/es\/awards\/european-carton-excellence-award\/2010-2\/jury\/","name":"Giuria - Cartone Pro","isPartOf":{"@id":"https:\/\/www.procarton.com\/es\/#website"},"datePublished":"2021-03-16T13:03:32+00:00","dateModified":"2022-01-10T09:44:57+00:00","breadcrumb":{"@id":"https:\/\/www.procarton.com\/es\/awards\/european-carton-excellence-award\/2010-2\/jury\/#breadcrumb"},"inLanguage":"it-IT","potentialAction":[{"@type":"ReadAction","target":["https:\/\/www.procarton.com\/es\/awards\/european-carton-excellence-award\/2010-2\/jury\/"]}]},{"@type":"BreadcrumbList","@id":"https:\/\/www.procarton.com\/es\/awards\/european-carton-excellence-award\/2010-2\/jury\/#breadcrumb","itemListElement":[{"@type":"ListItem","position":1,"name":"Home","item":"https:\/\/www.procarton.com\/"},{"@type":"ListItem","position":2,"name":"Awards","item":"https:\/\/www.procarton.com\/awards\/"},{"@type":"ListItem","position":3,"name":"European Carton Excellence Award","item":"https:\/\/www.procarton.com\/awards\/european-carton-excellence-award\/"},{"@type":"ListItem","position":4,"name":"2010","item":"https:\/\/www.procarton.com\/es\/awards\/european-carton-excellence-award\/2010-2\/"},{"@type":"ListItem","position":5,"name":"Jury"}]},{"@type":"WebSite","@id":"https:\/\/www.procarton.com\/es\/#website","url":"https:\/\/www.procarton.com\/es\/","name":"Pro Carton","description":"","publisher":{"@id":"https:\/\/www.procarton.com\/es\/#organization"},"potentialAction":[{"@type":"SearchAction","target":{"@type":"EntryPoint","urlTemplate":"https:\/\/www.procarton.com\/es\/?s={search_term_string}"},"query-input":{"@type":"PropertyValueSpecification","valueRequired":true,"valueName":"search_term_string"}}],"inLanguage":"it-IT"},{"@type":"Organization","@id":"https:\/\/www.procarton.com\/es\/#organization","name":"ProCarton","url":"https:\/\/www.procarton.com\/es\/","logo":{"@type":"ImageObject","inLanguage":"it-IT","@id":"https:\/\/www.procarton.com\/es\/#\/schema\/logo\/image\/","url":"https:\/\/www.procarton.com\/wp-content\/uploads\/2022\/06\/logo-mit-slogan.jpg","contentUrl":"https:\/\/www.procarton.com\/wp-content\/uploads\/2022\/06\/logo-mit-slogan.jpg","width":422,"height":519,"caption":"ProCarton"},"image":{"@id":"https:\/\/www.procarton.com\/es\/#\/schema\/logo\/image\/"},"sameAs":["https:\/\/www.facebook.com\/procartondesignaward\/","https:\/\/x.com\/pro_carton"]}]}},"_links":{"self":[{"href":"https:\/\/www.procarton.com\/it\/wp-json\/wp\/v2\/pages\/258512","targetHints":{"allow":["GET"]}}],"collection":[{"href":"https:\/\/www.procarton.com\/it\/wp-json\/wp\/v2\/pages"}],"about":[{"href":"https:\/\/www.procarton.com\/it\/wp-json\/wp\/v2\/types\/page"}],"author":[{"embeddable":true,"href":"https:\/\/www.procarton.com\/it\/wp-json\/wp\/v2\/users\/1"}],"replies":[{"embeddable":true,"href":"https:\/\/www.procarton.com\/it\/wp-json\/wp\/v2\/comments?post=258512"}],"version-history":[{"count":2,"href":"https:\/\/www.procarton.com\/it\/wp-json\/wp\/v2\/pages\/258512\/revisions"}],"predecessor-version":[{"id":272406,"href":"https:\/\/www.procarton.com\/it\/wp-json\/wp\/v2\/pages\/258512\/revisions\/272406"}],"up":[{"embeddable":true,"href":"https:\/\/www.procarton.com\/it\/wp-json\/wp\/v2\/pages\/258280"}],"wp:attachment":[{"href":"https:\/\/www.procarton.com\/it\/wp-json\/wp\/v2\/media?parent=258512"}],"curies":[{"name":"wp","href":"https:\/\/api.w.org\/{rel}","templated":true}]}}