{"id":258273,"date":"2021-03-12T10:33:04","date_gmt":"2021-03-12T10:33:59","guid":{"rendered":"https:\/\/www.procarton.com\/awards\/european-carton-excellence-award\/2017\/"},"modified":"2022-03-31T14:32:54","modified_gmt":"2022-03-31T13:32:54","slug":"2017-2","status":"publish","type":"page","link":"https:\/\/www.procarton.com\/it\/awards\/european-carton-excellence-award\/2017-2\/","title":{"rendered":"2017"},"content":{"rendered":"<div class=\"av-animated-generic top-to-bottom flex_column av_two_third  flex_column_div av-zero-column-padding first  avia-builder-el-0  el_before_av_one_third  avia-builder-el-first\" style='border-radius:0px; '><section class=\"av_textblock_section\"  itemscope=\"itemscope\" itemtype=\"https:\/\/schema.org\/CreativeWork\" ><div class='avia_textblock'   itemprop=\"text\" ><h2 class=\"wp-block-heading\">FAI PARTE DEI MIGLIORI D'EUROPA!<\/h2>\n<p>L'imballaggio in cartone continua a fare progressi in tutto il mondo. Soluzioni di successo in cartoncino stanno contribuendo a definire il futuro in quasi tutte le regioni. Non solo il cartone \u00e8 uno dei materiali pi\u00f9 sostenibili, ma \u00e8 anche uno dei migliori per comunicare i valori del marchio premium.<\/p>\n<p><strong>Istituito 20 anni fa, il Carton Excellence Award \u00e8 il premio pi\u00f9 prestigioso d'Europa per l'imballaggio in cartone.<\/strong><\/p>\n<p><strong>Commenta e condividi i vincitori e i finalisti con i tuoi colleghi e amici.<\/strong><\/p>\n<p>Il cartone con il maggior numero di voti ha ricevuto la nuova creazione Public Award.<\/p>\n<p>Inoltre, \u00e8 possibile seguire, mettere like, condividere, commentare, coinvolgere gli amici e promuovere i tuoi design preferiti sulle nostre piattaforme di social media\u00a0<a href=\"https:\/\/www.facebook.com\/procartoneurope\/\">Facebook\u00a0<\/a>e\u00a0<a href=\"https:\/\/twitter.com\/Pro_Carton\">Twitter<\/a>.<\/p>\n<p>I premi sono divisi in nove diverse categorie pi\u00f9 il nuovo Public Award e il riconoscimento finale, Carton of the Year. Le categorie sono:<\/p>\n<ul class=\"wp-block-list\">\n<li>Bevande, dolciumi, bellezza e cosmetici, cibo e bevande, non alimentari, salute e prodotti farmaceutici, mercati di volume e<\/li>\n<li>NUOVO per il 2017: Save the Planet Award per un prodotto che ha dato un contributo significativo per aiutare l'ambiente e il Most Innovative Award che premier\u00e0 l'eccellenza tecnica<\/li>\n<\/ul>\n<p>Il Awards va a dimostrare che i cartoni non sono solo una delle forme pi\u00f9 sostenibili di imballaggio ma sono anche una delle pi\u00f9 attraenti, versatili e innovative.<\/p>\n<p><a href=\"https:\/\/www.procarton.com\/awards\/european-carton-excellence-award\/2017-2\/winners\/\">Guarda i vincitori qui!<\/a><\/p>\n<\/div><\/section><\/div>\r\n<div class=\"av-animated-generic top-to-bottom flex_column av_one_third  flex_column_div av-zero-column-padding   avia-builder-el-2  el_after_av_two_third  avia-builder-el-last\" style='border-radius:0px; '><p><div  class='avia-video avia-video-16-9   av-lazyload-immediate  av-lazyload-video-embed'   itemprop=\"video\" itemtype=\"https:\/\/schema.org\/VideoObject\"  data-original_url='https:\/\/www.youtube.com\/watch?v=I7ZC1b1GDl0' ><script type='text\/html' class='av-video-tmpl'><div class='avia-iframe-wrap'><iframe loading=\"lazy\" title=\"European Carton Excellence Award 2017\" width=\"1500\" height=\"844\" src=\"https:\/\/www.youtube.com\/embed\/I7ZC1b1GDl0?feature=oembed&autoplay=0&loop=0&controls=1&mute=0\" frameborder=\"0\" allow=\"accelerometer; autoplay; clipboard-write; encrypted-media; gyroscope; picture-in-picture\" allowfullscreen><\/iframe><\/div><\/script><div class='av-click-to-play-overlay'><div class=\"avia_playpause_icon\"><\/div><\/div><\/div><br \/>\n<div  class='avia-video avia-video-16-9   av-lazyload-immediate  av-lazyload-video-embed'   itemprop=\"video\" itemtype=\"https:\/\/schema.org\/VideoObject\"  data-original_url='https:\/\/www.youtube.com\/watch?v=uRZgr2dbqkE' ><script type='text\/html' class='av-video-tmpl'><div class='avia-iframe-wrap'><iframe loading=\"lazy\" title=\"Roland Rex about the importance of cartons\" width=\"1500\" height=\"844\" src=\"https:\/\/www.youtube.com\/embed\/uRZgr2dbqkE?feature=oembed&autoplay=0&loop=0&controls=1&mute=0\" frameborder=\"0\" allow=\"accelerometer; autoplay; clipboard-write; encrypted-media; gyroscope; picture-in-picture\" allowfullscreen><\/iframe><\/div><\/script><div class='av-click-to-play-overlay'><div class=\"avia_playpause_icon\"><\/div><\/div><\/div><br \/>\n<div  class='avia-image-container  av-styling-no-styling    avia-builder-el-5  el_after_av_video  el_before_av_button  avia-align-center'  itemprop=\"image\" itemscope=\"itemscope\" itemtype=\"https:\/\/schema.org\/ImageObject\"  ><div class='avia-image-container-inner'><div class='avia-image-overlay-wrap'><a href=\"https:\/\/www.procarton.com\/it\/publication\/award-brochure-2017\/\" class='avia_image'  target=\"_blank\"  rel=\"noopener noreferrer\"><img decoding=\"async\" width=\"212\" height=\"300\" class='wp-image-257121 avia-img-lazy-loading-not-257121 avia_image' src=\"https:\/\/www.procarton.com\/wp-content\/uploads\/2021\/02\/procarton-award-2017-brochure-212x300.jpg\" alt='' title='procarton-award-2017-brochure'  itemprop=\"thumbnailUrl\" srcset=\"https:\/\/www.procarton.com\/wp-content\/uploads\/2021\/02\/procarton-award-2017-brochure-212x300.jpg 212w, https:\/\/www.procarton.com\/wp-content\/uploads\/2021\/02\/procarton-award-2017-brochure-8x12.jpg 8w, https:\/\/www.procarton.com\/wp-content\/uploads\/2021\/02\/procarton-award-2017-brochure-498x705.jpg 498w, https:\/\/www.procarton.com\/wp-content\/uploads\/2021\/02\/procarton-award-2017-brochure.jpg 633w\" sizes=\"(max-width: 212px) 100vw, 212px\" \/><\/a><\/div><\/div><\/div><br \/>\n<div  class='avia-button-wrap avia-button-center  avia-builder-el-6  el_after_av_image  avia-builder-el-last' ><a href='https:\/\/www.procarton.com\/it\/publication\/award-brochure-2017\/'  class='avia-button av-icon-on-hover avia-color-theme-color   avia-icon_select-yes-left-icon avia-size-small avia-position-center'  target=\"_blank\"  rel=\"noopener noreferrer\"  ><span class='avia_button_icon avia_button_icon_left' aria-hidden='true' data-av_icon='\ue800' data-av_iconfont='entypo-fontello'><\/span><span class='avia_iconbox_title' >Scarica la brochure del premio<\/span><\/a><\/div><\/p><\/div>","protected":false},"excerpt":{"rendered":"","protected":false},"author":1,"featured_media":274160,"parent":243707,"menu_order":10,"comment_status":"closed","ping_status":"closed","template":"templates\/award_details_page.php","meta":{"inline_featured_image":false,"footnotes":""},"class_list":["post-258273","page","type-page","status-publish","has-post-thumbnail","hentry"],"yoast_head":"<!-- This site is optimized with the Yoast SEO plugin v27.4 - https:\/\/yoast.com\/product\/yoast-seo-wordpress\/ -->\n<title>2017 - Pro Carton<\/title>\n<meta name=\"robots\" content=\"index, follow, max-snippet:-1, max-image-preview:large, max-video-preview:-1\" \/>\n<link rel=\"canonical\" href=\"http:\/\/www.procarton.com\/it\/awards\/european-carton-excellence-award\/2017-2\/\" \/>\n<meta property=\"og:locale\" content=\"it_IT\" \/>\n<meta property=\"og:type\" content=\"article\" \/>\n<meta property=\"og:title\" content=\"2017 - Pro Carton\" \/>\n<meta property=\"og:url\" content=\"http:\/\/www.procarton.com\/it\/awards\/european-carton-excellence-award\/2017-2\/\" \/>\n<meta property=\"og:site_name\" content=\"Pro Carton\" \/>\n<meta property=\"article:publisher\" content=\"https:\/\/www.facebook.com\/procartondesignaward\/\" \/>\n<meta property=\"article:modified_time\" content=\"2022-03-31T13:32:54+00:00\" \/>\n<meta property=\"og:image\" content=\"https:\/\/www.procarton.com\/wp-content\/uploads\/2022\/01\/excellence-2017.jpeg\" \/>\n\t<meta property=\"og:image:width\" content=\"940\" \/>\n\t<meta property=\"og:image:height\" content=\"340\" \/>\n\t<meta property=\"og:image:type\" content=\"image\/jpeg\" \/>\n<meta name=\"twitter:card\" content=\"summary_large_image\" \/>\n<meta name=\"twitter:site\" content=\"@pro_carton\" \/>\n<meta name=\"twitter:label1\" content=\"Tempo di lettura stimato\" \/>\n\t<meta name=\"twitter:data1\" content=\"2 minuti\" \/>\n<script type=\"application\/ld+json\" class=\"yoast-schema-graph\">{\"@context\":\"https:\\\/\\\/schema.org\",\"@graph\":[{\"@type\":\"WebPage\",\"@id\":\"http:\\\/\\\/www.procarton.com\\\/fr\\\/awards\\\/european-carton-excellence-award\\\/2017-2\\\/\",\"url\":\"http:\\\/\\\/www.procarton.com\\\/fr\\\/awards\\\/european-carton-excellence-award\\\/2017-2\\\/\",\"name\":\"2017 - Pro Carton\",\"isPartOf\":{\"@id\":\"https:\\\/\\\/www.procarton.com\\\/es\\\/#website\"},\"primaryImageOfPage\":{\"@id\":\"http:\\\/\\\/www.procarton.com\\\/fr\\\/awards\\\/european-carton-excellence-award\\\/2017-2\\\/#primaryimage\"},\"image\":{\"@id\":\"http:\\\/\\\/www.procarton.com\\\/fr\\\/awards\\\/european-carton-excellence-award\\\/2017-2\\\/#primaryimage\"},\"thumbnailUrl\":\"https:\\\/\\\/www.procarton.com\\\/wp-content\\\/uploads\\\/2022\\\/01\\\/excellence-2017.jpeg\",\"datePublished\":\"2021-03-12T10:33:59+00:00\",\"dateModified\":\"2022-03-31T13:32:54+00:00\",\"breadcrumb\":{\"@id\":\"http:\\\/\\\/www.procarton.com\\\/fr\\\/awards\\\/european-carton-excellence-award\\\/2017-2\\\/#breadcrumb\"},\"inLanguage\":\"it-IT\",\"potentialAction\":[{\"@type\":\"ReadAction\",\"target\":[\"http:\\\/\\\/www.procarton.com\\\/fr\\\/awards\\\/european-carton-excellence-award\\\/2017-2\\\/\"]}]},{\"@type\":\"ImageObject\",\"inLanguage\":\"it-IT\",\"@id\":\"http:\\\/\\\/www.procarton.com\\\/fr\\\/awards\\\/european-carton-excellence-award\\\/2017-2\\\/#primaryimage\",\"url\":\"https:\\\/\\\/www.procarton.com\\\/wp-content\\\/uploads\\\/2022\\\/01\\\/excellence-2017.jpeg\",\"contentUrl\":\"https:\\\/\\\/www.procarton.com\\\/wp-content\\\/uploads\\\/2022\\\/01\\\/excellence-2017.jpeg\",\"width\":940,\"height\":340},{\"@type\":\"BreadcrumbList\",\"@id\":\"http:\\\/\\\/www.procarton.com\\\/fr\\\/awards\\\/european-carton-excellence-award\\\/2017-2\\\/#breadcrumb\",\"itemListElement\":[{\"@type\":\"ListItem\",\"position\":1,\"name\":\"Home\",\"item\":\"https:\\\/\\\/www.procarton.com\\\/\"},{\"@type\":\"ListItem\",\"position\":2,\"name\":\"Awards\",\"item\":\"https:\\\/\\\/www.procarton.com\\\/awards\\\/\"},{\"@type\":\"ListItem\",\"position\":3,\"name\":\"European Carton Excellence Award\",\"item\":\"https:\\\/\\\/www.procarton.com\\\/awards\\\/european-carton-excellence-award\\\/\"},{\"@type\":\"ListItem\",\"position\":4,\"name\":\"2017\"}]},{\"@type\":\"WebSite\",\"@id\":\"https:\\\/\\\/www.procarton.com\\\/es\\\/#website\",\"url\":\"https:\\\/\\\/www.procarton.com\\\/es\\\/\",\"name\":\"Pro Carton\",\"description\":\"\",\"publisher\":{\"@id\":\"https:\\\/\\\/www.procarton.com\\\/es\\\/#organization\"},\"potentialAction\":[{\"@type\":\"SearchAction\",\"target\":{\"@type\":\"EntryPoint\",\"urlTemplate\":\"https:\\\/\\\/www.procarton.com\\\/es\\\/?s={search_term_string}\"},\"query-input\":{\"@type\":\"PropertyValueSpecification\",\"valueRequired\":true,\"valueName\":\"search_term_string\"}}],\"inLanguage\":\"it-IT\"},{\"@type\":\"Organization\",\"@id\":\"https:\\\/\\\/www.procarton.com\\\/es\\\/#organization\",\"name\":\"ProCarton\",\"url\":\"https:\\\/\\\/www.procarton.com\\\/es\\\/\",\"logo\":{\"@type\":\"ImageObject\",\"inLanguage\":\"it-IT\",\"@id\":\"https:\\\/\\\/www.procarton.com\\\/es\\\/#\\\/schema\\\/logo\\\/image\\\/\",\"url\":\"https:\\\/\\\/www.procarton.com\\\/wp-content\\\/uploads\\\/2022\\\/06\\\/logo-mit-slogan.jpg\",\"contentUrl\":\"https:\\\/\\\/www.procarton.com\\\/wp-content\\\/uploads\\\/2022\\\/06\\\/logo-mit-slogan.jpg\",\"width\":422,\"height\":519,\"caption\":\"ProCarton\"},\"image\":{\"@id\":\"https:\\\/\\\/www.procarton.com\\\/es\\\/#\\\/schema\\\/logo\\\/image\\\/\"},\"sameAs\":[\"https:\\\/\\\/www.facebook.com\\\/procartondesignaward\\\/\",\"https:\\\/\\\/x.com\\\/pro_carton\"]}]}<\/script>\n<!-- \/ Yoast SEO plugin. -->","yoast_head_json":{"title":"2017 - Pro Carton","robots":{"index":"index","follow":"follow","max-snippet":"max-snippet:-1","max-image-preview":"max-image-preview:large","max-video-preview":"max-video-preview:-1"},"canonical":"http:\/\/www.procarton.com\/it\/awards\/european-carton-excellence-award\/2017-2\/","og_locale":"it_IT","og_type":"article","og_title":"2017 - Pro Carton","og_url":"http:\/\/www.procarton.com\/it\/awards\/european-carton-excellence-award\/2017-2\/","og_site_name":"Pro Carton","article_publisher":"https:\/\/www.facebook.com\/procartondesignaward\/","article_modified_time":"2022-03-31T13:32:54+00:00","og_image":[{"width":940,"height":340,"url":"https:\/\/www.procarton.com\/wp-content\/uploads\/2022\/01\/excellence-2017.jpeg","type":"image\/jpeg"}],"twitter_card":"summary_large_image","twitter_site":"@pro_carton","twitter_misc":{"Tempo di lettura stimato":"2 minuti"},"schema":{"@context":"https:\/\/schema.org","@graph":[{"@type":"WebPage","@id":"http:\/\/www.procarton.com\/fr\/awards\/european-carton-excellence-award\/2017-2\/","url":"http:\/\/www.procarton.com\/fr\/awards\/european-carton-excellence-award\/2017-2\/","name":"2017 - Pro Carton","isPartOf":{"@id":"https:\/\/www.procarton.com\/es\/#website"},"primaryImageOfPage":{"@id":"http:\/\/www.procarton.com\/fr\/awards\/european-carton-excellence-award\/2017-2\/#primaryimage"},"image":{"@id":"http:\/\/www.procarton.com\/fr\/awards\/european-carton-excellence-award\/2017-2\/#primaryimage"},"thumbnailUrl":"https:\/\/www.procarton.com\/wp-content\/uploads\/2022\/01\/excellence-2017.jpeg","datePublished":"2021-03-12T10:33:59+00:00","dateModified":"2022-03-31T13:32:54+00:00","breadcrumb":{"@id":"http:\/\/www.procarton.com\/fr\/awards\/european-carton-excellence-award\/2017-2\/#breadcrumb"},"inLanguage":"it-IT","potentialAction":[{"@type":"ReadAction","target":["http:\/\/www.procarton.com\/fr\/awards\/european-carton-excellence-award\/2017-2\/"]}]},{"@type":"ImageObject","inLanguage":"it-IT","@id":"http:\/\/www.procarton.com\/fr\/awards\/european-carton-excellence-award\/2017-2\/#primaryimage","url":"https:\/\/www.procarton.com\/wp-content\/uploads\/2022\/01\/excellence-2017.jpeg","contentUrl":"https:\/\/www.procarton.com\/wp-content\/uploads\/2022\/01\/excellence-2017.jpeg","width":940,"height":340},{"@type":"BreadcrumbList","@id":"http:\/\/www.procarton.com\/fr\/awards\/european-carton-excellence-award\/2017-2\/#breadcrumb","itemListElement":[{"@type":"ListItem","position":1,"name":"Home","item":"https:\/\/www.procarton.com\/"},{"@type":"ListItem","position":2,"name":"Awards","item":"https:\/\/www.procarton.com\/awards\/"},{"@type":"ListItem","position":3,"name":"European Carton Excellence Award","item":"https:\/\/www.procarton.com\/awards\/european-carton-excellence-award\/"},{"@type":"ListItem","position":4,"name":"2017"}]},{"@type":"WebSite","@id":"https:\/\/www.procarton.com\/es\/#website","url":"https:\/\/www.procarton.com\/es\/","name":"Pro Carton","description":"","publisher":{"@id":"https:\/\/www.procarton.com\/es\/#organization"},"potentialAction":[{"@type":"SearchAction","target":{"@type":"EntryPoint","urlTemplate":"https:\/\/www.procarton.com\/es\/?s={search_term_string}"},"query-input":{"@type":"PropertyValueSpecification","valueRequired":true,"valueName":"search_term_string"}}],"inLanguage":"it-IT"},{"@type":"Organization","@id":"https:\/\/www.procarton.com\/es\/#organization","name":"ProCarton","url":"https:\/\/www.procarton.com\/es\/","logo":{"@type":"ImageObject","inLanguage":"it-IT","@id":"https:\/\/www.procarton.com\/es\/#\/schema\/logo\/image\/","url":"https:\/\/www.procarton.com\/wp-content\/uploads\/2022\/06\/logo-mit-slogan.jpg","contentUrl":"https:\/\/www.procarton.com\/wp-content\/uploads\/2022\/06\/logo-mit-slogan.jpg","width":422,"height":519,"caption":"ProCarton"},"image":{"@id":"https:\/\/www.procarton.com\/es\/#\/schema\/logo\/image\/"},"sameAs":["https:\/\/www.facebook.com\/procartondesignaward\/","https:\/\/x.com\/pro_carton"]}]}},"_links":{"self":[{"href":"https:\/\/www.procarton.com\/it\/wp-json\/wp\/v2\/pages\/258273","targetHints":{"allow":["GET"]}}],"collection":[{"href":"https:\/\/www.procarton.com\/it\/wp-json\/wp\/v2\/pages"}],"about":[{"href":"https:\/\/www.procarton.com\/it\/wp-json\/wp\/v2\/types\/page"}],"author":[{"embeddable":true,"href":"https:\/\/www.procarton.com\/it\/wp-json\/wp\/v2\/users\/1"}],"replies":[{"embeddable":true,"href":"https:\/\/www.procarton.com\/it\/wp-json\/wp\/v2\/comments?post=258273"}],"version-history":[{"count":7,"href":"https:\/\/www.procarton.com\/it\/wp-json\/wp\/v2\/pages\/258273\/revisions"}],"predecessor-version":[{"id":276575,"href":"https:\/\/www.procarton.com\/it\/wp-json\/wp\/v2\/pages\/258273\/revisions\/276575"}],"up":[{"embeddable":true,"href":"https:\/\/www.procarton.com\/it\/wp-json\/wp\/v2\/pages\/243707"}],"wp:featuredmedia":[{"embeddable":true,"href":"https:\/\/www.procarton.com\/it\/wp-json\/wp\/v2\/media\/274160"}],"wp:attachment":[{"href":"https:\/\/www.procarton.com\/it\/wp-json\/wp\/v2\/media?parent=258273"}],"curies":[{"name":"wp","href":"https:\/\/api.w.org\/{rel}","templated":true}]}}