{"id":258231,"date":"2021-03-03T10:34:20","date_gmt":"2021-03-03T10:34:20","guid":{"rendered":"https:\/\/www.procarton.com\/awards\/pro-carton-young-designers-award\/2012\/"},"modified":"2022-01-18T12:17:28","modified_gmt":"2022-01-18T12:17:28","slug":"2012-2","status":"publish","type":"page","link":"https:\/\/www.procarton.com\/it\/awards\/pro-carton-young-designers-award\/2012-2\/","title":{"rendered":"2012"},"content":{"rendered":"<h2 class=\"wp-block-heading\">Un rilancio di successo<\/h2>\r\n\r\n\r\n\r\n<p>Il rilancio dell'International Pro Carton Design Award dopo una pausa di quattro anni ha avuto grande successo. Quasi 70 iscrizioni da otto paesi europei hanno dimostrato una qualit\u00e0 eccellente e concetti fantastici e ben studiati.<\/p>\r\n\r\n\r\n\r\n<p>Per i giovani designer, l'International Pro Carton Design Award riguarda il futuro del design dell'imballaggio, idee orientate al futuro e designer orientati al futuro.  Molti di loro si confrontano per la prima volta con il cartone come materiale d'imballaggio e il suo design quando partecipano a questo concorso e lo vedono come uno stimolo creativo.<\/p>\r\n\r\n\r\n\r\n<p>Tutte le voci nel 2012 si sono concentrate sulle esigenze dei consumatori - che \u00e8 estremamente importante dal mio punto di vista.  I desideri e i problemi dei clienti hanno determinato la produzione creativa, tutti i giovani designer hanno pensato ai loro gruppi target in profondit\u00e0 e a certe situazioni in cui le loro idee potrebbero rivelarsi utili.<\/p>\r\n\r\n\r\n\r\n<p>Questa volta sono stato particolarmente colpito dall'approccio pi\u00f9 professionale delle voci. I giovani studenti sono chiaramente aggiornati e pensano in concetti globali. Molti dei lavori presentati includono ogni fase della catena di approvvigionamento nei loro concetti.<\/p>\r\n\r\n\r\n\r\n<p>Sono stato anche positivamente sorpreso dalla qualit\u00e0 delle presentazioni e della loro esposizione. Non solo i modelli erano ben messi insieme, ma quasi ogni voce era accompagnata da diversi grafici, alcuni anche con opuscoli con foto e testi che spiegavano perfettamente il concetto e l'idea dietro di esso. Tutte le voci erano davvero di alto livello.<\/p>\r\n\r\n\r\n\r\n<p>L'International Pro Carton Design Award si \u00e8 quindi rivelato un rilancio di successo nel 2012: fino ad ora erano iscritti solo i vincitori dei concorsi nazionali, e solo ora \u00e8 possibile iscrivere alla Award 2012 opere provenienti da tutta Europa. Il Design Award ha avuto una pausa di quattro anni ed \u00e8 estremamente incoraggiante che i designer di otto paesi europei abbiano contribuito cos\u00ec rapidamente.<\/p>\r\n\r\n\r\n\r\n<p>Da tutte le candidature, la giuria ha selezionato sei finalisti e da questi due vincitori. La giuria comprendeva esperti europei di spicco provenienti da diversi settori della catena di fornitura: Satkar Gidda (SiebertHead, Presidente) per il design, Wilfried Duivenvoorden (Unilever) per l'industria dei prodotti di marca e John de Somer (Van Genechten) per l'industria della trasformazione.<\/p>\r\n\r\n\r\n\r\n<p>Il prossimo concorso avr\u00e0 luogo tra due anni, i bandi di concorso inizieranno gi\u00e0 all'inizio del 2013. La mia visione \u00e8 che un giorno il vincitore dell'International Design Award vincer\u00e0 anche il\u00a0<a href=\"http:\/\/www.procartonecmaaward.com\/\" target=\"_blank\" rel=\"noreferrer noopener\">Pro Carton\/ECMA Award<\/a>\u00a0e ricevere il \"cartone dell'anno\" Award. Forse anche presto!<\/p>\r\n\r\n\r\n\r\n<p><em>Suzanne E. Mc Ewen<\/em><\/p>\r\n\r\n\r\n\r\n<p><em>Pro Carton<\/em><\/p>\r\n\r\n\r\n\r\n<p><em>Responsabile del marketing e della comunicazione<\/em><\/p>\r\n\r\n\r\n\r\n<p><strong>Presentazione dell'International Pro Carton Design Award:<\/strong><br \/>Congresso Internazionale Pro Carton 2012<br \/>18.\/19. Aprile 2012, Centro Congressi CCD D\u00fcsseldorf<\/p>","protected":false},"excerpt":{"rendered":"<p>A Successful Relaunch The relaunch of the International Pro Carton Design Award after a break of four years proved highly successful. Close to 70 entries from eight European countries demonstrated excellent quality and fantastic, well thought-out concepts. For young designers, the International Pro Carton Design Award is all about the future of packaging design, future-oriented [&hellip;]<\/p>\n","protected":false},"author":1,"featured_media":242217,"parent":243708,"menu_order":12,"comment_status":"closed","ping_status":"closed","template":"templates\/award_details_page.php","meta":{"inline_featured_image":false,"footnotes":""},"class_list":["post-258231","page","type-page","status-publish","has-post-thumbnail","hentry"],"yoast_head":"<!-- This site is optimized with the Yoast SEO plugin v27.4 - https:\/\/yoast.com\/product\/yoast-seo-wordpress\/ -->\n<title>2012 - Pro Carton<\/title>\n<meta name=\"robots\" content=\"index, follow, max-snippet:-1, max-image-preview:large, max-video-preview:-1\" \/>\n<link rel=\"canonical\" href=\"https:\/\/www.procarton.com\/it\/awards\/pro-carton-young-designers-award\/2012-2\/\" \/>\n<meta property=\"og:locale\" content=\"it_IT\" \/>\n<meta property=\"og:type\" content=\"article\" \/>\n<meta property=\"og:title\" content=\"2012 - Pro Carton\" \/>\n<meta property=\"og:description\" content=\"A Successful Relaunch The relaunch of the International Pro Carton Design Award after a break of four years proved highly successful. Close to 70 entries from eight European countries demonstrated excellent quality and fantastic, well thought-out concepts. For young designers, the International Pro Carton Design Award is all about the future of packaging design, future-oriented [&hellip;]\" \/>\n<meta property=\"og:url\" content=\"https:\/\/www.procarton.com\/it\/awards\/pro-carton-young-designers-award\/2012-2\/\" \/>\n<meta property=\"og:site_name\" content=\"Pro Carton\" \/>\n<meta property=\"article:publisher\" content=\"https:\/\/www.facebook.com\/procartondesignaward\/\" \/>\n<meta property=\"article:modified_time\" content=\"2022-01-18T12:17:28+00:00\" \/>\n<meta property=\"og:image\" content=\"https:\/\/www.procarton.com\/wp-content\/uploads\/2021\/02\/Logo_pcyda_home-1.jpg\" \/>\n\t<meta property=\"og:image:width\" content=\"600\" \/>\n\t<meta property=\"og:image:height\" content=\"400\" \/>\n\t<meta property=\"og:image:type\" content=\"image\/jpeg\" \/>\n<meta name=\"twitter:card\" content=\"summary_large_image\" \/>\n<meta name=\"twitter:site\" content=\"@pro_carton\" \/>\n<meta name=\"twitter:label1\" content=\"Tempo di lettura stimato\" \/>\n\t<meta name=\"twitter:data1\" content=\"2 minuti\" \/>\n<script type=\"application\/ld+json\" class=\"yoast-schema-graph\">{\"@context\":\"https:\\\/\\\/schema.org\",\"@graph\":[{\"@type\":\"WebPage\",\"@id\":\"https:\\\/\\\/www.procarton.com\\\/es\\\/awards\\\/pro-carton-young-designers-award\\\/2012-2\\\/\",\"url\":\"https:\\\/\\\/www.procarton.com\\\/es\\\/awards\\\/pro-carton-young-designers-award\\\/2012-2\\\/\",\"name\":\"2012 - Pro Carton\",\"isPartOf\":{\"@id\":\"https:\\\/\\\/www.procarton.com\\\/es\\\/#website\"},\"primaryImageOfPage\":{\"@id\":\"https:\\\/\\\/www.procarton.com\\\/es\\\/awards\\\/pro-carton-young-designers-award\\\/2012-2\\\/#primaryimage\"},\"image\":{\"@id\":\"https:\\\/\\\/www.procarton.com\\\/es\\\/awards\\\/pro-carton-young-designers-award\\\/2012-2\\\/#primaryimage\"},\"thumbnailUrl\":\"https:\\\/\\\/www.procarton.com\\\/wp-content\\\/uploads\\\/2021\\\/02\\\/Logo_pcyda_home-1.jpg\",\"datePublished\":\"2021-03-03T10:34:20+00:00\",\"dateModified\":\"2022-01-18T12:17:28+00:00\",\"breadcrumb\":{\"@id\":\"https:\\\/\\\/www.procarton.com\\\/es\\\/awards\\\/pro-carton-young-designers-award\\\/2012-2\\\/#breadcrumb\"},\"inLanguage\":\"it-IT\",\"potentialAction\":[{\"@type\":\"ReadAction\",\"target\":[\"https:\\\/\\\/www.procarton.com\\\/es\\\/awards\\\/pro-carton-young-designers-award\\\/2012-2\\\/\"]}]},{\"@type\":\"ImageObject\",\"inLanguage\":\"it-IT\",\"@id\":\"https:\\\/\\\/www.procarton.com\\\/es\\\/awards\\\/pro-carton-young-designers-award\\\/2012-2\\\/#primaryimage\",\"url\":\"https:\\\/\\\/www.procarton.com\\\/wp-content\\\/uploads\\\/2021\\\/02\\\/Logo_pcyda_home-1.jpg\",\"contentUrl\":\"https:\\\/\\\/www.procarton.com\\\/wp-content\\\/uploads\\\/2021\\\/02\\\/Logo_pcyda_home-1.jpg\",\"width\":600,\"height\":400},{\"@type\":\"BreadcrumbList\",\"@id\":\"https:\\\/\\\/www.procarton.com\\\/es\\\/awards\\\/pro-carton-young-designers-award\\\/2012-2\\\/#breadcrumb\",\"itemListElement\":[{\"@type\":\"ListItem\",\"position\":1,\"name\":\"Home\",\"item\":\"https:\\\/\\\/www.procarton.com\\\/\"},{\"@type\":\"ListItem\",\"position\":2,\"name\":\"Awards\",\"item\":\"https:\\\/\\\/www.procarton.com\\\/awards\\\/\"},{\"@type\":\"ListItem\",\"position\":3,\"name\":\"Pro Carton Young Designers Award\",\"item\":\"https:\\\/\\\/www.procarton.com\\\/awards\\\/pro-carton-young-designers-award\\\/\"},{\"@type\":\"ListItem\",\"position\":4,\"name\":\"2012\"}]},{\"@type\":\"WebSite\",\"@id\":\"https:\\\/\\\/www.procarton.com\\\/es\\\/#website\",\"url\":\"https:\\\/\\\/www.procarton.com\\\/es\\\/\",\"name\":\"Pro Carton\",\"description\":\"\",\"publisher\":{\"@id\":\"https:\\\/\\\/www.procarton.com\\\/es\\\/#organization\"},\"potentialAction\":[{\"@type\":\"SearchAction\",\"target\":{\"@type\":\"EntryPoint\",\"urlTemplate\":\"https:\\\/\\\/www.procarton.com\\\/es\\\/?s={search_term_string}\"},\"query-input\":{\"@type\":\"PropertyValueSpecification\",\"valueRequired\":true,\"valueName\":\"search_term_string\"}}],\"inLanguage\":\"it-IT\"},{\"@type\":\"Organization\",\"@id\":\"https:\\\/\\\/www.procarton.com\\\/es\\\/#organization\",\"name\":\"ProCarton\",\"url\":\"https:\\\/\\\/www.procarton.com\\\/es\\\/\",\"logo\":{\"@type\":\"ImageObject\",\"inLanguage\":\"it-IT\",\"@id\":\"https:\\\/\\\/www.procarton.com\\\/es\\\/#\\\/schema\\\/logo\\\/image\\\/\",\"url\":\"https:\\\/\\\/www.procarton.com\\\/wp-content\\\/uploads\\\/2022\\\/06\\\/logo-mit-slogan.jpg\",\"contentUrl\":\"https:\\\/\\\/www.procarton.com\\\/wp-content\\\/uploads\\\/2022\\\/06\\\/logo-mit-slogan.jpg\",\"width\":422,\"height\":519,\"caption\":\"ProCarton\"},\"image\":{\"@id\":\"https:\\\/\\\/www.procarton.com\\\/es\\\/#\\\/schema\\\/logo\\\/image\\\/\"},\"sameAs\":[\"https:\\\/\\\/www.facebook.com\\\/procartondesignaward\\\/\",\"https:\\\/\\\/x.com\\\/pro_carton\"]}]}<\/script>\n<!-- \/ Yoast SEO plugin. -->","yoast_head_json":{"title":"2012 - Cartone Pro","robots":{"index":"index","follow":"follow","max-snippet":"max-snippet:-1","max-image-preview":"max-image-preview:large","max-video-preview":"max-video-preview:-1"},"canonical":"https:\/\/www.procarton.com\/it\/awards\/pro-carton-young-designers-award\/2012-2\/","og_locale":"it_IT","og_type":"article","og_title":"2012 - Pro Carton","og_description":"A Successful Relaunch The relaunch of the International Pro Carton Design Award after a break of four years proved highly successful. Close to 70 entries from eight European countries demonstrated excellent quality and fantastic, well thought-out concepts. For young designers, the International Pro Carton Design Award is all about the future of packaging design, future-oriented [&hellip;]","og_url":"https:\/\/www.procarton.com\/it\/awards\/pro-carton-young-designers-award\/2012-2\/","og_site_name":"Pro Carton","article_publisher":"https:\/\/www.facebook.com\/procartondesignaward\/","article_modified_time":"2022-01-18T12:17:28+00:00","og_image":[{"width":600,"height":400,"url":"https:\/\/www.procarton.com\/wp-content\/uploads\/2021\/02\/Logo_pcyda_home-1.jpg","type":"image\/jpeg"}],"twitter_card":"summary_large_image","twitter_site":"@pro_carton","twitter_misc":{"Tempo di lettura stimato":"2 minuti"},"schema":{"@context":"https:\/\/schema.org","@graph":[{"@type":"WebPage","@id":"https:\/\/www.procarton.com\/es\/awards\/pro-carton-young-designers-award\/2012-2\/","url":"https:\/\/www.procarton.com\/es\/awards\/pro-carton-young-designers-award\/2012-2\/","name":"2012 - Cartone Pro","isPartOf":{"@id":"https:\/\/www.procarton.com\/es\/#website"},"primaryImageOfPage":{"@id":"https:\/\/www.procarton.com\/es\/awards\/pro-carton-young-designers-award\/2012-2\/#primaryimage"},"image":{"@id":"https:\/\/www.procarton.com\/es\/awards\/pro-carton-young-designers-award\/2012-2\/#primaryimage"},"thumbnailUrl":"https:\/\/www.procarton.com\/wp-content\/uploads\/2021\/02\/Logo_pcyda_home-1.jpg","datePublished":"2021-03-03T10:34:20+00:00","dateModified":"2022-01-18T12:17:28+00:00","breadcrumb":{"@id":"https:\/\/www.procarton.com\/es\/awards\/pro-carton-young-designers-award\/2012-2\/#breadcrumb"},"inLanguage":"it-IT","potentialAction":[{"@type":"ReadAction","target":["https:\/\/www.procarton.com\/es\/awards\/pro-carton-young-designers-award\/2012-2\/"]}]},{"@type":"ImageObject","inLanguage":"it-IT","@id":"https:\/\/www.procarton.com\/es\/awards\/pro-carton-young-designers-award\/2012-2\/#primaryimage","url":"https:\/\/www.procarton.com\/wp-content\/uploads\/2021\/02\/Logo_pcyda_home-1.jpg","contentUrl":"https:\/\/www.procarton.com\/wp-content\/uploads\/2021\/02\/Logo_pcyda_home-1.jpg","width":600,"height":400},{"@type":"BreadcrumbList","@id":"https:\/\/www.procarton.com\/es\/awards\/pro-carton-young-designers-award\/2012-2\/#breadcrumb","itemListElement":[{"@type":"ListItem","position":1,"name":"Home","item":"https:\/\/www.procarton.com\/"},{"@type":"ListItem","position":2,"name":"Awards","item":"https:\/\/www.procarton.com\/awards\/"},{"@type":"ListItem","position":3,"name":"Pro Carton Young Designers Award","item":"https:\/\/www.procarton.com\/awards\/pro-carton-young-designers-award\/"},{"@type":"ListItem","position":4,"name":"2012"}]},{"@type":"WebSite","@id":"https:\/\/www.procarton.com\/es\/#website","url":"https:\/\/www.procarton.com\/es\/","name":"Pro Carton","description":"","publisher":{"@id":"https:\/\/www.procarton.com\/es\/#organization"},"potentialAction":[{"@type":"SearchAction","target":{"@type":"EntryPoint","urlTemplate":"https:\/\/www.procarton.com\/es\/?s={search_term_string}"},"query-input":{"@type":"PropertyValueSpecification","valueRequired":true,"valueName":"search_term_string"}}],"inLanguage":"it-IT"},{"@type":"Organization","@id":"https:\/\/www.procarton.com\/es\/#organization","name":"ProCarton","url":"https:\/\/www.procarton.com\/es\/","logo":{"@type":"ImageObject","inLanguage":"it-IT","@id":"https:\/\/www.procarton.com\/es\/#\/schema\/logo\/image\/","url":"https:\/\/www.procarton.com\/wp-content\/uploads\/2022\/06\/logo-mit-slogan.jpg","contentUrl":"https:\/\/www.procarton.com\/wp-content\/uploads\/2022\/06\/logo-mit-slogan.jpg","width":422,"height":519,"caption":"ProCarton"},"image":{"@id":"https:\/\/www.procarton.com\/es\/#\/schema\/logo\/image\/"},"sameAs":["https:\/\/www.facebook.com\/procartondesignaward\/","https:\/\/x.com\/pro_carton"]}]}},"_links":{"self":[{"href":"https:\/\/www.procarton.com\/it\/wp-json\/wp\/v2\/pages\/258231","targetHints":{"allow":["GET"]}}],"collection":[{"href":"https:\/\/www.procarton.com\/it\/wp-json\/wp\/v2\/pages"}],"about":[{"href":"https:\/\/www.procarton.com\/it\/wp-json\/wp\/v2\/types\/page"}],"author":[{"embeddable":true,"href":"https:\/\/www.procarton.com\/it\/wp-json\/wp\/v2\/users\/1"}],"replies":[{"embeddable":true,"href":"https:\/\/www.procarton.com\/it\/wp-json\/wp\/v2\/comments?post=258231"}],"version-history":[{"count":4,"href":"https:\/\/www.procarton.com\/it\/wp-json\/wp\/v2\/pages\/258231\/revisions"}],"predecessor-version":[{"id":276581,"href":"https:\/\/www.procarton.com\/it\/wp-json\/wp\/v2\/pages\/258231\/revisions\/276581"}],"up":[{"embeddable":true,"href":"https:\/\/www.procarton.com\/it\/wp-json\/wp\/v2\/pages\/243708"}],"wp:featuredmedia":[{"embeddable":true,"href":"https:\/\/www.procarton.com\/it\/wp-json\/wp\/v2\/media\/242217"}],"wp:attachment":[{"href":"https:\/\/www.procarton.com\/it\/wp-json\/wp\/v2\/media?parent=258231"}],"curies":[{"name":"wp","href":"https:\/\/api.w.org\/{rel}","templated":true}]}}