{"id":48,"date":"2021-07-29T11:54:46","date_gmt":"2021-07-29T10:54:46","guid":{"rendered":"https:\/\/www.procarton.com\/?page_id=48"},"modified":"2023-02-02T08:55:17","modified_gmt":"2023-02-02T08:55:17","slug":"privacy-statement","status":"publish","type":"page","link":"https:\/\/www.procarton.com\/fr\/privacy-statement\/","title":{"rendered":"Politique de confidentialit\u00e9"},"content":{"rendered":"<div class=\"av-animated-generic top-to-bottom flex_column av_two_third  flex_column_div av-zero-column-padding first  avia-builder-el-0  el_before_av_one_third  avia-builder-el-first\" style='border-radius:0px; '>\n<section class=\"av_textblock_section\"  itemscope=\"itemscope\" itemtype=\"https:\/\/schema.org\/CreativeWork\" >\n<div class='avia_textblock'   itemprop=\"text\" >\n<p>La pr\u00e9sente politique de confidentialit\u00e9 d\u00e9crit la collecte, l'utilisation et le traitement des donn\u00e9es personnelles par Pro Carton, agissant en tant que responsable du traitement de ces informations, tel que d\u00e9fini par le R\u00e8glement g\u00e9n\u00e9ral sur la protection des donn\u00e9es de l'Union europ\u00e9enne (le RGPD de l'UE).<\/p>\n<p><strong>1.  \u00c0 propos de Pro Carton et de vos droits en mati\u00e8re de confidentialit\u00e9 des donn\u00e9es<\/strong><\/p>\n<p><strong>1.1\u00a0 <\/strong>Pro Carton, l'association europ\u00e9enne des fabricants de cartons et cartonnages, est une organisation \u00e0 but non lucratif qui repr\u00e9sente plus de 40 usines de carton dans 13 pays europ\u00e9ens diff\u00e9rents et en Am\u00e9rique du Nord, fournissant plus de 90% de la demande europ\u00e9enne, ainsi que l'industrie de la transformation du carton \u00e0 travers l'Europe.  Pro Carton promeut les fonctionnalit\u00e9s et les avantages des cartons et du carton en tant que mat\u00e9riau d'emballage renouvelable, recyclable et comp\u00e9titif aupr\u00e8s des propri\u00e9taires de marques, des d\u00e9taillants, des designers, des m\u00e9dias et des d\u00e9cideurs europ\u00e9ens.<\/p>\n<p>L'adresse de Pro Carton est la suivante<\/p>\n<p>Pro Carton<br \/>\nc\/o ARCO Association Management AG<br \/>\nP.O. Box 1507<br \/>\nCH-8027 Zurich<br \/>\nSuisse<\/p>\n<p><strong>1.2 Vos droits en mati\u00e8re de confidentialit\u00e9 des donn\u00e9es<\/strong>\u00a0- Pro Carton s'engage \u00e0 respecter les normes les plus strictes en mati\u00e8re de confidentialit\u00e9 des donn\u00e9es et \u00e0 prot\u00e9ger les donn\u00e9es personnelles qu'elle collecte et traite.  \u00c0 cette fin, Pro Carton a d\u00e9ploy\u00e9 la pr\u00e9sente politique de confidentialit\u00e9 des donn\u00e9es et des mesures techniques organisationnelles et informatiques pour pr\u00e9venir les violations de donn\u00e9es et les utilisations illicites.<br \/>\nEn tant que responsable du traitement des donn\u00e9es, notre responsabilit\u00e9 implique notamment que nous vous donnions le droit de consulter, de corriger ou de supprimer l'une de vos donn\u00e9es personnelles.<\/p>\n<p>Si vous souhaitez consulter, compl\u00e9ter, rectifier ou supprimer toute information que nous d\u00e9tenons sur vous ou votre organisation, veuillez nous contacter \u00e0 l'adresse suivante : mail@procarton.com.<\/p>\n<p><strong>2.  Sur les donn\u00e9es personnelles que nous collectons et la mani\u00e8re dont nous les utilisons<\/strong><\/p>\n<p><strong>2.1 Donn\u00e9es personnelles<\/strong>\u00a0- En tant que membre de Pro Carton ou d'un tiers externe, vous pouvez nous fournir des informations de donn\u00e9es personnelles lorsque vous utilisez notre site web, interagissez avec nous sur les m\u00e9dias sociaux, vous inscrivez \u00e0 des informations ou \u00e0 des \u00e9v\u00e9nements.<br \/>\nLes donn\u00e9es que nous collectons peuvent inclure le nom, le titre (ou le sexe), la fonction, le pr\u00e9nom, le nom de famille, la fonction, le num\u00e9ro de t\u00e9l\u00e9phone, l'adresse postale, l'e-mail, le(s) compte(s) de m\u00e9dias sociaux et l'adresse web de votre organisation.<\/p>\n<p>Certaines de ces donn\u00e9es sont consid\u00e9r\u00e9es comme des donn\u00e9es personnelles en vertu du GDPR de l'UE.  Dans la plupart des cas, nous collectons les donn\u00e9es personnelles directement aupr\u00e8s des personnes concern\u00e9es, mais nous pouvons parfois obtenir des donn\u00e9es personnelles aupr\u00e8s de tiers, tels que d'autres associations professionnelles ou d'autres contacts du secteur.<\/p>\n<p><strong>2.2 Objectif de l'utilisation et du traitement<\/strong>\u00a0- les informations que vous nous fournissez seront utilis\u00e9es dans le but de vous contacter, de r\u00e9pondre \u00e0 vos demandes en ligne ou de vous faciliter l'acc\u00e8s au contenu r\u00e9serv\u00e9 aux membres et\/ou de vous fournir des informations pertinentes et actualis\u00e9es sur notre organisation, ses activit\u00e9s et ses positions.<\/p>\n<p><strong>2.3 Consentement explicite, conservation et droit de consultation + modification<\/strong>\u00a0- votre consentement pr\u00e9alable, \u00e9clair\u00e9 et explicite pour l'utilisation et le traitement de vos donn\u00e9es personnelles sera demand\u00e9 pour l'inscription aux communications de masse de Pro Carton, telles que les lettres d'information ou la participation \u00e0 des \u00e9v\u00e9nements.<\/p>\n<p>Vos donn\u00e9es personnelles seront conserv\u00e9es pendant la dur\u00e9e strictement n\u00e9cessaire \u00e0 la r\u00e9alisation des objectifs pour lesquels elles ont \u00e9t\u00e9 collect\u00e9es.<\/p>\n<p>Si vous souhaitez retirer votre consentement \u00e9clair\u00e9 pr\u00e9alable, consulter, compl\u00e9ter, rectifier ou supprimer toute information que nous d\u00e9tenons sur vous ou votre organisation, veuillez nous contacter \u00e0 l'adresse suivante : mail@procarton.com.<\/p>\n<p><strong>2.4 Partage des donn\u00e9es<\/strong>\u00a0- En tant qu'organisation \u00e0 but non lucratif, Pro Carton ne partage ni ne vend aucune donn\u00e9e personnelle \u00e0 des tiers \u00e0 des fins commerciales.<\/p>\n<p>Les donn\u00e9es personnelles peuvent \u00eatre partag\u00e9es avec les membres de Pro Carton pour le m\u00eame int\u00e9r\u00eat l\u00e9gitime et la m\u00eame raison pour laquelle Pro Carton les utilise.<\/p>\n<p>Vos donn\u00e9es personnelles peuvent \u00eatre trait\u00e9es en dehors de l'Union europ\u00e9enne.  Dans ce cas, le transfert des donn\u00e9es est r\u00e9gi par un accord de traitement des donn\u00e9es afin de fournir des garanties ad\u00e9quates telles que d\u00e9finies par le GDPR de l'UE.<\/p>\n<p><strong>2.5.  \u00c9valuation des risques<\/strong>\u00a0- Le traitement de vos donn\u00e9es personnelles a \u00e9t\u00e9 auto\u00e9valu\u00e9 comme pr\u00e9sentant des risques limit\u00e9s pour vos droits fondamentaux, \u00e9tant donn\u00e9 que seules des informations professionnelles sont utilis\u00e9es et que des mesures ad\u00e9quates sont en place pour pr\u00e9venir les violations de donn\u00e9es.<\/p>\n<p><strong>3.  \u00c0 propos de notre site web, des m\u00e9dias sociaux et de nos politiques en mati\u00e8re de cookies<\/strong><\/p>\n<p><strong>3.1 Cookies\u00a0<\/strong>- Notre site web ou nos canaux de m\u00e9dias sociaux peuvent utiliser des techniques de suivi telles que les cookies pour collecter des informations techniques sur votre utilisation dans le but d'am\u00e9liorer et d'adapter leur contenu et de le rendre plus convivial.<\/p>\n<p>Les cookies sont stock\u00e9s sur votre ordinateur et nous permettent de suivre l'utilisation du site web par votre ordinateur et, pour les utilisateurs enregistr\u00e9s, de g\u00e9rer leur acc\u00e8s \u00e0 un contenu sp\u00e9cifique.<br \/>\nNous utilisons des cookies de performance pour fournir des statistiques anonymes sur l'utilisation de notre site web (analyse web par Google Analytics).<\/p>\n<p>Il vous est possible de d\u00e9sactiver ou de supprimer les cookies dans les options sp\u00e9cifiques de votre navigateur, mais cela peut nuire \u00e0 votre utilisation du site web.<\/p>\n<p><strong>3.2 Politiques de confidentialit\u00e9 des m\u00e9dias sociaux<\/strong>\u00a0- Lorsque vous interagissez avec nos canaux de m\u00e9dias sociaux (par ex.\u00a0<a href=\"https:\/\/twitter.com\/cepi_paper\">Twitter<\/a>,\u00a0<a href=\"https:\/\/www.facebook.com\/CEPIPaper\/\">Facebook<\/a>,\u00a0<a href=\"https:\/\/www.linkedin.com\/company\/cepi\/\">LinkedIn<\/a>,\u00a0<a href=\"https:\/\/www.instagram.com\/cepi_stagram25\/\">Instagram<\/a>,\u00a0<a href=\"https:\/\/www.youtube.com\/channel\/UC52Y4zM-iRSb22hrUBgvGgQ\">YouTube<\/a>) votre consentement et l'utilisation de vos donn\u00e9es personnelles sont couverts par les conditions g\u00e9n\u00e9rales et les politiques de confidentialit\u00e9 de chacune de ces plateformes de m\u00e9dias sociaux.<\/p>\n<p><strong>3.3.  Sites web et m\u00e9dias sociaux de tiers<\/strong>\u00a0- Notre ou nos sites web, nos canaux de m\u00e9dias sociaux et nos outils de communication \u00e9lectronique peuvent \u00e9galement contenir des liens vers des sites web ou des canaux de m\u00e9dias sociaux de tiers.  Ces liens sont fournis pour votre information et votre commodit\u00e9 uniquement.  Pro Carton ne soutient pas, n'approuve pas et n'assume aucune responsabilit\u00e9 pour les sites Web ou les canaux de m\u00e9dias sociaux vers lesquels nous fournissons des liens.<\/p>\n<p><strong>4.  Mise \u00e0 jour de la politique et notifications<\/strong><\/p>\n<p>Pro Carton peut mettre \u00e0 jour cette politique \u00e0 tout moment en publiant les changements en ligne.  De tels changements seront notifi\u00e9s aux contacts enregistr\u00e9s et aux visiteurs du site web afin d'\u00eatre lus et accept\u00e9s.<\/p>\n<\/div>\n<\/section>\n<\/div>\n<div class=\"av-animated-generic top-to-bottom flex_column av_one_third  flex_column_div av-zero-column-padding   avia-builder-el-2  el_after_av_two_third  avia-builder-el-last\" style='border-radius:0px; '><\/div>","protected":false},"excerpt":{"rendered":"","protected":false},"author":1,"featured_media":0,"parent":0,"menu_order":27,"comment_status":"closed","ping_status":"closed","template":"","meta":{"inline_featured_image":false,"footnotes":""},"class_list":["post-48","page","type-page","status-publish","hentry"],"yoast_head":"<!-- This site is optimized with the Yoast SEO plugin v27.4 - https:\/\/yoast.com\/product\/yoast-seo-wordpress\/ -->\n<title>Privacy Statement - Pro Carton<\/title>\n<meta name=\"robots\" content=\"index, follow, max-snippet:-1, max-image-preview:large, max-video-preview:-1\" \/>\n<link rel=\"canonical\" href=\"https:\/\/www.procarton.com\/fr\/privacy-statement\/\" \/>\n<meta property=\"og:locale\" content=\"fr_FR\" \/>\n<meta property=\"og:type\" content=\"article\" \/>\n<meta property=\"og:title\" content=\"Privacy Statement - Pro Carton\" \/>\n<meta property=\"og:url\" content=\"https:\/\/www.procarton.com\/fr\/privacy-statement\/\" \/>\n<meta property=\"og:site_name\" content=\"Pro Carton\" \/>\n<meta property=\"article:publisher\" content=\"https:\/\/www.facebook.com\/procartondesignaward\/\" \/>\n<meta property=\"article:modified_time\" content=\"2023-02-02T08:55:17+00:00\" \/>\n<meta name=\"twitter:card\" content=\"summary_large_image\" \/>\n<meta name=\"twitter:site\" content=\"@pro_carton\" \/>\n<meta name=\"twitter:label1\" content=\"Dur\u00e9e de lecture estim\u00e9e\" \/>\n\t<meta name=\"twitter:data1\" content=\"5 minutes\" \/>\n<script type=\"application\/ld+json\" class=\"yoast-schema-graph\">{\"@context\":\"https:\\\/\\\/schema.org\",\"@graph\":[{\"@type\":\"WebPage\",\"@id\":\"https:\\\/\\\/www.procarton.com\\\/privacy-statement\\\/\",\"url\":\"https:\\\/\\\/www.procarton.com\\\/privacy-statement\\\/\",\"name\":\"Privacy Statement - Pro Carton\",\"isPartOf\":{\"@id\":\"https:\\\/\\\/www.procarton.com\\\/es\\\/#website\"},\"datePublished\":\"2021-07-29T10:54:46+00:00\",\"dateModified\":\"2023-02-02T08:55:17+00:00\",\"breadcrumb\":{\"@id\":\"https:\\\/\\\/www.procarton.com\\\/privacy-statement\\\/#breadcrumb\"},\"inLanguage\":\"fr-FR\",\"potentialAction\":[{\"@type\":\"ReadAction\",\"target\":[\"https:\\\/\\\/www.procarton.com\\\/privacy-statement\\\/\"]}]},{\"@type\":\"BreadcrumbList\",\"@id\":\"https:\\\/\\\/www.procarton.com\\\/privacy-statement\\\/#breadcrumb\",\"itemListElement\":[{\"@type\":\"ListItem\",\"position\":1,\"name\":\"Home\",\"item\":\"https:\\\/\\\/www.procarton.com\\\/\"},{\"@type\":\"ListItem\",\"position\":2,\"name\":\"Privacy Statement\"}]},{\"@type\":\"WebSite\",\"@id\":\"https:\\\/\\\/www.procarton.com\\\/es\\\/#website\",\"url\":\"https:\\\/\\\/www.procarton.com\\\/es\\\/\",\"name\":\"Pro Carton\",\"description\":\"\",\"publisher\":{\"@id\":\"https:\\\/\\\/www.procarton.com\\\/es\\\/#organization\"},\"potentialAction\":[{\"@type\":\"SearchAction\",\"target\":{\"@type\":\"EntryPoint\",\"urlTemplate\":\"https:\\\/\\\/www.procarton.com\\\/es\\\/?s={search_term_string}\"},\"query-input\":{\"@type\":\"PropertyValueSpecification\",\"valueRequired\":true,\"valueName\":\"search_term_string\"}}],\"inLanguage\":\"fr-FR\"},{\"@type\":\"Organization\",\"@id\":\"https:\\\/\\\/www.procarton.com\\\/es\\\/#organization\",\"name\":\"ProCarton\",\"url\":\"https:\\\/\\\/www.procarton.com\\\/es\\\/\",\"logo\":{\"@type\":\"ImageObject\",\"inLanguage\":\"fr-FR\",\"@id\":\"https:\\\/\\\/www.procarton.com\\\/es\\\/#\\\/schema\\\/logo\\\/image\\\/\",\"url\":\"https:\\\/\\\/www.procarton.com\\\/wp-content\\\/uploads\\\/2022\\\/06\\\/logo-mit-slogan.jpg\",\"contentUrl\":\"https:\\\/\\\/www.procarton.com\\\/wp-content\\\/uploads\\\/2022\\\/06\\\/logo-mit-slogan.jpg\",\"width\":422,\"height\":519,\"caption\":\"ProCarton\"},\"image\":{\"@id\":\"https:\\\/\\\/www.procarton.com\\\/es\\\/#\\\/schema\\\/logo\\\/image\\\/\"},\"sameAs\":[\"https:\\\/\\\/www.facebook.com\\\/procartondesignaward\\\/\",\"https:\\\/\\\/x.com\\\/pro_carton\"]}]}<\/script>\n<!-- \/ Yoast SEO plugin. -->","yoast_head_json":{"title":"D\u00e9claration de confidentialit\u00e9 - Pro Carton","robots":{"index":"index","follow":"follow","max-snippet":"max-snippet:-1","max-image-preview":"max-image-preview:large","max-video-preview":"max-video-preview:-1"},"canonical":"https:\/\/www.procarton.com\/fr\/privacy-statement\/","og_locale":"fr_FR","og_type":"article","og_title":"Privacy Statement - Pro Carton","og_url":"https:\/\/www.procarton.com\/fr\/privacy-statement\/","og_site_name":"Pro Carton","article_publisher":"https:\/\/www.facebook.com\/procartondesignaward\/","article_modified_time":"2023-02-02T08:55:17+00:00","twitter_card":"summary_large_image","twitter_site":"@pro_carton","twitter_misc":{"Dur\u00e9e de lecture estim\u00e9e":"5 minutes"},"schema":{"@context":"https:\/\/schema.org","@graph":[{"@type":"WebPage","@id":"https:\/\/www.procarton.com\/privacy-statement\/","url":"https:\/\/www.procarton.com\/privacy-statement\/","name":"D\u00e9claration de confidentialit\u00e9 - Pro Carton","isPartOf":{"@id":"https:\/\/www.procarton.com\/es\/#website"},"datePublished":"2021-07-29T10:54:46+00:00","dateModified":"2023-02-02T08:55:17+00:00","breadcrumb":{"@id":"https:\/\/www.procarton.com\/privacy-statement\/#breadcrumb"},"inLanguage":"fr-FR","potentialAction":[{"@type":"ReadAction","target":["https:\/\/www.procarton.com\/privacy-statement\/"]}]},{"@type":"BreadcrumbList","@id":"https:\/\/www.procarton.com\/privacy-statement\/#breadcrumb","itemListElement":[{"@type":"ListItem","position":1,"name":"Home","item":"https:\/\/www.procarton.com\/"},{"@type":"ListItem","position":2,"name":"Privacy Statement"}]},{"@type":"WebSite","@id":"https:\/\/www.procarton.com\/es\/#website","url":"https:\/\/www.procarton.com\/es\/","name":"Pro Carton","description":"","publisher":{"@id":"https:\/\/www.procarton.com\/es\/#organization"},"potentialAction":[{"@type":"SearchAction","target":{"@type":"EntryPoint","urlTemplate":"https:\/\/www.procarton.com\/es\/?s={search_term_string}"},"query-input":{"@type":"PropertyValueSpecification","valueRequired":true,"valueName":"search_term_string"}}],"inLanguage":"fr-FR"},{"@type":"Organization","@id":"https:\/\/www.procarton.com\/es\/#organization","name":"ProCarton","url":"https:\/\/www.procarton.com\/es\/","logo":{"@type":"ImageObject","inLanguage":"fr-FR","@id":"https:\/\/www.procarton.com\/es\/#\/schema\/logo\/image\/","url":"https:\/\/www.procarton.com\/wp-content\/uploads\/2022\/06\/logo-mit-slogan.jpg","contentUrl":"https:\/\/www.procarton.com\/wp-content\/uploads\/2022\/06\/logo-mit-slogan.jpg","width":422,"height":519,"caption":"ProCarton"},"image":{"@id":"https:\/\/www.procarton.com\/es\/#\/schema\/logo\/image\/"},"sameAs":["https:\/\/www.facebook.com\/procartondesignaward\/","https:\/\/x.com\/pro_carton"]}]}},"_links":{"self":[{"href":"https:\/\/www.procarton.com\/fr\/wp-json\/wp\/v2\/pages\/48","targetHints":{"allow":["GET"]}}],"collection":[{"href":"https:\/\/www.procarton.com\/fr\/wp-json\/wp\/v2\/pages"}],"about":[{"href":"https:\/\/www.procarton.com\/fr\/wp-json\/wp\/v2\/types\/page"}],"author":[{"embeddable":true,"href":"https:\/\/www.procarton.com\/fr\/wp-json\/wp\/v2\/users\/1"}],"replies":[{"embeddable":true,"href":"https:\/\/www.procarton.com\/fr\/wp-json\/wp\/v2\/comments?post=48"}],"version-history":[{"count":7,"href":"https:\/\/www.procarton.com\/fr\/wp-json\/wp\/v2\/pages\/48\/revisions"}],"predecessor-version":[{"id":284274,"href":"https:\/\/www.procarton.com\/fr\/wp-json\/wp\/v2\/pages\/48\/revisions\/284274"}],"wp:attachment":[{"href":"https:\/\/www.procarton.com\/fr\/wp-json\/wp\/v2\/media?parent=48"}],"curies":[{"name":"wp","href":"https:\/\/api.w.org\/{rel}","templated":true}]}}