{"id":307370,"date":"2025-11-26T11:52:25","date_gmt":"2025-11-26T11:52:25","guid":{"rendered":"https:\/\/www.procarton.com\/?page_id=307370"},"modified":"2025-11-26T15:49:38","modified_gmt":"2025-11-26T15:49:38","slug":"main-sponsor-2025","status":"publish","type":"page","link":"https:\/\/www.procarton.com\/fr\/awards\/european-carton-excellence-award\/2025-2\/main-sponsor-2025\/","title":{"rendered":"Article du sponsor principal 2025"},"content":{"rendered":"<div  style='height:50px' class='hr hr-invisible   avia-builder-el-0  el_before_av_three_fourth  avia-builder-el-first'><span class='hr-inner' ><span class='hr-inner-style'><\/span><\/span><\/div>\n<div class=\"av-animated-generic top-to-bottom flex_column av_three_fourth  flex_column_div av-zero-column-padding first  avia-builder-el-1  el_after_av_hr  el_before_av_three_fourth\" style='border-radius:0px; '>\n<section class=\"av_textblock_section\"  itemscope=\"itemscope\" itemtype=\"https:\/\/schema.org\/CreativeWork\" >\n<div class='avia_textblock'   itemprop=\"text\" >\n<h3>L'ECMA et Pro Carton ont le plaisir de vous pr\u00e9senter un article de notre sponsor principal du 2025 European Carton Excellence Award.<\/h3>\n<\/div>\n<\/section>\n<\/div>\n<div class=\"av-animated-generic top-to-bottom flex_column av_three_fourth  flex_column_div av-zero-column-padding first  avia-builder-el-3  el_after_av_three_fourth  el_before_av_one_fourth  column-top-margin\" style='border-radius:0px; '>\n<section class=\"av_textblock_section\"  itemscope=\"itemscope\" itemtype=\"https:\/\/schema.org\/CreativeWork\" >\n<div class='avia_textblock'   itemprop=\"text\" >\n<h4 class=\"main-title entry-title\">Naviguer dans la transformation du commerce de d\u00e9tail gr\u00e2ce \u00e0 la num\u00e9risation et \u00e0 l'innovation<\/h4>\n<\/div>\n<\/section>\n<section class=\"av_textblock_section\"  itemscope=\"itemscope\" itemtype=\"https:\/\/schema.org\/CreativeWork\" >\n<div class='avia_textblock'   itemprop=\"text\" >\n<p><b>Naviguer dans la transformation du commerce de d\u00e9tail gr\u00e2ce \u00e0 la num\u00e9risation et \u00e0 l'innovation<\/b><\/p>\n<p>Le paysage de la vente au d\u00e9tail \u00e9volue rapidement, sous l'effet des changements de comportement des consommateurs et de l'acc\u00e9l\u00e9ration du rythme de la num\u00e9risation. Les habitudes d'achat traditionnelles sont remplac\u00e9es par des d\u00e9cisions plus spontan\u00e9es et impulsives, et les consommateurs attendent de plus en plus de commodit\u00e9, de rapidit\u00e9 et d'exp\u00e9riences personnalis\u00e9es. Au point de vente, cela signifie que les marques doivent aller au-del\u00e0 des affichages statiques et des interactions transactionnelles pour cr\u00e9er des environnements dynamiques et r\u00e9actifs qui refl\u00e8tent les valeurs et les pr\u00e9f\u00e9rences des acheteurs modernes.<\/p>\n<p>Si le consommateur reste le d\u00e9cideur ultime, ses choix sont d\u00e9sormais influenc\u00e9s par un r\u00e9seau complexe de points de contact num\u00e9riques. Les applications mobiles, les m\u00e9dias sociaux et les donn\u00e9es en temps r\u00e9el contribuent tous \u00e0 un parcours d'achat moins lin\u00e9aire et plus fluide. Les d\u00e9taillants doivent s'adapter en int\u00e9grant des outils num\u00e9riques qui am\u00e9liorent l'exp\u00e9rience client et rationalisent les op\u00e9rations.<\/p>\n<p><b>La num\u00e9risation et son impact sur le march\u00e9 du travail<\/b><\/p>\n<p>L'une des cons\u00e9quences les plus importantes de la transformation num\u00e9rique est son effet sur le march\u00e9 du travail. L'automatisation, l'intelligence artificielle et l'analyse des donn\u00e9es remod\u00e8lent les r\u00f4les dans l'ensemble des secteurs de la vente au d\u00e9tail et de l'emballage. Les t\u00e2ches routini\u00e8res sont de plus en plus prises en charge par des machines, tandis que les travailleurs humains doivent acqu\u00e9rir de nouvelles comp\u00e9tences en mati\u00e8re d'interpr\u00e9tation des donn\u00e9es, de gestion des syst\u00e8mes et d'engagement aupr\u00e8s des clients.<\/p>\n<p>Cette \u00e9volution pr\u00e9sente \u00e0 la fois des d\u00e9fis et des opportunit\u00e9s. D'une part, il existe un besoin croissant de requalification et d'adaptation de la main-d'\u0153uvre. D'autre part, la num\u00e9risation permet une allocation plus efficace des ressources et une gestion plus intelligente de la cha\u00eene d'approvisionnement. Ces am\u00e9liorations se traduisent par des \u00e9conomies, une r\u00e9duction des d\u00e9chets et des cycles de production plus souples.<\/p>\n<p><b>Optimisation de l'emballage en fonction des donn\u00e9es<\/b><\/p>\n<p>La collecte et l'analyse des donn\u00e9es jouent un r\u00f4le central dans l'optimisation des processus d'emballage. En exploitant les informations en temps r\u00e9el sur les pr\u00e9f\u00e9rences des consommateurs, les habitudes d'achat et les performances logistiques, les entreprises peuvent concevoir des emballages non seulement fonctionnels, mais aussi conformes aux objectifs de d\u00e9veloppement durable. Par exemple, les donn\u00e9es peuvent r\u00e9v\u00e9ler quels mat\u00e9riaux sont les plus performants dans des conditions sp\u00e9cifiques, ou quels formats r\u00e9duisent les co\u00fbts de transport et l'impact sur l'environnement.<\/p>\n<p>Cette approche centr\u00e9e sur les donn\u00e9es favorise \u00e9galement le d\u00e9veloppement de solutions d'emballage plus durables. Plut\u00f4t que de s'appuyer uniquement sur des mandats r\u00e9glementaires ou sur la pression des consommateurs, les entreprises peuvent utiliser des donn\u00e9es empiriques pour guider l'innovation. Il s'agit notamment d'identifier les possibilit\u00e9s de r\u00e9duire l'utilisation des mat\u00e9riaux, d'am\u00e9liorer la recyclabilit\u00e9 et de renforcer la protection des produits, tout en conservant un bon rapport co\u00fbt-efficacit\u00e9.<\/p>\n<p><b>Collaboration et innovation tout au long de la cha\u00eene de valeur<\/b><\/p>\n<p>La num\u00e9risation favorise la collaboration tout au long de la cha\u00eene de valeur de l'emballage. Les plateformes bas\u00e9es sur le cloud, les bases de donn\u00e9es partag\u00e9es et les outils de planification int\u00e9gr\u00e9s permettent aux fabricants, aux fournisseurs et aux d\u00e9taillants de travailler ensemble plus efficacement. Cette interconnexion acc\u00e9l\u00e8re l'innovation et permet de r\u00e9pondre plus rapidement aux demandes du march\u00e9.<\/p>\n<p>En outre, les outils num\u00e9riques peuvent aider \u00e0 naviguer dans les complexit\u00e9s de la l\u00e9gislation internationale. En normalisant les formats de donn\u00e9es et le suivi de la conformit\u00e9, les entreprises peuvent plus facilement s'adapter aux diff\u00e9rents environnements r\u00e9glementaires et garantir que les solutions d'emballage r\u00e9pondent aux normes mondiales.<\/p>\n<p><b>Conclusion<\/b><\/p>\n<p>La convergence de l'\u00e9volution du comportement des consommateurs, de la transformation num\u00e9rique et des imp\u00e9ratifs de durabilit\u00e9 est en train de remodeler les secteurs de la vente au d\u00e9tail et de l'emballage. Si le point de vente reste un point de contact essentiel, son r\u00f4le est d\u00e9sormais li\u00e9 \u00e0 des changements technologiques et op\u00e9rationnels plus larges. En adoptant la num\u00e9risation, les entreprises peuvent non seulement am\u00e9liorer l'exp\u00e9rience des clients, mais aussi accro\u00eetre l'efficacit\u00e9, favoriser l'innovation et contribuer \u00e0 des pratiques de production plus durables. L'avenir du commerce de d\u00e9tail et de l'emballage r\u00e9side dans la collaboration, o\u00f9 chaque d\u00e9cision est \u00e9clair\u00e9e, agile et align\u00e9e sur les besoins du march\u00e9 et la responsabilit\u00e9 environnementale.<\/p>\n<p style=\"text-align: left;\">Pour plus d'informations, consultez le site <a href=\"http:\/\/www.heidelberg.com\">www.heidelberg.com<\/a><\/p>\n<\/div>\n<\/section>\n<div   class='hr hr-default   avia-builder-el-6  el_after_av_textblock  avia-builder-el-last'><span class='hr-inner' ><span class='hr-inner-style'><\/span><\/span><\/div>\n<\/div>\n<div class=\"av-animated-generic top-to-bottom flex_column av_one_fourth  flex_column_div av-zero-column-padding   avia-builder-el-7  el_after_av_three_fourth  el_before_av_video  column-top-margin\" style='border-radius:0px; '>\n<div  class='avia-image-container  av-styling-    avia-builder-el-8  el_before_av_image  avia-builder-el-first  avia-align-center'  itemprop=\"image\" itemscope=\"itemscope\" itemtype=\"https:\/\/schema.org\/ImageObject\"  >\n<div class='avia-image-container-inner'>\n<div class='avia-image-overlay-wrap'><img decoding=\"async\" width=\"230\" height=\"130\" class='wp-image-271395 avia-img-lazy-loading-not-271395 avia_image' src=\"https:\/\/www.procarton.com\/wp-content\/uploads\/2021\/12\/heidelberg.jpg\" alt='' title='heidelberg'  itemprop=\"thumbnailUrl\" srcset=\"https:\/\/www.procarton.com\/wp-content\/uploads\/2021\/12\/heidelberg.jpg 230w, https:\/\/www.procarton.com\/wp-content\/uploads\/2021\/12\/heidelberg-18x10.jpg 18w\" sizes=\"(max-width: 230px) 100vw, 230px\" \/><\/div>\n<\/div>\n<\/div>\n<div  class='avia-image-container  av-styling-    avia-builder-el-9  el_after_av_image  avia-builder-el-last  avia-align-center'  itemprop=\"image\" itemscope=\"itemscope\" itemtype=\"https:\/\/schema.org\/ImageObject\"  >\n<div class='avia-image-container-inner'>\n<div class='avia-image-overlay-wrap'><img decoding=\"async\" width=\"960\" height=\"470\" class='wp-image-306905 avia-img-lazy-loading-not-306905 avia_image' src=\"https:\/\/www.procarton.com\/wp-content\/uploads\/2025\/09\/Grafik-Anniversary-Magazin-p12-13_182x89.jpg\" alt='' title='Magasin anniversaire Grafik p12-13_182x89'  itemprop=\"thumbnailUrl\" srcset=\"https:\/\/www.procarton.com\/wp-content\/uploads\/2025\/09\/Grafik-Anniversary-Magazin-p12-13_182x89.jpg 960w, https:\/\/www.procarton.com\/wp-content\/uploads\/2025\/09\/Grafik-Anniversary-Magazin-p12-13_182x89-300x147.jpg 300w, https:\/\/www.procarton.com\/wp-content\/uploads\/2025\/09\/Grafik-Anniversary-Magazin-p12-13_182x89-768x376.jpg 768w, https:\/\/www.procarton.com\/wp-content\/uploads\/2025\/09\/Grafik-Anniversary-Magazin-p12-13_182x89-18x9.jpg 18w, https:\/\/www.procarton.com\/wp-content\/uploads\/2025\/09\/Grafik-Anniversary-Magazin-p12-13_182x89-705x345.jpg 705w\" sizes=\"(max-width: 960px) 100vw, 960px\" \/><\/div>\n<\/div>\n<\/div>\n<\/div>\n<div  class='avia-video avia-video-16-9   av-lazyload-immediate  av-lazyload-video-embed'   itemprop=\"video\" itemtype=\"https:\/\/schema.org\/VideoObject\"  data-original_url='https:\/\/www.youtube.com\/watch?v=DZUIlsJrCF4&amp;t=5s' ><script type='text\/html' class='av-video-tmpl'><\/p>\n<div class='avia-iframe-wrap'><iframe loading=\"lazy\" title=\"Celebrating 175 years of Heidelberger Druckmaschinen\" width=\"1500\" height=\"844\" src=\"https:\/\/www.youtube.com\/embed\/DZUIlsJrCF4?start=5&feature=oembed&autoplay=0&loop=0&controls=1&mute=0\" frameborder=\"0\" allow=\"accelerometer; autoplay; clipboard-write; encrypted-media; gyroscope; picture-in-picture; web-share\" referrerpolicy=\"strict-origin-when-cross-origin\" allowfullscreen><\/iframe><\/div>\n<p><\/script><\/p>\n<div class='av-click-to-play-overlay'>\n<div class=\"avia_playpause_icon\"><\/div>\n<\/div>\n<\/div>\n<div  style='height:50px' class='hr hr-invisible   avia-builder-el-11  el_after_av_video  avia-builder-el-last'><span class='hr-inner' ><span class='hr-inner-style'><\/span><\/span><\/div>","protected":false},"excerpt":{"rendered":"<p>D\u00e9tails sur les juges European Carton Excellence Award 2024 qui choisissent le carton de l'ann\u00e9e et les candidats pr\u00e9s\u00e9lectionn\u00e9s pour le vote du public.<\/p>","protected":false},"author":5916,"featured_media":299838,"parent":300256,"menu_order":8,"comment_status":"closed","ping_status":"closed","template":"templates\/award_details_page.php","meta":{"inline_featured_image":false,"footnotes":""},"class_list":["post-307370","page","type-page","status-publish","has-post-thumbnail","hentry"],"yoast_head":"<!-- This site is optimized with the Yoast SEO plugin v27.3 - https:\/\/yoast.com\/product\/yoast-seo-wordpress\/ -->\n<title>Article of Main Sponsor 2025 - Pro Carton<\/title>\n<meta name=\"description\" content=\"Details of the European Carton Excellence Award 2024 Judges who choose the Carton of the Year and Shortlist Entries for the Public Vote\" \/>\n<meta name=\"robots\" content=\"index, follow, max-snippet:-1, max-image-preview:large, max-video-preview:-1\" \/>\n<link rel=\"canonical\" href=\"https:\/\/www.procarton.com\/fr\/awards\/european-carton-excellence-award\/2025-2\/main-sponsor-2025\/\" \/>\n<meta property=\"og:locale\" content=\"fr_FR\" \/>\n<meta property=\"og:type\" content=\"article\" \/>\n<meta property=\"og:title\" content=\"Article of Main Sponsor 2025 - Pro Carton\" \/>\n<meta property=\"og:description\" content=\"Details of the European Carton Excellence Award 2024 Judges who choose the Carton of the Year and Shortlist Entries for the Public Vote\" \/>\n<meta property=\"og:url\" content=\"https:\/\/www.procarton.com\/fr\/awards\/european-carton-excellence-award\/2025-2\/main-sponsor-2025\/\" \/>\n<meta property=\"og:site_name\" content=\"Pro Carton\" \/>\n<meta property=\"article:publisher\" content=\"https:\/\/www.facebook.com\/procartondesignaward\/\" \/>\n<meta property=\"article:modified_time\" content=\"2025-11-26T15:49:38+00:00\" \/>\n<meta property=\"og:image\" content=\"https:\/\/www.procarton.com\/wp-content\/uploads\/2024\/10\/ecma_gala_19-09-2024_rk_74-1030x685.jpg\" \/>\n\t<meta property=\"og:image:width\" content=\"1030\" \/>\n\t<meta property=\"og:image:height\" content=\"685\" \/>\n\t<meta property=\"og:image:type\" content=\"image\/jpeg\" \/>\n<meta name=\"twitter:card\" content=\"summary_large_image\" \/>\n<meta name=\"twitter:site\" content=\"@pro_carton\" \/>\n<meta name=\"twitter:label1\" content=\"Dur\u00e9e de lecture estim\u00e9e\" \/>\n\t<meta name=\"twitter:data1\" content=\"5 minutes\" \/>\n<script type=\"application\/ld+json\" class=\"yoast-schema-graph\">{\"@context\":\"https:\\\/\\\/schema.org\",\"@graph\":[{\"@type\":\"WebPage\",\"@id\":\"https:\\\/\\\/www.procarton.com\\\/awards\\\/european-carton-excellence-award\\\/2025-2\\\/main-sponsor-2025\\\/\",\"url\":\"https:\\\/\\\/www.procarton.com\\\/awards\\\/european-carton-excellence-award\\\/2025-2\\\/main-sponsor-2025\\\/\",\"name\":\"Article of Main Sponsor 2025 - Pro Carton\",\"isPartOf\":{\"@id\":\"https:\\\/\\\/www.procarton.com\\\/es\\\/#website\"},\"primaryImageOfPage\":{\"@id\":\"https:\\\/\\\/www.procarton.com\\\/awards\\\/european-carton-excellence-award\\\/2025-2\\\/main-sponsor-2025\\\/#primaryimage\"},\"image\":{\"@id\":\"https:\\\/\\\/www.procarton.com\\\/awards\\\/european-carton-excellence-award\\\/2025-2\\\/main-sponsor-2025\\\/#primaryimage\"},\"thumbnailUrl\":\"https:\\\/\\\/www.procarton.com\\\/wp-content\\\/uploads\\\/2024\\\/10\\\/ecma_gala_19-09-2024_rk_74.jpg\",\"datePublished\":\"2025-11-26T11:52:25+00:00\",\"dateModified\":\"2025-11-26T15:49:38+00:00\",\"description\":\"Details of the European Carton Excellence Award 2024 Judges who choose the Carton of the Year and Shortlist Entries for the Public Vote\",\"breadcrumb\":{\"@id\":\"https:\\\/\\\/www.procarton.com\\\/awards\\\/european-carton-excellence-award\\\/2025-2\\\/main-sponsor-2025\\\/#breadcrumb\"},\"inLanguage\":\"fr-FR\",\"potentialAction\":[{\"@type\":\"ReadAction\",\"target\":[\"https:\\\/\\\/www.procarton.com\\\/awards\\\/european-carton-excellence-award\\\/2025-2\\\/main-sponsor-2025\\\/\"]}]},{\"@type\":\"ImageObject\",\"inLanguage\":\"fr-FR\",\"@id\":\"https:\\\/\\\/www.procarton.com\\\/awards\\\/european-carton-excellence-award\\\/2025-2\\\/main-sponsor-2025\\\/#primaryimage\",\"url\":\"https:\\\/\\\/www.procarton.com\\\/wp-content\\\/uploads\\\/2024\\\/10\\\/ecma_gala_19-09-2024_rk_74.jpg\",\"contentUrl\":\"https:\\\/\\\/www.procarton.com\\\/wp-content\\\/uploads\\\/2024\\\/10\\\/ecma_gala_19-09-2024_rk_74.jpg\",\"width\":2048,\"height\":1363,\"caption\":\"WWW.RADOSLAWKAZMIERCZAK.COM\"},{\"@type\":\"BreadcrumbList\",\"@id\":\"https:\\\/\\\/www.procarton.com\\\/awards\\\/european-carton-excellence-award\\\/2025-2\\\/main-sponsor-2025\\\/#breadcrumb\",\"itemListElement\":[{\"@type\":\"ListItem\",\"position\":1,\"name\":\"Home\",\"item\":\"https:\\\/\\\/www.procarton.com\\\/\"},{\"@type\":\"ListItem\",\"position\":2,\"name\":\"Awards\",\"item\":\"https:\\\/\\\/www.procarton.com\\\/awards\\\/\"},{\"@type\":\"ListItem\",\"position\":3,\"name\":\"European Carton Excellence Award\",\"item\":\"https:\\\/\\\/www.procarton.com\\\/awards\\\/european-carton-excellence-award\\\/\"},{\"@type\":\"ListItem\",\"position\":4,\"name\":\"2025\",\"item\":\"https:\\\/\\\/www.procarton.com\\\/awards\\\/european-carton-excellence-award\\\/2025-2\\\/\"},{\"@type\":\"ListItem\",\"position\":5,\"name\":\"Article of Main Sponsor 2025\"}]},{\"@type\":\"WebSite\",\"@id\":\"https:\\\/\\\/www.procarton.com\\\/es\\\/#website\",\"url\":\"https:\\\/\\\/www.procarton.com\\\/es\\\/\",\"name\":\"Pro Carton\",\"description\":\"\",\"publisher\":{\"@id\":\"https:\\\/\\\/www.procarton.com\\\/es\\\/#organization\"},\"potentialAction\":[{\"@type\":\"SearchAction\",\"target\":{\"@type\":\"EntryPoint\",\"urlTemplate\":\"https:\\\/\\\/www.procarton.com\\\/es\\\/?s={search_term_string}\"},\"query-input\":{\"@type\":\"PropertyValueSpecification\",\"valueRequired\":true,\"valueName\":\"search_term_string\"}}],\"inLanguage\":\"fr-FR\"},{\"@type\":\"Organization\",\"@id\":\"https:\\\/\\\/www.procarton.com\\\/es\\\/#organization\",\"name\":\"ProCarton\",\"url\":\"https:\\\/\\\/www.procarton.com\\\/es\\\/\",\"logo\":{\"@type\":\"ImageObject\",\"inLanguage\":\"fr-FR\",\"@id\":\"https:\\\/\\\/www.procarton.com\\\/es\\\/#\\\/schema\\\/logo\\\/image\\\/\",\"url\":\"https:\\\/\\\/www.procarton.com\\\/wp-content\\\/uploads\\\/2022\\\/06\\\/logo-mit-slogan.jpg\",\"contentUrl\":\"https:\\\/\\\/www.procarton.com\\\/wp-content\\\/uploads\\\/2022\\\/06\\\/logo-mit-slogan.jpg\",\"width\":422,\"height\":519,\"caption\":\"ProCarton\"},\"image\":{\"@id\":\"https:\\\/\\\/www.procarton.com\\\/es\\\/#\\\/schema\\\/logo\\\/image\\\/\"},\"sameAs\":[\"https:\\\/\\\/www.facebook.com\\\/procartondesignaward\\\/\",\"https:\\\/\\\/x.com\\\/pro_carton\"]}]}<\/script>\n<!-- \/ Yoast SEO plugin. -->","yoast_head_json":{"title":"Article du sponsor principal 2025 - Pro Carton","description":"D\u00e9tails sur les juges European Carton Excellence Award 2024 qui choisissent le carton de l'ann\u00e9e et les candidats pr\u00e9s\u00e9lectionn\u00e9s pour le vote du public.","robots":{"index":"index","follow":"follow","max-snippet":"max-snippet:-1","max-image-preview":"max-image-preview:large","max-video-preview":"max-video-preview:-1"},"canonical":"https:\/\/www.procarton.com\/fr\/awards\/european-carton-excellence-award\/2025-2\/main-sponsor-2025\/","og_locale":"fr_FR","og_type":"article","og_title":"Article of Main Sponsor 2025 - Pro Carton","og_description":"Details of the European Carton Excellence Award 2024 Judges who choose the Carton of the Year and Shortlist Entries for the Public Vote","og_url":"https:\/\/www.procarton.com\/fr\/awards\/european-carton-excellence-award\/2025-2\/main-sponsor-2025\/","og_site_name":"Pro Carton","article_publisher":"https:\/\/www.facebook.com\/procartondesignaward\/","article_modified_time":"2025-11-26T15:49:38+00:00","og_image":[{"width":1030,"height":685,"url":"https:\/\/www.procarton.com\/wp-content\/uploads\/2024\/10\/ecma_gala_19-09-2024_rk_74-1030x685.jpg","type":"image\/jpeg"}],"twitter_card":"summary_large_image","twitter_site":"@pro_carton","twitter_misc":{"Dur\u00e9e de lecture estim\u00e9e":"5 minutes"},"schema":{"@context":"https:\/\/schema.org","@graph":[{"@type":"WebPage","@id":"https:\/\/www.procarton.com\/awards\/european-carton-excellence-award\/2025-2\/main-sponsor-2025\/","url":"https:\/\/www.procarton.com\/awards\/european-carton-excellence-award\/2025-2\/main-sponsor-2025\/","name":"Article du sponsor principal 2025 - Pro Carton","isPartOf":{"@id":"https:\/\/www.procarton.com\/es\/#website"},"primaryImageOfPage":{"@id":"https:\/\/www.procarton.com\/awards\/european-carton-excellence-award\/2025-2\/main-sponsor-2025\/#primaryimage"},"image":{"@id":"https:\/\/www.procarton.com\/awards\/european-carton-excellence-award\/2025-2\/main-sponsor-2025\/#primaryimage"},"thumbnailUrl":"https:\/\/www.procarton.com\/wp-content\/uploads\/2024\/10\/ecma_gala_19-09-2024_rk_74.jpg","datePublished":"2025-11-26T11:52:25+00:00","dateModified":"2025-11-26T15:49:38+00:00","description":"D\u00e9tails sur les juges European Carton Excellence Award 2024 qui choisissent le carton de l'ann\u00e9e et les candidats pr\u00e9s\u00e9lectionn\u00e9s pour le vote du public.","breadcrumb":{"@id":"https:\/\/www.procarton.com\/awards\/european-carton-excellence-award\/2025-2\/main-sponsor-2025\/#breadcrumb"},"inLanguage":"fr-FR","potentialAction":[{"@type":"ReadAction","target":["https:\/\/www.procarton.com\/awards\/european-carton-excellence-award\/2025-2\/main-sponsor-2025\/"]}]},{"@type":"ImageObject","inLanguage":"fr-FR","@id":"https:\/\/www.procarton.com\/awards\/european-carton-excellence-award\/2025-2\/main-sponsor-2025\/#primaryimage","url":"https:\/\/www.procarton.com\/wp-content\/uploads\/2024\/10\/ecma_gala_19-09-2024_rk_74.jpg","contentUrl":"https:\/\/www.procarton.com\/wp-content\/uploads\/2024\/10\/ecma_gala_19-09-2024_rk_74.jpg","width":2048,"height":1363,"caption":"WWW.RADOSLAWKAZMIERCZAK.COM"},{"@type":"BreadcrumbList","@id":"https:\/\/www.procarton.com\/awards\/european-carton-excellence-award\/2025-2\/main-sponsor-2025\/#breadcrumb","itemListElement":[{"@type":"ListItem","position":1,"name":"Home","item":"https:\/\/www.procarton.com\/"},{"@type":"ListItem","position":2,"name":"Awards","item":"https:\/\/www.procarton.com\/awards\/"},{"@type":"ListItem","position":3,"name":"European Carton Excellence Award","item":"https:\/\/www.procarton.com\/awards\/european-carton-excellence-award\/"},{"@type":"ListItem","position":4,"name":"2025","item":"https:\/\/www.procarton.com\/awards\/european-carton-excellence-award\/2025-2\/"},{"@type":"ListItem","position":5,"name":"Article of Main Sponsor 2025"}]},{"@type":"WebSite","@id":"https:\/\/www.procarton.com\/es\/#website","url":"https:\/\/www.procarton.com\/es\/","name":"Pro Carton","description":"","publisher":{"@id":"https:\/\/www.procarton.com\/es\/#organization"},"potentialAction":[{"@type":"SearchAction","target":{"@type":"EntryPoint","urlTemplate":"https:\/\/www.procarton.com\/es\/?s={search_term_string}"},"query-input":{"@type":"PropertyValueSpecification","valueRequired":true,"valueName":"search_term_string"}}],"inLanguage":"fr-FR"},{"@type":"Organization","@id":"https:\/\/www.procarton.com\/es\/#organization","name":"ProCarton","url":"https:\/\/www.procarton.com\/es\/","logo":{"@type":"ImageObject","inLanguage":"fr-FR","@id":"https:\/\/www.procarton.com\/es\/#\/schema\/logo\/image\/","url":"https:\/\/www.procarton.com\/wp-content\/uploads\/2022\/06\/logo-mit-slogan.jpg","contentUrl":"https:\/\/www.procarton.com\/wp-content\/uploads\/2022\/06\/logo-mit-slogan.jpg","width":422,"height":519,"caption":"ProCarton"},"image":{"@id":"https:\/\/www.procarton.com\/es\/#\/schema\/logo\/image\/"},"sameAs":["https:\/\/www.facebook.com\/procartondesignaward\/","https:\/\/x.com\/pro_carton"]}]}},"_links":{"self":[{"href":"https:\/\/www.procarton.com\/fr\/wp-json\/wp\/v2\/pages\/307370","targetHints":{"allow":["GET"]}}],"collection":[{"href":"https:\/\/www.procarton.com\/fr\/wp-json\/wp\/v2\/pages"}],"about":[{"href":"https:\/\/www.procarton.com\/fr\/wp-json\/wp\/v2\/types\/page"}],"author":[{"embeddable":true,"href":"https:\/\/www.procarton.com\/fr\/wp-json\/wp\/v2\/users\/5916"}],"replies":[{"embeddable":true,"href":"https:\/\/www.procarton.com\/fr\/wp-json\/wp\/v2\/comments?post=307370"}],"version-history":[{"count":4,"href":"https:\/\/www.procarton.com\/fr\/wp-json\/wp\/v2\/pages\/307370\/revisions"}],"predecessor-version":[{"id":307377,"href":"https:\/\/www.procarton.com\/fr\/wp-json\/wp\/v2\/pages\/307370\/revisions\/307377"}],"up":[{"embeddable":true,"href":"https:\/\/www.procarton.com\/fr\/wp-json\/wp\/v2\/pages\/300256"}],"wp:featuredmedia":[{"embeddable":true,"href":"https:\/\/www.procarton.com\/fr\/wp-json\/wp\/v2\/media\/299838"}],"wp:attachment":[{"href":"https:\/\/www.procarton.com\/fr\/wp-json\/wp\/v2\/media?parent=307370"}],"curies":[{"name":"wp","href":"https:\/\/api.w.org\/{rel}","templated":true}]}}