{"id":305102,"date":"2025-07-14T12:27:47","date_gmt":"2025-07-14T11:27:47","guid":{"rendered":"https:\/\/www.procarton.com\/submit-resume\/"},"modified":"2025-07-14T12:27:47","modified_gmt":"2025-07-14T11:27:47","slug":"submit-resume","status":"publish","type":"page","link":"https:\/\/www.procarton.com\/fr\/submit-resume\/","title":{"rendered":"Soumettre un CV"},"content":{"rendered":"<form action=\"\/fr\/wp-json\/wp\/v2\/pages\/305102\" method=\"post\" id=\"submit-resume-form\" class=\"job-manager-form\" enctype=\"multipart\/form-data\" data-trp-original-action=\"\/fr\/wp-json\/wp\/v2\/pages\/305102\"  >\n<p>\t<input type=\"hidden\" id=\"_wpjm_nonce\" name=\"_wpjm_nonce\" value=\"ca73ba3833\" \/><input type=\"hidden\" name=\"_wp_http_referer\" value=\"\/fr\/wp-json\/wp\/v2\/pages\/305102\" \/><\/p>\n<fieldset>\n\t\t<label>Vous avez un compte ?<\/label><\/p>\n<div class=\"field account-sign-in\">\n\t\t\t<a class=\"button\" href=\"https:\/\/www.procarton.com\/wp-login.php?redirect_to=https%3A%2F%2Fwww.procarton.com%2Ffr%2Fsubmit-resume%2F%3Fjob_id%3D0\">S'inscrire<\/a><\/p>\n<p>\t\t\t\tSi vous n'avez pas de compte, vous pouvez en cr\u00e9er un ci-dessous en saisissant votre adresse \u00e9lectronique. Les d\u00e9tails de votre compte seront confirm\u00e9s par courriel.\n\t\t\t\t\t<\/p><\/div>\n<\/fieldset>\n<p>\t\t<!-- Resume Fields --><\/p>\n<fieldset class=\"fieldset-candidate_name\">\n\t\t\t\t<label for=\"candidate_name\">Votre nom<\/label><\/p>\n<div class=\"field\">\n\t\t\t\t\t<input type=\"text\" class=\"input-text\" name=\"candidate_name\" id=\"candidate_name\" placeholder=\"Votre nom complet\" value=\"\" maxlength=\"\" required \/>\n\t\t\t\t<\/div>\n<\/fieldset>\n<fieldset class=\"fieldset-candidate_email\">\n\t\t\t\t<label for=\"candidate_email\">Votre email<\/label><\/p>\n<div class=\"field\">\n\t\t\t\t\t<input type=\"text\" class=\"input-text\" name=\"candidate_email\" id=\"candidate_email\" placeholder=\"you@yourdomain.com\" value=\"\" maxlength=\"\" required \/>\n\t\t\t\t<\/div>\n<\/fieldset>\n<fieldset class=\"fieldset-candidate_title\">\n\t\t\t\t<label for=\"candidate_title\">Titre professionnel<\/label><\/p>\n<div class=\"field\">\n\t\t\t\t\t<input type=\"text\" class=\"input-text\" name=\"candidate_title\" id=\"candidate_title\" placeholder=\"par exemple, &quot;D\u00e9veloppeur Web&quot;.\" value=\"\" maxlength=\"\" required \/>\n\t\t\t\t<\/div>\n<\/fieldset>\n<fieldset class=\"fieldset-candidate_location\">\n\t\t\t\t<label for=\"candidate_location\">Localisation<\/label><\/p>\n<div class=\"field\">\n\t\t\t\t\t<input type=\"text\" class=\"input-text\" name=\"candidate_location\" id=\"candidate_location\" placeholder=\"Par exemple, &quot;Londres, Royaume-Uni&quot;, &quot;New York&quot;, &quot;Houston, TX&quot;.\" value=\"\" maxlength=\"\" required \/>\n\t\t\t\t<\/div>\n<\/fieldset>\n<fieldset class=\"fieldset-candidate_photo\">\n\t\t\t\t<label for=\"candidate_photo\">Photo <small>(facultatif)<\/small><\/label><\/p>\n<div class=\"field\">\n<div class=\"job-manager-uploaded-files\">\n\t<\/div>\n<p><input\n\ttype=\"file\"\n\tclass=\"input-text\"\n\tdata-file_types=\"jpg|jpeg|gif|png\"\n\t\t\t\tname=\"candidate_photo\"\n\tid=\"candidate_photo\"\n\tplaceholder=\"\"\n\/><br \/>\n<small class=\"description\"><br \/>\n\t\t\tTaille maximale du fichier : 1 Go.\t<\/small>\n\t\t\t\t<\/div>\n<\/fieldset>\n<fieldset class=\"fieldset-candidate_video\">\n\t\t\t\t<label for=\"candidate_video\">Vid\u00e9o <small>(facultatif)<\/small><\/label><\/p>\n<div class=\"field\">\n\t\t\t\t\t<input type=\"text\" class=\"input-text\" name=\"candidate_video\" id=\"candidate_video\" placeholder=\"Un lien vers une vid\u00e9o sur vous-m\u00eame\" value=\"\" maxlength=\"\"  \/>\n\t\t\t\t<\/div>\n<\/fieldset>\n<fieldset class=\"fieldset-resume_content\">\n\t\t\t\t<label for=\"resume_content\">Contenu du CV<\/label><\/p>\n<div class=\"field\">\n<div id=\"wp-resume_content-wrap\" class=\"wp-core-ui wp-editor-wrap tmce-active\"><link rel='stylesheet' id='dashicons-css' href='https:\/\/www.procarton.com\/wp-includes\/css\/dashicons.min.css?ver=0575c578ec6ccdc1a4b2bf2f3a3beaa5' type='text\/css' media='all' \/>\n<link rel='stylesheet' id='editor-buttons-css' href='https:\/\/www.procarton.com\/wp-includes\/css\/editor.min.css?ver=0575c578ec6ccdc1a4b2bf2f3a3beaa5' type='text\/css' media='all' \/>\n<style> .mce-top-part button { background-color: rgba(0,0,0,0.0) !important; } <\/style>\n<div id=\"wp-resume_content-editor-container\" class=\"wp-editor-container\"><textarea class=\"wp-editor-area\" rows=\"8\" autocomplete=\"off\" cols=\"40\" name=\"resume_content\" id=\"resume_content\"><\/textarea><\/div>\n<\/div><\/div>\n<\/fieldset>\n<fieldset class=\"fieldset-links\">\n\t\t\t\t<label for=\"links\">URL(s) <small>(facultatif)<\/small><\/label><\/p>\n<div class=\"field\">\n<p><a href=\"#\" class=\"resume-manager-add-row\" data-row=\"\t\t&lt;div class=&quot;resume-manager-data-row&quot;&gt;\t\t\t&lt;input type=&quot;hidden&quot; class=&quot;repeated-row-index&quot; name=&quot;repeated-row-links[]&quot; value=&quot;%%repeated-row-index%%&quot; \/&gt;\t\t\t&lt;a href=&quot;#&quot; class=&quot;resume-manager-remove-row&quot;&gt;Remove&lt;\/a&gt;\t\t\t\t\t\t\t&lt;fieldset class=&quot;fieldset-name&quot;&gt;\t\t\t\t\t&lt;label for=&quot;links_name_%%repeated-row-index%%&quot;&gt;Name&lt;\/label&gt;\t\t\t\t\t&lt;div class=&quot;field&quot;&gt;\t\t\t\t\t\t&lt;input type=&quot;text&quot; class=&quot;input-text&quot; name=&quot;links_name_%%repeated-row-index%%&quot; id=&quot;links_name_%%repeated-row-index%%&quot; placeholder=&quot;&quot; value=&quot;&quot; maxlength=&quot;&quot; required \/&gt;\t\t\t\t\t&lt;\/div&gt;\t\t\t\t&lt;\/fieldset&gt;\t\t\t\t\t\t\t&lt;fieldset class=&quot;fieldset-url&quot;&gt;\t\t\t\t\t&lt;label for=&quot;links_url_%%repeated-row-index%%&quot;&gt;URL&lt;\/label&gt;\t\t\t\t\t&lt;div class=&quot;field&quot;&gt;\t\t\t\t\t\t&lt;input type=&quot;text&quot; class=&quot;input-text&quot; name=&quot;links_url_%%repeated-row-index%%&quot; id=&quot;links_url_%%repeated-row-index%%&quot; placeholder=&quot;&quot; value=&quot;&quot; maxlength=&quot;&quot; required \/&gt;\t\t\t\t\t&lt;\/div&gt;\t\t\t\t&lt;\/fieldset&gt;\t\t\t\t\t&lt;\/div&gt;\t\t\">+ Ajouter une URL<\/a><br \/>\n\t<small class=\"description\">Vous pouvez \u00e9galement fournir des liens vers vos sites web ou vos profils de r\u00e9seaux sociaux.<\/small>\t\t\t\t<\/div>\n<\/fieldset>\n<fieldset class=\"fieldset-candidate_education\">\n\t\t\t\t<label for=\"candidate_education\">L'\u00e9ducation <small>(facultatif)<\/small><\/label><\/p>\n<div class=\"field\">\n<p><a href=\"#\" class=\"resume-manager-add-row\" data-row=\"\t\t&lt;div class=&quot;resume-manager-data-row&quot;&gt;\t\t\t&lt;input type=&quot;hidden&quot; class=&quot;repeated-row-index&quot; name=&quot;repeated-row-candidate_education[]&quot; value=&quot;%%repeated-row-index%%&quot; \/&gt;\t\t\t&lt;a href=&quot;#&quot; class=&quot;resume-manager-remove-row&quot;&gt;Remove&lt;\/a&gt;\t\t\t\t\t\t\t&lt;fieldset class=&quot;fieldset-location&quot;&gt;\t\t\t\t\t&lt;label for=&quot;candidate_education_location_%%repeated-row-index%%&quot;&gt;Institution&lt;\/label&gt;\t\t\t\t\t&lt;div class=&quot;field&quot;&gt;\t\t\t\t\t\t&lt;input type=&quot;text&quot; class=&quot;input-text&quot; name=&quot;candidate_education_location_%%repeated-row-index%%&quot; id=&quot;candidate_education_location_%%repeated-row-index%%&quot; placeholder=&quot;&quot; value=&quot;&quot; maxlength=&quot;&quot; required \/&gt;\t\t\t\t\t&lt;\/div&gt;\t\t\t\t&lt;\/fieldset&gt;\t\t\t\t\t\t\t&lt;fieldset class=&quot;fieldset-qualification&quot;&gt;\t\t\t\t\t&lt;label for=&quot;candidate_education_qualification_%%repeated-row-index%%&quot;&gt;Certification(s)&lt;\/label&gt;\t\t\t\t\t&lt;div class=&quot;field&quot;&gt;\t\t\t\t\t\t&lt;input type=&quot;text&quot; class=&quot;input-text&quot; name=&quot;candidate_education_qualification_%%repeated-row-index%%&quot; id=&quot;candidate_education_qualification_%%repeated-row-index%%&quot; placeholder=&quot;&quot; value=&quot;&quot; maxlength=&quot;&quot; required \/&gt;\t\t\t\t\t&lt;\/div&gt;\t\t\t\t&lt;\/fieldset&gt;\t\t\t\t\t\t\t&lt;fieldset class=&quot;fieldset-amoureuse\/amoureux&quot;&gt;\t\t\t\t\t&lt;label for=&quot;candidate_education_date_%%repeated-row-index%%&quot;&gt;Start\/end date&lt;\/label&gt;\t\t\t\t\t&lt;div class=&quot;field&quot;&gt;\t\t\t\t\t\t&lt;input type=&quot;text&quot; class=&quot;input-text&quot; name=&quot;candidate_education_date_%%repeated-row-index%%&quot; id=&quot;candidate_education_date_%%repeated-row-index%%&quot; placeholder=&quot;&quot; value=&quot;&quot; maxlength=&quot;&quot; required \/&gt;\t\t\t\t\t&lt;\/div&gt;\t\t\t\t&lt;\/fieldset&gt;\t\t\t\t\t\t\t&lt;fieldset class=&quot;fieldset-notes&quot;&gt;\t\t\t\t\t&lt;label for=&quot;candidate_education_notes_%%repeated-row-index%%&quot;&gt;Notes &lt;small&gt;(optional)&lt;\/small&gt;&lt;\/label&gt;\t\t\t\t\t&lt;div class=&quot;field&quot;&gt;\t\t\t\t\t\t&lt;textarea cols=&quot;20&quot; rows=&quot;3&quot; class=&quot;input-text&quot; name=&quot;candidate_education_notes_%%repeated-row-index%%&quot; id=&quot;candidate_education_notes_%%repeated-row-index%%&quot; placeholder=&quot;&quot; maxlength=&quot;&quot; &gt;&lt;\/textarea&gt;\t\t\t\t\t&lt;\/div&gt;\t\t\t\t&lt;\/fieldset&gt;\t\t\t\t\t&lt;\/div&gt;\t\t\">+ Ajouter l'\u00e9ducation<\/a>\n\t\t\t\t<\/div>\n<\/fieldset>\n<fieldset class=\"fieldset-candidate_experience\">\n\t\t\t\t<label for=\"candidate_experience\">Exp\u00e9rience <small>(facultatif)<\/small><\/label><\/p>\n<div class=\"field\">\n<p><a href=\"#\" class=\"resume-manager-add-row\" data-row=\"\t\t&lt;div class=&quot;resume-manager-data-row&quot;&gt;\t\t\t&lt;input type=&quot;hidden&quot; class=&quot;repeated-row-index&quot; name=&quot;repeated-row-candidate_experience[]&quot; value=&quot;%%repeated-row-index%%&quot; \/&gt;\t\t\t&lt;a href=&quot;#&quot; class=&quot;resume-manager-remove-row&quot;&gt;Remove&lt;\/a&gt;\t\t\t\t\t\t\t&lt;fieldset class=&quot;fieldset-employer&quot;&gt;\t\t\t\t\t&lt;label for=&quot;candidate_experience_employer_%%repeated-row-index%%&quot;&gt;Employer&lt;\/label&gt;\t\t\t\t\t&lt;div class=&quot;field&quot;&gt;\t\t\t\t\t\t&lt;input type=&quot;text&quot; class=&quot;input-text&quot; name=&quot;candidate_experience_employer_%%repeated-row-index%%&quot; id=&quot;candidate_experience_employer_%%repeated-row-index%%&quot; placeholder=&quot;&quot; value=&quot;&quot; maxlength=&quot;&quot; required \/&gt;\t\t\t\t\t&lt;\/div&gt;\t\t\t\t&lt;\/fieldset&gt;\t\t\t\t\t\t\t&lt;fieldset class=&quot;fieldset-job_title&quot;&gt;\t\t\t\t\t&lt;label for=&quot;candidate_experience_job_title_%%repeated-row-index%%&quot;&gt;Job Title&lt;\/label&gt;\t\t\t\t\t&lt;div class=&quot;field&quot;&gt;\t\t\t\t\t\t&lt;input type=&quot;text&quot; class=&quot;input-text&quot; name=&quot;candidate_experience_job_title_%%repeated-row-index%%&quot; id=&quot;candidate_experience_job_title_%%repeated-row-index%%&quot; placeholder=&quot;&quot; value=&quot;&quot; maxlength=&quot;&quot; required \/&gt;\t\t\t\t\t&lt;\/div&gt;\t\t\t\t&lt;\/fieldset&gt;\t\t\t\t\t\t\t&lt;fieldset class=&quot;fieldset-amoureuse\/amoureux&quot;&gt;\t\t\t\t\t&lt;label for=&quot;candidate_experience_date_%%repeated-row-index%%&quot;&gt;Start\/end date&lt;\/label&gt;\t\t\t\t\t&lt;div class=&quot;field&quot;&gt;\t\t\t\t\t\t&lt;input type=&quot;text&quot; class=&quot;input-text&quot; name=&quot;candidate_experience_date_%%repeated-row-index%%&quot; id=&quot;candidate_experience_date_%%repeated-row-index%%&quot; placeholder=&quot;&quot; value=&quot;&quot; maxlength=&quot;&quot; required \/&gt;\t\t\t\t\t&lt;\/div&gt;\t\t\t\t&lt;\/fieldset&gt;\t\t\t\t\t\t\t&lt;fieldset class=&quot;fieldset-notes&quot;&gt;\t\t\t\t\t&lt;label for=&quot;candidate_experience_notes_%%repeated-row-index%%&quot;&gt;Notes &lt;small&gt;(optional)&lt;\/small&gt;&lt;\/label&gt;\t\t\t\t\t&lt;div class=&quot;field&quot;&gt;\t\t\t\t\t\t&lt;textarea cols=&quot;20&quot; rows=&quot;3&quot; class=&quot;input-text&quot; name=&quot;candidate_experience_notes_%%repeated-row-index%%&quot; id=&quot;candidate_experience_notes_%%repeated-row-index%%&quot; placeholder=&quot;&quot; maxlength=&quot;&quot; &gt;&lt;\/textarea&gt;\t\t\t\t\t&lt;\/div&gt;\t\t\t\t&lt;\/fieldset&gt;\t\t\t\t\t&lt;\/div&gt;\t\t\">+ Ajouter une exp\u00e9rience<\/a>\n\t\t\t\t<\/div>\n<\/fieldset>\n<p>\n\t\t\t<input type=\"hidden\" name=\"resume_manager_form\" value=\"submit-resume\" \/><br \/>\n\t\t\t<input type=\"hidden\" name=\"resume_id\" value=\"0\" \/><br \/>\n\t\t\t<input type=\"hidden\" name=\"job_id\" value=\"0\" \/><br \/>\n\t\t\t<input type=\"hidden\" name=\"step\" value=\"0\" \/><br \/>\n\t\t\t<input type=\"submit\" name=\"submit_resume\" class=\"button\"\n\t\t\tvalue=\"Pr\u00e9visualisation \u2192\" \/><\/p>\n<\/p><input type=\"hidden\" name=\"trp-form-language\" value=\"fr\"\/><\/form>","protected":false},"excerpt":{"rendered":"","protected":false},"author":1,"featured_media":0,"parent":0,"menu_order":3,"comment_status":"closed","ping_status":"closed","template":"","meta":{"inline_featured_image":false,"footnotes":""},"class_list":["post-305102","page","type-page","status-publish","hentry"],"yoast_head":"<!-- This site is optimized with the Yoast SEO plugin v27.4 - https:\/\/yoast.com\/product\/yoast-seo-wordpress\/ -->\n<title>Submit Resume - Pro Carton<\/title>\n<meta name=\"robots\" content=\"index, follow, max-snippet:-1, max-image-preview:large, max-video-preview:-1\" \/>\n<link rel=\"canonical\" href=\"https:\/\/www.procarton.com\/fr\/submit-resume\/\" \/>\n<meta property=\"og:locale\" content=\"fr_FR\" \/>\n<meta property=\"og:type\" content=\"article\" \/>\n<meta property=\"og:title\" content=\"Submit Resume - Pro Carton\" \/>\n<meta property=\"og:url\" content=\"https:\/\/www.procarton.com\/fr\/submit-resume\/\" \/>\n<meta property=\"og:site_name\" content=\"Pro Carton\" \/>\n<meta property=\"article:publisher\" content=\"https:\/\/www.facebook.com\/procartondesignaward\/\" \/>\n<meta name=\"twitter:card\" content=\"summary_large_image\" \/>\n<meta name=\"twitter:site\" content=\"@pro_carton\" \/>\n<script type=\"application\/ld+json\" class=\"yoast-schema-graph\">{\"@context\":\"https:\\\/\\\/schema.org\",\"@graph\":[{\"@type\":\"WebPage\",\"@id\":\"https:\\\/\\\/www.procarton.com\\\/submit-resume\\\/\",\"url\":\"https:\\\/\\\/www.procarton.com\\\/submit-resume\\\/\",\"name\":\"Submit Resume - Pro Carton\",\"isPartOf\":{\"@id\":\"https:\\\/\\\/www.procarton.com\\\/es\\\/#website\"},\"datePublished\":\"2025-07-14T11:27:47+00:00\",\"breadcrumb\":{\"@id\":\"https:\\\/\\\/www.procarton.com\\\/submit-resume\\\/#breadcrumb\"},\"inLanguage\":\"fr-FR\",\"potentialAction\":[{\"@type\":\"ReadAction\",\"target\":[\"https:\\\/\\\/www.procarton.com\\\/submit-resume\\\/\"]}]},{\"@type\":\"BreadcrumbList\",\"@id\":\"https:\\\/\\\/www.procarton.com\\\/submit-resume\\\/#breadcrumb\",\"itemListElement\":[{\"@type\":\"ListItem\",\"position\":1,\"name\":\"Home\",\"item\":\"https:\\\/\\\/www.procarton.com\\\/\"},{\"@type\":\"ListItem\",\"position\":2,\"name\":\"Submit Resume\"}]},{\"@type\":\"WebSite\",\"@id\":\"https:\\\/\\\/www.procarton.com\\\/es\\\/#website\",\"url\":\"https:\\\/\\\/www.procarton.com\\\/es\\\/\",\"name\":\"Pro Carton\",\"description\":\"\",\"publisher\":{\"@id\":\"https:\\\/\\\/www.procarton.com\\\/es\\\/#organization\"},\"potentialAction\":[{\"@type\":\"SearchAction\",\"target\":{\"@type\":\"EntryPoint\",\"urlTemplate\":\"https:\\\/\\\/www.procarton.com\\\/es\\\/?s={search_term_string}\"},\"query-input\":{\"@type\":\"PropertyValueSpecification\",\"valueRequired\":true,\"valueName\":\"search_term_string\"}}],\"inLanguage\":\"fr-FR\"},{\"@type\":\"Organization\",\"@id\":\"https:\\\/\\\/www.procarton.com\\\/es\\\/#organization\",\"name\":\"ProCarton\",\"url\":\"https:\\\/\\\/www.procarton.com\\\/es\\\/\",\"logo\":{\"@type\":\"ImageObject\",\"inLanguage\":\"fr-FR\",\"@id\":\"https:\\\/\\\/www.procarton.com\\\/es\\\/#\\\/schema\\\/logo\\\/image\\\/\",\"url\":\"https:\\\/\\\/www.procarton.com\\\/wp-content\\\/uploads\\\/2022\\\/06\\\/logo-mit-slogan.jpg\",\"contentUrl\":\"https:\\\/\\\/www.procarton.com\\\/wp-content\\\/uploads\\\/2022\\\/06\\\/logo-mit-slogan.jpg\",\"width\":422,\"height\":519,\"caption\":\"ProCarton\"},\"image\":{\"@id\":\"https:\\\/\\\/www.procarton.com\\\/es\\\/#\\\/schema\\\/logo\\\/image\\\/\"},\"sameAs\":[\"https:\\\/\\\/www.facebook.com\\\/procartondesignaward\\\/\",\"https:\\\/\\\/x.com\\\/pro_carton\"]}]}<\/script>\n<!-- \/ Yoast SEO plugin. -->","yoast_head_json":{"title":"Soumettre un CV - Pro Carton","robots":{"index":"index","follow":"follow","max-snippet":"max-snippet:-1","max-image-preview":"max-image-preview:large","max-video-preview":"max-video-preview:-1"},"canonical":"https:\/\/www.procarton.com\/fr\/submit-resume\/","og_locale":"fr_FR","og_type":"article","og_title":"Submit Resume - Pro Carton","og_url":"https:\/\/www.procarton.com\/fr\/submit-resume\/","og_site_name":"Pro Carton","article_publisher":"https:\/\/www.facebook.com\/procartondesignaward\/","twitter_card":"summary_large_image","twitter_site":"@pro_carton","schema":{"@context":"https:\/\/schema.org","@graph":[{"@type":"WebPage","@id":"https:\/\/www.procarton.com\/submit-resume\/","url":"https:\/\/www.procarton.com\/submit-resume\/","name":"Soumettre un CV - Pro Carton","isPartOf":{"@id":"https:\/\/www.procarton.com\/es\/#website"},"datePublished":"2025-07-14T11:27:47+00:00","breadcrumb":{"@id":"https:\/\/www.procarton.com\/submit-resume\/#breadcrumb"},"inLanguage":"fr-FR","potentialAction":[{"@type":"ReadAction","target":["https:\/\/www.procarton.com\/submit-resume\/"]}]},{"@type":"BreadcrumbList","@id":"https:\/\/www.procarton.com\/submit-resume\/#breadcrumb","itemListElement":[{"@type":"ListItem","position":1,"name":"Home","item":"https:\/\/www.procarton.com\/"},{"@type":"ListItem","position":2,"name":"Submit Resume"}]},{"@type":"WebSite","@id":"https:\/\/www.procarton.com\/es\/#website","url":"https:\/\/www.procarton.com\/es\/","name":"Pro Carton","description":"","publisher":{"@id":"https:\/\/www.procarton.com\/es\/#organization"},"potentialAction":[{"@type":"SearchAction","target":{"@type":"EntryPoint","urlTemplate":"https:\/\/www.procarton.com\/es\/?s={search_term_string}"},"query-input":{"@type":"PropertyValueSpecification","valueRequired":true,"valueName":"search_term_string"}}],"inLanguage":"fr-FR"},{"@type":"Organization","@id":"https:\/\/www.procarton.com\/es\/#organization","name":"ProCarton","url":"https:\/\/www.procarton.com\/es\/","logo":{"@type":"ImageObject","inLanguage":"fr-FR","@id":"https:\/\/www.procarton.com\/es\/#\/schema\/logo\/image\/","url":"https:\/\/www.procarton.com\/wp-content\/uploads\/2022\/06\/logo-mit-slogan.jpg","contentUrl":"https:\/\/www.procarton.com\/wp-content\/uploads\/2022\/06\/logo-mit-slogan.jpg","width":422,"height":519,"caption":"ProCarton"},"image":{"@id":"https:\/\/www.procarton.com\/es\/#\/schema\/logo\/image\/"},"sameAs":["https:\/\/www.facebook.com\/procartondesignaward\/","https:\/\/x.com\/pro_carton"]}]}},"_links":{"self":[{"href":"https:\/\/www.procarton.com\/fr\/wp-json\/wp\/v2\/pages\/305102","targetHints":{"allow":["GET"]}}],"collection":[{"href":"https:\/\/www.procarton.com\/fr\/wp-json\/wp\/v2\/pages"}],"about":[{"href":"https:\/\/www.procarton.com\/fr\/wp-json\/wp\/v2\/types\/page"}],"author":[{"embeddable":true,"href":"https:\/\/www.procarton.com\/fr\/wp-json\/wp\/v2\/users\/1"}],"replies":[{"embeddable":true,"href":"https:\/\/www.procarton.com\/fr\/wp-json\/wp\/v2\/comments?post=305102"}],"version-history":[{"count":0,"href":"https:\/\/www.procarton.com\/fr\/wp-json\/wp\/v2\/pages\/305102\/revisions"}],"wp:attachment":[{"href":"https:\/\/www.procarton.com\/fr\/wp-json\/wp\/v2\/media?parent=305102"}],"curies":[{"name":"wp","href":"https:\/\/api.w.org\/{rel}","templated":true}]}}