{"id":300261,"date":"2025-01-08T08:13:38","date_gmt":"2025-01-08T08:13:38","guid":{"rendered":"https:\/\/www.procarton.com\/?page_id=300261"},"modified":"2025-10-09T13:52:35","modified_gmt":"2025-10-09T12:52:35","slug":"2025-2","status":"publish","type":"page","link":"https:\/\/www.procarton.com\/fr\/awards\/pro-carton-student-video-award\/2025-2\/","title":{"rendered":"2025"},"content":{"rendered":"<div class=\"av-animated-generic top-to-bottom flex_column av_three_fifth  flex_column_div av-zero-column-padding first  avia-builder-el-0  el_before_av_two_fifth  avia-builder-el-first\" style='border-radius:0px; '>\n<section class=\"av_textblock_section\"  itemscope=\"itemscope\" itemtype=\"https:\/\/schema.org\/CreativeWork\" >\n<div class='avia_textblock'   itemprop=\"text\" >\n<h1>Les gagnants du concours Pro Carton Student Video Award 2025 ont \u00e9t\u00e9 r\u00e9v\u00e9l\u00e9s !<\/h1>\n<p class=\"v1x_p2 v1elementToProof\">Le Pro Carton Student Video Award est un concours europ\u00e9en de vid\u00e9os sur les bo\u00eetes pliantes et le carton.  Les \u00e9tudiants inscrits dans une \u00e9cole, un coll\u00e8ge ou une universit\u00e9 europ\u00e9enne peuvent participer au concours. Le gala du Awards a eu lieu \u00e0 Istanbul le 18 septembre 2025 !<\/p>\n<p class=\"v1x_p2\">Notre industrie est ax\u00e9e sur la durabilit\u00e9, la circularit\u00e9, l'innovation et l'avenir.  Les bo\u00eetes pliantes et le carton font partie de notre vie quotidienne et constituent le moyen d'emballage le plus \u00e9quilibr\u00e9 sur le plan \u00e9conomique et \u00e9cologique. Il y a tant d'histoires \u00e0 raconter et nous avons besoin de votre aide pour cela !<\/p>\n<p class=\"v1x_p2 v1elementToProof\">Votre vid\u00e9o doit promouvoir ou expliquer de mani\u00e8re cr\u00e9ative un ou plusieurs avantages des bo\u00eetes pliantes (ou du carton).  Le gagnant de 2025 est <em><strong>Romance recycl\u00e9e !<\/strong><\/em><\/p>\n<h5 style=\"text-align: center;\">Voir les laur\u00e9ats de la PCSVA 2025 <a href=\"https:\/\/www.procarton.com\/awards\/pro-carton-student-video-award\/2025-2\/winners\/\">ici<\/a>.<\/h5>\n<p><em>Pour toute autre demande, veuillez nous contacter :<\/em><strong> <a href=\"mailto:studentawards@procarton.com\">studentawards@procarton.com<\/a><\/strong><\/p>\n<\/div>\n<\/section>\n<\/div>\n<div class=\"av-animated-generic top-to-bottom flex_column av_two_fifth  flex_column_div av-zero-column-padding   avia-builder-el-2  el_after_av_three_fifth  el_before_av_hr\" style='border-radius:0px; '>\n<section class=\"av_textblock_section\"  itemscope=\"itemscope\" itemtype=\"https:\/\/schema.org\/CreativeWork\" >\n<div class='avia_textblock'   itemprop=\"text\" >\n<p><strong>Cliquez sur l'image ci-dessous pour consulter la pr\u00e9sentation du PCSVA 2025 et obtenir plus d'informations.<\/strong><\/p>\n<\/div>\n<\/section>\n<div  class='avia-image-container  av-styling-    avia-builder-el-4  el_after_av_textblock  avia-builder-el-last  avia-align-center'  itemprop=\"image\" itemscope=\"itemscope\" itemtype=\"https:\/\/schema.org\/ImageObject\"  >\n<div class='avia-image-container-inner'>\n<div class='avia-image-overlay-wrap'><a href=\"https:\/\/www.procarton.com\/wp-content\/uploads\/2025\/02\/Pro-Carton-Student-Video-Award-2025-Presentation.pdf\" class='avia_image' target=\"_blank\" rel=\"noopener noreferrer\"><img decoding=\"async\" width=\"1502\" height=\"845\" class='wp-image-301351 avia-img-lazy-loading-not-301351 avia_image' src=\"https:\/\/www.procarton.com\/wp-content\/uploads\/2025\/02\/Screenshot-2025-02-25-140733.png\" alt='' title='Capture d&#039;\u00e9cran 2025-02-25 140733'  itemprop=\"thumbnailUrl\" srcset=\"https:\/\/www.procarton.com\/wp-content\/uploads\/2025\/02\/Screenshot-2025-02-25-140733.png 1502w, https:\/\/www.procarton.com\/wp-content\/uploads\/2025\/02\/Screenshot-2025-02-25-140733-300x169.png 300w, https:\/\/www.procarton.com\/wp-content\/uploads\/2025\/02\/Screenshot-2025-02-25-140733-1030x579.png 1030w, https:\/\/www.procarton.com\/wp-content\/uploads\/2025\/02\/Screenshot-2025-02-25-140733-768x432.png 768w, https:\/\/www.procarton.com\/wp-content\/uploads\/2025\/02\/Screenshot-2025-02-25-140733-18x10.png 18w, https:\/\/www.procarton.com\/wp-content\/uploads\/2025\/02\/Screenshot-2025-02-25-140733-1500x844.png 1500w, https:\/\/www.procarton.com\/wp-content\/uploads\/2025\/02\/Screenshot-2025-02-25-140733-705x397.png 705w\" sizes=\"(max-width: 1502px) 100vw, 1502px\" \/><\/a><\/div>\n<\/div>\n<\/div>\n<\/div>\n<div   class='hr hr-default   avia-builder-el-5  el_after_av_two_fifth  el_before_av_one_full'><span class='hr-inner' ><span class='hr-inner-style'><\/span><\/span><\/div>\n<div class=\"av-animated-generic top-to-bottom flex_column av_one_full  flex_column_div av-zero-column-padding first  avia-builder-el-6  el_after_av_hr  avia-builder-el-last\" style='border-radius:0px; '>\n<section class=\"av_textblock_section\"  itemscope=\"itemscope\" itemtype=\"https:\/\/schema.org\/CreativeWork\" >\n<div class='avia_textblock'   itemprop=\"text\" >\n<h4 style=\"text-align: center;\">D\u00e9couvrez nos gagnants ci-dessous !<\/h4>\n<\/div>\n<\/section>\n<div  class='avia-image-container  av-styling-    avia-builder-el-8  el_after_av_textblock  el_before_av_button  avia-align-center'  itemprop=\"image\" itemscope=\"itemscope\" itemtype=\"https:\/\/schema.org\/ImageObject\"  >\n<div class='avia-image-container-inner'>\n<div class='avia-image-overlay-wrap'><a href=\"https:\/\/www.flipsnack.com\/9C7C7C66AED\/main-brochure-2025-v5\/full-view.html\" class='avia_image' target=\"_blank\" rel=\"noopener noreferrer\"><img decoding=\"async\" width=\"760\" height=\"1078\" class='wp-image-306790 avia-img-lazy-loading-not-306790 avia_image' src=\"https:\/\/www.procarton.com\/wp-content\/uploads\/2025\/09\/Screenshot-2025-09-17-at-17.50.10.png\" alt='' title='European Carton Excellence Award 2025'  itemprop=\"thumbnailUrl\" srcset=\"https:\/\/www.procarton.com\/wp-content\/uploads\/2025\/09\/Screenshot-2025-09-17-at-17.50.10.png 760w, https:\/\/www.procarton.com\/wp-content\/uploads\/2025\/09\/Screenshot-2025-09-17-at-17.50.10-212x300.png 212w, https:\/\/www.procarton.com\/wp-content\/uploads\/2025\/09\/Screenshot-2025-09-17-at-17.50.10-726x1030.png 726w, https:\/\/www.procarton.com\/wp-content\/uploads\/2025\/09\/Screenshot-2025-09-17-at-17.50.10-8x12.png 8w, https:\/\/www.procarton.com\/wp-content\/uploads\/2025\/09\/Screenshot-2025-09-17-at-17.50.10-497x705.png 497w\" sizes=\"(max-width: 760px) 100vw, 760px\" \/><\/a><\/div>\n<\/div>\n<\/div>\n<div  class='avia-button-wrap avia-button-center  avia-builder-el-9  el_after_av_image  el_before_av_hr' ><a href='https:\/\/www.procarton.com\/awards\/pro-carton-student-video-award\/2025-2\/winners\/' class='avia-button  avia-color-theme-color   avia-icon_select-no avia-size-small avia-position-center' target=\"_blank\" rel=\"noopener noreferrer\"><span class='avia_iconbox_title' >Voir les films gagnants du PCSVA 2025 ici<\/span><\/a><\/div>\n<div   class='hr hr-default   avia-builder-el-10  el_after_av_button  avia-builder-el-last'><span class='hr-inner' ><span class='hr-inner-style'><\/span><\/span><\/div>\n<\/div>","protected":false},"excerpt":{"rendered":"","protected":false},"author":5916,"featured_media":300559,"parent":243709,"menu_order":1,"comment_status":"closed","ping_status":"closed","template":"templates\/award_details_page.php","meta":{"inline_featured_image":false,"footnotes":""},"class_list":["post-300261","page","type-page","status-publish","has-post-thumbnail","hentry"],"yoast_head":"<!-- This site is optimized with the Yoast SEO plugin v27.4 - https:\/\/yoast.com\/product\/yoast-seo-wordpress\/ -->\n<title>2025 - Pro Carton<\/title>\n<meta name=\"description\" content=\"The 2024 Pro Carton Student Video Award (PCSVA) is a European competition for video storytelling about cartons and cartonboard.\" \/>\n<meta name=\"robots\" content=\"index, follow, max-snippet:-1, max-image-preview:large, max-video-preview:-1\" \/>\n<link rel=\"canonical\" href=\"https:\/\/www.procarton.com\/fr\/awards\/pro-carton-student-video-award\/2025-2\/\" \/>\n<meta property=\"og:locale\" content=\"fr_FR\" \/>\n<meta property=\"og:type\" content=\"article\" \/>\n<meta property=\"og:title\" content=\"2025 - Pro Carton\" \/>\n<meta property=\"og:description\" content=\"The 2024 Pro Carton Student Video Award (PCSVA) is a European competition for video storytelling about cartons and cartonboard.\" \/>\n<meta property=\"og:url\" content=\"https:\/\/www.procarton.com\/fr\/awards\/pro-carton-student-video-award\/2025-2\/\" \/>\n<meta property=\"og:site_name\" content=\"Pro Carton\" \/>\n<meta property=\"article:publisher\" content=\"https:\/\/www.facebook.com\/procartondesignaward\/\" \/>\n<meta property=\"article:modified_time\" content=\"2025-10-09T12:52:35+00:00\" \/>\n<meta property=\"og:image\" content=\"https:\/\/www.procarton.com\/wp-content\/uploads\/2024\/12\/PCSVA-2025-Headline-1.png\" \/>\n\t<meta property=\"og:image:width\" content=\"1920\" \/>\n\t<meta property=\"og:image:height\" content=\"1080\" \/>\n\t<meta property=\"og:image:type\" content=\"image\/png\" \/>\n<meta name=\"twitter:card\" content=\"summary_large_image\" \/>\n<meta name=\"twitter:site\" content=\"@pro_carton\" \/>\n<meta name=\"twitter:label1\" content=\"Dur\u00e9e de lecture estim\u00e9e\" \/>\n\t<meta name=\"twitter:data1\" content=\"3 minutes\" \/>\n<script type=\"application\/ld+json\" class=\"yoast-schema-graph\">{\"@context\":\"https:\\\/\\\/schema.org\",\"@graph\":[{\"@type\":\"WebPage\",\"@id\":\"https:\\\/\\\/www.procarton.com\\\/awards\\\/pro-carton-student-video-award\\\/2025-2\\\/\",\"url\":\"https:\\\/\\\/www.procarton.com\\\/awards\\\/pro-carton-student-video-award\\\/2025-2\\\/\",\"name\":\"2025 - Pro Carton\",\"isPartOf\":{\"@id\":\"https:\\\/\\\/www.procarton.com\\\/es\\\/#website\"},\"primaryImageOfPage\":{\"@id\":\"https:\\\/\\\/www.procarton.com\\\/awards\\\/pro-carton-student-video-award\\\/2025-2\\\/#primaryimage\"},\"image\":{\"@id\":\"https:\\\/\\\/www.procarton.com\\\/awards\\\/pro-carton-student-video-award\\\/2025-2\\\/#primaryimage\"},\"thumbnailUrl\":\"https:\\\/\\\/www.procarton.com\\\/wp-content\\\/uploads\\\/2024\\\/12\\\/PCSVA-2025-Headline-1.png\",\"datePublished\":\"2025-01-08T08:13:38+00:00\",\"dateModified\":\"2025-10-09T12:52:35+00:00\",\"description\":\"The 2024 Pro Carton Student Video Award (PCSVA) is a European competition for video storytelling about cartons and cartonboard.\",\"breadcrumb\":{\"@id\":\"https:\\\/\\\/www.procarton.com\\\/awards\\\/pro-carton-student-video-award\\\/2025-2\\\/#breadcrumb\"},\"inLanguage\":\"fr-FR\",\"potentialAction\":[{\"@type\":\"ReadAction\",\"target\":[\"https:\\\/\\\/www.procarton.com\\\/awards\\\/pro-carton-student-video-award\\\/2025-2\\\/\"]}]},{\"@type\":\"ImageObject\",\"inLanguage\":\"fr-FR\",\"@id\":\"https:\\\/\\\/www.procarton.com\\\/awards\\\/pro-carton-student-video-award\\\/2025-2\\\/#primaryimage\",\"url\":\"https:\\\/\\\/www.procarton.com\\\/wp-content\\\/uploads\\\/2024\\\/12\\\/PCSVA-2025-Headline-1.png\",\"contentUrl\":\"https:\\\/\\\/www.procarton.com\\\/wp-content\\\/uploads\\\/2024\\\/12\\\/PCSVA-2025-Headline-1.png\",\"width\":1920,\"height\":1080},{\"@type\":\"BreadcrumbList\",\"@id\":\"https:\\\/\\\/www.procarton.com\\\/awards\\\/pro-carton-student-video-award\\\/2025-2\\\/#breadcrumb\",\"itemListElement\":[{\"@type\":\"ListItem\",\"position\":1,\"name\":\"Home\",\"item\":\"https:\\\/\\\/www.procarton.com\\\/\"},{\"@type\":\"ListItem\",\"position\":2,\"name\":\"Awards\",\"item\":\"https:\\\/\\\/www.procarton.com\\\/awards\\\/\"},{\"@type\":\"ListItem\",\"position\":3,\"name\":\"Pro Carton Student Video Award\",\"item\":\"https:\\\/\\\/www.procarton.com\\\/awards\\\/pro-carton-student-video-award\\\/\"},{\"@type\":\"ListItem\",\"position\":4,\"name\":\"2025\"}]},{\"@type\":\"WebSite\",\"@id\":\"https:\\\/\\\/www.procarton.com\\\/es\\\/#website\",\"url\":\"https:\\\/\\\/www.procarton.com\\\/es\\\/\",\"name\":\"Pro Carton\",\"description\":\"\",\"publisher\":{\"@id\":\"https:\\\/\\\/www.procarton.com\\\/es\\\/#organization\"},\"potentialAction\":[{\"@type\":\"SearchAction\",\"target\":{\"@type\":\"EntryPoint\",\"urlTemplate\":\"https:\\\/\\\/www.procarton.com\\\/es\\\/?s={search_term_string}\"},\"query-input\":{\"@type\":\"PropertyValueSpecification\",\"valueRequired\":true,\"valueName\":\"search_term_string\"}}],\"inLanguage\":\"fr-FR\"},{\"@type\":\"Organization\",\"@id\":\"https:\\\/\\\/www.procarton.com\\\/es\\\/#organization\",\"name\":\"ProCarton\",\"url\":\"https:\\\/\\\/www.procarton.com\\\/es\\\/\",\"logo\":{\"@type\":\"ImageObject\",\"inLanguage\":\"fr-FR\",\"@id\":\"https:\\\/\\\/www.procarton.com\\\/es\\\/#\\\/schema\\\/logo\\\/image\\\/\",\"url\":\"https:\\\/\\\/www.procarton.com\\\/wp-content\\\/uploads\\\/2022\\\/06\\\/logo-mit-slogan.jpg\",\"contentUrl\":\"https:\\\/\\\/www.procarton.com\\\/wp-content\\\/uploads\\\/2022\\\/06\\\/logo-mit-slogan.jpg\",\"width\":422,\"height\":519,\"caption\":\"ProCarton\"},\"image\":{\"@id\":\"https:\\\/\\\/www.procarton.com\\\/es\\\/#\\\/schema\\\/logo\\\/image\\\/\"},\"sameAs\":[\"https:\\\/\\\/www.facebook.com\\\/procartondesignaward\\\/\",\"https:\\\/\\\/x.com\\\/pro_carton\"]}]}<\/script>\n<!-- \/ Yoast SEO plugin. -->","yoast_head_json":{"title":"2025 - Carton Pro","description":"Le 2024 Pro Carton Student Video Award (PCSVA) est un concours europ\u00e9en de vid\u00e9os sur les cartons et le carton.","robots":{"index":"index","follow":"follow","max-snippet":"max-snippet:-1","max-image-preview":"max-image-preview:large","max-video-preview":"max-video-preview:-1"},"canonical":"https:\/\/www.procarton.com\/fr\/awards\/pro-carton-student-video-award\/2025-2\/","og_locale":"fr_FR","og_type":"article","og_title":"2025 - Pro Carton","og_description":"The 2024 Pro Carton Student Video Award (PCSVA) is a European competition for video storytelling about cartons and cartonboard.","og_url":"https:\/\/www.procarton.com\/fr\/awards\/pro-carton-student-video-award\/2025-2\/","og_site_name":"Pro Carton","article_publisher":"https:\/\/www.facebook.com\/procartondesignaward\/","article_modified_time":"2025-10-09T12:52:35+00:00","og_image":[{"width":1920,"height":1080,"url":"https:\/\/www.procarton.com\/wp-content\/uploads\/2024\/12\/PCSVA-2025-Headline-1.png","type":"image\/png"}],"twitter_card":"summary_large_image","twitter_site":"@pro_carton","twitter_misc":{"Dur\u00e9e de lecture estim\u00e9e":"3 minutes"},"schema":{"@context":"https:\/\/schema.org","@graph":[{"@type":"WebPage","@id":"https:\/\/www.procarton.com\/awards\/pro-carton-student-video-award\/2025-2\/","url":"https:\/\/www.procarton.com\/awards\/pro-carton-student-video-award\/2025-2\/","name":"2025 - Carton Pro","isPartOf":{"@id":"https:\/\/www.procarton.com\/es\/#website"},"primaryImageOfPage":{"@id":"https:\/\/www.procarton.com\/awards\/pro-carton-student-video-award\/2025-2\/#primaryimage"},"image":{"@id":"https:\/\/www.procarton.com\/awards\/pro-carton-student-video-award\/2025-2\/#primaryimage"},"thumbnailUrl":"https:\/\/www.procarton.com\/wp-content\/uploads\/2024\/12\/PCSVA-2025-Headline-1.png","datePublished":"2025-01-08T08:13:38+00:00","dateModified":"2025-10-09T12:52:35+00:00","description":"Le 2024 Pro Carton Student Video Award (PCSVA) est un concours europ\u00e9en de vid\u00e9os sur les cartons et le carton.","breadcrumb":{"@id":"https:\/\/www.procarton.com\/awards\/pro-carton-student-video-award\/2025-2\/#breadcrumb"},"inLanguage":"fr-FR","potentialAction":[{"@type":"ReadAction","target":["https:\/\/www.procarton.com\/awards\/pro-carton-student-video-award\/2025-2\/"]}]},{"@type":"ImageObject","inLanguage":"fr-FR","@id":"https:\/\/www.procarton.com\/awards\/pro-carton-student-video-award\/2025-2\/#primaryimage","url":"https:\/\/www.procarton.com\/wp-content\/uploads\/2024\/12\/PCSVA-2025-Headline-1.png","contentUrl":"https:\/\/www.procarton.com\/wp-content\/uploads\/2024\/12\/PCSVA-2025-Headline-1.png","width":1920,"height":1080},{"@type":"BreadcrumbList","@id":"https:\/\/www.procarton.com\/awards\/pro-carton-student-video-award\/2025-2\/#breadcrumb","itemListElement":[{"@type":"ListItem","position":1,"name":"Home","item":"https:\/\/www.procarton.com\/"},{"@type":"ListItem","position":2,"name":"Awards","item":"https:\/\/www.procarton.com\/awards\/"},{"@type":"ListItem","position":3,"name":"Pro Carton Student Video Award","item":"https:\/\/www.procarton.com\/awards\/pro-carton-student-video-award\/"},{"@type":"ListItem","position":4,"name":"2025"}]},{"@type":"WebSite","@id":"https:\/\/www.procarton.com\/es\/#website","url":"https:\/\/www.procarton.com\/es\/","name":"Pro Carton","description":"","publisher":{"@id":"https:\/\/www.procarton.com\/es\/#organization"},"potentialAction":[{"@type":"SearchAction","target":{"@type":"EntryPoint","urlTemplate":"https:\/\/www.procarton.com\/es\/?s={search_term_string}"},"query-input":{"@type":"PropertyValueSpecification","valueRequired":true,"valueName":"search_term_string"}}],"inLanguage":"fr-FR"},{"@type":"Organization","@id":"https:\/\/www.procarton.com\/es\/#organization","name":"ProCarton","url":"https:\/\/www.procarton.com\/es\/","logo":{"@type":"ImageObject","inLanguage":"fr-FR","@id":"https:\/\/www.procarton.com\/es\/#\/schema\/logo\/image\/","url":"https:\/\/www.procarton.com\/wp-content\/uploads\/2022\/06\/logo-mit-slogan.jpg","contentUrl":"https:\/\/www.procarton.com\/wp-content\/uploads\/2022\/06\/logo-mit-slogan.jpg","width":422,"height":519,"caption":"ProCarton"},"image":{"@id":"https:\/\/www.procarton.com\/es\/#\/schema\/logo\/image\/"},"sameAs":["https:\/\/www.facebook.com\/procartondesignaward\/","https:\/\/x.com\/pro_carton"]}]}},"_links":{"self":[{"href":"https:\/\/www.procarton.com\/fr\/wp-json\/wp\/v2\/pages\/300261","targetHints":{"allow":["GET"]}}],"collection":[{"href":"https:\/\/www.procarton.com\/fr\/wp-json\/wp\/v2\/pages"}],"about":[{"href":"https:\/\/www.procarton.com\/fr\/wp-json\/wp\/v2\/types\/page"}],"author":[{"embeddable":true,"href":"https:\/\/www.procarton.com\/fr\/wp-json\/wp\/v2\/users\/5916"}],"replies":[{"embeddable":true,"href":"https:\/\/www.procarton.com\/fr\/wp-json\/wp\/v2\/comments?post=300261"}],"version-history":[{"count":12,"href":"https:\/\/www.procarton.com\/fr\/wp-json\/wp\/v2\/pages\/300261\/revisions"}],"predecessor-version":[{"id":307139,"href":"https:\/\/www.procarton.com\/fr\/wp-json\/wp\/v2\/pages\/300261\/revisions\/307139"}],"up":[{"embeddable":true,"href":"https:\/\/www.procarton.com\/fr\/wp-json\/wp\/v2\/pages\/243709"}],"wp:featuredmedia":[{"embeddable":true,"href":"https:\/\/www.procarton.com\/fr\/wp-json\/wp\/v2\/media\/300559"}],"wp:attachment":[{"href":"https:\/\/www.procarton.com\/fr\/wp-json\/wp\/v2\/media?parent=300261"}],"curies":[{"name":"wp","href":"https:\/\/api.w.org\/{rel}","templated":true}]}}