{"id":300256,"date":"2025-01-08T12:52:04","date_gmt":"2025-01-08T12:52:30","guid":{"rendered":"https:\/\/www.procarton.com\/?page_id=300256"},"modified":"2025-09-21T18:10:05","modified_gmt":"2025-09-21T17:10:05","slug":"2025-2","status":"publish","type":"page","link":"https:\/\/www.procarton.com\/fr\/awards\/european-carton-excellence-award\/2025-2\/","title":{"rendered":"2025"},"content":{"rendered":"<div class=\"av-animated-generic top-to-bottom flex_column av_two_third  flex_column_div av-zero-column-padding first  avia-builder-el-0  el_before_av_one_third  avia-builder-el-first\" style='border-radius:0px; '>\n<section class=\"av_textblock_section\"  itemscope=\"itemscope\" itemtype=\"https:\/\/schema.org\/CreativeWork\" >\n<div class='avia_textblock'   itemprop=\"text\" >\n<h1>Les gagnants du European Carton Excellence Award 2025 ont \u00e9t\u00e9 r\u00e9v\u00e9l\u00e9s !<\/h1>\n<\/div>\n<\/section>\n<section class=\"av_textblock_section\"  itemscope=\"itemscope\" itemtype=\"https:\/\/schema.org\/CreativeWork\" >\n<div class='avia_textblock'   itemprop=\"text\" >\n<p>Organis\u00e9 par <strong>Pro Carton<\/strong>\u00a0et le\u00a0<strong>European Carton Makers Association (ECMA),<\/strong> l'ECEA invite ses partenaires de la cha\u00eene d'approvisionnement \u00e0 pr\u00e9senter leurs emballages en carton les plus innovants. Cette ann\u00e9e, le gala du Awards s'est d\u00e9roul\u00e9 \u00e0 Istanbul, en Turquie, le 18 octobre.<sup>th<\/sup> Septembre 2025. <strong>D\u00e9couvrez nos laur\u00e9ats <a href=\"https:\/\/www.procarton.com\/awards\/european-carton-excellence-award\/2025-2\/winners\/\">ici !<\/a><\/strong><\/p>\n<p>Les laur\u00e9ats b\u00e9n\u00e9ficient non seulement de la fiert\u00e9 d'avoir remport\u00e9 un prix aussi prestigieux, mais aussi d'une foule d'avantages !<\/p>\n<p>Les cat\u00e9gories de l'ECEA 2025 sont les suivantes<\/p>\n<ul>\n<li><strong>Confiserie \/ Chocolat<\/strong><\/li>\n<li><strong>Boissons (y compris l'alcool)<\/strong><\/li>\n<li><strong>Pharma \/ Soins de sant\u00e9\u00a0<\/strong><\/li>\n<li><strong>Alimentation (y compris les services de restauration, les plats cuisin\u00e9s et les aliments pour animaux de compagnie)<\/strong><\/li>\n<li><strong>Aliments surgel\u00e9s et r\u00e9frig\u00e9r\u00e9s<\/strong><\/li>\n<li><strong>Beaut\u00e9 et cosm\u00e9tiques<\/strong><\/li>\n<li><strong>Emballage g\u00e9n\u00e9ral et emballage FMCG<\/strong><\/li>\n<\/ul>\n<p>Chaque inscription est automatiquement propos\u00e9e pour le concours\u00a0<strong>Carton de l'ann\u00e9e Award<\/strong>Les participants peuvent \u00e9galement s'inscrire au concours de la <strong>\u00e9co-responsabilit\u00e9\u00a0<\/strong>et \/ ou <strong>Innovation Award<\/strong> sans frais suppl\u00e9mentaires.  Les <strong>Public Award<\/strong> donne aux consommateurs, aux professionnels de l'industrie et aux universitaires l'occasion d'admirer et de choisir leur laur\u00e9at parmi les finalistes de l'ECEA Award.<\/p>\n<p>Un jury prestigieux d'experts en emballage repr\u00e9sentant divers secteurs de l'industrie choisit les laur\u00e9ats de chaque cat\u00e9gorie, ainsi que les laur\u00e9ats de platine et d'or, en \u00e9valuant chaque candidature selon des crit\u00e8res rigoureux, notamment la conception graphique et structurelle, les techniques de production, la rentabilit\u00e9, l'\u00e9cologie, l'innovation et la commodit\u00e9.<\/p>\n<p><strong>D\u00e9couvrez les gagnants de l'ann\u00e9e derni\u00e8re du European Carton Excellence Award 2024. Vous pouvez les voir <a href=\"https:\/\/www.procarton.com\/awards\/european-carton-excellence-award\/2024-2\/winners\/\">ici<\/a>!<\/strong><\/p>\n<p><em>Si vous avez des questions, veuillez\u00a0<strong>contacter le <a href=\"mailto:europeancartonexcellenceaward@procarton.com\" target=\"_blank\" rel=\"noopener\">\u00c9quipe ECEA Awards.<\/a><\/strong><\/em><\/p>\n<\/div>\n<\/section>\n<\/div>\n<div class=\"av-animated-generic top-to-bottom flex_column av_one_third  flex_column_div av-zero-column-padding   avia-builder-el-3  el_after_av_two_third  avia-builder-el-last\" style='border-radius:0px; '>\n<section class=\"av_textblock_section\"  itemscope=\"itemscope\" itemtype=\"https:\/\/schema.org\/CreativeWork\" >\n<div class='avia_textblock'   itemprop=\"text\" >\n<p><strong>Cliquez sur la couverture de la brochure ci-dessous pour voir tous les laur\u00e9ats et finalistes du concours. <a href=\"https:\/\/www.procarton.com\/awards\/european-carton-excellence-award\/\" target=\"_blank\" rel=\"noopener\">European Carton Excellence Award<\/a> 2025, <a href=\"https:\/\/www.procarton.com\/awards\/pro-carton-young-designers-award\/\" target=\"_blank\" rel=\"noopener\">Pro Carton Young Designers Award<\/a> 2025 et <a href=\"https:\/\/www.procarton.com\/awards\/pro-carton-student-video-award\/\" target=\"_blank\" rel=\"noopener\">Pro Carton Student Video Award<\/a> 2025.<\/strong><\/p>\n<\/div>\n<\/section>\n<div  class='avia-image-container  av-styling-    avia-builder-el-5  el_after_av_textblock  el_before_av_textblock  avia-align-center'  itemprop=\"image\" itemscope=\"itemscope\" itemtype=\"https:\/\/schema.org\/ImageObject\"  >\n<div class='avia-image-container-inner'>\n<div class='avia-image-overlay-wrap'><a href=\"https:\/\/www.flipsnack.com\/9C7C7C66AED\/main-brochure-2025-v5\/full-view.html\" class='avia_image' target=\"_blank\" rel=\"noopener noreferrer\"><img decoding=\"async\" width=\"212\" height=\"300\" class='wp-image-306882 avia-img-lazy-loading-not-306882 avia_image' src=\"https:\/\/www.procarton.com\/wp-content\/uploads\/2025\/09\/Main-brochure-2025-front-212x300.jpg\" alt='' title='Brochure principale 2025-front'  itemprop=\"thumbnailUrl\" srcset=\"https:\/\/www.procarton.com\/wp-content\/uploads\/2025\/09\/Main-brochure-2025-front-212x300.jpg 212w, https:\/\/www.procarton.com\/wp-content\/uploads\/2025\/09\/Main-brochure-2025-front-728x1030.jpg 728w, https:\/\/www.procarton.com\/wp-content\/uploads\/2025\/09\/Main-brochure-2025-front-768x1086.jpg 768w, https:\/\/www.procarton.com\/wp-content\/uploads\/2025\/09\/Main-brochure-2025-front-1086x1536.jpg 1086w, https:\/\/www.procarton.com\/wp-content\/uploads\/2025\/09\/Main-brochure-2025-front-8x12.jpg 8w, https:\/\/www.procarton.com\/wp-content\/uploads\/2025\/09\/Main-brochure-2025-front-1060x1500.jpg 1060w, https:\/\/www.procarton.com\/wp-content\/uploads\/2025\/09\/Main-brochure-2025-front-498x705.jpg 498w, https:\/\/www.procarton.com\/wp-content\/uploads\/2025\/09\/Main-brochure-2025-front.jpg 1240w\" sizes=\"(max-width: 212px) 100vw, 212px\" \/><\/a><\/div>\n<\/div>\n<\/div>\n<section class=\"av_textblock_section\"  itemscope=\"itemscope\" itemtype=\"https:\/\/schema.org\/CreativeWork\" >\n<div class='avia_textblock'   itemprop=\"text\" >\n<p><strong>Pour plus d'informations, cliquez sur l'ic\u00f4ne ci-dessous pour consulter la pr\u00e9sentation de l'ECEA 2025.<\/strong><\/p>\n<\/div>\n<\/section>\n<div  class='avia-image-container  av-styling-    avia-builder-el-7  el_after_av_textblock  avia-builder-el-last  avia-align-center'  itemprop=\"image\" itemscope=\"itemscope\" itemtype=\"https:\/\/schema.org\/ImageObject\"  >\n<div class='avia-image-container-inner'>\n<div class='avia-image-overlay-wrap'><a href=\"https:\/\/www.procarton.com\/wp-content\/uploads\/2025\/04\/ECEA-2025-Presentation_EN-4.pdf\" class='avia_image' target=\"_blank\" rel=\"noopener noreferrer\"><img decoding=\"async\" width=\"1503\" height=\"844\" class='wp-image-301341 avia-img-lazy-loading-not-301341 avia_image' src=\"https:\/\/www.procarton.com\/wp-content\/uploads\/2025\/02\/Screenshot-2025-02-25-135827.png\" alt='' title='Capture d&#039;\u00e9cran 2025-02-25 135827'  itemprop=\"thumbnailUrl\" srcset=\"https:\/\/www.procarton.com\/wp-content\/uploads\/2025\/02\/Screenshot-2025-02-25-135827.png 1503w, https:\/\/www.procarton.com\/wp-content\/uploads\/2025\/02\/Screenshot-2025-02-25-135827-300x168.png 300w, https:\/\/www.procarton.com\/wp-content\/uploads\/2025\/02\/Screenshot-2025-02-25-135827-1030x578.png 1030w, https:\/\/www.procarton.com\/wp-content\/uploads\/2025\/02\/Screenshot-2025-02-25-135827-768x431.png 768w, https:\/\/www.procarton.com\/wp-content\/uploads\/2025\/02\/Screenshot-2025-02-25-135827-18x10.png 18w, https:\/\/www.procarton.com\/wp-content\/uploads\/2025\/02\/Screenshot-2025-02-25-135827-1500x842.png 1500w, https:\/\/www.procarton.com\/wp-content\/uploads\/2025\/02\/Screenshot-2025-02-25-135827-705x396.png 705w\" sizes=\"(max-width: 1503px) 100vw, 1503px\" \/><\/a><\/div>\n<\/div>\n<\/div>\n<\/div>","protected":false},"excerpt":{"rendered":"<p>European Carton Excellence Award 2024 Page d'accueil d\u00e9taillant les avantages marketing, les modalit\u00e9s de participation, le r\u00e8glement, le jury, le vote du public, les gagnants, les photos, les vid\u00e9os<\/p>","protected":false},"author":5916,"featured_media":300969,"parent":243707,"menu_order":1,"comment_status":"closed","ping_status":"closed","template":"templates\/award_details_page.php","meta":{"inline_featured_image":false,"footnotes":""},"class_list":["post-300256","page","type-page","status-publish","has-post-thumbnail","hentry"],"yoast_head":"<!-- This site is optimized with the Yoast SEO plugin v27.3 - https:\/\/yoast.com\/product\/yoast-seo-wordpress\/ -->\n<title>2025 - Pro Carton<\/title>\n<meta name=\"description\" content=\"European Carton Excellence Award 2025 Home Page detailing Marketing Benefits, How to Enter, Rules, Jury, Public Vote, Winners, Photos, Videos\" \/>\n<meta name=\"robots\" content=\"index, follow, max-snippet:-1, max-image-preview:large, max-video-preview:-1\" \/>\n<link rel=\"canonical\" href=\"https:\/\/www.procarton.com\/fr\/awards\/european-carton-excellence-award\/2025-2\/\" \/>\n<meta property=\"og:locale\" content=\"fr_FR\" \/>\n<meta property=\"og:type\" content=\"article\" \/>\n<meta property=\"og:title\" content=\"2025 - Pro Carton\" \/>\n<meta property=\"og:description\" content=\"European Carton Excellence Award 2025 Home Page detailing Marketing Benefits, How to Enter, Rules, Jury, Public Vote, Winners, Photos, Videos\" \/>\n<meta property=\"og:url\" content=\"https:\/\/www.procarton.com\/fr\/awards\/european-carton-excellence-award\/2025-2\/\" \/>\n<meta property=\"og:site_name\" content=\"Pro Carton\" \/>\n<meta property=\"article:publisher\" content=\"https:\/\/www.facebook.com\/procartondesignaward\/\" \/>\n<meta property=\"article:modified_time\" content=\"2025-09-21T17:10:05+00:00\" \/>\n<meta property=\"og:image\" content=\"https:\/\/www.procarton.com\/wp-content\/uploads\/2025\/01\/ECEA-2025-Headline-Update.png\" \/>\n\t<meta property=\"og:image:width\" content=\"1920\" \/>\n\t<meta property=\"og:image:height\" content=\"1080\" \/>\n\t<meta property=\"og:image:type\" content=\"image\/png\" \/>\n<meta name=\"twitter:card\" content=\"summary_large_image\" \/>\n<meta name=\"twitter:site\" content=\"@pro_carton\" \/>\n<meta name=\"twitter:label1\" content=\"Dur\u00e9e de lecture estim\u00e9e\" \/>\n\t<meta name=\"twitter:data1\" content=\"3 minutes\" \/>\n<script type=\"application\/ld+json\" class=\"yoast-schema-graph\">{\"@context\":\"https:\\\/\\\/schema.org\",\"@graph\":[{\"@type\":\"WebPage\",\"@id\":\"https:\\\/\\\/www.procarton.com\\\/awards\\\/european-carton-excellence-award\\\/2025-2\\\/\",\"url\":\"https:\\\/\\\/www.procarton.com\\\/awards\\\/european-carton-excellence-award\\\/2025-2\\\/\",\"name\":\"2025 - Pro Carton\",\"isPartOf\":{\"@id\":\"https:\\\/\\\/www.procarton.com\\\/es\\\/#website\"},\"primaryImageOfPage\":{\"@id\":\"https:\\\/\\\/www.procarton.com\\\/awards\\\/european-carton-excellence-award\\\/2025-2\\\/#primaryimage\"},\"image\":{\"@id\":\"https:\\\/\\\/www.procarton.com\\\/awards\\\/european-carton-excellence-award\\\/2025-2\\\/#primaryimage\"},\"thumbnailUrl\":\"https:\\\/\\\/www.procarton.com\\\/wp-content\\\/uploads\\\/2025\\\/01\\\/ECEA-2025-Headline-Update.png\",\"datePublished\":\"2025-01-08T12:52:30+00:00\",\"dateModified\":\"2025-09-21T17:10:05+00:00\",\"description\":\"European Carton Excellence Award 2025 Home Page detailing Marketing Benefits, How to Enter, Rules, Jury, Public Vote, Winners, Photos, Videos\",\"breadcrumb\":{\"@id\":\"https:\\\/\\\/www.procarton.com\\\/awards\\\/european-carton-excellence-award\\\/2025-2\\\/#breadcrumb\"},\"inLanguage\":\"fr-FR\",\"potentialAction\":[{\"@type\":\"ReadAction\",\"target\":[\"https:\\\/\\\/www.procarton.com\\\/awards\\\/european-carton-excellence-award\\\/2025-2\\\/\"]}]},{\"@type\":\"ImageObject\",\"inLanguage\":\"fr-FR\",\"@id\":\"https:\\\/\\\/www.procarton.com\\\/awards\\\/european-carton-excellence-award\\\/2025-2\\\/#primaryimage\",\"url\":\"https:\\\/\\\/www.procarton.com\\\/wp-content\\\/uploads\\\/2025\\\/01\\\/ECEA-2025-Headline-Update.png\",\"contentUrl\":\"https:\\\/\\\/www.procarton.com\\\/wp-content\\\/uploads\\\/2025\\\/01\\\/ECEA-2025-Headline-Update.png\",\"width\":1920,\"height\":1080},{\"@type\":\"BreadcrumbList\",\"@id\":\"https:\\\/\\\/www.procarton.com\\\/awards\\\/european-carton-excellence-award\\\/2025-2\\\/#breadcrumb\",\"itemListElement\":[{\"@type\":\"ListItem\",\"position\":1,\"name\":\"Home\",\"item\":\"https:\\\/\\\/www.procarton.com\\\/\"},{\"@type\":\"ListItem\",\"position\":2,\"name\":\"Awards\",\"item\":\"https:\\\/\\\/www.procarton.com\\\/awards\\\/\"},{\"@type\":\"ListItem\",\"position\":3,\"name\":\"European Carton Excellence Award\",\"item\":\"https:\\\/\\\/www.procarton.com\\\/awards\\\/european-carton-excellence-award\\\/\"},{\"@type\":\"ListItem\",\"position\":4,\"name\":\"2025\"}]},{\"@type\":\"WebSite\",\"@id\":\"https:\\\/\\\/www.procarton.com\\\/es\\\/#website\",\"url\":\"https:\\\/\\\/www.procarton.com\\\/es\\\/\",\"name\":\"Pro Carton\",\"description\":\"\",\"publisher\":{\"@id\":\"https:\\\/\\\/www.procarton.com\\\/es\\\/#organization\"},\"potentialAction\":[{\"@type\":\"SearchAction\",\"target\":{\"@type\":\"EntryPoint\",\"urlTemplate\":\"https:\\\/\\\/www.procarton.com\\\/es\\\/?s={search_term_string}\"},\"query-input\":{\"@type\":\"PropertyValueSpecification\",\"valueRequired\":true,\"valueName\":\"search_term_string\"}}],\"inLanguage\":\"fr-FR\"},{\"@type\":\"Organization\",\"@id\":\"https:\\\/\\\/www.procarton.com\\\/es\\\/#organization\",\"name\":\"ProCarton\",\"url\":\"https:\\\/\\\/www.procarton.com\\\/es\\\/\",\"logo\":{\"@type\":\"ImageObject\",\"inLanguage\":\"fr-FR\",\"@id\":\"https:\\\/\\\/www.procarton.com\\\/es\\\/#\\\/schema\\\/logo\\\/image\\\/\",\"url\":\"https:\\\/\\\/www.procarton.com\\\/wp-content\\\/uploads\\\/2022\\\/06\\\/logo-mit-slogan.jpg\",\"contentUrl\":\"https:\\\/\\\/www.procarton.com\\\/wp-content\\\/uploads\\\/2022\\\/06\\\/logo-mit-slogan.jpg\",\"width\":422,\"height\":519,\"caption\":\"ProCarton\"},\"image\":{\"@id\":\"https:\\\/\\\/www.procarton.com\\\/es\\\/#\\\/schema\\\/logo\\\/image\\\/\"},\"sameAs\":[\"https:\\\/\\\/www.facebook.com\\\/procartondesignaward\\\/\",\"https:\\\/\\\/x.com\\\/pro_carton\"]}]}<\/script>\n<!-- \/ Yoast SEO plugin. -->","yoast_head_json":{"title":"2025 - Carton Pro","description":"European Carton Excellence Award 2025 Page d'accueil d\u00e9taillant les avantages marketing, Comment participer, R\u00e8glement, Jury, Vote du public, Gagnants, Photos, Vid\u00e9os","robots":{"index":"index","follow":"follow","max-snippet":"max-snippet:-1","max-image-preview":"max-image-preview:large","max-video-preview":"max-video-preview:-1"},"canonical":"https:\/\/www.procarton.com\/fr\/awards\/european-carton-excellence-award\/2025-2\/","og_locale":"fr_FR","og_type":"article","og_title":"2025 - Pro Carton","og_description":"European Carton Excellence Award 2025 Home Page detailing Marketing Benefits, How to Enter, Rules, Jury, Public Vote, Winners, Photos, Videos","og_url":"https:\/\/www.procarton.com\/fr\/awards\/european-carton-excellence-award\/2025-2\/","og_site_name":"Pro Carton","article_publisher":"https:\/\/www.facebook.com\/procartondesignaward\/","article_modified_time":"2025-09-21T17:10:05+00:00","og_image":[{"width":1920,"height":1080,"url":"https:\/\/www.procarton.com\/wp-content\/uploads\/2025\/01\/ECEA-2025-Headline-Update.png","type":"image\/png"}],"twitter_card":"summary_large_image","twitter_site":"@pro_carton","twitter_misc":{"Dur\u00e9e de lecture estim\u00e9e":"3 minutes"},"schema":{"@context":"https:\/\/schema.org","@graph":[{"@type":"WebPage","@id":"https:\/\/www.procarton.com\/awards\/european-carton-excellence-award\/2025-2\/","url":"https:\/\/www.procarton.com\/awards\/european-carton-excellence-award\/2025-2\/","name":"2025 - Carton Pro","isPartOf":{"@id":"https:\/\/www.procarton.com\/es\/#website"},"primaryImageOfPage":{"@id":"https:\/\/www.procarton.com\/awards\/european-carton-excellence-award\/2025-2\/#primaryimage"},"image":{"@id":"https:\/\/www.procarton.com\/awards\/european-carton-excellence-award\/2025-2\/#primaryimage"},"thumbnailUrl":"https:\/\/www.procarton.com\/wp-content\/uploads\/2025\/01\/ECEA-2025-Headline-Update.png","datePublished":"2025-01-08T12:52:30+00:00","dateModified":"2025-09-21T17:10:05+00:00","description":"European Carton Excellence Award 2025 Page d'accueil d\u00e9taillant les avantages marketing, Comment participer, R\u00e8glement, Jury, Vote du public, Gagnants, Photos, Vid\u00e9os","breadcrumb":{"@id":"https:\/\/www.procarton.com\/awards\/european-carton-excellence-award\/2025-2\/#breadcrumb"},"inLanguage":"fr-FR","potentialAction":[{"@type":"ReadAction","target":["https:\/\/www.procarton.com\/awards\/european-carton-excellence-award\/2025-2\/"]}]},{"@type":"ImageObject","inLanguage":"fr-FR","@id":"https:\/\/www.procarton.com\/awards\/european-carton-excellence-award\/2025-2\/#primaryimage","url":"https:\/\/www.procarton.com\/wp-content\/uploads\/2025\/01\/ECEA-2025-Headline-Update.png","contentUrl":"https:\/\/www.procarton.com\/wp-content\/uploads\/2025\/01\/ECEA-2025-Headline-Update.png","width":1920,"height":1080},{"@type":"BreadcrumbList","@id":"https:\/\/www.procarton.com\/awards\/european-carton-excellence-award\/2025-2\/#breadcrumb","itemListElement":[{"@type":"ListItem","position":1,"name":"Home","item":"https:\/\/www.procarton.com\/"},{"@type":"ListItem","position":2,"name":"Awards","item":"https:\/\/www.procarton.com\/awards\/"},{"@type":"ListItem","position":3,"name":"European Carton Excellence Award","item":"https:\/\/www.procarton.com\/awards\/european-carton-excellence-award\/"},{"@type":"ListItem","position":4,"name":"2025"}]},{"@type":"WebSite","@id":"https:\/\/www.procarton.com\/es\/#website","url":"https:\/\/www.procarton.com\/es\/","name":"Pro Carton","description":"","publisher":{"@id":"https:\/\/www.procarton.com\/es\/#organization"},"potentialAction":[{"@type":"SearchAction","target":{"@type":"EntryPoint","urlTemplate":"https:\/\/www.procarton.com\/es\/?s={search_term_string}"},"query-input":{"@type":"PropertyValueSpecification","valueRequired":true,"valueName":"search_term_string"}}],"inLanguage":"fr-FR"},{"@type":"Organization","@id":"https:\/\/www.procarton.com\/es\/#organization","name":"ProCarton","url":"https:\/\/www.procarton.com\/es\/","logo":{"@type":"ImageObject","inLanguage":"fr-FR","@id":"https:\/\/www.procarton.com\/es\/#\/schema\/logo\/image\/","url":"https:\/\/www.procarton.com\/wp-content\/uploads\/2022\/06\/logo-mit-slogan.jpg","contentUrl":"https:\/\/www.procarton.com\/wp-content\/uploads\/2022\/06\/logo-mit-slogan.jpg","width":422,"height":519,"caption":"ProCarton"},"image":{"@id":"https:\/\/www.procarton.com\/es\/#\/schema\/logo\/image\/"},"sameAs":["https:\/\/www.facebook.com\/procartondesignaward\/","https:\/\/x.com\/pro_carton"]}]}},"_links":{"self":[{"href":"https:\/\/www.procarton.com\/fr\/wp-json\/wp\/v2\/pages\/300256","targetHints":{"allow":["GET"]}}],"collection":[{"href":"https:\/\/www.procarton.com\/fr\/wp-json\/wp\/v2\/pages"}],"about":[{"href":"https:\/\/www.procarton.com\/fr\/wp-json\/wp\/v2\/types\/page"}],"author":[{"embeddable":true,"href":"https:\/\/www.procarton.com\/fr\/wp-json\/wp\/v2\/users\/5916"}],"replies":[{"embeddable":true,"href":"https:\/\/www.procarton.com\/fr\/wp-json\/wp\/v2\/comments?post=300256"}],"version-history":[{"count":33,"href":"https:\/\/www.procarton.com\/fr\/wp-json\/wp\/v2\/pages\/300256\/revisions"}],"predecessor-version":[{"id":306965,"href":"https:\/\/www.procarton.com\/fr\/wp-json\/wp\/v2\/pages\/300256\/revisions\/306965"}],"up":[{"embeddable":true,"href":"https:\/\/www.procarton.com\/fr\/wp-json\/wp\/v2\/pages\/243707"}],"wp:featuredmedia":[{"embeddable":true,"href":"https:\/\/www.procarton.com\/fr\/wp-json\/wp\/v2\/media\/300969"}],"wp:attachment":[{"href":"https:\/\/www.procarton.com\/fr\/wp-json\/wp\/v2\/media?parent=300256"}],"curies":[{"name":"wp","href":"https:\/\/api.w.org\/{rel}","templated":true}]}}