{"id":286988,"date":"2023-10-13T10:52:04","date_gmt":"2023-10-13T09:52:14","guid":{"rendered":"https:\/\/www.procarton.com\/?page_id=286988"},"modified":"2026-01-30T11:46:53","modified_gmt":"2026-01-30T11:46:53","slug":"cartons-cartonboard","status":"publish","type":"page","link":"https:\/\/www.procarton.com\/fr\/awards\/pro-carton-young-designers-award\/2026-3\/cartons-cartonboard\/","title":{"rendered":"Cartons &amp; Cartonboard"},"content":{"rendered":"<div class=\"av-animated-generic top-to-bottom flex_column av_one_full  flex_column_div av-zero-column-padding first  avia-builder-el-0  el_before_av_one_third  avia-builder-el-first\" style='border-radius:0px; '>\n<section class=\"av_textblock_section\"  itemscope=\"itemscope\" itemtype=\"https:\/\/schema.org\/CreativeWork\" >\n<div class='avia_textblock'   itemprop=\"text\" >\n<h3><strong>Que sont les cartons et le carton ?<\/strong><\/h3>\n<\/div>\n<\/section>\n<section class=\"av_textblock_section\"  itemscope=\"itemscope\" itemtype=\"https:\/\/schema.org\/CreativeWork\" >\n<div class='avia_textblock'   itemprop=\"text\" >\n<p class=\"p1\">Les bo\u00eetes pliantes sont des bo\u00eetes de petite ou moyenne taille fabriqu\u00e9es en carton. Elles sont utilis\u00e9es pour emballer une large gamme de produits, de l'alimentation - tels que les c\u00e9r\u00e9ales, les aliments surgel\u00e9s et r\u00e9frig\u00e9r\u00e9s, les confiseries, les produits de boulangerie, le th\u00e9, le caf\u00e9 et d'autres aliments secs - aux produits pharmaceutiques, cosm\u00e9tiques et autres.<\/p>\n<p class=\"p1\">Il existe de nombreux types de carton, qui peuvent tous \u00eatre fabriqu\u00e9s dans des poids (grammages) et des \u00e9paisseurs diff\u00e9rents.  Le type de carton et la composition des fibres d\u00e9pendent de l'utilisation pr\u00e9vue et des exigences sp\u00e9cifiques.  Le carton est compos\u00e9 de plusieurs plis afin d'utiliser au mieux les diff\u00e9rents types de mati\u00e8res premi\u00e8res et d'optimiser les performances du produit.  Voir aussi <strong><a href=\"https:\/\/www.procarton.com\/why-cartons\/\" target=\"_blank\" rel=\"noopener\">Pourquoi cartonnages?<\/a><\/strong> pour plus de d\u00e9tails sur le carton.<\/p>\n<p class=\"p1\">Le carton est fabriqu\u00e9 \u00e0 partir de copeaux de bois (provenant d'arbres) ou de papier et de carton recycl\u00e9s. La mati\u00e8re premi\u00e8re bois provient de for\u00eats g\u00e9r\u00e9es durablement. Non seulement il s'agit d'une ressource renouvelable, mais en Europe, on fait pousser plus d'arbres qu'on n'en r\u00e9colte.  Les for\u00eats europ\u00e9ennes sont cultiv\u00e9es et exploit\u00e9es de mani\u00e8re durable et soigneusement contr\u00f4l\u00e9e - avec un tel succ\u00e8s que les for\u00eats europ\u00e9ennes, d'o\u00f9 provient la majeure partie de la mati\u00e8re premi\u00e8re, ont augment\u00e9 d'une superficie \u00e9quivalente \u00e0 celle de la Suisse en seulement 10 ans ! Les arbres jouent un r\u00f4le essentiel dans la r\u00e9duction du changement climatique, car ils absorbent le dioxyde de carbone et lib\u00e8rent de l'oxyg\u00e8ne.<\/p>\n<p class=\"p1\">Le carton est renouvelable, recyclable et biod\u00e9gradable. C'est un mat\u00e9riau d'emballage v\u00e9ritablement durable et un exemple parfait de l'\u00e9conomie circulaire.<\/p>\n<p class=\"p1\">Il est \u00e9galement extr\u00eamement souple et polyvalent. Il peut \u00eatre pli\u00e9 et froiss\u00e9 dans de nombreuses formes diff\u00e9rentes et ses capacit\u00e9s d'impression et d'effets sp\u00e9ciaux sont presque infinies, du gaufrage et de la dorure aux effets holographiques 3D.<\/p>\n<p class=\"p1\">Please see some examples of the cartons, all of which have recently won at the 2025 Awards Night:<\/p>\n<\/div>\n<\/section>\n<\/div>\n<div class=\"av-animated-generic top-to-bottom flex_column av_one_third  flex_column_div av-zero-column-padding first  avia-builder-el-3  el_after_av_one_full  el_before_av_one_third  column-top-margin\" style='border-radius:0px; '><\/div>\n<div class=\"av-animated-generic top-to-bottom flex_column av_one_third  flex_column_div av-zero-column-padding   avia-builder-el-4  el_after_av_one_third  el_before_av_one_third  column-top-margin\" style='border-radius:0px; '>\n<div  class='avia-image-container  av-styling-    avia-builder-el-5  avia-builder-el-no-sibling  avia-align-center'  itemprop=\"image\" itemscope=\"itemscope\" itemtype=\"https:\/\/schema.org\/ImageObject\"  >\n<div class='avia-image-container-inner'>\n<div class='avia-image-overlay-wrap'><a href=\"https:\/\/www.flipsnack.com\/9C7C7C66AED\/main-brochure-2025-v5\/full-view.html\" class='avia_image' ><img decoding=\"async\" width=\"1240\" height=\"1754\" class='wp-image-306882 avia-img-lazy-loading-not-306882 avia_image' src=\"https:\/\/www.procarton.com\/wp-content\/uploads\/2025\/09\/Main-brochure-2025-front.jpg\" alt='' title='Brochure principale 2025-front'  itemprop=\"thumbnailUrl\" srcset=\"https:\/\/www.procarton.com\/wp-content\/uploads\/2025\/09\/Main-brochure-2025-front.jpg 1240w, https:\/\/www.procarton.com\/wp-content\/uploads\/2025\/09\/Main-brochure-2025-front-212x300.jpg 212w, https:\/\/www.procarton.com\/wp-content\/uploads\/2025\/09\/Main-brochure-2025-front-728x1030.jpg 728w, https:\/\/www.procarton.com\/wp-content\/uploads\/2025\/09\/Main-brochure-2025-front-768x1086.jpg 768w, https:\/\/www.procarton.com\/wp-content\/uploads\/2025\/09\/Main-brochure-2025-front-1086x1536.jpg 1086w, https:\/\/www.procarton.com\/wp-content\/uploads\/2025\/09\/Main-brochure-2025-front-8x12.jpg 8w, https:\/\/www.procarton.com\/wp-content\/uploads\/2025\/09\/Main-brochure-2025-front-1060x1500.jpg 1060w, https:\/\/www.procarton.com\/wp-content\/uploads\/2025\/09\/Main-brochure-2025-front-498x705.jpg 498w\" sizes=\"(max-width: 1240px) 100vw, 1240px\" \/><\/a><\/div>\n<\/div>\n<\/div>\n<\/div>\n<div class=\"av-animated-generic top-to-bottom flex_column av_one_third  flex_column_div av-zero-column-padding   avia-builder-el-6  el_after_av_one_third  el_before_av_one_full  column-top-margin\" style='border-radius:0px; '><\/div>\n<div class=\"av-animated-generic top-to-bottom flex_column av_one_full  flex_column_div av-zero-column-padding first  avia-builder-el-7  el_after_av_one_third  el_before_av_one_full  column-top-margin\" style='border-radius:0px; '>\n<section class=\"av_textblock_section\"  itemscope=\"itemscope\" itemtype=\"https:\/\/schema.org\/CreativeWork\" >\n<div class='avia_textblock  av_inherit_color'  style='color:#ff2323; '  itemprop=\"text\" >\n<p style=\"text-align: center;\"><strong>Veuillez noter que ce concours ne concerne que les bo\u00eetes pliantes imprim\u00e9es.  Le carton ondul\u00e9 et les bo\u00eetes \u00e0 boissons (emballages Tetra Pak) sont exclus.<\/strong><\/p>\n<\/div>\n<\/section>\n<div  class='avia-image-container  av-styling-    avia-builder-el-9  el_after_av_textblock  avia-builder-el-last  avia-align-center'  itemprop=\"image\" itemscope=\"itemscope\" itemtype=\"https:\/\/schema.org\/ImageObject\"  >\n<div class='avia-image-container-inner'>\n<div class='avia-image-overlay-wrap'><img decoding=\"async\" width=\"781\" height=\"270\" class='wp-image-271502 avia-img-lazy-loading-not-271502 avia_image' src=\"https:\/\/www.procarton.com\/wp-content\/uploads\/2021\/12\/Cartonboard-example_updated.png\" alt='' title='Exemple de cartons_mise \u00e0 jour'  itemprop=\"thumbnailUrl\" srcset=\"https:\/\/www.procarton.com\/wp-content\/uploads\/2021\/12\/Cartonboard-example_updated.png 781w, https:\/\/www.procarton.com\/wp-content\/uploads\/2021\/12\/Cartonboard-example_updated-300x104.png 300w, https:\/\/www.procarton.com\/wp-content\/uploads\/2021\/12\/Cartonboard-example_updated-768x266.png 768w, https:\/\/www.procarton.com\/wp-content\/uploads\/2021\/12\/Cartonboard-example_updated-18x6.png 18w, https:\/\/www.procarton.com\/wp-content\/uploads\/2021\/12\/Cartonboard-example_updated-705x244.png 705w\" sizes=\"(max-width: 781px) 100vw, 781px\" \/><\/div>\n<\/div>\n<\/div>\n<\/div>\n<div class=\"av-animated-generic top-to-bottom flex_column av_one_full  flex_column_div av-zero-column-padding first  avia-builder-el-10  el_after_av_one_full  avia-builder-el-last  column-top-margin\" style='border-radius:0px; '>\n<section class=\"av_textblock_section\"  itemscope=\"itemscope\" itemtype=\"https:\/\/schema.org\/CreativeWork\" >\n<div class='avia_textblock'   itemprop=\"text\" >\n<p><strong>Cartons et cartonnages<\/strong><\/p>\n<p class=\"p1\">Plus que jamais, l'emballage est n\u00e9cessaire pour prot\u00e9ger les produits et l'environnement, mais aussi pour vendre les produits emball\u00e9s. Un produit est toujours accompagn\u00e9 de son emballage, quel que soit l'endroit o\u00f9 il est vendu - en rayon ou en ligne ; l'emballage est le seul moyen de prot\u00e9ger les produits. <span class=\"s1\">\"<\/span>compagnon\" qui peut soutenir le produit \u00e0 tout moment et en tout lieu.<\/p>\n<p class=\"p1\">Aucune forme d'emballage n'est plus communicative et informative que la bo\u00eete pliante. Les bo\u00eetes pliantes ont une image de haute qualit\u00e9, ont un fort impact sur le rayon et sont tr\u00e8s appr\u00e9ci\u00e9es des consommateurs. Les \u00e9tudes confirment que les bo\u00eetes pliantes jouissent d'une confiance et d'une pr\u00e9f\u00e9rence par rapport \u00e0 d'autres formes d'emballage.<\/p>\n<p class=\"p1\">Avec leur impression de haute qualit\u00e9 et leur large \u00e9ventail d'effets sp\u00e9ciaux, les bo\u00eetes pliantes v\u00e9hiculent une image de qualit\u00e9 sur le point de vente. Cet aspect est crucial pour le succ\u00e8s d'un produit. L'ajout d'une texture ou d'un toucher \u00e0 une bo\u00eete pliante peut lui conf\u00e9rer un attrait \u00e9motionnel suppl\u00e9mentaire pour le consommateur. La conception peut inclure l'inviolabilit\u00e9, la s\u00e9curit\u00e9 enfants ou d'autres avantages en mati\u00e8re de s\u00e9curit\u00e9 gr\u00e2ce \u00e0 des marques d'inviolabilit\u00e9, \u00e0 une conception cr\u00e9ative et \u00e0 des technologies d'impression\/syst\u00e8mes d'encrage. Saviez-vous que l'emballage prot\u00e8ge dix fois plus de ressources qu'il n'en consomme et qu'il ne repr\u00e9sente que 3 \u00e0 5 % d'impact sur l'environnement par rapport \u00e0 la production alimentaire ?<\/p>\n<p class=\"p1\">Les am\u00e9liorations apport\u00e9es \u00e0 la technologie du carton ont permis de r\u00e9duire consid\u00e9rablement le poids du carton n\u00e9cessaire \u00e0 la fabrication des bo\u00eetes pliantes. Au cours des 20 derni\u00e8res ann\u00e9es, le poids des bo\u00eetes pliantes pour les m\u00eames produits a diminu\u00e9 d'environ 40%. Les mati\u00e8res premi\u00e8res sont facilement et r\u00e9guli\u00e8rement disponibles - et totalement durables.<\/p>\n<p class=\"p1\">Additionally, at the end of life, folding cartons are collected and recycled and form an important secondary raw material.\u00a0 Research has shown that we can recycle paper fibres more than 25 times and around 87% of paper and cardboard packaging is recycled across Europe (Eurostat, 2023), much more than other materials. Today about 50% of folding cartons in Europe are made from recycled fibre and 50% from virgin fibre. Both are equally important in achieving a fully functioning circular economy.<\/p>\n<p class=\"p1\">Le carton est id\u00e9al pour le compostage car la fibre de cellulose est biod\u00e9gradable. Cela signifie qu'elle peut \u00eatre d\u00e9compos\u00e9e en substances naturelles par des bact\u00e9ries \u00e0 l'aide d'enzymes microbiennes, produisant ainsi du dioxyde de carbone, de l'eau et du compost (humus).<\/p>\n<p class=\"p1\">Le carton est naturel, renouvelable, recyclable et, s'il se retrouve accidentellement dans la nature, biod\u00e9gradable. C'est un mat\u00e9riau d'emballage v\u00e9ritablement durable : Un emballage pour un monde meilleur.<\/p>\n<\/div>\n<\/section>\n<\/div>","protected":false},"excerpt":{"rendered":"","protected":false},"author":1286,"featured_media":307652,"parent":307527,"menu_order":0,"comment_status":"closed","ping_status":"closed","template":"templates\/award_details_page.php","meta":{"inline_featured_image":false,"footnotes":""},"class_list":["post-286988","page","type-page","status-publish","has-post-thumbnail","hentry"],"yoast_head":"<!-- This site is optimized with the Yoast SEO plugin v27.4 - https:\/\/yoast.com\/product\/yoast-seo-wordpress\/ -->\n<title>Cartons &amp; Cartonboard - Pro Carton<\/title>\n<meta name=\"description\" content=\"What are Cartons and Cartonboard? Folding cartons are small to medium-sized boxes made of cartonboard. read on ...\" \/>\n<meta name=\"robots\" content=\"index, follow, max-snippet:-1, max-image-preview:large, max-video-preview:-1\" \/>\n<link rel=\"canonical\" href=\"https:\/\/www.procarton.com\/fr\/awards\/pro-carton-young-designers-award\/2026-3\/cartons-cartonboard\/\" \/>\n<meta property=\"og:locale\" content=\"fr_FR\" \/>\n<meta property=\"og:type\" content=\"article\" \/>\n<meta property=\"og:title\" content=\"Cartons &amp; Cartonboard - Pro Carton\" \/>\n<meta property=\"og:description\" content=\"What are Cartons and Cartonboard? Folding cartons are small to medium-sized boxes made of cartonboard. read on ...\" \/>\n<meta property=\"og:url\" content=\"https:\/\/www.procarton.com\/fr\/awards\/pro-carton-young-designers-award\/2026-3\/cartons-cartonboard\/\" \/>\n<meta property=\"og:site_name\" content=\"Pro Carton\" \/>\n<meta property=\"article:publisher\" content=\"https:\/\/www.facebook.com\/procartondesignaward\/\" \/>\n<meta property=\"article:modified_time\" content=\"2026-01-30T11:46:53+00:00\" \/>\n<meta property=\"og:image\" content=\"https:\/\/www.procarton.com\/wp-content\/uploads\/2026\/01\/Pro-Carton-Logo-26-3.png\" \/>\n\t<meta property=\"og:image:width\" content=\"1200\" \/>\n\t<meta property=\"og:image:height\" content=\"900\" \/>\n\t<meta property=\"og:image:type\" content=\"image\/png\" \/>\n<meta name=\"twitter:card\" content=\"summary_large_image\" \/>\n<meta name=\"twitter:site\" content=\"@pro_carton\" \/>\n<meta name=\"twitter:label1\" content=\"Dur\u00e9e de lecture estim\u00e9e\" \/>\n\t<meta name=\"twitter:data1\" content=\"5 minutes\" \/>\n<script type=\"application\/ld+json\" class=\"yoast-schema-graph\">{\"@context\":\"https:\\\/\\\/schema.org\",\"@graph\":[{\"@type\":\"WebPage\",\"@id\":\"https:\\\/\\\/www.procarton.com\\\/awards\\\/pro-carton-young-designers-award\\\/2026-3\\\/cartons-cartonboard\\\/\",\"url\":\"https:\\\/\\\/www.procarton.com\\\/awards\\\/pro-carton-young-designers-award\\\/2026-3\\\/cartons-cartonboard\\\/\",\"name\":\"Cartons &amp; Cartonboard - Pro Carton\",\"isPartOf\":{\"@id\":\"https:\\\/\\\/www.procarton.com\\\/es\\\/#website\"},\"primaryImageOfPage\":{\"@id\":\"https:\\\/\\\/www.procarton.com\\\/awards\\\/pro-carton-young-designers-award\\\/2026-3\\\/cartons-cartonboard\\\/#primaryimage\"},\"image\":{\"@id\":\"https:\\\/\\\/www.procarton.com\\\/awards\\\/pro-carton-young-designers-award\\\/2026-3\\\/cartons-cartonboard\\\/#primaryimage\"},\"thumbnailUrl\":\"https:\\\/\\\/www.procarton.com\\\/wp-content\\\/uploads\\\/2026\\\/01\\\/Pro-Carton-Logo-26-3.png\",\"datePublished\":\"2023-10-13T09:52:14+00:00\",\"dateModified\":\"2026-01-30T11:46:53+00:00\",\"description\":\"What are Cartons and Cartonboard? Folding cartons are small to medium-sized boxes made of cartonboard. read on ...\",\"breadcrumb\":{\"@id\":\"https:\\\/\\\/www.procarton.com\\\/awards\\\/pro-carton-young-designers-award\\\/2026-3\\\/cartons-cartonboard\\\/#breadcrumb\"},\"inLanguage\":\"fr-FR\",\"potentialAction\":[{\"@type\":\"ReadAction\",\"target\":[\"https:\\\/\\\/www.procarton.com\\\/awards\\\/pro-carton-young-designers-award\\\/2026-3\\\/cartons-cartonboard\\\/\"]}]},{\"@type\":\"ImageObject\",\"inLanguage\":\"fr-FR\",\"@id\":\"https:\\\/\\\/www.procarton.com\\\/awards\\\/pro-carton-young-designers-award\\\/2026-3\\\/cartons-cartonboard\\\/#primaryimage\",\"url\":\"https:\\\/\\\/www.procarton.com\\\/wp-content\\\/uploads\\\/2026\\\/01\\\/Pro-Carton-Logo-26-3.png\",\"contentUrl\":\"https:\\\/\\\/www.procarton.com\\\/wp-content\\\/uploads\\\/2026\\\/01\\\/Pro-Carton-Logo-26-3.png\",\"width\":1200,\"height\":900},{\"@type\":\"BreadcrumbList\",\"@id\":\"https:\\\/\\\/www.procarton.com\\\/awards\\\/pro-carton-young-designers-award\\\/2026-3\\\/cartons-cartonboard\\\/#breadcrumb\",\"itemListElement\":[{\"@type\":\"ListItem\",\"position\":1,\"name\":\"Home\",\"item\":\"https:\\\/\\\/www.procarton.com\\\/\"},{\"@type\":\"ListItem\",\"position\":2,\"name\":\"Awards\",\"item\":\"https:\\\/\\\/www.procarton.com\\\/awards\\\/\"},{\"@type\":\"ListItem\",\"position\":3,\"name\":\"Pro Carton Young Designers Award\",\"item\":\"https:\\\/\\\/www.procarton.com\\\/awards\\\/pro-carton-young-designers-award\\\/\"},{\"@type\":\"ListItem\",\"position\":4,\"name\":\"2026\",\"item\":\"https:\\\/\\\/www.procarton.com\\\/awards\\\/pro-carton-young-designers-award\\\/2026-3\\\/\"},{\"@type\":\"ListItem\",\"position\":5,\"name\":\"Cartons &amp; Cartonboard\"}]},{\"@type\":\"WebSite\",\"@id\":\"https:\\\/\\\/www.procarton.com\\\/es\\\/#website\",\"url\":\"https:\\\/\\\/www.procarton.com\\\/es\\\/\",\"name\":\"Pro Carton\",\"description\":\"\",\"publisher\":{\"@id\":\"https:\\\/\\\/www.procarton.com\\\/es\\\/#organization\"},\"potentialAction\":[{\"@type\":\"SearchAction\",\"target\":{\"@type\":\"EntryPoint\",\"urlTemplate\":\"https:\\\/\\\/www.procarton.com\\\/es\\\/?s={search_term_string}\"},\"query-input\":{\"@type\":\"PropertyValueSpecification\",\"valueRequired\":true,\"valueName\":\"search_term_string\"}}],\"inLanguage\":\"fr-FR\"},{\"@type\":\"Organization\",\"@id\":\"https:\\\/\\\/www.procarton.com\\\/es\\\/#organization\",\"name\":\"ProCarton\",\"url\":\"https:\\\/\\\/www.procarton.com\\\/es\\\/\",\"logo\":{\"@type\":\"ImageObject\",\"inLanguage\":\"fr-FR\",\"@id\":\"https:\\\/\\\/www.procarton.com\\\/es\\\/#\\\/schema\\\/logo\\\/image\\\/\",\"url\":\"https:\\\/\\\/www.procarton.com\\\/wp-content\\\/uploads\\\/2022\\\/06\\\/logo-mit-slogan.jpg\",\"contentUrl\":\"https:\\\/\\\/www.procarton.com\\\/wp-content\\\/uploads\\\/2022\\\/06\\\/logo-mit-slogan.jpg\",\"width\":422,\"height\":519,\"caption\":\"ProCarton\"},\"image\":{\"@id\":\"https:\\\/\\\/www.procarton.com\\\/es\\\/#\\\/schema\\\/logo\\\/image\\\/\"},\"sameAs\":[\"https:\\\/\\\/www.facebook.com\\\/procartondesignaward\\\/\",\"https:\\\/\\\/x.com\\\/pro_carton\"]}]}<\/script>\n<!-- \/ Yoast SEO plugin. -->","yoast_head_json":{"title":"Cartons &amp; Cartonboard - Pro Carton","description":"Que sont les cartons et le carton ? Les bo\u00eetes pliantes sont des bo\u00eetes de petite ou moyenne taille en carton. lire la suite ...","robots":{"index":"index","follow":"follow","max-snippet":"max-snippet:-1","max-image-preview":"max-image-preview:large","max-video-preview":"max-video-preview:-1"},"canonical":"https:\/\/www.procarton.com\/fr\/awards\/pro-carton-young-designers-award\/2026-3\/cartons-cartonboard\/","og_locale":"fr_FR","og_type":"article","og_title":"Cartons &amp; Cartonboard - Pro Carton","og_description":"What are Cartons and Cartonboard? Folding cartons are small to medium-sized boxes made of cartonboard. read on ...","og_url":"https:\/\/www.procarton.com\/fr\/awards\/pro-carton-young-designers-award\/2026-3\/cartons-cartonboard\/","og_site_name":"Pro Carton","article_publisher":"https:\/\/www.facebook.com\/procartondesignaward\/","article_modified_time":"2026-01-30T11:46:53+00:00","og_image":[{"width":1200,"height":900,"url":"https:\/\/www.procarton.com\/wp-content\/uploads\/2026\/01\/Pro-Carton-Logo-26-3.png","type":"image\/png"}],"twitter_card":"summary_large_image","twitter_site":"@pro_carton","twitter_misc":{"Dur\u00e9e de lecture estim\u00e9e":"5 minutes"},"schema":{"@context":"https:\/\/schema.org","@graph":[{"@type":"WebPage","@id":"https:\/\/www.procarton.com\/awards\/pro-carton-young-designers-award\/2026-3\/cartons-cartonboard\/","url":"https:\/\/www.procarton.com\/awards\/pro-carton-young-designers-award\/2026-3\/cartons-cartonboard\/","name":"Cartons &amp; Cartonboard - Pro Carton","isPartOf":{"@id":"https:\/\/www.procarton.com\/es\/#website"},"primaryImageOfPage":{"@id":"https:\/\/www.procarton.com\/awards\/pro-carton-young-designers-award\/2026-3\/cartons-cartonboard\/#primaryimage"},"image":{"@id":"https:\/\/www.procarton.com\/awards\/pro-carton-young-designers-award\/2026-3\/cartons-cartonboard\/#primaryimage"},"thumbnailUrl":"https:\/\/www.procarton.com\/wp-content\/uploads\/2026\/01\/Pro-Carton-Logo-26-3.png","datePublished":"2023-10-13T09:52:14+00:00","dateModified":"2026-01-30T11:46:53+00:00","description":"Que sont les cartons et le carton ? Les bo\u00eetes pliantes sont des bo\u00eetes de petite ou moyenne taille en carton. lire la suite ...","breadcrumb":{"@id":"https:\/\/www.procarton.com\/awards\/pro-carton-young-designers-award\/2026-3\/cartons-cartonboard\/#breadcrumb"},"inLanguage":"fr-FR","potentialAction":[{"@type":"ReadAction","target":["https:\/\/www.procarton.com\/awards\/pro-carton-young-designers-award\/2026-3\/cartons-cartonboard\/"]}]},{"@type":"ImageObject","inLanguage":"fr-FR","@id":"https:\/\/www.procarton.com\/awards\/pro-carton-young-designers-award\/2026-3\/cartons-cartonboard\/#primaryimage","url":"https:\/\/www.procarton.com\/wp-content\/uploads\/2026\/01\/Pro-Carton-Logo-26-3.png","contentUrl":"https:\/\/www.procarton.com\/wp-content\/uploads\/2026\/01\/Pro-Carton-Logo-26-3.png","width":1200,"height":900},{"@type":"BreadcrumbList","@id":"https:\/\/www.procarton.com\/awards\/pro-carton-young-designers-award\/2026-3\/cartons-cartonboard\/#breadcrumb","itemListElement":[{"@type":"ListItem","position":1,"name":"Home","item":"https:\/\/www.procarton.com\/"},{"@type":"ListItem","position":2,"name":"Awards","item":"https:\/\/www.procarton.com\/awards\/"},{"@type":"ListItem","position":3,"name":"Pro Carton Young Designers Award","item":"https:\/\/www.procarton.com\/awards\/pro-carton-young-designers-award\/"},{"@type":"ListItem","position":4,"name":"2026","item":"https:\/\/www.procarton.com\/awards\/pro-carton-young-designers-award\/2026-3\/"},{"@type":"ListItem","position":5,"name":"Cartons &amp; Cartonboard"}]},{"@type":"WebSite","@id":"https:\/\/www.procarton.com\/es\/#website","url":"https:\/\/www.procarton.com\/es\/","name":"Pro Carton","description":"","publisher":{"@id":"https:\/\/www.procarton.com\/es\/#organization"},"potentialAction":[{"@type":"SearchAction","target":{"@type":"EntryPoint","urlTemplate":"https:\/\/www.procarton.com\/es\/?s={search_term_string}"},"query-input":{"@type":"PropertyValueSpecification","valueRequired":true,"valueName":"search_term_string"}}],"inLanguage":"fr-FR"},{"@type":"Organization","@id":"https:\/\/www.procarton.com\/es\/#organization","name":"ProCarton","url":"https:\/\/www.procarton.com\/es\/","logo":{"@type":"ImageObject","inLanguage":"fr-FR","@id":"https:\/\/www.procarton.com\/es\/#\/schema\/logo\/image\/","url":"https:\/\/www.procarton.com\/wp-content\/uploads\/2022\/06\/logo-mit-slogan.jpg","contentUrl":"https:\/\/www.procarton.com\/wp-content\/uploads\/2022\/06\/logo-mit-slogan.jpg","width":422,"height":519,"caption":"ProCarton"},"image":{"@id":"https:\/\/www.procarton.com\/es\/#\/schema\/logo\/image\/"},"sameAs":["https:\/\/www.facebook.com\/procartondesignaward\/","https:\/\/x.com\/pro_carton"]}]}},"_links":{"self":[{"href":"https:\/\/www.procarton.com\/fr\/wp-json\/wp\/v2\/pages\/286988","targetHints":{"allow":["GET"]}}],"collection":[{"href":"https:\/\/www.procarton.com\/fr\/wp-json\/wp\/v2\/pages"}],"about":[{"href":"https:\/\/www.procarton.com\/fr\/wp-json\/wp\/v2\/types\/page"}],"author":[{"embeddable":true,"href":"https:\/\/www.procarton.com\/fr\/wp-json\/wp\/v2\/users\/1286"}],"replies":[{"embeddable":true,"href":"https:\/\/www.procarton.com\/fr\/wp-json\/wp\/v2\/comments?post=286988"}],"version-history":[{"count":17,"href":"https:\/\/www.procarton.com\/fr\/wp-json\/wp\/v2\/pages\/286988\/revisions"}],"predecessor-version":[{"id":299819,"href":"https:\/\/www.procarton.com\/fr\/wp-json\/wp\/v2\/pages\/286988\/revisions\/299819"}],"up":[{"embeddable":true,"href":"https:\/\/www.procarton.com\/fr\/wp-json\/wp\/v2\/pages\/307527"}],"wp:featuredmedia":[{"embeddable":true,"href":"https:\/\/www.procarton.com\/fr\/wp-json\/wp\/v2\/media\/307652"}],"wp:attachment":[{"href":"https:\/\/www.procarton.com\/fr\/wp-json\/wp\/v2\/media?parent=286988"}],"curies":[{"name":"wp","href":"https:\/\/api.w.org\/{rel}","templated":true}]}}