{"id":286974,"date":"2024-01-17T16:45:04","date_gmt":"2024-01-17T16:45:52","guid":{"rendered":"https:\/\/www.procarton.com\/?page_id=286974"},"modified":"2026-02-02T12:48:38","modified_gmt":"2026-02-02T12:48:38","slug":"why-enter","status":"publish","type":"page","link":"https:\/\/www.procarton.com\/fr\/awards\/european-carton-excellence-award\/2026-3\/why-enter\/","title":{"rendered":"Pourquoi entrer ?"},"content":{"rendered":"<div  style='height:50px' class='hr hr-invisible   avia-builder-el-0  el_before_av_hr  avia-builder-el-first'><span class='hr-inner' ><span class='hr-inner-style'><\/span><\/span><\/div>\n<div   class='hr hr-default   avia-builder-el-1  el_after_av_hr  el_before_av_one_half'><span class='hr-inner' ><span class='hr-inner-style'><\/span><\/span><\/div>\n<div class=\"av-animated-generic top-to-bottom flex_column av_one_half  flex_column_div av-zero-column-padding first  avia-builder-el-2  el_after_av_hr  el_before_av_one_half\" style='border-radius:0px; '>\n<section class=\"av_textblock_section\"  itemscope=\"itemscope\" itemtype=\"https:\/\/schema.org\/CreativeWork\" >\n<div class='avia_textblock'   itemprop=\"text\" >\n<h4><strong>Pourquoi participer au European Carton Excellence Award<\/strong><\/h4>\n<p>Vous souhaitez renforcer votre image de marque ou le profil de votre entreprise ? Les <strong>European Carton Excellence Award<\/strong> diffuse la bonne nouvelle \u00e0 propos de votre emballage gr\u00e2ce \u00e0 un ensemble complet de mesures de marketing, y compris les m\u00e9dias sociaux et le vote public, afin de mieux faire conna\u00eetre les candidatures et de susciter l'int\u00e9r\u00eat pour les laur\u00e9ats.<\/p>\n<p>Tous les gagnants re\u00e7oivent des photos professionnelles de leur participation, des certificats et des logos pour leurs propres sites web, du mat\u00e9riel de vente et de marketing et une large couverture m\u00e9diatique.<\/p>\n<\/div>\n<\/section>\n<\/div>\n<div class=\"av-animated-generic top-to-bottom flex_column av_one_half  flex_column_div av-zero-column-padding   avia-builder-el-4  el_after_av_one_half  el_before_av_one_half\" style='border-radius:0px; '>\n<div  class='avia-image-container  av-styling-    avia-builder-el-5  avia-builder-el-no-sibling  avia-align-center'  itemprop=\"image\" itemscope=\"itemscope\" itemtype=\"https:\/\/schema.org\/ImageObject\"  >\n<div class='avia-image-container-inner'>\n<div class='avia-image-overlay-wrap'><a href=\"https:\/\/www.procarton.com\/wp-content\/uploads\/2026\/01\/Why-enter-ECEA-2026-1030x579-1.png\" class='avia_image' ><img decoding=\"async\" width=\"1280\" height=\"720\" class='wp-image-307645 avia-img-lazy-loading-not-307645 avia_image' src=\"https:\/\/www.procarton.com\/wp-content\/uploads\/2026\/01\/Why-enter-ECEA-2026-1030x579-1.png\" alt='' title='Why-enter-ECEA-2026-1030x579-1'  itemprop=\"thumbnailUrl\" srcset=\"https:\/\/www.procarton.com\/wp-content\/uploads\/2026\/01\/Why-enter-ECEA-2026-1030x579-1.png 1280w, https:\/\/www.procarton.com\/wp-content\/uploads\/2026\/01\/Why-enter-ECEA-2026-1030x579-1-300x169.png 300w, https:\/\/www.procarton.com\/wp-content\/uploads\/2026\/01\/Why-enter-ECEA-2026-1030x579-1-1030x579.png 1030w, https:\/\/www.procarton.com\/wp-content\/uploads\/2026\/01\/Why-enter-ECEA-2026-1030x579-1-768x432.png 768w, https:\/\/www.procarton.com\/wp-content\/uploads\/2026\/01\/Why-enter-ECEA-2026-1030x579-1-18x10.png 18w, https:\/\/www.procarton.com\/wp-content\/uploads\/2026\/01\/Why-enter-ECEA-2026-1030x579-1-705x397.png 705w\" sizes=\"(max-width: 1280px) 100vw, 1280px\" \/><\/a><\/div>\n<\/div>\n<\/div>\n<\/div>\n<div class=\"av-animated-generic top-to-bottom flex_column av_one_half  flex_column_div av-zero-column-padding first  avia-builder-el-6  el_after_av_one_half  el_before_av_one_half  column-top-margin\" style='border-radius:0px; '>\n<div  style='height:150px' class='hr hr-invisible   avia-builder-el-7  el_before_av_image  avia-builder-el-first'><span class='hr-inner' ><span class='hr-inner-style'><\/span><\/span><\/div>\n<div  class='avia-image-container  av-styling-    avia-builder-el-8  el_after_av_hr  avia-builder-el-last  avia-align-center'  itemprop=\"image\" itemscope=\"itemscope\" itemtype=\"https:\/\/schema.org\/ImageObject\"  >\n<div class='avia-image-container-inner'>\n<div class='avia-image-overlay-wrap'><a href=\"https:\/\/www.procarton.com\/wp-content\/uploads\/2026\/01\/Why-enter-ECEA-2026-1030x579-2.png\" class='avia_image' ><img decoding=\"async\" width=\"1280\" height=\"720\" class='wp-image-307646 avia-img-lazy-loading-not-307646 avia_image' src=\"https:\/\/www.procarton.com\/wp-content\/uploads\/2026\/01\/Why-enter-ECEA-2026-1030x579-2.png\" alt='' title='Why-enter-ECEA-2026-1030x579-2'  itemprop=\"thumbnailUrl\" srcset=\"https:\/\/www.procarton.com\/wp-content\/uploads\/2026\/01\/Why-enter-ECEA-2026-1030x579-2.png 1280w, https:\/\/www.procarton.com\/wp-content\/uploads\/2026\/01\/Why-enter-ECEA-2026-1030x579-2-300x169.png 300w, https:\/\/www.procarton.com\/wp-content\/uploads\/2026\/01\/Why-enter-ECEA-2026-1030x579-2-1030x579.png 1030w, https:\/\/www.procarton.com\/wp-content\/uploads\/2026\/01\/Why-enter-ECEA-2026-1030x579-2-768x432.png 768w, https:\/\/www.procarton.com\/wp-content\/uploads\/2026\/01\/Why-enter-ECEA-2026-1030x579-2-18x10.png 18w, https:\/\/www.procarton.com\/wp-content\/uploads\/2026\/01\/Why-enter-ECEA-2026-1030x579-2-705x397.png 705w\" sizes=\"(max-width: 1280px) 100vw, 1280px\" \/><\/a><\/div>\n<\/div>\n<\/div>\n<\/div>\n<div class=\"av-animated-generic top-to-bottom flex_column av_one_half  flex_column_div av-zero-column-padding   avia-builder-el-9  el_after_av_one_half  avia-builder-el-last  column-top-margin\" style='border-radius:0px; '>\n<section class=\"av_textblock_section\"  itemscope=\"itemscope\" itemtype=\"https:\/\/schema.org\/CreativeWork\" >\n<div class='avia_textblock'   itemprop=\"text\" >\n<h4><strong>Le lot du gagnant de European Carton Excellence Award comprend :<\/strong><\/h4>\n<ul>\n<li>Une r\u00e9compense, un troph\u00e9e et un certificat de haut niveau \u00e0 conserver et \u00e0 afficher fi\u00e8rement.<\/li>\n<li>Couverture m\u00e9diatique aupr\u00e8s d'un public de plus de 7 millions de personnes dans plus de 20 pays d'Europe<\/li>\n<li>Couverture par les m\u00e9dias sociaux d'un public de plus de 150 000 personnes<\/li>\n<li>Citations d'approbation du jury<\/li>\n<li>Inclusion dans la lettre d'information \u00e9lectronique de Pro Carton destin\u00e9e \u00e0 une base de donn\u00e9es de propri\u00e9taires de marques, de d\u00e9taillants et de designers<\/li>\n<li>Inclusion sur le site web de Pro Carton avec plus de 150 000 visiteurs par an<\/li>\n<li>Roadshows exposant les cartons gagnants lors de foires, de congr\u00e8s et d'\u00e9v\u00e9nements dans toute l'Europe.<\/li>\n<li>Annonce de tous les candidats pr\u00e9s\u00e9lectionn\u00e9s sur le site web de Pro Carton, dans les bulletins d'information \u00e9lectroniques et dans les m\u00e9dias sociaux.<\/li>\n<li>Vid\u00e9os du Gala Award et des interviews des gagnants, post\u00e9es sur YouTube<\/li>\n<li>Publication des gagnants sur le site web de l'ECMA (<a href=\"http:\/\/www.ecma.org\/\">ecma.org<\/a>)<\/li>\n<li>Possibilit\u00e9 de promouvoir votre succ\u00e8s avec le logo d\u00e9di\u00e9 \u00e0 2024 dans les publications de votre entreprise\/marque, lors d'\u00e9v\u00e9nements, et dans la signature de courriels.<\/li>\n<li>Une notori\u00e9t\u00e9 aupr\u00e8s de vos pairs et en dehors du secteur.<\/li>\n<li>Soutien continu de Pro Carton afin de maximiser les avantages.<\/li>\n<\/ul>\n<\/div>\n<\/section>\n<\/div>","protected":false},"excerpt":{"rendered":"<p>European Carton Excellence Award 2024 Page marketing d\u00e9taillant les avantages pour les laur\u00e9ats du Award en termes d'image, de marque et d'augmentation des ventes<\/p>","protected":false},"author":1286,"featured_media":307644,"parent":307525,"menu_order":0,"comment_status":"closed","ping_status":"closed","template":"templates\/award_details_page.php","meta":{"inline_featured_image":false,"footnotes":""},"class_list":["post-286974","page","type-page","status-publish","has-post-thumbnail","hentry"],"yoast_head":"<!-- This site is optimized with the Yoast SEO plugin v27.3 - https:\/\/yoast.com\/product\/yoast-seo-wordpress\/ -->\n<title>Why Enter? - Pro Carton<\/title>\n<meta name=\"description\" content=\"Why Enter the European Carton Excellence Award 2024 ? Benefits for Award Winners in terms of image, branding and boost in sales\" \/>\n<meta name=\"robots\" content=\"index, follow, max-snippet:-1, max-image-preview:large, max-video-preview:-1\" \/>\n<link rel=\"canonical\" href=\"https:\/\/www.procarton.com\/fr\/awards\/european-carton-excellence-award\/2026-3\/why-enter\/\" \/>\n<meta property=\"og:locale\" content=\"fr_FR\" \/>\n<meta property=\"og:type\" content=\"article\" \/>\n<meta property=\"og:title\" content=\"Why Enter? - Pro Carton\" \/>\n<meta property=\"og:description\" content=\"Why Enter the European Carton Excellence Award 2024 ? Benefits for Award Winners in terms of image, branding and boost in sales\" \/>\n<meta property=\"og:url\" content=\"https:\/\/www.procarton.com\/fr\/awards\/european-carton-excellence-award\/2026-3\/why-enter\/\" \/>\n<meta property=\"og:site_name\" content=\"Pro Carton\" \/>\n<meta property=\"article:publisher\" content=\"https:\/\/www.facebook.com\/procartondesignaward\/\" \/>\n<meta property=\"article:modified_time\" content=\"2026-02-02T12:48:38+00:00\" \/>\n<meta property=\"og:image\" content=\"https:\/\/www.procarton.com\/wp-content\/uploads\/2026\/01\/Pro-Carton-Logo-26-2-1.png\" \/>\n\t<meta property=\"og:image:width\" content=\"1200\" \/>\n\t<meta property=\"og:image:height\" content=\"900\" \/>\n\t<meta property=\"og:image:type\" content=\"image\/png\" \/>\n<meta name=\"twitter:card\" content=\"summary_large_image\" \/>\n<meta name=\"twitter:site\" content=\"@pro_carton\" \/>\n<meta name=\"twitter:label1\" content=\"Dur\u00e9e de lecture estim\u00e9e\" \/>\n\t<meta name=\"twitter:data1\" content=\"3 minutes\" \/>\n<script type=\"application\/ld+json\" class=\"yoast-schema-graph\">{\"@context\":\"https:\\\/\\\/schema.org\",\"@graph\":[{\"@type\":\"WebPage\",\"@id\":\"https:\\\/\\\/www.procarton.com\\\/awards\\\/european-carton-excellence-award\\\/2026-3\\\/why-enter\\\/\",\"url\":\"https:\\\/\\\/www.procarton.com\\\/awards\\\/european-carton-excellence-award\\\/2026-3\\\/why-enter\\\/\",\"name\":\"Why Enter? - Pro Carton\",\"isPartOf\":{\"@id\":\"https:\\\/\\\/www.procarton.com\\\/es\\\/#website\"},\"primaryImageOfPage\":{\"@id\":\"https:\\\/\\\/www.procarton.com\\\/awards\\\/european-carton-excellence-award\\\/2026-3\\\/why-enter\\\/#primaryimage\"},\"image\":{\"@id\":\"https:\\\/\\\/www.procarton.com\\\/awards\\\/european-carton-excellence-award\\\/2026-3\\\/why-enter\\\/#primaryimage\"},\"thumbnailUrl\":\"https:\\\/\\\/www.procarton.com\\\/wp-content\\\/uploads\\\/2026\\\/01\\\/Pro-Carton-Logo-26-2-1.png\",\"datePublished\":\"2024-01-17T16:45:52+00:00\",\"dateModified\":\"2026-02-02T12:48:38+00:00\",\"description\":\"Why Enter the European Carton Excellence Award 2024 ? Benefits for Award Winners in terms of image, branding and boost in sales\",\"breadcrumb\":{\"@id\":\"https:\\\/\\\/www.procarton.com\\\/awards\\\/european-carton-excellence-award\\\/2026-3\\\/why-enter\\\/#breadcrumb\"},\"inLanguage\":\"fr-FR\",\"potentialAction\":[{\"@type\":\"ReadAction\",\"target\":[\"https:\\\/\\\/www.procarton.com\\\/awards\\\/european-carton-excellence-award\\\/2026-3\\\/why-enter\\\/\"]}]},{\"@type\":\"ImageObject\",\"inLanguage\":\"fr-FR\",\"@id\":\"https:\\\/\\\/www.procarton.com\\\/awards\\\/european-carton-excellence-award\\\/2026-3\\\/why-enter\\\/#primaryimage\",\"url\":\"https:\\\/\\\/www.procarton.com\\\/wp-content\\\/uploads\\\/2026\\\/01\\\/Pro-Carton-Logo-26-2-1.png\",\"contentUrl\":\"https:\\\/\\\/www.procarton.com\\\/wp-content\\\/uploads\\\/2026\\\/01\\\/Pro-Carton-Logo-26-2-1.png\",\"width\":1200,\"height\":900},{\"@type\":\"BreadcrumbList\",\"@id\":\"https:\\\/\\\/www.procarton.com\\\/awards\\\/european-carton-excellence-award\\\/2026-3\\\/why-enter\\\/#breadcrumb\",\"itemListElement\":[{\"@type\":\"ListItem\",\"position\":1,\"name\":\"Home\",\"item\":\"https:\\\/\\\/www.procarton.com\\\/\"},{\"@type\":\"ListItem\",\"position\":2,\"name\":\"Awards\",\"item\":\"https:\\\/\\\/www.procarton.com\\\/awards\\\/\"},{\"@type\":\"ListItem\",\"position\":3,\"name\":\"European Carton Excellence Award\",\"item\":\"https:\\\/\\\/www.procarton.com\\\/awards\\\/european-carton-excellence-award\\\/\"},{\"@type\":\"ListItem\",\"position\":4,\"name\":\"2026\",\"item\":\"https:\\\/\\\/www.procarton.com\\\/awards\\\/european-carton-excellence-award\\\/2026-3\\\/\"},{\"@type\":\"ListItem\",\"position\":5,\"name\":\"Why Enter?\"}]},{\"@type\":\"WebSite\",\"@id\":\"https:\\\/\\\/www.procarton.com\\\/es\\\/#website\",\"url\":\"https:\\\/\\\/www.procarton.com\\\/es\\\/\",\"name\":\"Pro Carton\",\"description\":\"\",\"publisher\":{\"@id\":\"https:\\\/\\\/www.procarton.com\\\/es\\\/#organization\"},\"potentialAction\":[{\"@type\":\"SearchAction\",\"target\":{\"@type\":\"EntryPoint\",\"urlTemplate\":\"https:\\\/\\\/www.procarton.com\\\/es\\\/?s={search_term_string}\"},\"query-input\":{\"@type\":\"PropertyValueSpecification\",\"valueRequired\":true,\"valueName\":\"search_term_string\"}}],\"inLanguage\":\"fr-FR\"},{\"@type\":\"Organization\",\"@id\":\"https:\\\/\\\/www.procarton.com\\\/es\\\/#organization\",\"name\":\"ProCarton\",\"url\":\"https:\\\/\\\/www.procarton.com\\\/es\\\/\",\"logo\":{\"@type\":\"ImageObject\",\"inLanguage\":\"fr-FR\",\"@id\":\"https:\\\/\\\/www.procarton.com\\\/es\\\/#\\\/schema\\\/logo\\\/image\\\/\",\"url\":\"https:\\\/\\\/www.procarton.com\\\/wp-content\\\/uploads\\\/2022\\\/06\\\/logo-mit-slogan.jpg\",\"contentUrl\":\"https:\\\/\\\/www.procarton.com\\\/wp-content\\\/uploads\\\/2022\\\/06\\\/logo-mit-slogan.jpg\",\"width\":422,\"height\":519,\"caption\":\"ProCarton\"},\"image\":{\"@id\":\"https:\\\/\\\/www.procarton.com\\\/es\\\/#\\\/schema\\\/logo\\\/image\\\/\"},\"sameAs\":[\"https:\\\/\\\/www.facebook.com\\\/procartondesignaward\\\/\",\"https:\\\/\\\/x.com\\\/pro_carton\"]}]}<\/script>\n<!-- \/ Yoast SEO plugin. -->","yoast_head_json":{"title":"Pourquoi participer ? - Carton Pro","description":"Pourquoi participer au European Carton Excellence Award 2024 ? Avantages pour les gagnants du Award en termes d'image, de marque et d'augmentation des ventes","robots":{"index":"index","follow":"follow","max-snippet":"max-snippet:-1","max-image-preview":"max-image-preview:large","max-video-preview":"max-video-preview:-1"},"canonical":"https:\/\/www.procarton.com\/fr\/awards\/european-carton-excellence-award\/2026-3\/why-enter\/","og_locale":"fr_FR","og_type":"article","og_title":"Why Enter? - Pro Carton","og_description":"Why Enter the European Carton Excellence Award 2024 ? Benefits for Award Winners in terms of image, branding and boost in sales","og_url":"https:\/\/www.procarton.com\/fr\/awards\/european-carton-excellence-award\/2026-3\/why-enter\/","og_site_name":"Pro Carton","article_publisher":"https:\/\/www.facebook.com\/procartondesignaward\/","article_modified_time":"2026-02-02T12:48:38+00:00","og_image":[{"width":1200,"height":900,"url":"https:\/\/www.procarton.com\/wp-content\/uploads\/2026\/01\/Pro-Carton-Logo-26-2-1.png","type":"image\/png"}],"twitter_card":"summary_large_image","twitter_site":"@pro_carton","twitter_misc":{"Dur\u00e9e de lecture estim\u00e9e":"3 minutes"},"schema":{"@context":"https:\/\/schema.org","@graph":[{"@type":"WebPage","@id":"https:\/\/www.procarton.com\/awards\/european-carton-excellence-award\/2026-3\/why-enter\/","url":"https:\/\/www.procarton.com\/awards\/european-carton-excellence-award\/2026-3\/why-enter\/","name":"Pourquoi participer ? - Carton Pro","isPartOf":{"@id":"https:\/\/www.procarton.com\/es\/#website"},"primaryImageOfPage":{"@id":"https:\/\/www.procarton.com\/awards\/european-carton-excellence-award\/2026-3\/why-enter\/#primaryimage"},"image":{"@id":"https:\/\/www.procarton.com\/awards\/european-carton-excellence-award\/2026-3\/why-enter\/#primaryimage"},"thumbnailUrl":"https:\/\/www.procarton.com\/wp-content\/uploads\/2026\/01\/Pro-Carton-Logo-26-2-1.png","datePublished":"2024-01-17T16:45:52+00:00","dateModified":"2026-02-02T12:48:38+00:00","description":"Pourquoi participer au European Carton Excellence Award 2024 ? Avantages pour les gagnants du Award en termes d'image, de marque et d'augmentation des ventes","breadcrumb":{"@id":"https:\/\/www.procarton.com\/awards\/european-carton-excellence-award\/2026-3\/why-enter\/#breadcrumb"},"inLanguage":"fr-FR","potentialAction":[{"@type":"ReadAction","target":["https:\/\/www.procarton.com\/awards\/european-carton-excellence-award\/2026-3\/why-enter\/"]}]},{"@type":"ImageObject","inLanguage":"fr-FR","@id":"https:\/\/www.procarton.com\/awards\/european-carton-excellence-award\/2026-3\/why-enter\/#primaryimage","url":"https:\/\/www.procarton.com\/wp-content\/uploads\/2026\/01\/Pro-Carton-Logo-26-2-1.png","contentUrl":"https:\/\/www.procarton.com\/wp-content\/uploads\/2026\/01\/Pro-Carton-Logo-26-2-1.png","width":1200,"height":900},{"@type":"BreadcrumbList","@id":"https:\/\/www.procarton.com\/awards\/european-carton-excellence-award\/2026-3\/why-enter\/#breadcrumb","itemListElement":[{"@type":"ListItem","position":1,"name":"Home","item":"https:\/\/www.procarton.com\/"},{"@type":"ListItem","position":2,"name":"Awards","item":"https:\/\/www.procarton.com\/awards\/"},{"@type":"ListItem","position":3,"name":"European Carton Excellence Award","item":"https:\/\/www.procarton.com\/awards\/european-carton-excellence-award\/"},{"@type":"ListItem","position":4,"name":"2026","item":"https:\/\/www.procarton.com\/awards\/european-carton-excellence-award\/2026-3\/"},{"@type":"ListItem","position":5,"name":"Why Enter?"}]},{"@type":"WebSite","@id":"https:\/\/www.procarton.com\/es\/#website","url":"https:\/\/www.procarton.com\/es\/","name":"Pro Carton","description":"","publisher":{"@id":"https:\/\/www.procarton.com\/es\/#organization"},"potentialAction":[{"@type":"SearchAction","target":{"@type":"EntryPoint","urlTemplate":"https:\/\/www.procarton.com\/es\/?s={search_term_string}"},"query-input":{"@type":"PropertyValueSpecification","valueRequired":true,"valueName":"search_term_string"}}],"inLanguage":"fr-FR"},{"@type":"Organization","@id":"https:\/\/www.procarton.com\/es\/#organization","name":"ProCarton","url":"https:\/\/www.procarton.com\/es\/","logo":{"@type":"ImageObject","inLanguage":"fr-FR","@id":"https:\/\/www.procarton.com\/es\/#\/schema\/logo\/image\/","url":"https:\/\/www.procarton.com\/wp-content\/uploads\/2022\/06\/logo-mit-slogan.jpg","contentUrl":"https:\/\/www.procarton.com\/wp-content\/uploads\/2022\/06\/logo-mit-slogan.jpg","width":422,"height":519,"caption":"ProCarton"},"image":{"@id":"https:\/\/www.procarton.com\/es\/#\/schema\/logo\/image\/"},"sameAs":["https:\/\/www.facebook.com\/procartondesignaward\/","https:\/\/x.com\/pro_carton"]}]}},"_links":{"self":[{"href":"https:\/\/www.procarton.com\/fr\/wp-json\/wp\/v2\/pages\/286974","targetHints":{"allow":["GET"]}}],"collection":[{"href":"https:\/\/www.procarton.com\/fr\/wp-json\/wp\/v2\/pages"}],"about":[{"href":"https:\/\/www.procarton.com\/fr\/wp-json\/wp\/v2\/types\/page"}],"author":[{"embeddable":true,"href":"https:\/\/www.procarton.com\/fr\/wp-json\/wp\/v2\/users\/1286"}],"replies":[{"embeddable":true,"href":"https:\/\/www.procarton.com\/fr\/wp-json\/wp\/v2\/comments?post=286974"}],"version-history":[{"count":30,"href":"https:\/\/www.procarton.com\/fr\/wp-json\/wp\/v2\/pages\/286974\/revisions"}],"predecessor-version":[{"id":307641,"href":"https:\/\/www.procarton.com\/fr\/wp-json\/wp\/v2\/pages\/286974\/revisions\/307641"}],"up":[{"embeddable":true,"href":"https:\/\/www.procarton.com\/fr\/wp-json\/wp\/v2\/pages\/307525"}],"wp:featuredmedia":[{"embeddable":true,"href":"https:\/\/www.procarton.com\/fr\/wp-json\/wp\/v2\/media\/307644"}],"wp:attachment":[{"href":"https:\/\/www.procarton.com\/fr\/wp-json\/wp\/v2\/media?parent=286974"}],"curies":[{"name":"wp","href":"https:\/\/api.w.org\/{rel}","templated":true}]}}