{"id":286973,"date":"2024-01-17T16:47:04","date_gmt":"2024-01-17T16:47:37","guid":{"rendered":"https:\/\/www.procarton.com\/?page_id=286973"},"modified":"2026-02-09T12:08:32","modified_gmt":"2026-02-09T12:08:32","slug":"rules-faqs-2024","status":"publish","type":"page","link":"https:\/\/www.procarton.com\/fr\/awards\/european-carton-excellence-award\/2026-3\/rules-faqs-2024\/","title":{"rendered":"Rules &amp; FAQs (2026)"},"content":{"rendered":"<div class=\"av-animated-generic top-to-bottom flex_column av_one_full  flex_column_div av-zero-column-padding first  avia-builder-el-0  el_before_av_one_fifth  avia-builder-el-first\" style='border-radius:0px; '>\n<section class=\"av_textblock_section\"  itemscope=\"itemscope\" itemtype=\"https:\/\/schema.org\/CreativeWork\" >\n<div class='avia_textblock'   itemprop=\"text\" >\n<h4>R\u00e8gles :<\/h4>\n<ul>\n<li>Toutes les entr\u00e9es doivent avoir \u00e9t\u00e9 fabriqu\u00e9es pour la vente.<\/li>\n<li>All entries must be manufactured on cartonboard produced by a Full Member or Associate Member of Pro Carton. .<\/li>\n<li>All entries must have been printed and converted by a direct or indirect ECMA or Pro Carton member, or by a member of a European national association.<\/li>\n<li>Vous devez vous assurer que vous indiquez correctement si votre inscription est faite \u00e0 partir de panneaux de fibres vierges ou de panneaux de fibres recycl\u00e9es. Une case \u00e0 cocher suppl\u00e9mentaire est pr\u00e9vue \u00e0 cet effet sur le formulaire d'inscription.<\/li>\n<li>All entries must be produced predominantly from cartonboard or cartonboard laminated to microflute (with a depth of 1.5mm or less) or risk being disqualified.<\/li>\n<li>Les bo\u00eetes rigides ou similaires fabriqu\u00e9es en recouvrant du carton (g\u00e9n\u00e9ralement du carton gris) de papier ou d'un mat\u00e9riau similaire NE SERONT PAS accept\u00e9es. Les bo\u00eetes fabriqu\u00e9es \u00e0 partir de carton ondul\u00e9 NE SERONT PAS accept\u00e9es. Les gobelets en papier seront accept\u00e9s.<\/li>\n<li>All entries must have been produced and manufactured for sale between 2023-2026. Mockups and prototypes are not eligible.<\/li>\n<li>Entrants may only request the return of samples in exceptional cases and will be responsible for any costs incurred.<\/li>\n<li>Les participants doivent fournir 6 \u00e9chantillons pour le jugement. Au moins un \u00e9chantillon doit contenir le produit \u00e0 juger. Cela n'est pas indispensable pour les produits p\u00e9rissables.<\/li>\n<li>Toutes les candidatures doivent \u00eatre soumises dans l'une des sept cat\u00e9gories principales. Les candidatures peuvent \u00eatre reclass\u00e9es \u00e0 la discr\u00e9tion des juges.<\/li>\n<li>Toutes les candidatures seront automatiquement prises en compte pour le vote public Award, \u00e0 moins que les participants ne choisissent explicitement de ne pas participer en indiquant leur pr\u00e9f\u00e9rence dans le formulaire de participation.<\/li>\n<li>Dans la mesure du possible, le nom du cartonnier ou du fabricant de carton ne doit pas figurer sur le carton. Si c'est le cas, il sera cach\u00e9 aux juges.<\/li>\n<li>Le participant est responsable de l'approbation du propri\u00e9taire de la marque.<\/li>\n<li>Pro Carton et l'ECMA et leurs soci\u00e9t\u00e9s membres respectives se r\u00e9servent le droit d'utiliser toutes les inscriptions \u00e0 des fins promotionnelles.<\/li>\n<\/ul>\n<\/div>\n<\/section>\n<section class=\"av_textblock_section\"  itemscope=\"itemscope\" itemtype=\"https:\/\/schema.org\/CreativeWork\" >\n<div class='avia_textblock'   itemprop=\"text\" >\n<h4>Qui peut participer ?<\/h4>\n<p>Tous les partenaires de la cha\u00eene d'approvisionnement peuvent soumettre des candidatures :<\/p>\n<ul>\n<li>Propri\u00e9taires de la marque<\/li>\n<li>D\u00e9taillants (marques priv\u00e9es)<\/li>\n<li>Designers<\/li>\n<li>Convertisseurs de cartons<\/li>\n<li>Producteurs \/ fabricants de carton<\/li>\n<\/ul>\n<p>Les participants peuvent soumettre un nombre illimit\u00e9 d'inscriptions.<\/p>\n<\/div>\n<\/section>\n<section class=\"av_textblock_section\"  itemscope=\"itemscope\" itemtype=\"https:\/\/schema.org\/CreativeWork\" >\n<div class='avia_textblock'   itemprop=\"text\" >\n<h4>Comment participer ?<\/h4>\n<p>Le texte saisi dans ce formulaire doit \u00eatre exact, car il sera utilis\u00e9 de mani\u00e8re coh\u00e9rente dans tous les documents relatifs aux prix et au marketing, y compris les communiqu\u00e9s de presse, les troph\u00e9es et les certificats. Une fois soumis, aucun changement ne peut \u00eatre effectu\u00e9. Nous vous demandons donc de lire attentivement les informations avant de finaliser votre inscription.<\/p>\n<ul>\n<li>Chaque candidature doit \u00eatre accompagn\u00e9e d'un texte descriptif et promotionnel de 200 mots maximum. Ce texte sera mentionn\u00e9 par les juges et pourra \u00eatre utilis\u00e9 lors du vote du public.<\/li>\n<li>Un minimum de 6 \u00e9chantillons, de pr\u00e9f\u00e9rence avec contenu, doit \u00eatre soumis pour \u00e9valuation, comprenant 3 \u00e0 5 photos (la photo principale soumise doit \u00eatre en format paysage) et une courte vid\u00e9o (facultative).  Si le contenu n'est pas disponible, veuillez le remplacer par un mannequin ou une photo pour donner une impression de l'emballage\/produit fini.<\/li>\n<li>Les formulaires d'inscription doivent \u00eatre remplis int\u00e9gralement et en anglais. Les textes soumis peuvent \u00eatre utilis\u00e9s dans le mat\u00e9riel de marketing et de promotion.<\/li>\n<li>Une copie sign\u00e9e du formulaire d'inscription, qui vous sera envoy\u00e9e par courrier \u00e9lectronique apr\u00e8s l'envoi, doit \u00eatre envoy\u00e9e avec les \u00e9chantillons d'inscription correspondants.  Cette copie sera utilis\u00e9e pour le processus d'\u00e9valuation et doit donc \u00eatre identique au formulaire d'inscription sign\u00e9 - aucun ajout ne sera accept\u00e9.<\/li>\n<\/ul>\n<\/div>\n<\/section>\n<\/div>\n<div class=\"av-animated-generic top-to-bottom flex_column av_one_fifth  flex_column_div av-zero-column-padding first  avia-builder-el-4  el_after_av_one_full  el_before_av_one_fifth  column-top-margin\" style='border-radius:0px; '><\/div>\n<div class=\"av-animated-generic top-to-bottom flex_column av_one_fifth  flex_column_div av-zero-column-padding   avia-builder-el-5  el_after_av_one_fifth  el_before_av_one_full  column-top-margin\" style='border-radius:0px; '><\/div>\n<div class=\"av-animated-generic top-to-bottom flex_column av_one_full  flex_column_div av-zero-column-padding first  avia-builder-el-6  el_after_av_one_fifth  avia-builder-el-last  column-top-margin\" style='border-radius:0px; '>\n<section class=\"av_textblock_section\"  itemscope=\"itemscope\" itemtype=\"https:\/\/schema.org\/CreativeWork\" >\n<div class='avia_textblock'   itemprop=\"text\" >\n<p style=\"text-align: center;\"><b>Un minimum de 6 \u00e9chantillons pour chaque inscription doit \u00eatre soigneusement emball\u00e9 et envoy\u00e9 \u00e0 l'adresse suivante :<\/b><\/p>\n<p style=\"text-align: center;\">Pro Carton\/ ECMA\/ Cepi<\/p>\n<p style=\"text-align: center;\">Brendan Khoo\/ Barbara Ginter<\/p>\n<p style=\"text-align: center;\">Avenue Louise 250<\/p>\n<p style=\"text-align: center;\">1050 Bruxelles,<\/p>\n<p style=\"text-align: center;\">Belgique<\/p>\n<p style=\"text-align: center;\"><strong>***<\/strong><\/p>\n<p style=\"text-align: center;\"><strong>***Physical samples must be received no later than 30th of May 2026***<\/strong><\/p>\n<p style=\"text-align: center;\"><strong>***<\/strong><\/p>\n<\/div>\n<\/section>\n<div  class='avia-image-container  av-styling-    avia-builder-el-8  el_after_av_textblock  el_before_av_textblock  avia-align-center'  itemprop=\"image\" itemscope=\"itemscope\" itemtype=\"https:\/\/schema.org\/ImageObject\"  >\n<div class='avia-image-container-inner'>\n<div class='avia-image-overlay-wrap'><img decoding=\"async\" width=\"1030\" height=\"579\" class='wp-image-307828 avia-img-lazy-loading-not-307828 avia_image' src=\"https:\/\/www.procarton.com\/wp-content\/uploads\/2026\/02\/2026-Time-WM-2-ECEA-2-1.png\" alt='' title='2026 Time WM 2 ECEA-2 (1)'  itemprop=\"thumbnailUrl\" srcset=\"https:\/\/www.procarton.com\/wp-content\/uploads\/2026\/02\/2026-Time-WM-2-ECEA-2-1.png 1030w, https:\/\/www.procarton.com\/wp-content\/uploads\/2026\/02\/2026-Time-WM-2-ECEA-2-1-300x169.png 300w, https:\/\/www.procarton.com\/wp-content\/uploads\/2026\/02\/2026-Time-WM-2-ECEA-2-1-768x432.png 768w, https:\/\/www.procarton.com\/wp-content\/uploads\/2026\/02\/2026-Time-WM-2-ECEA-2-1-18x10.png 18w, https:\/\/www.procarton.com\/wp-content\/uploads\/2026\/02\/2026-Time-WM-2-ECEA-2-1-705x396.png 705w\" sizes=\"(max-width: 1030px) 100vw, 1030px\" \/><\/div>\n<\/div>\n<\/div>\n<section class=\"av_textblock_section\"  itemscope=\"itemscope\" itemtype=\"https:\/\/schema.org\/CreativeWork\" >\n<div class='avia_textblock'   itemprop=\"text\" >\n<h4>Vote public Award<\/h4>\n<p>Les candidatures pr\u00e9s\u00e9lectionn\u00e9es seront soumises au processus de vote public, h\u00e9berg\u00e9 sur le site web de Pro Carton et promu sur les plateformes de m\u00e9dias sociaux de Pro Carton. Le vote est ouvert au public. Toute forme de manipulation des votes entra\u00eenera une disqualification.<\/p>\n<\/div>\n<\/section>\n<section class=\"av_textblock_section\"  itemscope=\"itemscope\" itemtype=\"https:\/\/schema.org\/CreativeWork\" >\n<div class='avia_textblock'   itemprop=\"text\" >\n<h4>QUESTIONS FR\u00c9QUEMMENT POS\u00c9ES (FAQ) :<\/h4>\n<\/div>\n<\/section>\n<div   class=\"togglecontainer   toggle_close_all  avia-builder-el-11  el_after_av_textblock  el_before_av_textblock\" >\n<section class=\"av_toggle_section\"  itemscope=\"itemscope\" itemtype=\"https:\/\/schema.org\/CreativeWork\"  >\n<div role=\"tablist\" class=\"single_toggle\" data-tags=\"{Tout} \"  >\n<p data-fake-id=\"#toggle-id-1\" class=\"toggler\"  itemprop=\"headline\"    role=\"tab\" tabindex=\"0\" aria-controls=\"toggle-id-1\">Pouvons-nous utiliser le mat\u00e9riel de marketing de Pro Carton ?<span class=\"toggle_icon\" >        <span class=\"vert_icon\"><\/span><span class=\"hor_icon\"><\/span><\/span><\/p>\n<div id=\"toggle-id-1\" class=\"toggle_wrap\"   >\n<div class=\"toggle_content invers-color\"  itemprop=\"text\"   >\n<p>Oui, vous pouvez utiliser toutes les photos, textes, vid\u00e9os, etc. \u00e0 des fins de marketing.<\/p>\n<\/p><\/div>\n<\/p><\/div>\n<\/p><\/div>\n<\/section>\n<section class=\"av_toggle_section\"  itemscope=\"itemscope\" itemtype=\"https:\/\/schema.org\/CreativeWork\"  >\n<div role=\"tablist\" class=\"single_toggle\" data-tags=\"{Tout} \"  >\n<p data-fake-id=\"#toggle-id-2\" class=\"toggler\"  itemprop=\"headline\"    role=\"tab\" tabindex=\"0\" aria-controls=\"toggle-id-2\">Quel est le co\u00fbt d'une entr\u00e9e ?<span class=\"toggle_icon\" >        <span class=\"vert_icon\"><\/span><span class=\"hor_icon\"><\/span><\/span><\/p>\n<div id=\"toggle-id-2\" class=\"toggle_wrap\"   >\n<div class=\"toggle_content invers-color\"  itemprop=\"text\"   >\n<p>Frais d'inscription : 250 EUR par entr\u00e9e ;<br \/>\nLa redevance doit \u00eatre pay\u00e9e \u00e0 la r\u00e9ception de la facture.<\/p>\n<\/p><\/div>\n<\/p><\/div>\n<\/p><\/div>\n<\/section>\n<section class=\"av_toggle_section\"  itemscope=\"itemscope\" itemtype=\"https:\/\/schema.org\/CreativeWork\"  >\n<div role=\"tablist\" class=\"single_toggle\" data-tags=\"{Tout} \"  >\n<p data-fake-id=\"#toggle-id-3\" class=\"toggler\"  itemprop=\"headline\"    role=\"tab\" tabindex=\"0\" aria-controls=\"toggle-id-3\">Quand les gagnants sont-ils annonc\u00e9s ?<span class=\"toggle_icon\" >        <span class=\"vert_icon\"><\/span><span class=\"hor_icon\"><\/span><\/span><\/p>\n<div id=\"toggle-id-3\" class=\"toggle_wrap\"   >\n<div class=\"toggle_content invers-color\"  itemprop=\"text\"   >\n<p>Winners will be announced at the Awards Gala on 17 September 2026 in Rome, Italy.<\/p>\n<\/p><\/div>\n<\/p><\/div>\n<\/p><\/div>\n<\/section>\n<\/div>\n<section class=\"av_textblock_section\"  itemscope=\"itemscope\" itemtype=\"https:\/\/schema.org\/CreativeWork\" >\n<div class='avia_textblock'   itemprop=\"text\" >\n<p><strong>These Rules were last updated on 31st January 2026.<\/strong><\/p>\n<\/div>\n<\/section>\n<\/div>","protected":false},"excerpt":{"rendered":"<p>Liste des r\u00e8gles applicables \u00e0 European Carton Excellence Award 2024 pour tous les participants au concours, d\u00e9taillant les conditions d'admissibilit\u00e9 et les modalit\u00e9s de participation<\/p>","protected":false},"author":1286,"featured_media":307644,"parent":307525,"menu_order":2,"comment_status":"closed","ping_status":"closed","template":"templates\/award_details_page.php","meta":{"inline_featured_image":false,"footnotes":""},"class_list":["post-286973","page","type-page","status-publish","has-post-thumbnail","hentry"],"yoast_head":"<!-- This site is optimized with the Yoast SEO plugin v27.3 - https:\/\/yoast.com\/product\/yoast-seo-wordpress\/ -->\n<title>Rules &amp; FAQs (2026) - Pro Carton<\/title>\n<meta name=\"description\" content=\"List of Rules and FAQs that apply to European Carton Excellence Award 2024 for all Entrants of the Competition also detailing How to Enter\" \/>\n<meta name=\"robots\" content=\"index, follow, max-snippet:-1, max-image-preview:large, max-video-preview:-1\" \/>\n<link rel=\"canonical\" href=\"https:\/\/www.procarton.com\/fr\/awards\/european-carton-excellence-award\/2026-3\/rules-faqs-2024\/\" \/>\n<meta property=\"og:locale\" content=\"fr_FR\" \/>\n<meta property=\"og:type\" content=\"article\" \/>\n<meta property=\"og:title\" content=\"Rules &amp; FAQs (2026) - Pro Carton\" \/>\n<meta property=\"og:description\" content=\"List of Rules and FAQs that apply to European Carton Excellence Award 2024 for all Entrants of the Competition also detailing How to Enter\" \/>\n<meta property=\"og:url\" content=\"https:\/\/www.procarton.com\/fr\/awards\/european-carton-excellence-award\/2026-3\/rules-faqs-2024\/\" \/>\n<meta property=\"og:site_name\" content=\"Pro Carton\" \/>\n<meta property=\"article:publisher\" content=\"https:\/\/www.facebook.com\/procartondesignaward\/\" \/>\n<meta property=\"article:modified_time\" content=\"2026-02-09T12:08:32+00:00\" \/>\n<meta property=\"og:image\" content=\"https:\/\/www.procarton.com\/wp-content\/uploads\/2026\/01\/Pro-Carton-Logo-26-2-1.png\" \/>\n\t<meta property=\"og:image:width\" content=\"1200\" \/>\n\t<meta property=\"og:image:height\" content=\"900\" \/>\n\t<meta property=\"og:image:type\" content=\"image\/png\" \/>\n<meta name=\"twitter:card\" content=\"summary_large_image\" \/>\n<meta name=\"twitter:site\" content=\"@pro_carton\" \/>\n<meta name=\"twitter:label1\" content=\"Dur\u00e9e de lecture estim\u00e9e\" \/>\n\t<meta name=\"twitter:data1\" content=\"5 minutes\" \/>\n<script type=\"application\/ld+json\" class=\"yoast-schema-graph\">{\"@context\":\"https:\\\/\\\/schema.org\",\"@graph\":[{\"@type\":\"WebPage\",\"@id\":\"https:\\\/\\\/www.procarton.com\\\/awards\\\/european-carton-excellence-award\\\/2026-3\\\/rules-faqs-2024\\\/\",\"url\":\"https:\\\/\\\/www.procarton.com\\\/awards\\\/european-carton-excellence-award\\\/2026-3\\\/rules-faqs-2024\\\/\",\"name\":\"Rules &amp; FAQs (2026) - Pro Carton\",\"isPartOf\":{\"@id\":\"https:\\\/\\\/www.procarton.com\\\/es\\\/#website\"},\"primaryImageOfPage\":{\"@id\":\"https:\\\/\\\/www.procarton.com\\\/awards\\\/european-carton-excellence-award\\\/2026-3\\\/rules-faqs-2024\\\/#primaryimage\"},\"image\":{\"@id\":\"https:\\\/\\\/www.procarton.com\\\/awards\\\/european-carton-excellence-award\\\/2026-3\\\/rules-faqs-2024\\\/#primaryimage\"},\"thumbnailUrl\":\"https:\\\/\\\/www.procarton.com\\\/wp-content\\\/uploads\\\/2026\\\/01\\\/Pro-Carton-Logo-26-2-1.png\",\"datePublished\":\"2024-01-17T16:47:37+00:00\",\"dateModified\":\"2026-02-09T12:08:32+00:00\",\"description\":\"List of Rules and FAQs that apply to European Carton Excellence Award 2024 for all Entrants of the Competition also detailing How to Enter\",\"breadcrumb\":{\"@id\":\"https:\\\/\\\/www.procarton.com\\\/awards\\\/european-carton-excellence-award\\\/2026-3\\\/rules-faqs-2024\\\/#breadcrumb\"},\"inLanguage\":\"fr-FR\",\"potentialAction\":[{\"@type\":\"ReadAction\",\"target\":[\"https:\\\/\\\/www.procarton.com\\\/awards\\\/european-carton-excellence-award\\\/2026-3\\\/rules-faqs-2024\\\/\"]}]},{\"@type\":\"ImageObject\",\"inLanguage\":\"fr-FR\",\"@id\":\"https:\\\/\\\/www.procarton.com\\\/awards\\\/european-carton-excellence-award\\\/2026-3\\\/rules-faqs-2024\\\/#primaryimage\",\"url\":\"https:\\\/\\\/www.procarton.com\\\/wp-content\\\/uploads\\\/2026\\\/01\\\/Pro-Carton-Logo-26-2-1.png\",\"contentUrl\":\"https:\\\/\\\/www.procarton.com\\\/wp-content\\\/uploads\\\/2026\\\/01\\\/Pro-Carton-Logo-26-2-1.png\",\"width\":1200,\"height\":900},{\"@type\":\"BreadcrumbList\",\"@id\":\"https:\\\/\\\/www.procarton.com\\\/awards\\\/european-carton-excellence-award\\\/2026-3\\\/rules-faqs-2024\\\/#breadcrumb\",\"itemListElement\":[{\"@type\":\"ListItem\",\"position\":1,\"name\":\"Home\",\"item\":\"https:\\\/\\\/www.procarton.com\\\/\"},{\"@type\":\"ListItem\",\"position\":2,\"name\":\"Awards\",\"item\":\"https:\\\/\\\/www.procarton.com\\\/awards\\\/\"},{\"@type\":\"ListItem\",\"position\":3,\"name\":\"European Carton Excellence Award\",\"item\":\"https:\\\/\\\/www.procarton.com\\\/awards\\\/european-carton-excellence-award\\\/\"},{\"@type\":\"ListItem\",\"position\":4,\"name\":\"2026\",\"item\":\"https:\\\/\\\/www.procarton.com\\\/awards\\\/european-carton-excellence-award\\\/2026-3\\\/\"},{\"@type\":\"ListItem\",\"position\":5,\"name\":\"Rules &amp; FAQs (2026)\"}]},{\"@type\":\"WebSite\",\"@id\":\"https:\\\/\\\/www.procarton.com\\\/es\\\/#website\",\"url\":\"https:\\\/\\\/www.procarton.com\\\/es\\\/\",\"name\":\"Pro Carton\",\"description\":\"\",\"publisher\":{\"@id\":\"https:\\\/\\\/www.procarton.com\\\/es\\\/#organization\"},\"potentialAction\":[{\"@type\":\"SearchAction\",\"target\":{\"@type\":\"EntryPoint\",\"urlTemplate\":\"https:\\\/\\\/www.procarton.com\\\/es\\\/?s={search_term_string}\"},\"query-input\":{\"@type\":\"PropertyValueSpecification\",\"valueRequired\":true,\"valueName\":\"search_term_string\"}}],\"inLanguage\":\"fr-FR\"},{\"@type\":\"Organization\",\"@id\":\"https:\\\/\\\/www.procarton.com\\\/es\\\/#organization\",\"name\":\"ProCarton\",\"url\":\"https:\\\/\\\/www.procarton.com\\\/es\\\/\",\"logo\":{\"@type\":\"ImageObject\",\"inLanguage\":\"fr-FR\",\"@id\":\"https:\\\/\\\/www.procarton.com\\\/es\\\/#\\\/schema\\\/logo\\\/image\\\/\",\"url\":\"https:\\\/\\\/www.procarton.com\\\/wp-content\\\/uploads\\\/2022\\\/06\\\/logo-mit-slogan.jpg\",\"contentUrl\":\"https:\\\/\\\/www.procarton.com\\\/wp-content\\\/uploads\\\/2022\\\/06\\\/logo-mit-slogan.jpg\",\"width\":422,\"height\":519,\"caption\":\"ProCarton\"},\"image\":{\"@id\":\"https:\\\/\\\/www.procarton.com\\\/es\\\/#\\\/schema\\\/logo\\\/image\\\/\"},\"sameAs\":[\"https:\\\/\\\/www.facebook.com\\\/procartondesignaward\\\/\",\"https:\\\/\\\/x.com\\\/pro_carton\"]}]}<\/script>\n<!-- \/ Yoast SEO plugin. -->","yoast_head_json":{"title":"Rules &amp; FAQs (2026) - Pro Carton","description":"Liste des r\u00e8gles et des FAQ applicables \u00e0 European Carton Excellence Award 2024 pour tous les participants au concours, d\u00e9taillant \u00e9galement les modalit\u00e9s de participation.","robots":{"index":"index","follow":"follow","max-snippet":"max-snippet:-1","max-image-preview":"max-image-preview:large","max-video-preview":"max-video-preview:-1"},"canonical":"https:\/\/www.procarton.com\/fr\/awards\/european-carton-excellence-award\/2026-3\/rules-faqs-2024\/","og_locale":"fr_FR","og_type":"article","og_title":"Rules &amp; FAQs (2026) - Pro Carton","og_description":"List of Rules and FAQs that apply to European Carton Excellence Award 2024 for all Entrants of the Competition also detailing How to Enter","og_url":"https:\/\/www.procarton.com\/fr\/awards\/european-carton-excellence-award\/2026-3\/rules-faqs-2024\/","og_site_name":"Pro Carton","article_publisher":"https:\/\/www.facebook.com\/procartondesignaward\/","article_modified_time":"2026-02-09T12:08:32+00:00","og_image":[{"width":1200,"height":900,"url":"https:\/\/www.procarton.com\/wp-content\/uploads\/2026\/01\/Pro-Carton-Logo-26-2-1.png","type":"image\/png"}],"twitter_card":"summary_large_image","twitter_site":"@pro_carton","twitter_misc":{"Dur\u00e9e de lecture estim\u00e9e":"5 minutes"},"schema":{"@context":"https:\/\/schema.org","@graph":[{"@type":"WebPage","@id":"https:\/\/www.procarton.com\/awards\/european-carton-excellence-award\/2026-3\/rules-faqs-2024\/","url":"https:\/\/www.procarton.com\/awards\/european-carton-excellence-award\/2026-3\/rules-faqs-2024\/","name":"Rules &amp; FAQs (2026) - Pro Carton","isPartOf":{"@id":"https:\/\/www.procarton.com\/es\/#website"},"primaryImageOfPage":{"@id":"https:\/\/www.procarton.com\/awards\/european-carton-excellence-award\/2026-3\/rules-faqs-2024\/#primaryimage"},"image":{"@id":"https:\/\/www.procarton.com\/awards\/european-carton-excellence-award\/2026-3\/rules-faqs-2024\/#primaryimage"},"thumbnailUrl":"https:\/\/www.procarton.com\/wp-content\/uploads\/2026\/01\/Pro-Carton-Logo-26-2-1.png","datePublished":"2024-01-17T16:47:37+00:00","dateModified":"2026-02-09T12:08:32+00:00","description":"Liste des r\u00e8gles et des FAQ applicables \u00e0 European Carton Excellence Award 2024 pour tous les participants au concours, d\u00e9taillant \u00e9galement les modalit\u00e9s de participation.","breadcrumb":{"@id":"https:\/\/www.procarton.com\/awards\/european-carton-excellence-award\/2026-3\/rules-faqs-2024\/#breadcrumb"},"inLanguage":"fr-FR","potentialAction":[{"@type":"ReadAction","target":["https:\/\/www.procarton.com\/awards\/european-carton-excellence-award\/2026-3\/rules-faqs-2024\/"]}]},{"@type":"ImageObject","inLanguage":"fr-FR","@id":"https:\/\/www.procarton.com\/awards\/european-carton-excellence-award\/2026-3\/rules-faqs-2024\/#primaryimage","url":"https:\/\/www.procarton.com\/wp-content\/uploads\/2026\/01\/Pro-Carton-Logo-26-2-1.png","contentUrl":"https:\/\/www.procarton.com\/wp-content\/uploads\/2026\/01\/Pro-Carton-Logo-26-2-1.png","width":1200,"height":900},{"@type":"BreadcrumbList","@id":"https:\/\/www.procarton.com\/awards\/european-carton-excellence-award\/2026-3\/rules-faqs-2024\/#breadcrumb","itemListElement":[{"@type":"ListItem","position":1,"name":"Home","item":"https:\/\/www.procarton.com\/"},{"@type":"ListItem","position":2,"name":"Awards","item":"https:\/\/www.procarton.com\/awards\/"},{"@type":"ListItem","position":3,"name":"European Carton Excellence Award","item":"https:\/\/www.procarton.com\/awards\/european-carton-excellence-award\/"},{"@type":"ListItem","position":4,"name":"2026","item":"https:\/\/www.procarton.com\/awards\/european-carton-excellence-award\/2026-3\/"},{"@type":"ListItem","position":5,"name":"Rules &amp; FAQs (2026)"}]},{"@type":"WebSite","@id":"https:\/\/www.procarton.com\/es\/#website","url":"https:\/\/www.procarton.com\/es\/","name":"Pro Carton","description":"","publisher":{"@id":"https:\/\/www.procarton.com\/es\/#organization"},"potentialAction":[{"@type":"SearchAction","target":{"@type":"EntryPoint","urlTemplate":"https:\/\/www.procarton.com\/es\/?s={search_term_string}"},"query-input":{"@type":"PropertyValueSpecification","valueRequired":true,"valueName":"search_term_string"}}],"inLanguage":"fr-FR"},{"@type":"Organization","@id":"https:\/\/www.procarton.com\/es\/#organization","name":"ProCarton","url":"https:\/\/www.procarton.com\/es\/","logo":{"@type":"ImageObject","inLanguage":"fr-FR","@id":"https:\/\/www.procarton.com\/es\/#\/schema\/logo\/image\/","url":"https:\/\/www.procarton.com\/wp-content\/uploads\/2022\/06\/logo-mit-slogan.jpg","contentUrl":"https:\/\/www.procarton.com\/wp-content\/uploads\/2022\/06\/logo-mit-slogan.jpg","width":422,"height":519,"caption":"ProCarton"},"image":{"@id":"https:\/\/www.procarton.com\/es\/#\/schema\/logo\/image\/"},"sameAs":["https:\/\/www.facebook.com\/procartondesignaward\/","https:\/\/x.com\/pro_carton"]}]}},"_links":{"self":[{"href":"https:\/\/www.procarton.com\/fr\/wp-json\/wp\/v2\/pages\/286973","targetHints":{"allow":["GET"]}}],"collection":[{"href":"https:\/\/www.procarton.com\/fr\/wp-json\/wp\/v2\/pages"}],"about":[{"href":"https:\/\/www.procarton.com\/fr\/wp-json\/wp\/v2\/types\/page"}],"author":[{"embeddable":true,"href":"https:\/\/www.procarton.com\/fr\/wp-json\/wp\/v2\/users\/1286"}],"replies":[{"embeddable":true,"href":"https:\/\/www.procarton.com\/fr\/wp-json\/wp\/v2\/comments?post=286973"}],"version-history":[{"count":47,"href":"https:\/\/www.procarton.com\/fr\/wp-json\/wp\/v2\/pages\/286973\/revisions"}],"predecessor-version":[{"id":307649,"href":"https:\/\/www.procarton.com\/fr\/wp-json\/wp\/v2\/pages\/286973\/revisions\/307649"}],"up":[{"embeddable":true,"href":"https:\/\/www.procarton.com\/fr\/wp-json\/wp\/v2\/pages\/307525"}],"wp:featuredmedia":[{"embeddable":true,"href":"https:\/\/www.procarton.com\/fr\/wp-json\/wp\/v2\/media\/307644"}],"wp:attachment":[{"href":"https:\/\/www.procarton.com\/fr\/wp-json\/wp\/v2\/media?parent=286973"}],"curies":[{"name":"wp","href":"https:\/\/api.w.org\/{rel}","templated":true}]}}