{"id":279432,"date":"2022-06-27T08:05:23","date_gmt":"2022-06-27T07:05:23","guid":{"rendered":"https:\/\/www.procarton.com\/?page_id=279432"},"modified":"2023-09-21T22:30:24","modified_gmt":"2023-09-21T21:30:24","slug":"2023-2","status":"publish","type":"page","link":"https:\/\/www.procarton.com\/fr\/awards\/pro-carton-student-video-award\/2023-2\/","title":{"rendered":"2023"},"content":{"rendered":"<div class=\"av-animated-generic top-to-bottom flex_column av_one_full  flex_column_div av-zero-column-padding first  avia-builder-el-0  el_before_av_hr  avia-builder-el-first\" style='border-radius:0px; '><section class=\"av_textblock_section\"  itemscope=\"itemscope\" itemtype=\"https:\/\/schema.org\/CreativeWork\" ><div class='avia_textblock'   itemprop=\"text\" ><h3 style=\"text-align: center;\">...Et c'est fini pour les Pro Carton Student Video Awards 2023 !<\/h3>\n<\/div><\/section><\/div>\r\n\r\n<div  style='height:50px' class='hr hr-invisible   avia-builder-el-2  el_after_av_one_full  el_before_av_three_fifth'><span class='hr-inner' ><span class='hr-inner-style'><\/span><\/span><\/div>\r\n\r\n<div class=\"av-animated-generic top-to-bottom flex_column av_three_fifth  flex_column_div av-zero-column-padding first  avia-builder-el-3  el_after_av_hr  el_before_av_two_fifth\" style='border-radius:0px; '><section class=\"av_textblock_section\"  itemscope=\"itemscope\" itemtype=\"https:\/\/schema.org\/CreativeWork\" ><div class='avia_textblock'   itemprop=\"text\" ><p>Cette ann\u00e9e, le Pro Carton Student Video Award a mis en valeur le talent et la cr\u00e9ativit\u00e9 incroyables d'\u00e9tudiants de toute l'Europe. Ce concours annuel, qui en est \u00e0 sa troisi\u00e8me \u00e9dition, c\u00e9l\u00e8bre l'art de raconter des histoires par le biais de la vid\u00e9o, en mettant l'accent sur la durabilit\u00e9, l'emballage et l'innovation.<\/p>\n<p>Les participants au prix de cette ann\u00e9e ont d\u00e9montr\u00e9 leur capacit\u00e9 \u00e0 transmettre des messages et des id\u00e9es fortes, en utilisant le m\u00e9dium de la vid\u00e9o pour relever des d\u00e9fis urgents en mati\u00e8re d'environnement et d'emballage. Nous tenons \u00e0 remercier et \u00e0 f\u00e9liciter tous les \u00e9tudiants talentueux qui ont particip\u00e9 au concours de cette ann\u00e9e ; vos vid\u00e9os ont mis en lumi\u00e8re des questions importantes et ont le potentiel de susciter des changements positifs dans l'industrie.<\/p>\n<p>Nous sommes impatients de voir d'autres travaux incroyables en 2024 !<\/p>\n<p>Prenez contact avec nous : <a href=\"mailto:videoaward@procarton.com\">videoaward@procarton.com<\/a><\/p>\n<\/div><\/section>\n<div  class='avia-button-wrap avia-button-center  avia-builder-el-5  el_after_av_textblock  avia-builder-el-last' ><a href='https:\/\/www.procarton.com\/awards\/pro-carton-student-video-award\/2023-2\/winners\/' class='avia-button  avia-color-theme-color   avia-icon_select-no avia-size-small avia-position-center' target=\"_blank\" rel=\"noopener noreferrer\"><span class='avia_iconbox_title' >D\u00e9couvrez les laur\u00e9ats de la PCSVA 2023<\/span><\/a><\/div><\/div>\r\n\r\n<div class=\"av-animated-generic top-to-bottom flex_column av_two_fifth  flex_column_div av-zero-column-padding   avia-builder-el-6  el_after_av_three_fifth  avia-builder-el-last\" style='border-radius:0px; '><div  class='avia-image-container  av-styling-    avia-builder-el-7  el_before_av_button  avia-builder-el-first  avia-align-center'  itemprop=\"image\" itemscope=\"itemscope\" itemtype=\"https:\/\/schema.org\/ImageObject\"  ><div class='avia-image-container-inner'><div class='avia-image-overlay-wrap'><a href=\"https:\/\/www.procarton.com\/wp-content\/uploads\/2023\/09\/2023-Pro-Carton-Award-Winners-Brochure.pdf\" class='avia_image' target=\"_blank\" rel=\"noopener noreferrer\"><img decoding=\"async\" width=\"199\" height=\"300\" class='wp-image-291950 avia-img-lazy-loading-not-291950 avia_image' src=\"https:\/\/www.procarton.com\/wp-content\/uploads\/2023\/09\/2023-Awards-Winners-Brochure-Front-Page-199x300.png\" alt='' title='2023 Awards Brochure des gagnants Page de garde'  itemprop=\"thumbnailUrl\" srcset=\"https:\/\/www.procarton.com\/wp-content\/uploads\/2023\/09\/2023-Awards-Winners-Brochure-Front-Page-199x300.png 199w, https:\/\/www.procarton.com\/wp-content\/uploads\/2023\/09\/2023-Awards-Winners-Brochure-Front-Page-8x12.png 8w, https:\/\/www.procarton.com\/wp-content\/uploads\/2023\/09\/2023-Awards-Winners-Brochure-Front-Page-467x705.png 467w, https:\/\/www.procarton.com\/wp-content\/uploads\/2023\/09\/2023-Awards-Winners-Brochure-Front-Page.png 553w\" sizes=\"(max-width: 199px) 100vw, 199px\" \/><\/a><\/div><\/div><\/div>\n<div  class='avia-button-wrap avia-button-center  avia-builder-el-8  el_after_av_image  el_before_av_hr' ><a href='https:\/\/www.procarton.com\/wp-content\/uploads\/2023\/09\/2023-Pro-Carton-Award-Winners-Brochure.pdf' class='avia-button  avia-color-theme-color   avia-icon_select-no avia-size-small avia-position-center' target=\"_blank\" rel=\"noopener noreferrer\"><span class='avia_iconbox_title' >2023 Awards Brochure<\/span><\/a><\/div>\n<div  style='height:50px' class='hr hr-invisible   avia-builder-el-9  el_after_av_button  el_before_av_image'><span class='hr-inner' ><span class='hr-inner-style'><\/span><\/span><\/div>\n<div  class='avia-image-container  av-styling-no-styling    avia-builder-el-10  el_after_av_hr  avia-builder-el-last  avia-align-center'  itemprop=\"image\" itemscope=\"itemscope\" itemtype=\"https:\/\/schema.org\/ImageObject\"  ><div class='avia-image-container-inner'><div class='avia-image-overlay-wrap'><img decoding=\"async\" width=\"1024\" height=\"768\" class='wp-image-291983 avia-img-lazy-loading-not-291983 avia_image' src=\"https:\/\/www.procarton.com\/wp-content\/uploads\/2023\/09\/PCSVA-2023-Winners-2023-09-21-at-19.48.50.jpg\" alt='' title='PCSVA 2023 Winners 2023-09-21 \u00e0 19.48.50'  itemprop=\"thumbnailUrl\" srcset=\"https:\/\/www.procarton.com\/wp-content\/uploads\/2023\/09\/PCSVA-2023-Winners-2023-09-21-at-19.48.50.jpg 1024w, https:\/\/www.procarton.com\/wp-content\/uploads\/2023\/09\/PCSVA-2023-Winners-2023-09-21-at-19.48.50-300x225.jpg 300w, https:\/\/www.procarton.com\/wp-content\/uploads\/2023\/09\/PCSVA-2023-Winners-2023-09-21-at-19.48.50-768x576.jpg 768w, https:\/\/www.procarton.com\/wp-content\/uploads\/2023\/09\/PCSVA-2023-Winners-2023-09-21-at-19.48.50-16x12.jpg 16w, https:\/\/www.procarton.com\/wp-content\/uploads\/2023\/09\/PCSVA-2023-Winners-2023-09-21-at-19.48.50-705x529.jpg 705w\" sizes=\"(max-width: 1024px) 100vw, 1024px\" \/><\/div><\/div><\/div><\/div><!-- \/wp:post-content -->","protected":false},"excerpt":{"rendered":"","protected":false},"author":868,"featured_media":279440,"parent":243709,"menu_order":3,"comment_status":"closed","ping_status":"closed","template":"templates\/award_details_page.php","meta":{"inline_featured_image":false,"footnotes":""},"class_list":["post-279432","page","type-page","status-publish","has-post-thumbnail","hentry"],"yoast_head":"<!-- This site is optimized with the Yoast SEO plugin v27.3 - https:\/\/yoast.com\/product\/yoast-seo-wordpress\/ -->\n<title>2023 - Pro Carton<\/title>\n<meta name=\"robots\" content=\"index, follow, max-snippet:-1, max-image-preview:large, max-video-preview:-1\" \/>\n<link rel=\"canonical\" href=\"https:\/\/www.procarton.com\/fr\/awards\/pro-carton-student-video-award\/2023-2\/\" \/>\n<meta property=\"og:locale\" content=\"fr_FR\" \/>\n<meta property=\"og:type\" content=\"article\" \/>\n<meta property=\"og:title\" content=\"2023 - Pro Carton\" \/>\n<meta property=\"og:url\" content=\"https:\/\/www.procarton.com\/fr\/awards\/pro-carton-student-video-award\/2023-2\/\" \/>\n<meta property=\"og:site_name\" content=\"Pro Carton\" \/>\n<meta property=\"article:publisher\" content=\"https:\/\/www.facebook.com\/procartondesignaward\/\" \/>\n<meta property=\"article:modified_time\" content=\"2023-09-21T21:30:24+00:00\" \/>\n<meta property=\"og:image\" content=\"https:\/\/www.procarton.com\/wp-content\/uploads\/2022\/06\/PCSVA23_Header-top-right.png\" \/>\n\t<meta property=\"og:image:width\" content=\"1920\" \/>\n\t<meta property=\"og:image:height\" content=\"1080\" \/>\n\t<meta property=\"og:image:type\" content=\"image\/png\" \/>\n<meta name=\"twitter:card\" content=\"summary_large_image\" \/>\n<meta name=\"twitter:site\" content=\"@pro_carton\" \/>\n<meta name=\"twitter:label1\" content=\"Dur\u00e9e de lecture estim\u00e9e\" \/>\n\t<meta name=\"twitter:data1\" content=\"2 minutes\" \/>\n<script type=\"application\/ld+json\" class=\"yoast-schema-graph\">{\"@context\":\"https:\\\/\\\/schema.org\",\"@graph\":[{\"@type\":\"WebPage\",\"@id\":\"https:\\\/\\\/www.procarton.com\\\/awards\\\/pro-carton-student-video-award\\\/2023-2\\\/\",\"url\":\"https:\\\/\\\/www.procarton.com\\\/awards\\\/pro-carton-student-video-award\\\/2023-2\\\/\",\"name\":\"2023 - Pro Carton\",\"isPartOf\":{\"@id\":\"https:\\\/\\\/www.procarton.com\\\/es\\\/#website\"},\"primaryImageOfPage\":{\"@id\":\"https:\\\/\\\/www.procarton.com\\\/awards\\\/pro-carton-student-video-award\\\/2023-2\\\/#primaryimage\"},\"image\":{\"@id\":\"https:\\\/\\\/www.procarton.com\\\/awards\\\/pro-carton-student-video-award\\\/2023-2\\\/#primaryimage\"},\"thumbnailUrl\":\"https:\\\/\\\/www.procarton.com\\\/wp-content\\\/uploads\\\/2022\\\/06\\\/PCSVA23_Header-top-right.png\",\"datePublished\":\"2022-06-27T07:05:23+00:00\",\"dateModified\":\"2023-09-21T21:30:24+00:00\",\"breadcrumb\":{\"@id\":\"https:\\\/\\\/www.procarton.com\\\/awards\\\/pro-carton-student-video-award\\\/2023-2\\\/#breadcrumb\"},\"inLanguage\":\"fr-FR\",\"potentialAction\":[{\"@type\":\"ReadAction\",\"target\":[\"https:\\\/\\\/www.procarton.com\\\/awards\\\/pro-carton-student-video-award\\\/2023-2\\\/\"]}]},{\"@type\":\"ImageObject\",\"inLanguage\":\"fr-FR\",\"@id\":\"https:\\\/\\\/www.procarton.com\\\/awards\\\/pro-carton-student-video-award\\\/2023-2\\\/#primaryimage\",\"url\":\"https:\\\/\\\/www.procarton.com\\\/wp-content\\\/uploads\\\/2022\\\/06\\\/PCSVA23_Header-top-right.png\",\"contentUrl\":\"https:\\\/\\\/www.procarton.com\\\/wp-content\\\/uploads\\\/2022\\\/06\\\/PCSVA23_Header-top-right.png\",\"width\":1920,\"height\":1080},{\"@type\":\"BreadcrumbList\",\"@id\":\"https:\\\/\\\/www.procarton.com\\\/awards\\\/pro-carton-student-video-award\\\/2023-2\\\/#breadcrumb\",\"itemListElement\":[{\"@type\":\"ListItem\",\"position\":1,\"name\":\"Home\",\"item\":\"https:\\\/\\\/www.procarton.com\\\/\"},{\"@type\":\"ListItem\",\"position\":2,\"name\":\"Awards\",\"item\":\"https:\\\/\\\/www.procarton.com\\\/awards\\\/\"},{\"@type\":\"ListItem\",\"position\":3,\"name\":\"Pro Carton Student Video Award\",\"item\":\"https:\\\/\\\/www.procarton.com\\\/awards\\\/pro-carton-student-video-award\\\/\"},{\"@type\":\"ListItem\",\"position\":4,\"name\":\"2023\"}]},{\"@type\":\"WebSite\",\"@id\":\"https:\\\/\\\/www.procarton.com\\\/es\\\/#website\",\"url\":\"https:\\\/\\\/www.procarton.com\\\/es\\\/\",\"name\":\"Pro Carton\",\"description\":\"\",\"publisher\":{\"@id\":\"https:\\\/\\\/www.procarton.com\\\/es\\\/#organization\"},\"potentialAction\":[{\"@type\":\"SearchAction\",\"target\":{\"@type\":\"EntryPoint\",\"urlTemplate\":\"https:\\\/\\\/www.procarton.com\\\/es\\\/?s={search_term_string}\"},\"query-input\":{\"@type\":\"PropertyValueSpecification\",\"valueRequired\":true,\"valueName\":\"search_term_string\"}}],\"inLanguage\":\"fr-FR\"},{\"@type\":\"Organization\",\"@id\":\"https:\\\/\\\/www.procarton.com\\\/es\\\/#organization\",\"name\":\"ProCarton\",\"url\":\"https:\\\/\\\/www.procarton.com\\\/es\\\/\",\"logo\":{\"@type\":\"ImageObject\",\"inLanguage\":\"fr-FR\",\"@id\":\"https:\\\/\\\/www.procarton.com\\\/es\\\/#\\\/schema\\\/logo\\\/image\\\/\",\"url\":\"https:\\\/\\\/www.procarton.com\\\/wp-content\\\/uploads\\\/2022\\\/06\\\/logo-mit-slogan.jpg\",\"contentUrl\":\"https:\\\/\\\/www.procarton.com\\\/wp-content\\\/uploads\\\/2022\\\/06\\\/logo-mit-slogan.jpg\",\"width\":422,\"height\":519,\"caption\":\"ProCarton\"},\"image\":{\"@id\":\"https:\\\/\\\/www.procarton.com\\\/es\\\/#\\\/schema\\\/logo\\\/image\\\/\"},\"sameAs\":[\"https:\\\/\\\/www.facebook.com\\\/procartondesignaward\\\/\",\"https:\\\/\\\/x.com\\\/pro_carton\"]}]}<\/script>\n<!-- \/ Yoast SEO plugin. -->","yoast_head_json":{"title":"2023 - Carton Pro","robots":{"index":"index","follow":"follow","max-snippet":"max-snippet:-1","max-image-preview":"max-image-preview:large","max-video-preview":"max-video-preview:-1"},"canonical":"https:\/\/www.procarton.com\/fr\/awards\/pro-carton-student-video-award\/2023-2\/","og_locale":"fr_FR","og_type":"article","og_title":"2023 - Pro Carton","og_url":"https:\/\/www.procarton.com\/fr\/awards\/pro-carton-student-video-award\/2023-2\/","og_site_name":"Pro Carton","article_publisher":"https:\/\/www.facebook.com\/procartondesignaward\/","article_modified_time":"2023-09-21T21:30:24+00:00","og_image":[{"width":1920,"height":1080,"url":"https:\/\/www.procarton.com\/wp-content\/uploads\/2022\/06\/PCSVA23_Header-top-right.png","type":"image\/png"}],"twitter_card":"summary_large_image","twitter_site":"@pro_carton","twitter_misc":{"Dur\u00e9e de lecture estim\u00e9e":"2 minutes"},"schema":{"@context":"https:\/\/schema.org","@graph":[{"@type":"WebPage","@id":"https:\/\/www.procarton.com\/awards\/pro-carton-student-video-award\/2023-2\/","url":"https:\/\/www.procarton.com\/awards\/pro-carton-student-video-award\/2023-2\/","name":"2023 - Carton Pro","isPartOf":{"@id":"https:\/\/www.procarton.com\/es\/#website"},"primaryImageOfPage":{"@id":"https:\/\/www.procarton.com\/awards\/pro-carton-student-video-award\/2023-2\/#primaryimage"},"image":{"@id":"https:\/\/www.procarton.com\/awards\/pro-carton-student-video-award\/2023-2\/#primaryimage"},"thumbnailUrl":"https:\/\/www.procarton.com\/wp-content\/uploads\/2022\/06\/PCSVA23_Header-top-right.png","datePublished":"2022-06-27T07:05:23+00:00","dateModified":"2023-09-21T21:30:24+00:00","breadcrumb":{"@id":"https:\/\/www.procarton.com\/awards\/pro-carton-student-video-award\/2023-2\/#breadcrumb"},"inLanguage":"fr-FR","potentialAction":[{"@type":"ReadAction","target":["https:\/\/www.procarton.com\/awards\/pro-carton-student-video-award\/2023-2\/"]}]},{"@type":"ImageObject","inLanguage":"fr-FR","@id":"https:\/\/www.procarton.com\/awards\/pro-carton-student-video-award\/2023-2\/#primaryimage","url":"https:\/\/www.procarton.com\/wp-content\/uploads\/2022\/06\/PCSVA23_Header-top-right.png","contentUrl":"https:\/\/www.procarton.com\/wp-content\/uploads\/2022\/06\/PCSVA23_Header-top-right.png","width":1920,"height":1080},{"@type":"BreadcrumbList","@id":"https:\/\/www.procarton.com\/awards\/pro-carton-student-video-award\/2023-2\/#breadcrumb","itemListElement":[{"@type":"ListItem","position":1,"name":"Home","item":"https:\/\/www.procarton.com\/"},{"@type":"ListItem","position":2,"name":"Awards","item":"https:\/\/www.procarton.com\/awards\/"},{"@type":"ListItem","position":3,"name":"Pro Carton Student Video Award","item":"https:\/\/www.procarton.com\/awards\/pro-carton-student-video-award\/"},{"@type":"ListItem","position":4,"name":"2023"}]},{"@type":"WebSite","@id":"https:\/\/www.procarton.com\/es\/#website","url":"https:\/\/www.procarton.com\/es\/","name":"Pro Carton","description":"","publisher":{"@id":"https:\/\/www.procarton.com\/es\/#organization"},"potentialAction":[{"@type":"SearchAction","target":{"@type":"EntryPoint","urlTemplate":"https:\/\/www.procarton.com\/es\/?s={search_term_string}"},"query-input":{"@type":"PropertyValueSpecification","valueRequired":true,"valueName":"search_term_string"}}],"inLanguage":"fr-FR"},{"@type":"Organization","@id":"https:\/\/www.procarton.com\/es\/#organization","name":"ProCarton","url":"https:\/\/www.procarton.com\/es\/","logo":{"@type":"ImageObject","inLanguage":"fr-FR","@id":"https:\/\/www.procarton.com\/es\/#\/schema\/logo\/image\/","url":"https:\/\/www.procarton.com\/wp-content\/uploads\/2022\/06\/logo-mit-slogan.jpg","contentUrl":"https:\/\/www.procarton.com\/wp-content\/uploads\/2022\/06\/logo-mit-slogan.jpg","width":422,"height":519,"caption":"ProCarton"},"image":{"@id":"https:\/\/www.procarton.com\/es\/#\/schema\/logo\/image\/"},"sameAs":["https:\/\/www.facebook.com\/procartondesignaward\/","https:\/\/x.com\/pro_carton"]}]}},"_links":{"self":[{"href":"https:\/\/www.procarton.com\/fr\/wp-json\/wp\/v2\/pages\/279432","targetHints":{"allow":["GET"]}}],"collection":[{"href":"https:\/\/www.procarton.com\/fr\/wp-json\/wp\/v2\/pages"}],"about":[{"href":"https:\/\/www.procarton.com\/fr\/wp-json\/wp\/v2\/types\/page"}],"author":[{"embeddable":true,"href":"https:\/\/www.procarton.com\/fr\/wp-json\/wp\/v2\/users\/868"}],"replies":[{"embeddable":true,"href":"https:\/\/www.procarton.com\/fr\/wp-json\/wp\/v2\/comments?post=279432"}],"version-history":[{"count":46,"href":"https:\/\/www.procarton.com\/fr\/wp-json\/wp\/v2\/pages\/279432\/revisions"}],"predecessor-version":[{"id":292023,"href":"https:\/\/www.procarton.com\/fr\/wp-json\/wp\/v2\/pages\/279432\/revisions\/292023"}],"up":[{"embeddable":true,"href":"https:\/\/www.procarton.com\/fr\/wp-json\/wp\/v2\/pages\/243709"}],"wp:featuredmedia":[{"embeddable":true,"href":"https:\/\/www.procarton.com\/fr\/wp-json\/wp\/v2\/media\/279440"}],"wp:attachment":[{"href":"https:\/\/www.procarton.com\/fr\/wp-json\/wp\/v2\/media?parent=279432"}],"curies":[{"name":"wp","href":"https:\/\/api.w.org\/{rel}","templated":true}]}}