{"id":276248,"date":"2022-03-31T14:20:48","date_gmt":"2022-03-31T13:20:48","guid":{"rendered":"https:\/\/www.procarton.com\/awards\/european-carton-excellence-award\/2017-2\/introduction\/"},"modified":"2022-03-31T14:25:41","modified_gmt":"2022-03-31T13:25:41","slug":"introduction","status":"publish","type":"page","link":"https:\/\/www.procarton.com\/fr\/awards\/european-carton-excellence-award\/2017-2\/introduction\/","title":{"rendered":"Introduction"},"content":{"rendered":"<div class=\"av-animated-generic top-to-bottom flex_column av_two_third  flex_column_div av-zero-column-padding first  avia-builder-el-0  el_before_av_one_third  avia-builder-el-first\" style='border-radius:0px; '>\n<section class=\"av_textblock_section\"  itemscope=\"itemscope\" itemtype=\"https:\/\/schema.org\/CreativeWork\" >\n<div class='avia_textblock'   itemprop=\"text\" >\n<div class=\"container main-content\" data-page-id=\"193210\">\n<div class=\"clearfix\">\n<div id=\"primary\" class=\"content-area col-sm-9\">\n<div id=\"content\" class=\"site-content\" role=\"main\">\n<p>Le niveau des candidatures pour le Carton Excellence Awards 2017 \u00e9tait probablement le meilleur que nous ayons jamais vu. Le niveau d'originalit\u00e9 et d'excellence technique \u00e9tait exceptionnel et il est bon de voir que notre port\u00e9e continue de s'\u00e9largir puisque nous avons eu des entr\u00e9es de 15 pays diff\u00e9rents cette ann\u00e9e.<\/p>\n<p>Cela ne peut \u00eatre qu'une bonne nouvelle, non seulement pour notre industrie mais aussi pour tous ceux qui croient fermement que l'emballage fait partie d'un avenir durable. \u00c0 l'occasion du 21e anniversaire du Awards, les cartons n'ont jamais \u00e9t\u00e9 aussi pertinents, ils ont certainement atteint la maturit\u00e9 !<\/p>\n<p>Nous avons apport\u00e9 des changements significatifs au Awards cette ann\u00e9e afin de reconna\u00eetre et de promouvoir davantage l'excellence au sein de l'industrie du carton.<\/p>\n<p><strong>Nouveau nom :<\/strong><\/p>\n<p>Les prix ont un nouveau look et un nouveau nom. Un nom qui d\u00e9crit de mani\u00e8re appropri\u00e9e et succincte ce qu'ils sont : les European Carton Excellence Awards.<\/p>\n<p>Nous pensons que ce nom plus simple et plus convivial pour le consommateur nous aidera \u00e0 promouvoir les prix et les laur\u00e9ats de mani\u00e8re encore plus \u00e9tendue \u00e0 l'avenir. Les organisateurs du Award restent inchang\u00e9s. Il s'agit des deux associations professionnelles de l'industrie du carton et du carton plat, Pro Carton et ECMA.<\/p>\n<p><strong>Nouveau prix :<\/strong><\/p>\n<p>Pour la premi\u00e8re fois dans l'histoire du concours, nous avons invit\u00e9 le public \u00e0 voter pour le meilleur carton. Le gagnant de cette nouvelle cat\u00e9gorie recevra le Public Award. Les 37 finalistes ont \u00e9t\u00e9 inclus et tout le monde pouvait voter.<\/p>\n<p>Cela a ouvert le Awards \u00e0 un nouveau public, ce qui ne peut que nous aider \u00e0 d\u00e9montrer \u00e0 quel point les cartons peuvent \u00eatre fonctionnels et attrayants.<\/p>\n<p><strong>Nouvelles cat\u00e9gories :<\/strong><\/p>\n<p>Il y a deux nouveaux prix, qui \u00e9taient auparavant des prix sp\u00e9ciaux plut\u00f4t que des cat\u00e9gories \u00e0 part enti\u00e8re. Le prix Save the Planet Award sera d\u00e9cern\u00e9 \u00e0 un carton qui fait preuve d'un engagement exceptionnel en faveur de l'environnement, tandis que le prix Innovation Award r\u00e9compensera la cr\u00e9ativit\u00e9 et l'excellence technique. Cela nous donne l'occasion de reconna\u00eetre et de c\u00e9l\u00e9brer tous les finalistes et pas seulement les gagnants.<\/p>\n<p><strong>Nouveau jury :<\/strong><\/p>\n<p>Nous avons maintenu notre politique de s\u00e9lection de juges issus de l'ensemble de la cha\u00eene d'approvisionnement afin de pouvoir prendre en compte les besoins du march\u00e9, mais aussi de garantir un bon niveau de connaissances techniques sur la construction et l'impression des cartons :<\/p>\n<ul>\n<li>Satkar Gidda (Design, SiebertHead) a pr\u00e9sid\u00e9 le jury \u00e0 sa mani\u00e8re, avec son expertise en mati\u00e8re de leadership de marque.<\/li>\n<li>Cette ann\u00e9e, nous avons accueilli dans le jury un nouveau juge, le Dr Janet Shipton (consultant, Packknack). Janet a apport\u00e9 une nouvelle perspective qui a enrichi les travaux du jury.<\/li>\n<li>Susanne Lippitsch (Design, SL-Design) a ajout\u00e9 son exp\u00e9rience sp\u00e9cifique en tant que designer \u00e0 succ\u00e8s et conf\u00e9renci\u00e8re en design.<\/li>\n<li>Lotte Krekels (Retail, Carrefour Belgium) a examin\u00e9 les entr\u00e9es en particulier du point de vue du merchandising et de l'impact sur les rayons.<\/li>\n<li>Wilfried Duivenvoorden (propri\u00e9taire de marque, Unilever) a accord\u00e9 une attention particuli\u00e8re aux besoins des propri\u00e9taires de marque en termes d'attrait pour les consommateurs, de fonctionnalit\u00e9 et de communication de la marque.<\/li>\n<li>Peter Klein Sprokkelhorst (consultant, conseiller du jury) a donn\u00e9 des conseils sur les attributs techniques des concepts soumis.<\/li>\n<\/ul>\n<p>Nous tenons \u00e0 les remercier tous pour leurs efforts consid\u00e9rables !<\/p>\n<p>Comme toujours, nous avons pr\u00e9par\u00e9 un dossier complet de marketing et de relations publiques \u00e0 l'intention des m\u00e9dias et de tous les laur\u00e9ats. Vous pouvez trouver toutes les informations sur ce site web ainsi que sur les diff\u00e9rentes plateformes de m\u00e9dias sociaux.\u00a0<a href=\"https:\/\/www.facebook.com\/procartoneurope\/\">Facebook<\/a>,\u00a0<a href=\"https:\/\/twitter.com\/Pro_Carton\">Twitter<\/a>,\u00a0<a href=\"https:\/\/de.pinterest.com\/procarton\/\">Pinterest<\/a>,\u00a0<a href=\"https:\/\/www.instagram.com\/pro_carton\/\">Instagram\u00a0<\/a>et\u00a0<a href=\"http:\/\/www.linkedin.com\/company\/pro-carton\">Linkedin<\/a>Nous vous invitons \u00e0 partager, \u00e0 aimer et \u00e0 communiquer !<\/p>\n<p>Enfin, merci \u00e0 tous les finalistes et bien s\u00fbr, toutes nos f\u00e9licitations aux gagnants !<\/p>\n<p><em>Roland Rex, Pr\u00e9sident Pro Carton Andreas Blaschke, Pr\u00e9sident ECMA<\/em><\/p>\n<p><strong>Message du directeur g\u00e9n\u00e9ral de Pro Carton<\/strong><br \/>\nLe concours European Carton Excellence Awards est le point culminant de l'ann\u00e9e pour l'industrie du carton et le nombre et le niveau des inscriptions ne font que renforcer cette opinion. Un grand merci \u00e0 tous les participants, le travail du jury devient plus difficile chaque ann\u00e9e. Pendant ce temps, son petit fr\u00e8re, le Pro Carton Young Designers Award, va de mieux en mieux. Avec plus de 170 participants de 16 pays, il est d\u00e9sormais solidement \u00e9tabli dans de nombreuses \u00e9coles de design et fait partie de leur programme annuel. En fait, 46 coll\u00e8ges ont particip\u00e9 cette ann\u00e9e, de loin le plus grand nombre jamais atteint, ce qui, esp\u00e9rons-le, s'av\u00e9rera \u00eatre une riche source de talents potentiels pour l'avenir.<\/p>\n<p>Les qualit\u00e9s environnementales du carton ont une fois de plus \u00e9t\u00e9 reconnues dans l'\u00e9tude Sustain ability in Packaging men\u00e9e aupr\u00e8s des propri\u00e9taires de marques \u00e0 travers l'Europe, alors que le plastique continue de faire l'objet d'une pression croissante de la part des ONG et des m\u00e9dias. Le probl\u00e8me des d\u00e9chets plastiques est, bien s\u00fbr, une pr\u00e9occupation pour tout le monde et nous pouvons tous faire notre part pour \u00e9viter que la situation ne s'aggrave. J'invite \u00e9galement les propri\u00e9taires de marques \u00e0 utiliser, dans la mesure du possible, un mat\u00e9riau d'emballage durable plut\u00f4t qu'un mat\u00e9riau non durable. Le carton est l'un des rares mat\u00e9riaux renouvelables et biod\u00e9gradables et, bien s\u00fbr, il peut m\u00eame \u00eatre recycl\u00e9 en cartons !<\/p>\n<p>Nous avons ajout\u00e9 un certain nombre de nouvelles fonctionnalit\u00e9s au site Web de Pro Carton au cours des derniers mois afin d'en faire un site de r\u00e9f\u00e9rence et d'opinion encore plus utile. Outre les d\u00e9tails des diverses activit\u00e9s entreprises par Pro Carton, on y trouve \u00e9galement de nombreux articles, rapports et documents de r\u00e9f\u00e9rence. Le site contient \u00e9galement un certain nombre d'infographies diff\u00e9rentes que vous pourrez, je l'esp\u00e8re, utiliser avec vos clients et coll\u00e8gues. N'h\u00e9sitez pas \u00e0 utiliser le site web, il est l\u00e0 pour vous aider ainsi que pour promouvoir notre industrie.<\/p>\n<p>Enfin, je voudrais vous demander de nous aider \u00e0 diffuser notre message. Le carton est probablement le mat\u00e9riau d'emballage le plus durable qui soit. Les cartons peuvent \u00e9galement communiquer les valeurs d'une marque comme aucun autre et, une fois de plus, les prix ont montr\u00e9 \u00e0 quel point ils peuvent \u00eatre fantastiques, qu'il s'agisse d'une marque \"quotidienne\" ou \"de luxe\". La pertinence et l'ad\u00e9quation des cartons dans la soci\u00e9t\u00e9 d'aujourd'hui n'ont jamais \u00e9t\u00e9 aussi grandes.<\/p>\n<p>Veuillez partager le message.<br \/>\nCARTONS - DES EMBALLAGES POUR UN MONDE MEILLEUR.<\/p>\n<p><em>Tony Hitchin, directeur g\u00e9n\u00e9ral, Pro Carton<\/em><\/p>\n<\/div>\n<\/div>\n<div class=\"right_image_container col-sm-3 right_image_container_small\">\n<div class=\"row image_container_row no-padding\">\n<div class=\"col-xs-12\">\n<div class=\"caption_container\"><\/div>\n<\/div>\n<\/div>\n<\/div>\n<\/div>\n<\/div>\n<footer>\n<div class=\"top-footer\">\n<div class=\"container text-center\">\n<div class=\"row\">\n<div class=\"col-lg-4 col-lg-offset-4\"><\/div>\n<\/div>\n<\/div>\n<\/div>\n<\/footer>\n<\/div>\n<\/section>\n<\/div>\n<div class=\"av-animated-generic top-to-bottom flex_column av_one_third  flex_column_div av-zero-column-padding   avia-builder-el-2  el_after_av_two_third  avia-builder-el-last\" style='border-radius:0px; '>\n<div  class='avia-image-container  av-styling-no-styling    avia-builder-el-3  avia-builder-el-no-sibling  avia-align-'  itemprop=\"image\" itemscope=\"itemscope\" itemtype=\"https:\/\/schema.org\/ImageObject\"  >\n<div class='avia-image-container-inner'>\n<div class='avia-image-overlay-wrap'><img decoding=\"async\" width=\"73\" height=\"300\" class='wp-image-258600 avia-img-lazy-loading-not-258600 avia_image' src=\"https:\/\/www.procarton.com\/wp-content\/uploads\/2021\/03\/presidents-and-manager-73x300.jpeg\" alt='' title='pr\u00e9sidents et directeurs'  itemprop=\"thumbnailUrl\" srcset=\"https:\/\/www.procarton.com\/wp-content\/uploads\/2021\/03\/presidents-and-manager-73x300.jpeg 73w, https:\/\/www.procarton.com\/wp-content\/uploads\/2021\/03\/presidents-and-manager-3x12.jpeg 3w\" sizes=\"(max-width: 73px) 100vw, 73px\" \/><\/div>\n<\/div>\n<\/div>\n<\/div>","protected":false},"excerpt":{"rendered":"","protected":false},"author":868,"featured_media":0,"parent":258273,"menu_order":0,"comment_status":"closed","ping_status":"closed","template":"templates\/award_details_page.php","meta":{"inline_featured_image":false,"footnotes":""},"class_list":["post-276248","page","type-page","status-publish","hentry"],"yoast_head":"<!-- This site is optimized with the Yoast SEO plugin v27.4 - https:\/\/yoast.com\/product\/yoast-seo-wordpress\/ -->\n<title>Introduction - Pro Carton<\/title>\n<meta name=\"robots\" content=\"index, follow, max-snippet:-1, max-image-preview:large, max-video-preview:-1\" \/>\n<link rel=\"canonical\" href=\"https:\/\/www.procarton.com\/fr\/awards\/european-carton-excellence-award\/2017-2\/introduction\/\" \/>\n<meta property=\"og:locale\" content=\"fr_FR\" \/>\n<meta property=\"og:type\" content=\"article\" \/>\n<meta property=\"og:title\" content=\"Introduction - Pro Carton\" \/>\n<meta property=\"og:url\" content=\"https:\/\/www.procarton.com\/fr\/awards\/european-carton-excellence-award\/2017-2\/introduction\/\" \/>\n<meta property=\"og:site_name\" content=\"Pro Carton\" \/>\n<meta property=\"article:publisher\" content=\"https:\/\/www.facebook.com\/procartondesignaward\/\" \/>\n<meta property=\"article:modified_time\" content=\"2022-03-31T13:25:41+00:00\" \/>\n<meta name=\"twitter:card\" content=\"summary_large_image\" \/>\n<meta name=\"twitter:site\" content=\"@pro_carton\" \/>\n<meta name=\"twitter:label1\" content=\"Dur\u00e9e de lecture estim\u00e9e\" \/>\n\t<meta name=\"twitter:data1\" content=\"7 minutes\" \/>\n<script type=\"application\/ld+json\" class=\"yoast-schema-graph\">{\"@context\":\"https:\\\/\\\/schema.org\",\"@graph\":[{\"@type\":\"WebPage\",\"@id\":\"https:\\\/\\\/www.procarton.com\\\/es\\\/awards\\\/european-carton-excellence-award\\\/2017-2\\\/introduction\\\/\",\"url\":\"https:\\\/\\\/www.procarton.com\\\/es\\\/awards\\\/european-carton-excellence-award\\\/2017-2\\\/introduction\\\/\",\"name\":\"Introduction - Pro Carton\",\"isPartOf\":{\"@id\":\"https:\\\/\\\/www.procarton.com\\\/es\\\/#website\"},\"datePublished\":\"2022-03-31T13:20:48+00:00\",\"dateModified\":\"2022-03-31T13:25:41+00:00\",\"breadcrumb\":{\"@id\":\"https:\\\/\\\/www.procarton.com\\\/es\\\/awards\\\/european-carton-excellence-award\\\/2017-2\\\/introduction\\\/#breadcrumb\"},\"inLanguage\":\"fr-FR\",\"potentialAction\":[{\"@type\":\"ReadAction\",\"target\":[\"https:\\\/\\\/www.procarton.com\\\/es\\\/awards\\\/european-carton-excellence-award\\\/2017-2\\\/introduction\\\/\"]}]},{\"@type\":\"BreadcrumbList\",\"@id\":\"https:\\\/\\\/www.procarton.com\\\/es\\\/awards\\\/european-carton-excellence-award\\\/2017-2\\\/introduction\\\/#breadcrumb\",\"itemListElement\":[{\"@type\":\"ListItem\",\"position\":1,\"name\":\"Home\",\"item\":\"https:\\\/\\\/www.procarton.com\\\/\"},{\"@type\":\"ListItem\",\"position\":2,\"name\":\"Awards\",\"item\":\"https:\\\/\\\/www.procarton.com\\\/awards\\\/\"},{\"@type\":\"ListItem\",\"position\":3,\"name\":\"European Carton Excellence Award\",\"item\":\"https:\\\/\\\/www.procarton.com\\\/awards\\\/european-carton-excellence-award\\\/\"},{\"@type\":\"ListItem\",\"position\":4,\"name\":\"2017\",\"item\":\"http:\\\/\\\/www.procarton.com\\\/fr\\\/awards\\\/european-carton-excellence-award\\\/2017-2\\\/\"},{\"@type\":\"ListItem\",\"position\":5,\"name\":\"Introduction\"}]},{\"@type\":\"WebSite\",\"@id\":\"https:\\\/\\\/www.procarton.com\\\/es\\\/#website\",\"url\":\"https:\\\/\\\/www.procarton.com\\\/es\\\/\",\"name\":\"Pro Carton\",\"description\":\"\",\"publisher\":{\"@id\":\"https:\\\/\\\/www.procarton.com\\\/es\\\/#organization\"},\"potentialAction\":[{\"@type\":\"SearchAction\",\"target\":{\"@type\":\"EntryPoint\",\"urlTemplate\":\"https:\\\/\\\/www.procarton.com\\\/es\\\/?s={search_term_string}\"},\"query-input\":{\"@type\":\"PropertyValueSpecification\",\"valueRequired\":true,\"valueName\":\"search_term_string\"}}],\"inLanguage\":\"fr-FR\"},{\"@type\":\"Organization\",\"@id\":\"https:\\\/\\\/www.procarton.com\\\/es\\\/#organization\",\"name\":\"ProCarton\",\"url\":\"https:\\\/\\\/www.procarton.com\\\/es\\\/\",\"logo\":{\"@type\":\"ImageObject\",\"inLanguage\":\"fr-FR\",\"@id\":\"https:\\\/\\\/www.procarton.com\\\/es\\\/#\\\/schema\\\/logo\\\/image\\\/\",\"url\":\"https:\\\/\\\/www.procarton.com\\\/wp-content\\\/uploads\\\/2022\\\/06\\\/logo-mit-slogan.jpg\",\"contentUrl\":\"https:\\\/\\\/www.procarton.com\\\/wp-content\\\/uploads\\\/2022\\\/06\\\/logo-mit-slogan.jpg\",\"width\":422,\"height\":519,\"caption\":\"ProCarton\"},\"image\":{\"@id\":\"https:\\\/\\\/www.procarton.com\\\/es\\\/#\\\/schema\\\/logo\\\/image\\\/\"},\"sameAs\":[\"https:\\\/\\\/www.facebook.com\\\/procartondesignaward\\\/\",\"https:\\\/\\\/x.com\\\/pro_carton\"]}]}<\/script>\n<!-- \/ Yoast SEO plugin. -->","yoast_head_json":{"title":"Introduction - Pro Carton","robots":{"index":"index","follow":"follow","max-snippet":"max-snippet:-1","max-image-preview":"max-image-preview:large","max-video-preview":"max-video-preview:-1"},"canonical":"https:\/\/www.procarton.com\/fr\/awards\/european-carton-excellence-award\/2017-2\/introduction\/","og_locale":"fr_FR","og_type":"article","og_title":"Introduction - Pro Carton","og_url":"https:\/\/www.procarton.com\/fr\/awards\/european-carton-excellence-award\/2017-2\/introduction\/","og_site_name":"Pro Carton","article_publisher":"https:\/\/www.facebook.com\/procartondesignaward\/","article_modified_time":"2022-03-31T13:25:41+00:00","twitter_card":"summary_large_image","twitter_site":"@pro_carton","twitter_misc":{"Dur\u00e9e de lecture estim\u00e9e":"7 minutes"},"schema":{"@context":"https:\/\/schema.org","@graph":[{"@type":"WebPage","@id":"https:\/\/www.procarton.com\/es\/awards\/european-carton-excellence-award\/2017-2\/introduction\/","url":"https:\/\/www.procarton.com\/es\/awards\/european-carton-excellence-award\/2017-2\/introduction\/","name":"Introduction - Pro Carton","isPartOf":{"@id":"https:\/\/www.procarton.com\/es\/#website"},"datePublished":"2022-03-31T13:20:48+00:00","dateModified":"2022-03-31T13:25:41+00:00","breadcrumb":{"@id":"https:\/\/www.procarton.com\/es\/awards\/european-carton-excellence-award\/2017-2\/introduction\/#breadcrumb"},"inLanguage":"fr-FR","potentialAction":[{"@type":"ReadAction","target":["https:\/\/www.procarton.com\/es\/awards\/european-carton-excellence-award\/2017-2\/introduction\/"]}]},{"@type":"BreadcrumbList","@id":"https:\/\/www.procarton.com\/es\/awards\/european-carton-excellence-award\/2017-2\/introduction\/#breadcrumb","itemListElement":[{"@type":"ListItem","position":1,"name":"Home","item":"https:\/\/www.procarton.com\/"},{"@type":"ListItem","position":2,"name":"Awards","item":"https:\/\/www.procarton.com\/awards\/"},{"@type":"ListItem","position":3,"name":"European Carton Excellence Award","item":"https:\/\/www.procarton.com\/awards\/european-carton-excellence-award\/"},{"@type":"ListItem","position":4,"name":"2017","item":"http:\/\/www.procarton.com\/fr\/awards\/european-carton-excellence-award\/2017-2\/"},{"@type":"ListItem","position":5,"name":"Introduction"}]},{"@type":"WebSite","@id":"https:\/\/www.procarton.com\/es\/#website","url":"https:\/\/www.procarton.com\/es\/","name":"Pro Carton","description":"","publisher":{"@id":"https:\/\/www.procarton.com\/es\/#organization"},"potentialAction":[{"@type":"SearchAction","target":{"@type":"EntryPoint","urlTemplate":"https:\/\/www.procarton.com\/es\/?s={search_term_string}"},"query-input":{"@type":"PropertyValueSpecification","valueRequired":true,"valueName":"search_term_string"}}],"inLanguage":"fr-FR"},{"@type":"Organization","@id":"https:\/\/www.procarton.com\/es\/#organization","name":"ProCarton","url":"https:\/\/www.procarton.com\/es\/","logo":{"@type":"ImageObject","inLanguage":"fr-FR","@id":"https:\/\/www.procarton.com\/es\/#\/schema\/logo\/image\/","url":"https:\/\/www.procarton.com\/wp-content\/uploads\/2022\/06\/logo-mit-slogan.jpg","contentUrl":"https:\/\/www.procarton.com\/wp-content\/uploads\/2022\/06\/logo-mit-slogan.jpg","width":422,"height":519,"caption":"ProCarton"},"image":{"@id":"https:\/\/www.procarton.com\/es\/#\/schema\/logo\/image\/"},"sameAs":["https:\/\/www.facebook.com\/procartondesignaward\/","https:\/\/x.com\/pro_carton"]}]}},"_links":{"self":[{"href":"https:\/\/www.procarton.com\/fr\/wp-json\/wp\/v2\/pages\/276248","targetHints":{"allow":["GET"]}}],"collection":[{"href":"https:\/\/www.procarton.com\/fr\/wp-json\/wp\/v2\/pages"}],"about":[{"href":"https:\/\/www.procarton.com\/fr\/wp-json\/wp\/v2\/types\/page"}],"author":[{"embeddable":true,"href":"https:\/\/www.procarton.com\/fr\/wp-json\/wp\/v2\/users\/868"}],"replies":[{"embeddable":true,"href":"https:\/\/www.procarton.com\/fr\/wp-json\/wp\/v2\/comments?post=276248"}],"version-history":[{"count":4,"href":"https:\/\/www.procarton.com\/fr\/wp-json\/wp\/v2\/pages\/276248\/revisions"}],"predecessor-version":[{"id":276250,"href":"https:\/\/www.procarton.com\/fr\/wp-json\/wp\/v2\/pages\/276248\/revisions\/276250"}],"up":[{"embeddable":true,"href":"https:\/\/www.procarton.com\/fr\/wp-json\/wp\/v2\/pages\/258273"}],"wp:attachment":[{"href":"https:\/\/www.procarton.com\/fr\/wp-json\/wp\/v2\/media?parent=276248"}],"curies":[{"name":"wp","href":"https:\/\/api.w.org\/{rel}","templated":true}]}}