{"id":276237,"date":"2022-03-31T13:56:58","date_gmt":"2022-03-31T12:56:58","guid":{"rendered":"https:\/\/www.procarton.com\/awards\/european-carton-excellence-award\/2018-2\/introduction\/"},"modified":"2022-03-31T14:06:00","modified_gmt":"2022-03-31T13:06:00","slug":"introduction","status":"publish","type":"page","link":"https:\/\/www.procarton.com\/fr\/awards\/european-carton-excellence-award\/2018-2\/introduction\/","title":{"rendered":"Introduction"},"content":{"rendered":"<div class=\"av-animated-generic top-to-bottom flex_column av_two_third  flex_column_div av-zero-column-padding first  avia-builder-el-0  el_before_av_one_third  avia-builder-el-first\" style='border-radius:0px; '>\n<section class=\"av_textblock_section\"  itemscope=\"itemscope\" itemtype=\"https:\/\/schema.org\/CreativeWork\" >\n<div class='avia_textblock'   itemprop=\"text\" >\n<p>Le salon European Carton Excellence Award est l'\u00e9v\u00e9nement phare de l'industrie europ\u00e9enne du carton et des cartons. Chaque ann\u00e9e, le large \u00e9ventail et les capacit\u00e9s de l'industrie sont mis sous les projecteurs, \u00e0 juste titre. Le prix refl\u00e8te clairement les tendances et les innovations actuelles sur le march\u00e9 de l'emballage.<\/p>\n<p>Les solutions r\u00e9ussies en carton sont l'avenir dans la plupart des domaines. En effet, le carton est l'un des mat\u00e9riaux les plus durables et l'un des meilleurs lorsqu'il s'agit de communiquer les valeurs d'une marque, qu'il s'agisse de marques de luxe ou de produits courants.<\/p>\n<p>Cette ann\u00e9e, des changements importants ont \u00e9t\u00e9 apport\u00e9s pour reconna\u00eetre et promouvoir l'excellence de l'industrie du carton. Avant tout, nous avons reclass\u00e9 les cat\u00e9gories pour refl\u00e9ter la taille des secteurs du march\u00e9, pour reconna\u00eetre la cr\u00e9ativit\u00e9 structurelle et les qualit\u00e9s esth\u00e9tiques des emballages et pour souligner la nature durable de nos produits.<\/p>\n<p>Comme toujours, le jury \u00e9tait issu de tous les secteurs de la cha\u00eene d'approvisionnement afin de refl\u00e9ter les exigences des march\u00e9s. Nous profitons de l'occasion pour remercier tous les jur\u00e9s d'avoir rempli leur t\u00e2che difficile ! Andrea Bottan, de Nestl\u00e9, a fait son entr\u00e9e dans le jury cette ann\u00e9e. Avec le pr\u00e9sident du jury, Satkar Gidda, de SiebertHead (soci\u00e9t\u00e9 internationale de conseil en design de marques et d'emballages), Lotte Krekels, de Carrefour, et la designer Susanne Lippitsch, ils ont s\u00e9lectionn\u00e9 les gagnants et les finalistes.<\/p>\n<p>Nous sommes convaincus que le carton et les cartons deviendront le support d'emballage le plus utilis\u00e9 au cours de la prochaine d\u00e9cennie. Le design, la structure et la fonctionnalit\u00e9 des solutions soumises ont montr\u00e9 ce qui est possible avec le carton. Le prix supr\u00eame europ\u00e9en de l'emballage carton offre d'\u00e9normes avantages aux entreprises participantes, non seulement en termes de publicit\u00e9 positive, mais aussi en termes de motivation des employ\u00e9s.<\/p>\n<p>Le Award b\u00e9n\u00e9ficie d'une grande attention dans toute l'Europe. En outre, il b\u00e9n\u00e9ficie d'un important soutien marketing - couverture de presse nationale et internationale, m\u00e9dias sociaux, e-marketing, vid\u00e9os, photos, relations publiques sectorielles, site web, brochures et, bien s\u00fbr, les certificats et troph\u00e9es pour les gagnants et les finalistes ! Vous pouvez tout trouver sur www.procarton.com ainsi que sur les plateformes de m\u00e9dias sociaux Facebook, Twitter, Pinterest, Instagram et Linkedin : Merci de partager, d'aimer et de diffuser !<\/p>\n<p><em>Horst Bittermann, Pr\u00e9sident Pro Carton<\/em><br \/>\n<em>Jean-Fran\u00e7ois Roche, pr\u00e9sident de l'ECMA<\/em><\/p>\n<p><em>MESSAGE DU DIRECTEUR G\u00c9N\u00c9RAL DE PRO CARTON<\/em><\/p>\n<p>C'est la premi\u00e8re fois que nous incluons dans une m\u00eame publication les gagnants et les finalistes du Pro Carton Young Designers Award et du European Carton Excellence Award. La raison de ce choix est simple. Apr\u00e8s avoir constat\u00e9 la qualit\u00e9 de la r\u00e9flexion, de la cr\u00e9ativit\u00e9 et de la fabrication d'\u00e9chantillons au sein de la communaut\u00e9 des \u00e9tudiants, nous pensons qu'ils m\u00e9ritent d'\u00eatre sur la m\u00eame sc\u00e8ne que les gagnants professionnels. En effet, la remise des prix \u00e0 tous les laur\u00e9ats a eu lieu au congr\u00e8s de l'ECMA en Lettonie cette ann\u00e9e, alors pourquoi ne pas les montrer tous ensemble ici !<\/p>\n<p>En effet, chez Pro Carton, nous cherchons \u00e0 communiquer plus largement avec les jeunes et nous lan\u00e7ons un programme d'\u00e9ducation scolaire intitul\u00e9 TICIT (prononcer tick-it) qui explique le cercle vertueux des arbres en cartons, des cartons en arbres. Nous recherchons des transformateurs, des cartonniers, des fournisseurs et d'autres partenaires de la cha\u00eene d'approvisionnement pour nous aider dans cet enseignement. Vous pourrez en savoir plus sur le site web de Pro Carton.<\/p>\n<p>En effet, je sollicite \u00e0 nouveau votre aide pour diffuser le message du carton. Le carton est renouvelable, recyclable et biod\u00e9gradable.... c'est un mat\u00e9riau v\u00e9ritablement durable.... et peu de mat\u00e9riaux peuvent se targuer d'une telle affirmation. Mais utilisons-nous nos ressources combin\u00e9es suffisamment bien pour diffuser ce message ? Manifestement non. Un grand nombre de consommateurs croient encore que les emballages en papier provoquent la d\u00e9forestation, mais comme beaucoup d'entre vous le savent, les for\u00eats europ\u00e9ennes s'\u00e9tendent chaque jour de l'\u00e9quivalent de 1 500 terrains de football !<\/p>\n<p>Selon Eurostat, 82,6% d'emballages \u00e0 base de papier sont d\u00e9j\u00e0 envoy\u00e9s au recyclage et m\u00eame s'il n'est pas recycl\u00e9, le carton peut se biod\u00e9grader en trois mois environ et ne laissera pas de traces \u00e0 long terme sur notre environnement.<\/p>\n<p>Donc, s'il y a une chose que vous faites apr\u00e8s avoir parcouru cette brochure, veuillez demander \u00e0 vos coll\u00e8gues, amis et famille de consulter, aimer et partager nos pages de m\u00e9dias sociaux. Vous pouvez nous trouver sur Facebook, LinkedIn, Twitter et Instagram. Pouvez-vous imaginer le pouvoir de notre voix si nous travaillions ensemble sur ce sujet ?<\/p>\n<p>Merci pour votre aide.<\/p>\n<p><em>Tony Hitchin,<\/em><br \/>\n<em>Directeur g\u00e9n\u00e9ral, Pro Carton<\/em><br \/>\n<em>Septembre 2018<\/em><\/p>\n<\/div>\n<\/section>\n<\/div>\n<div class=\"av-animated-generic top-to-bottom flex_column av_one_third  flex_column_div av-zero-column-padding   avia-builder-el-2  el_after_av_two_third  avia-builder-el-last\" style='border-radius:0px; '>\n<div  class='avia-image-container  av-styling-no-styling    avia-builder-el-3  el_before_av_image  avia-builder-el-first  avia-align-center'  itemprop=\"image\" itemscope=\"itemscope\" itemtype=\"https:\/\/schema.org\/ImageObject\"  >\n<div class='avia-image-container-inner'>\n<div class='avia-image-overlay-wrap'><img decoding=\"async\" width=\"300\" height=\"240\" class='wp-image-258623 avia-img-lazy-loading-not-258623 avia_image' src=\"https:\/\/www.procarton.com\/wp-content\/uploads\/2021\/03\/bittermann_18-300x240.jpeg\" alt='' title='bittermann_18'  itemprop=\"thumbnailUrl\" srcset=\"https:\/\/www.procarton.com\/wp-content\/uploads\/2021\/03\/bittermann_18-300x240.jpeg 300w, https:\/\/www.procarton.com\/wp-content\/uploads\/2021\/03\/bittermann_18-1030x824.jpeg 1030w, https:\/\/www.procarton.com\/wp-content\/uploads\/2021\/03\/bittermann_18-768x614.jpeg 768w, https:\/\/www.procarton.com\/wp-content\/uploads\/2021\/03\/bittermann_18-1536x1229.jpeg 1536w, https:\/\/www.procarton.com\/wp-content\/uploads\/2021\/03\/bittermann_18-15x12.jpeg 15w, https:\/\/www.procarton.com\/wp-content\/uploads\/2021\/03\/bittermann_18-1500x1200.jpeg 1500w, https:\/\/www.procarton.com\/wp-content\/uploads\/2021\/03\/bittermann_18-705x564.jpeg 705w, https:\/\/www.procarton.com\/wp-content\/uploads\/2021\/03\/bittermann_18.jpeg 1920w\" sizes=\"(max-width: 300px) 100vw, 300px\" \/><\/div>\n<\/div>\n<\/div>\n<div  class='avia-image-container  av-styling-no-styling    avia-builder-el-4  el_after_av_image  el_before_av_image  avia-align-center'  itemprop=\"image\" itemscope=\"itemscope\" itemtype=\"https:\/\/schema.org\/ImageObject\"  >\n<div class='avia-image-container-inner'>\n<div class='avia-image-overlay-wrap'><img decoding=\"async\" width=\"300\" height=\"200\" class='wp-image-258624 avia-img-lazy-loading-not-258624 avia_image' src=\"https:\/\/www.procarton.com\/wp-content\/uploads\/2021\/03\/roche-tv-300x200.jpeg\" alt='' title='roche-tv'  itemprop=\"thumbnailUrl\" srcset=\"https:\/\/www.procarton.com\/wp-content\/uploads\/2021\/03\/roche-tv-300x200.jpeg 300w, https:\/\/www.procarton.com\/wp-content\/uploads\/2021\/03\/roche-tv-18x12.jpeg 18w, https:\/\/www.procarton.com\/wp-content\/uploads\/2021\/03\/roche-tv-328x219.jpeg 328w, https:\/\/www.procarton.com\/wp-content\/uploads\/2021\/03\/roche-tv.jpeg 600w\" sizes=\"(max-width: 300px) 100vw, 300px\" \/><\/div>\n<\/div>\n<\/div>\n<div  class='avia-image-container  av-styling-no-styling    avia-builder-el-5  el_after_av_image  avia-builder-el-last  avia-align-center'  itemprop=\"image\" itemscope=\"itemscope\" itemtype=\"https:\/\/schema.org\/ImageObject\"  >\n<div class='avia-image-container-inner'>\n<div class='avia-image-overlay-wrap'><img decoding=\"async\" width=\"300\" height=\"200\" class='wp-image-242249 avia-img-lazy-loading-not-242249 avia_image' src=\"https:\/\/www.procarton.com\/wp-content\/uploads\/2021\/02\/tony-hitchin-300x200.jpg\" alt='' title='tony hitchin'  itemprop=\"thumbnailUrl\" srcset=\"https:\/\/www.procarton.com\/wp-content\/uploads\/2021\/02\/tony-hitchin-300x200.jpg 300w, https:\/\/www.procarton.com\/wp-content\/uploads\/2021\/02\/tony-hitchin-18x12.jpg 18w, https:\/\/www.procarton.com\/wp-content\/uploads\/2021\/02\/tony-hitchin-328x219.jpg 328w, https:\/\/www.procarton.com\/wp-content\/uploads\/2021\/02\/tony-hitchin.jpg 600w\" sizes=\"(max-width: 300px) 100vw, 300px\" \/><\/div>\n<\/div>\n<\/div>\n<\/div>","protected":false},"excerpt":{"rendered":"","protected":false},"author":868,"featured_media":0,"parent":243778,"menu_order":0,"comment_status":"closed","ping_status":"closed","template":"templates\/award_details_page.php","meta":{"inline_featured_image":false,"footnotes":""},"class_list":["post-276237","page","type-page","status-publish","hentry"],"yoast_head":"<!-- This site is optimized with the Yoast SEO plugin v27.4 - https:\/\/yoast.com\/product\/yoast-seo-wordpress\/ -->\n<title>Introduction - Pro Carton<\/title>\n<meta name=\"robots\" content=\"index, follow, max-snippet:-1, max-image-preview:large, max-video-preview:-1\" \/>\n<link rel=\"canonical\" href=\"https:\/\/www.procarton.com\/fr\/awards\/european-carton-excellence-award\/2018-2\/introduction\/\" \/>\n<meta property=\"og:locale\" content=\"fr_FR\" \/>\n<meta property=\"og:type\" content=\"article\" \/>\n<meta property=\"og:title\" content=\"Introduction - Pro Carton\" \/>\n<meta property=\"og:url\" content=\"https:\/\/www.procarton.com\/fr\/awards\/european-carton-excellence-award\/2018-2\/introduction\/\" \/>\n<meta property=\"og:site_name\" content=\"Pro Carton\" \/>\n<meta property=\"article:publisher\" content=\"https:\/\/www.facebook.com\/procartondesignaward\/\" \/>\n<meta property=\"article:modified_time\" content=\"2022-03-31T13:06:00+00:00\" \/>\n<meta name=\"twitter:card\" content=\"summary_large_image\" \/>\n<meta name=\"twitter:site\" content=\"@pro_carton\" \/>\n<meta name=\"twitter:label1\" content=\"Dur\u00e9e de lecture estim\u00e9e\" \/>\n\t<meta name=\"twitter:data1\" content=\"6 minutes\" \/>\n<script type=\"application\/ld+json\" class=\"yoast-schema-graph\">{\"@context\":\"https:\\\/\\\/schema.org\",\"@graph\":[{\"@type\":\"WebPage\",\"@id\":\"https:\\\/\\\/www.procarton.com\\\/es\\\/awards\\\/european-carton-excellence-award\\\/2018-2\\\/introduction\\\/\",\"url\":\"https:\\\/\\\/www.procarton.com\\\/es\\\/awards\\\/european-carton-excellence-award\\\/2018-2\\\/introduction\\\/\",\"name\":\"Introduction - Pro Carton\",\"isPartOf\":{\"@id\":\"https:\\\/\\\/www.procarton.com\\\/es\\\/#website\"},\"datePublished\":\"2022-03-31T12:56:58+00:00\",\"dateModified\":\"2022-03-31T13:06:00+00:00\",\"breadcrumb\":{\"@id\":\"https:\\\/\\\/www.procarton.com\\\/es\\\/awards\\\/european-carton-excellence-award\\\/2018-2\\\/introduction\\\/#breadcrumb\"},\"inLanguage\":\"fr-FR\",\"potentialAction\":[{\"@type\":\"ReadAction\",\"target\":[\"https:\\\/\\\/www.procarton.com\\\/es\\\/awards\\\/european-carton-excellence-award\\\/2018-2\\\/introduction\\\/\"]}]},{\"@type\":\"BreadcrumbList\",\"@id\":\"https:\\\/\\\/www.procarton.com\\\/es\\\/awards\\\/european-carton-excellence-award\\\/2018-2\\\/introduction\\\/#breadcrumb\",\"itemListElement\":[{\"@type\":\"ListItem\",\"position\":1,\"name\":\"Home\",\"item\":\"https:\\\/\\\/www.procarton.com\\\/\"},{\"@type\":\"ListItem\",\"position\":2,\"name\":\"Awards\",\"item\":\"https:\\\/\\\/www.procarton.com\\\/awards\\\/\"},{\"@type\":\"ListItem\",\"position\":3,\"name\":\"European Carton Excellence Award\",\"item\":\"https:\\\/\\\/www.procarton.com\\\/awards\\\/european-carton-excellence-award\\\/\"},{\"@type\":\"ListItem\",\"position\":4,\"name\":\"2018\",\"item\":\"https:\\\/\\\/www.procarton.com\\\/es\\\/awards\\\/european-carton-excellence-award\\\/2018-2\\\/\"},{\"@type\":\"ListItem\",\"position\":5,\"name\":\"Introduction\"}]},{\"@type\":\"WebSite\",\"@id\":\"https:\\\/\\\/www.procarton.com\\\/es\\\/#website\",\"url\":\"https:\\\/\\\/www.procarton.com\\\/es\\\/\",\"name\":\"Pro Carton\",\"description\":\"\",\"publisher\":{\"@id\":\"https:\\\/\\\/www.procarton.com\\\/es\\\/#organization\"},\"potentialAction\":[{\"@type\":\"SearchAction\",\"target\":{\"@type\":\"EntryPoint\",\"urlTemplate\":\"https:\\\/\\\/www.procarton.com\\\/es\\\/?s={search_term_string}\"},\"query-input\":{\"@type\":\"PropertyValueSpecification\",\"valueRequired\":true,\"valueName\":\"search_term_string\"}}],\"inLanguage\":\"fr-FR\"},{\"@type\":\"Organization\",\"@id\":\"https:\\\/\\\/www.procarton.com\\\/es\\\/#organization\",\"name\":\"ProCarton\",\"url\":\"https:\\\/\\\/www.procarton.com\\\/es\\\/\",\"logo\":{\"@type\":\"ImageObject\",\"inLanguage\":\"fr-FR\",\"@id\":\"https:\\\/\\\/www.procarton.com\\\/es\\\/#\\\/schema\\\/logo\\\/image\\\/\",\"url\":\"https:\\\/\\\/www.procarton.com\\\/wp-content\\\/uploads\\\/2022\\\/06\\\/logo-mit-slogan.jpg\",\"contentUrl\":\"https:\\\/\\\/www.procarton.com\\\/wp-content\\\/uploads\\\/2022\\\/06\\\/logo-mit-slogan.jpg\",\"width\":422,\"height\":519,\"caption\":\"ProCarton\"},\"image\":{\"@id\":\"https:\\\/\\\/www.procarton.com\\\/es\\\/#\\\/schema\\\/logo\\\/image\\\/\"},\"sameAs\":[\"https:\\\/\\\/www.facebook.com\\\/procartondesignaward\\\/\",\"https:\\\/\\\/x.com\\\/pro_carton\"]}]}<\/script>\n<!-- \/ Yoast SEO plugin. -->","yoast_head_json":{"title":"Introduction - Pro Carton","robots":{"index":"index","follow":"follow","max-snippet":"max-snippet:-1","max-image-preview":"max-image-preview:large","max-video-preview":"max-video-preview:-1"},"canonical":"https:\/\/www.procarton.com\/fr\/awards\/european-carton-excellence-award\/2018-2\/introduction\/","og_locale":"fr_FR","og_type":"article","og_title":"Introduction - Pro Carton","og_url":"https:\/\/www.procarton.com\/fr\/awards\/european-carton-excellence-award\/2018-2\/introduction\/","og_site_name":"Pro Carton","article_publisher":"https:\/\/www.facebook.com\/procartondesignaward\/","article_modified_time":"2022-03-31T13:06:00+00:00","twitter_card":"summary_large_image","twitter_site":"@pro_carton","twitter_misc":{"Dur\u00e9e de lecture estim\u00e9e":"6 minutes"},"schema":{"@context":"https:\/\/schema.org","@graph":[{"@type":"WebPage","@id":"https:\/\/www.procarton.com\/es\/awards\/european-carton-excellence-award\/2018-2\/introduction\/","url":"https:\/\/www.procarton.com\/es\/awards\/european-carton-excellence-award\/2018-2\/introduction\/","name":"Introduction - Pro Carton","isPartOf":{"@id":"https:\/\/www.procarton.com\/es\/#website"},"datePublished":"2022-03-31T12:56:58+00:00","dateModified":"2022-03-31T13:06:00+00:00","breadcrumb":{"@id":"https:\/\/www.procarton.com\/es\/awards\/european-carton-excellence-award\/2018-2\/introduction\/#breadcrumb"},"inLanguage":"fr-FR","potentialAction":[{"@type":"ReadAction","target":["https:\/\/www.procarton.com\/es\/awards\/european-carton-excellence-award\/2018-2\/introduction\/"]}]},{"@type":"BreadcrumbList","@id":"https:\/\/www.procarton.com\/es\/awards\/european-carton-excellence-award\/2018-2\/introduction\/#breadcrumb","itemListElement":[{"@type":"ListItem","position":1,"name":"Home","item":"https:\/\/www.procarton.com\/"},{"@type":"ListItem","position":2,"name":"Awards","item":"https:\/\/www.procarton.com\/awards\/"},{"@type":"ListItem","position":3,"name":"European Carton Excellence Award","item":"https:\/\/www.procarton.com\/awards\/european-carton-excellence-award\/"},{"@type":"ListItem","position":4,"name":"2018","item":"https:\/\/www.procarton.com\/es\/awards\/european-carton-excellence-award\/2018-2\/"},{"@type":"ListItem","position":5,"name":"Introduction"}]},{"@type":"WebSite","@id":"https:\/\/www.procarton.com\/es\/#website","url":"https:\/\/www.procarton.com\/es\/","name":"Pro Carton","description":"","publisher":{"@id":"https:\/\/www.procarton.com\/es\/#organization"},"potentialAction":[{"@type":"SearchAction","target":{"@type":"EntryPoint","urlTemplate":"https:\/\/www.procarton.com\/es\/?s={search_term_string}"},"query-input":{"@type":"PropertyValueSpecification","valueRequired":true,"valueName":"search_term_string"}}],"inLanguage":"fr-FR"},{"@type":"Organization","@id":"https:\/\/www.procarton.com\/es\/#organization","name":"ProCarton","url":"https:\/\/www.procarton.com\/es\/","logo":{"@type":"ImageObject","inLanguage":"fr-FR","@id":"https:\/\/www.procarton.com\/es\/#\/schema\/logo\/image\/","url":"https:\/\/www.procarton.com\/wp-content\/uploads\/2022\/06\/logo-mit-slogan.jpg","contentUrl":"https:\/\/www.procarton.com\/wp-content\/uploads\/2022\/06\/logo-mit-slogan.jpg","width":422,"height":519,"caption":"ProCarton"},"image":{"@id":"https:\/\/www.procarton.com\/es\/#\/schema\/logo\/image\/"},"sameAs":["https:\/\/www.facebook.com\/procartondesignaward\/","https:\/\/x.com\/pro_carton"]}]}},"_links":{"self":[{"href":"https:\/\/www.procarton.com\/fr\/wp-json\/wp\/v2\/pages\/276237","targetHints":{"allow":["GET"]}}],"collection":[{"href":"https:\/\/www.procarton.com\/fr\/wp-json\/wp\/v2\/pages"}],"about":[{"href":"https:\/\/www.procarton.com\/fr\/wp-json\/wp\/v2\/types\/page"}],"author":[{"embeddable":true,"href":"https:\/\/www.procarton.com\/fr\/wp-json\/wp\/v2\/users\/868"}],"replies":[{"embeddable":true,"href":"https:\/\/www.procarton.com\/fr\/wp-json\/wp\/v2\/comments?post=276237"}],"version-history":[{"count":5,"href":"https:\/\/www.procarton.com\/fr\/wp-json\/wp\/v2\/pages\/276237\/revisions"}],"predecessor-version":[{"id":276241,"href":"https:\/\/www.procarton.com\/fr\/wp-json\/wp\/v2\/pages\/276237\/revisions\/276241"}],"up":[{"embeddable":true,"href":"https:\/\/www.procarton.com\/fr\/wp-json\/wp\/v2\/pages\/243778"}],"wp:attachment":[{"href":"https:\/\/www.procarton.com\/fr\/wp-json\/wp\/v2\/media?parent=276237"}],"curies":[{"name":"wp","href":"https:\/\/api.w.org\/{rel}","templated":true}]}}