{"id":266987,"date":"2021-11-11T09:50:54","date_gmt":"2021-11-11T09:50:54","guid":{"rendered":"https:\/\/www.procarton.com\/?page_id=266987"},"modified":"2023-08-07T23:46:11","modified_gmt":"2023-08-07T22:46:11","slug":"press-coverage","status":"publish","type":"page","link":"https:\/\/www.procarton.com\/fr\/members\/marketing-communications\/press-coverage\/","title":{"rendered":"Couverture de presse"},"content":{"rendered":"<section class=\"av_textblock_section\"  itemscope=\"itemscope\" itemtype=\"https:\/\/schema.org\/CreativeWork\" >\n<div class='avia_textblock'   itemprop=\"text\" >\n<p>Les membres peuvent consulter la couverture de presse par pays de publication ci-dessous.<\/p>\n<p>Il se peut qu'il y ait d'autres articles qui n'ont pas \u00e9t\u00e9 port\u00e9s \u00e0 notre attention. Si vous avez connaissance d'articles qui ont \u00e9t\u00e9 omis, veuillez les transmettre \u00e0 l'adresse suivante <a href=\"mailto:info@procarton.com\">info@procarton.com<\/a><\/p>\n<\/div>\n<\/section>\n<div class=\"av-animated-generic top-to-bottom flex_column av_two_fifth  flex_column_div av-zero-column-padding avia-link-column av-column-link first  avia-builder-el-1  el_after_av_textblock  el_before_av_one_fifth  press-coverage-table column-top-margin\" style='margin-top:0px; margin-bottom:0px; border-radius:0px; ' data-link-column-url=\"https:\/\/drive.google.com\/drive\/folders\/144Qn1NJBQN2kGagAYKS0HvOy7EINan6I\"  data-link-column-target=\"_blank\" ><a class=\"av-screen-reader-only\" href=\"https:\/\/drive.google.com\/drive\/folders\/144Qn1NJBQN2kGagAYKS0HvOy7EINan6I\" target=\"_blank\" rel=\"noopener\">Suivre un lien ajout\u00e9 manuellement<\/a><\/p>\n<div  class='avia-image-container  av-styling-    avia-builder-el-2  el_before_av_textblock  avia-builder-el-first  avia-align-center'  itemprop=\"image\" itemscope=\"itemscope\" itemtype=\"https:\/\/schema.org\/ImageObject\"  >\n<div class='avia-image-container-inner'>\n<div class='avia-image-overlay-wrap'><img decoding=\"async\" width=\"1280\" height=\"720\" class='wp-image-283870 avia-img-lazy-loading-not-283870 avia_image' src=\"https:\/\/www.procarton.com\/wp-content\/uploads\/2023\/01\/Press-Coverage-Image-2023.jpg\" alt='' title='Image de couverture de presse 2023'  itemprop=\"thumbnailUrl\" srcset=\"https:\/\/www.procarton.com\/wp-content\/uploads\/2023\/01\/Press-Coverage-Image-2023.jpg 1280w, https:\/\/www.procarton.com\/wp-content\/uploads\/2023\/01\/Press-Coverage-Image-2023-300x169.jpg 300w, https:\/\/www.procarton.com\/wp-content\/uploads\/2023\/01\/Press-Coverage-Image-2023-1030x579.jpg 1030w, https:\/\/www.procarton.com\/wp-content\/uploads\/2023\/01\/Press-Coverage-Image-2023-768x432.jpg 768w, https:\/\/www.procarton.com\/wp-content\/uploads\/2023\/01\/Press-Coverage-Image-2023-18x10.jpg 18w, https:\/\/www.procarton.com\/wp-content\/uploads\/2023\/01\/Press-Coverage-Image-2023-705x397.jpg 705w\" sizes=\"(max-width: 1280px) 100vw, 1280px\" \/><\/div>\n<\/div>\n<\/div>\n<section class=\"av_textblock_section\"  itemscope=\"itemscope\" itemtype=\"https:\/\/schema.org\/CreativeWork\" >\n<div class='avia_textblock'   itemprop=\"text\" >\n<p>Couverture par pays - 2023<\/p>\n<\/div>\n<\/section>\n<\/div>\n<div class=\"av-animated-generic top-to-bottom flex_column av_one_fifth  flex_column_div av-zero-column-padding   avia-builder-el-4  el_after_av_two_fifth  el_before_av_two_fifth  column-top-margin\" style='margin-top:0px; margin-bottom:0px; border-radius:0px; '><\/div>\n<div class=\"av-animated-generic top-to-bottom flex_column av_two_fifth  flex_column_div av-zero-column-padding avia-link-column av-column-link   avia-builder-el-5  el_after_av_one_fifth  el_before_av_hr  press-coverage-table column-top-margin\" style='margin-top:0px; margin-bottom:0px; border-radius:0px; ' data-link-column-url=\"https:\/\/drive.google.com\/drive\/u\/0\/folders\/1BKPvThJnlT0T2rMU2mVYsGC1TarXtrU3\"  data-link-column-target=\"_blank\" ><a class=\"av-screen-reader-only\" href=\"https:\/\/drive.google.com\/drive\/u\/0\/folders\/1BKPvThJnlT0T2rMU2mVYsGC1TarXtrU3\" target=\"_blank\" rel=\"noopener\">Suivre un lien ajout\u00e9 manuellement<\/a><\/p>\n<div  class='avia-image-container  av-styling-    avia-builder-el-6  el_before_av_textblock  avia-builder-el-first  avia-align-center'  itemprop=\"image\" itemscope=\"itemscope\" itemtype=\"https:\/\/schema.org\/ImageObject\"  >\n<div class='avia-image-container-inner'>\n<div class='avia-image-overlay-wrap'><img decoding=\"async\" width=\"1280\" height=\"720\" class='wp-image-283869 avia-img-lazy-loading-not-283869 avia_image' src=\"https:\/\/www.procarton.com\/wp-content\/uploads\/2023\/01\/Press-Coverage-Image-2022.jpg\" alt='' title='Couverture de presse Image 2022'  itemprop=\"thumbnailUrl\" srcset=\"https:\/\/www.procarton.com\/wp-content\/uploads\/2023\/01\/Press-Coverage-Image-2022.jpg 1280w, https:\/\/www.procarton.com\/wp-content\/uploads\/2023\/01\/Press-Coverage-Image-2022-300x169.jpg 300w, https:\/\/www.procarton.com\/wp-content\/uploads\/2023\/01\/Press-Coverage-Image-2022-1030x579.jpg 1030w, https:\/\/www.procarton.com\/wp-content\/uploads\/2023\/01\/Press-Coverage-Image-2022-768x432.jpg 768w, https:\/\/www.procarton.com\/wp-content\/uploads\/2023\/01\/Press-Coverage-Image-2022-18x10.jpg 18w, https:\/\/www.procarton.com\/wp-content\/uploads\/2023\/01\/Press-Coverage-Image-2022-705x397.jpg 705w\" sizes=\"(max-width: 1280px) 100vw, 1280px\" \/><\/div>\n<\/div>\n<\/div>\n<section class=\"av_textblock_section\"  itemscope=\"itemscope\" itemtype=\"https:\/\/schema.org\/CreativeWork\" >\n<div class='avia_textblock'   itemprop=\"text\" >\n<p>Couverture par pays - 2022<\/p>\n<\/div>\n<\/section>\n<\/div>\n<div   class='hr hr-default   avia-builder-el-8  el_after_av_two_fifth  el_before_av_two_fifth'><span class='hr-inner' ><span class='hr-inner-style'><\/span><\/span><\/div>\n<div class=\"av-animated-generic top-to-bottom flex_column av_two_fifth  flex_column_div av-zero-column-padding avia-link-column av-column-link first  avia-builder-el-9  el_after_av_hr  el_before_av_one_fifth  press-coverage-table\" style='margin-top:0px; margin-bottom:0px; border-radius:0px; ' data-link-column-url=\"https:\/\/drive.google.com\/drive\/u\/1\/folders\/14B4t-9bvmx3QN2Hxlens6l-RsrkHMzM0\"  data-link-column-target=\"_blank\" ><a class=\"av-screen-reader-only\" href=\"https:\/\/drive.google.com\/drive\/u\/1\/folders\/14B4t-9bvmx3QN2Hxlens6l-RsrkHMzM0\" target=\"_blank\" rel=\"noopener\">Suivre un lien ajout\u00e9 manuellement<\/a><\/p>\n<div  class='avia-image-container  av-styling-    avia-builder-el-10  el_before_av_textblock  avia-builder-el-first  avia-align-center'  itemprop=\"image\" itemscope=\"itemscope\" itemtype=\"https:\/\/schema.org\/ImageObject\"  >\n<div class='avia-image-container-inner'>\n<div class='avia-image-overlay-wrap'><img decoding=\"async\" width=\"1280\" height=\"720\" class='wp-image-283868 avia-img-lazy-loading-not-283868 avia_image' src=\"https:\/\/www.procarton.com\/wp-content\/uploads\/2023\/01\/Press-Coverage-Image-2021.jpg\" alt='' title='Couverture de presse Image 2021'  itemprop=\"thumbnailUrl\" srcset=\"https:\/\/www.procarton.com\/wp-content\/uploads\/2023\/01\/Press-Coverage-Image-2021.jpg 1280w, https:\/\/www.procarton.com\/wp-content\/uploads\/2023\/01\/Press-Coverage-Image-2021-300x169.jpg 300w, https:\/\/www.procarton.com\/wp-content\/uploads\/2023\/01\/Press-Coverage-Image-2021-1030x579.jpg 1030w, https:\/\/www.procarton.com\/wp-content\/uploads\/2023\/01\/Press-Coverage-Image-2021-768x432.jpg 768w, https:\/\/www.procarton.com\/wp-content\/uploads\/2023\/01\/Press-Coverage-Image-2021-18x10.jpg 18w, https:\/\/www.procarton.com\/wp-content\/uploads\/2023\/01\/Press-Coverage-Image-2021-705x397.jpg 705w\" sizes=\"(max-width: 1280px) 100vw, 1280px\" \/><\/div>\n<\/div>\n<\/div>\n<section class=\"av_textblock_section\"  itemscope=\"itemscope\" itemtype=\"https:\/\/schema.org\/CreativeWork\" >\n<div class='avia_textblock'   itemprop=\"text\" >\n<p>Couverture par pays - 2021<\/p>\n<\/div>\n<\/section>\n<\/div>\n<div class=\"av-animated-generic top-to-bottom flex_column av_one_fifth  flex_column_div av-zero-column-padding   avia-builder-el-12  el_after_av_two_fifth  el_before_av_two_fifth\" style='margin-top:0px; margin-bottom:0px; border-radius:0px; '><\/div>\n<div class=\"av-animated-generic top-to-bottom flex_column av_two_fifth  flex_column_div av-zero-column-padding avia-link-column av-column-link   avia-builder-el-13  el_after_av_one_fifth  avia-builder-el-last  press-coverage-table\" style='margin-top:0px; margin-bottom:0px; border-radius:0px; ' data-link-column-url=\"https:\/\/drive.google.com\/drive\/u\/1\/folders\/1HKlgzb-NWnxDLcEuPQhYb7etaMljfpic\"  data-link-column-target=\"_blank\" ><a class=\"av-screen-reader-only\" href=\"https:\/\/drive.google.com\/drive\/u\/1\/folders\/1HKlgzb-NWnxDLcEuPQhYb7etaMljfpic\" target=\"_blank\" rel=\"noopener\">Suivre un lien ajout\u00e9 manuellement<\/a><\/p>\n<div  class='avia-image-container  av-styling-    avia-builder-el-14  el_before_av_textblock  avia-builder-el-first  avia-align-center'  itemprop=\"image\" itemscope=\"itemscope\" itemtype=\"https:\/\/schema.org\/ImageObject\"  >\n<div class='avia-image-container-inner'>\n<div class='avia-image-overlay-wrap'><a href=\"https:\/\/drive.google.com\/drive\/u\/1\/folders\/1HKlgzb-NWnxDLcEuPQhYb7etaMljfpic\" class='avia_image' target=\"_blank\" rel=\"noopener noreferrer\"><img decoding=\"async\" width=\"1280\" height=\"720\" class='wp-image-283867 avia-img-lazy-loading-not-283867 avia_image' src=\"https:\/\/www.procarton.com\/wp-content\/uploads\/2023\/01\/Press-Coverage-Image-2019-20.jpg\" alt='' title='Image de couverture de presse 2019 - 20'  itemprop=\"thumbnailUrl\" srcset=\"https:\/\/www.procarton.com\/wp-content\/uploads\/2023\/01\/Press-Coverage-Image-2019-20.jpg 1280w, https:\/\/www.procarton.com\/wp-content\/uploads\/2023\/01\/Press-Coverage-Image-2019-20-300x169.jpg 300w, https:\/\/www.procarton.com\/wp-content\/uploads\/2023\/01\/Press-Coverage-Image-2019-20-1030x579.jpg 1030w, https:\/\/www.procarton.com\/wp-content\/uploads\/2023\/01\/Press-Coverage-Image-2019-20-768x432.jpg 768w, https:\/\/www.procarton.com\/wp-content\/uploads\/2023\/01\/Press-Coverage-Image-2019-20-18x10.jpg 18w, https:\/\/www.procarton.com\/wp-content\/uploads\/2023\/01\/Press-Coverage-Image-2019-20-705x397.jpg 705w\" sizes=\"(max-width: 1280px) 100vw, 1280px\" \/><\/a><\/div>\n<\/div>\n<\/div>\n<section class=\"av_textblock_section\"  itemscope=\"itemscope\" itemtype=\"https:\/\/schema.org\/CreativeWork\" >\n<div class='avia_textblock'   itemprop=\"text\" >\n<p>Couverture par pays - 2019\/2020<\/p>\n<\/div>\n<\/section>\n<\/div>","protected":false},"excerpt":{"rendered":"","protected":false},"author":1,"featured_media":0,"parent":266973,"menu_order":2,"comment_status":"closed","ping_status":"closed","template":"","meta":{"inline_featured_image":false,"footnotes":""},"class_list":["post-266987","page","type-page","status-publish","hentry"],"yoast_head":"<!-- This site is optimized with the Yoast SEO plugin v27.4 - https:\/\/yoast.com\/product\/yoast-seo-wordpress\/ -->\n<title>Press Coverage - Pro Carton<\/title>\n<meta name=\"robots\" content=\"index, follow, max-snippet:-1, max-image-preview:large, max-video-preview:-1\" \/>\n<link rel=\"canonical\" href=\"https:\/\/www.procarton.com\/fr\/members\/marketing-communications\/press-coverage\/\" \/>\n<meta property=\"og:locale\" content=\"fr_FR\" \/>\n<meta property=\"og:type\" content=\"article\" \/>\n<meta property=\"og:title\" content=\"Press Coverage - Pro Carton\" \/>\n<meta property=\"og:url\" content=\"https:\/\/www.procarton.com\/fr\/members\/marketing-communications\/press-coverage\/\" \/>\n<meta property=\"og:site_name\" content=\"Pro Carton\" \/>\n<meta property=\"article:publisher\" content=\"https:\/\/www.facebook.com\/procartondesignaward\/\" \/>\n<meta property=\"article:modified_time\" content=\"2023-08-07T22:46:11+00:00\" \/>\n<meta name=\"twitter:card\" content=\"summary_large_image\" \/>\n<meta name=\"twitter:site\" content=\"@pro_carton\" \/>\n<meta name=\"twitter:label1\" content=\"Dur\u00e9e de lecture estim\u00e9e\" \/>\n\t<meta name=\"twitter:data1\" content=\"3 minutes\" \/>\n<script type=\"application\/ld+json\" class=\"yoast-schema-graph\">{\"@context\":\"https:\\\/\\\/schema.org\",\"@graph\":[{\"@type\":\"WebPage\",\"@id\":\"https:\\\/\\\/www.procarton.com\\\/members\\\/marketing-communications\\\/press-coverage\\\/\",\"url\":\"https:\\\/\\\/www.procarton.com\\\/members\\\/marketing-communications\\\/press-coverage\\\/\",\"name\":\"Press Coverage - Pro Carton\",\"isPartOf\":{\"@id\":\"https:\\\/\\\/www.procarton.com\\\/es\\\/#website\"},\"datePublished\":\"2021-11-11T09:50:54+00:00\",\"dateModified\":\"2023-08-07T22:46:11+00:00\",\"breadcrumb\":{\"@id\":\"https:\\\/\\\/www.procarton.com\\\/members\\\/marketing-communications\\\/press-coverage\\\/#breadcrumb\"},\"inLanguage\":\"fr-FR\",\"potentialAction\":[{\"@type\":\"ReadAction\",\"target\":[\"https:\\\/\\\/www.procarton.com\\\/members\\\/marketing-communications\\\/press-coverage\\\/\"]}]},{\"@type\":\"BreadcrumbList\",\"@id\":\"https:\\\/\\\/www.procarton.com\\\/members\\\/marketing-communications\\\/press-coverage\\\/#breadcrumb\",\"itemListElement\":[{\"@type\":\"ListItem\",\"position\":1,\"name\":\"Home\",\"item\":\"https:\\\/\\\/www.procarton.com\\\/\"},{\"@type\":\"ListItem\",\"position\":2,\"name\":\"Members Area\",\"item\":\"https:\\\/\\\/www.procarton.com\\\/members\\\/\"},{\"@type\":\"ListItem\",\"position\":3,\"name\":\"Marketing &#038; Communications\",\"item\":\"https:\\\/\\\/www.procarton.com\\\/members\\\/marketing-communications\\\/\"},{\"@type\":\"ListItem\",\"position\":4,\"name\":\"Press Coverage\"}]},{\"@type\":\"WebSite\",\"@id\":\"https:\\\/\\\/www.procarton.com\\\/es\\\/#website\",\"url\":\"https:\\\/\\\/www.procarton.com\\\/es\\\/\",\"name\":\"Pro Carton\",\"description\":\"\",\"publisher\":{\"@id\":\"https:\\\/\\\/www.procarton.com\\\/es\\\/#organization\"},\"potentialAction\":[{\"@type\":\"SearchAction\",\"target\":{\"@type\":\"EntryPoint\",\"urlTemplate\":\"https:\\\/\\\/www.procarton.com\\\/es\\\/?s={search_term_string}\"},\"query-input\":{\"@type\":\"PropertyValueSpecification\",\"valueRequired\":true,\"valueName\":\"search_term_string\"}}],\"inLanguage\":\"fr-FR\"},{\"@type\":\"Organization\",\"@id\":\"https:\\\/\\\/www.procarton.com\\\/es\\\/#organization\",\"name\":\"ProCarton\",\"url\":\"https:\\\/\\\/www.procarton.com\\\/es\\\/\",\"logo\":{\"@type\":\"ImageObject\",\"inLanguage\":\"fr-FR\",\"@id\":\"https:\\\/\\\/www.procarton.com\\\/es\\\/#\\\/schema\\\/logo\\\/image\\\/\",\"url\":\"https:\\\/\\\/www.procarton.com\\\/wp-content\\\/uploads\\\/2022\\\/06\\\/logo-mit-slogan.jpg\",\"contentUrl\":\"https:\\\/\\\/www.procarton.com\\\/wp-content\\\/uploads\\\/2022\\\/06\\\/logo-mit-slogan.jpg\",\"width\":422,\"height\":519,\"caption\":\"ProCarton\"},\"image\":{\"@id\":\"https:\\\/\\\/www.procarton.com\\\/es\\\/#\\\/schema\\\/logo\\\/image\\\/\"},\"sameAs\":[\"https:\\\/\\\/www.facebook.com\\\/procartondesignaward\\\/\",\"https:\\\/\\\/x.com\\\/pro_carton\"]}]}<\/script>\n<!-- \/ Yoast SEO plugin. -->","yoast_head_json":{"title":"Couverture de presse - Pro Carton","robots":{"index":"index","follow":"follow","max-snippet":"max-snippet:-1","max-image-preview":"max-image-preview:large","max-video-preview":"max-video-preview:-1"},"canonical":"https:\/\/www.procarton.com\/fr\/members\/marketing-communications\/press-coverage\/","og_locale":"fr_FR","og_type":"article","og_title":"Press Coverage - Pro Carton","og_url":"https:\/\/www.procarton.com\/fr\/members\/marketing-communications\/press-coverage\/","og_site_name":"Pro Carton","article_publisher":"https:\/\/www.facebook.com\/procartondesignaward\/","article_modified_time":"2023-08-07T22:46:11+00:00","twitter_card":"summary_large_image","twitter_site":"@pro_carton","twitter_misc":{"Dur\u00e9e de lecture estim\u00e9e":"3 minutes"},"schema":{"@context":"https:\/\/schema.org","@graph":[{"@type":"WebPage","@id":"https:\/\/www.procarton.com\/members\/marketing-communications\/press-coverage\/","url":"https:\/\/www.procarton.com\/members\/marketing-communications\/press-coverage\/","name":"Couverture de presse - Pro Carton","isPartOf":{"@id":"https:\/\/www.procarton.com\/es\/#website"},"datePublished":"2021-11-11T09:50:54+00:00","dateModified":"2023-08-07T22:46:11+00:00","breadcrumb":{"@id":"https:\/\/www.procarton.com\/members\/marketing-communications\/press-coverage\/#breadcrumb"},"inLanguage":"fr-FR","potentialAction":[{"@type":"ReadAction","target":["https:\/\/www.procarton.com\/members\/marketing-communications\/press-coverage\/"]}]},{"@type":"BreadcrumbList","@id":"https:\/\/www.procarton.com\/members\/marketing-communications\/press-coverage\/#breadcrumb","itemListElement":[{"@type":"ListItem","position":1,"name":"Home","item":"https:\/\/www.procarton.com\/"},{"@type":"ListItem","position":2,"name":"Members Area","item":"https:\/\/www.procarton.com\/members\/"},{"@type":"ListItem","position":3,"name":"Marketing &#038; Communications","item":"https:\/\/www.procarton.com\/members\/marketing-communications\/"},{"@type":"ListItem","position":4,"name":"Press Coverage"}]},{"@type":"WebSite","@id":"https:\/\/www.procarton.com\/es\/#website","url":"https:\/\/www.procarton.com\/es\/","name":"Pro Carton","description":"","publisher":{"@id":"https:\/\/www.procarton.com\/es\/#organization"},"potentialAction":[{"@type":"SearchAction","target":{"@type":"EntryPoint","urlTemplate":"https:\/\/www.procarton.com\/es\/?s={search_term_string}"},"query-input":{"@type":"PropertyValueSpecification","valueRequired":true,"valueName":"search_term_string"}}],"inLanguage":"fr-FR"},{"@type":"Organization","@id":"https:\/\/www.procarton.com\/es\/#organization","name":"ProCarton","url":"https:\/\/www.procarton.com\/es\/","logo":{"@type":"ImageObject","inLanguage":"fr-FR","@id":"https:\/\/www.procarton.com\/es\/#\/schema\/logo\/image\/","url":"https:\/\/www.procarton.com\/wp-content\/uploads\/2022\/06\/logo-mit-slogan.jpg","contentUrl":"https:\/\/www.procarton.com\/wp-content\/uploads\/2022\/06\/logo-mit-slogan.jpg","width":422,"height":519,"caption":"ProCarton"},"image":{"@id":"https:\/\/www.procarton.com\/es\/#\/schema\/logo\/image\/"},"sameAs":["https:\/\/www.facebook.com\/procartondesignaward\/","https:\/\/x.com\/pro_carton"]}]}},"_links":{"self":[{"href":"https:\/\/www.procarton.com\/fr\/wp-json\/wp\/v2\/pages\/266987","targetHints":{"allow":["GET"]}}],"collection":[{"href":"https:\/\/www.procarton.com\/fr\/wp-json\/wp\/v2\/pages"}],"about":[{"href":"https:\/\/www.procarton.com\/fr\/wp-json\/wp\/v2\/types\/page"}],"author":[{"embeddable":true,"href":"https:\/\/www.procarton.com\/fr\/wp-json\/wp\/v2\/users\/1"}],"replies":[{"embeddable":true,"href":"https:\/\/www.procarton.com\/fr\/wp-json\/wp\/v2\/comments?post=266987"}],"version-history":[{"count":30,"href":"https:\/\/www.procarton.com\/fr\/wp-json\/wp\/v2\/pages\/266987\/revisions"}],"predecessor-version":[{"id":300380,"href":"https:\/\/www.procarton.com\/fr\/wp-json\/wp\/v2\/pages\/266987\/revisions\/300380"}],"up":[{"embeddable":true,"href":"https:\/\/www.procarton.com\/fr\/wp-json\/wp\/v2\/pages\/266973"}],"wp:attachment":[{"href":"https:\/\/www.procarton.com\/fr\/wp-json\/wp\/v2\/media?parent=266987"}],"curies":[{"name":"wp","href":"https:\/\/api.w.org\/{rel}","templated":true}]}}