{"id":266980,"date":"2021-11-11T09:19:54","date_gmt":"2021-11-11T09:19:54","guid":{"rendered":"https:\/\/www.procarton.com\/?page_id=266980"},"modified":"2021-11-11T09:19:54","modified_gmt":"2021-11-11T09:19:54","slug":"carbon-footprint-of-carton-packaging-2019","status":"publish","type":"page","link":"https:\/\/www.procarton.com\/fr\/members\/reports\/carbon-footprint-of-carton-packaging-2019\/","title":{"rendered":"Empreinte carbone de l'emballage carton 2019"},"content":{"rendered":"<p>Pro Carton a le plaisir de partager son Bilan carbone de l'emballage carton 2019 et le Rapport de donn\u00e9es environnementales 2019 avec les membres de Pro Carton.<\/p>\n<p>Ces rapports ont \u00e9t\u00e9 compil\u00e9s et r\u00e9dig\u00e9s par RISE (Research Institutes of Sweden) et les donn\u00e9es brutes ont \u00e9galement \u00e9t\u00e9 v\u00e9rifi\u00e9es par ifeu (Institut f\u00fcr Energie- und Umweltforschung).<\/p>\n<p>Le r\u00e9sum\u00e9 de l'empreinte carbone de l'emballage carton est disponible en 5 langues. <a href=\"https:\/\/www.procarton.com\/publications-news\/publications\/\">sur le site de Pro Carton<\/a>.<\/p>\n<p>&nbsp;<\/p>\n<p>&nbsp;<\/p>\n<table class=\"alignleft\" style=\"height: auto; width: 100%;\" cellspacing=\"0\" cellpadding=\"0\">\n<tbody>\n<tr style=\"height: auto;\">\n<td style=\"width: 27.5264%; height: auto;\"><a href=\"https:\/\/www.procarton.com\/wp-content\/uploads\/2019\/11\/Carbon-Footprint-Report-2019.pdf\" target=\"_blank\" rel=\"noopener noreferrer\"><img loading=\"lazy\" decoding=\"async\" class=\"alignnone\" src=\"https:\/\/www.procarton.com\/wp-content\/uploads\/2019\/10\/PC-Carbon-Footprint-Font-Cover-1.jpg\" alt=\"\" width=\"1654\" height=\"2339\" \/><\/a><\/p>\n<p><a href=\"https:\/\/www.procarton.com\/wp-content\/uploads\/2019\/11\/Carbon-Footprint-Report-2019.pdf\" target=\"_blank\" rel=\"noopener noreferrer\">T\u00e9l\u00e9charger le rapport<\/a><br \/>\n<a href=\"https:\/\/www.yumpu.com\/en\/embed\/view\/iXVaW9Tkch1OH48s\" target=\"_blank\" rel=\"noopener noreferrer\">Flipbook<\/a><\/td>\n<td style=\"width: 2.0739%; height: auto;\"><\/td>\n<td style=\"width: 70.3997%; height: auto;\">Il s'agit de la quatri\u00e8me version de l'\"Empreinte carbone de l'emballage carton\" de Pro Carton, qui fait partie d'un rapport plus large sur les donn\u00e9es environnementales.<\/td>\n<\/tr>\n<tr style=\"height: 25px;\">\n<td style=\"width: 27.5264%; height: 25px;\"><\/td>\n<td style=\"width: 2.0739%; height: 25px;\"><\/td>\n<td style=\"width: 70.3997%; height: 25px;\"><\/td>\n<\/tr>\n<tr style=\"height: auto;\">\n<td style=\"width: 27.5264%; height: auto;\"><a href=\"https:\/\/www.procarton.com\/wp-content\/uploads\/2019\/10\/European-Environmental-Database-for-Cartonboard-and-Carton-Production-Pro-Carton-2019-1.docx\" target=\"_blank\" rel=\"noopener noreferrer\"><img loading=\"lazy\" decoding=\"async\" class=\"alignnone\" src=\"https:\/\/www.procarton.com\/wp-content\/uploads\/2019\/10\/front-cover-European-Environmental-Database-for-Cartonboard-and-Carton-Production-Pro-Carton-2019-page0001.jpg\" alt=\"\" width=\"1240\" height=\"1754\" \/><\/a><\/p>\n<p><a href=\"https:\/\/www.procarton.com\/wp-content\/uploads\/2019\/11\/European-Environmental-Database-for-Cartonboard-and-Carton-Production-Pro-Carton-2019.pdf\" target=\"_blank\" rel=\"noopener noreferrer\">T\u00e9l\u00e9charger le rapport<\/a><br \/>\n<a href=\"https:\/\/www.yumpu.com\/en\/embed\/view\/vDpkLsJjaYCXMW8N\" target=\"_blank\" rel=\"noopener noreferrer\">Flipbook<\/a><\/td>\n<td style=\"width: 25px; height: auto;\"><\/td>\n<td style=\"width: 70.3997%; height: auto;\">Cette base de donn\u00e9es environnementale europ\u00e9enne pour la production de carton et de carton plat contient des donn\u00e9es repr\u00e9sentatives de l'ensemble de l'industrie et contribue ainsi au corpus croissant de donn\u00e9es sur le cycle de vie dans le secteur de l'emballage en papier et en carton.<\/td>\n<\/tr>\n<tr style=\"height: 25px;\">\n<td style=\"width: 27.5264%; height: 25px;\"><\/td>\n<td style=\"width: 2.0739%; height: 25px;\"><\/td>\n<td style=\"width: 70.3997%; height: 25px;\"><\/td>\n<\/tr>\n<tr style=\"height: auto;\">\n<td style=\"width: 27.5264%; height: auto;\"><a href=\"https:\/\/www.procarton.com\/wp-content\/uploads\/2019\/11\/European-Environmental-Database-for-Cartonboard-and-Carton-Production-Pro-Carton-2019-FAQ.pdf\" target=\"_blank\" rel=\"noopener noreferrer\"><img loading=\"lazy\" decoding=\"async\" class=\"alignnone wp-image-218556 size-medium\" src=\"https:\/\/www.procarton.com\/wp-content\/uploads\/2019\/11\/FAQs-November-2019-Carbon-Footprint-Report-2-300x109.png\" alt=\"\" width=\"300\" height=\"109\" \/><\/a><\/p>\n<p><a href=\"https:\/\/www.procarton.com\/wp-content\/uploads\/2019\/11\/European-Environmental-Database-for-Cartonboard-and-Carton-Production-Pro-Carton-2019-FAQ.pdf\" target=\"_blank\" rel=\"noopener noreferrer\">T\u00e9l\u00e9charger les FAQ<\/a><\/td>\n<td style=\"width: 2.0739%; height: auto;\"><\/td>\n<td style=\"width: 70.3997%; height: auto;\">Questions et r\u00e9ponses sur les rapports.<\/td>\n<\/tr>\n<\/tbody>\n<\/table>","protected":false},"excerpt":{"rendered":"<p>Pro Carton are pleased to share their Carbon Footprint of Carton Packaging 2019 and the Environmental Data Report 2019 with Pro Carton members. These reports were compiled and written by RISE (Research Institutes of Sweden) and the raw data was also verified by ifeu (Institut f\u00fcr Energie- und Umweltforschung). The Carbon Footprint of Carton Packaging [&hellip;]<\/p>\n","protected":false},"author":1,"featured_media":0,"parent":266970,"menu_order":0,"comment_status":"closed","ping_status":"closed","template":"","meta":{"inline_featured_image":false,"footnotes":""},"class_list":["post-266980","page","type-page","status-publish","hentry"],"yoast_head":"<!-- This site is optimized with the Yoast SEO plugin v27.4 - https:\/\/yoast.com\/product\/yoast-seo-wordpress\/ -->\n<title>Carbon Footprint of Carton Packaging 2019 - Pro Carton<\/title>\n<meta name=\"robots\" content=\"index, follow, max-snippet:-1, max-image-preview:large, max-video-preview:-1\" \/>\n<link rel=\"canonical\" href=\"https:\/\/www.procarton.com\/fr\/members\/reports\/carbon-footprint-of-carton-packaging-2019\/\" \/>\n<meta property=\"og:locale\" content=\"fr_FR\" \/>\n<meta property=\"og:type\" content=\"article\" \/>\n<meta property=\"og:title\" content=\"Carbon Footprint of Carton Packaging 2019 - Pro Carton\" \/>\n<meta property=\"og:description\" content=\"Pro Carton are pleased to share their Carbon Footprint of Carton Packaging 2019 and the Environmental Data Report 2019 with Pro Carton members. These reports were compiled and written by RISE (Research Institutes of Sweden) and the raw data was also verified by ifeu (Institut f\u00fcr Energie- und Umweltforschung). The Carbon Footprint of Carton Packaging [&hellip;]\" \/>\n<meta property=\"og:url\" content=\"https:\/\/www.procarton.com\/fr\/members\/reports\/carbon-footprint-of-carton-packaging-2019\/\" \/>\n<meta property=\"og:site_name\" content=\"Pro Carton\" \/>\n<meta property=\"article:publisher\" content=\"https:\/\/www.facebook.com\/procartondesignaward\/\" \/>\n<meta property=\"og:image\" content=\"https:\/\/www.procarton.com\/wp-content\/uploads\/2019\/10\/PC-Carbon-Footprint-Font-Cover-1.jpg\" \/>\n<meta name=\"twitter:card\" content=\"summary_large_image\" \/>\n<meta name=\"twitter:site\" content=\"@pro_carton\" \/>\n<meta name=\"twitter:label1\" content=\"Dur\u00e9e de lecture estim\u00e9e\" \/>\n\t<meta name=\"twitter:data1\" content=\"1 minute\" \/>\n<script type=\"application\/ld+json\" class=\"yoast-schema-graph\">{\"@context\":\"https:\\\/\\\/schema.org\",\"@graph\":[{\"@type\":\"WebPage\",\"@id\":\"https:\\\/\\\/www.procarton.com\\\/es\\\/members\\\/reports\\\/carbon-footprint-of-carton-packaging-2019\\\/\",\"url\":\"https:\\\/\\\/www.procarton.com\\\/es\\\/members\\\/reports\\\/carbon-footprint-of-carton-packaging-2019\\\/\",\"name\":\"Carbon Footprint of Carton Packaging 2019 - Pro Carton\",\"isPartOf\":{\"@id\":\"https:\\\/\\\/www.procarton.com\\\/es\\\/#website\"},\"primaryImageOfPage\":{\"@id\":\"https:\\\/\\\/www.procarton.com\\\/es\\\/members\\\/reports\\\/carbon-footprint-of-carton-packaging-2019\\\/#primaryimage\"},\"image\":{\"@id\":\"https:\\\/\\\/www.procarton.com\\\/es\\\/members\\\/reports\\\/carbon-footprint-of-carton-packaging-2019\\\/#primaryimage\"},\"thumbnailUrl\":\"https:\\\/\\\/www.procarton.com\\\/wp-content\\\/uploads\\\/2019\\\/10\\\/PC-Carbon-Footprint-Font-Cover-1.jpg\",\"datePublished\":\"2021-11-11T09:19:54+00:00\",\"breadcrumb\":{\"@id\":\"https:\\\/\\\/www.procarton.com\\\/es\\\/members\\\/reports\\\/carbon-footprint-of-carton-packaging-2019\\\/#breadcrumb\"},\"inLanguage\":\"fr-FR\",\"potentialAction\":[{\"@type\":\"ReadAction\",\"target\":[\"https:\\\/\\\/www.procarton.com\\\/es\\\/members\\\/reports\\\/carbon-footprint-of-carton-packaging-2019\\\/\"]}]},{\"@type\":\"ImageObject\",\"inLanguage\":\"fr-FR\",\"@id\":\"https:\\\/\\\/www.procarton.com\\\/es\\\/members\\\/reports\\\/carbon-footprint-of-carton-packaging-2019\\\/#primaryimage\",\"url\":\"https:\\\/\\\/www.procarton.com\\\/wp-content\\\/uploads\\\/2019\\\/10\\\/PC-Carbon-Footprint-Font-Cover-1.jpg\",\"contentUrl\":\"https:\\\/\\\/www.procarton.com\\\/wp-content\\\/uploads\\\/2019\\\/10\\\/PC-Carbon-Footprint-Font-Cover-1.jpg\"},{\"@type\":\"BreadcrumbList\",\"@id\":\"https:\\\/\\\/www.procarton.com\\\/es\\\/members\\\/reports\\\/carbon-footprint-of-carton-packaging-2019\\\/#breadcrumb\",\"itemListElement\":[{\"@type\":\"ListItem\",\"position\":1,\"name\":\"Home\",\"item\":\"https:\\\/\\\/www.procarton.com\\\/\"},{\"@type\":\"ListItem\",\"position\":2,\"name\":\"Members Area\",\"item\":\"https:\\\/\\\/www.procarton.com\\\/members\\\/\"},{\"@type\":\"ListItem\",\"position\":3,\"name\":\"Reports\",\"item\":\"https:\\\/\\\/www.procarton.com\\\/es\\\/?page_id=266970\"},{\"@type\":\"ListItem\",\"position\":4,\"name\":\"Carbon Footprint of Carton Packaging 2019\"}]},{\"@type\":\"WebSite\",\"@id\":\"https:\\\/\\\/www.procarton.com\\\/es\\\/#website\",\"url\":\"https:\\\/\\\/www.procarton.com\\\/es\\\/\",\"name\":\"Pro Carton\",\"description\":\"\",\"publisher\":{\"@id\":\"https:\\\/\\\/www.procarton.com\\\/es\\\/#organization\"},\"potentialAction\":[{\"@type\":\"SearchAction\",\"target\":{\"@type\":\"EntryPoint\",\"urlTemplate\":\"https:\\\/\\\/www.procarton.com\\\/es\\\/?s={search_term_string}\"},\"query-input\":{\"@type\":\"PropertyValueSpecification\",\"valueRequired\":true,\"valueName\":\"search_term_string\"}}],\"inLanguage\":\"fr-FR\"},{\"@type\":\"Organization\",\"@id\":\"https:\\\/\\\/www.procarton.com\\\/es\\\/#organization\",\"name\":\"ProCarton\",\"url\":\"https:\\\/\\\/www.procarton.com\\\/es\\\/\",\"logo\":{\"@type\":\"ImageObject\",\"inLanguage\":\"fr-FR\",\"@id\":\"https:\\\/\\\/www.procarton.com\\\/es\\\/#\\\/schema\\\/logo\\\/image\\\/\",\"url\":\"https:\\\/\\\/www.procarton.com\\\/wp-content\\\/uploads\\\/2022\\\/06\\\/logo-mit-slogan.jpg\",\"contentUrl\":\"https:\\\/\\\/www.procarton.com\\\/wp-content\\\/uploads\\\/2022\\\/06\\\/logo-mit-slogan.jpg\",\"width\":422,\"height\":519,\"caption\":\"ProCarton\"},\"image\":{\"@id\":\"https:\\\/\\\/www.procarton.com\\\/es\\\/#\\\/schema\\\/logo\\\/image\\\/\"},\"sameAs\":[\"https:\\\/\\\/www.facebook.com\\\/procartondesignaward\\\/\",\"https:\\\/\\\/x.com\\\/pro_carton\"]}]}<\/script>\n<!-- \/ Yoast SEO plugin. -->","yoast_head_json":{"title":"Empreinte carbone de l'emballage carton 2019 - Pro Carton","robots":{"index":"index","follow":"follow","max-snippet":"max-snippet:-1","max-image-preview":"max-image-preview:large","max-video-preview":"max-video-preview:-1"},"canonical":"https:\/\/www.procarton.com\/fr\/members\/reports\/carbon-footprint-of-carton-packaging-2019\/","og_locale":"fr_FR","og_type":"article","og_title":"Carbon Footprint of Carton Packaging 2019 - Pro Carton","og_description":"Pro Carton are pleased to share their Carbon Footprint of Carton Packaging 2019 and the Environmental Data Report 2019 with Pro Carton members. These reports were compiled and written by RISE (Research Institutes of Sweden) and the raw data was also verified by ifeu (Institut f\u00fcr Energie- und Umweltforschung). The Carbon Footprint of Carton Packaging [&hellip;]","og_url":"https:\/\/www.procarton.com\/fr\/members\/reports\/carbon-footprint-of-carton-packaging-2019\/","og_site_name":"Pro Carton","article_publisher":"https:\/\/www.facebook.com\/procartondesignaward\/","og_image":[{"url":"https:\/\/www.procarton.com\/wp-content\/uploads\/2019\/10\/PC-Carbon-Footprint-Font-Cover-1.jpg","type":"","width":"","height":""}],"twitter_card":"summary_large_image","twitter_site":"@pro_carton","twitter_misc":{"Dur\u00e9e de lecture estim\u00e9e":"1 minute"},"schema":{"@context":"https:\/\/schema.org","@graph":[{"@type":"WebPage","@id":"https:\/\/www.procarton.com\/es\/members\/reports\/carbon-footprint-of-carton-packaging-2019\/","url":"https:\/\/www.procarton.com\/es\/members\/reports\/carbon-footprint-of-carton-packaging-2019\/","name":"Empreinte carbone de l'emballage carton 2019 - Pro Carton","isPartOf":{"@id":"https:\/\/www.procarton.com\/es\/#website"},"primaryImageOfPage":{"@id":"https:\/\/www.procarton.com\/es\/members\/reports\/carbon-footprint-of-carton-packaging-2019\/#primaryimage"},"image":{"@id":"https:\/\/www.procarton.com\/es\/members\/reports\/carbon-footprint-of-carton-packaging-2019\/#primaryimage"},"thumbnailUrl":"https:\/\/www.procarton.com\/wp-content\/uploads\/2019\/10\/PC-Carbon-Footprint-Font-Cover-1.jpg","datePublished":"2021-11-11T09:19:54+00:00","breadcrumb":{"@id":"https:\/\/www.procarton.com\/es\/members\/reports\/carbon-footprint-of-carton-packaging-2019\/#breadcrumb"},"inLanguage":"fr-FR","potentialAction":[{"@type":"ReadAction","target":["https:\/\/www.procarton.com\/es\/members\/reports\/carbon-footprint-of-carton-packaging-2019\/"]}]},{"@type":"ImageObject","inLanguage":"fr-FR","@id":"https:\/\/www.procarton.com\/es\/members\/reports\/carbon-footprint-of-carton-packaging-2019\/#primaryimage","url":"https:\/\/www.procarton.com\/wp-content\/uploads\/2019\/10\/PC-Carbon-Footprint-Font-Cover-1.jpg","contentUrl":"https:\/\/www.procarton.com\/wp-content\/uploads\/2019\/10\/PC-Carbon-Footprint-Font-Cover-1.jpg"},{"@type":"BreadcrumbList","@id":"https:\/\/www.procarton.com\/es\/members\/reports\/carbon-footprint-of-carton-packaging-2019\/#breadcrumb","itemListElement":[{"@type":"ListItem","position":1,"name":"Home","item":"https:\/\/www.procarton.com\/"},{"@type":"ListItem","position":2,"name":"Members Area","item":"https:\/\/www.procarton.com\/members\/"},{"@type":"ListItem","position":3,"name":"Reports","item":"https:\/\/www.procarton.com\/es\/?page_id=266970"},{"@type":"ListItem","position":4,"name":"Carbon Footprint of Carton Packaging 2019"}]},{"@type":"WebSite","@id":"https:\/\/www.procarton.com\/es\/#website","url":"https:\/\/www.procarton.com\/es\/","name":"Pro Carton","description":"","publisher":{"@id":"https:\/\/www.procarton.com\/es\/#organization"},"potentialAction":[{"@type":"SearchAction","target":{"@type":"EntryPoint","urlTemplate":"https:\/\/www.procarton.com\/es\/?s={search_term_string}"},"query-input":{"@type":"PropertyValueSpecification","valueRequired":true,"valueName":"search_term_string"}}],"inLanguage":"fr-FR"},{"@type":"Organization","@id":"https:\/\/www.procarton.com\/es\/#organization","name":"ProCarton","url":"https:\/\/www.procarton.com\/es\/","logo":{"@type":"ImageObject","inLanguage":"fr-FR","@id":"https:\/\/www.procarton.com\/es\/#\/schema\/logo\/image\/","url":"https:\/\/www.procarton.com\/wp-content\/uploads\/2022\/06\/logo-mit-slogan.jpg","contentUrl":"https:\/\/www.procarton.com\/wp-content\/uploads\/2022\/06\/logo-mit-slogan.jpg","width":422,"height":519,"caption":"ProCarton"},"image":{"@id":"https:\/\/www.procarton.com\/es\/#\/schema\/logo\/image\/"},"sameAs":["https:\/\/www.facebook.com\/procartondesignaward\/","https:\/\/x.com\/pro_carton"]}]}},"_links":{"self":[{"href":"https:\/\/www.procarton.com\/fr\/wp-json\/wp\/v2\/pages\/266980","targetHints":{"allow":["GET"]}}],"collection":[{"href":"https:\/\/www.procarton.com\/fr\/wp-json\/wp\/v2\/pages"}],"about":[{"href":"https:\/\/www.procarton.com\/fr\/wp-json\/wp\/v2\/types\/page"}],"author":[{"embeddable":true,"href":"https:\/\/www.procarton.com\/fr\/wp-json\/wp\/v2\/users\/1"}],"replies":[{"embeddable":true,"href":"https:\/\/www.procarton.com\/fr\/wp-json\/wp\/v2\/comments?post=266980"}],"version-history":[{"count":2,"href":"https:\/\/www.procarton.com\/fr\/wp-json\/wp\/v2\/pages\/266980\/revisions"}],"predecessor-version":[{"id":267070,"href":"https:\/\/www.procarton.com\/fr\/wp-json\/wp\/v2\/pages\/266980\/revisions\/267070"}],"up":[{"embeddable":true,"href":"https:\/\/www.procarton.com\/fr\/wp-json\/wp\/v2\/pages\/266970"}],"wp:attachment":[{"href":"https:\/\/www.procarton.com\/fr\/wp-json\/wp\/v2\/media?parent=266980"}],"curies":[{"name":"wp","href":"https:\/\/api.w.org\/{rel}","templated":true}]}}