{"id":266973,"date":"2021-11-11T09:12:37","date_gmt":"2021-11-11T09:12:37","guid":{"rendered":"https:\/\/www.procarton.com\/?page_id=266973"},"modified":"2023-02-02T12:22:07","modified_gmt":"2023-02-02T12:22:07","slug":"marketing-communications","status":"publish","type":"page","link":"https:\/\/www.procarton.com\/fr\/members\/marketing-communications\/","title":{"rendered":"Marketing et communications"},"content":{"rendered":"<p><strong>La section Marketing &amp; Communication offre des informations et des services sp\u00e9cialement destin\u00e9s aux membres, m\u00e9c\u00e8nes et partenaires de Pro Carton.<\/strong><\/p>\n<p>Cette section pr\u00e9sente une s\u00e9lection de publications r\u00e9serv\u00e9es aux membres, des pr\u00e9sentations, des coupures de presse, des informations sur 4evergreen et #GreenSource ainsi que les logos des membres et les d\u00e9tails de la strat\u00e9gie Pro Carton.<\/p>","protected":false},"excerpt":{"rendered":"<p>La section Marketing &amp; Communications offre des informations et des services sp\u00e9cialement destin\u00e9s aux membres, aux clients et aux partenaires de Pro Carton. Cette section comprend une s\u00e9lection de publications, de pr\u00e9sentations et de coupures de presse r\u00e9serv\u00e9es aux membres, des informations sur 4evergreen et #GreenSource ainsi que les logos des membres et des d\u00e9tails sur la strat\u00e9gie de Pro Carton.<\/p>","protected":false},"author":1,"featured_media":0,"parent":157,"menu_order":2,"comment_status":"closed","ping_status":"closed","template":"templates\/members-marketing.php","meta":{"inline_featured_image":false,"footnotes":""},"class_list":["post-266973","page","type-page","status-publish","hentry"],"yoast_head":"<!-- This site is optimized with the Yoast SEO plugin v27.4 - https:\/\/yoast.com\/product\/yoast-seo-wordpress\/ -->\n<title>Marketing &amp; Communications - Pro Carton<\/title>\n<meta name=\"robots\" content=\"index, follow, max-snippet:-1, max-image-preview:large, max-video-preview:-1\" \/>\n<link rel=\"canonical\" href=\"https:\/\/www.procarton.com\/fr\/members\/marketing-communications\/\" \/>\n<meta property=\"og:locale\" content=\"fr_FR\" \/>\n<meta property=\"og:type\" content=\"article\" \/>\n<meta property=\"og:title\" content=\"Marketing &amp; Communications - Pro Carton\" \/>\n<meta property=\"og:description\" content=\"The Marketing &amp; Communications Section offers information and services specially to the members, patrons and partners of Pro Carton. This section features a selection of Members-only Publications, Presentations, Press Cuttings, information on 4evergreen and #GreenSource as well as Members logos and detail of the Pro Carton Strategy.\" \/>\n<meta property=\"og:url\" content=\"https:\/\/www.procarton.com\/fr\/members\/marketing-communications\/\" \/>\n<meta property=\"og:site_name\" content=\"Pro Carton\" \/>\n<meta property=\"article:publisher\" content=\"https:\/\/www.facebook.com\/procartondesignaward\/\" \/>\n<meta property=\"article:modified_time\" content=\"2023-02-02T12:22:07+00:00\" \/>\n<meta name=\"twitter:card\" content=\"summary_large_image\" \/>\n<meta name=\"twitter:site\" content=\"@pro_carton\" \/>\n<meta name=\"twitter:label1\" content=\"Dur\u00e9e de lecture estim\u00e9e\" \/>\n\t<meta name=\"twitter:data1\" content=\"1 minute\" \/>\n<script type=\"application\/ld+json\" class=\"yoast-schema-graph\">{\"@context\":\"https:\\\/\\\/schema.org\",\"@graph\":[{\"@type\":\"WebPage\",\"@id\":\"https:\\\/\\\/www.procarton.com\\\/members\\\/marketing-communications\\\/\",\"url\":\"https:\\\/\\\/www.procarton.com\\\/members\\\/marketing-communications\\\/\",\"name\":\"Marketing & Communications - Pro Carton\",\"isPartOf\":{\"@id\":\"https:\\\/\\\/www.procarton.com\\\/es\\\/#website\"},\"datePublished\":\"2021-11-11T09:12:37+00:00\",\"dateModified\":\"2023-02-02T12:22:07+00:00\",\"breadcrumb\":{\"@id\":\"https:\\\/\\\/www.procarton.com\\\/members\\\/marketing-communications\\\/#breadcrumb\"},\"inLanguage\":\"fr-FR\",\"potentialAction\":[{\"@type\":\"ReadAction\",\"target\":[\"https:\\\/\\\/www.procarton.com\\\/members\\\/marketing-communications\\\/\"]}]},{\"@type\":\"BreadcrumbList\",\"@id\":\"https:\\\/\\\/www.procarton.com\\\/members\\\/marketing-communications\\\/#breadcrumb\",\"itemListElement\":[{\"@type\":\"ListItem\",\"position\":1,\"name\":\"Home\",\"item\":\"https:\\\/\\\/www.procarton.com\\\/\"},{\"@type\":\"ListItem\",\"position\":2,\"name\":\"Members Area\",\"item\":\"https:\\\/\\\/www.procarton.com\\\/members\\\/\"},{\"@type\":\"ListItem\",\"position\":3,\"name\":\"Marketing &#038; Communications\"}]},{\"@type\":\"WebSite\",\"@id\":\"https:\\\/\\\/www.procarton.com\\\/es\\\/#website\",\"url\":\"https:\\\/\\\/www.procarton.com\\\/es\\\/\",\"name\":\"Pro Carton\",\"description\":\"\",\"publisher\":{\"@id\":\"https:\\\/\\\/www.procarton.com\\\/es\\\/#organization\"},\"potentialAction\":[{\"@type\":\"SearchAction\",\"target\":{\"@type\":\"EntryPoint\",\"urlTemplate\":\"https:\\\/\\\/www.procarton.com\\\/es\\\/?s={search_term_string}\"},\"query-input\":{\"@type\":\"PropertyValueSpecification\",\"valueRequired\":true,\"valueName\":\"search_term_string\"}}],\"inLanguage\":\"fr-FR\"},{\"@type\":\"Organization\",\"@id\":\"https:\\\/\\\/www.procarton.com\\\/es\\\/#organization\",\"name\":\"ProCarton\",\"url\":\"https:\\\/\\\/www.procarton.com\\\/es\\\/\",\"logo\":{\"@type\":\"ImageObject\",\"inLanguage\":\"fr-FR\",\"@id\":\"https:\\\/\\\/www.procarton.com\\\/es\\\/#\\\/schema\\\/logo\\\/image\\\/\",\"url\":\"https:\\\/\\\/www.procarton.com\\\/wp-content\\\/uploads\\\/2022\\\/06\\\/logo-mit-slogan.jpg\",\"contentUrl\":\"https:\\\/\\\/www.procarton.com\\\/wp-content\\\/uploads\\\/2022\\\/06\\\/logo-mit-slogan.jpg\",\"width\":422,\"height\":519,\"caption\":\"ProCarton\"},\"image\":{\"@id\":\"https:\\\/\\\/www.procarton.com\\\/es\\\/#\\\/schema\\\/logo\\\/image\\\/\"},\"sameAs\":[\"https:\\\/\\\/www.facebook.com\\\/procartondesignaward\\\/\",\"https:\\\/\\\/x.com\\\/pro_carton\"]}]}<\/script>\n<!-- \/ Yoast SEO plugin. -->","yoast_head_json":{"title":"Marketing et communications - Pro Carton","robots":{"index":"index","follow":"follow","max-snippet":"max-snippet:-1","max-image-preview":"max-image-preview:large","max-video-preview":"max-video-preview:-1"},"canonical":"https:\/\/www.procarton.com\/fr\/members\/marketing-communications\/","og_locale":"fr_FR","og_type":"article","og_title":"Marketing & Communications - Pro Carton","og_description":"The Marketing &amp; Communications Section offers information and services specially to the members, patrons and partners of Pro Carton. This section features a selection of Members-only Publications, Presentations, Press Cuttings, information on 4evergreen and #GreenSource as well as Members logos and detail of the Pro Carton Strategy.","og_url":"https:\/\/www.procarton.com\/fr\/members\/marketing-communications\/","og_site_name":"Pro Carton","article_publisher":"https:\/\/www.facebook.com\/procartondesignaward\/","article_modified_time":"2023-02-02T12:22:07+00:00","twitter_card":"summary_large_image","twitter_site":"@pro_carton","twitter_misc":{"Dur\u00e9e de lecture estim\u00e9e":"1 minute"},"schema":{"@context":"https:\/\/schema.org","@graph":[{"@type":"WebPage","@id":"https:\/\/www.procarton.com\/members\/marketing-communications\/","url":"https:\/\/www.procarton.com\/members\/marketing-communications\/","name":"Marketing et communications - Pro Carton","isPartOf":{"@id":"https:\/\/www.procarton.com\/es\/#website"},"datePublished":"2021-11-11T09:12:37+00:00","dateModified":"2023-02-02T12:22:07+00:00","breadcrumb":{"@id":"https:\/\/www.procarton.com\/members\/marketing-communications\/#breadcrumb"},"inLanguage":"fr-FR","potentialAction":[{"@type":"ReadAction","target":["https:\/\/www.procarton.com\/members\/marketing-communications\/"]}]},{"@type":"BreadcrumbList","@id":"https:\/\/www.procarton.com\/members\/marketing-communications\/#breadcrumb","itemListElement":[{"@type":"ListItem","position":1,"name":"Home","item":"https:\/\/www.procarton.com\/"},{"@type":"ListItem","position":2,"name":"Members Area","item":"https:\/\/www.procarton.com\/members\/"},{"@type":"ListItem","position":3,"name":"Marketing &#038; Communications"}]},{"@type":"WebSite","@id":"https:\/\/www.procarton.com\/es\/#website","url":"https:\/\/www.procarton.com\/es\/","name":"Pro Carton","description":"","publisher":{"@id":"https:\/\/www.procarton.com\/es\/#organization"},"potentialAction":[{"@type":"SearchAction","target":{"@type":"EntryPoint","urlTemplate":"https:\/\/www.procarton.com\/es\/?s={search_term_string}"},"query-input":{"@type":"PropertyValueSpecification","valueRequired":true,"valueName":"search_term_string"}}],"inLanguage":"fr-FR"},{"@type":"Organization","@id":"https:\/\/www.procarton.com\/es\/#organization","name":"ProCarton","url":"https:\/\/www.procarton.com\/es\/","logo":{"@type":"ImageObject","inLanguage":"fr-FR","@id":"https:\/\/www.procarton.com\/es\/#\/schema\/logo\/image\/","url":"https:\/\/www.procarton.com\/wp-content\/uploads\/2022\/06\/logo-mit-slogan.jpg","contentUrl":"https:\/\/www.procarton.com\/wp-content\/uploads\/2022\/06\/logo-mit-slogan.jpg","width":422,"height":519,"caption":"ProCarton"},"image":{"@id":"https:\/\/www.procarton.com\/es\/#\/schema\/logo\/image\/"},"sameAs":["https:\/\/www.facebook.com\/procartondesignaward\/","https:\/\/x.com\/pro_carton"]}]}},"_links":{"self":[{"href":"https:\/\/www.procarton.com\/fr\/wp-json\/wp\/v2\/pages\/266973","targetHints":{"allow":["GET"]}}],"collection":[{"href":"https:\/\/www.procarton.com\/fr\/wp-json\/wp\/v2\/pages"}],"about":[{"href":"https:\/\/www.procarton.com\/fr\/wp-json\/wp\/v2\/types\/page"}],"author":[{"embeddable":true,"href":"https:\/\/www.procarton.com\/fr\/wp-json\/wp\/v2\/users\/1"}],"replies":[{"embeddable":true,"href":"https:\/\/www.procarton.com\/fr\/wp-json\/wp\/v2\/comments?post=266973"}],"version-history":[{"count":5,"href":"https:\/\/www.procarton.com\/fr\/wp-json\/wp\/v2\/pages\/266973\/revisions"}],"predecessor-version":[{"id":284299,"href":"https:\/\/www.procarton.com\/fr\/wp-json\/wp\/v2\/pages\/266973\/revisions\/284299"}],"up":[{"embeddable":true,"href":"https:\/\/www.procarton.com\/fr\/wp-json\/wp\/v2\/pages\/157"}],"wp:attachment":[{"href":"https:\/\/www.procarton.com\/fr\/wp-json\/wp\/v2\/media?parent=266973"}],"curies":[{"name":"wp","href":"https:\/\/api.w.org\/{rel}","templated":true}]}}