{"id":258887,"date":"2021-03-19T15:50:22","date_gmt":"2021-03-19T15:50:22","guid":{"rendered":"\/awards\/european-carton-excellence-award\/2006\/photos-videos\/"},"modified":"2022-01-10T09:21:59","modified_gmt":"2022-01-10T09:21:59","slug":"photos","status":"publish","type":"page","link":"https:\/\/www.procarton.com\/fr\/awards\/european-carton-excellence-award\/2006-2\/photos\/","title":{"rendered":"Photos"},"content":{"rendered":"<figure class=\"wp-block-gallery columns-3 is-cropped wp-block-gallery-1 is-layout-flex wp-block-gallery-is-layout-flex\">\r\n<ul class=\"blocks-gallery-grid\">\r\n<li class=\"blocks-gallery-item\">\r\n<figure><a href=\"\/wp-content\/uploads\/2021\/03\/2006_9.jpg\"><img loading=\"lazy\" decoding=\"async\" width=\"155\" height=\"100\" class=\"wp-image-258897\" src=\"\/wp-content\/uploads\/2021\/03\/2006_9.jpg\" alt=\"\" data-id=\"258897\" data-full-url=\"\/wp-content\/uploads\/2021\/03\/2006_9.jpg\" data-link=\"\/awards\/european-carton-excellence-award\/2006\/photos\/2006_9\/\" srcset=\"https:\/\/www.procarton.com\/wp-content\/uploads\/2021\/03\/2006_9.jpg 155w, https:\/\/www.procarton.com\/wp-content\/uploads\/2021\/03\/2006_9-18x12.jpg 18w\" sizes=\"auto, (max-width: 155px) 100vw, 155px\" \/><\/a>\r\n<figcaption class=\"blocks-gallery-item__caption\">Tous les autres produits non alimentaires Manfred Aumann (C) et Christian Schiffers (R) repr\u00e9sentant Neudel Verpackungen avec Alex Baumgartner, pr\u00e9sident de l'ECMA<\/figcaption>\r\n<\/figure>\r\n<\/li>\r\n<li class=\"blocks-gallery-item\">\r\n<figure><a href=\"\/wp-content\/uploads\/2021\/03\/2006_1.jpg\"><img loading=\"lazy\" decoding=\"async\" width=\"155\" height=\"100\" class=\"wp-image-258889\" src=\"\/wp-content\/uploads\/2021\/03\/2006_1.jpg\" alt=\"\" data-id=\"258889\" data-full-url=\"\/wp-content\/uploads\/2021\/03\/2006_1.jpg\" data-link=\"\/awards\/european-carton-excellence-award\/2006\/photos\/2006_1\/\" srcset=\"https:\/\/www.procarton.com\/wp-content\/uploads\/2021\/03\/2006_1.jpg 155w, https:\/\/www.procarton.com\/wp-content\/uploads\/2021\/03\/2006_1-18x12.jpg 18w\" sizes=\"auto, (max-width: 155px) 100vw, 155px\" \/><\/a>\r\n<figcaption class=\"blocks-gallery-item__caption\">Carton of the Year de gauche \u00e0 droite : Per Lundeen, A &amp; R Carton, Mike Clark, pr\u00e9sident de Pro Carton, Harald Schulz, A &amp; R Carton et Richard Dalgleish, directeur g\u00e9n\u00e9ral de Pro Carton.<\/figcaption>\r\n<\/figure>\r\n<\/li>\r\n<li class=\"blocks-gallery-item\">\r\n<figure><a href=\"\/wp-content\/uploads\/2021\/03\/2006_2.jpg\"><img loading=\"lazy\" decoding=\"async\" width=\"155\" height=\"100\" class=\"wp-image-258890\" src=\"\/wp-content\/uploads\/2021\/03\/2006_2.jpg\" alt=\"\" data-id=\"258890\" data-full-url=\"\/wp-content\/uploads\/2021\/03\/2006_2.jpg\" data-link=\"\/awards\/european-carton-excellence-award\/2006\/photos\/2006_2\/\" srcset=\"https:\/\/www.procarton.com\/wp-content\/uploads\/2021\/03\/2006_2.jpg 155w, https:\/\/www.procarton.com\/wp-content\/uploads\/2021\/03\/2006_2-18x12.jpg 18w\" sizes=\"auto, (max-width: 155px) 100vw, 155px\" \/><\/a>\r\n<figcaption class=\"blocks-gallery-item__caption\">Le carton le plus innovant Jef Verplaetse de Van Genechten Packaging (R) avec Alex Baumgartner, pr\u00e9sident de l'ECMA<\/figcaption>\r\n<\/figure>\r\n<\/li>\r\n<li class=\"blocks-gallery-item\">\r\n<figure><a href=\"\/wp-content\/uploads\/2021\/03\/2006_3.jpg\"><img loading=\"lazy\" decoding=\"async\" width=\"155\" height=\"100\" class=\"wp-image-258891\" src=\"\/wp-content\/uploads\/2021\/03\/2006_3.jpg\" alt=\"\" data-id=\"258891\" data-full-url=\"\/wp-content\/uploads\/2021\/03\/2006_3.jpg\" data-link=\"\/awards\/european-carton-excellence-award\/2006\/photos\/2006_3\/\" srcset=\"https:\/\/www.procarton.com\/wp-content\/uploads\/2021\/03\/2006_3.jpg 155w, https:\/\/www.procarton.com\/wp-content\/uploads\/2021\/03\/2006_3-18x12.jpg 18w\" sizes=\"auto, (max-width: 155px) 100vw, 155px\" \/><\/a>\r\n<figcaption class=\"blocks-gallery-item__caption\">Beaut\u00e9 &amp; Cosm\u00e9tiques Christian Schiffers(L) repr\u00e9sentant CD Cartondruk avec Alex Baumgartner, Pr\u00e9sident de l'ECMA<\/figcaption>\r\n<\/figure>\r\n<\/li>\r\n<li class=\"blocks-gallery-item\">\r\n<figure><a href=\"\/wp-content\/uploads\/2021\/03\/2006_4.jpg\"><img loading=\"lazy\" decoding=\"async\" width=\"155\" height=\"100\" class=\"wp-image-258892\" src=\"\/wp-content\/uploads\/2021\/03\/2006_4.jpg\" alt=\"\" data-id=\"258892\" data-full-url=\"\/wp-content\/uploads\/2021\/03\/2006_4.jpg\" data-link=\"\/awards\/european-carton-excellence-award\/2006\/photos\/2006_4\/\" srcset=\"https:\/\/www.procarton.com\/wp-content\/uploads\/2021\/03\/2006_4.jpg 155w, https:\/\/www.procarton.com\/wp-content\/uploads\/2021\/03\/2006_4-18x12.jpg 18w\" sizes=\"auto, (max-width: 155px) 100vw, 155px\" \/><\/a>\r\n<figcaption class=\"blocks-gallery-item__caption\">Cat\u00e9gorie boissons Alex Baumgartner (L) de STI Stabernack avec Mike Clark, pr\u00e9sident de Pro Carton<\/figcaption>\r\n<\/figure>\r\n<\/li>\r\n<li class=\"blocks-gallery-item\">\r\n<figure><a href=\"\/wp-content\/uploads\/2021\/03\/2006_5.jpg\"><img loading=\"lazy\" decoding=\"async\" width=\"155\" height=\"100\" class=\"wp-image-258893\" src=\"\/wp-content\/uploads\/2021\/03\/2006_5.jpg\" alt=\"\" data-id=\"258893\" data-full-url=\"\/wp-content\/uploads\/2021\/03\/2006_5.jpg\" data-link=\"\/awards\/european-carton-excellence-award\/2006\/photos\/2006_5\/\" srcset=\"https:\/\/www.procarton.com\/wp-content\/uploads\/2021\/03\/2006_5.jpg 155w, https:\/\/www.procarton.com\/wp-content\/uploads\/2021\/03\/2006_5-18x12.jpg 18w\" sizes=\"auto, (max-width: 155px) 100vw, 155px\" \/><\/a>\r\n<figcaption class=\"blocks-gallery-item__caption\">Cat\u00e9gorie confiserie Wolfgang Baumann de Field Deutschland (L) avec Alex Baumgartner, pr\u00e9sident de l'ECMA<\/figcaption>\r\n<\/figure>\r\n<\/li>\r\n<li class=\"blocks-gallery-item\">\r\n<figure><a href=\"\/wp-content\/uploads\/2021\/03\/2006_6.jpg\"><img loading=\"lazy\" decoding=\"async\" width=\"155\" height=\"100\" class=\"wp-image-258894\" src=\"\/wp-content\/uploads\/2021\/03\/2006_6.jpg\" alt=\"\" data-id=\"258894\" data-full-url=\"\/wp-content\/uploads\/2021\/03\/2006_6.jpg\" data-link=\"\/awards\/european-carton-excellence-award\/2006\/photos\/2006_6\/\" srcset=\"https:\/\/www.procarton.com\/wp-content\/uploads\/2021\/03\/2006_6.jpg 155w, https:\/\/www.procarton.com\/wp-content\/uploads\/2021\/03\/2006_6-18x12.jpg 18w\" sizes=\"auto, (max-width: 155px) 100vw, 155px\" \/><\/a>\r\n<figcaption class=\"blocks-gallery-item__caption\">Michael Faller (\u00e0 gauche) et Herbert Jochum (\u00e0 droite) d'August Faller avec MIke Clark, pr\u00e9sident de Pro Carton.<\/figcaption>\r\n<\/figure>\r\n<\/li>\r\n<li class=\"blocks-gallery-item\">\r\n<figure><a href=\"\/wp-content\/uploads\/2021\/03\/2006_7.jpg\"><img loading=\"lazy\" decoding=\"async\" width=\"155\" height=\"100\" class=\"wp-image-258895\" src=\"\/wp-content\/uploads\/2021\/03\/2006_7.jpg\" alt=\"\" data-id=\"258895\" data-full-url=\"\/wp-content\/uploads\/2021\/03\/2006_7.jpg\" data-link=\"\/awards\/european-carton-excellence-award\/2006\/photos\/2006_7\/\" srcset=\"https:\/\/www.procarton.com\/wp-content\/uploads\/2021\/03\/2006_7.jpg 155w, https:\/\/www.procarton.com\/wp-content\/uploads\/2021\/03\/2006_7-18x12.jpg 18w\" sizes=\"auto, (max-width: 155px) 100vw, 155px\" \/><\/a>\r\n<figcaption class=\"blocks-gallery-item__caption\">Pr\u00e9paration et pr\u00e9sentation des \u00e9tag\u00e8res Wolfgang Bahmann de Field Deutschland (L) avec Alex Baumgartner, pr\u00e9sident de l'ECMA<\/figcaption>\r\n<\/figure>\r\n<\/li>\r\n<li class=\"blocks-gallery-item\">\r\n<figure><a href=\"\/wp-content\/uploads\/2021\/03\/2006_8.jpg\"><img loading=\"lazy\" decoding=\"async\" width=\"155\" height=\"100\" class=\"wp-image-258896\" src=\"\/wp-content\/uploads\/2021\/03\/2006_8.jpg\" alt=\"\" data-id=\"258896\" data-full-url=\"\/wp-content\/uploads\/2021\/03\/2006_8.jpg\" data-link=\"\/awards\/european-carton-excellence-award\/2006\/photos\/2006_8\/\" srcset=\"https:\/\/www.procarton.com\/wp-content\/uploads\/2021\/03\/2006_8.jpg 155w, https:\/\/www.procarton.com\/wp-content\/uploads\/2021\/03\/2006_8-18x12.jpg 18w\" sizes=\"auto, (max-width: 155px) 100vw, 155px\" \/><\/a>\r\n<figcaption class=\"blocks-gallery-item__caption\">Tous les autres aliments Jef Verplaetse de Van Genechten Packaging (L) avec Mike Clark, pr\u00e9sident de Pro Carton<\/figcaption>\r\n<\/figure>\r\n<\/li>\r\n<\/ul>\r\n<\/figure>","protected":false},"excerpt":{"rendered":"","protected":false},"author":1,"featured_media":0,"parent":258284,"menu_order":1,"comment_status":"closed","ping_status":"closed","template":"templates\/award_details_page.php","meta":{"inline_featured_image":false,"footnotes":""},"class_list":["post-258887","page","type-page","status-publish","hentry"],"yoast_head":"<!-- This site is optimized with the Yoast SEO plugin v27.4 - https:\/\/yoast.com\/product\/yoast-seo-wordpress\/ -->\n<title>Photos - Pro Carton<\/title>\n<meta name=\"robots\" content=\"index, follow, max-snippet:-1, max-image-preview:large, max-video-preview:-1\" \/>\n<link rel=\"canonical\" href=\"https:\/\/www.procarton.com\/fr\/awards\/european-carton-excellence-award\/2006-2\/photos\/\" \/>\n<meta property=\"og:locale\" content=\"fr_FR\" \/>\n<meta property=\"og:type\" content=\"article\" \/>\n<meta property=\"og:title\" content=\"Photos - Pro Carton\" \/>\n<meta property=\"og:url\" content=\"https:\/\/www.procarton.com\/fr\/awards\/european-carton-excellence-award\/2006-2\/photos\/\" \/>\n<meta property=\"og:site_name\" content=\"Pro Carton\" \/>\n<meta property=\"article:publisher\" content=\"https:\/\/www.facebook.com\/procartondesignaward\/\" \/>\n<meta property=\"article:modified_time\" content=\"2022-01-10T09:21:59+00:00\" \/>\n<meta name=\"twitter:card\" content=\"summary_large_image\" \/>\n<meta name=\"twitter:site\" content=\"@pro_carton\" \/>\n<meta name=\"twitter:label1\" content=\"Dur\u00e9e de lecture estim\u00e9e\" \/>\n\t<meta name=\"twitter:data1\" content=\"3 minutes\" \/>\n<script type=\"application\/ld+json\" class=\"yoast-schema-graph\">{\"@context\":\"https:\\\/\\\/schema.org\",\"@graph\":[{\"@type\":\"WebPage\",\"@id\":\"https:\\\/\\\/www.procarton.com\\\/es\\\/awards\\\/european-carton-excellence-award\\\/2006-2\\\/photos\\\/\",\"url\":\"https:\\\/\\\/www.procarton.com\\\/es\\\/awards\\\/european-carton-excellence-award\\\/2006-2\\\/photos\\\/\",\"name\":\"Photos - Pro Carton\",\"isPartOf\":{\"@id\":\"https:\\\/\\\/www.procarton.com\\\/es\\\/#website\"},\"datePublished\":\"2021-03-19T15:50:22+00:00\",\"dateModified\":\"2022-01-10T09:21:59+00:00\",\"breadcrumb\":{\"@id\":\"https:\\\/\\\/www.procarton.com\\\/es\\\/awards\\\/european-carton-excellence-award\\\/2006-2\\\/photos\\\/#breadcrumb\"},\"inLanguage\":\"fr-FR\",\"potentialAction\":[{\"@type\":\"ReadAction\",\"target\":[\"https:\\\/\\\/www.procarton.com\\\/es\\\/awards\\\/european-carton-excellence-award\\\/2006-2\\\/photos\\\/\"]}]},{\"@type\":\"BreadcrumbList\",\"@id\":\"https:\\\/\\\/www.procarton.com\\\/es\\\/awards\\\/european-carton-excellence-award\\\/2006-2\\\/photos\\\/#breadcrumb\",\"itemListElement\":[{\"@type\":\"ListItem\",\"position\":1,\"name\":\"Home\",\"item\":\"https:\\\/\\\/www.procarton.com\\\/\"},{\"@type\":\"ListItem\",\"position\":2,\"name\":\"Awards\",\"item\":\"https:\\\/\\\/www.procarton.com\\\/awards\\\/\"},{\"@type\":\"ListItem\",\"position\":3,\"name\":\"European Carton Excellence Award\",\"item\":\"https:\\\/\\\/www.procarton.com\\\/awards\\\/european-carton-excellence-award\\\/\"},{\"@type\":\"ListItem\",\"position\":4,\"name\":\"2006\",\"item\":\"https:\\\/\\\/www.procarton.com\\\/es\\\/awards\\\/european-carton-excellence-award\\\/2006-2\\\/\"},{\"@type\":\"ListItem\",\"position\":5,\"name\":\"Photos\"}]},{\"@type\":\"WebSite\",\"@id\":\"https:\\\/\\\/www.procarton.com\\\/es\\\/#website\",\"url\":\"https:\\\/\\\/www.procarton.com\\\/es\\\/\",\"name\":\"Pro Carton\",\"description\":\"\",\"publisher\":{\"@id\":\"https:\\\/\\\/www.procarton.com\\\/es\\\/#organization\"},\"potentialAction\":[{\"@type\":\"SearchAction\",\"target\":{\"@type\":\"EntryPoint\",\"urlTemplate\":\"https:\\\/\\\/www.procarton.com\\\/es\\\/?s={search_term_string}\"},\"query-input\":{\"@type\":\"PropertyValueSpecification\",\"valueRequired\":true,\"valueName\":\"search_term_string\"}}],\"inLanguage\":\"fr-FR\"},{\"@type\":\"Organization\",\"@id\":\"https:\\\/\\\/www.procarton.com\\\/es\\\/#organization\",\"name\":\"ProCarton\",\"url\":\"https:\\\/\\\/www.procarton.com\\\/es\\\/\",\"logo\":{\"@type\":\"ImageObject\",\"inLanguage\":\"fr-FR\",\"@id\":\"https:\\\/\\\/www.procarton.com\\\/es\\\/#\\\/schema\\\/logo\\\/image\\\/\",\"url\":\"https:\\\/\\\/www.procarton.com\\\/wp-content\\\/uploads\\\/2022\\\/06\\\/logo-mit-slogan.jpg\",\"contentUrl\":\"https:\\\/\\\/www.procarton.com\\\/wp-content\\\/uploads\\\/2022\\\/06\\\/logo-mit-slogan.jpg\",\"width\":422,\"height\":519,\"caption\":\"ProCarton\"},\"image\":{\"@id\":\"https:\\\/\\\/www.procarton.com\\\/es\\\/#\\\/schema\\\/logo\\\/image\\\/\"},\"sameAs\":[\"https:\\\/\\\/www.facebook.com\\\/procartondesignaward\\\/\",\"https:\\\/\\\/x.com\\\/pro_carton\"]}]}<\/script>\n<!-- \/ Yoast SEO plugin. -->","yoast_head_json":{"title":"Photos - Pro Carton","robots":{"index":"index","follow":"follow","max-snippet":"max-snippet:-1","max-image-preview":"max-image-preview:large","max-video-preview":"max-video-preview:-1"},"canonical":"https:\/\/www.procarton.com\/fr\/awards\/european-carton-excellence-award\/2006-2\/photos\/","og_locale":"fr_FR","og_type":"article","og_title":"Photos - Pro Carton","og_url":"https:\/\/www.procarton.com\/fr\/awards\/european-carton-excellence-award\/2006-2\/photos\/","og_site_name":"Pro Carton","article_publisher":"https:\/\/www.facebook.com\/procartondesignaward\/","article_modified_time":"2022-01-10T09:21:59+00:00","twitter_card":"summary_large_image","twitter_site":"@pro_carton","twitter_misc":{"Dur\u00e9e de lecture estim\u00e9e":"3 minutes"},"schema":{"@context":"https:\/\/schema.org","@graph":[{"@type":"WebPage","@id":"https:\/\/www.procarton.com\/es\/awards\/european-carton-excellence-award\/2006-2\/photos\/","url":"https:\/\/www.procarton.com\/es\/awards\/european-carton-excellence-award\/2006-2\/photos\/","name":"Photos - Pro Carton","isPartOf":{"@id":"https:\/\/www.procarton.com\/es\/#website"},"datePublished":"2021-03-19T15:50:22+00:00","dateModified":"2022-01-10T09:21:59+00:00","breadcrumb":{"@id":"https:\/\/www.procarton.com\/es\/awards\/european-carton-excellence-award\/2006-2\/photos\/#breadcrumb"},"inLanguage":"fr-FR","potentialAction":[{"@type":"ReadAction","target":["https:\/\/www.procarton.com\/es\/awards\/european-carton-excellence-award\/2006-2\/photos\/"]}]},{"@type":"BreadcrumbList","@id":"https:\/\/www.procarton.com\/es\/awards\/european-carton-excellence-award\/2006-2\/photos\/#breadcrumb","itemListElement":[{"@type":"ListItem","position":1,"name":"Home","item":"https:\/\/www.procarton.com\/"},{"@type":"ListItem","position":2,"name":"Awards","item":"https:\/\/www.procarton.com\/awards\/"},{"@type":"ListItem","position":3,"name":"European Carton Excellence Award","item":"https:\/\/www.procarton.com\/awards\/european-carton-excellence-award\/"},{"@type":"ListItem","position":4,"name":"2006","item":"https:\/\/www.procarton.com\/es\/awards\/european-carton-excellence-award\/2006-2\/"},{"@type":"ListItem","position":5,"name":"Photos"}]},{"@type":"WebSite","@id":"https:\/\/www.procarton.com\/es\/#website","url":"https:\/\/www.procarton.com\/es\/","name":"Pro Carton","description":"","publisher":{"@id":"https:\/\/www.procarton.com\/es\/#organization"},"potentialAction":[{"@type":"SearchAction","target":{"@type":"EntryPoint","urlTemplate":"https:\/\/www.procarton.com\/es\/?s={search_term_string}"},"query-input":{"@type":"PropertyValueSpecification","valueRequired":true,"valueName":"search_term_string"}}],"inLanguage":"fr-FR"},{"@type":"Organization","@id":"https:\/\/www.procarton.com\/es\/#organization","name":"ProCarton","url":"https:\/\/www.procarton.com\/es\/","logo":{"@type":"ImageObject","inLanguage":"fr-FR","@id":"https:\/\/www.procarton.com\/es\/#\/schema\/logo\/image\/","url":"https:\/\/www.procarton.com\/wp-content\/uploads\/2022\/06\/logo-mit-slogan.jpg","contentUrl":"https:\/\/www.procarton.com\/wp-content\/uploads\/2022\/06\/logo-mit-slogan.jpg","width":422,"height":519,"caption":"ProCarton"},"image":{"@id":"https:\/\/www.procarton.com\/es\/#\/schema\/logo\/image\/"},"sameAs":["https:\/\/www.facebook.com\/procartondesignaward\/","https:\/\/x.com\/pro_carton"]}]}},"_links":{"self":[{"href":"https:\/\/www.procarton.com\/fr\/wp-json\/wp\/v2\/pages\/258887","targetHints":{"allow":["GET"]}}],"collection":[{"href":"https:\/\/www.procarton.com\/fr\/wp-json\/wp\/v2\/pages"}],"about":[{"href":"https:\/\/www.procarton.com\/fr\/wp-json\/wp\/v2\/types\/page"}],"author":[{"embeddable":true,"href":"https:\/\/www.procarton.com\/fr\/wp-json\/wp\/v2\/users\/1"}],"replies":[{"embeddable":true,"href":"https:\/\/www.procarton.com\/fr\/wp-json\/wp\/v2\/comments?post=258887"}],"version-history":[{"count":2,"href":"https:\/\/www.procarton.com\/fr\/wp-json\/wp\/v2\/pages\/258887\/revisions"}],"predecessor-version":[{"id":272378,"href":"https:\/\/www.procarton.com\/fr\/wp-json\/wp\/v2\/pages\/258887\/revisions\/272378"}],"up":[{"embeddable":true,"href":"https:\/\/www.procarton.com\/fr\/wp-json\/wp\/v2\/pages\/258284"}],"wp:attachment":[{"href":"https:\/\/www.procarton.com\/fr\/wp-json\/wp\/v2\/media?parent=258887"}],"curies":[{"name":"wp","href":"https:\/\/api.w.org\/{rel}","templated":true}]}}