{"id":258597,"date":"2021-03-16T13:41:09","date_gmt":"2021-03-16T13:41:09","guid":{"rendered":"\/awards\/european-carton-excellence-award\/2017\/jury\/"},"modified":"2022-01-10T10:14:41","modified_gmt":"2022-01-10T10:14:41","slug":"jury","status":"publish","type":"page","link":"https:\/\/www.procarton.com\/fr\/awards\/european-carton-excellence-award\/2017-2\/jury\/","title":{"rendered":"Jury"},"content":{"rendered":"<p><strong>Le jury international ind\u00e9pendant couvre un large \u00e9ventail de comp\u00e9tences : ses membres repr\u00e9sentent tous les secteurs de la cha\u00eene d'approvisionnement. Tous les points de vue pertinents sont repr\u00e9sent\u00e9s - de la conception, des fabricants, des propri\u00e9taires de marques, du commerce de d\u00e9tail et des consommateurs. C'est l'exp\u00e9rience cumul\u00e9e de tous les domaines qui fait le succ\u00e8s des emballages sur le march\u00e9. Le jury se r\u00e9unira \u00e0 La Haye en juin 2017.<\/strong><\/p>\r\n\r\n\r\n\r\n<p>\"La beaut\u00e9 pure ne suffit pas pour obtenir une distinction ! Toutes les candidatures seront jug\u00e9es selon diff\u00e9rents crit\u00e8res : conception graphique et structurelle, techniques de production, rentabilit\u00e9, \u00e9cologie, innovation, commodit\u00e9, message de marque, impact publicitaire, stimulation des ventes, etc. Selon la cat\u00e9gorie, ces crit\u00e8res sont \u00e9galement pond\u00e9r\u00e9s diff\u00e9remment : ce qui compte dans le secteur commercial compte aussi dans le concours !<\/p>\r\n\r\n\r\n\r\n<p>Notre recommandation : mettez en \u00e9vidence les qualit\u00e9s particuli\u00e8res de votre emballage dans les documents d'accompagnement de la mani\u00e8re la plus claire possible pour le jury ! Le jury discutera de mani\u00e8re ouverte et approfondie de chaque d\u00e9cision et \u00e9valuation. Les d\u00e9cisions du jury seront expliqu\u00e9es en d\u00e9tail sur le site Web de Pro Carton ainsi que dans la brochure.<\/p>\r\n\r\n\r\n\r\n<div class=\"wp-block-media-text alignwide is-stacked-on-mobile\">\r\n<figure class=\"wp-block-media-text__media\"><img loading=\"lazy\" decoding=\"async\" width=\"898\" height=\"1181\" class=\"wp-image-258400 size-full\" src=\"\/wp-content\/uploads\/2021\/03\/satkar_gidda_neu.jpg\" alt=\"\" srcset=\"https:\/\/www.procarton.com\/wp-content\/uploads\/2021\/03\/satkar_gidda_neu.jpg 898w, https:\/\/www.procarton.com\/wp-content\/uploads\/2021\/03\/satkar_gidda_neu-228x300.jpg 228w, https:\/\/www.procarton.com\/wp-content\/uploads\/2021\/03\/satkar_gidda_neu-783x1030.jpg 783w, https:\/\/www.procarton.com\/wp-content\/uploads\/2021\/03\/satkar_gidda_neu-768x1010.jpg 768w, https:\/\/www.procarton.com\/wp-content\/uploads\/2021\/03\/satkar_gidda_neu-9x12.jpg 9w, https:\/\/www.procarton.com\/wp-content\/uploads\/2021\/03\/satkar_gidda_neu-536x705.jpg 536w\" sizes=\"auto, (max-width: 898px) 100vw, 898px\" \/><\/figure>\r\n<div class=\"wp-block-media-text__content\">\r\n<h3 class=\"wp-block-heading\">SATKAR GIDDA<\/h3>\r\n\r\n\r\n\r\n<h4 class=\"wp-block-heading\">PR\u00c9SIDENT DU JURY<\/h4>\r\n\r\n\r\n\r\n<p>Satkar Gidda a \u00e9tudi\u00e9 les \u00e9tudes de commerce et le marketing et a travaill\u00e9 6 ans dans les ventes, le marketing commercial et le marketing de marque pour RHM Foods et Nestl\u00e9, puis 30 ans en tant que directeur des ventes et du marketing de SiebertHead, la plus ancienne soci\u00e9t\u00e9 de conseil en conception de marques et d'emballages au Royaume-Uni. Depuis mars 2020, Satkar op\u00e8re en tant que consultant ind\u00e9pendant.<\/p>\r\n<\/div>\r\n<\/div>\r\n\r\n\r\n\r\n<div class=\"wp-block-media-text alignwide has-media-on-the-right is-stacked-on-mobile\">\r\n<figure class=\"wp-block-media-text__media\"><img loading=\"lazy\" decoding=\"async\" width=\"1000\" height=\"1270\" class=\"wp-image-258571 size-full\" src=\"\/wp-content\/uploads\/2021\/03\/krekels_neu.jpeg\" alt=\"\" srcset=\"https:\/\/www.procarton.com\/wp-content\/uploads\/2021\/03\/krekels_neu.jpeg 1000w, https:\/\/www.procarton.com\/wp-content\/uploads\/2021\/03\/krekels_neu-236x300.jpeg 236w, https:\/\/www.procarton.com\/wp-content\/uploads\/2021\/03\/krekels_neu-811x1030.jpeg 811w, https:\/\/www.procarton.com\/wp-content\/uploads\/2021\/03\/krekels_neu-768x975.jpeg 768w, https:\/\/www.procarton.com\/wp-content\/uploads\/2021\/03\/krekels_neu-9x12.jpeg 9w, https:\/\/www.procarton.com\/wp-content\/uploads\/2021\/03\/krekels_neu-555x705.jpeg 555w\" sizes=\"auto, (max-width: 1000px) 100vw, 1000px\" \/><\/figure>\r\n<div class=\"wp-block-media-text__content\">\r\n<h3 class=\"wp-block-heading\">LOTTE KREKELS<\/h3>\r\n\r\n\r\n\r\n<h4 class=\"wp-block-heading\">CARREFOUR BELGIQUE<\/h4>\r\n\r\n\r\n\r\n<p>travaille dans le domaine de l'emballage depuis plus de 20 ans, dont les quatre derni\u00e8res ann\u00e9es en tant que responsable de l'emballage. Elle est responsable du d\u00e9partement emballage chez Carrefour Belgique. Son r\u00f4le consiste \u00e0 assurer la s\u00e9curit\u00e9 alimentaire, la \u00e9co-responsabilit\u00e9 et le design des emballages de la marque Carrefour sur le march\u00e9 belge. Carrefour Belgique est l'un des principaux distributeurs sur le march\u00e9 belge et fait partie du groupe Carrefour, le deuxi\u00e8me groupe de distribution au monde avec plus de 12 000 magasins.<\/p>\r\n<\/div>\r\n<\/div>\r\n\r\n\r\n\r\n<div class=\"wp-block-media-text alignwide is-stacked-on-mobile\">\r\n<figure class=\"wp-block-media-text__media\"><img loading=\"lazy\" decoding=\"async\" width=\"675\" height=\"844\" class=\"wp-image-258572 size-full\" src=\"\/wp-content\/uploads\/2021\/03\/lippitsch1.jpeg\" alt=\"\" srcset=\"https:\/\/www.procarton.com\/wp-content\/uploads\/2021\/03\/lippitsch1.jpeg 675w, https:\/\/www.procarton.com\/wp-content\/uploads\/2021\/03\/lippitsch1-240x300.jpeg 240w, https:\/\/www.procarton.com\/wp-content\/uploads\/2021\/03\/lippitsch1-10x12.jpeg 10w, https:\/\/www.procarton.com\/wp-content\/uploads\/2021\/03\/lippitsch1-564x705.jpeg 564w\" sizes=\"auto, (max-width: 675px) 100vw, 675px\" \/><\/figure>\r\n<div class=\"wp-block-media-text__content\">\r\n<h3 class=\"wp-block-heading\"><br \/>SUSANNE LIPPITSCH<\/h3>\r\n\r\n\r\n\r\n<h4 class=\"wp-block-heading\">SL DESIGN<\/h4>\r\n\r\n\r\n\r\n<p>Susanne Lippitsch est dipl\u00f4m\u00e9e en design industriel de l'Universit\u00e9 des arts appliqu\u00e9s de Vienne. Pendant sa formation, elle a suivi la Masterclass pour l'emballage \u00e0 l'Escola de Disseny Elisava de Barcelone. Depuis 2001, elle travaille en tant que designer d'emballages ind\u00e9pendant et enseigne le design d'emballages \u00e0 Graz et Salzbourg depuis plus de 15 ans. Son travail a \u00e9t\u00e9 r\u00e9compens\u00e9 par plusieurs prix et elle compte parmi ses clients de nombreuses entreprises prestigieuses.<\/p>\r\n<\/div>\r\n<\/div>\r\n\r\n\r\n\r\n<div class=\"wp-block-media-text alignwide has-media-on-the-right is-stacked-on-mobile\">\r\n<figure class=\"wp-block-media-text__media\"><img loading=\"lazy\" decoding=\"async\" width=\"1000\" height=\"1283\" class=\"wp-image-258538 size-full\" src=\"\/wp-content\/uploads\/2021\/03\/duivenvoorden_neu.jpeg\" alt=\"\" srcset=\"https:\/\/www.procarton.com\/wp-content\/uploads\/2021\/03\/duivenvoorden_neu.jpeg 1000w, https:\/\/www.procarton.com\/wp-content\/uploads\/2021\/03\/duivenvoorden_neu-234x300.jpeg 234w, https:\/\/www.procarton.com\/wp-content\/uploads\/2021\/03\/duivenvoorden_neu-803x1030.jpeg 803w, https:\/\/www.procarton.com\/wp-content\/uploads\/2021\/03\/duivenvoorden_neu-768x985.jpeg 768w, https:\/\/www.procarton.com\/wp-content\/uploads\/2021\/03\/duivenvoorden_neu-9x12.jpeg 9w, https:\/\/www.procarton.com\/wp-content\/uploads\/2021\/03\/duivenvoorden_neu-549x705.jpeg 549w\" sizes=\"auto, (max-width: 1000px) 100vw, 1000px\" \/><\/figure>\r\n<div class=\"wp-block-media-text__content\"> <br \/>\r\n<h3 class=\"wp-block-heading\">WILFRIED DUIVENVOORDEN<\/h3>\r\n\r\n\r\n\r\n<h4 class=\"wp-block-heading\">UNILEVER<\/h4>\r\n\r\n\r\n\r\n<p>Wilfried Duivenvoorden a obtenu un master en \u00e9conomie d'entreprise et en gestion g\u00e9n\u00e9rale \u00e0 l'universit\u00e9 Erasmus de Rotterdam. Apr\u00e8s avoir termin\u00e9 ses \u00e9tudes, il a imm\u00e9diatement rejoint l'industrie de l'emballage. En 1999, il a rejoint Unilever en tant que responsable europ\u00e9en de l'approvisionnement en mat\u00e9riaux d'emballage pour le secteur des cr\u00e8mes glac\u00e9es et des aliments surgel\u00e9s. En 2006, il est devenu responsable mondial de l'approvisionnement en mat\u00e9riaux d'emballage \u00e0 base de fibres de bois pour les produits alimentaires et les produits d'entretien et de soins personnels. Depuis 2014, il est responsable de l'approvisionnement d'Unilever en produits finis pour Home &amp; Personal Care en Europe.<\/p>\r\n<\/div>\r\n<\/div>\r\n\r\n\r\n\r\n<div class=\"wp-block-media-text alignwide is-stacked-on-mobile\">\r\n<figure class=\"wp-block-media-text__media\"><img loading=\"lazy\" decoding=\"async\" width=\"1344\" height=\"1772\" class=\"wp-image-258404 size-full\" src=\"\/wp-content\/uploads\/2021\/03\/Janet-Shipton.jpeg\" alt=\"\" srcset=\"https:\/\/www.procarton.com\/wp-content\/uploads\/2021\/03\/Janet-Shipton.jpeg 1344w, https:\/\/www.procarton.com\/wp-content\/uploads\/2021\/03\/Janet-Shipton-228x300.jpeg 228w, https:\/\/www.procarton.com\/wp-content\/uploads\/2021\/03\/Janet-Shipton-781x1030.jpeg 781w, https:\/\/www.procarton.com\/wp-content\/uploads\/2021\/03\/Janet-Shipton-768x1013.jpeg 768w, https:\/\/www.procarton.com\/wp-content\/uploads\/2021\/03\/Janet-Shipton-1165x1536.jpeg 1165w, https:\/\/www.procarton.com\/wp-content\/uploads\/2021\/03\/Janet-Shipton-9x12.jpeg 9w, https:\/\/www.procarton.com\/wp-content\/uploads\/2021\/03\/Janet-Shipton-1138x1500.jpeg 1138w, https:\/\/www.procarton.com\/wp-content\/uploads\/2021\/03\/Janet-Shipton-535x705.jpeg 535w\" sizes=\"auto, (max-width: 1344px) 100vw, 1344px\" \/><\/figure>\r\n<div class=\"wp-block-media-text__content\"> <br \/>\r\n<h3 class=\"wp-block-heading\">DR JANET SHIPTON<\/h3>\r\n\r\n\r\n\r\n<h4 class=\"wp-block-heading\">PACKKNACK<\/h4>\r\n\r\n\r\n\r\n<p>Un gestionnaire de projet accompli, exp\u00e9riment\u00e9 dans l'\u00e9laboration et la r\u00e9alisation de projets multiples et d\u00e9taill\u00e9s dans le respect des d\u00e9lais et du budget. Packknack est un r\u00e9seau de consultants talentueux dirig\u00e9 par moi-m\u00eame. Nous travaillons sur la recherche en mati\u00e8re d'emballage, l'innovation en mati\u00e8re de conception et le d\u00e9veloppement. 2013-2015 Chef de section\/chef du chocolat, \u00c9quipe de cat\u00e9gorie mondiale de l'emballage (tablette, Bitesize et Sharing), Mondelez International (anciennement Kraft), responsable de la gestion d'une \u00e9quipe de d\u00e9veloppeurs d'emballages pour cr\u00e9er de nouvelles innovations en mati\u00e8re d'emballage et maintenir les normes de qualit\u00e9 pour les march\u00e9s mondiaux d\u00e9velopp\u00e9s et \u00e9mergents du chocolat. Avant de cr\u00e9er son propre cabinet de conseil, Janet a pass\u00e9 cinq ans en tant que directrice divisionnaire de la conception et du d\u00e9veloppement chez Chesapeake Branded Packaging (aujourd'hui MPS WestRock) avant de rejoindre Mondel\u0113z International en tant que directrice de section mondiale pour le d\u00e9veloppement des emballages de chocolat.<\/p>\r\n<\/div>\r\n<\/div>\r\n\r\n\r\n\r\n<div class=\"wp-block-media-text alignwide has-media-on-the-right is-stacked-on-mobile\">\r\n<figure class=\"wp-block-media-text__media\"><img loading=\"lazy\" decoding=\"async\" width=\"675\" height=\"844\" class=\"wp-image-258510 size-full\" src=\"\/wp-content\/uploads\/2021\/03\/sprokkelhorst.jpeg\" alt=\"\" srcset=\"https:\/\/www.procarton.com\/wp-content\/uploads\/2021\/03\/sprokkelhorst.jpeg 675w, https:\/\/www.procarton.com\/wp-content\/uploads\/2021\/03\/sprokkelhorst-240x300.jpeg 240w, https:\/\/www.procarton.com\/wp-content\/uploads\/2021\/03\/sprokkelhorst-10x12.jpeg 10w, https:\/\/www.procarton.com\/wp-content\/uploads\/2021\/03\/sprokkelhorst-564x705.jpeg 564w\" sizes=\"auto, (max-width: 675px) 100vw, 675px\" \/><\/figure>\r\n<div class=\"wp-block-media-text__content\">\r\n<h3 class=\"wp-block-heading\">PETER KLEIN SPROKKELHORST<\/h3>\r\n\r\n\r\n\r\n<h4 class=\"wp-block-heading\">CONSEILLER DU JURY<\/h4>\r\n\r\n\r\n\r\n<p>Apr\u00e8s avoir suivi une formation d'ing\u00e9nieur en m\u00e9canique, Peter Klein Sprokkelhorst d\u00e9cide de rejoindre l'industrie de la transformation du papier. En 1982, il est devenu directeur g\u00e9n\u00e9ral de Zedek Deventer Holland (qui appartient aujourd'hui au groupe Smurfit Kappa) et a fait de l'entreprise un fournisseur majeur de pr\u00e9sentoirs et d'emballages en Europe. Il a pris sa retraite en 2008, mais avec 45 ans d'exp\u00e9rience, il est toujours actif en tant que consultant ind\u00e9pendant.<\/p>\r\n<\/div>\r\n<\/div>","protected":false},"excerpt":{"rendered":"<p>The independent, international jury covers a broad range of expertise: its members represent all areas of the supply chain. All relevant viewpoints are represented \u2013 from design, manufacturers, brand owners, the retail trade and consumers. It is the cumulative experience from all areas that makes the success of packaging on the market. The jury will [&hellip;]<\/p>\n","protected":false},"author":1,"featured_media":259310,"parent":258273,"menu_order":3,"comment_status":"closed","ping_status":"closed","template":"templates\/award_details_page.php","meta":{"inline_featured_image":false,"footnotes":""},"class_list":["post-258597","page","type-page","status-publish","has-post-thumbnail","hentry"],"yoast_head":"<!-- This site is optimized with the Yoast SEO plugin v27.4 - https:\/\/yoast.com\/product\/yoast-seo-wordpress\/ -->\n<title>Jury - Pro Carton<\/title>\n<meta name=\"robots\" content=\"index, follow, max-snippet:-1, max-image-preview:large, max-video-preview:-1\" \/>\n<link rel=\"canonical\" href=\"https:\/\/www.procarton.com\/fr\/awards\/european-carton-excellence-award\/2017-2\/jury\/\" \/>\n<meta property=\"og:locale\" content=\"fr_FR\" \/>\n<meta property=\"og:type\" content=\"article\" \/>\n<meta property=\"og:title\" content=\"Jury - Pro Carton\" \/>\n<meta property=\"og:description\" content=\"The independent, international jury covers a broad range of expertise: its members represent all areas of the supply chain. All relevant viewpoints are represented \u2013 from design, manufacturers, brand owners, the retail trade and consumers. It is the cumulative experience from all areas that makes the success of packaging on the market. The jury will [&hellip;]\" \/>\n<meta property=\"og:url\" content=\"https:\/\/www.procarton.com\/fr\/awards\/european-carton-excellence-award\/2017-2\/jury\/\" \/>\n<meta property=\"og:site_name\" content=\"Pro Carton\" \/>\n<meta property=\"article:publisher\" content=\"https:\/\/www.facebook.com\/procartondesignaward\/\" \/>\n<meta property=\"article:modified_time\" content=\"2022-01-10T10:14:41+00:00\" \/>\n<meta property=\"og:image\" content=\"https:\/\/www.procarton.com\/wp-content\/uploads\/2021\/03\/Award2017_054_m-1.jpg\" \/>\n\t<meta property=\"og:image:width\" content=\"1920\" \/>\n\t<meta property=\"og:image:height\" content=\"1280\" \/>\n\t<meta property=\"og:image:type\" content=\"image\/jpeg\" \/>\n<meta name=\"twitter:card\" content=\"summary_large_image\" \/>\n<meta name=\"twitter:site\" content=\"@pro_carton\" \/>\n<meta name=\"twitter:label1\" content=\"Dur\u00e9e de lecture estim\u00e9e\" \/>\n\t<meta name=\"twitter:data1\" content=\"5 minutes\" \/>\n<script type=\"application\/ld+json\" class=\"yoast-schema-graph\">{\"@context\":\"https:\\\/\\\/schema.org\",\"@graph\":[{\"@type\":\"WebPage\",\"@id\":\"https:\\\/\\\/www.procarton.com\\\/es\\\/awards\\\/european-carton-excellence-award\\\/2017-2\\\/jury\\\/\",\"url\":\"https:\\\/\\\/www.procarton.com\\\/es\\\/awards\\\/european-carton-excellence-award\\\/2017-2\\\/jury\\\/\",\"name\":\"Jury - Pro Carton\",\"isPartOf\":{\"@id\":\"https:\\\/\\\/www.procarton.com\\\/es\\\/#website\"},\"primaryImageOfPage\":{\"@id\":\"https:\\\/\\\/www.procarton.com\\\/es\\\/awards\\\/european-carton-excellence-award\\\/2017-2\\\/jury\\\/#primaryimage\"},\"image\":{\"@id\":\"https:\\\/\\\/www.procarton.com\\\/es\\\/awards\\\/european-carton-excellence-award\\\/2017-2\\\/jury\\\/#primaryimage\"},\"thumbnailUrl\":\"https:\\\/\\\/www.procarton.com\\\/wp-content\\\/uploads\\\/2021\\\/03\\\/Award2017_054_m-1.jpg\",\"datePublished\":\"2021-03-16T13:41:09+00:00\",\"dateModified\":\"2022-01-10T10:14:41+00:00\",\"breadcrumb\":{\"@id\":\"https:\\\/\\\/www.procarton.com\\\/es\\\/awards\\\/european-carton-excellence-award\\\/2017-2\\\/jury\\\/#breadcrumb\"},\"inLanguage\":\"fr-FR\",\"potentialAction\":[{\"@type\":\"ReadAction\",\"target\":[\"https:\\\/\\\/www.procarton.com\\\/es\\\/awards\\\/european-carton-excellence-award\\\/2017-2\\\/jury\\\/\"]}]},{\"@type\":\"ImageObject\",\"inLanguage\":\"fr-FR\",\"@id\":\"https:\\\/\\\/www.procarton.com\\\/es\\\/awards\\\/european-carton-excellence-award\\\/2017-2\\\/jury\\\/#primaryimage\",\"url\":\"https:\\\/\\\/www.procarton.com\\\/wp-content\\\/uploads\\\/2021\\\/03\\\/Award2017_054_m-1.jpg\",\"contentUrl\":\"https:\\\/\\\/www.procarton.com\\\/wp-content\\\/uploads\\\/2021\\\/03\\\/Award2017_054_m-1.jpg\",\"width\":1920,\"height\":1280,\"caption\":\"All together now!\"},{\"@type\":\"BreadcrumbList\",\"@id\":\"https:\\\/\\\/www.procarton.com\\\/es\\\/awards\\\/european-carton-excellence-award\\\/2017-2\\\/jury\\\/#breadcrumb\",\"itemListElement\":[{\"@type\":\"ListItem\",\"position\":1,\"name\":\"Home\",\"item\":\"https:\\\/\\\/www.procarton.com\\\/\"},{\"@type\":\"ListItem\",\"position\":2,\"name\":\"Awards\",\"item\":\"https:\\\/\\\/www.procarton.com\\\/awards\\\/\"},{\"@type\":\"ListItem\",\"position\":3,\"name\":\"European Carton Excellence Award\",\"item\":\"https:\\\/\\\/www.procarton.com\\\/awards\\\/european-carton-excellence-award\\\/\"},{\"@type\":\"ListItem\",\"position\":4,\"name\":\"2017\",\"item\":\"http:\\\/\\\/www.procarton.com\\\/fr\\\/awards\\\/european-carton-excellence-award\\\/2017-2\\\/\"},{\"@type\":\"ListItem\",\"position\":5,\"name\":\"Jury\"}]},{\"@type\":\"WebSite\",\"@id\":\"https:\\\/\\\/www.procarton.com\\\/es\\\/#website\",\"url\":\"https:\\\/\\\/www.procarton.com\\\/es\\\/\",\"name\":\"Pro Carton\",\"description\":\"\",\"publisher\":{\"@id\":\"https:\\\/\\\/www.procarton.com\\\/es\\\/#organization\"},\"potentialAction\":[{\"@type\":\"SearchAction\",\"target\":{\"@type\":\"EntryPoint\",\"urlTemplate\":\"https:\\\/\\\/www.procarton.com\\\/es\\\/?s={search_term_string}\"},\"query-input\":{\"@type\":\"PropertyValueSpecification\",\"valueRequired\":true,\"valueName\":\"search_term_string\"}}],\"inLanguage\":\"fr-FR\"},{\"@type\":\"Organization\",\"@id\":\"https:\\\/\\\/www.procarton.com\\\/es\\\/#organization\",\"name\":\"ProCarton\",\"url\":\"https:\\\/\\\/www.procarton.com\\\/es\\\/\",\"logo\":{\"@type\":\"ImageObject\",\"inLanguage\":\"fr-FR\",\"@id\":\"https:\\\/\\\/www.procarton.com\\\/es\\\/#\\\/schema\\\/logo\\\/image\\\/\",\"url\":\"https:\\\/\\\/www.procarton.com\\\/wp-content\\\/uploads\\\/2022\\\/06\\\/logo-mit-slogan.jpg\",\"contentUrl\":\"https:\\\/\\\/www.procarton.com\\\/wp-content\\\/uploads\\\/2022\\\/06\\\/logo-mit-slogan.jpg\",\"width\":422,\"height\":519,\"caption\":\"ProCarton\"},\"image\":{\"@id\":\"https:\\\/\\\/www.procarton.com\\\/es\\\/#\\\/schema\\\/logo\\\/image\\\/\"},\"sameAs\":[\"https:\\\/\\\/www.facebook.com\\\/procartondesignaward\\\/\",\"https:\\\/\\\/x.com\\\/pro_carton\"]}]}<\/script>\n<!-- \/ Yoast SEO plugin. -->","yoast_head_json":{"title":"Jury - Pro Carton","robots":{"index":"index","follow":"follow","max-snippet":"max-snippet:-1","max-image-preview":"max-image-preview:large","max-video-preview":"max-video-preview:-1"},"canonical":"https:\/\/www.procarton.com\/fr\/awards\/european-carton-excellence-award\/2017-2\/jury\/","og_locale":"fr_FR","og_type":"article","og_title":"Jury - Pro Carton","og_description":"The independent, international jury covers a broad range of expertise: its members represent all areas of the supply chain. All relevant viewpoints are represented \u2013 from design, manufacturers, brand owners, the retail trade and consumers. It is the cumulative experience from all areas that makes the success of packaging on the market. The jury will [&hellip;]","og_url":"https:\/\/www.procarton.com\/fr\/awards\/european-carton-excellence-award\/2017-2\/jury\/","og_site_name":"Pro Carton","article_publisher":"https:\/\/www.facebook.com\/procartondesignaward\/","article_modified_time":"2022-01-10T10:14:41+00:00","og_image":[{"width":1920,"height":1280,"url":"https:\/\/www.procarton.com\/wp-content\/uploads\/2021\/03\/Award2017_054_m-1.jpg","type":"image\/jpeg"}],"twitter_card":"summary_large_image","twitter_site":"@pro_carton","twitter_misc":{"Dur\u00e9e de lecture estim\u00e9e":"5 minutes"},"schema":{"@context":"https:\/\/schema.org","@graph":[{"@type":"WebPage","@id":"https:\/\/www.procarton.com\/es\/awards\/european-carton-excellence-award\/2017-2\/jury\/","url":"https:\/\/www.procarton.com\/es\/awards\/european-carton-excellence-award\/2017-2\/jury\/","name":"Jury - Pro Carton","isPartOf":{"@id":"https:\/\/www.procarton.com\/es\/#website"},"primaryImageOfPage":{"@id":"https:\/\/www.procarton.com\/es\/awards\/european-carton-excellence-award\/2017-2\/jury\/#primaryimage"},"image":{"@id":"https:\/\/www.procarton.com\/es\/awards\/european-carton-excellence-award\/2017-2\/jury\/#primaryimage"},"thumbnailUrl":"https:\/\/www.procarton.com\/wp-content\/uploads\/2021\/03\/Award2017_054_m-1.jpg","datePublished":"2021-03-16T13:41:09+00:00","dateModified":"2022-01-10T10:14:41+00:00","breadcrumb":{"@id":"https:\/\/www.procarton.com\/es\/awards\/european-carton-excellence-award\/2017-2\/jury\/#breadcrumb"},"inLanguage":"fr-FR","potentialAction":[{"@type":"ReadAction","target":["https:\/\/www.procarton.com\/es\/awards\/european-carton-excellence-award\/2017-2\/jury\/"]}]},{"@type":"ImageObject","inLanguage":"fr-FR","@id":"https:\/\/www.procarton.com\/es\/awards\/european-carton-excellence-award\/2017-2\/jury\/#primaryimage","url":"https:\/\/www.procarton.com\/wp-content\/uploads\/2021\/03\/Award2017_054_m-1.jpg","contentUrl":"https:\/\/www.procarton.com\/wp-content\/uploads\/2021\/03\/Award2017_054_m-1.jpg","width":1920,"height":1280,"caption":"All together now!"},{"@type":"BreadcrumbList","@id":"https:\/\/www.procarton.com\/es\/awards\/european-carton-excellence-award\/2017-2\/jury\/#breadcrumb","itemListElement":[{"@type":"ListItem","position":1,"name":"Home","item":"https:\/\/www.procarton.com\/"},{"@type":"ListItem","position":2,"name":"Awards","item":"https:\/\/www.procarton.com\/awards\/"},{"@type":"ListItem","position":3,"name":"European Carton Excellence Award","item":"https:\/\/www.procarton.com\/awards\/european-carton-excellence-award\/"},{"@type":"ListItem","position":4,"name":"2017","item":"http:\/\/www.procarton.com\/fr\/awards\/european-carton-excellence-award\/2017-2\/"},{"@type":"ListItem","position":5,"name":"Jury"}]},{"@type":"WebSite","@id":"https:\/\/www.procarton.com\/es\/#website","url":"https:\/\/www.procarton.com\/es\/","name":"Pro Carton","description":"","publisher":{"@id":"https:\/\/www.procarton.com\/es\/#organization"},"potentialAction":[{"@type":"SearchAction","target":{"@type":"EntryPoint","urlTemplate":"https:\/\/www.procarton.com\/es\/?s={search_term_string}"},"query-input":{"@type":"PropertyValueSpecification","valueRequired":true,"valueName":"search_term_string"}}],"inLanguage":"fr-FR"},{"@type":"Organization","@id":"https:\/\/www.procarton.com\/es\/#organization","name":"ProCarton","url":"https:\/\/www.procarton.com\/es\/","logo":{"@type":"ImageObject","inLanguage":"fr-FR","@id":"https:\/\/www.procarton.com\/es\/#\/schema\/logo\/image\/","url":"https:\/\/www.procarton.com\/wp-content\/uploads\/2022\/06\/logo-mit-slogan.jpg","contentUrl":"https:\/\/www.procarton.com\/wp-content\/uploads\/2022\/06\/logo-mit-slogan.jpg","width":422,"height":519,"caption":"ProCarton"},"image":{"@id":"https:\/\/www.procarton.com\/es\/#\/schema\/logo\/image\/"},"sameAs":["https:\/\/www.facebook.com\/procartondesignaward\/","https:\/\/x.com\/pro_carton"]}]}},"_links":{"self":[{"href":"https:\/\/www.procarton.com\/fr\/wp-json\/wp\/v2\/pages\/258597","targetHints":{"allow":["GET"]}}],"collection":[{"href":"https:\/\/www.procarton.com\/fr\/wp-json\/wp\/v2\/pages"}],"about":[{"href":"https:\/\/www.procarton.com\/fr\/wp-json\/wp\/v2\/types\/page"}],"author":[{"embeddable":true,"href":"https:\/\/www.procarton.com\/fr\/wp-json\/wp\/v2\/users\/1"}],"replies":[{"embeddable":true,"href":"https:\/\/www.procarton.com\/fr\/wp-json\/wp\/v2\/comments?post=258597"}],"version-history":[{"count":2,"href":"https:\/\/www.procarton.com\/fr\/wp-json\/wp\/v2\/pages\/258597\/revisions"}],"predecessor-version":[{"id":272473,"href":"https:\/\/www.procarton.com\/fr\/wp-json\/wp\/v2\/pages\/258597\/revisions\/272473"}],"up":[{"embeddable":true,"href":"https:\/\/www.procarton.com\/fr\/wp-json\/wp\/v2\/pages\/258273"}],"wp:featuredmedia":[{"embeddable":true,"href":"https:\/\/www.procarton.com\/fr\/wp-json\/wp\/v2\/media\/259310"}],"wp:attachment":[{"href":"https:\/\/www.procarton.com\/fr\/wp-json\/wp\/v2\/media?parent=258597"}],"curies":[{"name":"wp","href":"https:\/\/api.w.org\/{rel}","templated":true}]}}