{"id":258595,"date":"2021-03-16T13:41:09","date_gmt":"2021-03-16T13:41:09","guid":{"rendered":"https:\/\/www.procarton.com\/awards\/european-carton-excellence-award\/2017\/marketing\/"},"modified":"2022-01-10T10:14:35","modified_gmt":"2022-01-10T10:14:35","slug":"marketing","status":"publish","type":"page","link":"https:\/\/www.procarton.com\/fr\/awards\/european-carton-excellence-award\/2017-2\/marketing\/","title":{"rendered":"Marketing"},"content":{"rendered":"<h3 class=\"wp-block-heading\">26 BONNES RAISONS D'ENTRER<\/h3>\r\n\r\n\r\n\r\n<p>Le Carton Excellence Award am\u00e9liore l'image des participants, renforce leur image de marque et, par cons\u00e9quent, stimule les ventes. Pro Carton diffuse les bonnes nouvelles concernant votre emballage gr\u00e2ce \u00e0 un programme de marketing complet ! Les m\u00e9dias sociaux et le vote du public assurent un int\u00e9r\u00eat continu et croissant pour les participants.<\/p>\r\n\r\n\r\n\r\n<p>Les finalistes et les gagnants re\u00e7oivent des photos professionnelles de leur participation, des logos et des certificats pour leur propre site web, leur mat\u00e9riel de vente et les m\u00e9dias sociaux. Votre prix devient ainsi un outil de marketing personnel !<\/p>\r\n\r\n\r\n\r\n<h3 class=\"wp-block-heading\">14 activit\u00e9s marketing diff\u00e9rentes de Pro Carton<\/h3>\r\n\r\n\r\n\r\n<ol class=\"wp-block-list\">\r\n<li>Annonce de tous les finalistes en ao\u00fbt sur le site web et dans les e-news<\/li>\r\n<li>Le vote public permet de faire conna\u00eetre les finalistes \u00e0 un large public.<\/li>\r\n<li>C\u00e9r\u00e9monie Award au congr\u00e8s de l'ECMA le 21 septembre 2017 \u00e0 Salzbourg.<\/li>\r\n<li>Photographie de haute qualit\u00e9 de toutes les entr\u00e9es<\/li>\r\n<li>E-news \u00e0 plus de 13 000 contacts europ\u00e9ens : propri\u00e9taires de marques, d\u00e9taillants et designers.<\/li>\r\n<li>Communiqu\u00e9s de presse aux m\u00e9dias de la cha\u00eene d'approvisionnement dans 22 pays<\/li>\r\n<li>Publication sur ce site web (www.procarton.com)<\/li>\r\n<li>Les cartons gagnants sont inclus dans les pr\u00e9sentations tournantes sur www.procarton.com.<\/li>\r\n<li>Brochure Award, comprenant tous les gagnants, finalistes et participants, imprim\u00e9e en anglais.<\/li>\r\n<li>Tous les gagnants avec leurs histoires de r\u00e9ussite et les commentaires du jury<\/li>\r\n<li>Tous les finalistes avec de courtes descriptions<\/li>\r\n<li>Toutes les nouvelles et le rapport de la brochure Award sont publi\u00e9s sur www.procarton.com en 5 langues : anglais, fran\u00e7ais, italien, allemand et espagnol<\/li>\r\n<li>Troph\u00e9es pour les laur\u00e9ats des prix sp\u00e9ciaux, r\u00e9compenses pour les gagnants, certificats pour les finalistes<\/li>\r\n<li>Tourn\u00e9es de pr\u00e9sentation des cartons gagnants lors de foires, congr\u00e8s, \u00e9v\u00e9nements, etc., dans toute l'Europe.<\/li>\r\n<\/ol>\r\n\r\n\r\n\r\n<figure class=\"wp-block-image size-full\"><img loading=\"lazy\" decoding=\"async\" width=\"922\" height=\"1920\" class=\"wp-image-258602\" src=\"https:\/\/www.procarton.com\/wp-content\/uploads\/2021\/03\/marketing-collage-5.jpeg\" alt=\"\" srcset=\"https:\/\/www.procarton.com\/wp-content\/uploads\/2021\/03\/marketing-collage-5.jpeg 922w, https:\/\/www.procarton.com\/wp-content\/uploads\/2021\/03\/marketing-collage-5-144x300.jpeg 144w, https:\/\/www.procarton.com\/wp-content\/uploads\/2021\/03\/marketing-collage-5-495x1030.jpeg 495w, https:\/\/www.procarton.com\/wp-content\/uploads\/2021\/03\/marketing-collage-5-768x1599.jpeg 768w, https:\/\/www.procarton.com\/wp-content\/uploads\/2021\/03\/marketing-collage-5-738x1536.jpeg 738w, https:\/\/www.procarton.com\/wp-content\/uploads\/2021\/03\/marketing-collage-5-6x12.jpeg 6w, https:\/\/www.procarton.com\/wp-content\/uploads\/2021\/03\/marketing-collage-5-720x1500.jpeg 720w, https:\/\/www.procarton.com\/wp-content\/uploads\/2021\/03\/marketing-collage-5-339x705.jpeg 339w\" sizes=\"auto, (max-width: 922px) 100vw, 922px\" \/><\/figure>\r\n\r\n\r\n\r\n<h3 class=\"wp-block-heading\">12 Opportunit\u00e9s pour les gagnants et les finalistes de promouvoir leur emballage<\/h3>\r\n\r\n\r\n\r\n<ol class=\"wp-block-list\">\r\n<li>C\u00e9l\u00e9brations nationales lors d'\u00e9v\u00e9nements, de r\u00e9unions, etc. pour vos associations<\/li>\r\n<li>\u00c9v\u00e9nements d'entreprise avec votre \u00e9quipe et les partenaires de la cha\u00eene d'approvisionnement en emballages<\/li>\r\n<li>Activit\u00e9s de la presse nationale \/ locale<\/li>\r\n<li>Promouvoir le succ\u00e8s de votre carton avec le logo du Award<\/li>\r\n<li>Utiliser le logo Award comme lien vers www.procarton.com<\/li>\r\n<li>Utiliser le logo du Award pour tout mat\u00e9riel de publication<\/li>\r\n<li>Utiliser le logo Award comme signature pour tous les employ\u00e9s de l'entreprise.<\/li>\r\n<li>Utilisez le logo Award pour la promotion et la publicit\u00e9 lors d'expositions et de foires commerciales.<\/li>\r\n<li>Ajoutez votre carton \u00e0 succ\u00e8s avec le logo Award \u00e0 vos pr\u00e9sentations de vente<\/li>\r\n<li>Envoi de la brochure du Award \u00e0 vos clients, etc.<\/li>\r\n<li>Impression et envoi de \"votre\" page de la brochure<\/li>\r\n<li>Cartons gagnants disponibles pour les expositions lors de foires, congr\u00e8s, \u00e9v\u00e9nements, etc.<\/li>\r\n<\/ol>\r\n\r\n\r\n\r\n<p>\" Le concours Pro Carton ECMA Award est un incontournable pour nous depuis de nombreuses ann\u00e9es. Nous avons \u00e9t\u00e9 ravis qu'en 2015 et en 2016, nous ayons \u00e9t\u00e9 l'entreprise la plus performante dans l'ensemble. Cela nous donne confiance que nous sommes sur la bonne voie et a fourni une motivation et une fiert\u00e9 suppl\u00e9mentaires dans l'organisation. Bien entendu, nous participerons \u00e0 nouveau \u00e0 l'\u00e9dition 2017 du Pro Carton ECMA Award et nous ferons tout notre possible pour r\u00e9it\u00e9rer les succ\u00e8s des deux derni\u00e8res ann\u00e9es\" Harald Schulz, PDG d'AR Packaging.<\/p>","protected":false},"excerpt":{"rendered":"<p>26 GOOD REASONS FOR ENTERING The Carton Excellence Award enhances the participants\u2019 image, strengthens their branding and, as a result, boosts sales. Pro Carton spreads the good news about your packaging with a comprehensive marketing package! Social Media and Public Voting assure continued and growing interest in the entries. The finalists and winners receive professional [&hellip;]<\/p>\n","protected":false},"author":1,"featured_media":259310,"parent":258273,"menu_order":2,"comment_status":"closed","ping_status":"closed","template":"templates\/award_details_page.php","meta":{"inline_featured_image":false,"footnotes":""},"class_list":["post-258595","page","type-page","status-publish","has-post-thumbnail","hentry"],"yoast_head":"<!-- This site is optimized with the Yoast SEO plugin v27.4 - https:\/\/yoast.com\/product\/yoast-seo-wordpress\/ -->\n<title>Marketing - Pro Carton<\/title>\n<meta name=\"robots\" content=\"index, follow, max-snippet:-1, max-image-preview:large, max-video-preview:-1\" \/>\n<link rel=\"canonical\" href=\"https:\/\/www.procarton.com\/fr\/awards\/european-carton-excellence-award\/2017-2\/marketing\/\" \/>\n<meta property=\"og:locale\" content=\"fr_FR\" \/>\n<meta property=\"og:type\" content=\"article\" \/>\n<meta property=\"og:title\" content=\"Marketing - Pro Carton\" \/>\n<meta property=\"og:description\" content=\"26 GOOD REASONS FOR ENTERING The Carton Excellence Award enhances the participants\u2019 image, strengthens their branding and, as a result, boosts sales. Pro Carton spreads the good news about your packaging with a comprehensive marketing package! Social Media and Public Voting assure continued and growing interest in the entries. The finalists and winners receive professional [&hellip;]\" \/>\n<meta property=\"og:url\" content=\"https:\/\/www.procarton.com\/fr\/awards\/european-carton-excellence-award\/2017-2\/marketing\/\" \/>\n<meta property=\"og:site_name\" content=\"Pro Carton\" \/>\n<meta property=\"article:publisher\" content=\"https:\/\/www.facebook.com\/procartondesignaward\/\" \/>\n<meta property=\"article:modified_time\" content=\"2022-01-10T10:14:35+00:00\" \/>\n<meta property=\"og:image\" content=\"https:\/\/www.procarton.com\/wp-content\/uploads\/2021\/03\/Award2017_054_m-1.jpg\" \/>\n\t<meta property=\"og:image:width\" content=\"1920\" \/>\n\t<meta property=\"og:image:height\" content=\"1280\" \/>\n\t<meta property=\"og:image:type\" content=\"image\/jpeg\" \/>\n<meta name=\"twitter:card\" content=\"summary_large_image\" \/>\n<meta name=\"twitter:site\" content=\"@pro_carton\" \/>\n<meta name=\"twitter:label1\" content=\"Dur\u00e9e de lecture estim\u00e9e\" \/>\n\t<meta name=\"twitter:data1\" content=\"3 minutes\" \/>\n<script type=\"application\/ld+json\" class=\"yoast-schema-graph\">{\"@context\":\"https:\\\/\\\/schema.org\",\"@graph\":[{\"@type\":\"WebPage\",\"@id\":\"https:\\\/\\\/www.procarton.com\\\/es\\\/awards\\\/european-carton-excellence-award\\\/2017-2\\\/marketing\\\/\",\"url\":\"https:\\\/\\\/www.procarton.com\\\/es\\\/awards\\\/european-carton-excellence-award\\\/2017-2\\\/marketing\\\/\",\"name\":\"Marketing - Pro Carton\",\"isPartOf\":{\"@id\":\"https:\\\/\\\/www.procarton.com\\\/es\\\/#website\"},\"primaryImageOfPage\":{\"@id\":\"https:\\\/\\\/www.procarton.com\\\/es\\\/awards\\\/european-carton-excellence-award\\\/2017-2\\\/marketing\\\/#primaryimage\"},\"image\":{\"@id\":\"https:\\\/\\\/www.procarton.com\\\/es\\\/awards\\\/european-carton-excellence-award\\\/2017-2\\\/marketing\\\/#primaryimage\"},\"thumbnailUrl\":\"https:\\\/\\\/www.procarton.com\\\/wp-content\\\/uploads\\\/2021\\\/03\\\/Award2017_054_m-1.jpg\",\"datePublished\":\"2021-03-16T13:41:09+00:00\",\"dateModified\":\"2022-01-10T10:14:35+00:00\",\"breadcrumb\":{\"@id\":\"https:\\\/\\\/www.procarton.com\\\/es\\\/awards\\\/european-carton-excellence-award\\\/2017-2\\\/marketing\\\/#breadcrumb\"},\"inLanguage\":\"fr-FR\",\"potentialAction\":[{\"@type\":\"ReadAction\",\"target\":[\"https:\\\/\\\/www.procarton.com\\\/es\\\/awards\\\/european-carton-excellence-award\\\/2017-2\\\/marketing\\\/\"]}]},{\"@type\":\"ImageObject\",\"inLanguage\":\"fr-FR\",\"@id\":\"https:\\\/\\\/www.procarton.com\\\/es\\\/awards\\\/european-carton-excellence-award\\\/2017-2\\\/marketing\\\/#primaryimage\",\"url\":\"https:\\\/\\\/www.procarton.com\\\/wp-content\\\/uploads\\\/2021\\\/03\\\/Award2017_054_m-1.jpg\",\"contentUrl\":\"https:\\\/\\\/www.procarton.com\\\/wp-content\\\/uploads\\\/2021\\\/03\\\/Award2017_054_m-1.jpg\",\"width\":1920,\"height\":1280,\"caption\":\"All together now!\"},{\"@type\":\"BreadcrumbList\",\"@id\":\"https:\\\/\\\/www.procarton.com\\\/es\\\/awards\\\/european-carton-excellence-award\\\/2017-2\\\/marketing\\\/#breadcrumb\",\"itemListElement\":[{\"@type\":\"ListItem\",\"position\":1,\"name\":\"Home\",\"item\":\"https:\\\/\\\/www.procarton.com\\\/\"},{\"@type\":\"ListItem\",\"position\":2,\"name\":\"Awards\",\"item\":\"https:\\\/\\\/www.procarton.com\\\/awards\\\/\"},{\"@type\":\"ListItem\",\"position\":3,\"name\":\"European Carton Excellence Award\",\"item\":\"https:\\\/\\\/www.procarton.com\\\/awards\\\/european-carton-excellence-award\\\/\"},{\"@type\":\"ListItem\",\"position\":4,\"name\":\"2017\",\"item\":\"http:\\\/\\\/www.procarton.com\\\/fr\\\/awards\\\/european-carton-excellence-award\\\/2017-2\\\/\"},{\"@type\":\"ListItem\",\"position\":5,\"name\":\"Marketing\"}]},{\"@type\":\"WebSite\",\"@id\":\"https:\\\/\\\/www.procarton.com\\\/es\\\/#website\",\"url\":\"https:\\\/\\\/www.procarton.com\\\/es\\\/\",\"name\":\"Pro Carton\",\"description\":\"\",\"publisher\":{\"@id\":\"https:\\\/\\\/www.procarton.com\\\/es\\\/#organization\"},\"potentialAction\":[{\"@type\":\"SearchAction\",\"target\":{\"@type\":\"EntryPoint\",\"urlTemplate\":\"https:\\\/\\\/www.procarton.com\\\/es\\\/?s={search_term_string}\"},\"query-input\":{\"@type\":\"PropertyValueSpecification\",\"valueRequired\":true,\"valueName\":\"search_term_string\"}}],\"inLanguage\":\"fr-FR\"},{\"@type\":\"Organization\",\"@id\":\"https:\\\/\\\/www.procarton.com\\\/es\\\/#organization\",\"name\":\"ProCarton\",\"url\":\"https:\\\/\\\/www.procarton.com\\\/es\\\/\",\"logo\":{\"@type\":\"ImageObject\",\"inLanguage\":\"fr-FR\",\"@id\":\"https:\\\/\\\/www.procarton.com\\\/es\\\/#\\\/schema\\\/logo\\\/image\\\/\",\"url\":\"https:\\\/\\\/www.procarton.com\\\/wp-content\\\/uploads\\\/2022\\\/06\\\/logo-mit-slogan.jpg\",\"contentUrl\":\"https:\\\/\\\/www.procarton.com\\\/wp-content\\\/uploads\\\/2022\\\/06\\\/logo-mit-slogan.jpg\",\"width\":422,\"height\":519,\"caption\":\"ProCarton\"},\"image\":{\"@id\":\"https:\\\/\\\/www.procarton.com\\\/es\\\/#\\\/schema\\\/logo\\\/image\\\/\"},\"sameAs\":[\"https:\\\/\\\/www.facebook.com\\\/procartondesignaward\\\/\",\"https:\\\/\\\/x.com\\\/pro_carton\"]}]}<\/script>\n<!-- \/ Yoast SEO plugin. -->","yoast_head_json":{"title":"Marketing - Pro Carton","robots":{"index":"index","follow":"follow","max-snippet":"max-snippet:-1","max-image-preview":"max-image-preview:large","max-video-preview":"max-video-preview:-1"},"canonical":"https:\/\/www.procarton.com\/fr\/awards\/european-carton-excellence-award\/2017-2\/marketing\/","og_locale":"fr_FR","og_type":"article","og_title":"Marketing - Pro Carton","og_description":"26 GOOD REASONS FOR ENTERING The Carton Excellence Award enhances the participants\u2019 image, strengthens their branding and, as a result, boosts sales. Pro Carton spreads the good news about your packaging with a comprehensive marketing package! Social Media and Public Voting assure continued and growing interest in the entries. The finalists and winners receive professional [&hellip;]","og_url":"https:\/\/www.procarton.com\/fr\/awards\/european-carton-excellence-award\/2017-2\/marketing\/","og_site_name":"Pro Carton","article_publisher":"https:\/\/www.facebook.com\/procartondesignaward\/","article_modified_time":"2022-01-10T10:14:35+00:00","og_image":[{"width":1920,"height":1280,"url":"https:\/\/www.procarton.com\/wp-content\/uploads\/2021\/03\/Award2017_054_m-1.jpg","type":"image\/jpeg"}],"twitter_card":"summary_large_image","twitter_site":"@pro_carton","twitter_misc":{"Dur\u00e9e de lecture estim\u00e9e":"3 minutes"},"schema":{"@context":"https:\/\/schema.org","@graph":[{"@type":"WebPage","@id":"https:\/\/www.procarton.com\/es\/awards\/european-carton-excellence-award\/2017-2\/marketing\/","url":"https:\/\/www.procarton.com\/es\/awards\/european-carton-excellence-award\/2017-2\/marketing\/","name":"Marketing - Pro Carton","isPartOf":{"@id":"https:\/\/www.procarton.com\/es\/#website"},"primaryImageOfPage":{"@id":"https:\/\/www.procarton.com\/es\/awards\/european-carton-excellence-award\/2017-2\/marketing\/#primaryimage"},"image":{"@id":"https:\/\/www.procarton.com\/es\/awards\/european-carton-excellence-award\/2017-2\/marketing\/#primaryimage"},"thumbnailUrl":"https:\/\/www.procarton.com\/wp-content\/uploads\/2021\/03\/Award2017_054_m-1.jpg","datePublished":"2021-03-16T13:41:09+00:00","dateModified":"2022-01-10T10:14:35+00:00","breadcrumb":{"@id":"https:\/\/www.procarton.com\/es\/awards\/european-carton-excellence-award\/2017-2\/marketing\/#breadcrumb"},"inLanguage":"fr-FR","potentialAction":[{"@type":"ReadAction","target":["https:\/\/www.procarton.com\/es\/awards\/european-carton-excellence-award\/2017-2\/marketing\/"]}]},{"@type":"ImageObject","inLanguage":"fr-FR","@id":"https:\/\/www.procarton.com\/es\/awards\/european-carton-excellence-award\/2017-2\/marketing\/#primaryimage","url":"https:\/\/www.procarton.com\/wp-content\/uploads\/2021\/03\/Award2017_054_m-1.jpg","contentUrl":"https:\/\/www.procarton.com\/wp-content\/uploads\/2021\/03\/Award2017_054_m-1.jpg","width":1920,"height":1280,"caption":"All together now!"},{"@type":"BreadcrumbList","@id":"https:\/\/www.procarton.com\/es\/awards\/european-carton-excellence-award\/2017-2\/marketing\/#breadcrumb","itemListElement":[{"@type":"ListItem","position":1,"name":"Home","item":"https:\/\/www.procarton.com\/"},{"@type":"ListItem","position":2,"name":"Awards","item":"https:\/\/www.procarton.com\/awards\/"},{"@type":"ListItem","position":3,"name":"European Carton Excellence Award","item":"https:\/\/www.procarton.com\/awards\/european-carton-excellence-award\/"},{"@type":"ListItem","position":4,"name":"2017","item":"http:\/\/www.procarton.com\/fr\/awards\/european-carton-excellence-award\/2017-2\/"},{"@type":"ListItem","position":5,"name":"Marketing"}]},{"@type":"WebSite","@id":"https:\/\/www.procarton.com\/es\/#website","url":"https:\/\/www.procarton.com\/es\/","name":"Pro Carton","description":"","publisher":{"@id":"https:\/\/www.procarton.com\/es\/#organization"},"potentialAction":[{"@type":"SearchAction","target":{"@type":"EntryPoint","urlTemplate":"https:\/\/www.procarton.com\/es\/?s={search_term_string}"},"query-input":{"@type":"PropertyValueSpecification","valueRequired":true,"valueName":"search_term_string"}}],"inLanguage":"fr-FR"},{"@type":"Organization","@id":"https:\/\/www.procarton.com\/es\/#organization","name":"ProCarton","url":"https:\/\/www.procarton.com\/es\/","logo":{"@type":"ImageObject","inLanguage":"fr-FR","@id":"https:\/\/www.procarton.com\/es\/#\/schema\/logo\/image\/","url":"https:\/\/www.procarton.com\/wp-content\/uploads\/2022\/06\/logo-mit-slogan.jpg","contentUrl":"https:\/\/www.procarton.com\/wp-content\/uploads\/2022\/06\/logo-mit-slogan.jpg","width":422,"height":519,"caption":"ProCarton"},"image":{"@id":"https:\/\/www.procarton.com\/es\/#\/schema\/logo\/image\/"},"sameAs":["https:\/\/www.facebook.com\/procartondesignaward\/","https:\/\/x.com\/pro_carton"]}]}},"_links":{"self":[{"href":"https:\/\/www.procarton.com\/fr\/wp-json\/wp\/v2\/pages\/258595","targetHints":{"allow":["GET"]}}],"collection":[{"href":"https:\/\/www.procarton.com\/fr\/wp-json\/wp\/v2\/pages"}],"about":[{"href":"https:\/\/www.procarton.com\/fr\/wp-json\/wp\/v2\/types\/page"}],"author":[{"embeddable":true,"href":"https:\/\/www.procarton.com\/fr\/wp-json\/wp\/v2\/users\/1"}],"replies":[{"embeddable":true,"href":"https:\/\/www.procarton.com\/fr\/wp-json\/wp\/v2\/comments?post=258595"}],"version-history":[{"count":2,"href":"https:\/\/www.procarton.com\/fr\/wp-json\/wp\/v2\/pages\/258595\/revisions"}],"predecessor-version":[{"id":272472,"href":"https:\/\/www.procarton.com\/fr\/wp-json\/wp\/v2\/pages\/258595\/revisions\/272472"}],"up":[{"embeddable":true,"href":"https:\/\/www.procarton.com\/fr\/wp-json\/wp\/v2\/pages\/258273"}],"wp:featuredmedia":[{"embeddable":true,"href":"https:\/\/www.procarton.com\/fr\/wp-json\/wp\/v2\/media\/259310"}],"wp:attachment":[{"href":"https:\/\/www.procarton.com\/fr\/wp-json\/wp\/v2\/media?parent=258595"}],"curies":[{"name":"wp","href":"https:\/\/api.w.org\/{rel}","templated":true}]}}