{"id":258534,"date":"2021-03-16T13:13:53","date_gmt":"2021-03-16T13:13:53","guid":{"rendered":"https:\/\/www.procarton.com\/awards\/european-carton-excellence-award\/2013\/marketing\/"},"modified":"2022-01-10T10:03:33","modified_gmt":"2022-01-10T10:03:33","slug":"marketing","status":"publish","type":"page","link":"https:\/\/www.procarton.com\/fr\/awards\/european-carton-excellence-award\/2013-2\/marketing\/","title":{"rendered":"Marketing"},"content":{"rendered":"<p><strong>Les activit\u00e9s de marketing de Pro Carton<\/strong><\/p>\r\n\r\n\r\n\r\n<ul class=\"wp-block-list\">\r\n<li>C\u00e9r\u00e9monie Award au congr\u00e8s de l'ECMA le 19 septembre 2013 \u00e0 Dubrovnik<\/li>\r\n<li>Photographie de haute qualit\u00e9 de toutes les entr\u00e9es<\/li>\r\n<li>Vid\u00e9os des jugements pour chaque cat\u00e9gorie<\/li>\r\n<li>E-news \u00e0 plus de 9.000 contacts europ\u00e9ens : propri\u00e9taires de marques, d\u00e9taillants et designers.<\/li>\r\n<li>Communiqu\u00e9s de presse aux principaux m\u00e9dias de la cha\u00eene d'approvisionnement dans 22 pays<\/li>\r\n<li>Publication du site web sur www.procarton.com, www.ecma.org, www.procartonecmaaward.com<\/li>\r\n<li>Les cartons gagnants sont inclus dans les pr\u00e9sentations tournantes sur www.procarton.com et www.ecma.org.<\/li>\r\n<li>Brochure Award, comprenant tous les gagnants, finalistes et participants, imprim\u00e9e en anglais.<br \/>- Tous les gagnants avec leurs histoires de r\u00e9ussite et les commentaires du jury<br \/>- Tous les finalistes avec de courtes descriptions<\/li>\r\n<li>Toutes les nouvelles et le rapport de la brochure Award sont publi\u00e9s sur www.procartonecmaaward.com en 5 langues : anglais, fran\u00e7ais, italien, allemand et espagnol<\/li>\r\n<li>Awards pour les gagnants, certificats pour les finalistes<\/li>\r\n<li>Tourn\u00e9es de pr\u00e9sentation avec les cartons des gagnants et des finalistes lors de foires, congr\u00e8s, \u00e9v\u00e9nements, etc., dans toute l'Europe.<\/li>\r\n<\/ul>\r\n\r\n\r\n\r\n<p><strong>Des id\u00e9es de marketing pour : Les gagnants et les finalistes du Pro Carton\/ECMA Award<\/strong><\/p>\r\n\r\n\r\n\r\n<ul class=\"wp-block-list\">\r\n<li>C\u00e9l\u00e9brations nationales lors d'\u00e9v\u00e9nements, de r\u00e9unions, etc. pour vos associations<\/li>\r\n<li>\u00c9v\u00e9nements d'entreprise avec votre \u00e9quipe et les partenaires de la cha\u00eene d'approvisionnement en emballages<\/li>\r\n<li>Activit\u00e9s de la presse nationale \/ locale<\/li>\r\n<li>Promouvoir le succ\u00e8s de votre carton avec le logo du Award<\/li>\r\n<li>Utiliser le logo Award comme lien vers www.procartonecmaaward.com<\/li>\r\n<li>Utiliser le logo du Award pour tout mat\u00e9riel de publication<\/li>\r\n<li>Ajoutez votre carton \u00e0 succ\u00e8s avec le logo Award \u00e0 vos pr\u00e9sentations de vente<\/li>\r\n<li>Envoi de la brochure du Award \u00e0 vos clients, etc.<\/li>\r\n<li>Impression et envoi de \"votre\" page de la brochure<\/li>\r\n<li>Cartons de laur\u00e9ats et de finalistes disponibles pour des expositions lors de foires, de congr\u00e8s, d'\u00e9v\u00e9nements, etc.<\/li>\r\n<li>Etc.<\/li>\r\n<\/ul>","protected":false},"excerpt":{"rendered":"<p>The Pro Carton marketing activities Award ceremony at the ECMA Congress 19th September 2013 in Dubrovnik High quality photography of all entries Videos of the judging for each category E-news to over 9.000 European contacts: brand owners, retailers and designers Press releases to key supply chain media in 22 countries Website publication on www.procarton.com, www.ecma.org, [&hellip;]<\/p>\n","protected":false},"author":1,"featured_media":0,"parent":258277,"menu_order":1,"comment_status":"closed","ping_status":"closed","template":"templates\/award_details_page.php","meta":{"inline_featured_image":false,"footnotes":""},"class_list":["post-258534","page","type-page","status-publish","hentry"],"yoast_head":"<!-- This site is optimized with the Yoast SEO plugin v27.3 - https:\/\/yoast.com\/product\/yoast-seo-wordpress\/ -->\n<title>Marketing - Pro Carton<\/title>\n<meta name=\"robots\" content=\"index, follow, max-snippet:-1, max-image-preview:large, max-video-preview:-1\" \/>\n<link rel=\"canonical\" href=\"https:\/\/www.procarton.com\/fr\/awards\/european-carton-excellence-award\/2013-2\/marketing\/\" \/>\n<meta property=\"og:locale\" content=\"fr_FR\" \/>\n<meta property=\"og:type\" content=\"article\" \/>\n<meta property=\"og:title\" content=\"Marketing - Pro Carton\" \/>\n<meta property=\"og:description\" content=\"The Pro Carton marketing activities Award ceremony at the ECMA Congress 19th September 2013 in Dubrovnik High quality photography of all entries Videos of the judging for each category E-news to over 9.000 European contacts: brand owners, retailers and designers Press releases to key supply chain media in 22 countries Website publication on www.procarton.com, www.ecma.org, [&hellip;]\" \/>\n<meta property=\"og:url\" content=\"https:\/\/www.procarton.com\/fr\/awards\/european-carton-excellence-award\/2013-2\/marketing\/\" \/>\n<meta property=\"og:site_name\" content=\"Pro Carton\" \/>\n<meta property=\"article:publisher\" content=\"https:\/\/www.facebook.com\/procartondesignaward\/\" \/>\n<meta property=\"article:modified_time\" content=\"2022-01-10T10:03:33+00:00\" \/>\n<meta name=\"twitter:card\" content=\"summary_large_image\" \/>\n<meta name=\"twitter:site\" content=\"@pro_carton\" \/>\n<meta name=\"twitter:label1\" content=\"Dur\u00e9e de lecture estim\u00e9e\" \/>\n\t<meta name=\"twitter:data1\" content=\"1 minute\" \/>\n<script type=\"application\/ld+json\" class=\"yoast-schema-graph\">{\"@context\":\"https:\\\/\\\/schema.org\",\"@graph\":[{\"@type\":\"WebPage\",\"@id\":\"https:\\\/\\\/www.procarton.com\\\/es\\\/awards\\\/european-carton-excellence-award\\\/2013-2\\\/marketing\\\/\",\"url\":\"https:\\\/\\\/www.procarton.com\\\/es\\\/awards\\\/european-carton-excellence-award\\\/2013-2\\\/marketing\\\/\",\"name\":\"Marketing - Pro Carton\",\"isPartOf\":{\"@id\":\"https:\\\/\\\/www.procarton.com\\\/es\\\/#website\"},\"datePublished\":\"2021-03-16T13:13:53+00:00\",\"dateModified\":\"2022-01-10T10:03:33+00:00\",\"breadcrumb\":{\"@id\":\"https:\\\/\\\/www.procarton.com\\\/es\\\/awards\\\/european-carton-excellence-award\\\/2013-2\\\/marketing\\\/#breadcrumb\"},\"inLanguage\":\"fr-FR\",\"potentialAction\":[{\"@type\":\"ReadAction\",\"target\":[\"https:\\\/\\\/www.procarton.com\\\/es\\\/awards\\\/european-carton-excellence-award\\\/2013-2\\\/marketing\\\/\"]}]},{\"@type\":\"BreadcrumbList\",\"@id\":\"https:\\\/\\\/www.procarton.com\\\/es\\\/awards\\\/european-carton-excellence-award\\\/2013-2\\\/marketing\\\/#breadcrumb\",\"itemListElement\":[{\"@type\":\"ListItem\",\"position\":1,\"name\":\"Home\",\"item\":\"https:\\\/\\\/www.procarton.com\\\/\"},{\"@type\":\"ListItem\",\"position\":2,\"name\":\"Awards\",\"item\":\"https:\\\/\\\/www.procarton.com\\\/awards\\\/\"},{\"@type\":\"ListItem\",\"position\":3,\"name\":\"European Carton Excellence Award\",\"item\":\"https:\\\/\\\/www.procarton.com\\\/awards\\\/european-carton-excellence-award\\\/\"},{\"@type\":\"ListItem\",\"position\":4,\"name\":\"2013\",\"item\":\"https:\\\/\\\/www.procarton.com\\\/es\\\/awards\\\/european-carton-excellence-award\\\/2013-2\\\/\"},{\"@type\":\"ListItem\",\"position\":5,\"name\":\"Marketing\"}]},{\"@type\":\"WebSite\",\"@id\":\"https:\\\/\\\/www.procarton.com\\\/es\\\/#website\",\"url\":\"https:\\\/\\\/www.procarton.com\\\/es\\\/\",\"name\":\"Pro Carton\",\"description\":\"\",\"publisher\":{\"@id\":\"https:\\\/\\\/www.procarton.com\\\/es\\\/#organization\"},\"potentialAction\":[{\"@type\":\"SearchAction\",\"target\":{\"@type\":\"EntryPoint\",\"urlTemplate\":\"https:\\\/\\\/www.procarton.com\\\/es\\\/?s={search_term_string}\"},\"query-input\":{\"@type\":\"PropertyValueSpecification\",\"valueRequired\":true,\"valueName\":\"search_term_string\"}}],\"inLanguage\":\"fr-FR\"},{\"@type\":\"Organization\",\"@id\":\"https:\\\/\\\/www.procarton.com\\\/es\\\/#organization\",\"name\":\"ProCarton\",\"url\":\"https:\\\/\\\/www.procarton.com\\\/es\\\/\",\"logo\":{\"@type\":\"ImageObject\",\"inLanguage\":\"fr-FR\",\"@id\":\"https:\\\/\\\/www.procarton.com\\\/es\\\/#\\\/schema\\\/logo\\\/image\\\/\",\"url\":\"https:\\\/\\\/www.procarton.com\\\/wp-content\\\/uploads\\\/2022\\\/06\\\/logo-mit-slogan.jpg\",\"contentUrl\":\"https:\\\/\\\/www.procarton.com\\\/wp-content\\\/uploads\\\/2022\\\/06\\\/logo-mit-slogan.jpg\",\"width\":422,\"height\":519,\"caption\":\"ProCarton\"},\"image\":{\"@id\":\"https:\\\/\\\/www.procarton.com\\\/es\\\/#\\\/schema\\\/logo\\\/image\\\/\"},\"sameAs\":[\"https:\\\/\\\/www.facebook.com\\\/procartondesignaward\\\/\",\"https:\\\/\\\/x.com\\\/pro_carton\"]}]}<\/script>\n<!-- \/ Yoast SEO plugin. -->","yoast_head_json":{"title":"Marketing - Pro Carton","robots":{"index":"index","follow":"follow","max-snippet":"max-snippet:-1","max-image-preview":"max-image-preview:large","max-video-preview":"max-video-preview:-1"},"canonical":"https:\/\/www.procarton.com\/fr\/awards\/european-carton-excellence-award\/2013-2\/marketing\/","og_locale":"fr_FR","og_type":"article","og_title":"Marketing - Pro Carton","og_description":"The Pro Carton marketing activities Award ceremony at the ECMA Congress 19th September 2013 in Dubrovnik High quality photography of all entries Videos of the judging for each category E-news to over 9.000 European contacts: brand owners, retailers and designers Press releases to key supply chain media in 22 countries Website publication on www.procarton.com, www.ecma.org, [&hellip;]","og_url":"https:\/\/www.procarton.com\/fr\/awards\/european-carton-excellence-award\/2013-2\/marketing\/","og_site_name":"Pro Carton","article_publisher":"https:\/\/www.facebook.com\/procartondesignaward\/","article_modified_time":"2022-01-10T10:03:33+00:00","twitter_card":"summary_large_image","twitter_site":"@pro_carton","twitter_misc":{"Dur\u00e9e de lecture estim\u00e9e":"1 minute"},"schema":{"@context":"https:\/\/schema.org","@graph":[{"@type":"WebPage","@id":"https:\/\/www.procarton.com\/es\/awards\/european-carton-excellence-award\/2013-2\/marketing\/","url":"https:\/\/www.procarton.com\/es\/awards\/european-carton-excellence-award\/2013-2\/marketing\/","name":"Marketing - Pro Carton","isPartOf":{"@id":"https:\/\/www.procarton.com\/es\/#website"},"datePublished":"2021-03-16T13:13:53+00:00","dateModified":"2022-01-10T10:03:33+00:00","breadcrumb":{"@id":"https:\/\/www.procarton.com\/es\/awards\/european-carton-excellence-award\/2013-2\/marketing\/#breadcrumb"},"inLanguage":"fr-FR","potentialAction":[{"@type":"ReadAction","target":["https:\/\/www.procarton.com\/es\/awards\/european-carton-excellence-award\/2013-2\/marketing\/"]}]},{"@type":"BreadcrumbList","@id":"https:\/\/www.procarton.com\/es\/awards\/european-carton-excellence-award\/2013-2\/marketing\/#breadcrumb","itemListElement":[{"@type":"ListItem","position":1,"name":"Home","item":"https:\/\/www.procarton.com\/"},{"@type":"ListItem","position":2,"name":"Awards","item":"https:\/\/www.procarton.com\/awards\/"},{"@type":"ListItem","position":3,"name":"European Carton Excellence Award","item":"https:\/\/www.procarton.com\/awards\/european-carton-excellence-award\/"},{"@type":"ListItem","position":4,"name":"2013","item":"https:\/\/www.procarton.com\/es\/awards\/european-carton-excellence-award\/2013-2\/"},{"@type":"ListItem","position":5,"name":"Marketing"}]},{"@type":"WebSite","@id":"https:\/\/www.procarton.com\/es\/#website","url":"https:\/\/www.procarton.com\/es\/","name":"Pro Carton","description":"","publisher":{"@id":"https:\/\/www.procarton.com\/es\/#organization"},"potentialAction":[{"@type":"SearchAction","target":{"@type":"EntryPoint","urlTemplate":"https:\/\/www.procarton.com\/es\/?s={search_term_string}"},"query-input":{"@type":"PropertyValueSpecification","valueRequired":true,"valueName":"search_term_string"}}],"inLanguage":"fr-FR"},{"@type":"Organization","@id":"https:\/\/www.procarton.com\/es\/#organization","name":"ProCarton","url":"https:\/\/www.procarton.com\/es\/","logo":{"@type":"ImageObject","inLanguage":"fr-FR","@id":"https:\/\/www.procarton.com\/es\/#\/schema\/logo\/image\/","url":"https:\/\/www.procarton.com\/wp-content\/uploads\/2022\/06\/logo-mit-slogan.jpg","contentUrl":"https:\/\/www.procarton.com\/wp-content\/uploads\/2022\/06\/logo-mit-slogan.jpg","width":422,"height":519,"caption":"ProCarton"},"image":{"@id":"https:\/\/www.procarton.com\/es\/#\/schema\/logo\/image\/"},"sameAs":["https:\/\/www.facebook.com\/procartondesignaward\/","https:\/\/x.com\/pro_carton"]}]}},"_links":{"self":[{"href":"https:\/\/www.procarton.com\/fr\/wp-json\/wp\/v2\/pages\/258534","targetHints":{"allow":["GET"]}}],"collection":[{"href":"https:\/\/www.procarton.com\/fr\/wp-json\/wp\/v2\/pages"}],"about":[{"href":"https:\/\/www.procarton.com\/fr\/wp-json\/wp\/v2\/types\/page"}],"author":[{"embeddable":true,"href":"https:\/\/www.procarton.com\/fr\/wp-json\/wp\/v2\/users\/1"}],"replies":[{"embeddable":true,"href":"https:\/\/www.procarton.com\/fr\/wp-json\/wp\/v2\/comments?post=258534"}],"version-history":[{"count":1,"href":"https:\/\/www.procarton.com\/fr\/wp-json\/wp\/v2\/pages\/258534\/revisions"}],"predecessor-version":[{"id":272434,"href":"https:\/\/www.procarton.com\/fr\/wp-json\/wp\/v2\/pages\/258534\/revisions\/272434"}],"up":[{"embeddable":true,"href":"https:\/\/www.procarton.com\/fr\/wp-json\/wp\/v2\/pages\/258277"}],"wp:attachment":[{"href":"https:\/\/www.procarton.com\/fr\/wp-json\/wp\/v2\/media?parent=258534"}],"curies":[{"name":"wp","href":"https:\/\/api.w.org\/{rel}","templated":true}]}}