{"id":258528,"date":"2021-03-16T13:11:08","date_gmt":"2021-03-16T13:11:08","guid":{"rendered":"\/awards\/european-carton-excellence-award\/2012\/jury\/"},"modified":"2022-01-10T10:01:31","modified_gmt":"2022-01-10T10:01:31","slug":"jury","status":"publish","type":"page","link":"https:\/\/www.procarton.com\/fr\/awards\/european-carton-excellence-award\/2012-2\/jury\/","title":{"rendered":"Jury"},"content":{"rendered":"<div class=\"wp-block-media-text alignwide has-media-on-the-right is-stacked-on-mobile\">\r\n<figure class=\"wp-block-media-text__media\"><img loading=\"lazy\" decoding=\"async\" width=\"675\" height=\"844\" class=\"wp-image-258510 size-full\" src=\"\/wp-content\/uploads\/2021\/03\/sprokkelhorst.jpeg\" alt=\"\" srcset=\"https:\/\/www.procarton.com\/wp-content\/uploads\/2021\/03\/sprokkelhorst.jpeg 675w, https:\/\/www.procarton.com\/wp-content\/uploads\/2021\/03\/sprokkelhorst-240x300.jpeg 240w, https:\/\/www.procarton.com\/wp-content\/uploads\/2021\/03\/sprokkelhorst-10x12.jpeg 10w, https:\/\/www.procarton.com\/wp-content\/uploads\/2021\/03\/sprokkelhorst-564x705.jpeg 564w\" sizes=\"auto, (max-width: 675px) 100vw, 675px\" \/><\/figure>\r\n<div class=\"wp-block-media-text__content\">\r\n<h3 class=\"wp-block-heading\">PETER KLEIN SPROKKELHORST<\/h3>\r\n\r\n\r\n\r\n<h4 class=\"wp-block-heading\">CONSEILLER DU JURY<\/h4>\r\n\r\n\r\n\r\n<p>Apr\u00e8s avoir suivi une formation d'ing\u00e9nieur en m\u00e9canique, Peter Klein Sprokkelhorst d\u00e9cide de rejoindre l'industrie de la transformation du papier. En 1982, il est devenu directeur g\u00e9n\u00e9ral de Zedek Deventer Holland (qui appartient aujourd'hui au groupe Smurfit Kappa) et a fait de l'entreprise un fournisseur majeur de pr\u00e9sentoirs et d'emballages en Europe. Il a pris sa retraite en 2008, mais avec 45 ans d'exp\u00e9rience, il est toujours actif en tant que consultant ind\u00e9pendant.<\/p>\r\n<\/div>\r\n<\/div>","protected":false},"excerpt":{"rendered":"<p>PETER KLEIN SPROKKELHORST ADVISOR TO THE JURY After being trained as a mechanical engineer, Peter Klein Sprokkelhorst decided to join the paper-processing industry. In 1982 he became managing director of Zedek Deventer Holland (which today belongs to the Smurfit Kappa Group) and turned the company into a major display and packaging supplier in Europe. He [&hellip;]<\/p>\n","protected":false},"author":1,"featured_media":0,"parent":258278,"menu_order":1,"comment_status":"closed","ping_status":"closed","template":"templates\/award_details_page.php","meta":{"inline_featured_image":false,"footnotes":""},"class_list":["post-258528","page","type-page","status-publish","hentry"],"yoast_head":"<!-- This site is optimized with the Yoast SEO plugin v27.3 - https:\/\/yoast.com\/product\/yoast-seo-wordpress\/ -->\n<title>Jury - Pro Carton<\/title>\n<meta name=\"robots\" content=\"index, follow, max-snippet:-1, max-image-preview:large, max-video-preview:-1\" \/>\n<link rel=\"canonical\" href=\"https:\/\/www.procarton.com\/fr\/awards\/european-carton-excellence-award\/2012-2\/jury\/\" \/>\n<meta property=\"og:locale\" content=\"fr_FR\" \/>\n<meta property=\"og:type\" content=\"article\" \/>\n<meta property=\"og:title\" content=\"Jury - Pro Carton\" \/>\n<meta property=\"og:description\" content=\"PETER KLEIN SPROKKELHORST ADVISOR TO THE JURY After being trained as a mechanical engineer, Peter Klein Sprokkelhorst decided to join the paper-processing industry. In 1982 he became managing director of Zedek Deventer Holland (which today belongs to the Smurfit Kappa Group) and turned the company into a major display and packaging supplier in Europe. He [&hellip;]\" \/>\n<meta property=\"og:url\" content=\"https:\/\/www.procarton.com\/fr\/awards\/european-carton-excellence-award\/2012-2\/jury\/\" \/>\n<meta property=\"og:site_name\" content=\"Pro Carton\" \/>\n<meta property=\"article:publisher\" content=\"https:\/\/www.facebook.com\/procartondesignaward\/\" \/>\n<meta property=\"article:modified_time\" content=\"2022-01-10T10:01:31+00:00\" \/>\n<meta name=\"twitter:card\" content=\"summary_large_image\" \/>\n<meta name=\"twitter:site\" content=\"@pro_carton\" \/>\n<meta name=\"twitter:label1\" content=\"Dur\u00e9e de lecture estim\u00e9e\" \/>\n\t<meta name=\"twitter:data1\" content=\"1 minute\" \/>\n<script type=\"application\/ld+json\" class=\"yoast-schema-graph\">{\"@context\":\"https:\\\/\\\/schema.org\",\"@graph\":[{\"@type\":\"WebPage\",\"@id\":\"https:\\\/\\\/www.procarton.com\\\/es\\\/awards\\\/european-carton-excellence-award\\\/2012-2\\\/jury\\\/\",\"url\":\"https:\\\/\\\/www.procarton.com\\\/es\\\/awards\\\/european-carton-excellence-award\\\/2012-2\\\/jury\\\/\",\"name\":\"Jury - Pro Carton\",\"isPartOf\":{\"@id\":\"https:\\\/\\\/www.procarton.com\\\/es\\\/#website\"},\"datePublished\":\"2021-03-16T13:11:08+00:00\",\"dateModified\":\"2022-01-10T10:01:31+00:00\",\"breadcrumb\":{\"@id\":\"https:\\\/\\\/www.procarton.com\\\/es\\\/awards\\\/european-carton-excellence-award\\\/2012-2\\\/jury\\\/#breadcrumb\"},\"inLanguage\":\"fr-FR\",\"potentialAction\":[{\"@type\":\"ReadAction\",\"target\":[\"https:\\\/\\\/www.procarton.com\\\/es\\\/awards\\\/european-carton-excellence-award\\\/2012-2\\\/jury\\\/\"]}]},{\"@type\":\"BreadcrumbList\",\"@id\":\"https:\\\/\\\/www.procarton.com\\\/es\\\/awards\\\/european-carton-excellence-award\\\/2012-2\\\/jury\\\/#breadcrumb\",\"itemListElement\":[{\"@type\":\"ListItem\",\"position\":1,\"name\":\"Home\",\"item\":\"https:\\\/\\\/www.procarton.com\\\/\"},{\"@type\":\"ListItem\",\"position\":2,\"name\":\"Awards\",\"item\":\"https:\\\/\\\/www.procarton.com\\\/awards\\\/\"},{\"@type\":\"ListItem\",\"position\":3,\"name\":\"European Carton Excellence Award\",\"item\":\"https:\\\/\\\/www.procarton.com\\\/awards\\\/european-carton-excellence-award\\\/\"},{\"@type\":\"ListItem\",\"position\":4,\"name\":\"2012\",\"item\":\"https:\\\/\\\/www.procarton.com\\\/es\\\/awards\\\/european-carton-excellence-award\\\/2012-2\\\/\"},{\"@type\":\"ListItem\",\"position\":5,\"name\":\"Jury\"}]},{\"@type\":\"WebSite\",\"@id\":\"https:\\\/\\\/www.procarton.com\\\/es\\\/#website\",\"url\":\"https:\\\/\\\/www.procarton.com\\\/es\\\/\",\"name\":\"Pro Carton\",\"description\":\"\",\"publisher\":{\"@id\":\"https:\\\/\\\/www.procarton.com\\\/es\\\/#organization\"},\"potentialAction\":[{\"@type\":\"SearchAction\",\"target\":{\"@type\":\"EntryPoint\",\"urlTemplate\":\"https:\\\/\\\/www.procarton.com\\\/es\\\/?s={search_term_string}\"},\"query-input\":{\"@type\":\"PropertyValueSpecification\",\"valueRequired\":true,\"valueName\":\"search_term_string\"}}],\"inLanguage\":\"fr-FR\"},{\"@type\":\"Organization\",\"@id\":\"https:\\\/\\\/www.procarton.com\\\/es\\\/#organization\",\"name\":\"ProCarton\",\"url\":\"https:\\\/\\\/www.procarton.com\\\/es\\\/\",\"logo\":{\"@type\":\"ImageObject\",\"inLanguage\":\"fr-FR\",\"@id\":\"https:\\\/\\\/www.procarton.com\\\/es\\\/#\\\/schema\\\/logo\\\/image\\\/\",\"url\":\"https:\\\/\\\/www.procarton.com\\\/wp-content\\\/uploads\\\/2022\\\/06\\\/logo-mit-slogan.jpg\",\"contentUrl\":\"https:\\\/\\\/www.procarton.com\\\/wp-content\\\/uploads\\\/2022\\\/06\\\/logo-mit-slogan.jpg\",\"width\":422,\"height\":519,\"caption\":\"ProCarton\"},\"image\":{\"@id\":\"https:\\\/\\\/www.procarton.com\\\/es\\\/#\\\/schema\\\/logo\\\/image\\\/\"},\"sameAs\":[\"https:\\\/\\\/www.facebook.com\\\/procartondesignaward\\\/\",\"https:\\\/\\\/x.com\\\/pro_carton\"]}]}<\/script>\n<!-- \/ Yoast SEO plugin. -->","yoast_head_json":{"title":"Jury - Pro Carton","robots":{"index":"index","follow":"follow","max-snippet":"max-snippet:-1","max-image-preview":"max-image-preview:large","max-video-preview":"max-video-preview:-1"},"canonical":"https:\/\/www.procarton.com\/fr\/awards\/european-carton-excellence-award\/2012-2\/jury\/","og_locale":"fr_FR","og_type":"article","og_title":"Jury - Pro Carton","og_description":"PETER KLEIN SPROKKELHORST ADVISOR TO THE JURY After being trained as a mechanical engineer, Peter Klein Sprokkelhorst decided to join the paper-processing industry. In 1982 he became managing director of Zedek Deventer Holland (which today belongs to the Smurfit Kappa Group) and turned the company into a major display and packaging supplier in Europe. He [&hellip;]","og_url":"https:\/\/www.procarton.com\/fr\/awards\/european-carton-excellence-award\/2012-2\/jury\/","og_site_name":"Pro Carton","article_publisher":"https:\/\/www.facebook.com\/procartondesignaward\/","article_modified_time":"2022-01-10T10:01:31+00:00","twitter_card":"summary_large_image","twitter_site":"@pro_carton","twitter_misc":{"Dur\u00e9e de lecture estim\u00e9e":"1 minute"},"schema":{"@context":"https:\/\/schema.org","@graph":[{"@type":"WebPage","@id":"https:\/\/www.procarton.com\/es\/awards\/european-carton-excellence-award\/2012-2\/jury\/","url":"https:\/\/www.procarton.com\/es\/awards\/european-carton-excellence-award\/2012-2\/jury\/","name":"Jury - Pro Carton","isPartOf":{"@id":"https:\/\/www.procarton.com\/es\/#website"},"datePublished":"2021-03-16T13:11:08+00:00","dateModified":"2022-01-10T10:01:31+00:00","breadcrumb":{"@id":"https:\/\/www.procarton.com\/es\/awards\/european-carton-excellence-award\/2012-2\/jury\/#breadcrumb"},"inLanguage":"fr-FR","potentialAction":[{"@type":"ReadAction","target":["https:\/\/www.procarton.com\/es\/awards\/european-carton-excellence-award\/2012-2\/jury\/"]}]},{"@type":"BreadcrumbList","@id":"https:\/\/www.procarton.com\/es\/awards\/european-carton-excellence-award\/2012-2\/jury\/#breadcrumb","itemListElement":[{"@type":"ListItem","position":1,"name":"Home","item":"https:\/\/www.procarton.com\/"},{"@type":"ListItem","position":2,"name":"Awards","item":"https:\/\/www.procarton.com\/awards\/"},{"@type":"ListItem","position":3,"name":"European Carton Excellence Award","item":"https:\/\/www.procarton.com\/awards\/european-carton-excellence-award\/"},{"@type":"ListItem","position":4,"name":"2012","item":"https:\/\/www.procarton.com\/es\/awards\/european-carton-excellence-award\/2012-2\/"},{"@type":"ListItem","position":5,"name":"Jury"}]},{"@type":"WebSite","@id":"https:\/\/www.procarton.com\/es\/#website","url":"https:\/\/www.procarton.com\/es\/","name":"Pro Carton","description":"","publisher":{"@id":"https:\/\/www.procarton.com\/es\/#organization"},"potentialAction":[{"@type":"SearchAction","target":{"@type":"EntryPoint","urlTemplate":"https:\/\/www.procarton.com\/es\/?s={search_term_string}"},"query-input":{"@type":"PropertyValueSpecification","valueRequired":true,"valueName":"search_term_string"}}],"inLanguage":"fr-FR"},{"@type":"Organization","@id":"https:\/\/www.procarton.com\/es\/#organization","name":"ProCarton","url":"https:\/\/www.procarton.com\/es\/","logo":{"@type":"ImageObject","inLanguage":"fr-FR","@id":"https:\/\/www.procarton.com\/es\/#\/schema\/logo\/image\/","url":"https:\/\/www.procarton.com\/wp-content\/uploads\/2022\/06\/logo-mit-slogan.jpg","contentUrl":"https:\/\/www.procarton.com\/wp-content\/uploads\/2022\/06\/logo-mit-slogan.jpg","width":422,"height":519,"caption":"ProCarton"},"image":{"@id":"https:\/\/www.procarton.com\/es\/#\/schema\/logo\/image\/"},"sameAs":["https:\/\/www.facebook.com\/procartondesignaward\/","https:\/\/x.com\/pro_carton"]}]}},"_links":{"self":[{"href":"https:\/\/www.procarton.com\/fr\/wp-json\/wp\/v2\/pages\/258528","targetHints":{"allow":["GET"]}}],"collection":[{"href":"https:\/\/www.procarton.com\/fr\/wp-json\/wp\/v2\/pages"}],"about":[{"href":"https:\/\/www.procarton.com\/fr\/wp-json\/wp\/v2\/types\/page"}],"author":[{"embeddable":true,"href":"https:\/\/www.procarton.com\/fr\/wp-json\/wp\/v2\/users\/1"}],"replies":[{"embeddable":true,"href":"https:\/\/www.procarton.com\/fr\/wp-json\/wp\/v2\/comments?post=258528"}],"version-history":[{"count":2,"href":"https:\/\/www.procarton.com\/fr\/wp-json\/wp\/v2\/pages\/258528\/revisions"}],"predecessor-version":[{"id":272422,"href":"https:\/\/www.procarton.com\/fr\/wp-json\/wp\/v2\/pages\/258528\/revisions\/272422"}],"up":[{"embeddable":true,"href":"https:\/\/www.procarton.com\/fr\/wp-json\/wp\/v2\/pages\/258278"}],"wp:attachment":[{"href":"https:\/\/www.procarton.com\/fr\/wp-json\/wp\/v2\/media?parent=258528"}],"curies":[{"name":"wp","href":"https:\/\/api.w.org\/{rel}","templated":true}]}}