{"id":258507,"date":"2021-03-16T13:00:01","date_gmt":"2021-03-16T13:00:01","guid":{"rendered":"\/awards\/european-carton-excellence-award\/2008\/jury\/"},"modified":"2022-01-10T09:32:12","modified_gmt":"2022-01-10T09:32:12","slug":"jury","status":"publish","type":"page","link":"https:\/\/www.procarton.com\/fr\/awards\/european-carton-excellence-award\/2008-2\/jury\/","title":{"rendered":"Jury"},"content":{"rendered":"<p><strong>Commentaires de Satkar Gidda - Pr\u00e9sident du jury<\/strong><br \/>J'ai longtemps pens\u00e9 que le v\u00e9ritable avenir de la communication des marques par l'emballage \u00e9tait le carton. Cependant, en l'espace d'un an, le volume des questions telles que le d\u00e9veloppement durable et la production de carbone est tel qu'il s'agit d\u00e9sormais de deux des sujets les plus br\u00fblants. L'industrie de la brique carton est parfaitement plac\u00e9e pour r\u00e9pondre \u00e0 ces questions et constitue le support id\u00e9al pour une communication cr\u00e9ative avec le client et le consommateur. Aucun autre mat\u00e9riau d'emballage ne peut \u00e9galer les cartons dans ce domaine.<\/p>\r\n\r\n\r\n\r\n<p>Il \u00e9tait donc particuli\u00e8rement satisfaisant de voir autant de candidatures une fois de plus. Les diff\u00e9rents niveaux de r\u00e9flexion, de cr\u00e9ativit\u00e9 et d'utilisation des cartons ont certainement rendu la t\u00e2che des juges tr\u00e8s difficile. Tellement difficile en fait que le jugement a pris beaucoup plus de temps et que nous \u00e9tions compl\u00e8tement \u00e9puis\u00e9s \u00e0 la fin du concours.<\/p>\r\n\r\n\r\n\r\n<p>C'est ce que j'appelle une bonne comp\u00e9tition.<\/p>\r\n\r\n\r\n\r\n<p>Les juges sont toujours \u00e0 la recherche de quelque chose qu'ils n'ont pas vu auparavant ou d'une application diff\u00e9rente d'une id\u00e9e existante. Un pack ne doit pas n\u00e9cessairement \u00eatre farfelu pour \u00eatre innovant. Parfois, une petite modification d'une id\u00e9e existante peut attirer l'attention. Nos clients, les propri\u00e9taires de marques, sont certainement \u00e0 la recherche d'innovation, de diff\u00e9rence et de r\u00e9flexion prospective de la part de l'industrie du carton.<\/p>\r\n\r\n\r\n\r\n<p><em>Satkar Gidda<br \/>Londres septembre 2008<\/em><\/p>\r\n\r\n\r\n\r\n<div class=\"wp-block-media-text alignwide is-stacked-on-mobile\">\r\n<figure class=\"wp-block-media-text__media\"><img loading=\"lazy\" decoding=\"async\" width=\"898\" height=\"1181\" class=\"wp-image-258400 size-full\" src=\"\/wp-content\/uploads\/2021\/03\/satkar_gidda_neu.jpg\" alt=\"\" srcset=\"https:\/\/www.procarton.com\/wp-content\/uploads\/2021\/03\/satkar_gidda_neu.jpg 898w, https:\/\/www.procarton.com\/wp-content\/uploads\/2021\/03\/satkar_gidda_neu-228x300.jpg 228w, https:\/\/www.procarton.com\/wp-content\/uploads\/2021\/03\/satkar_gidda_neu-783x1030.jpg 783w, https:\/\/www.procarton.com\/wp-content\/uploads\/2021\/03\/satkar_gidda_neu-768x1010.jpg 768w, https:\/\/www.procarton.com\/wp-content\/uploads\/2021\/03\/satkar_gidda_neu-9x12.jpg 9w, https:\/\/www.procarton.com\/wp-content\/uploads\/2021\/03\/satkar_gidda_neu-536x705.jpg 536w\" sizes=\"auto, (max-width: 898px) 100vw, 898px\" \/><\/figure>\r\n<div class=\"wp-block-media-text__content\">\r\n<h3 class=\"wp-block-heading\">SATKAR GIDDA<\/h3>\r\n\r\n\r\n\r\n<h4 class=\"wp-block-heading\">PR\u00c9SIDENT DU JURY<\/h4>\r\n\r\n\r\n\r\n<p>Satkar Gidda a \u00e9tudi\u00e9 les \u00e9tudes de commerce et le marketing et a travaill\u00e9 6 ans dans les ventes, le marketing commercial et le marketing de marque pour RHM Foods et Nestl\u00e9, puis 30 ans en tant que directeur des ventes et du marketing de SiebertHead, la plus ancienne soci\u00e9t\u00e9 de conseil en conception de marques et d'emballages au Royaume-Uni. Depuis mars 2020, Satkar op\u00e8re en tant que consultant ind\u00e9pendant.<\/p>\r\n<\/div>\r\n<\/div>","protected":false},"excerpt":{"rendered":"<p>Comments from Satkar Gidda \u2013 Chairman of the JuryI have long held the view that the real future for brand communication through packaging is cartons. However in the space of one year the volume on issues such as sustainability and carbon output is so loud that these are now two of the hottest subjects around. [&hellip;]<\/p>\n","protected":false},"author":1,"featured_media":0,"parent":258282,"menu_order":2,"comment_status":"closed","ping_status":"closed","template":"templates\/award_details_page.php","meta":{"inline_featured_image":false,"footnotes":""},"class_list":["post-258507","page","type-page","status-publish","hentry"],"yoast_head":"<!-- This site is optimized with the Yoast SEO plugin v27.3 - https:\/\/yoast.com\/product\/yoast-seo-wordpress\/ -->\n<title>Jury - Pro Carton<\/title>\n<meta name=\"robots\" content=\"index, follow, max-snippet:-1, max-image-preview:large, max-video-preview:-1\" \/>\n<link rel=\"canonical\" href=\"https:\/\/www.procarton.com\/fr\/awards\/european-carton-excellence-award\/2008-2\/jury\/\" \/>\n<meta property=\"og:locale\" content=\"fr_FR\" \/>\n<meta property=\"og:type\" content=\"article\" \/>\n<meta property=\"og:title\" content=\"Jury - Pro Carton\" \/>\n<meta property=\"og:description\" content=\"Comments from Satkar Gidda \u2013 Chairman of the JuryI have long held the view that the real future for brand communication through packaging is cartons. However in the space of one year the volume on issues such as sustainability and carbon output is so loud that these are now two of the hottest subjects around. [&hellip;]\" \/>\n<meta property=\"og:url\" content=\"https:\/\/www.procarton.com\/fr\/awards\/european-carton-excellence-award\/2008-2\/jury\/\" \/>\n<meta property=\"og:site_name\" content=\"Pro Carton\" \/>\n<meta property=\"article:publisher\" content=\"https:\/\/www.facebook.com\/procartondesignaward\/\" \/>\n<meta property=\"article:modified_time\" content=\"2022-01-10T09:32:12+00:00\" \/>\n<meta name=\"twitter:card\" content=\"summary_large_image\" \/>\n<meta name=\"twitter:site\" content=\"@pro_carton\" \/>\n<meta name=\"twitter:label1\" content=\"Dur\u00e9e de lecture estim\u00e9e\" \/>\n\t<meta name=\"twitter:data1\" content=\"2 minutes\" \/>\n<script type=\"application\/ld+json\" class=\"yoast-schema-graph\">{\"@context\":\"https:\\\/\\\/schema.org\",\"@graph\":[{\"@type\":\"WebPage\",\"@id\":\"https:\\\/\\\/www.procarton.com\\\/es\\\/awards\\\/european-carton-excellence-award\\\/2008-2\\\/jury\\\/\",\"url\":\"https:\\\/\\\/www.procarton.com\\\/es\\\/awards\\\/european-carton-excellence-award\\\/2008-2\\\/jury\\\/\",\"name\":\"Jury - Pro Carton\",\"isPartOf\":{\"@id\":\"https:\\\/\\\/www.procarton.com\\\/es\\\/#website\"},\"datePublished\":\"2021-03-16T13:00:01+00:00\",\"dateModified\":\"2022-01-10T09:32:12+00:00\",\"breadcrumb\":{\"@id\":\"https:\\\/\\\/www.procarton.com\\\/es\\\/awards\\\/european-carton-excellence-award\\\/2008-2\\\/jury\\\/#breadcrumb\"},\"inLanguage\":\"fr-FR\",\"potentialAction\":[{\"@type\":\"ReadAction\",\"target\":[\"https:\\\/\\\/www.procarton.com\\\/es\\\/awards\\\/european-carton-excellence-award\\\/2008-2\\\/jury\\\/\"]}]},{\"@type\":\"BreadcrumbList\",\"@id\":\"https:\\\/\\\/www.procarton.com\\\/es\\\/awards\\\/european-carton-excellence-award\\\/2008-2\\\/jury\\\/#breadcrumb\",\"itemListElement\":[{\"@type\":\"ListItem\",\"position\":1,\"name\":\"Home\",\"item\":\"https:\\\/\\\/www.procarton.com\\\/\"},{\"@type\":\"ListItem\",\"position\":2,\"name\":\"Awards\",\"item\":\"https:\\\/\\\/www.procarton.com\\\/awards\\\/\"},{\"@type\":\"ListItem\",\"position\":3,\"name\":\"European Carton Excellence Award\",\"item\":\"https:\\\/\\\/www.procarton.com\\\/awards\\\/european-carton-excellence-award\\\/\"},{\"@type\":\"ListItem\",\"position\":4,\"name\":\"2008\",\"item\":\"https:\\\/\\\/www.procarton.com\\\/es\\\/awards\\\/european-carton-excellence-award\\\/2008-2\\\/\"},{\"@type\":\"ListItem\",\"position\":5,\"name\":\"Jury\"}]},{\"@type\":\"WebSite\",\"@id\":\"https:\\\/\\\/www.procarton.com\\\/es\\\/#website\",\"url\":\"https:\\\/\\\/www.procarton.com\\\/es\\\/\",\"name\":\"Pro Carton\",\"description\":\"\",\"publisher\":{\"@id\":\"https:\\\/\\\/www.procarton.com\\\/es\\\/#organization\"},\"potentialAction\":[{\"@type\":\"SearchAction\",\"target\":{\"@type\":\"EntryPoint\",\"urlTemplate\":\"https:\\\/\\\/www.procarton.com\\\/es\\\/?s={search_term_string}\"},\"query-input\":{\"@type\":\"PropertyValueSpecification\",\"valueRequired\":true,\"valueName\":\"search_term_string\"}}],\"inLanguage\":\"fr-FR\"},{\"@type\":\"Organization\",\"@id\":\"https:\\\/\\\/www.procarton.com\\\/es\\\/#organization\",\"name\":\"ProCarton\",\"url\":\"https:\\\/\\\/www.procarton.com\\\/es\\\/\",\"logo\":{\"@type\":\"ImageObject\",\"inLanguage\":\"fr-FR\",\"@id\":\"https:\\\/\\\/www.procarton.com\\\/es\\\/#\\\/schema\\\/logo\\\/image\\\/\",\"url\":\"https:\\\/\\\/www.procarton.com\\\/wp-content\\\/uploads\\\/2022\\\/06\\\/logo-mit-slogan.jpg\",\"contentUrl\":\"https:\\\/\\\/www.procarton.com\\\/wp-content\\\/uploads\\\/2022\\\/06\\\/logo-mit-slogan.jpg\",\"width\":422,\"height\":519,\"caption\":\"ProCarton\"},\"image\":{\"@id\":\"https:\\\/\\\/www.procarton.com\\\/es\\\/#\\\/schema\\\/logo\\\/image\\\/\"},\"sameAs\":[\"https:\\\/\\\/www.facebook.com\\\/procartondesignaward\\\/\",\"https:\\\/\\\/x.com\\\/pro_carton\"]}]}<\/script>\n<!-- \/ Yoast SEO plugin. -->","yoast_head_json":{"title":"Jury - Pro Carton","robots":{"index":"index","follow":"follow","max-snippet":"max-snippet:-1","max-image-preview":"max-image-preview:large","max-video-preview":"max-video-preview:-1"},"canonical":"https:\/\/www.procarton.com\/fr\/awards\/european-carton-excellence-award\/2008-2\/jury\/","og_locale":"fr_FR","og_type":"article","og_title":"Jury - Pro Carton","og_description":"Comments from Satkar Gidda \u2013 Chairman of the JuryI have long held the view that the real future for brand communication through packaging is cartons. However in the space of one year the volume on issues such as sustainability and carbon output is so loud that these are now two of the hottest subjects around. [&hellip;]","og_url":"https:\/\/www.procarton.com\/fr\/awards\/european-carton-excellence-award\/2008-2\/jury\/","og_site_name":"Pro Carton","article_publisher":"https:\/\/www.facebook.com\/procartondesignaward\/","article_modified_time":"2022-01-10T09:32:12+00:00","twitter_card":"summary_large_image","twitter_site":"@pro_carton","twitter_misc":{"Dur\u00e9e de lecture estim\u00e9e":"2 minutes"},"schema":{"@context":"https:\/\/schema.org","@graph":[{"@type":"WebPage","@id":"https:\/\/www.procarton.com\/es\/awards\/european-carton-excellence-award\/2008-2\/jury\/","url":"https:\/\/www.procarton.com\/es\/awards\/european-carton-excellence-award\/2008-2\/jury\/","name":"Jury - Pro Carton","isPartOf":{"@id":"https:\/\/www.procarton.com\/es\/#website"},"datePublished":"2021-03-16T13:00:01+00:00","dateModified":"2022-01-10T09:32:12+00:00","breadcrumb":{"@id":"https:\/\/www.procarton.com\/es\/awards\/european-carton-excellence-award\/2008-2\/jury\/#breadcrumb"},"inLanguage":"fr-FR","potentialAction":[{"@type":"ReadAction","target":["https:\/\/www.procarton.com\/es\/awards\/european-carton-excellence-award\/2008-2\/jury\/"]}]},{"@type":"BreadcrumbList","@id":"https:\/\/www.procarton.com\/es\/awards\/european-carton-excellence-award\/2008-2\/jury\/#breadcrumb","itemListElement":[{"@type":"ListItem","position":1,"name":"Home","item":"https:\/\/www.procarton.com\/"},{"@type":"ListItem","position":2,"name":"Awards","item":"https:\/\/www.procarton.com\/awards\/"},{"@type":"ListItem","position":3,"name":"European Carton Excellence Award","item":"https:\/\/www.procarton.com\/awards\/european-carton-excellence-award\/"},{"@type":"ListItem","position":4,"name":"2008","item":"https:\/\/www.procarton.com\/es\/awards\/european-carton-excellence-award\/2008-2\/"},{"@type":"ListItem","position":5,"name":"Jury"}]},{"@type":"WebSite","@id":"https:\/\/www.procarton.com\/es\/#website","url":"https:\/\/www.procarton.com\/es\/","name":"Pro Carton","description":"","publisher":{"@id":"https:\/\/www.procarton.com\/es\/#organization"},"potentialAction":[{"@type":"SearchAction","target":{"@type":"EntryPoint","urlTemplate":"https:\/\/www.procarton.com\/es\/?s={search_term_string}"},"query-input":{"@type":"PropertyValueSpecification","valueRequired":true,"valueName":"search_term_string"}}],"inLanguage":"fr-FR"},{"@type":"Organization","@id":"https:\/\/www.procarton.com\/es\/#organization","name":"ProCarton","url":"https:\/\/www.procarton.com\/es\/","logo":{"@type":"ImageObject","inLanguage":"fr-FR","@id":"https:\/\/www.procarton.com\/es\/#\/schema\/logo\/image\/","url":"https:\/\/www.procarton.com\/wp-content\/uploads\/2022\/06\/logo-mit-slogan.jpg","contentUrl":"https:\/\/www.procarton.com\/wp-content\/uploads\/2022\/06\/logo-mit-slogan.jpg","width":422,"height":519,"caption":"ProCarton"},"image":{"@id":"https:\/\/www.procarton.com\/es\/#\/schema\/logo\/image\/"},"sameAs":["https:\/\/www.facebook.com\/procartondesignaward\/","https:\/\/x.com\/pro_carton"]}]}},"_links":{"self":[{"href":"https:\/\/www.procarton.com\/fr\/wp-json\/wp\/v2\/pages\/258507","targetHints":{"allow":["GET"]}}],"collection":[{"href":"https:\/\/www.procarton.com\/fr\/wp-json\/wp\/v2\/pages"}],"about":[{"href":"https:\/\/www.procarton.com\/fr\/wp-json\/wp\/v2\/types\/page"}],"author":[{"embeddable":true,"href":"https:\/\/www.procarton.com\/fr\/wp-json\/wp\/v2\/users\/1"}],"replies":[{"embeddable":true,"href":"https:\/\/www.procarton.com\/fr\/wp-json\/wp\/v2\/comments?post=258507"}],"version-history":[{"count":2,"href":"https:\/\/www.procarton.com\/fr\/wp-json\/wp\/v2\/pages\/258507\/revisions"}],"predecessor-version":[{"id":272393,"href":"https:\/\/www.procarton.com\/fr\/wp-json\/wp\/v2\/pages\/258507\/revisions\/272393"}],"up":[{"embeddable":true,"href":"https:\/\/www.procarton.com\/fr\/wp-json\/wp\/v2\/pages\/258282"}],"wp:attachment":[{"href":"https:\/\/www.procarton.com\/fr\/wp-json\/wp\/v2\/media?parent=258507"}],"curies":[{"name":"wp","href":"https:\/\/api.w.org\/{rel}","templated":true}]}}