{"id":258284,"date":"2021-03-12T10:36:43","date_gmt":"2021-03-12T10:36:43","guid":{"rendered":"https:\/\/www.procarton.com\/awards\/european-carton-excellence-award\/2006\/"},"modified":"2022-03-30T11:37:11","modified_gmt":"2022-03-30T10:37:11","slug":"2006-2","status":"publish","type":"page","link":"https:\/\/www.procarton.com\/fr\/awards\/european-carton-excellence-award\/2006-2\/","title":{"rendered":"2006"},"content":{"rendered":"<div class=\"av-animated-generic top-to-bottom flex_column av_two_third  flex_column_div av-zero-column-padding first  avia-builder-el-0  el_before_av_one_third  avia-builder-el-first\" style='border-radius:0px; '><section class=\"av_textblock_section\"  itemscope=\"itemscope\" itemtype=\"https:\/\/schema.org\/CreativeWork\" ><div class='avia_textblock'   itemprop=\"text\" ><p>Pro Carton a le plaisir d'annoncer les r\u00e9sultats du concours annuel Pro Carton \/ ECMA Carton Awards. Les prix ont \u00e9t\u00e9 d\u00e9cern\u00e9s le 15 septembre et vous trouverez dans les pages suivantes les d\u00e9tails non seulement des gagnants et des finalistes, mais aussi de tous les participants au concours de cette ann\u00e9e. Avec 125 inscriptions, il s'agit de l'un des prix les mieux soutenus depuis 10 ans.<\/p>\n<\/div><\/section><\/div><div class=\"av-animated-generic top-to-bottom flex_column av_one_third  flex_column_div av-zero-column-padding   avia-builder-el-2  el_after_av_two_third  avia-builder-el-last\" style='border-radius:0px; '><p><div  class='avia-image-container  av-styling-no-styling    avia-builder-el-3  el_before_av_button  avia-builder-el-first  avia-align-center'  itemprop=\"image\" itemscope=\"itemscope\" itemtype=\"https:\/\/schema.org\/ImageObject\"  ><div class='avia-image-container-inner'><div class='avia-image-overlay-wrap'><a href=\"https:\/\/www.procarton.com\/wp-content\/uploads\/2021\/03\/juryreport2006.pdf\" class='avia_image' ><img decoding=\"async\" width=\"208\" height=\"266\" class='wp-image-258492 avia-img-lazy-loading-not-258492 avia_image' src=\"https:\/\/www.procarton.com\/wp-content\/uploads\/2021\/03\/juryreport20061.jpeg\" alt='' title='rapport du jury20061'  itemprop=\"thumbnailUrl\" srcset=\"https:\/\/www.procarton.com\/wp-content\/uploads\/2021\/03\/juryreport20061.jpeg 208w, https:\/\/www.procarton.com\/wp-content\/uploads\/2021\/03\/juryreport20061-9x12.jpeg 9w\" sizes=\"(max-width: 208px) 100vw, 208px\" \/><\/a><\/div><\/div><\/div><br \/>\n<div  class='avia-button-wrap avia-button-center  avia-builder-el-4  el_after_av_image  avia-builder-el-last' ><a href='https:\/\/www.procarton.com\/wp-content\/uploads\/2021\/03\/juryreport2006.pdf'  class='avia-button av-icon-on-hover avia-color-theme-color   avia-icon_select-yes-left-icon avia-size-small avia-position-center'   ><span class='avia_button_icon avia_button_icon_left' aria-hidden='true' data-av_icon='\ue800' data-av_iconfont='entypo-fontello'><\/span><span class='avia_iconbox_title' >T\u00e9l\u00e9charger le rapport<\/span><\/a><\/div><\/p><\/div>","protected":false},"excerpt":{"rendered":"","protected":false},"author":1,"featured_media":264376,"parent":243707,"menu_order":21,"comment_status":"closed","ping_status":"closed","template":"templates\/award_details_page.php","meta":{"inline_featured_image":false,"footnotes":""},"class_list":["post-258284","page","type-page","status-publish","has-post-thumbnail","hentry"],"yoast_head":"<!-- This site is optimized with the Yoast SEO plugin v27.4 - https:\/\/yoast.com\/product\/yoast-seo-wordpress\/ -->\n<title>2006 - Pro Carton<\/title>\n<meta name=\"robots\" content=\"index, follow, max-snippet:-1, max-image-preview:large, max-video-preview:-1\" \/>\n<link rel=\"canonical\" href=\"https:\/\/www.procarton.com\/fr\/awards\/european-carton-excellence-award\/2006-2\/\" \/>\n<meta property=\"og:locale\" content=\"fr_FR\" \/>\n<meta property=\"og:type\" content=\"article\" \/>\n<meta property=\"og:title\" content=\"2006 - Pro Carton\" \/>\n<meta property=\"og:url\" content=\"https:\/\/www.procarton.com\/fr\/awards\/european-carton-excellence-award\/2006-2\/\" \/>\n<meta property=\"og:site_name\" content=\"Pro Carton\" \/>\n<meta property=\"article:publisher\" content=\"https:\/\/www.facebook.com\/procartondesignaward\/\" \/>\n<meta property=\"article:modified_time\" content=\"2022-03-30T10:37:11+00:00\" \/>\n<meta property=\"og:image\" content=\"https:\/\/www.procarton.com\/wp-content\/uploads\/2021\/10\/eca-square.png\" \/>\n\t<meta property=\"og:image:width\" content=\"500\" \/>\n\t<meta property=\"og:image:height\" content=\"500\" \/>\n\t<meta property=\"og:image:type\" content=\"image\/png\" \/>\n<meta name=\"twitter:card\" content=\"summary_large_image\" \/>\n<meta name=\"twitter:site\" content=\"@pro_carton\" \/>\n<meta name=\"twitter:label1\" content=\"Dur\u00e9e de lecture estim\u00e9e\" \/>\n\t<meta name=\"twitter:data1\" content=\"1 minute\" \/>\n<script type=\"application\/ld+json\" class=\"yoast-schema-graph\">{\"@context\":\"https:\\\/\\\/schema.org\",\"@graph\":[{\"@type\":\"WebPage\",\"@id\":\"https:\\\/\\\/www.procarton.com\\\/es\\\/awards\\\/european-carton-excellence-award\\\/2006-2\\\/\",\"url\":\"https:\\\/\\\/www.procarton.com\\\/es\\\/awards\\\/european-carton-excellence-award\\\/2006-2\\\/\",\"name\":\"2006 - Pro Carton\",\"isPartOf\":{\"@id\":\"https:\\\/\\\/www.procarton.com\\\/es\\\/#website\"},\"primaryImageOfPage\":{\"@id\":\"https:\\\/\\\/www.procarton.com\\\/es\\\/awards\\\/european-carton-excellence-award\\\/2006-2\\\/#primaryimage\"},\"image\":{\"@id\":\"https:\\\/\\\/www.procarton.com\\\/es\\\/awards\\\/european-carton-excellence-award\\\/2006-2\\\/#primaryimage\"},\"thumbnailUrl\":\"https:\\\/\\\/www.procarton.com\\\/wp-content\\\/uploads\\\/2021\\\/10\\\/eca-square.png\",\"datePublished\":\"2021-03-12T10:36:43+00:00\",\"dateModified\":\"2022-03-30T10:37:11+00:00\",\"breadcrumb\":{\"@id\":\"https:\\\/\\\/www.procarton.com\\\/es\\\/awards\\\/european-carton-excellence-award\\\/2006-2\\\/#breadcrumb\"},\"inLanguage\":\"fr-FR\",\"potentialAction\":[{\"@type\":\"ReadAction\",\"target\":[\"https:\\\/\\\/www.procarton.com\\\/es\\\/awards\\\/european-carton-excellence-award\\\/2006-2\\\/\"]}]},{\"@type\":\"ImageObject\",\"inLanguage\":\"fr-FR\",\"@id\":\"https:\\\/\\\/www.procarton.com\\\/es\\\/awards\\\/european-carton-excellence-award\\\/2006-2\\\/#primaryimage\",\"url\":\"https:\\\/\\\/www.procarton.com\\\/wp-content\\\/uploads\\\/2021\\\/10\\\/eca-square.png\",\"contentUrl\":\"https:\\\/\\\/www.procarton.com\\\/wp-content\\\/uploads\\\/2021\\\/10\\\/eca-square.png\",\"width\":500,\"height\":500},{\"@type\":\"BreadcrumbList\",\"@id\":\"https:\\\/\\\/www.procarton.com\\\/es\\\/awards\\\/european-carton-excellence-award\\\/2006-2\\\/#breadcrumb\",\"itemListElement\":[{\"@type\":\"ListItem\",\"position\":1,\"name\":\"Home\",\"item\":\"https:\\\/\\\/www.procarton.com\\\/\"},{\"@type\":\"ListItem\",\"position\":2,\"name\":\"Awards\",\"item\":\"https:\\\/\\\/www.procarton.com\\\/awards\\\/\"},{\"@type\":\"ListItem\",\"position\":3,\"name\":\"European Carton Excellence Award\",\"item\":\"https:\\\/\\\/www.procarton.com\\\/awards\\\/european-carton-excellence-award\\\/\"},{\"@type\":\"ListItem\",\"position\":4,\"name\":\"2006\"}]},{\"@type\":\"WebSite\",\"@id\":\"https:\\\/\\\/www.procarton.com\\\/es\\\/#website\",\"url\":\"https:\\\/\\\/www.procarton.com\\\/es\\\/\",\"name\":\"Pro Carton\",\"description\":\"\",\"publisher\":{\"@id\":\"https:\\\/\\\/www.procarton.com\\\/es\\\/#organization\"},\"potentialAction\":[{\"@type\":\"SearchAction\",\"target\":{\"@type\":\"EntryPoint\",\"urlTemplate\":\"https:\\\/\\\/www.procarton.com\\\/es\\\/?s={search_term_string}\"},\"query-input\":{\"@type\":\"PropertyValueSpecification\",\"valueRequired\":true,\"valueName\":\"search_term_string\"}}],\"inLanguage\":\"fr-FR\"},{\"@type\":\"Organization\",\"@id\":\"https:\\\/\\\/www.procarton.com\\\/es\\\/#organization\",\"name\":\"ProCarton\",\"url\":\"https:\\\/\\\/www.procarton.com\\\/es\\\/\",\"logo\":{\"@type\":\"ImageObject\",\"inLanguage\":\"fr-FR\",\"@id\":\"https:\\\/\\\/www.procarton.com\\\/es\\\/#\\\/schema\\\/logo\\\/image\\\/\",\"url\":\"https:\\\/\\\/www.procarton.com\\\/wp-content\\\/uploads\\\/2022\\\/06\\\/logo-mit-slogan.jpg\",\"contentUrl\":\"https:\\\/\\\/www.procarton.com\\\/wp-content\\\/uploads\\\/2022\\\/06\\\/logo-mit-slogan.jpg\",\"width\":422,\"height\":519,\"caption\":\"ProCarton\"},\"image\":{\"@id\":\"https:\\\/\\\/www.procarton.com\\\/es\\\/#\\\/schema\\\/logo\\\/image\\\/\"},\"sameAs\":[\"https:\\\/\\\/www.facebook.com\\\/procartondesignaward\\\/\",\"https:\\\/\\\/x.com\\\/pro_carton\"]}]}<\/script>\n<!-- \/ Yoast SEO plugin. -->","yoast_head_json":{"title":"2006 - Carton Pro","robots":{"index":"index","follow":"follow","max-snippet":"max-snippet:-1","max-image-preview":"max-image-preview:large","max-video-preview":"max-video-preview:-1"},"canonical":"https:\/\/www.procarton.com\/fr\/awards\/european-carton-excellence-award\/2006-2\/","og_locale":"fr_FR","og_type":"article","og_title":"2006 - Pro Carton","og_url":"https:\/\/www.procarton.com\/fr\/awards\/european-carton-excellence-award\/2006-2\/","og_site_name":"Pro Carton","article_publisher":"https:\/\/www.facebook.com\/procartondesignaward\/","article_modified_time":"2022-03-30T10:37:11+00:00","og_image":[{"width":500,"height":500,"url":"https:\/\/www.procarton.com\/wp-content\/uploads\/2021\/10\/eca-square.png","type":"image\/png"}],"twitter_card":"summary_large_image","twitter_site":"@pro_carton","twitter_misc":{"Dur\u00e9e de lecture estim\u00e9e":"1 minute"},"schema":{"@context":"https:\/\/schema.org","@graph":[{"@type":"WebPage","@id":"https:\/\/www.procarton.com\/es\/awards\/european-carton-excellence-award\/2006-2\/","url":"https:\/\/www.procarton.com\/es\/awards\/european-carton-excellence-award\/2006-2\/","name":"2006 - Carton Pro","isPartOf":{"@id":"https:\/\/www.procarton.com\/es\/#website"},"primaryImageOfPage":{"@id":"https:\/\/www.procarton.com\/es\/awards\/european-carton-excellence-award\/2006-2\/#primaryimage"},"image":{"@id":"https:\/\/www.procarton.com\/es\/awards\/european-carton-excellence-award\/2006-2\/#primaryimage"},"thumbnailUrl":"https:\/\/www.procarton.com\/wp-content\/uploads\/2021\/10\/eca-square.png","datePublished":"2021-03-12T10:36:43+00:00","dateModified":"2022-03-30T10:37:11+00:00","breadcrumb":{"@id":"https:\/\/www.procarton.com\/es\/awards\/european-carton-excellence-award\/2006-2\/#breadcrumb"},"inLanguage":"fr-FR","potentialAction":[{"@type":"ReadAction","target":["https:\/\/www.procarton.com\/es\/awards\/european-carton-excellence-award\/2006-2\/"]}]},{"@type":"ImageObject","inLanguage":"fr-FR","@id":"https:\/\/www.procarton.com\/es\/awards\/european-carton-excellence-award\/2006-2\/#primaryimage","url":"https:\/\/www.procarton.com\/wp-content\/uploads\/2021\/10\/eca-square.png","contentUrl":"https:\/\/www.procarton.com\/wp-content\/uploads\/2021\/10\/eca-square.png","width":500,"height":500},{"@type":"BreadcrumbList","@id":"https:\/\/www.procarton.com\/es\/awards\/european-carton-excellence-award\/2006-2\/#breadcrumb","itemListElement":[{"@type":"ListItem","position":1,"name":"Home","item":"https:\/\/www.procarton.com\/"},{"@type":"ListItem","position":2,"name":"Awards","item":"https:\/\/www.procarton.com\/awards\/"},{"@type":"ListItem","position":3,"name":"European Carton Excellence Award","item":"https:\/\/www.procarton.com\/awards\/european-carton-excellence-award\/"},{"@type":"ListItem","position":4,"name":"2006"}]},{"@type":"WebSite","@id":"https:\/\/www.procarton.com\/es\/#website","url":"https:\/\/www.procarton.com\/es\/","name":"Pro Carton","description":"","publisher":{"@id":"https:\/\/www.procarton.com\/es\/#organization"},"potentialAction":[{"@type":"SearchAction","target":{"@type":"EntryPoint","urlTemplate":"https:\/\/www.procarton.com\/es\/?s={search_term_string}"},"query-input":{"@type":"PropertyValueSpecification","valueRequired":true,"valueName":"search_term_string"}}],"inLanguage":"fr-FR"},{"@type":"Organization","@id":"https:\/\/www.procarton.com\/es\/#organization","name":"ProCarton","url":"https:\/\/www.procarton.com\/es\/","logo":{"@type":"ImageObject","inLanguage":"fr-FR","@id":"https:\/\/www.procarton.com\/es\/#\/schema\/logo\/image\/","url":"https:\/\/www.procarton.com\/wp-content\/uploads\/2022\/06\/logo-mit-slogan.jpg","contentUrl":"https:\/\/www.procarton.com\/wp-content\/uploads\/2022\/06\/logo-mit-slogan.jpg","width":422,"height":519,"caption":"ProCarton"},"image":{"@id":"https:\/\/www.procarton.com\/es\/#\/schema\/logo\/image\/"},"sameAs":["https:\/\/www.facebook.com\/procartondesignaward\/","https:\/\/x.com\/pro_carton"]}]}},"_links":{"self":[{"href":"https:\/\/www.procarton.com\/fr\/wp-json\/wp\/v2\/pages\/258284","targetHints":{"allow":["GET"]}}],"collection":[{"href":"https:\/\/www.procarton.com\/fr\/wp-json\/wp\/v2\/pages"}],"about":[{"href":"https:\/\/www.procarton.com\/fr\/wp-json\/wp\/v2\/types\/page"}],"author":[{"embeddable":true,"href":"https:\/\/www.procarton.com\/fr\/wp-json\/wp\/v2\/users\/1"}],"replies":[{"embeddable":true,"href":"https:\/\/www.procarton.com\/fr\/wp-json\/wp\/v2\/comments?post=258284"}],"version-history":[{"count":5,"href":"https:\/\/www.procarton.com\/fr\/wp-json\/wp\/v2\/pages\/258284\/revisions"}],"predecessor-version":[{"id":276116,"href":"https:\/\/www.procarton.com\/fr\/wp-json\/wp\/v2\/pages\/258284\/revisions\/276116"}],"up":[{"embeddable":true,"href":"https:\/\/www.procarton.com\/fr\/wp-json\/wp\/v2\/pages\/243707"}],"wp:featuredmedia":[{"embeddable":true,"href":"https:\/\/www.procarton.com\/fr\/wp-json\/wp\/v2\/media\/264376"}],"wp:attachment":[{"href":"https:\/\/www.procarton.com\/fr\/wp-json\/wp\/v2\/media?parent=258284"}],"curies":[{"name":"wp","href":"https:\/\/api.w.org\/{rel}","templated":true}]}}