{"id":258280,"date":"2021-03-12T10:33:59","date_gmt":"2021-03-12T10:33:59","guid":{"rendered":"https:\/\/www.procarton.com\/awards\/european-carton-excellence-award\/2010\/"},"modified":"2022-03-30T12:04:50","modified_gmt":"2022-03-30T11:04:50","slug":"2010-2","status":"publish","type":"page","link":"https:\/\/www.procarton.com\/fr\/awards\/european-carton-excellence-award\/2010-2\/","title":{"rendered":"2010"},"content":{"rendered":"<div class=\"av-animated-generic top-to-bottom flex_column av_two_third  flex_column_div av-zero-column-padding first  avia-builder-el-0  el_before_av_one_third  avia-builder-el-first\" style='border-radius:0px; '><section class=\"av_textblock_section\"  itemscope=\"itemscope\" itemtype=\"https:\/\/schema.org\/CreativeWork\" ><div class='avia_textblock'   itemprop=\"text\" ><p><strong>Il n'est pas tr\u00e8s surprenant qu'avec toute la tourmente \u00e9conomique qui a touch\u00e9 les march\u00e9s r\u00e9cemment, le nombre d'inscriptions que nous avons re\u00e7ues cette ann\u00e9e ait \u00e9t\u00e9 inf\u00e9rieur \u00e0 celui des deux ann\u00e9es pr\u00e9c\u00e9dentes. Avec moins de nouveaux produits lanc\u00e9s et des niveaux d'investissement plus faibles, je suis s\u00fbr que moins de nouveaux d\u00e9veloppements ont \u00e9t\u00e9 r\u00e9alis\u00e9s. Cependant, il est tr\u00e8s encourageant de constater que si le nombre d'inscriptions a quelque peu diminu\u00e9, la qualit\u00e9 globale des inscriptions n'a pas diminu\u00e9 et, une fois de plus, l'impact initial de la pr\u00e9sentation d'une centaine de cartons aux juges a \u00e9t\u00e9 vraiment gratifiant. De nouvelles id\u00e9es, de nouvelles formes, des changements d'utilisation, un meilleur fonctionnement sur les machines d'emballage - tous ces \u00e9l\u00e9ments \u00e9taient pr\u00e9sent\u00e9s et, une fois de plus, les juges ont eu du mal \u00e0 s\u00e9lectionner les gagnants parmi cette impressionnante pr\u00e9sentation.<\/strong><\/p>\n<p>Je suis une fois de plus redevable aux juges pour le travail acharn\u00e9 qu'ils fournissent pour arriver \u00e0 leurs d\u00e9cisions. Ce n'est pas une t\u00e2che facile car nous leur demandons d'examiner en d\u00e9tail tous les cartons et ils \u00e9coutent \u00e9galement les conseils de notre expert en emballage carton, Peter Klein Sprokkelhorst, afin de s'assurer que les avantages de toutes les candidatures sont pleinement compris et \u00e9valu\u00e9s par les juges. Je tiens donc \u00e0 remercier sinc\u00e8rement, au nom de Pro Carton et de l'ECMA qui parrainent conjointement ces Awards, Satkar Gidda, pr\u00e9sident du jury, Pascal van Beek et Burgunde Uhlig pour leurs jugements difficiles, ainsi que Peter pour ses connaissances et ses conseils aux juges.<\/p>\n<p>Je souhaite \u00e9galement remercier toutes les entreprises qui ont particip\u00e9. Cette ann\u00e9e, nous avons re\u00e7u des candidatures de quinze pays, ce qui est plus \u00e9lev\u00e9 que pour tous les Awards pr\u00e9c\u00e9dents et, compte tenu des march\u00e9s difficiles sur lesquels les fabricants de carton op\u00e8rent, je suis reconnaissant \u00e0 toutes les entreprises qui ont particip\u00e9 d'avoir pris le temps et la peine de le faire et d'avoir pr\u00e9sent\u00e9 d'excellentes candidatures.<\/p>\n<p>Malheureusement, le niveau d'inscription dans la cat\u00e9gorie pharmaceutique \u00e9tait tr\u00e8s bas cette ann\u00e9e et aucune entr\u00e9e ne s'est distingu\u00e9e par rapport aux crit\u00e8res de jugement, les juges ont estim\u00e9 qu'ils ne pouvaient pas d\u00e9cerner de prix cette ann\u00e9e.<\/p>\n<p>Les niveaux de participation dans toutes les autres cat\u00e9gories ont r\u00e9pondu aux attentes et, comme vous le verrez dans les pages suivantes, les gagnants font preuve d'une v\u00e9ritable innovation, de flair et d'excellence. Bon nombre des d\u00e9cisions prises par les juges ont \u00e9t\u00e9 prises de tr\u00e8s pr\u00e8s et ce n'est qu'apr\u00e8s de nombreuses discussions qu'un accord final a \u00e9t\u00e9 trouv\u00e9.<\/p>\n<p>Une autre facette tr\u00e8s encourageante des prix de cette ann\u00e9e a \u00e9t\u00e9 le nombre de candidatures qui ont clairement d\u00e9montr\u00e9 les caract\u00e9ristiques de \u00e9co-responsabilit\u00e9 de leurs produits. De nombreux cartons avaient \u00e9t\u00e9 con\u00e7us sp\u00e9cifiquement pour remplacer d'autres mat\u00e9riaux ou pour utiliser moins de mat\u00e9riaux, de sorte que les produits peuvent d\u00e9sormais \u00eatre emball\u00e9s de mani\u00e8re plus durable. Il s'agit d'une \u00e9volution tr\u00e8s positive qui ne cesse de s'acc\u00e9l\u00e9rer et de plus en plus d'utilisateurs et de prescripteurs d'emballages constatent les avantages pour leur entreprise de passer \u00e0 l'emballage carton.<\/p>\n<p>Encore une fois, mes remerciements \u00e0 toutes les entreprises qui ont particip\u00e9 et mes f\u00e9licitations \u00e0 tous les gagnants.<\/p>\n<p><em>Richard Dalgleish<br \/>Zurich septembre 2010<\/em><\/p>\n<\/div><\/section><\/div><div class=\"av-animated-generic top-to-bottom flex_column av_one_third  flex_column_div av-zero-column-padding   avia-builder-el-2  el_after_av_two_third  avia-builder-el-last\" style='border-radius:0px; '><p><div  class='avia-image-container  av-styling-no-styling    avia-builder-el-3  el_before_av_button  avia-builder-el-first  avia-align-center'  itemprop=\"image\" itemscope=\"itemscope\" itemtype=\"https:\/\/schema.org\/ImageObject\"  ><div class='avia-image-container-inner'><div class='avia-image-overlay-wrap'><a href=\"https:\/\/www.procarton.com\/wp-content\/uploads\/2010\/12\/pc071_juryreport_2010_en1.pdf\" class='avia_image' target=\"_blank\" rel=\"noopener noreferrer\"><img decoding=\"async\" width=\"221\" height=\"300\" class='wp-image-258514 avia-img-lazy-loading-not-258514 avia_image' src=\"https:\/\/www.procarton.com\/wp-content\/uploads\/2021\/03\/pc071_juryreport_2010_en1-221x300.jpeg\" alt='' title='pc071_juryreport_2010_en1'  itemprop=\"thumbnailUrl\" srcset=\"https:\/\/www.procarton.com\/wp-content\/uploads\/2021\/03\/pc071_juryreport_2010_en1-221x300.jpeg 221w, https:\/\/www.procarton.com\/wp-content\/uploads\/2021\/03\/pc071_juryreport_2010_en1-758x1030.jpeg 758w, https:\/\/www.procarton.com\/wp-content\/uploads\/2021\/03\/pc071_juryreport_2010_en1-768x1044.jpeg 768w, https:\/\/www.procarton.com\/wp-content\/uploads\/2021\/03\/pc071_juryreport_2010_en1-9x12.jpeg 9w, https:\/\/www.procarton.com\/wp-content\/uploads\/2021\/03\/pc071_juryreport_2010_en1-519x705.jpeg 519w, https:\/\/www.procarton.com\/wp-content\/uploads\/2021\/03\/pc071_juryreport_2010_en1.jpeg 800w\" sizes=\"(max-width: 221px) 100vw, 221px\" \/><\/a><\/div><\/div><\/div><br \/>\n<div  class='avia-button-wrap avia-button-center  avia-builder-el-4  el_after_av_image  avia-builder-el-last' ><a href='https:\/\/www.procarton.com\/wp-content\/uploads\/2010\/12\/pc071_juryreport_2010_en1.pdf' class='avia-button av-icon-on-hover avia-color-theme-color   avia-icon_select-yes-left-icon avia-size-small avia-position-center' target=\"_blank\" rel=\"noopener noreferrer\"><span class='avia_button_icon avia_button_icon_left' aria-hidden='true' data-av_icon='\ue800' data-av_iconfont='entypo-fontello'><\/span><span class='avia_iconbox_title' >T\u00e9l\u00e9charger le rapport<\/span><\/a><\/div><\/p><\/div>","protected":false},"excerpt":{"rendered":"","protected":false},"author":1,"featured_media":264376,"parent":243707,"menu_order":17,"comment_status":"closed","ping_status":"closed","template":"templates\/award_details_page.php","meta":{"inline_featured_image":false,"footnotes":""},"class_list":["post-258280","page","type-page","status-publish","has-post-thumbnail","hentry"],"yoast_head":"<!-- This site is optimized with the Yoast SEO plugin v27.4 - https:\/\/yoast.com\/product\/yoast-seo-wordpress\/ -->\n<title>2010 - Pro Carton<\/title>\n<meta name=\"robots\" content=\"index, follow, max-snippet:-1, max-image-preview:large, max-video-preview:-1\" \/>\n<link rel=\"canonical\" href=\"https:\/\/www.procarton.com\/fr\/awards\/european-carton-excellence-award\/2010-2\/\" \/>\n<meta property=\"og:locale\" content=\"fr_FR\" \/>\n<meta property=\"og:type\" content=\"article\" \/>\n<meta property=\"og:title\" content=\"2010 - Pro Carton\" \/>\n<meta property=\"og:url\" content=\"https:\/\/www.procarton.com\/fr\/awards\/european-carton-excellence-award\/2010-2\/\" \/>\n<meta property=\"og:site_name\" content=\"Pro Carton\" \/>\n<meta property=\"article:publisher\" content=\"https:\/\/www.facebook.com\/procartondesignaward\/\" \/>\n<meta property=\"article:modified_time\" content=\"2022-03-30T11:04:50+00:00\" \/>\n<meta property=\"og:image\" content=\"https:\/\/www.procarton.com\/wp-content\/uploads\/2021\/10\/eca-square.png\" \/>\n\t<meta property=\"og:image:width\" content=\"500\" \/>\n\t<meta property=\"og:image:height\" content=\"500\" \/>\n\t<meta property=\"og:image:type\" content=\"image\/png\" \/>\n<meta name=\"twitter:card\" content=\"summary_large_image\" \/>\n<meta name=\"twitter:site\" content=\"@pro_carton\" \/>\n<meta name=\"twitter:label1\" content=\"Dur\u00e9e de lecture estim\u00e9e\" \/>\n\t<meta name=\"twitter:data1\" content=\"3 minutes\" \/>\n<script type=\"application\/ld+json\" class=\"yoast-schema-graph\">{\"@context\":\"https:\\\/\\\/schema.org\",\"@graph\":[{\"@type\":\"WebPage\",\"@id\":\"https:\\\/\\\/www.procarton.com\\\/es\\\/awards\\\/european-carton-excellence-award\\\/2010-2\\\/\",\"url\":\"https:\\\/\\\/www.procarton.com\\\/es\\\/awards\\\/european-carton-excellence-award\\\/2010-2\\\/\",\"name\":\"2010 - Pro Carton\",\"isPartOf\":{\"@id\":\"https:\\\/\\\/www.procarton.com\\\/es\\\/#website\"},\"primaryImageOfPage\":{\"@id\":\"https:\\\/\\\/www.procarton.com\\\/es\\\/awards\\\/european-carton-excellence-award\\\/2010-2\\\/#primaryimage\"},\"image\":{\"@id\":\"https:\\\/\\\/www.procarton.com\\\/es\\\/awards\\\/european-carton-excellence-award\\\/2010-2\\\/#primaryimage\"},\"thumbnailUrl\":\"https:\\\/\\\/www.procarton.com\\\/wp-content\\\/uploads\\\/2021\\\/10\\\/eca-square.png\",\"datePublished\":\"2021-03-12T10:33:59+00:00\",\"dateModified\":\"2022-03-30T11:04:50+00:00\",\"breadcrumb\":{\"@id\":\"https:\\\/\\\/www.procarton.com\\\/es\\\/awards\\\/european-carton-excellence-award\\\/2010-2\\\/#breadcrumb\"},\"inLanguage\":\"fr-FR\",\"potentialAction\":[{\"@type\":\"ReadAction\",\"target\":[\"https:\\\/\\\/www.procarton.com\\\/es\\\/awards\\\/european-carton-excellence-award\\\/2010-2\\\/\"]}]},{\"@type\":\"ImageObject\",\"inLanguage\":\"fr-FR\",\"@id\":\"https:\\\/\\\/www.procarton.com\\\/es\\\/awards\\\/european-carton-excellence-award\\\/2010-2\\\/#primaryimage\",\"url\":\"https:\\\/\\\/www.procarton.com\\\/wp-content\\\/uploads\\\/2021\\\/10\\\/eca-square.png\",\"contentUrl\":\"https:\\\/\\\/www.procarton.com\\\/wp-content\\\/uploads\\\/2021\\\/10\\\/eca-square.png\",\"width\":500,\"height\":500},{\"@type\":\"BreadcrumbList\",\"@id\":\"https:\\\/\\\/www.procarton.com\\\/es\\\/awards\\\/european-carton-excellence-award\\\/2010-2\\\/#breadcrumb\",\"itemListElement\":[{\"@type\":\"ListItem\",\"position\":1,\"name\":\"Home\",\"item\":\"https:\\\/\\\/www.procarton.com\\\/\"},{\"@type\":\"ListItem\",\"position\":2,\"name\":\"Awards\",\"item\":\"https:\\\/\\\/www.procarton.com\\\/awards\\\/\"},{\"@type\":\"ListItem\",\"position\":3,\"name\":\"European Carton Excellence Award\",\"item\":\"https:\\\/\\\/www.procarton.com\\\/awards\\\/european-carton-excellence-award\\\/\"},{\"@type\":\"ListItem\",\"position\":4,\"name\":\"2010\"}]},{\"@type\":\"WebSite\",\"@id\":\"https:\\\/\\\/www.procarton.com\\\/es\\\/#website\",\"url\":\"https:\\\/\\\/www.procarton.com\\\/es\\\/\",\"name\":\"Pro Carton\",\"description\":\"\",\"publisher\":{\"@id\":\"https:\\\/\\\/www.procarton.com\\\/es\\\/#organization\"},\"potentialAction\":[{\"@type\":\"SearchAction\",\"target\":{\"@type\":\"EntryPoint\",\"urlTemplate\":\"https:\\\/\\\/www.procarton.com\\\/es\\\/?s={search_term_string}\"},\"query-input\":{\"@type\":\"PropertyValueSpecification\",\"valueRequired\":true,\"valueName\":\"search_term_string\"}}],\"inLanguage\":\"fr-FR\"},{\"@type\":\"Organization\",\"@id\":\"https:\\\/\\\/www.procarton.com\\\/es\\\/#organization\",\"name\":\"ProCarton\",\"url\":\"https:\\\/\\\/www.procarton.com\\\/es\\\/\",\"logo\":{\"@type\":\"ImageObject\",\"inLanguage\":\"fr-FR\",\"@id\":\"https:\\\/\\\/www.procarton.com\\\/es\\\/#\\\/schema\\\/logo\\\/image\\\/\",\"url\":\"https:\\\/\\\/www.procarton.com\\\/wp-content\\\/uploads\\\/2022\\\/06\\\/logo-mit-slogan.jpg\",\"contentUrl\":\"https:\\\/\\\/www.procarton.com\\\/wp-content\\\/uploads\\\/2022\\\/06\\\/logo-mit-slogan.jpg\",\"width\":422,\"height\":519,\"caption\":\"ProCarton\"},\"image\":{\"@id\":\"https:\\\/\\\/www.procarton.com\\\/es\\\/#\\\/schema\\\/logo\\\/image\\\/\"},\"sameAs\":[\"https:\\\/\\\/www.facebook.com\\\/procartondesignaward\\\/\",\"https:\\\/\\\/x.com\\\/pro_carton\"]}]}<\/script>\n<!-- \/ Yoast SEO plugin. -->","yoast_head_json":{"title":"2010 - Carton Pro","robots":{"index":"index","follow":"follow","max-snippet":"max-snippet:-1","max-image-preview":"max-image-preview:large","max-video-preview":"max-video-preview:-1"},"canonical":"https:\/\/www.procarton.com\/fr\/awards\/european-carton-excellence-award\/2010-2\/","og_locale":"fr_FR","og_type":"article","og_title":"2010 - Pro Carton","og_url":"https:\/\/www.procarton.com\/fr\/awards\/european-carton-excellence-award\/2010-2\/","og_site_name":"Pro Carton","article_publisher":"https:\/\/www.facebook.com\/procartondesignaward\/","article_modified_time":"2022-03-30T11:04:50+00:00","og_image":[{"width":500,"height":500,"url":"https:\/\/www.procarton.com\/wp-content\/uploads\/2021\/10\/eca-square.png","type":"image\/png"}],"twitter_card":"summary_large_image","twitter_site":"@pro_carton","twitter_misc":{"Dur\u00e9e de lecture estim\u00e9e":"3 minutes"},"schema":{"@context":"https:\/\/schema.org","@graph":[{"@type":"WebPage","@id":"https:\/\/www.procarton.com\/es\/awards\/european-carton-excellence-award\/2010-2\/","url":"https:\/\/www.procarton.com\/es\/awards\/european-carton-excellence-award\/2010-2\/","name":"2010 - Carton Pro","isPartOf":{"@id":"https:\/\/www.procarton.com\/es\/#website"},"primaryImageOfPage":{"@id":"https:\/\/www.procarton.com\/es\/awards\/european-carton-excellence-award\/2010-2\/#primaryimage"},"image":{"@id":"https:\/\/www.procarton.com\/es\/awards\/european-carton-excellence-award\/2010-2\/#primaryimage"},"thumbnailUrl":"https:\/\/www.procarton.com\/wp-content\/uploads\/2021\/10\/eca-square.png","datePublished":"2021-03-12T10:33:59+00:00","dateModified":"2022-03-30T11:04:50+00:00","breadcrumb":{"@id":"https:\/\/www.procarton.com\/es\/awards\/european-carton-excellence-award\/2010-2\/#breadcrumb"},"inLanguage":"fr-FR","potentialAction":[{"@type":"ReadAction","target":["https:\/\/www.procarton.com\/es\/awards\/european-carton-excellence-award\/2010-2\/"]}]},{"@type":"ImageObject","inLanguage":"fr-FR","@id":"https:\/\/www.procarton.com\/es\/awards\/european-carton-excellence-award\/2010-2\/#primaryimage","url":"https:\/\/www.procarton.com\/wp-content\/uploads\/2021\/10\/eca-square.png","contentUrl":"https:\/\/www.procarton.com\/wp-content\/uploads\/2021\/10\/eca-square.png","width":500,"height":500},{"@type":"BreadcrumbList","@id":"https:\/\/www.procarton.com\/es\/awards\/european-carton-excellence-award\/2010-2\/#breadcrumb","itemListElement":[{"@type":"ListItem","position":1,"name":"Home","item":"https:\/\/www.procarton.com\/"},{"@type":"ListItem","position":2,"name":"Awards","item":"https:\/\/www.procarton.com\/awards\/"},{"@type":"ListItem","position":3,"name":"European Carton Excellence Award","item":"https:\/\/www.procarton.com\/awards\/european-carton-excellence-award\/"},{"@type":"ListItem","position":4,"name":"2010"}]},{"@type":"WebSite","@id":"https:\/\/www.procarton.com\/es\/#website","url":"https:\/\/www.procarton.com\/es\/","name":"Pro Carton","description":"","publisher":{"@id":"https:\/\/www.procarton.com\/es\/#organization"},"potentialAction":[{"@type":"SearchAction","target":{"@type":"EntryPoint","urlTemplate":"https:\/\/www.procarton.com\/es\/?s={search_term_string}"},"query-input":{"@type":"PropertyValueSpecification","valueRequired":true,"valueName":"search_term_string"}}],"inLanguage":"fr-FR"},{"@type":"Organization","@id":"https:\/\/www.procarton.com\/es\/#organization","name":"ProCarton","url":"https:\/\/www.procarton.com\/es\/","logo":{"@type":"ImageObject","inLanguage":"fr-FR","@id":"https:\/\/www.procarton.com\/es\/#\/schema\/logo\/image\/","url":"https:\/\/www.procarton.com\/wp-content\/uploads\/2022\/06\/logo-mit-slogan.jpg","contentUrl":"https:\/\/www.procarton.com\/wp-content\/uploads\/2022\/06\/logo-mit-slogan.jpg","width":422,"height":519,"caption":"ProCarton"},"image":{"@id":"https:\/\/www.procarton.com\/es\/#\/schema\/logo\/image\/"},"sameAs":["https:\/\/www.facebook.com\/procartondesignaward\/","https:\/\/x.com\/pro_carton"]}]}},"_links":{"self":[{"href":"https:\/\/www.procarton.com\/fr\/wp-json\/wp\/v2\/pages\/258280","targetHints":{"allow":["GET"]}}],"collection":[{"href":"https:\/\/www.procarton.com\/fr\/wp-json\/wp\/v2\/pages"}],"about":[{"href":"https:\/\/www.procarton.com\/fr\/wp-json\/wp\/v2\/types\/page"}],"author":[{"embeddable":true,"href":"https:\/\/www.procarton.com\/fr\/wp-json\/wp\/v2\/users\/1"}],"replies":[{"embeddable":true,"href":"https:\/\/www.procarton.com\/fr\/wp-json\/wp\/v2\/comments?post=258280"}],"version-history":[{"count":4,"href":"https:\/\/www.procarton.com\/fr\/wp-json\/wp\/v2\/pages\/258280\/revisions"}],"predecessor-version":[{"id":276120,"href":"https:\/\/www.procarton.com\/fr\/wp-json\/wp\/v2\/pages\/258280\/revisions\/276120"}],"up":[{"embeddable":true,"href":"https:\/\/www.procarton.com\/fr\/wp-json\/wp\/v2\/pages\/243707"}],"wp:featuredmedia":[{"embeddable":true,"href":"https:\/\/www.procarton.com\/fr\/wp-json\/wp\/v2\/media\/264376"}],"wp:attachment":[{"href":"https:\/\/www.procarton.com\/fr\/wp-json\/wp\/v2\/media?parent=258280"}],"curies":[{"name":"wp","href":"https:\/\/api.w.org\/{rel}","templated":true}]}}