{"id":258231,"date":"2021-03-03T10:34:20","date_gmt":"2021-03-03T10:34:20","guid":{"rendered":"https:\/\/www.procarton.com\/awards\/pro-carton-young-designers-award\/2012\/"},"modified":"2022-01-18T12:17:28","modified_gmt":"2022-01-18T12:17:28","slug":"2012-2","status":"publish","type":"page","link":"https:\/\/www.procarton.com\/fr\/awards\/pro-carton-young-designers-award\/2012-2\/","title":{"rendered":"2012"},"content":{"rendered":"<h2 class=\"wp-block-heading\">Un red\u00e9marrage r\u00e9ussi<\/h2>\r\n\r\n\r\n\r\n<p>La relance du Award international du design Pro Carton apr\u00e8s une pause de quatre ans a \u00e9t\u00e9 couronn\u00e9e de succ\u00e8s. Pr\u00e8s de 70 candidatures provenant de huit pays europ\u00e9ens ont d\u00e9montr\u00e9 une excellente qualit\u00e9 et des concepts fantastiques et bien pens\u00e9s.<\/p>\r\n\r\n\r\n\r\n<p>Pour les jeunes designers, le international Pro Carton Young Designers Award repr\u00e9sente l'avenir du design d'emballage, des id\u00e9es et des designers tourn\u00e9s vers l'avenir.  En participant \u00e0 ce concours, nombre d'entre eux sont confront\u00e9s pour la premi\u00e8re fois au carton en tant que mat\u00e9riau d'emballage et \u00e0 son design et y voient un stimulant cr\u00e9atif.<\/p>\r\n\r\n\r\n\r\n<p>En 2012, toutes les contributions \u00e9taient ax\u00e9es sur les besoins des consommateurs, ce qui est extr\u00eamement important de mon point de vue.  Les souhaits et les probl\u00e8mes des clients ont d\u00e9termin\u00e9 la production cr\u00e9ative, tous les jeunes designers ont r\u00e9fl\u00e9chi en profondeur \u00e0 leurs groupes cibles et \u00e0 certaines situations o\u00f9 leurs id\u00e9es pourraient s'av\u00e9rer utiles.<\/p>\r\n\r\n\r\n\r\n<p>Cette fois, j'ai \u00e9t\u00e9 particuli\u00e8rement impressionn\u00e9 par l'approche plus professionnelle des entr\u00e9es. Les jeunes \u00e9tudiants sont clairement \u00e0 jour et pensent en concepts globaux. De nombreux travaux soumis incluent chaque \u00e9tape de la cha\u00eene d'approvisionnement dans leurs concepts.<\/p>\r\n\r\n\r\n\r\n<p>J'ai \u00e9galement \u00e9t\u00e9 positivement surpris par la qualit\u00e9 des pr\u00e9sentations et de leur exposition. Non seulement les mod\u00e8les \u00e9taient magnifiquement mis en forme, mais presque chaque entr\u00e9e \u00e9tait accompagn\u00e9e de plusieurs tableaux, certains m\u00eame de livrets comprenant des photos et des textes qui expliquaient parfaitement le concept et l'id\u00e9e qui le sous-tendait. Toutes les entr\u00e9es \u00e9taient vraiment de haut niveau.<\/p>\r\n\r\n\r\n\r\n<p>L'Award international du design Pro Carton a donc \u00e9t\u00e9 relanc\u00e9 avec succ\u00e8s en 2012 : jusqu'\u00e0 pr\u00e9sent, seuls les gagnants des concours nationaux \u00e9taient inscrits, et ce n'est que maintenant que les candidatures de toute l'Europe peuvent \u00eatre pr\u00e9sent\u00e9es pour l'Award 2012. Le Design Award a connu une pause de quatre ans et il est extr\u00eamement encourageant que des designers de huit pays europ\u00e9ens aient contribu\u00e9 aussi rapidement.<\/p>\r\n\r\n\r\n\r\n<p>Parmi toutes les candidatures, le jury a s\u00e9lectionn\u00e9 six finalistes et, parmi ceux-ci, deux gagnants. Le jury \u00e9tait compos\u00e9 d'\u00e9minents experts europ\u00e9ens issus de diff\u00e9rents secteurs de la cha\u00eene d'approvisionnement : Satkar Gidda (SiebertHead, pr\u00e9sident) pour le design, Wilfried Duivenvoorden (Unilever) au nom de l'industrie des produits de marque, et John de Somer (Van Genechten) pour l'industrie de la transformation.<\/p>\r\n\r\n\r\n\r\n<p>Le prochain concours aura lieu dans deux ans, les appels \u00e0 candidatures commenceront d\u00e9j\u00e0 d\u00e9but 2013. Ma vision est qu'un jour, le laur\u00e9at de l'International Design Award remportera \u00e9galement l'International Design Award.\u00a0<a href=\"http:\/\/www.procartonecmaaward.com\/\" target=\"_blank\" rel=\"noreferrer noopener\">Pro Carton\/ECMA Award<\/a>\u00a0et recevoir le \u201cCarton of the Year\u201c Award\". Peut-\u00eatre m\u00eame bient\u00f4t !<\/p>\r\n\r\n\r\n\r\n<p><em>Suzanne E. Mc Ewen<\/em><\/p>\r\n\r\n\r\n\r\n<p><em>Pro Carton<\/em><\/p>\r\n\r\n\r\n\r\n<p><em>Responsable du marketing et de la communication<\/em><\/p>\r\n\r\n\r\n\r\n<p><strong>Remise du international Pro Carton Design Award :<\/strong><br \/>Congr\u00e8s international Pro Carton 2012<br \/>18.\/19. Avril 2012, CCD Congress Center D\u00fcsseldorf<\/p>","protected":false},"excerpt":{"rendered":"<p>A Successful Relaunch The relaunch of the International Pro Carton Design Award after a break of four years proved highly successful. Close to 70 entries from eight European countries demonstrated excellent quality and fantastic, well thought-out concepts. For young designers, the International Pro Carton Design Award is all about the future of packaging design, future-oriented [&hellip;]<\/p>\n","protected":false},"author":1,"featured_media":242217,"parent":243708,"menu_order":12,"comment_status":"closed","ping_status":"closed","template":"templates\/award_details_page.php","meta":{"inline_featured_image":false,"footnotes":""},"class_list":["post-258231","page","type-page","status-publish","has-post-thumbnail","hentry"],"yoast_head":"<!-- This site is optimized with the Yoast SEO plugin v27.3 - https:\/\/yoast.com\/product\/yoast-seo-wordpress\/ -->\n<title>2012 - Pro Carton<\/title>\n<meta name=\"robots\" content=\"index, follow, max-snippet:-1, max-image-preview:large, max-video-preview:-1\" \/>\n<link rel=\"canonical\" href=\"https:\/\/www.procarton.com\/fr\/awards\/pro-carton-young-designers-award\/2012-2\/\" \/>\n<meta property=\"og:locale\" content=\"fr_FR\" \/>\n<meta property=\"og:type\" content=\"article\" \/>\n<meta property=\"og:title\" content=\"2012 - Pro Carton\" \/>\n<meta property=\"og:description\" content=\"A Successful Relaunch The relaunch of the International Pro Carton Design Award after a break of four years proved highly successful. Close to 70 entries from eight European countries demonstrated excellent quality and fantastic, well thought-out concepts. For young designers, the International Pro Carton Design Award is all about the future of packaging design, future-oriented [&hellip;]\" \/>\n<meta property=\"og:url\" content=\"https:\/\/www.procarton.com\/fr\/awards\/pro-carton-young-designers-award\/2012-2\/\" \/>\n<meta property=\"og:site_name\" content=\"Pro Carton\" \/>\n<meta property=\"article:publisher\" content=\"https:\/\/www.facebook.com\/procartondesignaward\/\" \/>\n<meta property=\"article:modified_time\" content=\"2022-01-18T12:17:28+00:00\" \/>\n<meta property=\"og:image\" content=\"https:\/\/www.procarton.com\/wp-content\/uploads\/2021\/02\/Logo_pcyda_home-1.jpg\" \/>\n\t<meta property=\"og:image:width\" content=\"600\" \/>\n\t<meta property=\"og:image:height\" content=\"400\" \/>\n\t<meta property=\"og:image:type\" content=\"image\/jpeg\" \/>\n<meta name=\"twitter:card\" content=\"summary_large_image\" \/>\n<meta name=\"twitter:site\" content=\"@pro_carton\" \/>\n<meta name=\"twitter:label1\" content=\"Dur\u00e9e de lecture estim\u00e9e\" \/>\n\t<meta name=\"twitter:data1\" content=\"2 minutes\" \/>\n<script type=\"application\/ld+json\" class=\"yoast-schema-graph\">{\"@context\":\"https:\\\/\\\/schema.org\",\"@graph\":[{\"@type\":\"WebPage\",\"@id\":\"https:\\\/\\\/www.procarton.com\\\/es\\\/awards\\\/pro-carton-young-designers-award\\\/2012-2\\\/\",\"url\":\"https:\\\/\\\/www.procarton.com\\\/es\\\/awards\\\/pro-carton-young-designers-award\\\/2012-2\\\/\",\"name\":\"2012 - Pro Carton\",\"isPartOf\":{\"@id\":\"https:\\\/\\\/www.procarton.com\\\/es\\\/#website\"},\"primaryImageOfPage\":{\"@id\":\"https:\\\/\\\/www.procarton.com\\\/es\\\/awards\\\/pro-carton-young-designers-award\\\/2012-2\\\/#primaryimage\"},\"image\":{\"@id\":\"https:\\\/\\\/www.procarton.com\\\/es\\\/awards\\\/pro-carton-young-designers-award\\\/2012-2\\\/#primaryimage\"},\"thumbnailUrl\":\"https:\\\/\\\/www.procarton.com\\\/wp-content\\\/uploads\\\/2021\\\/02\\\/Logo_pcyda_home-1.jpg\",\"datePublished\":\"2021-03-03T10:34:20+00:00\",\"dateModified\":\"2022-01-18T12:17:28+00:00\",\"breadcrumb\":{\"@id\":\"https:\\\/\\\/www.procarton.com\\\/es\\\/awards\\\/pro-carton-young-designers-award\\\/2012-2\\\/#breadcrumb\"},\"inLanguage\":\"fr-FR\",\"potentialAction\":[{\"@type\":\"ReadAction\",\"target\":[\"https:\\\/\\\/www.procarton.com\\\/es\\\/awards\\\/pro-carton-young-designers-award\\\/2012-2\\\/\"]}]},{\"@type\":\"ImageObject\",\"inLanguage\":\"fr-FR\",\"@id\":\"https:\\\/\\\/www.procarton.com\\\/es\\\/awards\\\/pro-carton-young-designers-award\\\/2012-2\\\/#primaryimage\",\"url\":\"https:\\\/\\\/www.procarton.com\\\/wp-content\\\/uploads\\\/2021\\\/02\\\/Logo_pcyda_home-1.jpg\",\"contentUrl\":\"https:\\\/\\\/www.procarton.com\\\/wp-content\\\/uploads\\\/2021\\\/02\\\/Logo_pcyda_home-1.jpg\",\"width\":600,\"height\":400},{\"@type\":\"BreadcrumbList\",\"@id\":\"https:\\\/\\\/www.procarton.com\\\/es\\\/awards\\\/pro-carton-young-designers-award\\\/2012-2\\\/#breadcrumb\",\"itemListElement\":[{\"@type\":\"ListItem\",\"position\":1,\"name\":\"Home\",\"item\":\"https:\\\/\\\/www.procarton.com\\\/\"},{\"@type\":\"ListItem\",\"position\":2,\"name\":\"Awards\",\"item\":\"https:\\\/\\\/www.procarton.com\\\/awards\\\/\"},{\"@type\":\"ListItem\",\"position\":3,\"name\":\"Pro Carton Young Designers Award\",\"item\":\"https:\\\/\\\/www.procarton.com\\\/awards\\\/pro-carton-young-designers-award\\\/\"},{\"@type\":\"ListItem\",\"position\":4,\"name\":\"2012\"}]},{\"@type\":\"WebSite\",\"@id\":\"https:\\\/\\\/www.procarton.com\\\/es\\\/#website\",\"url\":\"https:\\\/\\\/www.procarton.com\\\/es\\\/\",\"name\":\"Pro Carton\",\"description\":\"\",\"publisher\":{\"@id\":\"https:\\\/\\\/www.procarton.com\\\/es\\\/#organization\"},\"potentialAction\":[{\"@type\":\"SearchAction\",\"target\":{\"@type\":\"EntryPoint\",\"urlTemplate\":\"https:\\\/\\\/www.procarton.com\\\/es\\\/?s={search_term_string}\"},\"query-input\":{\"@type\":\"PropertyValueSpecification\",\"valueRequired\":true,\"valueName\":\"search_term_string\"}}],\"inLanguage\":\"fr-FR\"},{\"@type\":\"Organization\",\"@id\":\"https:\\\/\\\/www.procarton.com\\\/es\\\/#organization\",\"name\":\"ProCarton\",\"url\":\"https:\\\/\\\/www.procarton.com\\\/es\\\/\",\"logo\":{\"@type\":\"ImageObject\",\"inLanguage\":\"fr-FR\",\"@id\":\"https:\\\/\\\/www.procarton.com\\\/es\\\/#\\\/schema\\\/logo\\\/image\\\/\",\"url\":\"https:\\\/\\\/www.procarton.com\\\/wp-content\\\/uploads\\\/2022\\\/06\\\/logo-mit-slogan.jpg\",\"contentUrl\":\"https:\\\/\\\/www.procarton.com\\\/wp-content\\\/uploads\\\/2022\\\/06\\\/logo-mit-slogan.jpg\",\"width\":422,\"height\":519,\"caption\":\"ProCarton\"},\"image\":{\"@id\":\"https:\\\/\\\/www.procarton.com\\\/es\\\/#\\\/schema\\\/logo\\\/image\\\/\"},\"sameAs\":[\"https:\\\/\\\/www.facebook.com\\\/procartondesignaward\\\/\",\"https:\\\/\\\/x.com\\\/pro_carton\"]}]}<\/script>\n<!-- \/ Yoast SEO plugin. -->","yoast_head_json":{"title":"2012 - Carton Pro","robots":{"index":"index","follow":"follow","max-snippet":"max-snippet:-1","max-image-preview":"max-image-preview:large","max-video-preview":"max-video-preview:-1"},"canonical":"https:\/\/www.procarton.com\/fr\/awards\/pro-carton-young-designers-award\/2012-2\/","og_locale":"fr_FR","og_type":"article","og_title":"2012 - Pro Carton","og_description":"A Successful Relaunch The relaunch of the International Pro Carton Design Award after a break of four years proved highly successful. Close to 70 entries from eight European countries demonstrated excellent quality and fantastic, well thought-out concepts. For young designers, the International Pro Carton Design Award is all about the future of packaging design, future-oriented [&hellip;]","og_url":"https:\/\/www.procarton.com\/fr\/awards\/pro-carton-young-designers-award\/2012-2\/","og_site_name":"Pro Carton","article_publisher":"https:\/\/www.facebook.com\/procartondesignaward\/","article_modified_time":"2022-01-18T12:17:28+00:00","og_image":[{"width":600,"height":400,"url":"https:\/\/www.procarton.com\/wp-content\/uploads\/2021\/02\/Logo_pcyda_home-1.jpg","type":"image\/jpeg"}],"twitter_card":"summary_large_image","twitter_site":"@pro_carton","twitter_misc":{"Dur\u00e9e de lecture estim\u00e9e":"2 minutes"},"schema":{"@context":"https:\/\/schema.org","@graph":[{"@type":"WebPage","@id":"https:\/\/www.procarton.com\/es\/awards\/pro-carton-young-designers-award\/2012-2\/","url":"https:\/\/www.procarton.com\/es\/awards\/pro-carton-young-designers-award\/2012-2\/","name":"2012 - Carton Pro","isPartOf":{"@id":"https:\/\/www.procarton.com\/es\/#website"},"primaryImageOfPage":{"@id":"https:\/\/www.procarton.com\/es\/awards\/pro-carton-young-designers-award\/2012-2\/#primaryimage"},"image":{"@id":"https:\/\/www.procarton.com\/es\/awards\/pro-carton-young-designers-award\/2012-2\/#primaryimage"},"thumbnailUrl":"https:\/\/www.procarton.com\/wp-content\/uploads\/2021\/02\/Logo_pcyda_home-1.jpg","datePublished":"2021-03-03T10:34:20+00:00","dateModified":"2022-01-18T12:17:28+00:00","breadcrumb":{"@id":"https:\/\/www.procarton.com\/es\/awards\/pro-carton-young-designers-award\/2012-2\/#breadcrumb"},"inLanguage":"fr-FR","potentialAction":[{"@type":"ReadAction","target":["https:\/\/www.procarton.com\/es\/awards\/pro-carton-young-designers-award\/2012-2\/"]}]},{"@type":"ImageObject","inLanguage":"fr-FR","@id":"https:\/\/www.procarton.com\/es\/awards\/pro-carton-young-designers-award\/2012-2\/#primaryimage","url":"https:\/\/www.procarton.com\/wp-content\/uploads\/2021\/02\/Logo_pcyda_home-1.jpg","contentUrl":"https:\/\/www.procarton.com\/wp-content\/uploads\/2021\/02\/Logo_pcyda_home-1.jpg","width":600,"height":400},{"@type":"BreadcrumbList","@id":"https:\/\/www.procarton.com\/es\/awards\/pro-carton-young-designers-award\/2012-2\/#breadcrumb","itemListElement":[{"@type":"ListItem","position":1,"name":"Home","item":"https:\/\/www.procarton.com\/"},{"@type":"ListItem","position":2,"name":"Awards","item":"https:\/\/www.procarton.com\/awards\/"},{"@type":"ListItem","position":3,"name":"Pro Carton Young Designers Award","item":"https:\/\/www.procarton.com\/awards\/pro-carton-young-designers-award\/"},{"@type":"ListItem","position":4,"name":"2012"}]},{"@type":"WebSite","@id":"https:\/\/www.procarton.com\/es\/#website","url":"https:\/\/www.procarton.com\/es\/","name":"Pro Carton","description":"","publisher":{"@id":"https:\/\/www.procarton.com\/es\/#organization"},"potentialAction":[{"@type":"SearchAction","target":{"@type":"EntryPoint","urlTemplate":"https:\/\/www.procarton.com\/es\/?s={search_term_string}"},"query-input":{"@type":"PropertyValueSpecification","valueRequired":true,"valueName":"search_term_string"}}],"inLanguage":"fr-FR"},{"@type":"Organization","@id":"https:\/\/www.procarton.com\/es\/#organization","name":"ProCarton","url":"https:\/\/www.procarton.com\/es\/","logo":{"@type":"ImageObject","inLanguage":"fr-FR","@id":"https:\/\/www.procarton.com\/es\/#\/schema\/logo\/image\/","url":"https:\/\/www.procarton.com\/wp-content\/uploads\/2022\/06\/logo-mit-slogan.jpg","contentUrl":"https:\/\/www.procarton.com\/wp-content\/uploads\/2022\/06\/logo-mit-slogan.jpg","width":422,"height":519,"caption":"ProCarton"},"image":{"@id":"https:\/\/www.procarton.com\/es\/#\/schema\/logo\/image\/"},"sameAs":["https:\/\/www.facebook.com\/procartondesignaward\/","https:\/\/x.com\/pro_carton"]}]}},"_links":{"self":[{"href":"https:\/\/www.procarton.com\/fr\/wp-json\/wp\/v2\/pages\/258231","targetHints":{"allow":["GET"]}}],"collection":[{"href":"https:\/\/www.procarton.com\/fr\/wp-json\/wp\/v2\/pages"}],"about":[{"href":"https:\/\/www.procarton.com\/fr\/wp-json\/wp\/v2\/types\/page"}],"author":[{"embeddable":true,"href":"https:\/\/www.procarton.com\/fr\/wp-json\/wp\/v2\/users\/1"}],"replies":[{"embeddable":true,"href":"https:\/\/www.procarton.com\/fr\/wp-json\/wp\/v2\/comments?post=258231"}],"version-history":[{"count":4,"href":"https:\/\/www.procarton.com\/fr\/wp-json\/wp\/v2\/pages\/258231\/revisions"}],"predecessor-version":[{"id":276581,"href":"https:\/\/www.procarton.com\/fr\/wp-json\/wp\/v2\/pages\/258231\/revisions\/276581"}],"up":[{"embeddable":true,"href":"https:\/\/www.procarton.com\/fr\/wp-json\/wp\/v2\/pages\/243708"}],"wp:featuredmedia":[{"embeddable":true,"href":"https:\/\/www.procarton.com\/fr\/wp-json\/wp\/v2\/media\/242217"}],"wp:attachment":[{"href":"https:\/\/www.procarton.com\/fr\/wp-json\/wp\/v2\/media?parent=258231"}],"curies":[{"name":"wp","href":"https:\/\/api.w.org\/{rel}","templated":true}]}}