{"id":243778,"date":"2021-02-12T16:29:04","date_gmt":"2021-02-12T16:29:14","guid":{"rendered":"https:\/\/www.procarton.com\/awards\/european-carton-excellence-award\/2018\/"},"modified":"2022-03-31T13:56:36","modified_gmt":"2022-03-31T12:56:36","slug":"2018-2","status":"publish","type":"page","link":"https:\/\/www.procarton.com\/fr\/awards\/european-carton-excellence-award\/2018-2\/","title":{"rendered":"2018"},"content":{"rendered":"<div class=\"av-animated-generic top-to-bottom flex_column av_two_third  flex_column_div av-zero-column-padding first  avia-builder-el-0  el_before_av_one_third  avia-builder-el-first\" style='border-radius:0px; '><section class=\"av_textblock_section\"  itemscope=\"itemscope\" itemtype=\"https:\/\/schema.org\/CreativeWork\" ><div class='avia_textblock'   itemprop=\"text\" ><p>Les emballages en carton gagnent du terrain dans le monde entier. Les solutions r\u00e9ussies en carton d\u00e9finissent l'avenir dans pratiquement tous les domaines. Le carton est non seulement l'un des mat\u00e9riaux les plus durables, mais aussi l'un des meilleurs pour communiquer les valeurs de la marque, qu'il s'agisse de marques de luxe ou de produits de consommation courante.<\/p>\n<p><strong>Cr\u00e9\u00e9 il y a plus de 20 ans, le Carton Excellence Award est le Award le plus prestigieux d'Europe pour les emballages en carton.<\/strong><\/p>\n<p>Les Awards sont divis\u00e9s en neuf cat\u00e9gories diff\u00e9rentes, plus la r\u00e9compense ultime de la cartouche de l'ann\u00e9e. En outre, le consommateur pourra \u00e9galement voter pour d\u00e9signer le gagnant du Award du public.<\/p>\n<h2><strong>NOUVEAU cette ann\u00e9e :<\/strong><\/h2>\n<p>Nous avons revu les cat\u00e9gories pour mieux refl\u00e9ter le march\u00e9 et reconna\u00eetre la cr\u00e9ativit\u00e9 structurelle autant que les qualit\u00e9s esth\u00e9tiques des emballages. Nous voulons mettre en valeur les meilleurs emballages carton produits sur du carton recycl\u00e9 et vierge.<\/p>\n<p><strong>Cat\u00e9gories :<\/strong><\/p>\n<ul class=\"wp-block-list\">\n<li>Aliments secs et boissons (y compris th\u00e9, caf\u00e9, boissons gazeuses, bi\u00e8re et vin)<\/li>\n<li>Produits surgel\u00e9s et r\u00e9frig\u00e9r\u00e9s<\/li>\n<li>Restauration rapide\/convenience (y compris les gobelets en papier)<\/li>\n<li>Confiserie<\/li>\n<li>Produits de luxe (par exemple, spiritueux et vins mousseux, soins de beaut\u00e9, cadeaux)<\/li>\n<li>Soins de sant\u00e9 et produits pharmaceutiques<\/li>\n<li>Non alimentaire<\/li>\n<li>Save the Planet : les packs qui ont contribu\u00e9 de mani\u00e8re significative \u00e0 la protection de l'environnement.<\/li>\n<li>Mat\u00e9riau innovant : substrat en carton ou en papier nouvellement d\u00e9velopp\u00e9<\/li>\n<li>Plus les deux prix g\u00e9n\u00e9raux : Carton of the Year et Public Award<\/li>\n<\/ul>\n<p><a href=\"https:\/\/www.procarton.com\/awards\/european-carton-excellence-award\/2018-2\/winners\/\">D\u00e9couvrez les gagnants ici !<\/a><\/p>\n<\/div><\/section><\/div><div class=\"av-animated-generic top-to-bottom flex_column av_one_third  flex_column_div av-zero-column-padding   avia-builder-el-2  el_after_av_two_third  avia-builder-el-last\" style='border-radius:0px; '><p><div  class='avia-video avia-video-16-9   av-lazyload-immediate  av-lazyload-video-embed'   itemprop=\"video\" itemtype=\"https:\/\/schema.org\/VideoObject\"  data-original_url='https:\/\/www.youtube.com\/watch?v=VCpj74j7s0k' ><script type='text\/html' class='av-video-tmpl'><div class='avia-iframe-wrap'><iframe loading=\"lazy\" title=\"Pro Carton Awards 2018\" width=\"1500\" height=\"844\" src=\"https:\/\/www.youtube.com\/embed\/VCpj74j7s0k?feature=oembed&autoplay=0&loop=0&controls=1&mute=0\" frameborder=\"0\" allow=\"accelerometer; autoplay; clipboard-write; encrypted-media; gyroscope; picture-in-picture\" allowfullscreen><\/iframe><\/div><\/script><div class='av-click-to-play-overlay'><div class=\"avia_playpause_icon\"><\/div><\/div><\/div><br \/>\n<div  class='avia-video avia-video-16-9   av-lazyload-immediate  av-lazyload-video-embed'   itemprop=\"video\" itemtype=\"https:\/\/schema.org\/VideoObject\"  data-original_url='https:\/\/www.youtube.com\/watch?v=0Va3EQL4Ryo' ><script type='text\/html' class='av-video-tmpl'><div class='avia-iframe-wrap'><iframe loading=\"lazy\" title=\"Horst Bittermann about the European Carton Excellence Award\" width=\"1500\" height=\"844\" src=\"https:\/\/www.youtube.com\/embed\/0Va3EQL4Ryo?feature=oembed&autoplay=0&loop=0&controls=1&mute=0\" frameborder=\"0\" allow=\"accelerometer; autoplay; clipboard-write; encrypted-media; gyroscope; picture-in-picture\" allowfullscreen><\/iframe><\/div><\/script><div class='av-click-to-play-overlay'><div class=\"avia_playpause_icon\"><\/div><\/div><\/div><br \/>\n<div  class='avia-image-container  av-styling-no-styling    avia-builder-el-5  el_after_av_video  el_before_av_button  avia-align-center'  itemprop=\"image\" itemscope=\"itemscope\" itemtype=\"https:\/\/schema.org\/ImageObject\"  ><div class='avia-image-container-inner'><div class='avia-image-overlay-wrap'><a href=\"https:\/\/www.procarton.com\/fr\/publication\/award-brochure\/\" class='avia_image'  target=\"_blank\"  rel=\"noopener noreferrer\"><img decoding=\"async\" width=\"212\" height=\"300\" class='wp-image-258612 avia-img-lazy-loading-not-258612 avia_image' src=\"https:\/\/www.procarton.com\/wp-content\/uploads\/2021\/03\/Pro-Carton-Carton-Excellence-Brochure-2018-212x300.jpeg\" alt='' title='Pro-Carton-Carton-Excellence-Brochure-2018'  itemprop=\"thumbnailUrl\" srcset=\"https:\/\/www.procarton.com\/wp-content\/uploads\/2021\/03\/Pro-Carton-Carton-Excellence-Brochure-2018-212x300.jpeg 212w, https:\/\/www.procarton.com\/wp-content\/uploads\/2021\/03\/Pro-Carton-Carton-Excellence-Brochure-2018-8x12.jpeg 8w, https:\/\/www.procarton.com\/wp-content\/uploads\/2021\/03\/Pro-Carton-Carton-Excellence-Brochure-2018.jpeg 400w\" sizes=\"(max-width: 212px) 100vw, 212px\" \/><\/a><\/div><\/div><\/div><br \/>\n<div  class='avia-button-wrap avia-button-center  avia-builder-el-6  el_after_av_image  avia-builder-el-last' ><a href='https:\/\/www.procarton.com\/fr\/publication\/award-brochure\/'  class='avia-button av-icon-on-hover avia-color-theme-color   avia-icon_select-yes-left-icon avia-size-small avia-position-center'  target=\"_blank\"  rel=\"noopener noreferrer\"  ><span class='avia_button_icon avia_button_icon_left' aria-hidden='true' data-av_icon='\ue800' data-av_iconfont='entypo-fontello'><\/span><span class='avia_iconbox_title' >T\u00e9l\u00e9charger la brochure sur les prix<\/span><\/a><\/div><\/p><\/div>","protected":false},"excerpt":{"rendered":"","protected":false},"author":1,"featured_media":274158,"parent":243707,"menu_order":9,"comment_status":"closed","ping_status":"closed","template":"templates\/award_details_page.php","meta":{"inline_featured_image":false,"footnotes":""},"class_list":["post-243778","page","type-page","status-publish","has-post-thumbnail","hentry"],"yoast_head":"<!-- This site is optimized with the Yoast SEO plugin v27.4 - https:\/\/yoast.com\/product\/yoast-seo-wordpress\/ -->\n<title>2018 - Pro Carton<\/title>\n<meta name=\"robots\" content=\"index, follow, max-snippet:-1, max-image-preview:large, max-video-preview:-1\" \/>\n<link rel=\"canonical\" href=\"https:\/\/www.procarton.com\/fr\/awards\/european-carton-excellence-award\/2018-2\/\" \/>\n<meta property=\"og:locale\" content=\"fr_FR\" \/>\n<meta property=\"og:type\" content=\"article\" \/>\n<meta property=\"og:title\" content=\"2018 - Pro Carton\" \/>\n<meta property=\"og:url\" content=\"https:\/\/www.procarton.com\/fr\/awards\/european-carton-excellence-award\/2018-2\/\" \/>\n<meta property=\"og:site_name\" content=\"Pro Carton\" \/>\n<meta property=\"article:publisher\" content=\"https:\/\/www.facebook.com\/procartondesignaward\/\" \/>\n<meta property=\"article:modified_time\" content=\"2022-03-31T12:56:36+00:00\" \/>\n<meta property=\"og:image\" content=\"https:\/\/www.procarton.com\/wp-content\/uploads\/2022\/01\/excellence-2018.jpeg\" \/>\n\t<meta property=\"og:image:width\" content=\"940\" \/>\n\t<meta property=\"og:image:height\" content=\"340\" \/>\n\t<meta property=\"og:image:type\" content=\"image\/jpeg\" \/>\n<meta name=\"twitter:card\" content=\"summary_large_image\" \/>\n<meta name=\"twitter:site\" content=\"@pro_carton\" \/>\n<meta name=\"twitter:label1\" content=\"Dur\u00e9e de lecture estim\u00e9e\" \/>\n\t<meta name=\"twitter:data1\" content=\"2 minutes\" \/>\n<script type=\"application\/ld+json\" class=\"yoast-schema-graph\">{\"@context\":\"https:\\\/\\\/schema.org\",\"@graph\":[{\"@type\":\"WebPage\",\"@id\":\"https:\\\/\\\/www.procarton.com\\\/es\\\/awards\\\/european-carton-excellence-award\\\/2018-2\\\/\",\"url\":\"https:\\\/\\\/www.procarton.com\\\/es\\\/awards\\\/european-carton-excellence-award\\\/2018-2\\\/\",\"name\":\"2018 - Pro Carton\",\"isPartOf\":{\"@id\":\"https:\\\/\\\/www.procarton.com\\\/es\\\/#website\"},\"primaryImageOfPage\":{\"@id\":\"https:\\\/\\\/www.procarton.com\\\/es\\\/awards\\\/european-carton-excellence-award\\\/2018-2\\\/#primaryimage\"},\"image\":{\"@id\":\"https:\\\/\\\/www.procarton.com\\\/es\\\/awards\\\/european-carton-excellence-award\\\/2018-2\\\/#primaryimage\"},\"thumbnailUrl\":\"https:\\\/\\\/www.procarton.com\\\/wp-content\\\/uploads\\\/2022\\\/01\\\/excellence-2018.jpeg\",\"datePublished\":\"2021-02-12T16:29:14+00:00\",\"dateModified\":\"2022-03-31T12:56:36+00:00\",\"breadcrumb\":{\"@id\":\"https:\\\/\\\/www.procarton.com\\\/es\\\/awards\\\/european-carton-excellence-award\\\/2018-2\\\/#breadcrumb\"},\"inLanguage\":\"fr-FR\",\"potentialAction\":[{\"@type\":\"ReadAction\",\"target\":[\"https:\\\/\\\/www.procarton.com\\\/es\\\/awards\\\/european-carton-excellence-award\\\/2018-2\\\/\"]}]},{\"@type\":\"ImageObject\",\"inLanguage\":\"fr-FR\",\"@id\":\"https:\\\/\\\/www.procarton.com\\\/es\\\/awards\\\/european-carton-excellence-award\\\/2018-2\\\/#primaryimage\",\"url\":\"https:\\\/\\\/www.procarton.com\\\/wp-content\\\/uploads\\\/2022\\\/01\\\/excellence-2018.jpeg\",\"contentUrl\":\"https:\\\/\\\/www.procarton.com\\\/wp-content\\\/uploads\\\/2022\\\/01\\\/excellence-2018.jpeg\",\"width\":940,\"height\":340},{\"@type\":\"BreadcrumbList\",\"@id\":\"https:\\\/\\\/www.procarton.com\\\/es\\\/awards\\\/european-carton-excellence-award\\\/2018-2\\\/#breadcrumb\",\"itemListElement\":[{\"@type\":\"ListItem\",\"position\":1,\"name\":\"Home\",\"item\":\"https:\\\/\\\/www.procarton.com\\\/\"},{\"@type\":\"ListItem\",\"position\":2,\"name\":\"Awards\",\"item\":\"https:\\\/\\\/www.procarton.com\\\/awards\\\/\"},{\"@type\":\"ListItem\",\"position\":3,\"name\":\"European Carton Excellence Award\",\"item\":\"https:\\\/\\\/www.procarton.com\\\/awards\\\/european-carton-excellence-award\\\/\"},{\"@type\":\"ListItem\",\"position\":4,\"name\":\"2018\"}]},{\"@type\":\"WebSite\",\"@id\":\"https:\\\/\\\/www.procarton.com\\\/es\\\/#website\",\"url\":\"https:\\\/\\\/www.procarton.com\\\/es\\\/\",\"name\":\"Pro Carton\",\"description\":\"\",\"publisher\":{\"@id\":\"https:\\\/\\\/www.procarton.com\\\/es\\\/#organization\"},\"potentialAction\":[{\"@type\":\"SearchAction\",\"target\":{\"@type\":\"EntryPoint\",\"urlTemplate\":\"https:\\\/\\\/www.procarton.com\\\/es\\\/?s={search_term_string}\"},\"query-input\":{\"@type\":\"PropertyValueSpecification\",\"valueRequired\":true,\"valueName\":\"search_term_string\"}}],\"inLanguage\":\"fr-FR\"},{\"@type\":\"Organization\",\"@id\":\"https:\\\/\\\/www.procarton.com\\\/es\\\/#organization\",\"name\":\"ProCarton\",\"url\":\"https:\\\/\\\/www.procarton.com\\\/es\\\/\",\"logo\":{\"@type\":\"ImageObject\",\"inLanguage\":\"fr-FR\",\"@id\":\"https:\\\/\\\/www.procarton.com\\\/es\\\/#\\\/schema\\\/logo\\\/image\\\/\",\"url\":\"https:\\\/\\\/www.procarton.com\\\/wp-content\\\/uploads\\\/2022\\\/06\\\/logo-mit-slogan.jpg\",\"contentUrl\":\"https:\\\/\\\/www.procarton.com\\\/wp-content\\\/uploads\\\/2022\\\/06\\\/logo-mit-slogan.jpg\",\"width\":422,\"height\":519,\"caption\":\"ProCarton\"},\"image\":{\"@id\":\"https:\\\/\\\/www.procarton.com\\\/es\\\/#\\\/schema\\\/logo\\\/image\\\/\"},\"sameAs\":[\"https:\\\/\\\/www.facebook.com\\\/procartondesignaward\\\/\",\"https:\\\/\\\/x.com\\\/pro_carton\"]}]}<\/script>\n<!-- \/ Yoast SEO plugin. -->","yoast_head_json":{"title":"2018 - Carton Pro","robots":{"index":"index","follow":"follow","max-snippet":"max-snippet:-1","max-image-preview":"max-image-preview:large","max-video-preview":"max-video-preview:-1"},"canonical":"https:\/\/www.procarton.com\/fr\/awards\/european-carton-excellence-award\/2018-2\/","og_locale":"fr_FR","og_type":"article","og_title":"2018 - Pro Carton","og_url":"https:\/\/www.procarton.com\/fr\/awards\/european-carton-excellence-award\/2018-2\/","og_site_name":"Pro Carton","article_publisher":"https:\/\/www.facebook.com\/procartondesignaward\/","article_modified_time":"2022-03-31T12:56:36+00:00","og_image":[{"width":940,"height":340,"url":"https:\/\/www.procarton.com\/wp-content\/uploads\/2022\/01\/excellence-2018.jpeg","type":"image\/jpeg"}],"twitter_card":"summary_large_image","twitter_site":"@pro_carton","twitter_misc":{"Dur\u00e9e de lecture estim\u00e9e":"2 minutes"},"schema":{"@context":"https:\/\/schema.org","@graph":[{"@type":"WebPage","@id":"https:\/\/www.procarton.com\/es\/awards\/european-carton-excellence-award\/2018-2\/","url":"https:\/\/www.procarton.com\/es\/awards\/european-carton-excellence-award\/2018-2\/","name":"2018 - Carton Pro","isPartOf":{"@id":"https:\/\/www.procarton.com\/es\/#website"},"primaryImageOfPage":{"@id":"https:\/\/www.procarton.com\/es\/awards\/european-carton-excellence-award\/2018-2\/#primaryimage"},"image":{"@id":"https:\/\/www.procarton.com\/es\/awards\/european-carton-excellence-award\/2018-2\/#primaryimage"},"thumbnailUrl":"https:\/\/www.procarton.com\/wp-content\/uploads\/2022\/01\/excellence-2018.jpeg","datePublished":"2021-02-12T16:29:14+00:00","dateModified":"2022-03-31T12:56:36+00:00","breadcrumb":{"@id":"https:\/\/www.procarton.com\/es\/awards\/european-carton-excellence-award\/2018-2\/#breadcrumb"},"inLanguage":"fr-FR","potentialAction":[{"@type":"ReadAction","target":["https:\/\/www.procarton.com\/es\/awards\/european-carton-excellence-award\/2018-2\/"]}]},{"@type":"ImageObject","inLanguage":"fr-FR","@id":"https:\/\/www.procarton.com\/es\/awards\/european-carton-excellence-award\/2018-2\/#primaryimage","url":"https:\/\/www.procarton.com\/wp-content\/uploads\/2022\/01\/excellence-2018.jpeg","contentUrl":"https:\/\/www.procarton.com\/wp-content\/uploads\/2022\/01\/excellence-2018.jpeg","width":940,"height":340},{"@type":"BreadcrumbList","@id":"https:\/\/www.procarton.com\/es\/awards\/european-carton-excellence-award\/2018-2\/#breadcrumb","itemListElement":[{"@type":"ListItem","position":1,"name":"Home","item":"https:\/\/www.procarton.com\/"},{"@type":"ListItem","position":2,"name":"Awards","item":"https:\/\/www.procarton.com\/awards\/"},{"@type":"ListItem","position":3,"name":"European Carton Excellence Award","item":"https:\/\/www.procarton.com\/awards\/european-carton-excellence-award\/"},{"@type":"ListItem","position":4,"name":"2018"}]},{"@type":"WebSite","@id":"https:\/\/www.procarton.com\/es\/#website","url":"https:\/\/www.procarton.com\/es\/","name":"Pro Carton","description":"","publisher":{"@id":"https:\/\/www.procarton.com\/es\/#organization"},"potentialAction":[{"@type":"SearchAction","target":{"@type":"EntryPoint","urlTemplate":"https:\/\/www.procarton.com\/es\/?s={search_term_string}"},"query-input":{"@type":"PropertyValueSpecification","valueRequired":true,"valueName":"search_term_string"}}],"inLanguage":"fr-FR"},{"@type":"Organization","@id":"https:\/\/www.procarton.com\/es\/#organization","name":"ProCarton","url":"https:\/\/www.procarton.com\/es\/","logo":{"@type":"ImageObject","inLanguage":"fr-FR","@id":"https:\/\/www.procarton.com\/es\/#\/schema\/logo\/image\/","url":"https:\/\/www.procarton.com\/wp-content\/uploads\/2022\/06\/logo-mit-slogan.jpg","contentUrl":"https:\/\/www.procarton.com\/wp-content\/uploads\/2022\/06\/logo-mit-slogan.jpg","width":422,"height":519,"caption":"ProCarton"},"image":{"@id":"https:\/\/www.procarton.com\/es\/#\/schema\/logo\/image\/"},"sameAs":["https:\/\/www.facebook.com\/procartondesignaward\/","https:\/\/x.com\/pro_carton"]}]}},"_links":{"self":[{"href":"https:\/\/www.procarton.com\/fr\/wp-json\/wp\/v2\/pages\/243778","targetHints":{"allow":["GET"]}}],"collection":[{"href":"https:\/\/www.procarton.com\/fr\/wp-json\/wp\/v2\/pages"}],"about":[{"href":"https:\/\/www.procarton.com\/fr\/wp-json\/wp\/v2\/types\/page"}],"author":[{"embeddable":true,"href":"https:\/\/www.procarton.com\/fr\/wp-json\/wp\/v2\/users\/1"}],"replies":[{"embeddable":true,"href":"https:\/\/www.procarton.com\/fr\/wp-json\/wp\/v2\/comments?post=243778"}],"version-history":[{"count":7,"href":"https:\/\/www.procarton.com\/fr\/wp-json\/wp\/v2\/pages\/243778\/revisions"}],"predecessor-version":[{"id":276235,"href":"https:\/\/www.procarton.com\/fr\/wp-json\/wp\/v2\/pages\/243778\/revisions\/276235"}],"up":[{"embeddable":true,"href":"https:\/\/www.procarton.com\/fr\/wp-json\/wp\/v2\/pages\/243707"}],"wp:featuredmedia":[{"embeddable":true,"href":"https:\/\/www.procarton.com\/fr\/wp-json\/wp\/v2\/media\/274158"}],"wp:attachment":[{"href":"https:\/\/www.procarton.com\/fr\/wp-json\/wp\/v2\/media?parent=243778"}],"curies":[{"name":"wp","href":"https:\/\/api.w.org\/{rel}","templated":true}]}}