{"id":243777,"date":"2021-02-12T16:29:04","date_gmt":"2021-02-12T16:29:13","guid":{"rendered":"https:\/\/www.procarton.com\/awards\/european-carton-excellence-award\/2019\/"},"modified":"2022-04-01T15:53:27","modified_gmt":"2022-04-01T14:53:27","slug":"2019-2","status":"publish","type":"page","link":"https:\/\/www.procarton.com\/fr\/awards\/european-carton-excellence-award\/2019-2\/","title":{"rendered":"2019"},"content":{"rendered":"<div class=\"av-animated-generic top-to-bottom flex_column av_two_third  flex_column_div av-zero-column-padding first  avia-builder-el-0  el_before_av_one_third  avia-builder-el-first\" style='border-radius:0px; '><section class=\"av_textblock_section\"  itemscope=\"itemscope\" itemtype=\"https:\/\/schema.org\/CreativeWork\" ><div class='avia_textblock'   itemprop=\"text\" ><p>L'European Carton Excellence Award est le prix le plus prestigieux d'Europe pour les emballages en carton. Le carton \u00e9tant renouvelable, recyclable et biod\u00e9gradable, il est l'exemple parfait de l'\u00e9conomie circulaire. C'est aussi l'un des meilleurs moyens de communiquer la valeur d'une marque, qu'il s'agisse de marques de luxe ou de produits de consommation courante.<\/p>\n<h1>Plus de possibilit\u00e9s de gagner que jamais !<\/h1>\n<p>En raison du niveau fantastiquement \u00e9lev\u00e9 des inscriptions dans le pass\u00e9, nous avons compl\u00e8tement restructur\u00e9 le concours cette ann\u00e9e afin de pouvoir r\u00e9compenser encore plus de superbes cartons que jamais auparavant. Nous voulions \u00e9galement mettre en valeur les meilleurs emballages en carton produits \u00e0 partir de fibres recycl\u00e9es et de carton vierge dans tous les secteurs du march\u00e9. Le concours \u00e9tait donc encore plus attrayant pour les participants, car il offrait davantage de possibilit\u00e9s de promouvoir le large \u00e9ventail de capacit\u00e9s et de solutions innovantes produites par l'industrie du carton.<\/p>\n<ul class=\"wp-block-list\">\n<li><strong>Le grand gagnant : Carton of the Year<\/strong>\n<ul>\n<li>Tout simplement le meilleur carton, quel que soit le mat\u00e9riau utilis\u00e9<\/li>\n<\/ul>\n<\/li>\n<li><strong>4 cat\u00e9gories - 4 gagnants :<\/strong><br \/>Inscrivez votre pack dans l'une de ces quatre cat\u00e9gories :<\/li>\n<\/ul>\n<ul class=\"wp-block-list\">\n<li>Emballage pour aliments et boissons, Fibre recycl\u00e9e<\/li>\n<li>Emballage des aliments et boissons, Fibre vierge<br \/>La cat\u00e9gorie \"Food &amp; Drink\" comprend toutes les boissons et les boissons alcoolis\u00e9es.<\/li>\n<li>Emballage g\u00e9n\u00e9ral, Fibre recycl\u00e9e<\/li>\n<li>Emballage g\u00e9n\u00e9ral, Fibre vierge<br \/>La cat\u00e9gorie des emballages g\u00e9n\u00e9raux englobe tout ce qui n'est pas un aliment ou une boisson.<\/li>\n<li><strong>3 prix sp\u00e9ciaux - 3 laur\u00e9ats<\/strong>:\n<ul>\n<li>Save the Planet : le meilleur cartonnage qui a remplac\u00e9 ou r\u00e9duit un mat\u00e9riau moins durable<\/li>\n<li>Innovation Award : le cartonnage ou le mat\u00e9riau le plus innovant<br \/><strong>D\u00e9cidez si vous souhaitez que votre pack soit \u00e9galement pris en consid\u00e9ration pour les prix \"Save the Planet\" ou \"Innovation\".<\/strong>.<\/li>\n<li>Public Award : gagnant du vote public en ligne<\/li>\n<\/ul>\n<\/li>\n<li><strong>Platine et Or Awards - jusqu'\u00e0 20 gagnants<\/strong>\n<ul>\n<li>En plus des r\u00e9compenses ci-dessus, les juges ont s\u00e9lectionn\u00e9 20 packs qui, selon eux, m\u00e9ritaient \u00e9galement d'\u00eatre reconnus comme des laur\u00e9ats Award de platine ou d'or.<\/li>\n<li>Ils ont r\u00e9compens\u00e9 d'autres emballages exceptionnels produits sur du carton en fibres recycl\u00e9es et du carton vierge dans divers secteurs du march\u00e9, de l'\u00e9picerie quotidienne aux produits pharmaceutiques en passant par les produits de luxe.<\/li>\n<\/ul>\n<\/li>\n<li><strong>Reconnaissance sp\u00e9ciale : Jeune designer professionnel de l'ann\u00e9e<\/strong>\n<ul>\n<li>Un nouveau prix pour r\u00e9compenser un talent exceptionnel en mati\u00e8re de design. Awarded pour le meilleur carton ou concept d'un concepteur moins<\/li>\n<\/ul>\n<\/li>\n<\/ul>\n<p><a href=\"https:\/\/www.procarton.com\/awards\/european-carton-excellence-award\/2019-2\/winners\/\">D\u00e9couvrez les gagnants ici !<\/a><\/p>\n<\/div><\/section><\/div><div class=\"av-animated-generic top-to-bottom flex_column av_one_third  flex_column_div av-zero-column-padding   avia-builder-el-2  el_after_av_two_third  avia-builder-el-last\" style='border-radius:0px; '><p><div  class='avia-image-container  av-styling-no-styling    avia-builder-el-3  el_before_av_button  avia-builder-el-first  avia-align-center'  itemprop=\"image\" itemscope=\"itemscope\" itemtype=\"https:\/\/schema.org\/ImageObject\"  ><div class='avia-image-container-inner'><div class='avia-image-overlay-wrap'><a href=\"https:\/\/www.procarton.com\/fr\/publication\/award-brochure-2019\/\" class='avia_image'  target=\"_blank\"  rel=\"noopener noreferrer\"><img decoding=\"async\" width=\"212\" height=\"300\" class='wp-image-257700 avia-img-lazy-loading-not-257700 avia_image' src=\"https:\/\/www.procarton.com\/wp-content\/uploads\/2021\/02\/ECEA-2019-brochure-01-212x300.jpg\" alt='' title='Brochure de l&#039;ECEA 2019-01'  itemprop=\"thumbnailUrl\" srcset=\"https:\/\/www.procarton.com\/wp-content\/uploads\/2021\/02\/ECEA-2019-brochure-01-212x300.jpg 212w, https:\/\/www.procarton.com\/wp-content\/uploads\/2021\/02\/ECEA-2019-brochure-01-728x1030.jpg 728w, https:\/\/www.procarton.com\/wp-content\/uploads\/2021\/02\/ECEA-2019-brochure-01-768x1086.jpg 768w, https:\/\/www.procarton.com\/wp-content\/uploads\/2021\/02\/ECEA-2019-brochure-01-1086x1536.jpg 1086w, https:\/\/www.procarton.com\/wp-content\/uploads\/2021\/02\/ECEA-2019-brochure-01-1448x2048.jpg 1448w, https:\/\/www.procarton.com\/wp-content\/uploads\/2021\/02\/ECEA-2019-brochure-01-8x12.jpg 8w, https:\/\/www.procarton.com\/wp-content\/uploads\/2021\/02\/ECEA-2019-brochure-01-1061x1500.jpg 1061w, https:\/\/www.procarton.com\/wp-content\/uploads\/2021\/02\/ECEA-2019-brochure-01-499x705.jpg 499w, https:\/\/www.procarton.com\/wp-content\/uploads\/2021\/02\/ECEA-2019-brochure-01.jpg 1654w\" sizes=\"(max-width: 212px) 100vw, 212px\" \/><\/a><\/div><\/div><\/div><br \/>\n<div  class='avia-button-wrap avia-button-center  avia-builder-el-4  el_after_av_image  avia-builder-el-last' ><a href='https:\/\/www.procarton.com\/fr\/publication\/award-brochure-2019\/'  class='avia-button av-icon-on-hover avia-color-theme-color   avia-icon_select-yes-left-icon avia-size-small avia-position-center'  target=\"_blank\"  rel=\"noopener noreferrer\"  ><span class='avia_button_icon avia_button_icon_left' aria-hidden='true' data-av_icon='\ue800' data-av_iconfont='entypo-fontello'><\/span><span class='avia_iconbox_title' >T\u00e9l\u00e9charger la brochure sur les prix<\/span><\/a><\/div><\/p><\/div>","protected":false},"excerpt":{"rendered":"","protected":false},"author":1,"featured_media":274154,"parent":243707,"menu_order":8,"comment_status":"closed","ping_status":"closed","template":"templates\/award_details_page.php","meta":{"inline_featured_image":false,"footnotes":""},"class_list":["post-243777","page","type-page","status-publish","has-post-thumbnail","hentry"],"yoast_head":"<!-- This site is optimized with the Yoast SEO plugin v27.4 - https:\/\/yoast.com\/product\/yoast-seo-wordpress\/ -->\n<title>2019 - Pro Carton<\/title>\n<meta name=\"robots\" content=\"index, follow, max-snippet:-1, max-image-preview:large, max-video-preview:-1\" \/>\n<link rel=\"canonical\" href=\"https:\/\/www.procarton.com\/fr\/awards\/european-carton-excellence-award\/2019-2\/\" \/>\n<meta property=\"og:locale\" content=\"fr_FR\" \/>\n<meta property=\"og:type\" content=\"article\" \/>\n<meta property=\"og:title\" content=\"2019 - Pro Carton\" \/>\n<meta property=\"og:url\" content=\"https:\/\/www.procarton.com\/fr\/awards\/european-carton-excellence-award\/2019-2\/\" \/>\n<meta property=\"og:site_name\" content=\"Pro Carton\" \/>\n<meta property=\"article:publisher\" content=\"https:\/\/www.facebook.com\/procartondesignaward\/\" \/>\n<meta property=\"article:modified_time\" content=\"2022-04-01T14:53:27+00:00\" \/>\n<meta property=\"og:image\" content=\"https:\/\/www.procarton.com\/wp-content\/uploads\/2022\/01\/ecea-gesamt-2019.jpeg\" \/>\n\t<meta property=\"og:image:width\" content=\"940\" \/>\n\t<meta property=\"og:image:height\" content=\"340\" \/>\n\t<meta property=\"og:image:type\" content=\"image\/jpeg\" \/>\n<meta name=\"twitter:card\" content=\"summary_large_image\" \/>\n<meta name=\"twitter:site\" content=\"@pro_carton\" \/>\n<meta name=\"twitter:label1\" content=\"Dur\u00e9e de lecture estim\u00e9e\" \/>\n\t<meta name=\"twitter:data1\" content=\"2 minutes\" \/>\n<script type=\"application\/ld+json\" class=\"yoast-schema-graph\">{\"@context\":\"https:\\\/\\\/schema.org\",\"@graph\":[{\"@type\":\"WebPage\",\"@id\":\"https:\\\/\\\/www.procarton.com\\\/es\\\/awards\\\/european-carton-excellence-award\\\/2019-2\\\/\",\"url\":\"https:\\\/\\\/www.procarton.com\\\/es\\\/awards\\\/european-carton-excellence-award\\\/2019-2\\\/\",\"name\":\"2019 - Pro Carton\",\"isPartOf\":{\"@id\":\"https:\\\/\\\/www.procarton.com\\\/es\\\/#website\"},\"primaryImageOfPage\":{\"@id\":\"https:\\\/\\\/www.procarton.com\\\/es\\\/awards\\\/european-carton-excellence-award\\\/2019-2\\\/#primaryimage\"},\"image\":{\"@id\":\"https:\\\/\\\/www.procarton.com\\\/es\\\/awards\\\/european-carton-excellence-award\\\/2019-2\\\/#primaryimage\"},\"thumbnailUrl\":\"https:\\\/\\\/www.procarton.com\\\/wp-content\\\/uploads\\\/2022\\\/01\\\/ecea-gesamt-2019.jpeg\",\"datePublished\":\"2021-02-12T16:29:13+00:00\",\"dateModified\":\"2022-04-01T14:53:27+00:00\",\"breadcrumb\":{\"@id\":\"https:\\\/\\\/www.procarton.com\\\/es\\\/awards\\\/european-carton-excellence-award\\\/2019-2\\\/#breadcrumb\"},\"inLanguage\":\"fr-FR\",\"potentialAction\":[{\"@type\":\"ReadAction\",\"target\":[\"https:\\\/\\\/www.procarton.com\\\/es\\\/awards\\\/european-carton-excellence-award\\\/2019-2\\\/\"]}]},{\"@type\":\"ImageObject\",\"inLanguage\":\"fr-FR\",\"@id\":\"https:\\\/\\\/www.procarton.com\\\/es\\\/awards\\\/european-carton-excellence-award\\\/2019-2\\\/#primaryimage\",\"url\":\"https:\\\/\\\/www.procarton.com\\\/wp-content\\\/uploads\\\/2022\\\/01\\\/ecea-gesamt-2019.jpeg\",\"contentUrl\":\"https:\\\/\\\/www.procarton.com\\\/wp-content\\\/uploads\\\/2022\\\/01\\\/ecea-gesamt-2019.jpeg\",\"width\":940,\"height\":340},{\"@type\":\"BreadcrumbList\",\"@id\":\"https:\\\/\\\/www.procarton.com\\\/es\\\/awards\\\/european-carton-excellence-award\\\/2019-2\\\/#breadcrumb\",\"itemListElement\":[{\"@type\":\"ListItem\",\"position\":1,\"name\":\"Home\",\"item\":\"https:\\\/\\\/www.procarton.com\\\/\"},{\"@type\":\"ListItem\",\"position\":2,\"name\":\"Awards\",\"item\":\"https:\\\/\\\/www.procarton.com\\\/awards\\\/\"},{\"@type\":\"ListItem\",\"position\":3,\"name\":\"European Carton Excellence Award\",\"item\":\"https:\\\/\\\/www.procarton.com\\\/awards\\\/european-carton-excellence-award\\\/\"},{\"@type\":\"ListItem\",\"position\":4,\"name\":\"2019\"}]},{\"@type\":\"WebSite\",\"@id\":\"https:\\\/\\\/www.procarton.com\\\/es\\\/#website\",\"url\":\"https:\\\/\\\/www.procarton.com\\\/es\\\/\",\"name\":\"Pro Carton\",\"description\":\"\",\"publisher\":{\"@id\":\"https:\\\/\\\/www.procarton.com\\\/es\\\/#organization\"},\"potentialAction\":[{\"@type\":\"SearchAction\",\"target\":{\"@type\":\"EntryPoint\",\"urlTemplate\":\"https:\\\/\\\/www.procarton.com\\\/es\\\/?s={search_term_string}\"},\"query-input\":{\"@type\":\"PropertyValueSpecification\",\"valueRequired\":true,\"valueName\":\"search_term_string\"}}],\"inLanguage\":\"fr-FR\"},{\"@type\":\"Organization\",\"@id\":\"https:\\\/\\\/www.procarton.com\\\/es\\\/#organization\",\"name\":\"ProCarton\",\"url\":\"https:\\\/\\\/www.procarton.com\\\/es\\\/\",\"logo\":{\"@type\":\"ImageObject\",\"inLanguage\":\"fr-FR\",\"@id\":\"https:\\\/\\\/www.procarton.com\\\/es\\\/#\\\/schema\\\/logo\\\/image\\\/\",\"url\":\"https:\\\/\\\/www.procarton.com\\\/wp-content\\\/uploads\\\/2022\\\/06\\\/logo-mit-slogan.jpg\",\"contentUrl\":\"https:\\\/\\\/www.procarton.com\\\/wp-content\\\/uploads\\\/2022\\\/06\\\/logo-mit-slogan.jpg\",\"width\":422,\"height\":519,\"caption\":\"ProCarton\"},\"image\":{\"@id\":\"https:\\\/\\\/www.procarton.com\\\/es\\\/#\\\/schema\\\/logo\\\/image\\\/\"},\"sameAs\":[\"https:\\\/\\\/www.facebook.com\\\/procartondesignaward\\\/\",\"https:\\\/\\\/x.com\\\/pro_carton\"]}]}<\/script>\n<!-- \/ Yoast SEO plugin. -->","yoast_head_json":{"title":"2019 - Carton Pro","robots":{"index":"index","follow":"follow","max-snippet":"max-snippet:-1","max-image-preview":"max-image-preview:large","max-video-preview":"max-video-preview:-1"},"canonical":"https:\/\/www.procarton.com\/fr\/awards\/european-carton-excellence-award\/2019-2\/","og_locale":"fr_FR","og_type":"article","og_title":"2019 - Pro Carton","og_url":"https:\/\/www.procarton.com\/fr\/awards\/european-carton-excellence-award\/2019-2\/","og_site_name":"Pro Carton","article_publisher":"https:\/\/www.facebook.com\/procartondesignaward\/","article_modified_time":"2022-04-01T14:53:27+00:00","og_image":[{"width":940,"height":340,"url":"https:\/\/www.procarton.com\/wp-content\/uploads\/2022\/01\/ecea-gesamt-2019.jpeg","type":"image\/jpeg"}],"twitter_card":"summary_large_image","twitter_site":"@pro_carton","twitter_misc":{"Dur\u00e9e de lecture estim\u00e9e":"2 minutes"},"schema":{"@context":"https:\/\/schema.org","@graph":[{"@type":"WebPage","@id":"https:\/\/www.procarton.com\/es\/awards\/european-carton-excellence-award\/2019-2\/","url":"https:\/\/www.procarton.com\/es\/awards\/european-carton-excellence-award\/2019-2\/","name":"2019 - Carton Pro","isPartOf":{"@id":"https:\/\/www.procarton.com\/es\/#website"},"primaryImageOfPage":{"@id":"https:\/\/www.procarton.com\/es\/awards\/european-carton-excellence-award\/2019-2\/#primaryimage"},"image":{"@id":"https:\/\/www.procarton.com\/es\/awards\/european-carton-excellence-award\/2019-2\/#primaryimage"},"thumbnailUrl":"https:\/\/www.procarton.com\/wp-content\/uploads\/2022\/01\/ecea-gesamt-2019.jpeg","datePublished":"2021-02-12T16:29:13+00:00","dateModified":"2022-04-01T14:53:27+00:00","breadcrumb":{"@id":"https:\/\/www.procarton.com\/es\/awards\/european-carton-excellence-award\/2019-2\/#breadcrumb"},"inLanguage":"fr-FR","potentialAction":[{"@type":"ReadAction","target":["https:\/\/www.procarton.com\/es\/awards\/european-carton-excellence-award\/2019-2\/"]}]},{"@type":"ImageObject","inLanguage":"fr-FR","@id":"https:\/\/www.procarton.com\/es\/awards\/european-carton-excellence-award\/2019-2\/#primaryimage","url":"https:\/\/www.procarton.com\/wp-content\/uploads\/2022\/01\/ecea-gesamt-2019.jpeg","contentUrl":"https:\/\/www.procarton.com\/wp-content\/uploads\/2022\/01\/ecea-gesamt-2019.jpeg","width":940,"height":340},{"@type":"BreadcrumbList","@id":"https:\/\/www.procarton.com\/es\/awards\/european-carton-excellence-award\/2019-2\/#breadcrumb","itemListElement":[{"@type":"ListItem","position":1,"name":"Home","item":"https:\/\/www.procarton.com\/"},{"@type":"ListItem","position":2,"name":"Awards","item":"https:\/\/www.procarton.com\/awards\/"},{"@type":"ListItem","position":3,"name":"European Carton Excellence Award","item":"https:\/\/www.procarton.com\/awards\/european-carton-excellence-award\/"},{"@type":"ListItem","position":4,"name":"2019"}]},{"@type":"WebSite","@id":"https:\/\/www.procarton.com\/es\/#website","url":"https:\/\/www.procarton.com\/es\/","name":"Pro Carton","description":"","publisher":{"@id":"https:\/\/www.procarton.com\/es\/#organization"},"potentialAction":[{"@type":"SearchAction","target":{"@type":"EntryPoint","urlTemplate":"https:\/\/www.procarton.com\/es\/?s={search_term_string}"},"query-input":{"@type":"PropertyValueSpecification","valueRequired":true,"valueName":"search_term_string"}}],"inLanguage":"fr-FR"},{"@type":"Organization","@id":"https:\/\/www.procarton.com\/es\/#organization","name":"ProCarton","url":"https:\/\/www.procarton.com\/es\/","logo":{"@type":"ImageObject","inLanguage":"fr-FR","@id":"https:\/\/www.procarton.com\/es\/#\/schema\/logo\/image\/","url":"https:\/\/www.procarton.com\/wp-content\/uploads\/2022\/06\/logo-mit-slogan.jpg","contentUrl":"https:\/\/www.procarton.com\/wp-content\/uploads\/2022\/06\/logo-mit-slogan.jpg","width":422,"height":519,"caption":"ProCarton"},"image":{"@id":"https:\/\/www.procarton.com\/es\/#\/schema\/logo\/image\/"},"sameAs":["https:\/\/www.facebook.com\/procartondesignaward\/","https:\/\/x.com\/pro_carton"]}]}},"_links":{"self":[{"href":"https:\/\/www.procarton.com\/fr\/wp-json\/wp\/v2\/pages\/243777","targetHints":{"allow":["GET"]}}],"collection":[{"href":"https:\/\/www.procarton.com\/fr\/wp-json\/wp\/v2\/pages"}],"about":[{"href":"https:\/\/www.procarton.com\/fr\/wp-json\/wp\/v2\/types\/page"}],"author":[{"embeddable":true,"href":"https:\/\/www.procarton.com\/fr\/wp-json\/wp\/v2\/users\/1"}],"replies":[{"embeddable":true,"href":"https:\/\/www.procarton.com\/fr\/wp-json\/wp\/v2\/comments?post=243777"}],"version-history":[{"count":7,"href":"https:\/\/www.procarton.com\/fr\/wp-json\/wp\/v2\/pages\/243777\/revisions"}],"predecessor-version":[{"id":280060,"href":"https:\/\/www.procarton.com\/fr\/wp-json\/wp\/v2\/pages\/243777\/revisions\/280060"}],"up":[{"embeddable":true,"href":"https:\/\/www.procarton.com\/fr\/wp-json\/wp\/v2\/pages\/243707"}],"wp:featuredmedia":[{"embeddable":true,"href":"https:\/\/www.procarton.com\/fr\/wp-json\/wp\/v2\/media\/274154"}],"wp:attachment":[{"href":"https:\/\/www.procarton.com\/fr\/wp-json\/wp\/v2\/media?parent=243777"}],"curies":[{"name":"wp","href":"https:\/\/api.w.org\/{rel}","templated":true}]}}