{"id":243775,"date":"2021-02-12T16:29:04","date_gmt":"2021-02-12T16:29:13","guid":{"rendered":"https:\/\/www.procarton.com\/awards\/european-carton-excellence-award\/2021\/"},"modified":"2023-02-21T16:42:03","modified_gmt":"2023-02-21T16:42:03","slug":"european-carton-excellence-awards-2021","status":"publish","type":"page","link":"https:\/\/www.procarton.com\/fr\/awards\/european-carton-excellence-award\/european-carton-excellence-awards-2021\/","title":{"rendered":"2021"},"content":{"rendered":"<div class=\"av-animated-generic top-to-bottom flex_column av_two_third  flex_column_div av-zero-column-padding first  avia-builder-el-0  el_before_av_one_third  avia-builder-el-first\" style='border-radius:0px; '>\n<section class=\"av_textblock_section\"  itemscope=\"itemscope\" itemtype=\"https:\/\/schema.org\/CreativeWork\" >\n<div class='avia_textblock'   itemprop=\"text\" >\n<div class=\"col-xs-12\">\n<h1 class=\"\">C'EST L'ANN\u00c9E DU GRAND ANNIVERSAIRE !<\/h1>\n<\/div>\n<p>En 2021, l'European Carton Excellence Award, le prix le plus prestigieux d'Europe pour les emballages en carton, a f\u00eat\u00e9 son 25e anniversaire. Le carton est l'exemple parfait de l'\u00e9conomie circulaire, \u00e9tant renouvelable, recyclable et biod\u00e9gradable. C'est aussi l'un des meilleurs moyens de communiquer les valeurs des marques, qu'il s'agisse de marques de luxe ou de produits de consommation courante.<\/p>\n<p>La C\u00e9r\u00e9monie Award de l'Excellence Carton Europ\u00e9enne est termin\u00e9e. Nous nous sentons d\u00e9pass\u00e9s par l'incroyable soutien apport\u00e9 \u00e0 notre grande ann\u00e9e d'anniversaire !<\/p>\n<p><strong>JETEZ UN COUP D'\u0152IL AUX GAGNANTS DANS L'ONGLET CI-DESSUS !<\/strong><\/p>\n<p>Le site <a href=\"https:\/\/www.procarton.com\/awards\/hall-of-fame\/\">Temple de la renomm\u00e9e 2021<\/a> est termin\u00e9e, et nous nous r\u00e9jouissons d\u00e9j\u00e0 de savoir qui gagnera l'ann\u00e9e prochaine !<br \/>\nLe concours European Carton Excellence Award 2022 sera ouvert aux candidatures au d\u00e9but de l'ann\u00e9e 2022.<\/p>\n<p>Restez \u00e0 l'\u00e9coute ! <a href=\"https:\/\/www.procarton.com\/publications-news\/register-for-news\/\">Inscrivez-moi \u00e0 la newsletter !<\/a><\/p>\n<p><i>Si vous avez\u00a0<\/i><em>demandes de renseignements<\/em><i>S'il vous pla\u00eet.\u00a0<a href=\"mailto:Procarton.awards@stormcom.co.uk\" target=\"_blank\" rel=\"noopener\">contactez l'\u00e9quipe Awards.<\/a><\/i><\/p>\n<\/div>\n<\/section>\n<\/div>\n<div class=\"av-animated-generic top-to-bottom flex_column av_one_third  flex_column_div av-zero-column-padding   avia-builder-el-2  el_after_av_two_third  avia-builder-el-last\" style='border-radius:0px; '>\n<div  class='avia-image-container  av-styling-no-styling    avia-builder-el-3  el_before_av_button  avia-builder-el-first  avia-align-center'  itemprop=\"image\" itemscope=\"itemscope\" itemtype=\"https:\/\/schema.org\/ImageObject\"  >\n<div class='avia-image-container-inner'>\n<div class='avia-image-overlay-wrap'><a href=\"https:\/\/www.procarton.com\/fr\/publication\/award-brochure-2021\/\" class='avia_image'  target=\"_blank\"  rel=\"noopener noreferrer\"><img decoding=\"async\" width=\"212\" height=\"300\" class='wp-image-269747 avia-img-lazy-loading-not-269747 avia_image' src=\"https:\/\/www.procarton.com\/wp-content\/uploads\/2021\/11\/ECEA-YD-2021_web-cover-1-212x300.jpg\" alt='' title='ECEA-YD-2021_web-cover (1)'  itemprop=\"thumbnailUrl\" srcset=\"https:\/\/www.procarton.com\/wp-content\/uploads\/2021\/11\/ECEA-YD-2021_web-cover-1-212x300.jpg 212w, https:\/\/www.procarton.com\/wp-content\/uploads\/2021\/11\/ECEA-YD-2021_web-cover-1-8x12.jpg 8w, https:\/\/www.procarton.com\/wp-content\/uploads\/2021\/11\/ECEA-YD-2021_web-cover-1-498x705.jpg 498w, https:\/\/www.procarton.com\/wp-content\/uploads\/2021\/11\/ECEA-YD-2021_web-cover-1.jpg 595w\" sizes=\"(max-width: 212px) 100vw, 212px\" \/><\/a><\/div>\n<\/div>\n<\/div>\n<div  class='avia-button-wrap avia-button-center  avia-builder-el-4  el_after_av_image  avia-builder-el-last' ><a href='https:\/\/www.procarton.com\/fr\/publication\/award-brochure-2021\/'  class='avia-button av-icon-on-hover avia-color-theme-color   avia-icon_select-yes-left-icon avia-size-small avia-position-center'  target=\"_blank\"  rel=\"noopener noreferrer\"  ><span class='avia_button_icon avia_button_icon_left' aria-hidden='true' data-av_icon='\ue800' data-av_iconfont='entypo-fontello'><\/span><span class='avia_iconbox_title' >T\u00e9l\u00e9charger la brochure sur les prix<\/span><\/a><\/div>\n<\/div>","protected":false},"excerpt":{"rendered":"","protected":false},"author":1,"featured_media":273680,"parent":243707,"menu_order":6,"comment_status":"closed","ping_status":"closed","template":"templates\/award_details_page.php","meta":{"inline_featured_image":false,"footnotes":""},"class_list":["post-243775","page","type-page","status-publish","has-post-thumbnail","hentry"],"yoast_head":"<!-- This site is optimized with the Yoast SEO plugin v27.3 - https:\/\/yoast.com\/product\/yoast-seo-wordpress\/ -->\n<title>2021 - Pro Carton<\/title>\n<meta name=\"robots\" content=\"index, follow, max-snippet:-1, max-image-preview:large, max-video-preview:-1\" \/>\n<link rel=\"canonical\" href=\"https:\/\/www.procarton.com\/fr\/awards\/european-carton-excellence-award\/european-carton-excellence-awards-2021\/\" \/>\n<meta property=\"og:locale\" content=\"fr_FR\" \/>\n<meta property=\"og:type\" content=\"article\" \/>\n<meta property=\"og:title\" content=\"2021 - Pro Carton\" \/>\n<meta property=\"og:url\" content=\"https:\/\/www.procarton.com\/fr\/awards\/european-carton-excellence-award\/european-carton-excellence-awards-2021\/\" \/>\n<meta property=\"og:site_name\" content=\"Pro Carton\" \/>\n<meta property=\"article:publisher\" content=\"https:\/\/www.facebook.com\/procartondesignaward\/\" \/>\n<meta property=\"article:modified_time\" content=\"2023-02-21T16:42:03+00:00\" \/>\n<meta property=\"og:image\" content=\"https:\/\/www.procarton.com\/wp-content\/uploads\/2022\/01\/Pro-Carton-Award-Logo.png\" \/>\n\t<meta property=\"og:image:width\" content=\"1920\" \/>\n\t<meta property=\"og:image:height\" content=\"1080\" \/>\n\t<meta property=\"og:image:type\" content=\"image\/png\" \/>\n<meta name=\"twitter:card\" content=\"summary_large_image\" \/>\n<meta name=\"twitter:site\" content=\"@pro_carton\" \/>\n<meta name=\"twitter:label1\" content=\"Dur\u00e9e de lecture estim\u00e9e\" \/>\n\t<meta name=\"twitter:data1\" content=\"2 minutes\" \/>\n<script type=\"application\/ld+json\" class=\"yoast-schema-graph\">{\"@context\":\"https:\\\/\\\/schema.org\",\"@graph\":[{\"@type\":\"WebPage\",\"@id\":\"https:\\\/\\\/www.procarton.com\\\/awards\\\/european-carton-excellence-award\\\/european-carton-excellence-awards-2021\\\/\",\"url\":\"https:\\\/\\\/www.procarton.com\\\/awards\\\/european-carton-excellence-award\\\/european-carton-excellence-awards-2021\\\/\",\"name\":\"2021 - Pro Carton\",\"isPartOf\":{\"@id\":\"https:\\\/\\\/www.procarton.com\\\/es\\\/#website\"},\"primaryImageOfPage\":{\"@id\":\"https:\\\/\\\/www.procarton.com\\\/awards\\\/european-carton-excellence-award\\\/european-carton-excellence-awards-2021\\\/#primaryimage\"},\"image\":{\"@id\":\"https:\\\/\\\/www.procarton.com\\\/awards\\\/european-carton-excellence-award\\\/european-carton-excellence-awards-2021\\\/#primaryimage\"},\"thumbnailUrl\":\"https:\\\/\\\/www.procarton.com\\\/wp-content\\\/uploads\\\/2022\\\/01\\\/Pro-Carton-Award-Logo.png\",\"datePublished\":\"2021-02-12T16:29:13+00:00\",\"dateModified\":\"2023-02-21T16:42:03+00:00\",\"breadcrumb\":{\"@id\":\"https:\\\/\\\/www.procarton.com\\\/awards\\\/european-carton-excellence-award\\\/european-carton-excellence-awards-2021\\\/#breadcrumb\"},\"inLanguage\":\"fr-FR\",\"potentialAction\":[{\"@type\":\"ReadAction\",\"target\":[\"https:\\\/\\\/www.procarton.com\\\/awards\\\/european-carton-excellence-award\\\/european-carton-excellence-awards-2021\\\/\"]}]},{\"@type\":\"ImageObject\",\"inLanguage\":\"fr-FR\",\"@id\":\"https:\\\/\\\/www.procarton.com\\\/awards\\\/european-carton-excellence-award\\\/european-carton-excellence-awards-2021\\\/#primaryimage\",\"url\":\"https:\\\/\\\/www.procarton.com\\\/wp-content\\\/uploads\\\/2022\\\/01\\\/Pro-Carton-Award-Logo.png\",\"contentUrl\":\"https:\\\/\\\/www.procarton.com\\\/wp-content\\\/uploads\\\/2022\\\/01\\\/Pro-Carton-Award-Logo.png\",\"width\":1920,\"height\":1080},{\"@type\":\"BreadcrumbList\",\"@id\":\"https:\\\/\\\/www.procarton.com\\\/awards\\\/european-carton-excellence-award\\\/european-carton-excellence-awards-2021\\\/#breadcrumb\",\"itemListElement\":[{\"@type\":\"ListItem\",\"position\":1,\"name\":\"Home\",\"item\":\"https:\\\/\\\/www.procarton.com\\\/\"},{\"@type\":\"ListItem\",\"position\":2,\"name\":\"Awards\",\"item\":\"https:\\\/\\\/www.procarton.com\\\/awards\\\/\"},{\"@type\":\"ListItem\",\"position\":3,\"name\":\"European Carton Excellence Award\",\"item\":\"https:\\\/\\\/www.procarton.com\\\/awards\\\/european-carton-excellence-award\\\/\"},{\"@type\":\"ListItem\",\"position\":4,\"name\":\"2021\"}]},{\"@type\":\"WebSite\",\"@id\":\"https:\\\/\\\/www.procarton.com\\\/es\\\/#website\",\"url\":\"https:\\\/\\\/www.procarton.com\\\/es\\\/\",\"name\":\"Pro Carton\",\"description\":\"\",\"publisher\":{\"@id\":\"https:\\\/\\\/www.procarton.com\\\/es\\\/#organization\"},\"potentialAction\":[{\"@type\":\"SearchAction\",\"target\":{\"@type\":\"EntryPoint\",\"urlTemplate\":\"https:\\\/\\\/www.procarton.com\\\/es\\\/?s={search_term_string}\"},\"query-input\":{\"@type\":\"PropertyValueSpecification\",\"valueRequired\":true,\"valueName\":\"search_term_string\"}}],\"inLanguage\":\"fr-FR\"},{\"@type\":\"Organization\",\"@id\":\"https:\\\/\\\/www.procarton.com\\\/es\\\/#organization\",\"name\":\"ProCarton\",\"url\":\"https:\\\/\\\/www.procarton.com\\\/es\\\/\",\"logo\":{\"@type\":\"ImageObject\",\"inLanguage\":\"fr-FR\",\"@id\":\"https:\\\/\\\/www.procarton.com\\\/es\\\/#\\\/schema\\\/logo\\\/image\\\/\",\"url\":\"https:\\\/\\\/www.procarton.com\\\/wp-content\\\/uploads\\\/2022\\\/06\\\/logo-mit-slogan.jpg\",\"contentUrl\":\"https:\\\/\\\/www.procarton.com\\\/wp-content\\\/uploads\\\/2022\\\/06\\\/logo-mit-slogan.jpg\",\"width\":422,\"height\":519,\"caption\":\"ProCarton\"},\"image\":{\"@id\":\"https:\\\/\\\/www.procarton.com\\\/es\\\/#\\\/schema\\\/logo\\\/image\\\/\"},\"sameAs\":[\"https:\\\/\\\/www.facebook.com\\\/procartondesignaward\\\/\",\"https:\\\/\\\/x.com\\\/pro_carton\"]}]}<\/script>\n<!-- \/ Yoast SEO plugin. -->","yoast_head_json":{"title":"2021 - Carton Pro","robots":{"index":"index","follow":"follow","max-snippet":"max-snippet:-1","max-image-preview":"max-image-preview:large","max-video-preview":"max-video-preview:-1"},"canonical":"https:\/\/www.procarton.com\/fr\/awards\/european-carton-excellence-award\/european-carton-excellence-awards-2021\/","og_locale":"fr_FR","og_type":"article","og_title":"2021 - Pro Carton","og_url":"https:\/\/www.procarton.com\/fr\/awards\/european-carton-excellence-award\/european-carton-excellence-awards-2021\/","og_site_name":"Pro Carton","article_publisher":"https:\/\/www.facebook.com\/procartondesignaward\/","article_modified_time":"2023-02-21T16:42:03+00:00","og_image":[{"width":1920,"height":1080,"url":"https:\/\/www.procarton.com\/wp-content\/uploads\/2022\/01\/Pro-Carton-Award-Logo.png","type":"image\/png"}],"twitter_card":"summary_large_image","twitter_site":"@pro_carton","twitter_misc":{"Dur\u00e9e de lecture estim\u00e9e":"2 minutes"},"schema":{"@context":"https:\/\/schema.org","@graph":[{"@type":"WebPage","@id":"https:\/\/www.procarton.com\/awards\/european-carton-excellence-award\/european-carton-excellence-awards-2021\/","url":"https:\/\/www.procarton.com\/awards\/european-carton-excellence-award\/european-carton-excellence-awards-2021\/","name":"2021 - Carton Pro","isPartOf":{"@id":"https:\/\/www.procarton.com\/es\/#website"},"primaryImageOfPage":{"@id":"https:\/\/www.procarton.com\/awards\/european-carton-excellence-award\/european-carton-excellence-awards-2021\/#primaryimage"},"image":{"@id":"https:\/\/www.procarton.com\/awards\/european-carton-excellence-award\/european-carton-excellence-awards-2021\/#primaryimage"},"thumbnailUrl":"https:\/\/www.procarton.com\/wp-content\/uploads\/2022\/01\/Pro-Carton-Award-Logo.png","datePublished":"2021-02-12T16:29:13+00:00","dateModified":"2023-02-21T16:42:03+00:00","breadcrumb":{"@id":"https:\/\/www.procarton.com\/awards\/european-carton-excellence-award\/european-carton-excellence-awards-2021\/#breadcrumb"},"inLanguage":"fr-FR","potentialAction":[{"@type":"ReadAction","target":["https:\/\/www.procarton.com\/awards\/european-carton-excellence-award\/european-carton-excellence-awards-2021\/"]}]},{"@type":"ImageObject","inLanguage":"fr-FR","@id":"https:\/\/www.procarton.com\/awards\/european-carton-excellence-award\/european-carton-excellence-awards-2021\/#primaryimage","url":"https:\/\/www.procarton.com\/wp-content\/uploads\/2022\/01\/Pro-Carton-Award-Logo.png","contentUrl":"https:\/\/www.procarton.com\/wp-content\/uploads\/2022\/01\/Pro-Carton-Award-Logo.png","width":1920,"height":1080},{"@type":"BreadcrumbList","@id":"https:\/\/www.procarton.com\/awards\/european-carton-excellence-award\/european-carton-excellence-awards-2021\/#breadcrumb","itemListElement":[{"@type":"ListItem","position":1,"name":"Home","item":"https:\/\/www.procarton.com\/"},{"@type":"ListItem","position":2,"name":"Awards","item":"https:\/\/www.procarton.com\/awards\/"},{"@type":"ListItem","position":3,"name":"European Carton Excellence Award","item":"https:\/\/www.procarton.com\/awards\/european-carton-excellence-award\/"},{"@type":"ListItem","position":4,"name":"2021"}]},{"@type":"WebSite","@id":"https:\/\/www.procarton.com\/es\/#website","url":"https:\/\/www.procarton.com\/es\/","name":"Pro Carton","description":"","publisher":{"@id":"https:\/\/www.procarton.com\/es\/#organization"},"potentialAction":[{"@type":"SearchAction","target":{"@type":"EntryPoint","urlTemplate":"https:\/\/www.procarton.com\/es\/?s={search_term_string}"},"query-input":{"@type":"PropertyValueSpecification","valueRequired":true,"valueName":"search_term_string"}}],"inLanguage":"fr-FR"},{"@type":"Organization","@id":"https:\/\/www.procarton.com\/es\/#organization","name":"ProCarton","url":"https:\/\/www.procarton.com\/es\/","logo":{"@type":"ImageObject","inLanguage":"fr-FR","@id":"https:\/\/www.procarton.com\/es\/#\/schema\/logo\/image\/","url":"https:\/\/www.procarton.com\/wp-content\/uploads\/2022\/06\/logo-mit-slogan.jpg","contentUrl":"https:\/\/www.procarton.com\/wp-content\/uploads\/2022\/06\/logo-mit-slogan.jpg","width":422,"height":519,"caption":"ProCarton"},"image":{"@id":"https:\/\/www.procarton.com\/es\/#\/schema\/logo\/image\/"},"sameAs":["https:\/\/www.facebook.com\/procartondesignaward\/","https:\/\/x.com\/pro_carton"]}]}},"_links":{"self":[{"href":"https:\/\/www.procarton.com\/fr\/wp-json\/wp\/v2\/pages\/243775","targetHints":{"allow":["GET"]}}],"collection":[{"href":"https:\/\/www.procarton.com\/fr\/wp-json\/wp\/v2\/pages"}],"about":[{"href":"https:\/\/www.procarton.com\/fr\/wp-json\/wp\/v2\/types\/page"}],"author":[{"embeddable":true,"href":"https:\/\/www.procarton.com\/fr\/wp-json\/wp\/v2\/users\/1"}],"replies":[{"embeddable":true,"href":"https:\/\/www.procarton.com\/fr\/wp-json\/wp\/v2\/comments?post=243775"}],"version-history":[{"count":51,"href":"https:\/\/www.procarton.com\/fr\/wp-json\/wp\/v2\/pages\/243775\/revisions"}],"predecessor-version":[{"id":284761,"href":"https:\/\/www.procarton.com\/fr\/wp-json\/wp\/v2\/pages\/243775\/revisions\/284761"}],"up":[{"embeddable":true,"href":"https:\/\/www.procarton.com\/fr\/wp-json\/wp\/v2\/pages\/243707"}],"wp:featuredmedia":[{"embeddable":true,"href":"https:\/\/www.procarton.com\/fr\/wp-json\/wp\/v2\/media\/273680"}],"wp:attachment":[{"href":"https:\/\/www.procarton.com\/fr\/wp-json\/wp\/v2\/media?parent=243775"}],"curies":[{"name":"wp","href":"https:\/\/api.w.org\/{rel}","templated":true}]}}