{"id":243774,"date":"2021-02-12T16:28:56","date_gmt":"2021-02-12T16:28:56","guid":{"rendered":"https:\/\/www.procarton.com\/awards\/pro-carton-young-designers-award\/2018\/"},"modified":"2022-03-25T16:20:44","modified_gmt":"2022-03-25T16:20:44","slug":"2018-2","status":"publish","type":"page","link":"https:\/\/www.procarton.com\/fr\/awards\/pro-carton-young-designers-award\/2018-2\/","title":{"rendered":"2018"},"content":{"rendered":"<section class=\"av_textblock_section\"  itemscope=\"itemscope\" itemtype=\"https:\/\/schema.org\/CreativeWork\" ><div class='avia_textblock'   itemprop=\"text\" ><figure class=\"wp-block-image size-large\"><img loading=\"lazy\" decoding=\"async\" width=\"1023\" height=\"384\" class=\"wp-image-258722\" src=\"https:\/\/www.procarton.com\/wp-content\/uploads\/2021\/03\/pydca18.jpg\" alt=\"\" srcset=\"https:\/\/www.procarton.com\/wp-content\/uploads\/2021\/03\/pydca18.jpg 1023w, https:\/\/www.procarton.com\/wp-content\/uploads\/2021\/03\/pydca18-300x113.jpg 300w, https:\/\/www.procarton.com\/wp-content\/uploads\/2021\/03\/pydca18-768x288.jpg 768w, https:\/\/www.procarton.com\/wp-content\/uploads\/2021\/03\/pydca18-18x7.jpg 18w, https:\/\/www.procarton.com\/wp-content\/uploads\/2021\/03\/pydca18-705x265.jpg 705w\" sizes=\"auto, (max-width: 1023px) 100vw, 1023px\" \/><\/figure>\n<h3 class=\"wp-block-heading\">PRO CARTON YOUNG DESIGNERS AWARD 2018 !<\/h3>\n<h4 class=\"wp-block-heading\">Le Pro Carton Young Designers Award est d\u00e9sormais l'un des principaux concours annuels de jeunes talents en Europe dans le domaine du design d'emballage. Il joue \u00e9galement un r\u00f4le de pionnier dans la promotion de la \u00e9co-responsabilit\u00e9 puisqu'il se concentre exclusivement sur le design du carton !<\/h4>\n<p><!-- \/wp:post-content --><\/p>\n<p><!-- wp:list --><\/p>\n<p><!-- \/wp:list --><\/p>\n<\/div><\/section>\r\n<div class=\"av-animated-generic top-to-bottom flex_column av_two_third  flex_column_div av-zero-column-padding first  avia-builder-el-1  el_after_av_textblock  el_before_av_one_third  column-top-margin\" style='border-radius:0px; '><section class=\"av_textblock_section\"  itemscope=\"itemscope\" itemtype=\"https:\/\/schema.org\/CreativeWork\" ><div class='avia_textblock'   itemprop=\"text\" ><p><strong>Nouveaut\u00e9 cette ann\u00e9e : il y a plus de cat\u00e9gories et il y aura plus de gagnants et plus de finalistes, qui pourront tous participer au d\u00eener de gala qui se tiendra cette ann\u00e9e \u00e0 Riga.\u00a0<\/strong><strong>Et n'oubliez pas que les enseignants des finalistes pourront \u00e9galement assister au gala !\u00a0<\/strong><\/p>\n<p><strong>Cat\u00e9gories :<\/strong><\/p>\n<ul>\n<li>Emballages cr\u00e9atifs en carton : Alimentation et boissons : L'accent est mis sur le carton en tant que mat\u00e9riau d'emballage le plus durable pour les aliments et les boissons et sur sa recyclabilit\u00e9. Donnez-nous un avant-go\u00fbt du grand design !<\/li>\n<li>Emballages cr\u00e9atifs en carton : Tous les emballages, \u00e0 l'exception des produits alimentaires et des boissons : tous les emballages non alimentaires utilisent du carton, qui est, bien entendu, \u00e0 la fois renouvelable et recyclable.<\/li>\n<li>Id\u00e9es cr\u00e9atives pour le carton : Sortez des sentiers battus ! Voici l'occasion pour vous de proposer vos id\u00e9es de carton en dehors du march\u00e9 de l'emballage.<\/li>\n<li>Sauvez la plan\u00e8te : Chaque minute, un camion charg\u00e9 de plastique est d\u00e9vers\u00e9 dans l'oc\u00e9an. Montrez-nous vos id\u00e9es sur la fa\u00e7on dont le carton peut r\u00e9duire ou remplacer le plastique et aidez-nous \u00e0 sauver la plan\u00e8te !<\/li>\n<\/ul>\n<p><!-- \/wp:list --><\/p>\n<p><!-- wp:paragraph --><strong>Les prix :<\/strong><\/p>\n<p><!-- \/wp:paragraph --><\/p>\n<p><!-- wp:list --><\/p>\n<ul>\n<li>Le prix principal pour les gagnants de la cat\u00e9gorie est une visite \u00e0 l'Institut d'\u00e9tudes politiques de l'UE.\u00a0<a href=\"https:\/\/www.metsaboard.com\/About-Us\/Kemi-board-mill\/Pages\/default.aspx\"><strong>Usine de Mets\u00e4 Board<\/strong><\/a>\u00a0en Finlande, plus une formation pratique chez le producteur international de carton\u00a0<a href=\"http:\/\/www.mm-packaging.com\/de\/unternehmen\/\"><strong>Emballage Mayr-Melnhof<\/strong><\/a>\u00a0en Autriche. Tous frais pay\u00e9s !<\/li>\n<li>En outre, les finalistes et chacun de leurs professeurs seront invit\u00e9s au d\u00eener de gala Awards et \u00e0 la c\u00e9r\u00e9monie du 20 septembre \u00e0 l'h\u00f4tel de ville.\u00a0<a href=\"https:\/\/www.ecma.org\/events-and-promotion\/annual-congress\/\"><strong>Congr\u00e8s de European Carton Makers Association (ECMA)<\/strong><\/a>\u00a0sur\u00a0<a href=\"http:\/\/www.latvia.travel\/en\/city\/riga-8\"><strong>Riga\/Lettonie<\/strong>.<\/a>\u00a0L'industrie europ\u00e9enne du carton compact se r\u00e9unira pour cet \u00e9v\u00e9nement de r\u00e9seautage de l'ann\u00e9e ! Toutes les d\u00e9penses seront couvertes par Pro Carton : Les frais de voyage, 2 nuits dans un h\u00f4tel de luxe, l'\u00e9l\u00e9gant Gala Award et m\u00eame un budget pour une sortie nocturne \u00e0 Riga !<\/li>\n<li>Tous les finalistes recevront des certificats encadr\u00e9s.<\/li>\n<\/ul>\n<p><!-- \/wp:list --><\/p>\n<p><!-- wp:paragraph -->Pour vous inspirer, jetez un coup d'\u0153il \u00e0<\/p>\n<p><!-- \/wp:paragraph --><\/p>\n<p><!-- wp:list --><\/p>\n<ul>\n<li>le site\u00a0<strong><a href=\"https:\/\/www.procarton.com\/awards\/pro-carton-young-designers-award\/2017-2\/winners\/\">gagnants, finalistes et candidatures pr\u00e9s\u00e9lectionn\u00e9es<\/a><\/strong>\u00a0pour le concours Pro Carton Young Designers Award 2017.<\/li>\n<li>et consultez le\u00a0<a href=\"https:\/\/www.procarton.com\/awards\/pro-carton-young-designers-award\/2017-2\/videos\/\"><strong>vid\u00e9os et se faire une id\u00e9e<\/strong><\/a>\u00a0du Gala Award.<\/li>\n<\/ul>\n<p><!-- \/wp:list --><\/p>\n<p><!-- wp:paragraph --><em>Vous pouvez \u00e9galement en savoir plus sur les deux entreprises sponsors qui accueilleront les laur\u00e9ats 2018.\u00a0<a href=\"http:\/\/www.mm-packaging.com\/de\/unternehmen\/\"><strong>www.mm-packaging.com<\/strong><\/a>\u00a0et\u00a0<a href=\"https:\/\/www.metsaboard.com\/About-Us\/Pages\/default.aspx\"><strong>www.metsaboard.com<\/strong><\/a><\/em><\/p>\n<p><!-- \/wp:paragraph --><\/p>\n<p><!-- wp:paragraph --><strong>Services pour les \u00e9coles et universit\u00e9s de design :<\/strong><\/p>\n<p><!-- \/wp:paragraph --><\/p>\n<p><!-- wp:paragraph -->Nous serions heureux de vous aider en vous fournissant &gt;&gt; Publications sur les cartons et le carton et, surtout, du carton gratuit pour le travail de conception. Nous voulons offrir aux \u00e9tudiants une v\u00e9ritable exp\u00e9rience d'apprentissage pratique !<\/p>\n<p><!-- \/wp:paragraph --><\/p>\n<p><!-- wp:paragraph -->Si vous souhaitez que nous vous envoyions du carton pour vos \u00e9l\u00e8ves, vous pouvez le commander gratuitement ici :<\/p>\n<p><!-- \/wp:paragraph --><\/p>\n<p><!-- wp:list --><\/p>\n<ul>\n<li><a href=\"https:\/\/www.procarton.com\/awards\/pro-carton-young-designers-award\/2018\/#collapseform1\">Cliquez ici pour entrer vos informations de commande\/contact<\/a><\/li>\n<li>Commandez avant fin d\u00e9cembre pour une livraison en janvier ou avant fin f\u00e9vrier pour une livraison en mars.<\/li>\n<li>Le carton de la Award de cette ann\u00e9e est sponsoris\u00e9 par<br \/><a href=\"http:\/\/www.mm-karton.com\/home\/\"><strong>MM Board &amp; Paper.<\/strong><\/a><\/li>\n<\/ul>\n<p><!-- \/wp:list --><\/p>\n<p><!-- wp:paragraph -->Il est \u00e9galement possible d'organiser\u00a0<a href=\"https:\/\/www.procarton.com\/about-pro-carton\/members\/\"><strong>Membres de Pro Carton<\/strong><\/a>\u00a0de venir dans votre \u00e9cole ou universit\u00e9 et d'organiser des ateliers sur les nombreuses possibilit\u00e9s qu'offrent le carton et les cartons (conception, technologie, production, marketing...).<\/p>\n<p><!-- \/wp:paragraph --><\/p>\n<p><!-- wp:list --><\/p>\n<ul>\n<li><a href=\"https:\/\/www.procarton.com\/awards\/pro-carton-young-designers-award\/2018\/#collapseform2\">Cliquez ici pour nous envoyer votre demande<\/a><\/li>\n<\/ul>\n<p><!-- \/wp:list --><\/p>\n<p><!-- wp:paragraph -->Faites-nous savoir ce que nous pouvons faire d'autre pour vous et contactez-nous :<br \/><a href=\"mailto:mcewen@procarton.com\">Suzanne Mc Ewen<\/a><br \/><a href=\"mailto:mcewen@procarton.com\">mcewen@procarton.com<\/a><\/p>\n<\/div><\/section><\/div>\r\n<div class=\"av-animated-generic top-to-bottom flex_column av_one_third  flex_column_div av-zero-column-padding   avia-builder-el-3  el_after_av_two_third  avia-builder-el-last  column-top-margin\" style='border-radius:0px; '><p><div   data-autoplay='1'  data-interval='5'  data-animation='fade'  data-hoverpause='1'  class='avia-testimonial-wrapper avia-grid-testimonials avia-grid-2-testimonials avia_animate_when_almost_visible'><section class ='avia-testimonial-row'><div class='avia-testimonial av_one_half flex_column no_margin avia-testimonial-row-1 avia-first-testimonial' ><div class='avia-testimonial_inner'  itemscope=\"itemscope\" itemtype=\"https:\/\/schema.org\/CreativeWork\" ><div class='avia-testimonial-content'  ><div class='avia-testimonial-markup-entry-content'  itemprop=\"text\" ><p>\"Il s'agit d'un concours de design tr\u00e8s attendu, simplement en raison des id\u00e9es innovantes et des r\u00e9flexions intelligentes dont nous avons \u00e9t\u00e9 t\u00e9moins par le pass\u00e9. Ce qui est fascinant \u00e0 voir, ce sont les utilisations absolument nouvelles du carton que nous n'avions pas vues auparavant. Il est tout \u00e0 fait \u00e9tonnant de voir ce que l'on peut faire avec du carton en pensant librement.\"<\/p>\n<\/div><\/div><div class='avia-testimonial-meta'><div class='avia-testimonial-arrow-wrap'><div class='avia-arrow'><\/div><\/div><div class='avia-testimonial-meta-mini'  itemprop=\"author\" itemscope=\"itemscope\" itemtype=\"https:\/\/schema.org\/Person\" ><strong  class='avia-testimonial-name'    itemprop=\"name\" >Satkar Gidda<\/strong><span  class='avia-testimonial-subtitle'    itemprop=\"jobTitle\" >Pr\u00e9sident du jury<\/span><\/div><\/div><\/div><\/div>\n<\/section><\/div><br \/>\n<div  class='avia-video avia-video-16-9   av-lazyload-immediate  av-lazyload-video-embed' style='background-image:url(\"https:\/\/www.procarton.com\/wp-content\/uploads\/2022\/03\/yda_thumbnail-300x157.png\");'  itemprop=\"video\" itemtype=\"https:\/\/schema.org\/VideoObject\"  data-original_url='https:\/\/www.youtube.com\/watch?v=bzTKIpf47PE' ><script type='text\/html' class='av-video-tmpl'><div class='avia-iframe-wrap'><iframe loading=\"lazy\" title=\"Asking the sponsors: Why is the Pro Carton Young Designers Award important to you?\" width=\"1500\" height=\"844\" src=\"https:\/\/www.youtube.com\/embed\/bzTKIpf47PE?feature=oembed&autoplay=0&loop=0&controls=1&mute=0\" frameborder=\"0\" allow=\"accelerometer; autoplay; clipboard-write; encrypted-media; gyroscope; picture-in-picture\" allowfullscreen><\/iframe><\/div><\/script><div class='av-click-to-play-overlay'><div class=\"avia_playpause_icon\"><\/div><\/div><\/div><br \/>\n<div  class='avia-video avia-video-16-9   av-lazyload-immediate  av-lazyload-video-embed' style='background-image:url(\"https:\/\/www.procarton.com\/wp-content\/uploads\/2022\/03\/yda_thumbnail1-300x157.png\");'  itemprop=\"video\" itemtype=\"https:\/\/schema.org\/VideoObject\"  data-original_url='https:\/\/www.youtube.com\/watch?v=l01RtxCQxsA' ><script type='text\/html' class='av-video-tmpl'><div class='avia-iframe-wrap'><iframe loading=\"lazy\" title=\"What&#039;s the Pro Carton Young Designers Award to you?\" width=\"1500\" height=\"844\" src=\"https:\/\/www.youtube.com\/embed\/l01RtxCQxsA?feature=oembed&autoplay=0&loop=0&controls=1&mute=0\" frameborder=\"0\" allow=\"accelerometer; autoplay; clipboard-write; encrypted-media; gyroscope; picture-in-picture\" allowfullscreen><\/iframe><\/div><\/script><div class='av-click-to-play-overlay'><div class=\"avia_playpause_icon\"><\/div><\/div><\/div><br \/>\n<div  class='avia-image-container  av-styling-    avia-builder-el-7  el_after_av_video  avia-builder-el-last  avia-align-center'  itemprop=\"image\" itemscope=\"itemscope\" itemtype=\"https:\/\/schema.org\/ImageObject\"  ><div class='avia-image-container-inner'><div class='avia-image-overlay-wrap'><a href=\"https:\/\/www.procarton.com\/fr\/publication\/award-brochure\/\" class='avia_image' ><img decoding=\"async\" width=\"211\" height=\"300\" class='wp-image-275836 avia-img-lazy-loading-not-275836 avia_image' src=\"https:\/\/www.procarton.com\/wp-content\/uploads\/2022\/03\/Pro-Carton-PCYDA-Broschure-2018-211x300.jpeg\" alt='' title='Pro-Carton-PCYDA-Broschure-2018'  itemprop=\"thumbnailUrl\" srcset=\"https:\/\/www.procarton.com\/wp-content\/uploads\/2022\/03\/Pro-Carton-PCYDA-Broschure-2018-211x300.jpeg 211w, https:\/\/www.procarton.com\/wp-content\/uploads\/2022\/03\/Pro-Carton-PCYDA-Broschure-2018-8x12.jpeg 8w, https:\/\/www.procarton.com\/wp-content\/uploads\/2022\/03\/Pro-Carton-PCYDA-Broschure-2018.jpeg 400w\" sizes=\"(max-width: 211px) 100vw, 211px\" \/><\/a><\/div><\/div><\/div><\/p><\/div>","protected":false},"excerpt":{"rendered":"","protected":false},"author":1,"featured_media":272782,"parent":243708,"menu_order":8,"comment_status":"closed","ping_status":"closed","template":"templates\/award_details_page.php","meta":{"inline_featured_image":false,"footnotes":""},"class_list":["post-243774","page","type-page","status-publish","has-post-thumbnail","hentry"],"yoast_head":"<!-- This site is optimized with the Yoast SEO plugin v27.4 - https:\/\/yoast.com\/product\/yoast-seo-wordpress\/ -->\n<title>2018 - Pro Carton<\/title>\n<meta name=\"robots\" content=\"index, follow, max-snippet:-1, max-image-preview:large, max-video-preview:-1\" \/>\n<link rel=\"canonical\" href=\"https:\/\/www.procarton.com\/fr\/awards\/pro-carton-young-designers-award\/2018-2\/\" \/>\n<meta property=\"og:locale\" content=\"fr_FR\" \/>\n<meta property=\"og:type\" content=\"article\" \/>\n<meta property=\"og:title\" content=\"2018 - Pro Carton\" \/>\n<meta property=\"og:url\" content=\"https:\/\/www.procarton.com\/fr\/awards\/pro-carton-young-designers-award\/2018-2\/\" \/>\n<meta property=\"og:site_name\" content=\"Pro Carton\" \/>\n<meta property=\"article:publisher\" content=\"https:\/\/www.facebook.com\/procartondesignaward\/\" \/>\n<meta property=\"article:modified_time\" content=\"2022-03-25T16:20:44+00:00\" \/>\n<meta property=\"og:image\" content=\"https:\/\/www.procarton.com\/wp-content\/uploads\/2022\/01\/Pro-Carton-Young-Designers-Award-2018.png\" \/>\n\t<meta property=\"og:image:width\" content=\"1656\" \/>\n\t<meta property=\"og:image:height\" content=\"934\" \/>\n\t<meta property=\"og:image:type\" content=\"image\/png\" \/>\n<meta name=\"twitter:card\" content=\"summary_large_image\" \/>\n<meta name=\"twitter:site\" content=\"@pro_carton\" \/>\n<meta name=\"twitter:label1\" content=\"Dur\u00e9e de lecture estim\u00e9e\" \/>\n\t<meta name=\"twitter:data1\" content=\"3 minutes\" \/>\n<script type=\"application\/ld+json\" class=\"yoast-schema-graph\">{\"@context\":\"https:\\\/\\\/schema.org\",\"@graph\":[{\"@type\":\"WebPage\",\"@id\":\"https:\\\/\\\/www.procarton.com\\\/es\\\/awards\\\/pro-carton-young-designers-award\\\/2018-2\\\/\",\"url\":\"https:\\\/\\\/www.procarton.com\\\/es\\\/awards\\\/pro-carton-young-designers-award\\\/2018-2\\\/\",\"name\":\"2018 - Pro Carton\",\"isPartOf\":{\"@id\":\"https:\\\/\\\/www.procarton.com\\\/es\\\/#website\"},\"primaryImageOfPage\":{\"@id\":\"https:\\\/\\\/www.procarton.com\\\/es\\\/awards\\\/pro-carton-young-designers-award\\\/2018-2\\\/#primaryimage\"},\"image\":{\"@id\":\"https:\\\/\\\/www.procarton.com\\\/es\\\/awards\\\/pro-carton-young-designers-award\\\/2018-2\\\/#primaryimage\"},\"thumbnailUrl\":\"https:\\\/\\\/www.procarton.com\\\/wp-content\\\/uploads\\\/2022\\\/01\\\/Pro-Carton-Young-Designers-Award-2018.png\",\"datePublished\":\"2021-02-12T16:28:56+00:00\",\"dateModified\":\"2022-03-25T16:20:44+00:00\",\"breadcrumb\":{\"@id\":\"https:\\\/\\\/www.procarton.com\\\/es\\\/awards\\\/pro-carton-young-designers-award\\\/2018-2\\\/#breadcrumb\"},\"inLanguage\":\"fr-FR\",\"potentialAction\":[{\"@type\":\"ReadAction\",\"target\":[\"https:\\\/\\\/www.procarton.com\\\/es\\\/awards\\\/pro-carton-young-designers-award\\\/2018-2\\\/\"]}]},{\"@type\":\"ImageObject\",\"inLanguage\":\"fr-FR\",\"@id\":\"https:\\\/\\\/www.procarton.com\\\/es\\\/awards\\\/pro-carton-young-designers-award\\\/2018-2\\\/#primaryimage\",\"url\":\"https:\\\/\\\/www.procarton.com\\\/wp-content\\\/uploads\\\/2022\\\/01\\\/Pro-Carton-Young-Designers-Award-2018.png\",\"contentUrl\":\"https:\\\/\\\/www.procarton.com\\\/wp-content\\\/uploads\\\/2022\\\/01\\\/Pro-Carton-Young-Designers-Award-2018.png\",\"width\":1656,\"height\":934},{\"@type\":\"BreadcrumbList\",\"@id\":\"https:\\\/\\\/www.procarton.com\\\/es\\\/awards\\\/pro-carton-young-designers-award\\\/2018-2\\\/#breadcrumb\",\"itemListElement\":[{\"@type\":\"ListItem\",\"position\":1,\"name\":\"Home\",\"item\":\"https:\\\/\\\/www.procarton.com\\\/\"},{\"@type\":\"ListItem\",\"position\":2,\"name\":\"Awards\",\"item\":\"https:\\\/\\\/www.procarton.com\\\/awards\\\/\"},{\"@type\":\"ListItem\",\"position\":3,\"name\":\"Pro Carton Young Designers Award\",\"item\":\"https:\\\/\\\/www.procarton.com\\\/awards\\\/pro-carton-young-designers-award\\\/\"},{\"@type\":\"ListItem\",\"position\":4,\"name\":\"2018\"}]},{\"@type\":\"WebSite\",\"@id\":\"https:\\\/\\\/www.procarton.com\\\/es\\\/#website\",\"url\":\"https:\\\/\\\/www.procarton.com\\\/es\\\/\",\"name\":\"Pro Carton\",\"description\":\"\",\"publisher\":{\"@id\":\"https:\\\/\\\/www.procarton.com\\\/es\\\/#organization\"},\"potentialAction\":[{\"@type\":\"SearchAction\",\"target\":{\"@type\":\"EntryPoint\",\"urlTemplate\":\"https:\\\/\\\/www.procarton.com\\\/es\\\/?s={search_term_string}\"},\"query-input\":{\"@type\":\"PropertyValueSpecification\",\"valueRequired\":true,\"valueName\":\"search_term_string\"}}],\"inLanguage\":\"fr-FR\"},{\"@type\":\"Organization\",\"@id\":\"https:\\\/\\\/www.procarton.com\\\/es\\\/#organization\",\"name\":\"ProCarton\",\"url\":\"https:\\\/\\\/www.procarton.com\\\/es\\\/\",\"logo\":{\"@type\":\"ImageObject\",\"inLanguage\":\"fr-FR\",\"@id\":\"https:\\\/\\\/www.procarton.com\\\/es\\\/#\\\/schema\\\/logo\\\/image\\\/\",\"url\":\"https:\\\/\\\/www.procarton.com\\\/wp-content\\\/uploads\\\/2022\\\/06\\\/logo-mit-slogan.jpg\",\"contentUrl\":\"https:\\\/\\\/www.procarton.com\\\/wp-content\\\/uploads\\\/2022\\\/06\\\/logo-mit-slogan.jpg\",\"width\":422,\"height\":519,\"caption\":\"ProCarton\"},\"image\":{\"@id\":\"https:\\\/\\\/www.procarton.com\\\/es\\\/#\\\/schema\\\/logo\\\/image\\\/\"},\"sameAs\":[\"https:\\\/\\\/www.facebook.com\\\/procartondesignaward\\\/\",\"https:\\\/\\\/x.com\\\/pro_carton\"]}]}<\/script>\n<!-- \/ Yoast SEO plugin. -->","yoast_head_json":{"title":"2018 - Carton Pro","robots":{"index":"index","follow":"follow","max-snippet":"max-snippet:-1","max-image-preview":"max-image-preview:large","max-video-preview":"max-video-preview:-1"},"canonical":"https:\/\/www.procarton.com\/fr\/awards\/pro-carton-young-designers-award\/2018-2\/","og_locale":"fr_FR","og_type":"article","og_title":"2018 - Pro Carton","og_url":"https:\/\/www.procarton.com\/fr\/awards\/pro-carton-young-designers-award\/2018-2\/","og_site_name":"Pro Carton","article_publisher":"https:\/\/www.facebook.com\/procartondesignaward\/","article_modified_time":"2022-03-25T16:20:44+00:00","og_image":[{"width":1656,"height":934,"url":"https:\/\/www.procarton.com\/wp-content\/uploads\/2022\/01\/Pro-Carton-Young-Designers-Award-2018.png","type":"image\/png"}],"twitter_card":"summary_large_image","twitter_site":"@pro_carton","twitter_misc":{"Dur\u00e9e de lecture estim\u00e9e":"3 minutes"},"schema":{"@context":"https:\/\/schema.org","@graph":[{"@type":"WebPage","@id":"https:\/\/www.procarton.com\/es\/awards\/pro-carton-young-designers-award\/2018-2\/","url":"https:\/\/www.procarton.com\/es\/awards\/pro-carton-young-designers-award\/2018-2\/","name":"2018 - Carton Pro","isPartOf":{"@id":"https:\/\/www.procarton.com\/es\/#website"},"primaryImageOfPage":{"@id":"https:\/\/www.procarton.com\/es\/awards\/pro-carton-young-designers-award\/2018-2\/#primaryimage"},"image":{"@id":"https:\/\/www.procarton.com\/es\/awards\/pro-carton-young-designers-award\/2018-2\/#primaryimage"},"thumbnailUrl":"https:\/\/www.procarton.com\/wp-content\/uploads\/2022\/01\/Pro-Carton-Young-Designers-Award-2018.png","datePublished":"2021-02-12T16:28:56+00:00","dateModified":"2022-03-25T16:20:44+00:00","breadcrumb":{"@id":"https:\/\/www.procarton.com\/es\/awards\/pro-carton-young-designers-award\/2018-2\/#breadcrumb"},"inLanguage":"fr-FR","potentialAction":[{"@type":"ReadAction","target":["https:\/\/www.procarton.com\/es\/awards\/pro-carton-young-designers-award\/2018-2\/"]}]},{"@type":"ImageObject","inLanguage":"fr-FR","@id":"https:\/\/www.procarton.com\/es\/awards\/pro-carton-young-designers-award\/2018-2\/#primaryimage","url":"https:\/\/www.procarton.com\/wp-content\/uploads\/2022\/01\/Pro-Carton-Young-Designers-Award-2018.png","contentUrl":"https:\/\/www.procarton.com\/wp-content\/uploads\/2022\/01\/Pro-Carton-Young-Designers-Award-2018.png","width":1656,"height":934},{"@type":"BreadcrumbList","@id":"https:\/\/www.procarton.com\/es\/awards\/pro-carton-young-designers-award\/2018-2\/#breadcrumb","itemListElement":[{"@type":"ListItem","position":1,"name":"Home","item":"https:\/\/www.procarton.com\/"},{"@type":"ListItem","position":2,"name":"Awards","item":"https:\/\/www.procarton.com\/awards\/"},{"@type":"ListItem","position":3,"name":"Pro Carton Young Designers Award","item":"https:\/\/www.procarton.com\/awards\/pro-carton-young-designers-award\/"},{"@type":"ListItem","position":4,"name":"2018"}]},{"@type":"WebSite","@id":"https:\/\/www.procarton.com\/es\/#website","url":"https:\/\/www.procarton.com\/es\/","name":"Pro Carton","description":"","publisher":{"@id":"https:\/\/www.procarton.com\/es\/#organization"},"potentialAction":[{"@type":"SearchAction","target":{"@type":"EntryPoint","urlTemplate":"https:\/\/www.procarton.com\/es\/?s={search_term_string}"},"query-input":{"@type":"PropertyValueSpecification","valueRequired":true,"valueName":"search_term_string"}}],"inLanguage":"fr-FR"},{"@type":"Organization","@id":"https:\/\/www.procarton.com\/es\/#organization","name":"ProCarton","url":"https:\/\/www.procarton.com\/es\/","logo":{"@type":"ImageObject","inLanguage":"fr-FR","@id":"https:\/\/www.procarton.com\/es\/#\/schema\/logo\/image\/","url":"https:\/\/www.procarton.com\/wp-content\/uploads\/2022\/06\/logo-mit-slogan.jpg","contentUrl":"https:\/\/www.procarton.com\/wp-content\/uploads\/2022\/06\/logo-mit-slogan.jpg","width":422,"height":519,"caption":"ProCarton"},"image":{"@id":"https:\/\/www.procarton.com\/es\/#\/schema\/logo\/image\/"},"sameAs":["https:\/\/www.facebook.com\/procartondesignaward\/","https:\/\/x.com\/pro_carton"]}]}},"_links":{"self":[{"href":"https:\/\/www.procarton.com\/fr\/wp-json\/wp\/v2\/pages\/243774","targetHints":{"allow":["GET"]}}],"collection":[{"href":"https:\/\/www.procarton.com\/fr\/wp-json\/wp\/v2\/pages"}],"about":[{"href":"https:\/\/www.procarton.com\/fr\/wp-json\/wp\/v2\/types\/page"}],"author":[{"embeddable":true,"href":"https:\/\/www.procarton.com\/fr\/wp-json\/wp\/v2\/users\/1"}],"replies":[{"embeddable":true,"href":"https:\/\/www.procarton.com\/fr\/wp-json\/wp\/v2\/comments?post=243774"}],"version-history":[{"count":10,"href":"https:\/\/www.procarton.com\/fr\/wp-json\/wp\/v2\/pages\/243774\/revisions"}],"predecessor-version":[{"id":275838,"href":"https:\/\/www.procarton.com\/fr\/wp-json\/wp\/v2\/pages\/243774\/revisions\/275838"}],"up":[{"embeddable":true,"href":"https:\/\/www.procarton.com\/fr\/wp-json\/wp\/v2\/pages\/243708"}],"wp:featuredmedia":[{"embeddable":true,"href":"https:\/\/www.procarton.com\/fr\/wp-json\/wp\/v2\/media\/272782"}],"wp:attachment":[{"href":"https:\/\/www.procarton.com\/fr\/wp-json\/wp\/v2\/media?parent=243774"}],"curies":[{"name":"wp","href":"https:\/\/api.w.org\/{rel}","templated":true}]}}