{"id":243773,"date":"2021-02-12T16:28:56","date_gmt":"2021-02-12T16:28:56","guid":{"rendered":"https:\/\/www.procarton.com\/awards\/pro-carton-young-designers-award\/2019\/"},"modified":"2022-04-10T20:27:24","modified_gmt":"2022-04-10T19:27:24","slug":"2019-2","status":"publish","type":"page","link":"https:\/\/www.procarton.com\/fr\/awards\/pro-carton-young-designers-award\/2019-2\/","title":{"rendered":"2019"},"content":{"rendered":"<div class=\"av-animated-generic top-to-bottom flex_column av_two_third  flex_column_div av-zero-column-padding first  avia-builder-el-0  el_before_av_one_third  avia-builder-el-first\" style='border-radius:0px; '><section class=\"av_textblock_section\"  itemscope=\"itemscope\" itemtype=\"https:\/\/schema.org\/CreativeWork\" ><div class='avia_textblock'   itemprop=\"text\" ><p><strong>Le Pro Carton Young Designers Award est d\u00e9sormais l'un des principaux concours annuels de jeunes talents en Europe dans le domaine du design d'emballage. Il joue \u00e9galement un r\u00f4le de pionnier dans la promotion de la \u00e9co-responsabilit\u00e9 puisqu'il se concentre exclusivement sur le design du carton !<\/strong><\/p>\n<p><!-- \/wp:post-content --><\/p>\n<p><!-- wp:paragraph --><strong><a href=\"https:\/\/www.procarton.com\/awards\/pro-carton-young-designers-award\/2019-2\/winners\/\">Cliquez ici pour conna\u00eetre les gagnants !<\/a><\/strong><\/p>\n<p><!-- \/wp:paragraph --><\/p>\n<p><!-- wp:paragraph --><strong>Les candidatures ont \u00e9t\u00e9 soumises dans quatre cat\u00e9gories :<\/strong><\/p>\n<p><!-- \/wp:paragraph --><\/p>\n<p><!-- wp:list --><\/p>\n<ul>\n<li>Emballages en carton cr\u00e9atifs pour l'alimentation et les boissons : L'accent est mis sur le carton en tant que mat\u00e9riau d'emballage le plus durable pour les aliments et les boissons et sur sa recyclabilit\u00e9. Donnez-nous un avant-go\u00fbt du grand design !<\/li>\n<li>Emballages en carton cr\u00e9atifs - Tous les autres : Cette cat\u00e9gorie se concentre sur l'utilisation du mat\u00e9riau d'emballage le plus durable pour les emballages non alimentaires. Tout a besoin d'un emballage, regardez autour de vous et laissez-vous inspirer !<\/li>\n<li>Id\u00e9es cr\u00e9atives pour le carton : Sortez des sentiers battus ! Voici l'occasion pour vous de proposer vos id\u00e9es de carton en dehors du march\u00e9 de l'emballage.<\/li>\n<li>Sauvez la plan\u00e8te : Chaque minute, un camion rempli de plastique est d\u00e9vers\u00e9 dans l'oc\u00e9an. Vous nous avez montr\u00e9 vos id\u00e9es sur la fa\u00e7on dont le carton peut r\u00e9duire ou remplacer le plastique et nous aider \u00e0 sauver la plan\u00e8te !<\/li>\n<\/ul>\n<p><!-- \/wp:list --><\/p>\n<p><!-- wp:paragraph -->Nous avons modifi\u00e9 la proc\u00e9dure d'inscription afin de faciliter la participation au concours Pro Carton Young Designers Award 2019 et de vous faire gagner du temps et de l'argent ! Veuillez consulter le r\u00e8glement.<\/p>\n<p><!-- \/wp:paragraph --><\/p>\n<p><!-- wp:paragraph --><strong>Ce que vous pourriez gagner :<\/strong><\/p>\n<p><!-- \/wp:paragraph --><\/p>\n<p><!-- wp:list --><\/p>\n<ul>\n<li>Le prix principal pour les 4 gagnants de la cat\u00e9gorie \u00e9tait une visite \u00e0 l'Institut de recherche de l'Union europ\u00e9enne.\u00a0<a href=\"http:\/\/www.storaenso.com\/\"><strong>Stora Enso\u00a0<\/strong><\/a>en Su\u00e8de, plus une formation pratique \u00e0\u00a0<a href=\"http:\/\/www.ar-packaging.com\/\"><strong>Emballage AR<\/strong><\/a>\u00a0en Su\u00e8de. Tous frais pay\u00e9s, bien s\u00fbr !<\/li>\n<li>De plus, tous les laur\u00e9ats, les finalistes et chacun de leurs conf\u00e9renciers ont \u00e9t\u00e9 invit\u00e9s au d\u00eener de gala de remise des Awards au\u00a0<strong>European Carton Makers Association (ECMA) en septembre 2019 \u00e0 Paris.\u00a0<a href=\"https:\/\/www.visitmalta.com\/en\/attractions\">Malte\u00a0<\/a><\/strong>o\u00f9 l'industrie europ\u00e9enne du cartonnage s'est r\u00e9unie pour cet \u00e9v\u00e9nement de r\u00e9seautage de l'ann\u00e9e ! Toutes les d\u00e9penses ont \u00e9t\u00e9 couvertes par Pro Carton : Les frais de voyage, 2 nuits dans un h\u00f4tel de luxe, l'\u00e9l\u00e9gant gala de remise des Awards et m\u00eame un budget pour une sortie nocturne \u00e0 Malte !<\/li>\n<li>Tous les finalistes ont re\u00e7u des certificats encadr\u00e9s.<\/li>\n<\/ul>\n<p><!-- \/wp:list --><\/p>\n<p><!-- wp:paragraph --><strong>Pour vous inspirer, jetez un coup d'\u0153il \u00e0<\/strong><\/p>\n<p><!-- \/wp:paragraph --><\/p>\n<p><!-- wp:list --><\/p>\n<ul>\n<li>le site\u00a0<a href=\"https:\/\/www.procarton.com\/awards\/pro-carton-young-designers-award\/2018-2\/\">gagnants, finalistes et pr\u00e9s\u00e9lectionn\u00e9s<\/a> pour le Pro Carton Young Designers Award 2018.<\/li>\n<li>et consultez le\u00a0<a href=\"https:\/\/www.procarton.com\/awards\/pro-carton-young-designers-award\/2018\/videos\/\">vid\u00e9os<\/a>\u00a0et avoir une impression du Gala des Awards.<\/li>\n<\/ul>\n<p><!-- \/wp:list --><\/p>\n<p><!-- wp:paragraph --><em>Vous pouvez \u00e9galement en savoir plus sur les deux entreprises sponsors qui ont accueilli les laur\u00e9ats 2019 \u00e0 l'adresse suivante\u00a0<a href=\"http:\/\/www.storaenso.com\/\">www.storaenso.com\u00a0<\/a>et\u00a0<a href=\"http:\/\/www.ar-packaging.com\/\">www.ar-packaging.com<\/a><\/em><\/p>\n<p>Suivez-nous sur votre canal de m\u00e9dias sociaux pr\u00e9f\u00e9r\u00e9 et restez \u00e0 jour :<\/p>\n<p><a href=\"https:\/\/www.facebook.com\/procartondesignaward\" target=\"_blank\" rel=\"noopener noreferrer\"><img loading=\"lazy\" decoding=\"async\" class=\"alignnone size-full wp-image-118534\" src=\"https:\/\/www.procarton.com\/wp-content\/uploads\/2016\/04\/fb_button.jpg\" alt=\"fb_button\" width=\"49\" height=\"48\" \/><\/a>\u00a0<a href=\"https:\/\/twitter.com\/Pro_Carton\" target=\"_blank\" rel=\"noopener noreferrer\"><img loading=\"lazy\" decoding=\"async\" class=\"alignnone size-full wp-image-118537\" src=\"https:\/\/www.procarton.com\/wp-content\/uploads\/2016\/04\/twitter_button.jpg\" alt=\"bouton twitter\" width=\"49\" height=\"48\" \/><\/a>\u00a0<a href=\"https:\/\/www.instagram.com\/procartoneurope\/\" target=\"_blank\" rel=\"noopener noreferrer\"><img loading=\"lazy\" decoding=\"async\" class=\"alignnone size-full wp-image-118535\" src=\"https:\/\/www.procarton.com\/wp-content\/uploads\/2016\/04\/inst_button.jpg\" alt=\"inst_button\" width=\"51\" height=\"50\" \/><\/a>\u00a0<a href=\"https:\/\/www.pinterest.com\/procarton\/\" target=\"_blank\" rel=\"noopener noreferrer\"><img loading=\"lazy\" decoding=\"async\" class=\"alignnone size-full wp-image-118536\" src=\"https:\/\/www.procarton.com\/wp-content\/uploads\/2016\/04\/pint_button.jpg\" alt=\"bouton pint_button\" width=\"49\" height=\"49\" \/><\/a>\u00a0<a href=\"https:\/\/www.linkedin.com\/company\/10999058\" target=\"_blank\" rel=\"noopener noreferrer\"><img loading=\"lazy\" decoding=\"async\" class=\"alignnone size-full wp-image-118536\" src=\"https:\/\/www.procarton.com\/wp-content\/uploads\/2017\/01\/linkedin.png\" alt=\"bouton pint_button\" width=\"49\" height=\"49\" \/><\/a><\/p>\n<\/div><\/section><\/div><div class=\"av-animated-generic top-to-bottom flex_column av_one_third  flex_column_div av-zero-column-padding   avia-builder-el-2  el_after_av_two_third  avia-builder-el-last\" style='border-radius:0px; '><div   data-autoplay='1'  data-interval='5'  data-animation='fade'  data-hoverpause='1'  class='avia-testimonial-wrapper avia-grid-testimonials avia-grid-2-testimonials avia_animate_when_almost_visible'><section class ='avia-testimonial-row'><div class='avia-testimonial av_one_half flex_column no_margin avia-testimonial-row-1 avia-first-testimonial' ><div class='avia-testimonial_inner'  itemscope=\"itemscope\" itemtype=\"https:\/\/schema.org\/CreativeWork\" ><div class='avia-testimonial-content'  ><div class='avia-testimonial-markup-entry-content'  itemprop=\"text\" ><p>Le concours Pro Carton Young Designers Award est d\u00e9sormais l'un des principaux concours annuels de jeunes talents en Europe dans le domaine du design d'emballage. Tous les \u00e9tudiants inscrits dans une \u00e9cole de design ou une universit\u00e9 europ\u00e9enne et ayant \u00e0 c\u0153ur le design structurel et de produits sont invit\u00e9s \u00e0 participer. Le prix se concentre exclusivement sur le carton et joue un r\u00f4le de pionnier dans la promotion de la durabilit\u00e9 dans l'industrie de l'emballage.<\/p>\n<\/div><\/div><div class='avia-testimonial-meta'><div class='avia-testimonial-arrow-wrap'><div class='avia-arrow'><\/div><\/div><div class='avia-testimonial-meta-mini'  itemprop=\"author\" itemscope=\"itemscope\" itemtype=\"https:\/\/schema.org\/Person\" ><strong  class='avia-testimonial-name'    itemprop=\"name\" >Satkar Gidda<\/strong><\/div><\/div><\/div><\/div>\n<\/section><\/div><\/div>","protected":false},"excerpt":{"rendered":"","protected":false},"author":1,"featured_media":273960,"parent":243708,"menu_order":7,"comment_status":"closed","ping_status":"closed","template":"templates\/award_details_page.php","meta":{"inline_featured_image":false,"footnotes":""},"class_list":["post-243773","page","type-page","status-publish","has-post-thumbnail","hentry"],"yoast_head":"<!-- This site is optimized with the Yoast SEO plugin v27.3 - https:\/\/yoast.com\/product\/yoast-seo-wordpress\/ -->\n<title>2019 - Pro Carton<\/title>\n<meta name=\"robots\" content=\"index, follow, max-snippet:-1, max-image-preview:large, max-video-preview:-1\" \/>\n<link rel=\"canonical\" href=\"https:\/\/www.procarton.com\/fr\/awards\/pro-carton-young-designers-award\/2019-2\/\" \/>\n<meta property=\"og:locale\" content=\"fr_FR\" \/>\n<meta property=\"og:type\" content=\"article\" \/>\n<meta property=\"og:title\" content=\"2019 - Pro Carton\" \/>\n<meta property=\"og:url\" content=\"https:\/\/www.procarton.com\/fr\/awards\/pro-carton-young-designers-award\/2019-2\/\" \/>\n<meta property=\"og:site_name\" content=\"Pro Carton\" \/>\n<meta property=\"article:publisher\" content=\"https:\/\/www.facebook.com\/procartondesignaward\/\" \/>\n<meta property=\"article:modified_time\" content=\"2022-04-10T19:27:24+00:00\" \/>\n<meta property=\"og:image\" content=\"https:\/\/www.procarton.com\/wp-content\/uploads\/2022\/01\/pydca19.jpg\" \/>\n\t<meta property=\"og:image:width\" content=\"1061\" \/>\n\t<meta property=\"og:image:height\" content=\"378\" \/>\n\t<meta property=\"og:image:type\" content=\"image\/jpeg\" \/>\n<meta name=\"twitter:card\" content=\"summary_large_image\" \/>\n<meta name=\"twitter:site\" content=\"@pro_carton\" \/>\n<meta name=\"twitter:label1\" content=\"Dur\u00e9e de lecture estim\u00e9e\" \/>\n\t<meta name=\"twitter:data1\" content=\"2 minutes\" \/>\n<script type=\"application\/ld+json\" class=\"yoast-schema-graph\">{\"@context\":\"https:\\\/\\\/schema.org\",\"@graph\":[{\"@type\":\"WebPage\",\"@id\":\"https:\\\/\\\/www.procarton.com\\\/es\\\/awards\\\/pro-carton-young-designers-award\\\/2019-2\\\/\",\"url\":\"https:\\\/\\\/www.procarton.com\\\/es\\\/awards\\\/pro-carton-young-designers-award\\\/2019-2\\\/\",\"name\":\"2019 - Pro Carton\",\"isPartOf\":{\"@id\":\"https:\\\/\\\/www.procarton.com\\\/es\\\/#website\"},\"primaryImageOfPage\":{\"@id\":\"https:\\\/\\\/www.procarton.com\\\/es\\\/awards\\\/pro-carton-young-designers-award\\\/2019-2\\\/#primaryimage\"},\"image\":{\"@id\":\"https:\\\/\\\/www.procarton.com\\\/es\\\/awards\\\/pro-carton-young-designers-award\\\/2019-2\\\/#primaryimage\"},\"thumbnailUrl\":\"https:\\\/\\\/www.procarton.com\\\/wp-content\\\/uploads\\\/2022\\\/01\\\/pydca19.jpg\",\"datePublished\":\"2021-02-12T16:28:56+00:00\",\"dateModified\":\"2022-04-10T19:27:24+00:00\",\"breadcrumb\":{\"@id\":\"https:\\\/\\\/www.procarton.com\\\/es\\\/awards\\\/pro-carton-young-designers-award\\\/2019-2\\\/#breadcrumb\"},\"inLanguage\":\"fr-FR\",\"potentialAction\":[{\"@type\":\"ReadAction\",\"target\":[\"https:\\\/\\\/www.procarton.com\\\/es\\\/awards\\\/pro-carton-young-designers-award\\\/2019-2\\\/\"]}]},{\"@type\":\"ImageObject\",\"inLanguage\":\"fr-FR\",\"@id\":\"https:\\\/\\\/www.procarton.com\\\/es\\\/awards\\\/pro-carton-young-designers-award\\\/2019-2\\\/#primaryimage\",\"url\":\"https:\\\/\\\/www.procarton.com\\\/wp-content\\\/uploads\\\/2022\\\/01\\\/pydca19.jpg\",\"contentUrl\":\"https:\\\/\\\/www.procarton.com\\\/wp-content\\\/uploads\\\/2022\\\/01\\\/pydca19.jpg\",\"width\":1061,\"height\":378,\"caption\":\"Pro Carton Young Designers Award 2019\"},{\"@type\":\"BreadcrumbList\",\"@id\":\"https:\\\/\\\/www.procarton.com\\\/es\\\/awards\\\/pro-carton-young-designers-award\\\/2019-2\\\/#breadcrumb\",\"itemListElement\":[{\"@type\":\"ListItem\",\"position\":1,\"name\":\"Home\",\"item\":\"https:\\\/\\\/www.procarton.com\\\/\"},{\"@type\":\"ListItem\",\"position\":2,\"name\":\"Awards\",\"item\":\"https:\\\/\\\/www.procarton.com\\\/awards\\\/\"},{\"@type\":\"ListItem\",\"position\":3,\"name\":\"Pro Carton Young Designers Award\",\"item\":\"https:\\\/\\\/www.procarton.com\\\/awards\\\/pro-carton-young-designers-award\\\/\"},{\"@type\":\"ListItem\",\"position\":4,\"name\":\"2019\"}]},{\"@type\":\"WebSite\",\"@id\":\"https:\\\/\\\/www.procarton.com\\\/es\\\/#website\",\"url\":\"https:\\\/\\\/www.procarton.com\\\/es\\\/\",\"name\":\"Pro Carton\",\"description\":\"\",\"publisher\":{\"@id\":\"https:\\\/\\\/www.procarton.com\\\/es\\\/#organization\"},\"potentialAction\":[{\"@type\":\"SearchAction\",\"target\":{\"@type\":\"EntryPoint\",\"urlTemplate\":\"https:\\\/\\\/www.procarton.com\\\/es\\\/?s={search_term_string}\"},\"query-input\":{\"@type\":\"PropertyValueSpecification\",\"valueRequired\":true,\"valueName\":\"search_term_string\"}}],\"inLanguage\":\"fr-FR\"},{\"@type\":\"Organization\",\"@id\":\"https:\\\/\\\/www.procarton.com\\\/es\\\/#organization\",\"name\":\"ProCarton\",\"url\":\"https:\\\/\\\/www.procarton.com\\\/es\\\/\",\"logo\":{\"@type\":\"ImageObject\",\"inLanguage\":\"fr-FR\",\"@id\":\"https:\\\/\\\/www.procarton.com\\\/es\\\/#\\\/schema\\\/logo\\\/image\\\/\",\"url\":\"https:\\\/\\\/www.procarton.com\\\/wp-content\\\/uploads\\\/2022\\\/06\\\/logo-mit-slogan.jpg\",\"contentUrl\":\"https:\\\/\\\/www.procarton.com\\\/wp-content\\\/uploads\\\/2022\\\/06\\\/logo-mit-slogan.jpg\",\"width\":422,\"height\":519,\"caption\":\"ProCarton\"},\"image\":{\"@id\":\"https:\\\/\\\/www.procarton.com\\\/es\\\/#\\\/schema\\\/logo\\\/image\\\/\"},\"sameAs\":[\"https:\\\/\\\/www.facebook.com\\\/procartondesignaward\\\/\",\"https:\\\/\\\/x.com\\\/pro_carton\"]}]}<\/script>\n<!-- \/ Yoast SEO plugin. -->","yoast_head_json":{"title":"2019 - Carton Pro","robots":{"index":"index","follow":"follow","max-snippet":"max-snippet:-1","max-image-preview":"max-image-preview:large","max-video-preview":"max-video-preview:-1"},"canonical":"https:\/\/www.procarton.com\/fr\/awards\/pro-carton-young-designers-award\/2019-2\/","og_locale":"fr_FR","og_type":"article","og_title":"2019 - Pro Carton","og_url":"https:\/\/www.procarton.com\/fr\/awards\/pro-carton-young-designers-award\/2019-2\/","og_site_name":"Pro Carton","article_publisher":"https:\/\/www.facebook.com\/procartondesignaward\/","article_modified_time":"2022-04-10T19:27:24+00:00","og_image":[{"width":1061,"height":378,"url":"https:\/\/www.procarton.com\/wp-content\/uploads\/2022\/01\/pydca19.jpg","type":"image\/jpeg"}],"twitter_card":"summary_large_image","twitter_site":"@pro_carton","twitter_misc":{"Dur\u00e9e de lecture estim\u00e9e":"2 minutes"},"schema":{"@context":"https:\/\/schema.org","@graph":[{"@type":"WebPage","@id":"https:\/\/www.procarton.com\/es\/awards\/pro-carton-young-designers-award\/2019-2\/","url":"https:\/\/www.procarton.com\/es\/awards\/pro-carton-young-designers-award\/2019-2\/","name":"2019 - Carton Pro","isPartOf":{"@id":"https:\/\/www.procarton.com\/es\/#website"},"primaryImageOfPage":{"@id":"https:\/\/www.procarton.com\/es\/awards\/pro-carton-young-designers-award\/2019-2\/#primaryimage"},"image":{"@id":"https:\/\/www.procarton.com\/es\/awards\/pro-carton-young-designers-award\/2019-2\/#primaryimage"},"thumbnailUrl":"https:\/\/www.procarton.com\/wp-content\/uploads\/2022\/01\/pydca19.jpg","datePublished":"2021-02-12T16:28:56+00:00","dateModified":"2022-04-10T19:27:24+00:00","breadcrumb":{"@id":"https:\/\/www.procarton.com\/es\/awards\/pro-carton-young-designers-award\/2019-2\/#breadcrumb"},"inLanguage":"fr-FR","potentialAction":[{"@type":"ReadAction","target":["https:\/\/www.procarton.com\/es\/awards\/pro-carton-young-designers-award\/2019-2\/"]}]},{"@type":"ImageObject","inLanguage":"fr-FR","@id":"https:\/\/www.procarton.com\/es\/awards\/pro-carton-young-designers-award\/2019-2\/#primaryimage","url":"https:\/\/www.procarton.com\/wp-content\/uploads\/2022\/01\/pydca19.jpg","contentUrl":"https:\/\/www.procarton.com\/wp-content\/uploads\/2022\/01\/pydca19.jpg","width":1061,"height":378,"caption":"Pro Carton Young Designers Award 2019"},{"@type":"BreadcrumbList","@id":"https:\/\/www.procarton.com\/es\/awards\/pro-carton-young-designers-award\/2019-2\/#breadcrumb","itemListElement":[{"@type":"ListItem","position":1,"name":"Home","item":"https:\/\/www.procarton.com\/"},{"@type":"ListItem","position":2,"name":"Awards","item":"https:\/\/www.procarton.com\/awards\/"},{"@type":"ListItem","position":3,"name":"Pro Carton Young Designers Award","item":"https:\/\/www.procarton.com\/awards\/pro-carton-young-designers-award\/"},{"@type":"ListItem","position":4,"name":"2019"}]},{"@type":"WebSite","@id":"https:\/\/www.procarton.com\/es\/#website","url":"https:\/\/www.procarton.com\/es\/","name":"Pro Carton","description":"","publisher":{"@id":"https:\/\/www.procarton.com\/es\/#organization"},"potentialAction":[{"@type":"SearchAction","target":{"@type":"EntryPoint","urlTemplate":"https:\/\/www.procarton.com\/es\/?s={search_term_string}"},"query-input":{"@type":"PropertyValueSpecification","valueRequired":true,"valueName":"search_term_string"}}],"inLanguage":"fr-FR"},{"@type":"Organization","@id":"https:\/\/www.procarton.com\/es\/#organization","name":"ProCarton","url":"https:\/\/www.procarton.com\/es\/","logo":{"@type":"ImageObject","inLanguage":"fr-FR","@id":"https:\/\/www.procarton.com\/es\/#\/schema\/logo\/image\/","url":"https:\/\/www.procarton.com\/wp-content\/uploads\/2022\/06\/logo-mit-slogan.jpg","contentUrl":"https:\/\/www.procarton.com\/wp-content\/uploads\/2022\/06\/logo-mit-slogan.jpg","width":422,"height":519,"caption":"ProCarton"},"image":{"@id":"https:\/\/www.procarton.com\/es\/#\/schema\/logo\/image\/"},"sameAs":["https:\/\/www.facebook.com\/procartondesignaward\/","https:\/\/x.com\/pro_carton"]}]}},"_links":{"self":[{"href":"https:\/\/www.procarton.com\/fr\/wp-json\/wp\/v2\/pages\/243773","targetHints":{"allow":["GET"]}}],"collection":[{"href":"https:\/\/www.procarton.com\/fr\/wp-json\/wp\/v2\/pages"}],"about":[{"href":"https:\/\/www.procarton.com\/fr\/wp-json\/wp\/v2\/types\/page"}],"author":[{"embeddable":true,"href":"https:\/\/www.procarton.com\/fr\/wp-json\/wp\/v2\/users\/1"}],"replies":[{"embeddable":true,"href":"https:\/\/www.procarton.com\/fr\/wp-json\/wp\/v2\/comments?post=243773"}],"version-history":[{"count":13,"href":"https:\/\/www.procarton.com\/fr\/wp-json\/wp\/v2\/pages\/243773\/revisions"}],"predecessor-version":[{"id":276827,"href":"https:\/\/www.procarton.com\/fr\/wp-json\/wp\/v2\/pages\/243773\/revisions\/276827"}],"up":[{"embeddable":true,"href":"https:\/\/www.procarton.com\/fr\/wp-json\/wp\/v2\/pages\/243708"}],"wp:featuredmedia":[{"embeddable":true,"href":"https:\/\/www.procarton.com\/fr\/wp-json\/wp\/v2\/media\/273960"}],"wp:attachment":[{"href":"https:\/\/www.procarton.com\/fr\/wp-json\/wp\/v2\/media?parent=243773"}],"curies":[{"name":"wp","href":"https:\/\/api.w.org\/{rel}","templated":true}]}}