{"id":243770,"date":"2021-02-12T16:28:37","date_gmt":"2021-02-12T16:28:37","guid":{"rendered":"https:\/\/www.procarton.com\/awards\/student-video-award\/2020\/"},"modified":"2023-02-15T13:09:04","modified_gmt":"2023-02-15T13:09:04","slug":"pro-carton-student-video-award-2020","status":"publish","type":"page","link":"https:\/\/www.procarton.com\/fr\/awards\/pro-carton-student-video-award\/pro-carton-student-video-award-2020\/","title":{"rendered":"2020"},"content":{"rendered":"<div class=\"av-animated-generic top-to-bottom flex_column av_one_half  flex_column_div av-zero-column-padding first  avia-builder-el-0  el_before_av_one_half  avia-builder-el-first\" style='border-radius:0px; '><section class=\"av_textblock_section\"  itemscope=\"itemscope\" itemtype=\"https:\/\/schema.org\/CreativeWork\" ><div class='avia_textblock'   itemprop=\"text\" ><p><strong>Le Pro Carton Student Video Award est le nouveau concours europ\u00e9en de narration vid\u00e9o sur les cartonnages et le carton. Merci \u00e0 tous ceux qui ont particip\u00e9.<\/strong><\/p>\n<p>La premi\u00e8re ann\u00e9e du Award a \u00e9t\u00e9 un succ\u00e8s sensationnel, avec des candidatures de 17 universit\u00e9s dans 13 pays. Le jury a \u00e9t\u00e9 tellement impressionn\u00e9 par la vari\u00e9t\u00e9 et la qualit\u00e9 des candidatures qu'il a d\u00e9cid\u00e9 de nommer deux gagnants et de d\u00e9cerner \u00e0 deux autres vid\u00e9os le titre de \"Highly Commended\".<\/p>\n<p>Vous trouverez tous les \"Gagnants\" dans l'onglet ci-dessus !<\/p>\n<p>Les laur\u00e9ats ont \u00e9t\u00e9 annonc\u00e9s lors de la c\u00e9r\u00e9monie de remise des Awards en ligne au cours de l'\u00e9v\u00e9nement.\u00a0<strong><a href=\"https:\/\/www.youtube.com\/watch?v=xFevrQM12I8\" target=\"_blank\" rel=\"noopener\">2020 Carton E-vent &amp; Awards<\/a><\/strong>\u00a0le 7 octobre 2020.<\/p>\n<\/div><\/section><\/div><div class=\"av-animated-generic top-to-bottom flex_column av_one_half  flex_column_div av-zero-column-padding   avia-builder-el-2  el_after_av_one_half  avia-builder-el-last\" style='border-radius:0px; '><div  class='avia-image-container  av-styling-    avia-builder-el-3  avia-builder-el-no-sibling  avia-align-center'  itemprop=\"image\" itemscope=\"itemscope\" itemtype=\"https:\/\/schema.org\/ImageObject\"  ><div class='avia-image-container-inner'><div class='avia-image-overlay-wrap'><a href=\"https:\/\/www.cartoneventawards.com\/\" class='avia_image' target=\"_blank\" rel=\"noopener noreferrer\"><img decoding=\"async\" width=\"845\" height=\"340\" class='wp-image-269802 avia-img-lazy-loading-not-269802 avia_image' src=\"https:\/\/www.procarton.com\/wp-content\/uploads\/2021\/11\/video-2020-gesamt-1-1-845x340.jpg\" alt='' title='video-2020-gesamt-1-1'  itemprop=\"thumbnailUrl\" srcset=\"https:\/\/www.procarton.com\/wp-content\/uploads\/2021\/11\/video-2020-gesamt-1-1-845x340.jpg 845w, https:\/\/www.procarton.com\/wp-content\/uploads\/2021\/11\/video-2020-gesamt-1-1-18x7.jpg 18w\" sizes=\"(max-width: 845px) 100vw, 845px\" \/><\/a><\/div><\/div><\/div><\/div>","protected":false},"excerpt":{"rendered":"","protected":false},"author":1,"featured_media":273702,"parent":243709,"menu_order":6,"comment_status":"closed","ping_status":"closed","template":"templates\/award_details_page.php","meta":{"inline_featured_image":false,"footnotes":""},"class_list":["post-243770","page","type-page","status-publish","has-post-thumbnail","hentry"],"yoast_head":"<!-- This site is optimized with the Yoast SEO plugin v27.3 - https:\/\/yoast.com\/product\/yoast-seo-wordpress\/ -->\n<title>2020 - Pro Carton<\/title>\n<meta name=\"description\" content=\"Pro Carton Student Video Award 2020 Main Page detailing Home, Winners, Videos, Cartons &amp; Cartonboard, Photos, Jury, Rules and News\" \/>\n<meta name=\"robots\" content=\"index, follow, max-snippet:-1, max-image-preview:large, max-video-preview:-1\" \/>\n<link rel=\"canonical\" href=\"https:\/\/www.procarton.com\/fr\/awards\/pro-carton-student-video-award\/pro-carton-student-video-award-2020\/\" \/>\n<meta property=\"og:locale\" content=\"fr_FR\" \/>\n<meta property=\"og:type\" content=\"article\" \/>\n<meta property=\"og:title\" content=\"2020 - Pro Carton\" \/>\n<meta property=\"og:description\" content=\"Pro Carton Student Video Award 2020 Main Page detailing Home, Winners, Videos, Cartons &amp; Cartonboard, Photos, Jury, Rules and News\" \/>\n<meta property=\"og:url\" content=\"https:\/\/www.procarton.com\/fr\/awards\/pro-carton-student-video-award\/pro-carton-student-video-award-2020\/\" \/>\n<meta property=\"og:site_name\" content=\"Pro Carton\" \/>\n<meta property=\"article:publisher\" content=\"https:\/\/www.facebook.com\/procartondesignaward\/\" \/>\n<meta property=\"article:modified_time\" content=\"2023-02-15T13:09:04+00:00\" \/>\n<meta property=\"og:image\" content=\"https:\/\/www.procarton.com\/wp-content\/uploads\/2022\/01\/Pro-Carton-Student-Video-Award-2020_Header-image_Awards-page.png\" \/>\n\t<meta property=\"og:image:width\" content=\"1920\" \/>\n\t<meta property=\"og:image:height\" content=\"1080\" \/>\n\t<meta property=\"og:image:type\" content=\"image\/png\" \/>\n<meta name=\"twitter:card\" content=\"summary_large_image\" \/>\n<meta name=\"twitter:site\" content=\"@pro_carton\" \/>\n<meta name=\"twitter:label1\" content=\"Dur\u00e9e de lecture estim\u00e9e\" \/>\n\t<meta name=\"twitter:data1\" content=\"1 minute\" \/>\n<script type=\"application\/ld+json\" class=\"yoast-schema-graph\">{\"@context\":\"https:\\\/\\\/schema.org\",\"@graph\":[{\"@type\":\"WebPage\",\"@id\":\"https:\\\/\\\/www.procarton.com\\\/awards\\\/pro-carton-student-video-award\\\/pro-carton-student-video-award-2020\\\/\",\"url\":\"https:\\\/\\\/www.procarton.com\\\/awards\\\/pro-carton-student-video-award\\\/pro-carton-student-video-award-2020\\\/\",\"name\":\"2020 - Pro Carton\",\"isPartOf\":{\"@id\":\"https:\\\/\\\/www.procarton.com\\\/es\\\/#website\"},\"primaryImageOfPage\":{\"@id\":\"https:\\\/\\\/www.procarton.com\\\/awards\\\/pro-carton-student-video-award\\\/pro-carton-student-video-award-2020\\\/#primaryimage\"},\"image\":{\"@id\":\"https:\\\/\\\/www.procarton.com\\\/awards\\\/pro-carton-student-video-award\\\/pro-carton-student-video-award-2020\\\/#primaryimage\"},\"thumbnailUrl\":\"https:\\\/\\\/www.procarton.com\\\/wp-content\\\/uploads\\\/2022\\\/01\\\/Pro-Carton-Student-Video-Award-2020_Header-image_Awards-page.png\",\"datePublished\":\"2021-02-12T16:28:37+00:00\",\"dateModified\":\"2023-02-15T13:09:04+00:00\",\"description\":\"Pro Carton Student Video Award 2020 Main Page detailing Home, Winners, Videos, Cartons & Cartonboard, Photos, Jury, Rules and News\",\"breadcrumb\":{\"@id\":\"https:\\\/\\\/www.procarton.com\\\/awards\\\/pro-carton-student-video-award\\\/pro-carton-student-video-award-2020\\\/#breadcrumb\"},\"inLanguage\":\"fr-FR\",\"potentialAction\":[{\"@type\":\"ReadAction\",\"target\":[\"https:\\\/\\\/www.procarton.com\\\/awards\\\/pro-carton-student-video-award\\\/pro-carton-student-video-award-2020\\\/\"]}]},{\"@type\":\"ImageObject\",\"inLanguage\":\"fr-FR\",\"@id\":\"https:\\\/\\\/www.procarton.com\\\/awards\\\/pro-carton-student-video-award\\\/pro-carton-student-video-award-2020\\\/#primaryimage\",\"url\":\"https:\\\/\\\/www.procarton.com\\\/wp-content\\\/uploads\\\/2022\\\/01\\\/Pro-Carton-Student-Video-Award-2020_Header-image_Awards-page.png\",\"contentUrl\":\"https:\\\/\\\/www.procarton.com\\\/wp-content\\\/uploads\\\/2022\\\/01\\\/Pro-Carton-Student-Video-Award-2020_Header-image_Awards-page.png\",\"width\":1920,\"height\":1080},{\"@type\":\"BreadcrumbList\",\"@id\":\"https:\\\/\\\/www.procarton.com\\\/awards\\\/pro-carton-student-video-award\\\/pro-carton-student-video-award-2020\\\/#breadcrumb\",\"itemListElement\":[{\"@type\":\"ListItem\",\"position\":1,\"name\":\"Home\",\"item\":\"https:\\\/\\\/www.procarton.com\\\/\"},{\"@type\":\"ListItem\",\"position\":2,\"name\":\"Awards\",\"item\":\"https:\\\/\\\/www.procarton.com\\\/awards\\\/\"},{\"@type\":\"ListItem\",\"position\":3,\"name\":\"Pro Carton Student Video Award\",\"item\":\"https:\\\/\\\/www.procarton.com\\\/awards\\\/pro-carton-student-video-award\\\/\"},{\"@type\":\"ListItem\",\"position\":4,\"name\":\"2020\"}]},{\"@type\":\"WebSite\",\"@id\":\"https:\\\/\\\/www.procarton.com\\\/es\\\/#website\",\"url\":\"https:\\\/\\\/www.procarton.com\\\/es\\\/\",\"name\":\"Pro Carton\",\"description\":\"\",\"publisher\":{\"@id\":\"https:\\\/\\\/www.procarton.com\\\/es\\\/#organization\"},\"potentialAction\":[{\"@type\":\"SearchAction\",\"target\":{\"@type\":\"EntryPoint\",\"urlTemplate\":\"https:\\\/\\\/www.procarton.com\\\/es\\\/?s={search_term_string}\"},\"query-input\":{\"@type\":\"PropertyValueSpecification\",\"valueRequired\":true,\"valueName\":\"search_term_string\"}}],\"inLanguage\":\"fr-FR\"},{\"@type\":\"Organization\",\"@id\":\"https:\\\/\\\/www.procarton.com\\\/es\\\/#organization\",\"name\":\"ProCarton\",\"url\":\"https:\\\/\\\/www.procarton.com\\\/es\\\/\",\"logo\":{\"@type\":\"ImageObject\",\"inLanguage\":\"fr-FR\",\"@id\":\"https:\\\/\\\/www.procarton.com\\\/es\\\/#\\\/schema\\\/logo\\\/image\\\/\",\"url\":\"https:\\\/\\\/www.procarton.com\\\/wp-content\\\/uploads\\\/2022\\\/06\\\/logo-mit-slogan.jpg\",\"contentUrl\":\"https:\\\/\\\/www.procarton.com\\\/wp-content\\\/uploads\\\/2022\\\/06\\\/logo-mit-slogan.jpg\",\"width\":422,\"height\":519,\"caption\":\"ProCarton\"},\"image\":{\"@id\":\"https:\\\/\\\/www.procarton.com\\\/es\\\/#\\\/schema\\\/logo\\\/image\\\/\"},\"sameAs\":[\"https:\\\/\\\/www.facebook.com\\\/procartondesignaward\\\/\",\"https:\\\/\\\/x.com\\\/pro_carton\"]}]}<\/script>\n<!-- \/ Yoast SEO plugin. -->","yoast_head_json":{"title":"2020 - Carton Pro","description":"Pro Carton Student Video Award 2020 Page principale d\u00e9taillant Accueil, Gagnants, Vid\u00e9os, Cartons et Carton, Photos, Jury, R\u00e8glement et Nouvelles","robots":{"index":"index","follow":"follow","max-snippet":"max-snippet:-1","max-image-preview":"max-image-preview:large","max-video-preview":"max-video-preview:-1"},"canonical":"https:\/\/www.procarton.com\/fr\/awards\/pro-carton-student-video-award\/pro-carton-student-video-award-2020\/","og_locale":"fr_FR","og_type":"article","og_title":"2020 - Pro Carton","og_description":"Pro Carton Student Video Award 2020 Main Page detailing Home, Winners, Videos, Cartons & Cartonboard, Photos, Jury, Rules and News","og_url":"https:\/\/www.procarton.com\/fr\/awards\/pro-carton-student-video-award\/pro-carton-student-video-award-2020\/","og_site_name":"Pro Carton","article_publisher":"https:\/\/www.facebook.com\/procartondesignaward\/","article_modified_time":"2023-02-15T13:09:04+00:00","og_image":[{"width":1920,"height":1080,"url":"https:\/\/www.procarton.com\/wp-content\/uploads\/2022\/01\/Pro-Carton-Student-Video-Award-2020_Header-image_Awards-page.png","type":"image\/png"}],"twitter_card":"summary_large_image","twitter_site":"@pro_carton","twitter_misc":{"Dur\u00e9e de lecture estim\u00e9e":"1 minute"},"schema":{"@context":"https:\/\/schema.org","@graph":[{"@type":"WebPage","@id":"https:\/\/www.procarton.com\/awards\/pro-carton-student-video-award\/pro-carton-student-video-award-2020\/","url":"https:\/\/www.procarton.com\/awards\/pro-carton-student-video-award\/pro-carton-student-video-award-2020\/","name":"2020 - Carton Pro","isPartOf":{"@id":"https:\/\/www.procarton.com\/es\/#website"},"primaryImageOfPage":{"@id":"https:\/\/www.procarton.com\/awards\/pro-carton-student-video-award\/pro-carton-student-video-award-2020\/#primaryimage"},"image":{"@id":"https:\/\/www.procarton.com\/awards\/pro-carton-student-video-award\/pro-carton-student-video-award-2020\/#primaryimage"},"thumbnailUrl":"https:\/\/www.procarton.com\/wp-content\/uploads\/2022\/01\/Pro-Carton-Student-Video-Award-2020_Header-image_Awards-page.png","datePublished":"2021-02-12T16:28:37+00:00","dateModified":"2023-02-15T13:09:04+00:00","description":"Pro Carton Student Video Award 2020 Page principale d\u00e9taillant Accueil, Gagnants, Vid\u00e9os, Cartons et Carton, Photos, Jury, R\u00e8glement et Nouvelles","breadcrumb":{"@id":"https:\/\/www.procarton.com\/awards\/pro-carton-student-video-award\/pro-carton-student-video-award-2020\/#breadcrumb"},"inLanguage":"fr-FR","potentialAction":[{"@type":"ReadAction","target":["https:\/\/www.procarton.com\/awards\/pro-carton-student-video-award\/pro-carton-student-video-award-2020\/"]}]},{"@type":"ImageObject","inLanguage":"fr-FR","@id":"https:\/\/www.procarton.com\/awards\/pro-carton-student-video-award\/pro-carton-student-video-award-2020\/#primaryimage","url":"https:\/\/www.procarton.com\/wp-content\/uploads\/2022\/01\/Pro-Carton-Student-Video-Award-2020_Header-image_Awards-page.png","contentUrl":"https:\/\/www.procarton.com\/wp-content\/uploads\/2022\/01\/Pro-Carton-Student-Video-Award-2020_Header-image_Awards-page.png","width":1920,"height":1080},{"@type":"BreadcrumbList","@id":"https:\/\/www.procarton.com\/awards\/pro-carton-student-video-award\/pro-carton-student-video-award-2020\/#breadcrumb","itemListElement":[{"@type":"ListItem","position":1,"name":"Home","item":"https:\/\/www.procarton.com\/"},{"@type":"ListItem","position":2,"name":"Awards","item":"https:\/\/www.procarton.com\/awards\/"},{"@type":"ListItem","position":3,"name":"Pro Carton Student Video Award","item":"https:\/\/www.procarton.com\/awards\/pro-carton-student-video-award\/"},{"@type":"ListItem","position":4,"name":"2020"}]},{"@type":"WebSite","@id":"https:\/\/www.procarton.com\/es\/#website","url":"https:\/\/www.procarton.com\/es\/","name":"Pro Carton","description":"","publisher":{"@id":"https:\/\/www.procarton.com\/es\/#organization"},"potentialAction":[{"@type":"SearchAction","target":{"@type":"EntryPoint","urlTemplate":"https:\/\/www.procarton.com\/es\/?s={search_term_string}"},"query-input":{"@type":"PropertyValueSpecification","valueRequired":true,"valueName":"search_term_string"}}],"inLanguage":"fr-FR"},{"@type":"Organization","@id":"https:\/\/www.procarton.com\/es\/#organization","name":"ProCarton","url":"https:\/\/www.procarton.com\/es\/","logo":{"@type":"ImageObject","inLanguage":"fr-FR","@id":"https:\/\/www.procarton.com\/es\/#\/schema\/logo\/image\/","url":"https:\/\/www.procarton.com\/wp-content\/uploads\/2022\/06\/logo-mit-slogan.jpg","contentUrl":"https:\/\/www.procarton.com\/wp-content\/uploads\/2022\/06\/logo-mit-slogan.jpg","width":422,"height":519,"caption":"ProCarton"},"image":{"@id":"https:\/\/www.procarton.com\/es\/#\/schema\/logo\/image\/"},"sameAs":["https:\/\/www.facebook.com\/procartondesignaward\/","https:\/\/x.com\/pro_carton"]}]}},"_links":{"self":[{"href":"https:\/\/www.procarton.com\/fr\/wp-json\/wp\/v2\/pages\/243770","targetHints":{"allow":["GET"]}}],"collection":[{"href":"https:\/\/www.procarton.com\/fr\/wp-json\/wp\/v2\/pages"}],"about":[{"href":"https:\/\/www.procarton.com\/fr\/wp-json\/wp\/v2\/types\/page"}],"author":[{"embeddable":true,"href":"https:\/\/www.procarton.com\/fr\/wp-json\/wp\/v2\/users\/1"}],"replies":[{"embeddable":true,"href":"https:\/\/www.procarton.com\/fr\/wp-json\/wp\/v2\/comments?post=243770"}],"version-history":[{"count":17,"href":"https:\/\/www.procarton.com\/fr\/wp-json\/wp\/v2\/pages\/243770\/revisions"}],"predecessor-version":[{"id":284530,"href":"https:\/\/www.procarton.com\/fr\/wp-json\/wp\/v2\/pages\/243770\/revisions\/284530"}],"up":[{"embeddable":true,"href":"https:\/\/www.procarton.com\/fr\/wp-json\/wp\/v2\/pages\/243709"}],"wp:featuredmedia":[{"embeddable":true,"href":"https:\/\/www.procarton.com\/fr\/wp-json\/wp\/v2\/media\/273702"}],"wp:attachment":[{"href":"https:\/\/www.procarton.com\/fr\/wp-json\/wp\/v2\/media?parent=243770"}],"curies":[{"name":"wp","href":"https:\/\/api.w.org\/{rel}","templated":true}]}}