{"id":159,"date":"2021-08-03T11:45:29","date_gmt":"2021-08-03T10:45:29","guid":{"rendered":"https:\/\/www.procarton.com\/?page_id=159"},"modified":"2026-02-19T12:27:43","modified_gmt":"2026-02-19T12:27:43","slug":"awards","status":"publish","type":"page","link":"https:\/\/www.procarton.com\/fr\/awards\/","title":{"rendered":"Concours"},"content":{"rendered":"<div class=\"av-animated-generic top-to-bottom flex_column av_one_full  flex_column_div av-zero-column-padding first  avia-builder-el-0  el_before_av_one_third  avia-builder-el-first\" style='border-radius:0px; '>\n<section class=\"av_textblock_section\"  itemscope=\"itemscope\" itemtype=\"https:\/\/schema.org\/CreativeWork\" >\n<div class='avia_textblock'   itemprop=\"text\" >\n<p>Bienvenue au Awards paneurop\u00e9en de Pro Carton, qui r\u00e9compense et pr\u00e9sente des exemples exceptionnels de cartons et de cartonnages, ainsi que d'excellentes nouvelles solutions d'emballage r\u00e9alis\u00e9es par de jeunes designers et des courts-m\u00e9trages d'\u00e9tudiants vid\u00e9astes.<\/p>\n<p><strong>Click on the button\u00a0 below to view the 2025 winners or the icons below to submit to the competition of your choosing.<\/strong><\/p>\n<\/div>\n<\/section>\n<div  class='avia-button-wrap avia-button-center  avia-builder-el-2  el_after_av_textblock  avia-builder-el-last' ><a href='https:\/\/www.flipsnack.com\/9C7C7C66AED\/main-brochure-2025-v5\/full-view.html'  class='avia-button  avia-color-theme-color   avia-icon_select-no avia-size-small avia-position-center'   ><span class='avia_iconbox_title' >Voir la brochure ici<\/span><\/a><\/div>\n<\/div>\n<div class=\"av-animated-generic top-to-bottom flex_column av_one_third  flex_column_div av-zero-column-padding first  avia-builder-el-3  el_after_av_one_full  el_before_av_one_third  column-top-margin\" style='border-radius:0px; '>\n<div  class='avia-image-container  av-styling-    avia-builder-el-4  el_before_av_image  avia-builder-el-first  avia-align-center'  itemprop=\"image\" itemscope=\"itemscope\" itemtype=\"https:\/\/schema.org\/ImageObject\"  >\n<div class='avia-image-container-inner'>\n<div class='avia-image-overlay-wrap'><a href=\"https:\/\/www.procarton.com\/awards\/european-carton-excellence-award\/2026-3\/enter\/\" class='avia_image' ><img decoding=\"async\" width=\"2150\" height=\"1212\" class='wp-image-301046 avia-img-lazy-loading-not-301046 avia_image' src=\"https:\/\/www.procarton.com\/wp-content\/uploads\/2025\/01\/Storm_Pro-Carton-awards_ECEA-logo-No-Year.png\" alt='' title='Storm_Pro Carton r\u00e9compenses_ logo ECAE Non Ann\u00e9e'  itemprop=\"thumbnailUrl\" srcset=\"https:\/\/www.procarton.com\/wp-content\/uploads\/2025\/01\/Storm_Pro-Carton-awards_ECEA-logo-No-Year.png 2150w, https:\/\/www.procarton.com\/wp-content\/uploads\/2025\/01\/Storm_Pro-Carton-awards_ECEA-logo-No-Year-300x169.png 300w, https:\/\/www.procarton.com\/wp-content\/uploads\/2025\/01\/Storm_Pro-Carton-awards_ECEA-logo-No-Year-1030x581.png 1030w, https:\/\/www.procarton.com\/wp-content\/uploads\/2025\/01\/Storm_Pro-Carton-awards_ECEA-logo-No-Year-768x433.png 768w, https:\/\/www.procarton.com\/wp-content\/uploads\/2025\/01\/Storm_Pro-Carton-awards_ECEA-logo-No-Year-1536x866.png 1536w, https:\/\/www.procarton.com\/wp-content\/uploads\/2025\/01\/Storm_Pro-Carton-awards_ECEA-logo-No-Year-2048x1155.png 2048w, https:\/\/www.procarton.com\/wp-content\/uploads\/2025\/01\/Storm_Pro-Carton-awards_ECEA-logo-No-Year-18x10.png 18w, https:\/\/www.procarton.com\/wp-content\/uploads\/2025\/01\/Storm_Pro-Carton-awards_ECEA-logo-No-Year-1500x846.png 1500w, https:\/\/www.procarton.com\/wp-content\/uploads\/2025\/01\/Storm_Pro-Carton-awards_ECEA-logo-No-Year-705x397.png 705w\" sizes=\"(max-width: 2150px) 100vw, 2150px\" \/><\/a><\/div>\n<\/div>\n<\/div>\n<\/div>\n<div class=\"av-animated-generic top-to-bottom flex_column av_one_third  flex_column_div av-zero-column-padding   avia-builder-el-6  el_after_av_one_third  el_before_av_one_third  column-top-margin\" style='border-radius:0px; '>\n<div  class='avia-image-container  av-styling-    avia-builder-el-7  avia-builder-el-no-sibling  avia-align-center'  itemprop=\"image\" itemscope=\"itemscope\" itemtype=\"https:\/\/schema.org\/ImageObject\"  >\n<div class='avia-image-container-inner'>\n<div class='avia-image-overlay-wrap'><a href=\"https:\/\/www.procarton.com\/awards\/pro-carton-young-designers-award\/2026-3\/enter\/\" class='avia_image' ><img decoding=\"async\" width=\"1659\" height=\"934\" class='wp-image-279597 avia-img-lazy-loading-not-279597 avia_image' src=\"https:\/\/www.procarton.com\/wp-content\/uploads\/2022\/06\/Pro-Carton-Young-Designers-Award-Logo_clean.png\" alt='' title='Pro Carton Jeunes Designers Award Logo_clean'  itemprop=\"thumbnailUrl\" srcset=\"https:\/\/www.procarton.com\/wp-content\/uploads\/2022\/06\/Pro-Carton-Young-Designers-Award-Logo_clean.png 1659w, https:\/\/www.procarton.com\/wp-content\/uploads\/2022\/06\/Pro-Carton-Young-Designers-Award-Logo_clean-300x169.png 300w, https:\/\/www.procarton.com\/wp-content\/uploads\/2022\/06\/Pro-Carton-Young-Designers-Award-Logo_clean-1030x580.png 1030w, https:\/\/www.procarton.com\/wp-content\/uploads\/2022\/06\/Pro-Carton-Young-Designers-Award-Logo_clean-768x432.png 768w, https:\/\/www.procarton.com\/wp-content\/uploads\/2022\/06\/Pro-Carton-Young-Designers-Award-Logo_clean-1536x865.png 1536w, https:\/\/www.procarton.com\/wp-content\/uploads\/2022\/06\/Pro-Carton-Young-Designers-Award-Logo_clean-18x10.png 18w, https:\/\/www.procarton.com\/wp-content\/uploads\/2022\/06\/Pro-Carton-Young-Designers-Award-Logo_clean-1500x844.png 1500w, https:\/\/www.procarton.com\/wp-content\/uploads\/2022\/06\/Pro-Carton-Young-Designers-Award-Logo_clean-705x397.png 705w\" sizes=\"(max-width: 1659px) 100vw, 1659px\" \/><\/a><\/div>\n<\/div>\n<\/div>\n<\/div>\n<div class=\"av-animated-generic top-to-bottom flex_column av_one_third  flex_column_div av-zero-column-padding   avia-builder-el-8  el_after_av_one_third  avia-builder-el-last  column-top-margin\" style='border-radius:0px; '>\n<div  class='avia-image-container  av-styling-    avia-builder-el-9  avia-builder-el-no-sibling  avia-align-center'  itemprop=\"image\" itemscope=\"itemscope\" itemtype=\"https:\/\/schema.org\/ImageObject\"  >\n<div class='avia-image-container-inner'>\n<div class='avia-image-overlay-wrap'><a href=\"https:\/\/www.procarton.com\/awards\/pro-carton-student-video-award\/2026-2\/enter\/\" class='avia_image' ><img decoding=\"async\" width=\"1658\" height=\"934\" class='wp-image-273720 avia-img-lazy-loading-not-273720 avia_image' src=\"https:\/\/www.procarton.com\/wp-content\/uploads\/2022\/01\/Pro-Carton-Student-Video-Award-Logo_clean-1.png\" alt='Pro Carton Student Video Award' title='Pro Carton \u00c9tudiant Vid\u00e9o Award Logo_clean'  itemprop=\"thumbnailUrl\" srcset=\"https:\/\/www.procarton.com\/wp-content\/uploads\/2022\/01\/Pro-Carton-Student-Video-Award-Logo_clean-1.png 1658w, https:\/\/www.procarton.com\/wp-content\/uploads\/2022\/01\/Pro-Carton-Student-Video-Award-Logo_clean-1-300x169.png 300w, https:\/\/www.procarton.com\/wp-content\/uploads\/2022\/01\/Pro-Carton-Student-Video-Award-Logo_clean-1-1030x580.png 1030w, https:\/\/www.procarton.com\/wp-content\/uploads\/2022\/01\/Pro-Carton-Student-Video-Award-Logo_clean-1-768x433.png 768w, https:\/\/www.procarton.com\/wp-content\/uploads\/2022\/01\/Pro-Carton-Student-Video-Award-Logo_clean-1-1536x865.png 1536w, https:\/\/www.procarton.com\/wp-content\/uploads\/2022\/01\/Pro-Carton-Student-Video-Award-Logo_clean-1-18x10.png 18w, https:\/\/www.procarton.com\/wp-content\/uploads\/2022\/01\/Pro-Carton-Student-Video-Award-Logo_clean-1-1500x845.png 1500w, https:\/\/www.procarton.com\/wp-content\/uploads\/2022\/01\/Pro-Carton-Student-Video-Award-Logo_clean-1-705x397.png 705w\" sizes=\"(max-width: 1658px) 100vw, 1658px\" \/><\/a><\/div>\n<\/div>\n<\/div>\n<\/div>","protected":false},"excerpt":{"rendered":"","protected":false},"author":1,"featured_media":306998,"parent":0,"menu_order":41,"comment_status":"closed","ping_status":"closed","template":"templates\/awards.php","meta":{"inline_featured_image":false,"footnotes":""},"class_list":["post-159","page","type-page","status-publish","has-post-thumbnail","hentry"],"yoast_head":"<!-- This site is optimized with the Yoast SEO plugin v27.4 - https:\/\/yoast.com\/product\/yoast-seo-wordpress\/ -->\n<title>Awards - Pro Carton<\/title>\n<meta name=\"robots\" content=\"index, follow, max-snippet:-1, max-image-preview:large, max-video-preview:-1\" \/>\n<link rel=\"canonical\" href=\"https:\/\/www.procarton.com\/fr\/awards\/\" \/>\n<meta property=\"og:locale\" content=\"fr_FR\" \/>\n<meta property=\"og:type\" content=\"article\" \/>\n<meta property=\"og:title\" content=\"Awards - Pro Carton\" \/>\n<meta property=\"og:url\" content=\"https:\/\/www.procarton.com\/fr\/awards\/\" \/>\n<meta property=\"og:site_name\" content=\"Pro Carton\" \/>\n<meta property=\"article:publisher\" content=\"https:\/\/www.facebook.com\/procartondesignaward\/\" \/>\n<meta property=\"article:modified_time\" content=\"2026-02-19T12:27:43+00:00\" \/>\n<meta property=\"og:image\" content=\"https:\/\/www.procarton.com\/wp-content\/uploads\/2025\/09\/H7A2141-775x1030.jpg\" \/>\n\t<meta property=\"og:image:width\" content=\"775\" \/>\n\t<meta property=\"og:image:height\" content=\"1030\" \/>\n\t<meta property=\"og:image:type\" content=\"image\/jpeg\" \/>\n<meta name=\"twitter:card\" content=\"summary_large_image\" \/>\n<meta name=\"twitter:site\" content=\"@pro_carton\" \/>\n<meta name=\"twitter:label1\" content=\"Dur\u00e9e de lecture estim\u00e9e\" \/>\n\t<meta name=\"twitter:data1\" content=\"2 minutes\" \/>\n<script type=\"application\/ld+json\" class=\"yoast-schema-graph\">{\"@context\":\"https:\\\/\\\/schema.org\",\"@graph\":[{\"@type\":\"WebPage\",\"@id\":\"https:\\\/\\\/www.procarton.com\\\/awards\\\/\",\"url\":\"https:\\\/\\\/www.procarton.com\\\/awards\\\/\",\"name\":\"Awards - Pro Carton\",\"isPartOf\":{\"@id\":\"https:\\\/\\\/www.procarton.com\\\/es\\\/#website\"},\"primaryImageOfPage\":{\"@id\":\"https:\\\/\\\/www.procarton.com\\\/awards\\\/#primaryimage\"},\"image\":{\"@id\":\"https:\\\/\\\/www.procarton.com\\\/awards\\\/#primaryimage\"},\"thumbnailUrl\":\"https:\\\/\\\/www.procarton.com\\\/wp-content\\\/uploads\\\/2025\\\/09\\\/H7A2141-scaled.jpg\",\"datePublished\":\"2021-08-03T10:45:29+00:00\",\"dateModified\":\"2026-02-19T12:27:43+00:00\",\"breadcrumb\":{\"@id\":\"https:\\\/\\\/www.procarton.com\\\/awards\\\/#breadcrumb\"},\"inLanguage\":\"fr-FR\",\"potentialAction\":[{\"@type\":\"ReadAction\",\"target\":[\"https:\\\/\\\/www.procarton.com\\\/awards\\\/\"]}]},{\"@type\":\"ImageObject\",\"inLanguage\":\"fr-FR\",\"@id\":\"https:\\\/\\\/www.procarton.com\\\/awards\\\/#primaryimage\",\"url\":\"https:\\\/\\\/www.procarton.com\\\/wp-content\\\/uploads\\\/2025\\\/09\\\/H7A2141-scaled.jpg\",\"contentUrl\":\"https:\\\/\\\/www.procarton.com\\\/wp-content\\\/uploads\\\/2025\\\/09\\\/H7A2141-scaled.jpg\",\"width\":1927,\"height\":2560},{\"@type\":\"BreadcrumbList\",\"@id\":\"https:\\\/\\\/www.procarton.com\\\/awards\\\/#breadcrumb\",\"itemListElement\":[{\"@type\":\"ListItem\",\"position\":1,\"name\":\"Home\",\"item\":\"https:\\\/\\\/www.procarton.com\\\/\"},{\"@type\":\"ListItem\",\"position\":2,\"name\":\"Awards\"}]},{\"@type\":\"WebSite\",\"@id\":\"https:\\\/\\\/www.procarton.com\\\/es\\\/#website\",\"url\":\"https:\\\/\\\/www.procarton.com\\\/es\\\/\",\"name\":\"Pro Carton\",\"description\":\"\",\"publisher\":{\"@id\":\"https:\\\/\\\/www.procarton.com\\\/es\\\/#organization\"},\"potentialAction\":[{\"@type\":\"SearchAction\",\"target\":{\"@type\":\"EntryPoint\",\"urlTemplate\":\"https:\\\/\\\/www.procarton.com\\\/es\\\/?s={search_term_string}\"},\"query-input\":{\"@type\":\"PropertyValueSpecification\",\"valueRequired\":true,\"valueName\":\"search_term_string\"}}],\"inLanguage\":\"fr-FR\"},{\"@type\":\"Organization\",\"@id\":\"https:\\\/\\\/www.procarton.com\\\/es\\\/#organization\",\"name\":\"ProCarton\",\"url\":\"https:\\\/\\\/www.procarton.com\\\/es\\\/\",\"logo\":{\"@type\":\"ImageObject\",\"inLanguage\":\"fr-FR\",\"@id\":\"https:\\\/\\\/www.procarton.com\\\/es\\\/#\\\/schema\\\/logo\\\/image\\\/\",\"url\":\"https:\\\/\\\/www.procarton.com\\\/wp-content\\\/uploads\\\/2022\\\/06\\\/logo-mit-slogan.jpg\",\"contentUrl\":\"https:\\\/\\\/www.procarton.com\\\/wp-content\\\/uploads\\\/2022\\\/06\\\/logo-mit-slogan.jpg\",\"width\":422,\"height\":519,\"caption\":\"ProCarton\"},\"image\":{\"@id\":\"https:\\\/\\\/www.procarton.com\\\/es\\\/#\\\/schema\\\/logo\\\/image\\\/\"},\"sameAs\":[\"https:\\\/\\\/www.facebook.com\\\/procartondesignaward\\\/\",\"https:\\\/\\\/x.com\\\/pro_carton\"]}]}<\/script>\n<!-- \/ Yoast SEO plugin. -->","yoast_head_json":{"title":"Awards - Carton Pro","robots":{"index":"index","follow":"follow","max-snippet":"max-snippet:-1","max-image-preview":"max-image-preview:large","max-video-preview":"max-video-preview:-1"},"canonical":"https:\/\/www.procarton.com\/fr\/awards\/","og_locale":"fr_FR","og_type":"article","og_title":"Awards - Pro Carton","og_url":"https:\/\/www.procarton.com\/fr\/awards\/","og_site_name":"Pro Carton","article_publisher":"https:\/\/www.facebook.com\/procartondesignaward\/","article_modified_time":"2026-02-19T12:27:43+00:00","og_image":[{"width":775,"height":1030,"url":"https:\/\/www.procarton.com\/wp-content\/uploads\/2025\/09\/H7A2141-775x1030.jpg","type":"image\/jpeg"}],"twitter_card":"summary_large_image","twitter_site":"@pro_carton","twitter_misc":{"Dur\u00e9e de lecture estim\u00e9e":"2 minutes"},"schema":{"@context":"https:\/\/schema.org","@graph":[{"@type":"WebPage","@id":"https:\/\/www.procarton.com\/awards\/","url":"https:\/\/www.procarton.com\/awards\/","name":"Awards - Carton Pro","isPartOf":{"@id":"https:\/\/www.procarton.com\/es\/#website"},"primaryImageOfPage":{"@id":"https:\/\/www.procarton.com\/awards\/#primaryimage"},"image":{"@id":"https:\/\/www.procarton.com\/awards\/#primaryimage"},"thumbnailUrl":"https:\/\/www.procarton.com\/wp-content\/uploads\/2025\/09\/H7A2141-scaled.jpg","datePublished":"2021-08-03T10:45:29+00:00","dateModified":"2026-02-19T12:27:43+00:00","breadcrumb":{"@id":"https:\/\/www.procarton.com\/awards\/#breadcrumb"},"inLanguage":"fr-FR","potentialAction":[{"@type":"ReadAction","target":["https:\/\/www.procarton.com\/awards\/"]}]},{"@type":"ImageObject","inLanguage":"fr-FR","@id":"https:\/\/www.procarton.com\/awards\/#primaryimage","url":"https:\/\/www.procarton.com\/wp-content\/uploads\/2025\/09\/H7A2141-scaled.jpg","contentUrl":"https:\/\/www.procarton.com\/wp-content\/uploads\/2025\/09\/H7A2141-scaled.jpg","width":1927,"height":2560},{"@type":"BreadcrumbList","@id":"https:\/\/www.procarton.com\/awards\/#breadcrumb","itemListElement":[{"@type":"ListItem","position":1,"name":"Home","item":"https:\/\/www.procarton.com\/"},{"@type":"ListItem","position":2,"name":"Awards"}]},{"@type":"WebSite","@id":"https:\/\/www.procarton.com\/es\/#website","url":"https:\/\/www.procarton.com\/es\/","name":"Pro Carton","description":"","publisher":{"@id":"https:\/\/www.procarton.com\/es\/#organization"},"potentialAction":[{"@type":"SearchAction","target":{"@type":"EntryPoint","urlTemplate":"https:\/\/www.procarton.com\/es\/?s={search_term_string}"},"query-input":{"@type":"PropertyValueSpecification","valueRequired":true,"valueName":"search_term_string"}}],"inLanguage":"fr-FR"},{"@type":"Organization","@id":"https:\/\/www.procarton.com\/es\/#organization","name":"ProCarton","url":"https:\/\/www.procarton.com\/es\/","logo":{"@type":"ImageObject","inLanguage":"fr-FR","@id":"https:\/\/www.procarton.com\/es\/#\/schema\/logo\/image\/","url":"https:\/\/www.procarton.com\/wp-content\/uploads\/2022\/06\/logo-mit-slogan.jpg","contentUrl":"https:\/\/www.procarton.com\/wp-content\/uploads\/2022\/06\/logo-mit-slogan.jpg","width":422,"height":519,"caption":"ProCarton"},"image":{"@id":"https:\/\/www.procarton.com\/es\/#\/schema\/logo\/image\/"},"sameAs":["https:\/\/www.facebook.com\/procartondesignaward\/","https:\/\/x.com\/pro_carton"]}]}},"_links":{"self":[{"href":"https:\/\/www.procarton.com\/fr\/wp-json\/wp\/v2\/pages\/159","targetHints":{"allow":["GET"]}}],"collection":[{"href":"https:\/\/www.procarton.com\/fr\/wp-json\/wp\/v2\/pages"}],"about":[{"href":"https:\/\/www.procarton.com\/fr\/wp-json\/wp\/v2\/types\/page"}],"author":[{"embeddable":true,"href":"https:\/\/www.procarton.com\/fr\/wp-json\/wp\/v2\/users\/1"}],"replies":[{"embeddable":true,"href":"https:\/\/www.procarton.com\/fr\/wp-json\/wp\/v2\/comments?post=159"}],"version-history":[{"count":212,"href":"https:\/\/www.procarton.com\/fr\/wp-json\/wp\/v2\/pages\/159\/revisions"}],"predecessor-version":[{"id":307874,"href":"https:\/\/www.procarton.com\/fr\/wp-json\/wp\/v2\/pages\/159\/revisions\/307874"}],"wp:featuredmedia":[{"embeddable":true,"href":"https:\/\/www.procarton.com\/fr\/wp-json\/wp\/v2\/media\/306998"}],"wp:attachment":[{"href":"https:\/\/www.procarton.com\/fr\/wp-json\/wp\/v2\/media?parent=159"}],"curies":[{"name":"wp","href":"https:\/\/api.w.org\/{rel}","templated":true}]}}