{"id":48,"date":"2021-07-29T11:54:46","date_gmt":"2021-07-29T10:54:46","guid":{"rendered":"https:\/\/www.procarton.com\/?page_id=48"},"modified":"2023-02-02T08:55:17","modified_gmt":"2023-02-02T08:55:17","slug":"privacy-statement","status":"publish","type":"page","link":"https:\/\/www.procarton.com\/es\/privacy-statement\/","title":{"rendered":"Declaraci\u00f3n de privacidad"},"content":{"rendered":"<div class=\"av-animated-generic top-to-bottom flex_column av_two_third  flex_column_div av-zero-column-padding first  avia-builder-el-0  el_before_av_one_third  avia-builder-el-first\" style='border-radius:0px; '>\n<section class=\"av_textblock_section\"  itemscope=\"itemscope\" itemtype=\"https:\/\/schema.org\/CreativeWork\" >\n<div class='avia_textblock'   itemprop=\"text\" >\n<p>Esta pol\u00edtica de privacidad describe la recopilaci\u00f3n, el uso y el procesamiento de datos personales por parte de Pro Carton, actuando como controlador de datos de esta informaci\u00f3n seg\u00fan lo definido por el Reglamento General de Protecci\u00f3n de Datos de la Uni\u00f3n Europea (el GDPR de la UE).<\/p>\n<p><strong>1.  Sobre Pro Carton y sus derechos de privacidad de datos<\/strong><\/p>\n<p><strong>1.1\u00a0 <\/strong>Pro Carton, la Asociaci\u00f3n Europea de Fabricantes de Envases de Cart\u00f3n y Cartoncillo, es una organizaci\u00f3n sin \u00e1nimo de lucro que representa a m\u00e1s de 40 f\u00e1bricas de cart\u00f3n de 13 pa\u00edses europeos y Norteam\u00e9rica, que suministran m\u00e1s de 90% de la demanda europea, as\u00ed como a la industria de transformaci\u00f3n del cart\u00f3n de toda Europa.  Pro Carton promueve las funcionalidades y ventajas de los envases de cart\u00f3n y cartoncillo como material de envasado renovable, reciclable y competitivo entre los propietarios de marcas, minoristas, dise\u00f1adores, medios de comunicaci\u00f3n y responsables pol\u00edticos de la UE.<\/p>\n<p>La direcci\u00f3n de Pro Carton es:<\/p>\n<p>Pro Carton<br \/>\nc\/o ARCO Association Management AG<br \/>\nApartado de correos 1507<br \/>\nCH-8027 Z\u00farich<br \/>\nSuiza<\/p>\n<p><strong>1.2 Sus derechos de privacidad de datos<\/strong>\u00a0- Pro Carton se compromete a cumplir con los m\u00e1s altos est\u00e1ndares de privacidad de datos y a proteger los datos personales que recoge y procesa.  Para ello, Pro Carton ha desplegado esta pol\u00edtica de privacidad de datos y medidas t\u00e9cnicas organizativas e inform\u00e1ticas para evitar la violaci\u00f3n de los datos y su uso il\u00edcito.<br \/>\nComo responsable del tratamiento de datos, nuestra responsabilidad implica especialmente que le proporcionemos el derecho a consultar, corregir o eliminar cualquiera de sus datos personales.<\/p>\n<p>Si desea consultar, completar, rectificar o eliminar cualquier informaci\u00f3n que tengamos sobre usted o su organizaci\u00f3n, p\u00f3ngase en contacto con nosotros en: mail@procarton.com<\/p>\n<p><strong>2.  Sobre los datos personales que recogemos y el modo en que los utilizamos<\/strong><\/p>\n<p><strong>2.1 Datos personales<\/strong>\u00a0- Como miembro de Pro Carton o de un tercero externo, puede proporcionarnos informaci\u00f3n de datos personales al utilizar nuestro sitio web, interactuar con nosotros en las redes sociales, registrarse para recibir informaci\u00f3n o participar en eventos.<br \/>\nLos datos que recopilamos pueden incluir el nombre de su organizaci\u00f3n, el t\u00edtulo (o el g\u00e9nero), el cargo, el nombre, el apellido, la funci\u00f3n, el n\u00famero de tel\u00e9fono, la direcci\u00f3n postal, el correo electr\u00f3nico, la(s) cuenta(s) de medios sociales y la direcci\u00f3n web.<\/p>\n<p>Algunos de estos datos se consideran datos personales seg\u00fan el RGPD de la UE.  En la mayor\u00eda de los casos, recogemos los datos personales directamente de los interesados, pero a veces podemos obtener datos personales de terceros, como otras asociaciones comerciales u otros contactos del sector.<\/p>\n<p><strong>2.2 Finalidad del uso y del tratamiento<\/strong>\u00a0- la informaci\u00f3n que nos proporcione se utilizar\u00e1 para ponernos en contacto con usted, satisfacer sus solicitudes en l\u00ednea o facilitarle el acceso a contenidos exclusivos para miembros y\/o proporcionarle informaci\u00f3n pertinente y actualizada sobre nuestra organizaci\u00f3n, sus actividades y sus cargos.<\/p>\n<p><strong>2.3 Consentimiento expl\u00edcito, conservaci\u00f3n y derecho de consulta + modificaci\u00f3n<\/strong>\u00a0- se solicitar\u00e1 su consentimiento previo, informado y expl\u00edcito, para el uso y tratamiento de sus datos personales para el registro en las comunicaciones masivas de Pro Carton, como los boletines informativos o la participaci\u00f3n en eventos.<\/p>\n<p>Sus datos personales se conservar\u00e1n durante el tiempo estrictamente necesario para alcanzar los fines para los que fueron recogidos.<\/p>\n<p>Si desea retirar su consentimiento informado previo, consultar, completar, rectificar o eliminar cualquier informaci\u00f3n que tengamos sobre usted o su organizaci\u00f3n, p\u00f3ngase en contacto con nosotros en: mail@procarton.com.<\/p>\n<p><strong>2.4 Intercambio de datos<\/strong>\u00a0- Como organizaci\u00f3n sin \u00e1nimo de lucro, Pro Carton no comparte ni vende ning\u00fan dato personal a terceros con fines comerciales.<\/p>\n<p>Los datos personales pueden ser compartidos con los miembros de Pro Carton por el mismo inter\u00e9s leg\u00edtimo y la misma finalidad con la que Pro Carton los utiliza.<\/p>\n<p>Sus datos personales pueden ser procesados fuera de la Uni\u00f3n Europea.  En tal caso, la transferencia de datos se rige por un acuerdo de procesamiento de datos para proporcionar las garant\u00edas adecuadas seg\u00fan lo definido por el GDPR de la UE.<\/p>\n<p><strong>2.5.  Evaluaci\u00f3n de riesgos<\/strong>\u00a0- El tratamiento de sus datos personales fue autoevaluado como un riesgo limitado para sus derechos fundamentales, teniendo en cuenta que s\u00f3lo se utiliza informaci\u00f3n profesional y que existen medidas adecuadas para evitar la violaci\u00f3n de los datos.<\/p>\n<p><strong>3.  Sobre nuestro sitio web, las redes sociales y nuestras pol\u00edticas de cookies<\/strong><\/p>\n<p><strong>3.1 Cookies\u00a0<\/strong>- Nuestro sitio web o los canales de las redes sociales pueden utilizar t\u00e9cnicas de seguimiento, como las cookies, para recopilar informaci\u00f3n t\u00e9cnica sobre su uso con el fin de mejorar y adaptar su contenido y hacerlo m\u00e1s f\u00e1cil de usar.<\/p>\n<p>Las cookies se almacenan en su ordenador y nos permiten hacer un seguimiento del uso que su ordenador hace del sitio web y, en el caso de los usuarios registrados, gestionar su acceso a contenidos espec\u00edficos.<br \/>\nUtilizamos cookies de rendimiento para proporcionar estad\u00edsticas an\u00f3nimas sobre el uso de nuestro sitio web (an\u00e1lisis web de Google Analytics).<\/p>\n<p>Es posible desactivar o eliminar las cookies dentro de las opciones espec\u00edficas de su navegador, aunque esto puede perjudicar su uso del sitio web.<\/p>\n<p><strong>3.2 Pol\u00edticas de privacidad de las redes sociales<\/strong>\u00a0- Al interactuar con nuestros canales de medios sociales (por ejemplo\u00a0<a href=\"https:\/\/twitter.com\/cepi_paper\">Twitter<\/a>,\u00a0<a href=\"https:\/\/www.facebook.com\/CEPIPaper\/\">Facebook<\/a>,\u00a0<a href=\"https:\/\/www.linkedin.com\/company\/cepi\/\">LinkedIn<\/a>,\u00a0<a href=\"https:\/\/www.instagram.com\/cepi_stagram25\/\">Instagram<\/a>,\u00a0<a href=\"https:\/\/www.youtube.com\/channel\/UC52Y4zM-iRSb22hrUBgvGgQ\">YouTube<\/a>) su consentimiento y el uso de sus datos personales est\u00e1n cubiertos por los t\u00e9rminos y condiciones y las pol\u00edticas de privacidad de cada una de estas plataformas de medios sociales.<\/p>\n<p><strong>3.3.  Sitios web de terceros y redes sociales<\/strong>\u00a0- Nuestro(s) sitio(s) web, canales de medios sociales y herramientas de comunicaci\u00f3n electr\u00f3nica tambi\u00e9n pueden contener enlaces a sitios web o canales de medios sociales de terceros.  Estos enlaces se proporcionan s\u00f3lo para su informaci\u00f3n y conveniencia.  Pro Carton no respalda, aprueba o asume ninguna responsabilidad por los sitios web o canales de medios sociales a los que proporcionamos enlaces.<\/p>\n<p><strong>4.  Actualizaci\u00f3n de pol\u00edticas y notificaciones<\/strong><\/p>\n<p>Pro Carton puede actualizar esta pol\u00edtica en cualquier momento publicando los cambios en l\u00ednea.  Cualquier cambio de este tipo ser\u00e1 notificado a los contactos registrados y a los visitantes del sitio web para que lo lean y lo acepten.<\/p>\n<\/div>\n<\/section>\n<\/div>\n<div class=\"av-animated-generic top-to-bottom flex_column av_one_third  flex_column_div av-zero-column-padding   avia-builder-el-2  el_after_av_two_third  avia-builder-el-last\" style='border-radius:0px; '><\/div>","protected":false},"excerpt":{"rendered":"","protected":false},"author":1,"featured_media":0,"parent":0,"menu_order":27,"comment_status":"closed","ping_status":"closed","template":"","meta":{"inline_featured_image":false,"footnotes":""},"class_list":["post-48","page","type-page","status-publish","hentry"],"yoast_head":"<!-- This site is optimized with the Yoast SEO plugin v27.3 - https:\/\/yoast.com\/product\/yoast-seo-wordpress\/ -->\n<title>Privacy Statement - Pro Carton<\/title>\n<meta name=\"robots\" content=\"index, follow, max-snippet:-1, max-image-preview:large, max-video-preview:-1\" \/>\n<link rel=\"canonical\" href=\"https:\/\/www.procarton.com\/es\/privacy-statement\/\" \/>\n<meta property=\"og:locale\" content=\"es_ES\" \/>\n<meta property=\"og:type\" content=\"article\" \/>\n<meta property=\"og:title\" content=\"Privacy Statement - Pro Carton\" \/>\n<meta property=\"og:url\" content=\"https:\/\/www.procarton.com\/es\/privacy-statement\/\" \/>\n<meta property=\"og:site_name\" content=\"Pro Carton\" \/>\n<meta property=\"article:publisher\" content=\"https:\/\/www.facebook.com\/procartondesignaward\/\" \/>\n<meta property=\"article:modified_time\" content=\"2023-02-02T08:55:17+00:00\" \/>\n<meta name=\"twitter:card\" content=\"summary_large_image\" \/>\n<meta name=\"twitter:site\" content=\"@pro_carton\" \/>\n<meta name=\"twitter:label1\" content=\"Tiempo de lectura\" \/>\n\t<meta name=\"twitter:data1\" content=\"5 minutos\" \/>\n<script type=\"application\/ld+json\" class=\"yoast-schema-graph\">{\"@context\":\"https:\\\/\\\/schema.org\",\"@graph\":[{\"@type\":\"WebPage\",\"@id\":\"https:\\\/\\\/www.procarton.com\\\/privacy-statement\\\/\",\"url\":\"https:\\\/\\\/www.procarton.com\\\/privacy-statement\\\/\",\"name\":\"Privacy Statement - Pro Carton\",\"isPartOf\":{\"@id\":\"https:\\\/\\\/www.procarton.com\\\/es\\\/#website\"},\"datePublished\":\"2021-07-29T10:54:46+00:00\",\"dateModified\":\"2023-02-02T08:55:17+00:00\",\"breadcrumb\":{\"@id\":\"https:\\\/\\\/www.procarton.com\\\/privacy-statement\\\/#breadcrumb\"},\"inLanguage\":\"es\",\"potentialAction\":[{\"@type\":\"ReadAction\",\"target\":[\"https:\\\/\\\/www.procarton.com\\\/privacy-statement\\\/\"]}]},{\"@type\":\"BreadcrumbList\",\"@id\":\"https:\\\/\\\/www.procarton.com\\\/privacy-statement\\\/#breadcrumb\",\"itemListElement\":[{\"@type\":\"ListItem\",\"position\":1,\"name\":\"Home\",\"item\":\"https:\\\/\\\/www.procarton.com\\\/\"},{\"@type\":\"ListItem\",\"position\":2,\"name\":\"Privacy Statement\"}]},{\"@type\":\"WebSite\",\"@id\":\"https:\\\/\\\/www.procarton.com\\\/es\\\/#website\",\"url\":\"https:\\\/\\\/www.procarton.com\\\/es\\\/\",\"name\":\"Pro Carton\",\"description\":\"\",\"publisher\":{\"@id\":\"https:\\\/\\\/www.procarton.com\\\/es\\\/#organization\"},\"potentialAction\":[{\"@type\":\"SearchAction\",\"target\":{\"@type\":\"EntryPoint\",\"urlTemplate\":\"https:\\\/\\\/www.procarton.com\\\/es\\\/?s={search_term_string}\"},\"query-input\":{\"@type\":\"PropertyValueSpecification\",\"valueRequired\":true,\"valueName\":\"search_term_string\"}}],\"inLanguage\":\"es\"},{\"@type\":\"Organization\",\"@id\":\"https:\\\/\\\/www.procarton.com\\\/es\\\/#organization\",\"name\":\"ProCarton\",\"url\":\"https:\\\/\\\/www.procarton.com\\\/es\\\/\",\"logo\":{\"@type\":\"ImageObject\",\"inLanguage\":\"es\",\"@id\":\"https:\\\/\\\/www.procarton.com\\\/es\\\/#\\\/schema\\\/logo\\\/image\\\/\",\"url\":\"https:\\\/\\\/www.procarton.com\\\/wp-content\\\/uploads\\\/2022\\\/06\\\/logo-mit-slogan.jpg\",\"contentUrl\":\"https:\\\/\\\/www.procarton.com\\\/wp-content\\\/uploads\\\/2022\\\/06\\\/logo-mit-slogan.jpg\",\"width\":422,\"height\":519,\"caption\":\"ProCarton\"},\"image\":{\"@id\":\"https:\\\/\\\/www.procarton.com\\\/es\\\/#\\\/schema\\\/logo\\\/image\\\/\"},\"sameAs\":[\"https:\\\/\\\/www.facebook.com\\\/procartondesignaward\\\/\",\"https:\\\/\\\/x.com\\\/pro_carton\"]}]}<\/script>\n<!-- \/ Yoast SEO plugin. -->","yoast_head_json":{"title":"Declaraci\u00f3n de privacidad - Pro Carton","robots":{"index":"index","follow":"follow","max-snippet":"max-snippet:-1","max-image-preview":"max-image-preview:large","max-video-preview":"max-video-preview:-1"},"canonical":"https:\/\/www.procarton.com\/es\/privacy-statement\/","og_locale":"es_ES","og_type":"article","og_title":"Privacy Statement - Pro Carton","og_url":"https:\/\/www.procarton.com\/es\/privacy-statement\/","og_site_name":"Pro Carton","article_publisher":"https:\/\/www.facebook.com\/procartondesignaward\/","article_modified_time":"2023-02-02T08:55:17+00:00","twitter_card":"summary_large_image","twitter_site":"@pro_carton","twitter_misc":{"Tiempo de lectura":"5 minutos"},"schema":{"@context":"https:\/\/schema.org","@graph":[{"@type":"WebPage","@id":"https:\/\/www.procarton.com\/privacy-statement\/","url":"https:\/\/www.procarton.com\/privacy-statement\/","name":"Declaraci\u00f3n de privacidad - Pro Carton","isPartOf":{"@id":"https:\/\/www.procarton.com\/es\/#website"},"datePublished":"2021-07-29T10:54:46+00:00","dateModified":"2023-02-02T08:55:17+00:00","breadcrumb":{"@id":"https:\/\/www.procarton.com\/privacy-statement\/#breadcrumb"},"inLanguage":"es","potentialAction":[{"@type":"ReadAction","target":["https:\/\/www.procarton.com\/privacy-statement\/"]}]},{"@type":"BreadcrumbList","@id":"https:\/\/www.procarton.com\/privacy-statement\/#breadcrumb","itemListElement":[{"@type":"ListItem","position":1,"name":"Home","item":"https:\/\/www.procarton.com\/"},{"@type":"ListItem","position":2,"name":"Privacy Statement"}]},{"@type":"WebSite","@id":"https:\/\/www.procarton.com\/es\/#website","url":"https:\/\/www.procarton.com\/es\/","name":"Pro Carton","description":"","publisher":{"@id":"https:\/\/www.procarton.com\/es\/#organization"},"potentialAction":[{"@type":"SearchAction","target":{"@type":"EntryPoint","urlTemplate":"https:\/\/www.procarton.com\/es\/?s={search_term_string}"},"query-input":{"@type":"PropertyValueSpecification","valueRequired":true,"valueName":"search_term_string"}}],"inLanguage":"es"},{"@type":"Organization","@id":"https:\/\/www.procarton.com\/es\/#organization","name":"ProCarton","url":"https:\/\/www.procarton.com\/es\/","logo":{"@type":"ImageObject","inLanguage":"es","@id":"https:\/\/www.procarton.com\/es\/#\/schema\/logo\/image\/","url":"https:\/\/www.procarton.com\/wp-content\/uploads\/2022\/06\/logo-mit-slogan.jpg","contentUrl":"https:\/\/www.procarton.com\/wp-content\/uploads\/2022\/06\/logo-mit-slogan.jpg","width":422,"height":519,"caption":"ProCarton"},"image":{"@id":"https:\/\/www.procarton.com\/es\/#\/schema\/logo\/image\/"},"sameAs":["https:\/\/www.facebook.com\/procartondesignaward\/","https:\/\/x.com\/pro_carton"]}]}},"_links":{"self":[{"href":"https:\/\/www.procarton.com\/es\/wp-json\/wp\/v2\/pages\/48","targetHints":{"allow":["GET"]}}],"collection":[{"href":"https:\/\/www.procarton.com\/es\/wp-json\/wp\/v2\/pages"}],"about":[{"href":"https:\/\/www.procarton.com\/es\/wp-json\/wp\/v2\/types\/page"}],"author":[{"embeddable":true,"href":"https:\/\/www.procarton.com\/es\/wp-json\/wp\/v2\/users\/1"}],"replies":[{"embeddable":true,"href":"https:\/\/www.procarton.com\/es\/wp-json\/wp\/v2\/comments?post=48"}],"version-history":[{"count":7,"href":"https:\/\/www.procarton.com\/es\/wp-json\/wp\/v2\/pages\/48\/revisions"}],"predecessor-version":[{"id":284274,"href":"https:\/\/www.procarton.com\/es\/wp-json\/wp\/v2\/pages\/48\/revisions\/284274"}],"wp:attachment":[{"href":"https:\/\/www.procarton.com\/es\/wp-json\/wp\/v2\/media?parent=48"}],"curies":[{"name":"wp","href":"https:\/\/api.w.org\/{rel}","templated":true}]}}