{"id":46,"date":"2021-07-29T11:54:33","date_gmt":"2021-07-29T10:54:33","guid":{"rendered":"https:\/\/www.procarton.com\/?page_id=46"},"modified":"2022-03-14T08:23:35","modified_gmt":"2022-03-14T08:23:35","slug":"terms-of-use","status":"publish","type":"page","link":"https:\/\/www.procarton.com\/es\/terms-of-use\/","title":{"rendered":"Condiciones de uso"},"content":{"rendered":"<div class=\"av-animated-generic top-to-bottom flex_column av_one_full  flex_column_div av-zero-column-padding first  avia-builder-el-0  avia-builder-el-no-sibling\" style='border-radius:0px; '>\n<section class=\"av_textblock_section\"  itemscope=\"itemscope\" itemtype=\"https:\/\/schema.org\/CreativeWork\" >\n<div class='avia_textblock'   itemprop=\"text\" >\n<p><strong>Pol\u00edtica de cookies <\/strong><\/p>\n<p>Para que nuestros sitios web funcionen correctamente, a veces colocamos peque\u00f1os archivos de datos llamados cookies en su dispositivo (por ejemplo, su tel\u00e9fono o su ordenador).<\/p>\n<p>Nuestra pol\u00edtica de cookies explica qu\u00e9 son las cookies, c\u00f3mo las utilizamos, sus opciones en relaci\u00f3n con las cookies y m\u00e1s informaci\u00f3n sobre las mismas.<\/p>\n<p>Nuestra pol\u00edtica de cookies no se aplica a las pr\u00e1cticas de privacidad de los sitios web de terceros a los que se pueda acceder a trav\u00e9s de nuestro sitio web, ni somos responsables de ellas.<\/p>\n<h1>1. \u00bfQu\u00e9 son las cookies?<\/h1>\n<p>Una cookie es un peque\u00f1o archivo de texto que un sitio web almacena en su ordenador o dispositivo m\u00f3vil cuando usted lo visita con fines de registro. Por ejemplo, una cookie puede permitir que el sitio web reconozca su navegador, mientras que otra puede almacenar sus preferencias (como el nombre de usuario y el idioma) y permitirle navegar por el sitio web de forma eficaz. Cuando usted vuelve al sitio web despu\u00e9s de iniciar la sesi\u00f3n, las cookies proporcionan informaci\u00f3n al sitio web para que \u00e9ste le recuerde. Las cookies tambi\u00e9n pueden utilizarse para establecer estad\u00edsticas an\u00f3nimas sobre la experiencia de navegaci\u00f3n.<\/p>\n<p><u>Cookies de origen y cookies de terceros<\/u><\/p>\n<p>Las cookies de origen son cookies establecidas por el sitio web que est\u00e1 visitando. S\u00f3lo ese sitio web puede leerlas. Un sitio web puede utilizar potencialmente servicios externos, que tambi\u00e9n establecen sus propias cookies, conocidas como cookies de terceros.<\/p>\n<p><u>Cookies persistentes vs. cookies de sesi\u00f3n<\/u><\/p>\n<p>Las cookies persistentes son cookies que se guardan en su ordenador y que no se eliminan autom\u00e1ticamente al salir del navegador, a diferencia de las cookies de sesi\u00f3n, que se eliminan al salir del navegador.<\/p>\n<h1>2. \u00bfC\u00f3mo utilizamos las cookies?<\/h1>\n<p>Utilizamos cookies para mejorar su experiencia de uso de nuestro sitio web. M\u00e1s concretamente, utilizamos las cookies para identificar a los usuarios, recordar sus preferencias y permitir que los usuarios completen tareas sin tener que volver a introducir la misma informaci\u00f3n al navegar de una p\u00e1gina web a otra o al volver a visitar el sitio web en una fecha posterior.<\/p>\n<p>Tambi\u00e9n utilizamos cookies para recopilar y analizar los datos de uso del sitio web, relacionados con el uso y los patrones de los usuarios con el fin de mejorar nuestro sitio web y mejorar la experiencia del usuario.<\/p>\n<p>Podemos colocar cookies en sitios web asociados para anunciar nuestros servicios y eventos. Estas cookies se utilizan principalmente para mostrar contenidos adaptados a sus intereses y para evaluar nuestros contenidos (incluida la publicidad). Nuestras cookies tambi\u00e9n son utilizadas por sitios web de terceros para ofrecer publicidad relevante. Esta relevancia se basa en un perfil construido a partir de sus visitas anteriores a nuestro sitio web, incluyendo las p\u00e1ginas que ha visitado.<\/p>\n<h1>3. \u00bfQu\u00e9 tipos de cookies utilizamos?<\/h1>\n<p>La mayor\u00eda de los sitios web utilizan diferentes tipos de cookies, como las cookies estrictamente necesarias, las cookies de rendimiento, las cookies de funcionalidad y las cookies de orientaci\u00f3n. Sin embargo, Pro Carton solo utiliza un tipo de cookie, las cookies de funcionalidad.<\/p>\n<p><u>\u00a0<\/u><\/p>\n<p>Las cookies de funcionalidad permiten que el sitio web recuerde las elecciones que usted hace (como su nombre de usuario, el idioma o la regi\u00f3n en la que se encuentra) y ofrezca m\u00e1s funciones personales. Estas cookies tambi\u00e9n pueden utilizarse para controlar y analizar el rendimiento, el funcionamiento y la eficacia del sitio web, de modo que podamos mejorarlo y optimizarlo. Estas cookies no se utilizan para rastrear su navegaci\u00f3n en otros sitios.<\/p>\n<p>Pro Carton utiliza actualmente la siguiente cookie de funcionalidad:<\/p>\n<table>\n<tbody>\n<tr>\n<td width=\"91\"><strong>Nombre de la cookie<\/strong><\/td>\n<td width=\"87\"><strong>Fuente<\/strong><\/td>\n<td width=\"137\"><strong>Prop\u00f3sito<\/strong><\/td>\n<td width=\"299\"><strong>Tipo y duraci\u00f3n<\/strong><\/td>\n<\/tr>\n<tr>\n<td width=\"91\">trp_language<\/td>\n<td width=\"87\">Primera parte<\/td>\n<td width=\"137\">Para mostrar nuestro sitio web en el idioma seleccionado por el visitante.<\/td>\n<td width=\"299\">Cookie persistente (se elimina autom\u00e1ticamente despu\u00e9s de 30 d\u00edas).<\/p>\n<p>Esta cookie no retiene informaci\u00f3n sobre el navegador, el sistema operativo, la IP o cualquier otro ISP (proveedor de servicios de Internet).<\/td>\n<\/tr>\n<\/tbody>\n<\/table>\n<h1>4. Consentimiento para el uso de cookies<\/h1>\n<p>Para la cookie de traducci\u00f3n que utilizamos, solicitamos su consentimiento antes de colocarla en su dispositivo. Puede dar su consentimiento si sigue utilizando nuestro sitio web o si hace clic en el bot\u00f3n correspondiente del banner que se le muestra.<\/p>\n<p>Si no desea dar su consentimiento o desea retirarlo en cualquier momento, deber\u00e1 eliminar y bloquear o desactivar las cookies a trav\u00e9s de la configuraci\u00f3n de su navegador. Si desactiva la cookie de traducci\u00f3n o si vuelve al sitio web despu\u00e9s de 30 d\u00edas o m\u00e1s, nuestro sitio web se mostrar\u00e1 en ingl\u00e9s, el idioma por defecto del contenido del sitio web.<\/p>\n<h1>5. Cambios en la pol\u00edtica de cookies<\/h1>\n<p>Podemos actualizar esta pol\u00edtica de cookies en cualquier momento, por lo que le recomendamos que la revise de vez en cuando para mantenerse informado sobre el uso que hacemos de las cookies.<\/p>\n<p>Esta pol\u00edtica de cookies fue actualizada por \u00faltima vez en febrero de 2022.<\/p>\n<\/div>\n<\/section>\n<\/div>","protected":false},"excerpt":{"rendered":"","protected":false},"author":1,"featured_media":0,"parent":0,"menu_order":25,"comment_status":"closed","ping_status":"closed","template":"","meta":{"inline_featured_image":false,"footnotes":""},"class_list":["post-46","page","type-page","status-publish","hentry"],"yoast_head":"<!-- This site is optimized with the Yoast SEO plugin v27.3 - https:\/\/yoast.com\/product\/yoast-seo-wordpress\/ -->\n<title>Terms of Use - Pro Carton<\/title>\n<meta name=\"robots\" content=\"index, follow, max-snippet:-1, max-image-preview:large, max-video-preview:-1\" \/>\n<link rel=\"canonical\" href=\"https:\/\/www.procarton.com\/es\/terms-of-use\/\" \/>\n<meta property=\"og:locale\" content=\"es_ES\" \/>\n<meta property=\"og:type\" content=\"article\" \/>\n<meta property=\"og:title\" content=\"Terms of Use - Pro Carton\" \/>\n<meta property=\"og:url\" content=\"https:\/\/www.procarton.com\/es\/terms-of-use\/\" \/>\n<meta property=\"og:site_name\" content=\"Pro Carton\" \/>\n<meta property=\"article:publisher\" content=\"https:\/\/www.facebook.com\/procartondesignaward\/\" \/>\n<meta property=\"article:modified_time\" content=\"2022-03-14T08:23:35+00:00\" \/>\n<meta name=\"twitter:card\" content=\"summary_large_image\" \/>\n<meta name=\"twitter:site\" content=\"@pro_carton\" \/>\n<meta name=\"twitter:label1\" content=\"Tiempo de lectura\" \/>\n\t<meta name=\"twitter:data1\" content=\"4 minutos\" \/>\n<script type=\"application\/ld+json\" class=\"yoast-schema-graph\">{\"@context\":\"https:\\\/\\\/schema.org\",\"@graph\":[{\"@type\":\"WebPage\",\"@id\":\"https:\\\/\\\/www.procarton.com\\\/es\\\/terms-of-use\\\/\",\"url\":\"https:\\\/\\\/www.procarton.com\\\/es\\\/terms-of-use\\\/\",\"name\":\"Terms of Use - Pro Carton\",\"isPartOf\":{\"@id\":\"https:\\\/\\\/www.procarton.com\\\/es\\\/#website\"},\"datePublished\":\"2021-07-29T10:54:33+00:00\",\"dateModified\":\"2022-03-14T08:23:35+00:00\",\"breadcrumb\":{\"@id\":\"https:\\\/\\\/www.procarton.com\\\/es\\\/terms-of-use\\\/#breadcrumb\"},\"inLanguage\":\"es\",\"potentialAction\":[{\"@type\":\"ReadAction\",\"target\":[\"https:\\\/\\\/www.procarton.com\\\/es\\\/terms-of-use\\\/\"]}]},{\"@type\":\"BreadcrumbList\",\"@id\":\"https:\\\/\\\/www.procarton.com\\\/es\\\/terms-of-use\\\/#breadcrumb\",\"itemListElement\":[{\"@type\":\"ListItem\",\"position\":1,\"name\":\"Home\",\"item\":\"https:\\\/\\\/www.procarton.com\\\/\"},{\"@type\":\"ListItem\",\"position\":2,\"name\":\"Terms of Use\"}]},{\"@type\":\"WebSite\",\"@id\":\"https:\\\/\\\/www.procarton.com\\\/es\\\/#website\",\"url\":\"https:\\\/\\\/www.procarton.com\\\/es\\\/\",\"name\":\"Pro Carton\",\"description\":\"\",\"publisher\":{\"@id\":\"https:\\\/\\\/www.procarton.com\\\/es\\\/#organization\"},\"potentialAction\":[{\"@type\":\"SearchAction\",\"target\":{\"@type\":\"EntryPoint\",\"urlTemplate\":\"https:\\\/\\\/www.procarton.com\\\/es\\\/?s={search_term_string}\"},\"query-input\":{\"@type\":\"PropertyValueSpecification\",\"valueRequired\":true,\"valueName\":\"search_term_string\"}}],\"inLanguage\":\"es\"},{\"@type\":\"Organization\",\"@id\":\"https:\\\/\\\/www.procarton.com\\\/es\\\/#organization\",\"name\":\"ProCarton\",\"url\":\"https:\\\/\\\/www.procarton.com\\\/es\\\/\",\"logo\":{\"@type\":\"ImageObject\",\"inLanguage\":\"es\",\"@id\":\"https:\\\/\\\/www.procarton.com\\\/es\\\/#\\\/schema\\\/logo\\\/image\\\/\",\"url\":\"https:\\\/\\\/www.procarton.com\\\/wp-content\\\/uploads\\\/2022\\\/06\\\/logo-mit-slogan.jpg\",\"contentUrl\":\"https:\\\/\\\/www.procarton.com\\\/wp-content\\\/uploads\\\/2022\\\/06\\\/logo-mit-slogan.jpg\",\"width\":422,\"height\":519,\"caption\":\"ProCarton\"},\"image\":{\"@id\":\"https:\\\/\\\/www.procarton.com\\\/es\\\/#\\\/schema\\\/logo\\\/image\\\/\"},\"sameAs\":[\"https:\\\/\\\/www.facebook.com\\\/procartondesignaward\\\/\",\"https:\\\/\\\/x.com\\\/pro_carton\"]}]}<\/script>\n<!-- \/ Yoast SEO plugin. -->","yoast_head_json":{"title":"Condiciones de uso - Pro Carton","robots":{"index":"index","follow":"follow","max-snippet":"max-snippet:-1","max-image-preview":"max-image-preview:large","max-video-preview":"max-video-preview:-1"},"canonical":"https:\/\/www.procarton.com\/es\/terms-of-use\/","og_locale":"es_ES","og_type":"article","og_title":"Terms of Use - Pro Carton","og_url":"https:\/\/www.procarton.com\/es\/terms-of-use\/","og_site_name":"Pro Carton","article_publisher":"https:\/\/www.facebook.com\/procartondesignaward\/","article_modified_time":"2022-03-14T08:23:35+00:00","twitter_card":"summary_large_image","twitter_site":"@pro_carton","twitter_misc":{"Tiempo de lectura":"4 minutos"},"schema":{"@context":"https:\/\/schema.org","@graph":[{"@type":"WebPage","@id":"https:\/\/www.procarton.com\/es\/terms-of-use\/","url":"https:\/\/www.procarton.com\/es\/terms-of-use\/","name":"Condiciones de uso - Pro Carton","isPartOf":{"@id":"https:\/\/www.procarton.com\/es\/#website"},"datePublished":"2021-07-29T10:54:33+00:00","dateModified":"2022-03-14T08:23:35+00:00","breadcrumb":{"@id":"https:\/\/www.procarton.com\/es\/terms-of-use\/#breadcrumb"},"inLanguage":"es","potentialAction":[{"@type":"ReadAction","target":["https:\/\/www.procarton.com\/es\/terms-of-use\/"]}]},{"@type":"BreadcrumbList","@id":"https:\/\/www.procarton.com\/es\/terms-of-use\/#breadcrumb","itemListElement":[{"@type":"ListItem","position":1,"name":"Home","item":"https:\/\/www.procarton.com\/"},{"@type":"ListItem","position":2,"name":"Terms of Use"}]},{"@type":"WebSite","@id":"https:\/\/www.procarton.com\/es\/#website","url":"https:\/\/www.procarton.com\/es\/","name":"Pro Carton","description":"","publisher":{"@id":"https:\/\/www.procarton.com\/es\/#organization"},"potentialAction":[{"@type":"SearchAction","target":{"@type":"EntryPoint","urlTemplate":"https:\/\/www.procarton.com\/es\/?s={search_term_string}"},"query-input":{"@type":"PropertyValueSpecification","valueRequired":true,"valueName":"search_term_string"}}],"inLanguage":"es"},{"@type":"Organization","@id":"https:\/\/www.procarton.com\/es\/#organization","name":"ProCarton","url":"https:\/\/www.procarton.com\/es\/","logo":{"@type":"ImageObject","inLanguage":"es","@id":"https:\/\/www.procarton.com\/es\/#\/schema\/logo\/image\/","url":"https:\/\/www.procarton.com\/wp-content\/uploads\/2022\/06\/logo-mit-slogan.jpg","contentUrl":"https:\/\/www.procarton.com\/wp-content\/uploads\/2022\/06\/logo-mit-slogan.jpg","width":422,"height":519,"caption":"ProCarton"},"image":{"@id":"https:\/\/www.procarton.com\/es\/#\/schema\/logo\/image\/"},"sameAs":["https:\/\/www.facebook.com\/procartondesignaward\/","https:\/\/x.com\/pro_carton"]}]}},"_links":{"self":[{"href":"https:\/\/www.procarton.com\/es\/wp-json\/wp\/v2\/pages\/46","targetHints":{"allow":["GET"]}}],"collection":[{"href":"https:\/\/www.procarton.com\/es\/wp-json\/wp\/v2\/pages"}],"about":[{"href":"https:\/\/www.procarton.com\/es\/wp-json\/wp\/v2\/types\/page"}],"author":[{"embeddable":true,"href":"https:\/\/www.procarton.com\/es\/wp-json\/wp\/v2\/users\/1"}],"replies":[{"embeddable":true,"href":"https:\/\/www.procarton.com\/es\/wp-json\/wp\/v2\/comments?post=46"}],"version-history":[{"count":4,"href":"https:\/\/www.procarton.com\/es\/wp-json\/wp\/v2\/pages\/46\/revisions"}],"predecessor-version":[{"id":275424,"href":"https:\/\/www.procarton.com\/es\/wp-json\/wp\/v2\/pages\/46\/revisions\/275424"}],"wp:attachment":[{"href":"https:\/\/www.procarton.com\/es\/wp-json\/wp\/v2\/media?parent=46"}],"curies":[{"name":"wp","href":"https:\/\/api.w.org\/{rel}","templated":true}]}}