{"id":307591,"date":"2026-01-30T17:08:46","date_gmt":"2026-01-30T17:08:46","guid":{"rendered":"https:\/\/www.procarton.com\/?page_id=307591"},"modified":"2026-03-12T13:59:34","modified_gmt":"2026-03-12T13:59:34","slug":"main-sponsor-2026","status":"publish","type":"page","link":"https:\/\/www.procarton.com\/es\/awards\/european-carton-excellence-award\/2026-3\/main-sponsor-2026\/","title":{"rendered":"Main Sponsor 2026"},"content":{"rendered":"<div  style='height:50px' class='hr hr-invisible   avia-builder-el-0  el_before_av_three_fourth  avia-builder-el-first'><span class='hr-inner' ><span class='hr-inner-style'><\/span><\/span><\/div>\n<div class=\"av-animated-generic top-to-bottom flex_column av_three_fourth  flex_column_div av-zero-column-padding first  avia-builder-el-1  el_after_av_hr  el_before_av_three_fourth\" style='border-radius:0px; '>\n<section class=\"av_textblock_section\"  itemscope=\"itemscope\" itemtype=\"https:\/\/schema.org\/CreativeWork\" >\n<div class='avia_textblock'   itemprop=\"text\" >\n<h3>ECMA and Pro Carton are delighted to introduce the main sponsor of the 2026 European Carton Excellence Award<\/h3>\n<\/div>\n<\/section>\n<\/div>\n<div class=\"av-animated-generic top-to-bottom flex_column av_three_fourth  flex_column_div av-zero-column-padding first  avia-builder-el-3  el_after_av_three_fourth  el_before_av_one_fourth  column-top-margin\" style='border-radius:0px; '>\n<section class=\"av_textblock_section\"  itemscope=\"itemscope\" itemtype=\"https:\/\/schema.org\/CreativeWork\" >\n<div class='avia_textblock'   itemprop=\"text\" >\n<p><b>About HEIDELBERG:<\/b><\/p>\n<p>Heidelberger Druckmaschinen AG (HEIDELBERG) es una empresa tecnol\u00f3gica l\u00edder que lleva 175 a\u00f1os siendo sin\u00f3nimo de innovaci\u00f3n, calidad y fiabilidad en ingenier\u00eda mec\u00e1nica en todo el mundo. Con un claro enfoque en el crecimiento y como proveedor de soluciones totales, HEIDELBERG est\u00e1 impulsando un mayor desarrollo en las \u00e1reas principales de envasado e impresi\u00f3n digital, soluciones de software y negocio de ciclo de vida con servicio y consumibles para que los clientes puedan lograr la m\u00e1xima productividad y eficiencia.<\/p>\n<p style=\"text-align: left;\">La empresa tambi\u00e9n se est\u00e1 centrando en la expansi\u00f3n hacia nuevas \u00e1reas de negocio, como la ingenier\u00eda de plantas de alta precisi\u00f3n con sistemas de control integrados, la tecnolog\u00eda de automatizaci\u00f3n, la rob\u00f3tica y el creciente sector de las tecnolog\u00edas verdes. Con su fuerte presencia internacional en unos 170 pa\u00edses, la capacidad creativa y la experiencia de sus aproximadamente 9.500 empleados, sus propias instalaciones de producci\u00f3n en Europa, China y EE.UU., y una de las mayores redes mundiales de ventas y servicios, la empresa se encuentra en una posici\u00f3n ideal para el crecimiento futuro.<\/p>\n<p style=\"text-align: left;\">Para m\u00e1s informaci\u00f3n, visite <a href=\"http:\/\/www.heidelberg.com\">www.heidelberg.com<\/a><\/p>\n<\/div>\n<\/section>\n<\/div>\n<div class=\"av-animated-generic top-to-bottom flex_column av_one_fourth  flex_column_div av-zero-column-padding   avia-builder-el-5  el_after_av_three_fourth  el_before_av_video  column-top-margin\" style='border-radius:0px; '>\n<div  class='avia-image-container  av-styling-    avia-builder-el-6  avia-builder-el-no-sibling  avia-align-center'  itemprop=\"image\" itemscope=\"itemscope\" itemtype=\"https:\/\/schema.org\/ImageObject\"  >\n<div class='avia-image-container-inner'>\n<div class='avia-image-overlay-wrap'><img decoding=\"async\" width=\"230\" height=\"130\" class='wp-image-271395 avia-img-lazy-loading-not-271395 avia_image' src=\"https:\/\/www.procarton.com\/wp-content\/uploads\/2021\/12\/heidelberg.jpg\" alt='' title='heidelberg'  itemprop=\"thumbnailUrl\" srcset=\"https:\/\/www.procarton.com\/wp-content\/uploads\/2021\/12\/heidelberg.jpg 230w, https:\/\/www.procarton.com\/wp-content\/uploads\/2021\/12\/heidelberg-18x10.jpg 18w\" sizes=\"(max-width: 230px) 100vw, 230px\" \/><\/div>\n<\/div>\n<\/div>\n<\/div>\n<div  class='avia-video avia-video-16-9   av-lazyload-immediate  av-lazyload-video-embed'   itemprop=\"video\" itemtype=\"https:\/\/schema.org\/VideoObject\"  data-original_url='https:\/\/www.youtube.com\/watch?v=DZUIlsJrCF4&amp;t=5s' ><script type='text\/html' class='av-video-tmpl'><\/p>\n<div class='avia-iframe-wrap'><iframe loading=\"lazy\" title=\"Celebrating 175 years of Heidelberger Druckmaschinen\" width=\"1500\" height=\"844\" src=\"https:\/\/www.youtube.com\/embed\/DZUIlsJrCF4?start=5&feature=oembed&autoplay=0&loop=0&controls=1&mute=0\" frameborder=\"0\" allow=\"accelerometer; autoplay; clipboard-write; encrypted-media; gyroscope; picture-in-picture; web-share\" referrerpolicy=\"strict-origin-when-cross-origin\" allowfullscreen><\/iframe><\/div>\n<p><\/script><\/p>\n<div class='av-click-to-play-overlay'>\n<div class=\"avia_playpause_icon\"><\/div>\n<\/div>\n<\/div>\n<div  style='height:50px' class='hr hr-invisible   avia-builder-el-8  el_after_av_video  el_before_av_three_fourth'><span class='hr-inner' ><span class='hr-inner-style'><\/span><\/span><\/div>\n<div class=\"av-animated-generic top-to-bottom flex_column av_three_fourth  flex_column_div av-zero-column-padding first  avia-builder-el-9  el_after_av_hr  el_before_av_one_fourth\" style='border-radius:0px; '>\n<section class=\"av_textblock_section\"  itemscope=\"itemscope\" itemtype=\"https:\/\/schema.org\/CreativeWork\" >\n<div class='avia_textblock'   itemprop=\"text\" >\n<p><b>About BOBST:<\/b><\/p>\n<p><span style=\"font-weight: 400;\">We are one of the world\u2019s leading suppliers of substrate processing, printing and converting equipment and services for the label, flexible packaging, folding carton and corrugated board industries. Our vision is to shape the future of the packaging world based on four pillars: connectivity, digitalization, automation and sustainability.<\/span><\/p>\n<p><span style=\"font-weight: 400;\">Founded in 1890 by Joseph Bobst in Lausanne, Switzerland, BOBST has a presence in more than 50 countries, runs 20 production facilities in 12 countries and employs more than 6 300 people around the world. The firm recorded a consolidated turnover of CHF 1.622 billion for the year ended 31 December 2025.<\/span><\/p>\n<p>Para m\u00e1s informaci\u00f3n, visite <a href=\"https:\/\/www.bobst.com\/chen\/\">www.bobst.com<\/a><\/p>\n<\/div>\n<\/section>\n<\/div>\n<div class=\"av-animated-generic top-to-bottom flex_column av_one_fourth  flex_column_div av-zero-column-padding   avia-builder-el-11  el_after_av_three_fourth  el_before_av_video\" style='border-radius:0px; '>\n<div  class='avia-image-container  av-styling-    avia-builder-el-12  avia-builder-el-no-sibling  avia-align-center'  itemprop=\"image\" itemscope=\"itemscope\" itemtype=\"https:\/\/schema.org\/ImageObject\"  >\n<div class='avia-image-container-inner'>\n<div class='avia-image-overlay-wrap'><img decoding=\"async\" width=\"214\" height=\"120\" class='wp-image-271399 avia-img-lazy-loading-not-271399 avia_image' src=\"https:\/\/www.procarton.com\/wp-content\/uploads\/2021\/12\/bobst.jpg\" alt='' title='bobst'  itemprop=\"thumbnailUrl\" srcset=\"https:\/\/www.procarton.com\/wp-content\/uploads\/2021\/12\/bobst.jpg 214w, https:\/\/www.procarton.com\/wp-content\/uploads\/2021\/12\/bobst-18x10.jpg 18w\" sizes=\"(max-width: 214px) 100vw, 214px\" \/><\/div>\n<\/div>\n<\/div>\n<\/div>\n<div  class='avia-video avia-video-16-9   av-lazyload-immediate  av-lazyload-video-embed'   itemprop=\"video\" itemtype=\"https:\/\/schema.org\/VideoObject\"  data-original_url='https:\/\/www.youtube.com\/watch?v=YCXh4FWugJs' ><script type='text\/html' class='av-video-tmpl'><\/p>\n<div class='avia-iframe-wrap'><iframe loading=\"lazy\" title=\"BOBST Corporate Video - Shaping the future of the packaging world\" width=\"1500\" height=\"844\" src=\"https:\/\/www.youtube.com\/embed\/YCXh4FWugJs?feature=oembed&autoplay=0&loop=0&controls=1&mute=0\" frameborder=\"0\" allow=\"accelerometer; autoplay; clipboard-write; encrypted-media; gyroscope; picture-in-picture; web-share\" referrerpolicy=\"strict-origin-when-cross-origin\" allowfullscreen><\/iframe><\/div>\n<p><\/script><\/p>\n<div class='av-click-to-play-overlay'>\n<div class=\"avia_playpause_icon\"><\/div>\n<\/div>\n<\/div>","protected":false},"excerpt":{"rendered":"<p>Detalles de los jueces del European Carton Excellence Award 2024 que eligen el envase de cart\u00f3n del a\u00f1o y las candidaturas finalistas para la votaci\u00f3n del p\u00fablico<\/p>","protected":false},"author":5916,"featured_media":306998,"parent":307525,"menu_order":3,"comment_status":"closed","ping_status":"closed","template":"templates\/award_details_page.php","meta":{"inline_featured_image":false,"footnotes":""},"class_list":["post-307591","page","type-page","status-publish","has-post-thumbnail","hentry"],"yoast_head":"<!-- This site is optimized with the Yoast SEO plugin v27.3 - https:\/\/yoast.com\/product\/yoast-seo-wordpress\/ -->\n<title>Main Sponsor 2026 - Pro Carton<\/title>\n<meta name=\"description\" content=\"Details of the European Carton Excellence Award 2024 Judges who choose the Carton of the Year and Shortlist Entries for the Public Vote\" \/>\n<meta name=\"robots\" content=\"index, follow, max-snippet:-1, max-image-preview:large, max-video-preview:-1\" \/>\n<link rel=\"canonical\" href=\"https:\/\/www.procarton.com\/es\/awards\/european-carton-excellence-award\/2026-3\/main-sponsor-2026\/\" \/>\n<meta property=\"og:locale\" content=\"es_ES\" \/>\n<meta property=\"og:type\" content=\"article\" \/>\n<meta property=\"og:title\" content=\"Main Sponsor 2026 - Pro Carton\" \/>\n<meta property=\"og:description\" content=\"Details of the European Carton Excellence Award 2024 Judges who choose the Carton of the Year and Shortlist Entries for the Public Vote\" \/>\n<meta property=\"og:url\" content=\"https:\/\/www.procarton.com\/es\/awards\/european-carton-excellence-award\/2026-3\/main-sponsor-2026\/\" \/>\n<meta property=\"og:site_name\" content=\"Pro Carton\" \/>\n<meta property=\"article:publisher\" content=\"https:\/\/www.facebook.com\/procartondesignaward\/\" \/>\n<meta property=\"article:modified_time\" content=\"2026-03-12T13:59:34+00:00\" \/>\n<meta property=\"og:image\" content=\"https:\/\/www.procarton.com\/wp-content\/uploads\/2025\/09\/H7A2141-775x1030.jpg\" \/>\n\t<meta property=\"og:image:width\" content=\"775\" \/>\n\t<meta property=\"og:image:height\" content=\"1030\" \/>\n\t<meta property=\"og:image:type\" content=\"image\/jpeg\" \/>\n<meta name=\"twitter:card\" content=\"summary_large_image\" \/>\n<meta name=\"twitter:site\" content=\"@pro_carton\" \/>\n<meta name=\"twitter:label1\" content=\"Tiempo de lectura\" \/>\n\t<meta name=\"twitter:data1\" content=\"4 minutos\" \/>\n<script type=\"application\/ld+json\" class=\"yoast-schema-graph\">{\"@context\":\"https:\\\/\\\/schema.org\",\"@graph\":[{\"@type\":\"WebPage\",\"@id\":\"https:\\\/\\\/www.procarton.com\\\/awards\\\/european-carton-excellence-award\\\/2026-3\\\/main-sponsor-2026\\\/\",\"url\":\"https:\\\/\\\/www.procarton.com\\\/awards\\\/european-carton-excellence-award\\\/2026-3\\\/main-sponsor-2026\\\/\",\"name\":\"Main Sponsor 2026 - Pro Carton\",\"isPartOf\":{\"@id\":\"https:\\\/\\\/www.procarton.com\\\/es\\\/#website\"},\"primaryImageOfPage\":{\"@id\":\"https:\\\/\\\/www.procarton.com\\\/awards\\\/european-carton-excellence-award\\\/2026-3\\\/main-sponsor-2026\\\/#primaryimage\"},\"image\":{\"@id\":\"https:\\\/\\\/www.procarton.com\\\/awards\\\/european-carton-excellence-award\\\/2026-3\\\/main-sponsor-2026\\\/#primaryimage\"},\"thumbnailUrl\":\"https:\\\/\\\/www.procarton.com\\\/wp-content\\\/uploads\\\/2025\\\/09\\\/H7A2141-scaled.jpg\",\"datePublished\":\"2026-01-30T17:08:46+00:00\",\"dateModified\":\"2026-03-12T13:59:34+00:00\",\"description\":\"Details of the European Carton Excellence Award 2024 Judges who choose the Carton of the Year and Shortlist Entries for the Public Vote\",\"breadcrumb\":{\"@id\":\"https:\\\/\\\/www.procarton.com\\\/awards\\\/european-carton-excellence-award\\\/2026-3\\\/main-sponsor-2026\\\/#breadcrumb\"},\"inLanguage\":\"es\",\"potentialAction\":[{\"@type\":\"ReadAction\",\"target\":[\"https:\\\/\\\/www.procarton.com\\\/awards\\\/european-carton-excellence-award\\\/2026-3\\\/main-sponsor-2026\\\/\"]}]},{\"@type\":\"ImageObject\",\"inLanguage\":\"es\",\"@id\":\"https:\\\/\\\/www.procarton.com\\\/awards\\\/european-carton-excellence-award\\\/2026-3\\\/main-sponsor-2026\\\/#primaryimage\",\"url\":\"https:\\\/\\\/www.procarton.com\\\/wp-content\\\/uploads\\\/2025\\\/09\\\/H7A2141-scaled.jpg\",\"contentUrl\":\"https:\\\/\\\/www.procarton.com\\\/wp-content\\\/uploads\\\/2025\\\/09\\\/H7A2141-scaled.jpg\",\"width\":1927,\"height\":2560},{\"@type\":\"BreadcrumbList\",\"@id\":\"https:\\\/\\\/www.procarton.com\\\/awards\\\/european-carton-excellence-award\\\/2026-3\\\/main-sponsor-2026\\\/#breadcrumb\",\"itemListElement\":[{\"@type\":\"ListItem\",\"position\":1,\"name\":\"Home\",\"item\":\"https:\\\/\\\/www.procarton.com\\\/\"},{\"@type\":\"ListItem\",\"position\":2,\"name\":\"Awards\",\"item\":\"https:\\\/\\\/www.procarton.com\\\/awards\\\/\"},{\"@type\":\"ListItem\",\"position\":3,\"name\":\"European Carton Excellence Award\",\"item\":\"https:\\\/\\\/www.procarton.com\\\/awards\\\/european-carton-excellence-award\\\/\"},{\"@type\":\"ListItem\",\"position\":4,\"name\":\"2026\",\"item\":\"https:\\\/\\\/www.procarton.com\\\/awards\\\/european-carton-excellence-award\\\/2026-3\\\/\"},{\"@type\":\"ListItem\",\"position\":5,\"name\":\"Main Sponsor 2026\"}]},{\"@type\":\"WebSite\",\"@id\":\"https:\\\/\\\/www.procarton.com\\\/es\\\/#website\",\"url\":\"https:\\\/\\\/www.procarton.com\\\/es\\\/\",\"name\":\"Pro Carton\",\"description\":\"\",\"publisher\":{\"@id\":\"https:\\\/\\\/www.procarton.com\\\/es\\\/#organization\"},\"potentialAction\":[{\"@type\":\"SearchAction\",\"target\":{\"@type\":\"EntryPoint\",\"urlTemplate\":\"https:\\\/\\\/www.procarton.com\\\/es\\\/?s={search_term_string}\"},\"query-input\":{\"@type\":\"PropertyValueSpecification\",\"valueRequired\":true,\"valueName\":\"search_term_string\"}}],\"inLanguage\":\"es\"},{\"@type\":\"Organization\",\"@id\":\"https:\\\/\\\/www.procarton.com\\\/es\\\/#organization\",\"name\":\"ProCarton\",\"url\":\"https:\\\/\\\/www.procarton.com\\\/es\\\/\",\"logo\":{\"@type\":\"ImageObject\",\"inLanguage\":\"es\",\"@id\":\"https:\\\/\\\/www.procarton.com\\\/es\\\/#\\\/schema\\\/logo\\\/image\\\/\",\"url\":\"https:\\\/\\\/www.procarton.com\\\/wp-content\\\/uploads\\\/2022\\\/06\\\/logo-mit-slogan.jpg\",\"contentUrl\":\"https:\\\/\\\/www.procarton.com\\\/wp-content\\\/uploads\\\/2022\\\/06\\\/logo-mit-slogan.jpg\",\"width\":422,\"height\":519,\"caption\":\"ProCarton\"},\"image\":{\"@id\":\"https:\\\/\\\/www.procarton.com\\\/es\\\/#\\\/schema\\\/logo\\\/image\\\/\"},\"sameAs\":[\"https:\\\/\\\/www.facebook.com\\\/procartondesignaward\\\/\",\"https:\\\/\\\/x.com\\\/pro_carton\"]}]}<\/script>\n<!-- \/ Yoast SEO plugin. -->","yoast_head_json":{"title":"Main Sponsor 2026 - Pro Carton","description":"Detalles de los jueces del European Carton Excellence Award 2024 que eligen el envase de cart\u00f3n del a\u00f1o y las candidaturas finalistas para la votaci\u00f3n del p\u00fablico","robots":{"index":"index","follow":"follow","max-snippet":"max-snippet:-1","max-image-preview":"max-image-preview:large","max-video-preview":"max-video-preview:-1"},"canonical":"https:\/\/www.procarton.com\/es\/awards\/european-carton-excellence-award\/2026-3\/main-sponsor-2026\/","og_locale":"es_ES","og_type":"article","og_title":"Main Sponsor 2026 - Pro Carton","og_description":"Details of the European Carton Excellence Award 2024 Judges who choose the Carton of the Year and Shortlist Entries for the Public Vote","og_url":"https:\/\/www.procarton.com\/es\/awards\/european-carton-excellence-award\/2026-3\/main-sponsor-2026\/","og_site_name":"Pro Carton","article_publisher":"https:\/\/www.facebook.com\/procartondesignaward\/","article_modified_time":"2026-03-12T13:59:34+00:00","og_image":[{"width":775,"height":1030,"url":"https:\/\/www.procarton.com\/wp-content\/uploads\/2025\/09\/H7A2141-775x1030.jpg","type":"image\/jpeg"}],"twitter_card":"summary_large_image","twitter_site":"@pro_carton","twitter_misc":{"Tiempo de lectura":"4 minutos"},"schema":{"@context":"https:\/\/schema.org","@graph":[{"@type":"WebPage","@id":"https:\/\/www.procarton.com\/awards\/european-carton-excellence-award\/2026-3\/main-sponsor-2026\/","url":"https:\/\/www.procarton.com\/awards\/european-carton-excellence-award\/2026-3\/main-sponsor-2026\/","name":"Main Sponsor 2026 - Pro Carton","isPartOf":{"@id":"https:\/\/www.procarton.com\/es\/#website"},"primaryImageOfPage":{"@id":"https:\/\/www.procarton.com\/awards\/european-carton-excellence-award\/2026-3\/main-sponsor-2026\/#primaryimage"},"image":{"@id":"https:\/\/www.procarton.com\/awards\/european-carton-excellence-award\/2026-3\/main-sponsor-2026\/#primaryimage"},"thumbnailUrl":"https:\/\/www.procarton.com\/wp-content\/uploads\/2025\/09\/H7A2141-scaled.jpg","datePublished":"2026-01-30T17:08:46+00:00","dateModified":"2026-03-12T13:59:34+00:00","description":"Detalles de los jueces del European Carton Excellence Award 2024 que eligen el envase de cart\u00f3n del a\u00f1o y las candidaturas finalistas para la votaci\u00f3n del p\u00fablico","breadcrumb":{"@id":"https:\/\/www.procarton.com\/awards\/european-carton-excellence-award\/2026-3\/main-sponsor-2026\/#breadcrumb"},"inLanguage":"es","potentialAction":[{"@type":"ReadAction","target":["https:\/\/www.procarton.com\/awards\/european-carton-excellence-award\/2026-3\/main-sponsor-2026\/"]}]},{"@type":"ImageObject","inLanguage":"es","@id":"https:\/\/www.procarton.com\/awards\/european-carton-excellence-award\/2026-3\/main-sponsor-2026\/#primaryimage","url":"https:\/\/www.procarton.com\/wp-content\/uploads\/2025\/09\/H7A2141-scaled.jpg","contentUrl":"https:\/\/www.procarton.com\/wp-content\/uploads\/2025\/09\/H7A2141-scaled.jpg","width":1927,"height":2560},{"@type":"BreadcrumbList","@id":"https:\/\/www.procarton.com\/awards\/european-carton-excellence-award\/2026-3\/main-sponsor-2026\/#breadcrumb","itemListElement":[{"@type":"ListItem","position":1,"name":"Home","item":"https:\/\/www.procarton.com\/"},{"@type":"ListItem","position":2,"name":"Awards","item":"https:\/\/www.procarton.com\/awards\/"},{"@type":"ListItem","position":3,"name":"European Carton Excellence Award","item":"https:\/\/www.procarton.com\/awards\/european-carton-excellence-award\/"},{"@type":"ListItem","position":4,"name":"2026","item":"https:\/\/www.procarton.com\/awards\/european-carton-excellence-award\/2026-3\/"},{"@type":"ListItem","position":5,"name":"Main Sponsor 2026"}]},{"@type":"WebSite","@id":"https:\/\/www.procarton.com\/es\/#website","url":"https:\/\/www.procarton.com\/es\/","name":"Pro Carton","description":"","publisher":{"@id":"https:\/\/www.procarton.com\/es\/#organization"},"potentialAction":[{"@type":"SearchAction","target":{"@type":"EntryPoint","urlTemplate":"https:\/\/www.procarton.com\/es\/?s={search_term_string}"},"query-input":{"@type":"PropertyValueSpecification","valueRequired":true,"valueName":"search_term_string"}}],"inLanguage":"es"},{"@type":"Organization","@id":"https:\/\/www.procarton.com\/es\/#organization","name":"ProCarton","url":"https:\/\/www.procarton.com\/es\/","logo":{"@type":"ImageObject","inLanguage":"es","@id":"https:\/\/www.procarton.com\/es\/#\/schema\/logo\/image\/","url":"https:\/\/www.procarton.com\/wp-content\/uploads\/2022\/06\/logo-mit-slogan.jpg","contentUrl":"https:\/\/www.procarton.com\/wp-content\/uploads\/2022\/06\/logo-mit-slogan.jpg","width":422,"height":519,"caption":"ProCarton"},"image":{"@id":"https:\/\/www.procarton.com\/es\/#\/schema\/logo\/image\/"},"sameAs":["https:\/\/www.facebook.com\/procartondesignaward\/","https:\/\/x.com\/pro_carton"]}]}},"_links":{"self":[{"href":"https:\/\/www.procarton.com\/es\/wp-json\/wp\/v2\/pages\/307591","targetHints":{"allow":["GET"]}}],"collection":[{"href":"https:\/\/www.procarton.com\/es\/wp-json\/wp\/v2\/pages"}],"about":[{"href":"https:\/\/www.procarton.com\/es\/wp-json\/wp\/v2\/types\/page"}],"author":[{"embeddable":true,"href":"https:\/\/www.procarton.com\/es\/wp-json\/wp\/v2\/users\/5916"}],"replies":[{"embeddable":true,"href":"https:\/\/www.procarton.com\/es\/wp-json\/wp\/v2\/comments?post=307591"}],"version-history":[{"count":7,"href":"https:\/\/www.procarton.com\/es\/wp-json\/wp\/v2\/pages\/307591\/revisions"}],"predecessor-version":[{"id":308273,"href":"https:\/\/www.procarton.com\/es\/wp-json\/wp\/v2\/pages\/307591\/revisions\/308273"}],"up":[{"embeddable":true,"href":"https:\/\/www.procarton.com\/es\/wp-json\/wp\/v2\/pages\/307525"}],"wp:featuredmedia":[{"embeddable":true,"href":"https:\/\/www.procarton.com\/es\/wp-json\/wp\/v2\/media\/306998"}],"wp:attachment":[{"href":"https:\/\/www.procarton.com\/es\/wp-json\/wp\/v2\/media?parent=307591"}],"curies":[{"name":"wp","href":"https:\/\/api.w.org\/{rel}","templated":true}]}}