{"id":307527,"date":"2026-01-05T11:20:04","date_gmt":"2026-01-30T11:23:46","guid":{"rendered":"https:\/\/www.procarton.com\/?page_id=307527"},"modified":"2026-02-09T16:03:36","modified_gmt":"2026-02-09T16:03:36","slug":"2026-3","status":"publish","type":"page","link":"https:\/\/www.procarton.com\/es\/awards\/pro-carton-young-designers-award\/2026-3\/","title":{"rendered":"2026"},"content":{"rendered":"<div class=\"av-animated-generic top-to-bottom flex_column av_one_half  flex_column_div av-zero-column-padding first  avia-builder-el-0  el_before_av_one_half  avia-builder-el-first\" style='border-radius:0px; '>\n<section class=\"av_textblock_section\"  itemscope=\"itemscope\" itemtype=\"https:\/\/schema.org\/CreativeWork\" >\n<div class='avia_textblock'   itemprop=\"text\" >\n<h1>Entries for Pro Carton Young Designers Award 2026 are now open!<\/h1>\n<p>The Pro Carton Young Designers Award is Europe\u2019s leading annual talent competition for aspiring packaging design. Focusing exclusively on cartonboard, the award plays an important role in promoting sustainable packaging and innovation amongst students across Europe. The design competition is free to enter and open to all students enrolled at a European school or university. The Pro Carton Young Designers Award is set to reveal exceptional ideas, whilst allowing Pro Carton to attract the next generation into our industry by showing them the benefits of cartonboard and rewarding their creative thinking. Entering the awards is the perfect platform to network directly with industry experts and kick-start graduate job opportunities. For the purpose of the award, Pro Carton has partnered with <a href=\"https:\/\/www.metsagroup.com\/\">Consejo de Administraci\u00f3n de Mets\u00e4<\/a>, <a href=\"https:\/\/rdmgroup.com\/\">Grupo RDM<\/a> y <a href=\"https:\/\/mm.group\/board-paper\/\">MM Board &amp; Paper<\/a> to supply cartonboard sheets for practical design work, free of charge. This process runs in cycles from October to April.<\/p>\n<p>This year\u2019s Awards Gala will take place in Rome, Italy on the 17th September 2026. Entries close on the <strong>8th of May 2026! Check out last year&#8217;s winners <a href=\"https:\/\/www.procarton.com\/publication\/european-carton-excellence-award-brochure-2025\/\">aqu\u00ed.<\/a><\/strong><\/p>\n<p>El concurso de dise\u00f1o es gratuito y est\u00e1 abierto a todos los estudiantes matriculados en una escuela o universidad europea.<\/p>\n<p>Los trabajos pueden presentarse en estas categor\u00edas:<\/p>\n<ul>\n<li>Envases de cart\u00f3n creativos | Alimentos y bebidas<\/li>\n<li>Creative Cartonboard Packaging | Todos los otros<\/li>\n<li>Sustainability Award<\/li>\n<li>Public Award<\/li>\n<\/ul>\n<h5>Consulte los ganadores de 2025 <a href=\"https:\/\/www.procarton.com\/publication\/european-carton-excellence-award-brochure-2025\/\">aqu\u00ed<\/a>!<\/h5>\n<p class=\"p1\"><em>Para cualquier otra consulta, p\u00f3ngase en contacto con nosotros:<strong> <a href=\"mailto:studentawards@procarton.com\">studentawards@procarton.com<\/a><\/strong><\/em><\/p>\n<\/div>\n<\/section>\n<\/div>\n<div class=\"av-animated-generic top-to-bottom flex_column av_one_half  flex_column_div av-zero-column-padding   avia-builder-el-2  el_after_av_one_half  el_before_av_hr\" style='border-radius:0px; '>\n<section class=\"av_textblock_section\"  itemscope=\"itemscope\" itemtype=\"https:\/\/schema.org\/CreativeWork\" >\n<div class='avia_textblock'   itemprop=\"text\" >\n<p><strong>Click on the image below to view the PCYDA 2026 presentation deck for more information.<\/strong><\/p>\n<\/div>\n<\/section>\n<div  class='avia-image-container  av-styling-    avia-builder-el-4  el_after_av_textblock  el_before_av_hr  avia-align-center'  itemprop=\"image\" itemscope=\"itemscope\" itemtype=\"https:\/\/schema.org\/ImageObject\"  >\n<div class='avia-image-container-inner'>\n<div class='avia-image-overlay-wrap'><a href=\"https:\/\/www.procarton.com\/wp-content\/uploads\/2026\/01\/2026-PCYDA-Presentation.pdf\" class='avia_image' ><img decoding=\"async\" width=\"1024\" height=\"577\" class='wp-image-307732 avia-img-lazy-loading-not-307732 avia_image' src=\"https:\/\/www.procarton.com\/wp-content\/uploads\/2026\/01\/1769522677035-7c8040a3-7cc8-4bca-bb63-4ef80ddb3bce_1.jpg\" alt='' title='1769522677035-7c8040a3-7cc8-4bca-bb63-4ef80ddb3bce_1'  itemprop=\"thumbnailUrl\" srcset=\"https:\/\/www.procarton.com\/wp-content\/uploads\/2026\/01\/1769522677035-7c8040a3-7cc8-4bca-bb63-4ef80ddb3bce_1.jpg 1024w, https:\/\/www.procarton.com\/wp-content\/uploads\/2026\/01\/1769522677035-7c8040a3-7cc8-4bca-bb63-4ef80ddb3bce_1-300x169.jpg 300w, https:\/\/www.procarton.com\/wp-content\/uploads\/2026\/01\/1769522677035-7c8040a3-7cc8-4bca-bb63-4ef80ddb3bce_1-768x433.jpg 768w, https:\/\/www.procarton.com\/wp-content\/uploads\/2026\/01\/1769522677035-7c8040a3-7cc8-4bca-bb63-4ef80ddb3bce_1-18x10.jpg 18w, https:\/\/www.procarton.com\/wp-content\/uploads\/2026\/01\/1769522677035-7c8040a3-7cc8-4bca-bb63-4ef80ddb3bce_1-705x397.jpg 705w\" sizes=\"(max-width: 1024px) 100vw, 1024px\" \/><\/a><\/div>\n<\/div>\n<\/div>\n<div  style='height:50px' class='hr hr-invisible   avia-builder-el-5  el_after_av_image  avia-builder-el-last'><span class='hr-inner' ><span class='hr-inner-style'><\/span><\/span><\/div>\n<\/div>\n<div   class='hr hr-default   avia-builder-el-6  el_after_av_one_half  el_before_av_one_full'><span class='hr-inner' ><span class='hr-inner-style'><\/span><\/span><\/div>\n<div class=\"av-animated-generic top-to-bottom flex_column av_one_full  flex_column_div av-zero-column-padding first  avia-builder-el-7  el_after_av_hr  el_before_av_one_full\" style='border-radius:0px; '>\n<section class=\"av_textblock_section\"  itemscope=\"itemscope\" itemtype=\"https:\/\/schema.org\/CreativeWork\" >\n<div class='avia_textblock'   itemprop=\"text\" >\n<h1 style=\"text-align: center;\">\u00a1Enhorabuena a los ganadores de 2025!<\/h1>\n<\/div>\n<\/section>\n<div  class='avia-image-container  av-styling-    avia-builder-el-9  el_after_av_textblock  el_before_av_button  avia-align-center'  itemprop=\"image\" itemscope=\"itemscope\" itemtype=\"https:\/\/schema.org\/ImageObject\"  >\n<div class='avia-image-container-inner'>\n<div class='avia-image-overlay-wrap'><img decoding=\"async\" width=\"728\" height=\"1030\" class='wp-image-306882 avia-img-lazy-loading-not-306882 avia_image' src=\"https:\/\/www.procarton.com\/wp-content\/uploads\/2025\/09\/Main-brochure-2025-front-728x1030.jpg\" alt='' title='Folleto principal 2025-front'  itemprop=\"thumbnailUrl\" srcset=\"https:\/\/www.procarton.com\/wp-content\/uploads\/2025\/09\/Main-brochure-2025-front-728x1030.jpg 728w, https:\/\/www.procarton.com\/wp-content\/uploads\/2025\/09\/Main-brochure-2025-front-212x300.jpg 212w, https:\/\/www.procarton.com\/wp-content\/uploads\/2025\/09\/Main-brochure-2025-front-768x1086.jpg 768w, https:\/\/www.procarton.com\/wp-content\/uploads\/2025\/09\/Main-brochure-2025-front-1086x1536.jpg 1086w, https:\/\/www.procarton.com\/wp-content\/uploads\/2025\/09\/Main-brochure-2025-front-8x12.jpg 8w, https:\/\/www.procarton.com\/wp-content\/uploads\/2025\/09\/Main-brochure-2025-front-1060x1500.jpg 1060w, https:\/\/www.procarton.com\/wp-content\/uploads\/2025\/09\/Main-brochure-2025-front-498x705.jpg 498w, https:\/\/www.procarton.com\/wp-content\/uploads\/2025\/09\/Main-brochure-2025-front.jpg 1240w\" sizes=\"(max-width: 728px) 100vw, 728px\" \/><\/div>\n<\/div>\n<\/div>\n<div  class='avia-button-wrap avia-button-center  avia-builder-el-10  el_after_av_image  el_before_av_hr' ><a href='https:\/\/www.procarton.com\/publication\/european-carton-excellence-award-brochure-2025\/' class='avia-button  avia-color-theme-color   avia-icon_select-no avia-size-small avia-position-center' target=\"_blank\" rel=\"noopener noreferrer\"><span class='avia_iconbox_title' >\u00a1Ll\u00e9vame a los ganadores de 2025!<\/span><\/a><\/div>\n<div   class='hr hr-default   avia-builder-el-11  el_after_av_button  avia-builder-el-last'><span class='hr-inner' ><span class='hr-inner-style'><\/span><\/span><\/div>\n<\/div>\n<div class=\"av-animated-generic top-to-bottom flex_column av_one_full  flex_column_div av-zero-column-padding first  avia-builder-el-12  el_after_av_one_full  el_before_av_one_full  column-top-margin\" style='border-radius:0px; '>\n<section class=\"av_textblock_section\"  itemscope=\"itemscope\" itemtype=\"https:\/\/schema.org\/CreativeWork\" >\n<div class='avia_textblock'   itemprop=\"text\" >\n<h5 class=\"av-share-link-description av-no-toc\" style=\"text-align: center;\">S\u00edganos en su canal favorito de las redes sociales y mant\u00e9ngase al d\u00eda:<\/h5>\n<\/div>\n<\/section>\n<div  class='avia-buttonrow-wrap avia-buttonrow-center   avia-builder-el-14  el_after_av_textblock  avia-builder-el-last'>\n<a href='https:\/\/www.facebook.com\/procartoneurope\/' class='avia-button  avia-icon_select-no avia-size-small' target=\"_blank\" rel=\"noopener noreferrer\" style='background-color:#0070e8; border-color:#0070e8; color:#ffffff; margin-bottom:5px; margin-left:3px; margin-right:3px; '><span class='avia_iconbox_title' >Facebook<\/span><\/a><br \/>\n<a href='https:\/\/x.com\/Pro_Carton' class='avia-button  avia-color-black  avia-icon_select-no avia-size-small' target=\"_blank\" rel=\"noopener noreferrer\" style='margin-bottom:5px; margin-left:3px; margin-right:3px; '><span class='avia_iconbox_title' >X<\/span><\/a><br \/>\n<a href='https:\/\/ch.linkedin.com\/company\/pro-carton' class='avia-button  avia-icon_select-no avia-size-small' target=\"_blank\" rel=\"noopener noreferrer\" style='background-color:#7bb0e7; border-color:#7bb0e7; color:#ffffff; margin-bottom:5px; margin-left:3px; margin-right:3px; '><span class='avia_iconbox_title' >LinkedIn<\/span><\/a>\n<\/div>\n<\/div>\n<div class=\"av-animated-generic top-to-bottom flex_column av_one_full  flex_column_div av-zero-column-padding first  avia-builder-el-15  el_after_av_one_full  avia-builder-el-last  column-top-margin\" style='border-radius:0px; '>\n<div   class='hr hr-default   avia-builder-el-16  avia-builder-el-no-sibling'><span class='hr-inner' ><span class='hr-inner-style'><\/span><\/span><\/div>\n<\/div>","protected":false},"excerpt":{"rendered":"","protected":false},"author":5916,"featured_media":307652,"parent":243708,"menu_order":0,"comment_status":"closed","ping_status":"closed","template":"templates\/award_details_page.php","meta":{"inline_featured_image":false,"footnotes":""},"class_list":["post-307527","page","type-page","status-publish","has-post-thumbnail","hentry"],"yoast_head":"<!-- This site is optimized with the Yoast SEO plugin v27.4 - https:\/\/yoast.com\/product\/yoast-seo-wordpress\/ -->\n<title>2026 - Pro Carton<\/title>\n<meta name=\"description\" content=\"The Pro Carton Young Designers Award (PCYDA) 2024 is Europe\u2019s leading annual young talent competition for packaging design, focussing exclusively on cartonboard.\" \/>\n<meta name=\"robots\" content=\"index, follow, max-snippet:-1, max-image-preview:large, max-video-preview:-1\" \/>\n<link rel=\"canonical\" href=\"https:\/\/www.procarton.com\/es\/awards\/pro-carton-young-designers-award\/2026-3\/\" \/>\n<meta property=\"og:locale\" content=\"es_ES\" \/>\n<meta property=\"og:type\" content=\"article\" \/>\n<meta property=\"og:title\" content=\"2026 - Pro Carton\" \/>\n<meta property=\"og:description\" content=\"The Pro Carton Young Designers Award (PCYDA) 2024 is Europe\u2019s leading annual young talent competition for packaging design, focussing exclusively on cartonboard.\" \/>\n<meta property=\"og:url\" content=\"https:\/\/www.procarton.com\/es\/awards\/pro-carton-young-designers-award\/2026-3\/\" \/>\n<meta property=\"og:site_name\" content=\"Pro Carton\" \/>\n<meta property=\"article:publisher\" content=\"https:\/\/www.facebook.com\/procartondesignaward\/\" \/>\n<meta property=\"article:modified_time\" content=\"2026-02-09T16:03:36+00:00\" \/>\n<meta property=\"og:image\" content=\"https:\/\/www.procarton.com\/wp-content\/uploads\/2026\/01\/Pro-Carton-Logo-26-3.png\" \/>\n\t<meta property=\"og:image:width\" content=\"1200\" \/>\n\t<meta property=\"og:image:height\" content=\"900\" \/>\n\t<meta property=\"og:image:type\" content=\"image\/png\" \/>\n<meta name=\"twitter:card\" content=\"summary_large_image\" \/>\n<meta name=\"twitter:site\" content=\"@pro_carton\" \/>\n<meta name=\"twitter:label1\" content=\"Tiempo de lectura\" \/>\n\t<meta name=\"twitter:data1\" content=\"4 minutos\" \/>\n<script type=\"application\/ld+json\" class=\"yoast-schema-graph\">{\"@context\":\"https:\\\/\\\/schema.org\",\"@graph\":[{\"@type\":\"WebPage\",\"@id\":\"https:\\\/\\\/www.procarton.com\\\/awards\\\/pro-carton-young-designers-award\\\/2026-3\\\/\",\"url\":\"https:\\\/\\\/www.procarton.com\\\/awards\\\/pro-carton-young-designers-award\\\/2026-3\\\/\",\"name\":\"2026 - Pro Carton\",\"isPartOf\":{\"@id\":\"https:\\\/\\\/www.procarton.com\\\/es\\\/#website\"},\"primaryImageOfPage\":{\"@id\":\"https:\\\/\\\/www.procarton.com\\\/awards\\\/pro-carton-young-designers-award\\\/2026-3\\\/#primaryimage\"},\"image\":{\"@id\":\"https:\\\/\\\/www.procarton.com\\\/awards\\\/pro-carton-young-designers-award\\\/2026-3\\\/#primaryimage\"},\"thumbnailUrl\":\"https:\\\/\\\/www.procarton.com\\\/wp-content\\\/uploads\\\/2026\\\/01\\\/Pro-Carton-Logo-26-3.png\",\"datePublished\":\"2026-01-30T11:23:46+00:00\",\"dateModified\":\"2026-02-09T16:03:36+00:00\",\"description\":\"The Pro Carton Young Designers Award (PCYDA) 2024 is Europe\u2019s leading annual young talent competition for packaging design, focussing exclusively on cartonboard.\",\"breadcrumb\":{\"@id\":\"https:\\\/\\\/www.procarton.com\\\/awards\\\/pro-carton-young-designers-award\\\/2026-3\\\/#breadcrumb\"},\"inLanguage\":\"es\",\"potentialAction\":[{\"@type\":\"ReadAction\",\"target\":[\"https:\\\/\\\/www.procarton.com\\\/awards\\\/pro-carton-young-designers-award\\\/2026-3\\\/\"]}]},{\"@type\":\"ImageObject\",\"inLanguage\":\"es\",\"@id\":\"https:\\\/\\\/www.procarton.com\\\/awards\\\/pro-carton-young-designers-award\\\/2026-3\\\/#primaryimage\",\"url\":\"https:\\\/\\\/www.procarton.com\\\/wp-content\\\/uploads\\\/2026\\\/01\\\/Pro-Carton-Logo-26-3.png\",\"contentUrl\":\"https:\\\/\\\/www.procarton.com\\\/wp-content\\\/uploads\\\/2026\\\/01\\\/Pro-Carton-Logo-26-3.png\",\"width\":1200,\"height\":900},{\"@type\":\"BreadcrumbList\",\"@id\":\"https:\\\/\\\/www.procarton.com\\\/awards\\\/pro-carton-young-designers-award\\\/2026-3\\\/#breadcrumb\",\"itemListElement\":[{\"@type\":\"ListItem\",\"position\":1,\"name\":\"Home\",\"item\":\"https:\\\/\\\/www.procarton.com\\\/\"},{\"@type\":\"ListItem\",\"position\":2,\"name\":\"Awards\",\"item\":\"https:\\\/\\\/www.procarton.com\\\/awards\\\/\"},{\"@type\":\"ListItem\",\"position\":3,\"name\":\"Pro Carton Young Designers Award\",\"item\":\"https:\\\/\\\/www.procarton.com\\\/awards\\\/pro-carton-young-designers-award\\\/\"},{\"@type\":\"ListItem\",\"position\":4,\"name\":\"2026\"}]},{\"@type\":\"WebSite\",\"@id\":\"https:\\\/\\\/www.procarton.com\\\/es\\\/#website\",\"url\":\"https:\\\/\\\/www.procarton.com\\\/es\\\/\",\"name\":\"Pro Carton\",\"description\":\"\",\"publisher\":{\"@id\":\"https:\\\/\\\/www.procarton.com\\\/es\\\/#organization\"},\"potentialAction\":[{\"@type\":\"SearchAction\",\"target\":{\"@type\":\"EntryPoint\",\"urlTemplate\":\"https:\\\/\\\/www.procarton.com\\\/es\\\/?s={search_term_string}\"},\"query-input\":{\"@type\":\"PropertyValueSpecification\",\"valueRequired\":true,\"valueName\":\"search_term_string\"}}],\"inLanguage\":\"es\"},{\"@type\":\"Organization\",\"@id\":\"https:\\\/\\\/www.procarton.com\\\/es\\\/#organization\",\"name\":\"ProCarton\",\"url\":\"https:\\\/\\\/www.procarton.com\\\/es\\\/\",\"logo\":{\"@type\":\"ImageObject\",\"inLanguage\":\"es\",\"@id\":\"https:\\\/\\\/www.procarton.com\\\/es\\\/#\\\/schema\\\/logo\\\/image\\\/\",\"url\":\"https:\\\/\\\/www.procarton.com\\\/wp-content\\\/uploads\\\/2022\\\/06\\\/logo-mit-slogan.jpg\",\"contentUrl\":\"https:\\\/\\\/www.procarton.com\\\/wp-content\\\/uploads\\\/2022\\\/06\\\/logo-mit-slogan.jpg\",\"width\":422,\"height\":519,\"caption\":\"ProCarton\"},\"image\":{\"@id\":\"https:\\\/\\\/www.procarton.com\\\/es\\\/#\\\/schema\\\/logo\\\/image\\\/\"},\"sameAs\":[\"https:\\\/\\\/www.facebook.com\\\/procartondesignaward\\\/\",\"https:\\\/\\\/x.com\\\/pro_carton\"]}]}<\/script>\n<!-- \/ Yoast SEO plugin. -->","yoast_head_json":{"title":"2026 - Pro Carton","description":"El Pro Carton Young Designers Award (PCYDA) 2024 es el concurso anual de j\u00f3venes talentos del dise\u00f1o de envases m\u00e1s importante de Europa, centrado exclusivamente en el cart\u00f3n.","robots":{"index":"index","follow":"follow","max-snippet":"max-snippet:-1","max-image-preview":"max-image-preview:large","max-video-preview":"max-video-preview:-1"},"canonical":"https:\/\/www.procarton.com\/es\/awards\/pro-carton-young-designers-award\/2026-3\/","og_locale":"es_ES","og_type":"article","og_title":"2026 - Pro Carton","og_description":"The Pro Carton Young Designers Award (PCYDA) 2024 is Europe\u2019s leading annual young talent competition for packaging design, focussing exclusively on cartonboard.","og_url":"https:\/\/www.procarton.com\/es\/awards\/pro-carton-young-designers-award\/2026-3\/","og_site_name":"Pro Carton","article_publisher":"https:\/\/www.facebook.com\/procartondesignaward\/","article_modified_time":"2026-02-09T16:03:36+00:00","og_image":[{"width":1200,"height":900,"url":"https:\/\/www.procarton.com\/wp-content\/uploads\/2026\/01\/Pro-Carton-Logo-26-3.png","type":"image\/png"}],"twitter_card":"summary_large_image","twitter_site":"@pro_carton","twitter_misc":{"Tiempo de lectura":"4 minutos"},"schema":{"@context":"https:\/\/schema.org","@graph":[{"@type":"WebPage","@id":"https:\/\/www.procarton.com\/awards\/pro-carton-young-designers-award\/2026-3\/","url":"https:\/\/www.procarton.com\/awards\/pro-carton-young-designers-award\/2026-3\/","name":"2026 - Pro Carton","isPartOf":{"@id":"https:\/\/www.procarton.com\/es\/#website"},"primaryImageOfPage":{"@id":"https:\/\/www.procarton.com\/awards\/pro-carton-young-designers-award\/2026-3\/#primaryimage"},"image":{"@id":"https:\/\/www.procarton.com\/awards\/pro-carton-young-designers-award\/2026-3\/#primaryimage"},"thumbnailUrl":"https:\/\/www.procarton.com\/wp-content\/uploads\/2026\/01\/Pro-Carton-Logo-26-3.png","datePublished":"2026-01-30T11:23:46+00:00","dateModified":"2026-02-09T16:03:36+00:00","description":"El Pro Carton Young Designers Award (PCYDA) 2024 es el concurso anual de j\u00f3venes talentos del dise\u00f1o de envases m\u00e1s importante de Europa, centrado exclusivamente en el cart\u00f3n.","breadcrumb":{"@id":"https:\/\/www.procarton.com\/awards\/pro-carton-young-designers-award\/2026-3\/#breadcrumb"},"inLanguage":"es","potentialAction":[{"@type":"ReadAction","target":["https:\/\/www.procarton.com\/awards\/pro-carton-young-designers-award\/2026-3\/"]}]},{"@type":"ImageObject","inLanguage":"es","@id":"https:\/\/www.procarton.com\/awards\/pro-carton-young-designers-award\/2026-3\/#primaryimage","url":"https:\/\/www.procarton.com\/wp-content\/uploads\/2026\/01\/Pro-Carton-Logo-26-3.png","contentUrl":"https:\/\/www.procarton.com\/wp-content\/uploads\/2026\/01\/Pro-Carton-Logo-26-3.png","width":1200,"height":900},{"@type":"BreadcrumbList","@id":"https:\/\/www.procarton.com\/awards\/pro-carton-young-designers-award\/2026-3\/#breadcrumb","itemListElement":[{"@type":"ListItem","position":1,"name":"Home","item":"https:\/\/www.procarton.com\/"},{"@type":"ListItem","position":2,"name":"Awards","item":"https:\/\/www.procarton.com\/awards\/"},{"@type":"ListItem","position":3,"name":"Pro Carton Young Designers Award","item":"https:\/\/www.procarton.com\/awards\/pro-carton-young-designers-award\/"},{"@type":"ListItem","position":4,"name":"2026"}]},{"@type":"WebSite","@id":"https:\/\/www.procarton.com\/es\/#website","url":"https:\/\/www.procarton.com\/es\/","name":"Pro Carton","description":"","publisher":{"@id":"https:\/\/www.procarton.com\/es\/#organization"},"potentialAction":[{"@type":"SearchAction","target":{"@type":"EntryPoint","urlTemplate":"https:\/\/www.procarton.com\/es\/?s={search_term_string}"},"query-input":{"@type":"PropertyValueSpecification","valueRequired":true,"valueName":"search_term_string"}}],"inLanguage":"es"},{"@type":"Organization","@id":"https:\/\/www.procarton.com\/es\/#organization","name":"ProCarton","url":"https:\/\/www.procarton.com\/es\/","logo":{"@type":"ImageObject","inLanguage":"es","@id":"https:\/\/www.procarton.com\/es\/#\/schema\/logo\/image\/","url":"https:\/\/www.procarton.com\/wp-content\/uploads\/2022\/06\/logo-mit-slogan.jpg","contentUrl":"https:\/\/www.procarton.com\/wp-content\/uploads\/2022\/06\/logo-mit-slogan.jpg","width":422,"height":519,"caption":"ProCarton"},"image":{"@id":"https:\/\/www.procarton.com\/es\/#\/schema\/logo\/image\/"},"sameAs":["https:\/\/www.facebook.com\/procartondesignaward\/","https:\/\/x.com\/pro_carton"]}]}},"_links":{"self":[{"href":"https:\/\/www.procarton.com\/es\/wp-json\/wp\/v2\/pages\/307527","targetHints":{"allow":["GET"]}}],"collection":[{"href":"https:\/\/www.procarton.com\/es\/wp-json\/wp\/v2\/pages"}],"about":[{"href":"https:\/\/www.procarton.com\/es\/wp-json\/wp\/v2\/types\/page"}],"author":[{"embeddable":true,"href":"https:\/\/www.procarton.com\/es\/wp-json\/wp\/v2\/users\/5916"}],"replies":[{"embeddable":true,"href":"https:\/\/www.procarton.com\/es\/wp-json\/wp\/v2\/comments?post=307527"}],"version-history":[{"count":8,"href":"https:\/\/www.procarton.com\/es\/wp-json\/wp\/v2\/pages\/307527\/revisions"}],"predecessor-version":[{"id":307913,"href":"https:\/\/www.procarton.com\/es\/wp-json\/wp\/v2\/pages\/307527\/revisions\/307913"}],"up":[{"embeddable":true,"href":"https:\/\/www.procarton.com\/es\/wp-json\/wp\/v2\/pages\/243708"}],"wp:featuredmedia":[{"embeddable":true,"href":"https:\/\/www.procarton.com\/es\/wp-json\/wp\/v2\/media\/307652"}],"wp:attachment":[{"href":"https:\/\/www.procarton.com\/es\/wp-json\/wp\/v2\/media?parent=307527"}],"curies":[{"name":"wp","href":"https:\/\/api.w.org\/{rel}","templated":true}]}}