{"id":307525,"date":"2026-01-12T15:07:04","date_gmt":"2026-01-30T12:06:49","guid":{"rendered":"https:\/\/www.procarton.com\/?page_id=307525"},"modified":"2026-03-13T10:57:06","modified_gmt":"2026-03-13T10:57:06","slug":"2026-3","status":"publish","type":"page","link":"https:\/\/www.procarton.com\/es\/awards\/european-carton-excellence-award\/2026-3\/","title":{"rendered":"2026"},"content":{"rendered":"<div class=\"av-animated-generic top-to-bottom flex_column av_two_third  flex_column_div av-zero-column-padding first  avia-builder-el-0  el_before_av_one_third  avia-builder-el-first\" style='border-radius:0px; '>\n<section class=\"av_textblock_section\"  itemscope=\"itemscope\" itemtype=\"https:\/\/schema.org\/CreativeWork\" >\n<div class='avia_textblock'   itemprop=\"text\" >\n<h1>Entries to the European Carton Excellence Award 2026 are now open!<\/h1>\n<\/div>\n<\/section>\n<section class=\"av_textblock_section\"  itemscope=\"itemscope\" itemtype=\"https:\/\/schema.org\/CreativeWork\" >\n<div class='avia_textblock'   itemprop=\"text\" >\n<p>Organizado por <strong>Pro Carton<\/strong>\u00a0y el\u00a0<strong>Asociaci\u00f3n Europea de Fabricantes de Cart\u00f3n (ECMA),<\/strong> the ECEA challenges partners from across the supply chain to showcase their most innovative cartonboard packaging designs. This year&#8217;s Awards Gala will take place in Rome, Italy on 17<sup>th<\/sup> September 2026. <strong>Entries close on the 15th of May!<\/strong><\/p>\n<p>Los galardonados no s\u00f3lo se benefician del prestigio de un premio de tan alto nivel, sino tambi\u00e9n de un sinf\u00edn de ventajas.<\/p>\n<p>Categories of the ECEA 2026 are:<\/p>\n<ul>\n<li><strong>Confiter\u00eda \/ Chocolate<\/strong><\/li>\n<li><strong>Bebidas (incluido el alcohol)<\/strong><\/li>\n<li><strong>Farmacia \/ Sanidad\u00a0<\/strong><\/li>\n<li><strong>Alimentaci\u00f3n (incluidos los servicios de alimentaci\u00f3n\/el comercio\/los alimentos para animales de compa\u00f1\u00eda)<\/strong><\/li>\n<li><strong>Belleza y cosm\u00e9tica<\/strong><\/li>\n<li><strong>Envasado general y envasado de productos de gran consumo<\/strong><\/li>\n<li><strong>Art of Cartonboard (*NEW)<\/strong><\/li>\n<\/ul>\n<p><strong>Introducing our new Art of Cartonboard Award!<\/strong><\/p>\n<p>To mark 30 years of excellence, ECEA introduces a special anniversary award celebrating the technical mastery, versatility and creative potential of cartonboard. For this milestone edition, we\u2019re opening a dedicated platform where mills and converters can showcase what\u2019s possible beyond commercial constraints highlighting innovation, craftsmanship and the future of fibre-based packaging. This special award celebrates three decades of packaging innovation by pushing boundaries and inspiring the next generation of cartonboard solutions.<\/p>\n<p><strong>To be eligible for the Art of Cartonboard Award:<\/strong><\/p>\n<ul>\n<li><strong><em>Commercial launch not required<\/em><\/strong><\/li>\n<li><strong><em>Sample packs, demonstrators, and concept innovations welcome<\/em><\/strong><\/li>\n<li><strong><em>Joint submissions from mills, converters, or partners encouraged<\/em><\/strong><\/li>\n<\/ul>\n<\/div>\n<\/section>\n<div  class='avia-video avia-video-16-9   av-lazyload-immediate  av-lazyload-video-embed'   itemprop=\"video\" itemtype=\"https:\/\/schema.org\/VideoObject\"  data-original_url='https:\/\/youtu.be\/Bz6FJpZ09zE' ><script type='text\/html' class='av-video-tmpl'><\/p>\n<div class='avia-iframe-wrap'><iframe loading=\"lazy\" title=\"Introducing our latest category: Art of Cartonboard\" width=\"1500\" height=\"844\" src=\"https:\/\/www.youtube.com\/embed\/Bz6FJpZ09zE?feature=oembed&autoplay=0&loop=0&controls=1&mute=0\" frameborder=\"0\" allow=\"accelerometer; autoplay; clipboard-write; encrypted-media; gyroscope; picture-in-picture; web-share\" referrerpolicy=\"strict-origin-when-cross-origin\" allowfullscreen><\/iframe><\/div>\n<p><\/script><\/p>\n<div class='av-click-to-play-overlay'>\n<div class=\"avia_playpause_icon\"><\/div>\n<\/div>\n<\/div>\n<section class=\"av_textblock_section\"  itemscope=\"itemscope\" itemtype=\"https:\/\/schema.org\/CreativeWork\" >\n<div class='avia_textblock'   itemprop=\"text\" >\n<p>Todas las candidaturas se presentan autom\u00e1ticamente al\u00a0<strong>Carton of the Year Award<\/strong>y, adem\u00e1s, los concursantes pueden participar en el <strong>Sostenibilidad\u00a0<\/strong>y \/ o <strong>Innovation Award<\/strong> sin coste adicional.  En <strong>Public Award<\/strong> ofrece a consumidores, profesionales del sector y acad\u00e9micos la oportunidad de admirar y decidir cu\u00e1l es el ganador elegido entre los finalistas del ECEA Award.<\/p>\n<p>Un prestigioso jurado de expertos en envases, representantes de diversos sectores de la industria, elige a los ganadores de cada categor\u00eda, as\u00ed como a los de platino y oro, evaluando cada candidatura con arreglo a rigurosos criterios, como el dise\u00f1o gr\u00e1fico y estructural, las t\u00e9cnicas de producci\u00f3n, la rentabilidad, la ecolog\u00eda, la innovaci\u00f3n y la comodidad.<\/p>\n<p><strong>Check out last years winners from the European Carton Excellence Award 2025. You can view them <a href=\"https:\/\/www.procarton.com\/awards\/european-carton-excellence-award\/2025-2\/winners\/\">aqu\u00ed<\/a>!<\/strong><\/p>\n<p><em>Si tiene alguna duda, por favor\u00a0<strong>p\u00f3ngase en contacto con el <a href=\"mailto:europeancartonexcellenceaward@procarton.com\" target=\"_blank\" rel=\"noopener\">Equipo ECEA Awards.<\/a><\/strong><\/em><\/p>\n<\/div>\n<\/section>\n<\/div>\n<div class=\"av-animated-generic top-to-bottom flex_column av_one_third  flex_column_div av-zero-column-padding   avia-builder-el-5  el_after_av_two_third  avia-builder-el-last\" style='border-radius:0px; '>\n<section class=\"av_textblock_section\"  itemscope=\"itemscope\" itemtype=\"https:\/\/schema.org\/CreativeWork\" >\n<div class='avia_textblock'   itemprop=\"text\" >\n<p><strong>Haga clic en la portada del folleto para ver todos los ganadores y finalistas del concurso. <a href=\"https:\/\/www.procarton.com\/awards\/european-carton-excellence-award\/\" target=\"_blank\" rel=\"noopener\">European Carton Excellence Award<\/a> 2025, <a href=\"https:\/\/www.procarton.com\/awards\/pro-carton-young-designers-award\/\" target=\"_blank\" rel=\"noopener\">Pro Carton Young Designers Award<\/a> 2025 y <a href=\"https:\/\/www.procarton.com\/awards\/pro-carton-student-video-award\/\" target=\"_blank\" rel=\"noopener\">Pro Carton Student Video Award<\/a> 2025.<\/strong><\/p>\n<\/div>\n<\/section>\n<div  class='avia-image-container  av-styling-    avia-builder-el-7  el_after_av_textblock  el_before_av_textblock  avia-align-center'  itemprop=\"image\" itemscope=\"itemscope\" itemtype=\"https:\/\/schema.org\/ImageObject\"  >\n<div class='avia-image-container-inner'>\n<div class='avia-image-overlay-wrap'><a href=\"https:\/\/www.flipsnack.com\/9C7C7C66AED\/main-brochure-2025-v5\/full-view.html\" class='avia_image' target=\"_blank\" rel=\"noopener noreferrer\"><img decoding=\"async\" width=\"212\" height=\"300\" class='wp-image-306882 avia-img-lazy-loading-not-306882 avia_image' src=\"https:\/\/www.procarton.com\/wp-content\/uploads\/2025\/09\/Main-brochure-2025-front-212x300.jpg\" alt='' title='Folleto principal 2025-front'  itemprop=\"thumbnailUrl\" srcset=\"https:\/\/www.procarton.com\/wp-content\/uploads\/2025\/09\/Main-brochure-2025-front-212x300.jpg 212w, https:\/\/www.procarton.com\/wp-content\/uploads\/2025\/09\/Main-brochure-2025-front-728x1030.jpg 728w, https:\/\/www.procarton.com\/wp-content\/uploads\/2025\/09\/Main-brochure-2025-front-768x1086.jpg 768w, https:\/\/www.procarton.com\/wp-content\/uploads\/2025\/09\/Main-brochure-2025-front-1086x1536.jpg 1086w, https:\/\/www.procarton.com\/wp-content\/uploads\/2025\/09\/Main-brochure-2025-front-8x12.jpg 8w, https:\/\/www.procarton.com\/wp-content\/uploads\/2025\/09\/Main-brochure-2025-front-1060x1500.jpg 1060w, https:\/\/www.procarton.com\/wp-content\/uploads\/2025\/09\/Main-brochure-2025-front-498x705.jpg 498w, https:\/\/www.procarton.com\/wp-content\/uploads\/2025\/09\/Main-brochure-2025-front.jpg 1240w\" sizes=\"(max-width: 212px) 100vw, 212px\" \/><\/a><\/div>\n<\/div>\n<\/div>\n<section class=\"av_textblock_section\"  itemscope=\"itemscope\" itemtype=\"https:\/\/schema.org\/CreativeWork\" >\n<div class='avia_textblock'   itemprop=\"text\" >\n<p><strong>Click the thumbnail below to view the presentation deck for the <a href=\"https:\/\/www.procarton.com\/awards\/european-carton-excellence-award\/\" target=\"_blank\" rel=\"noopener\">European Carton Excellence Award<\/a> 2026.<\/strong><\/p>\n<\/div>\n<\/section>\n<div  class='avia-image-container  av-styling-    avia-builder-el-9  el_after_av_textblock  avia-builder-el-last  avia-align-center'  itemprop=\"image\" itemscope=\"itemscope\" itemtype=\"https:\/\/schema.org\/ImageObject\"  >\n<div class='avia-image-container-inner'>\n<div class='avia-image-overlay-wrap'><a href=\"https:\/\/www.procarton.com\/wp-content\/uploads\/2026\/02\/ECEA-2026-Presentation_EN.pdf\" class='avia_image' target=\"_blank\" rel=\"noopener noreferrer\"><img decoding=\"async\" width=\"2560\" height=\"1449\" class='wp-image-307954 avia-img-lazy-loading-not-307954 avia_image' src=\"https:\/\/www.procarton.com\/wp-content\/uploads\/2026\/02\/Screenshot-2026-02-16-at-16.57.05-scaled.png\" alt='' title='Screenshot 2026-02-16 at 16.57.05'  itemprop=\"thumbnailUrl\" srcset=\"https:\/\/www.procarton.com\/wp-content\/uploads\/2026\/02\/Screenshot-2026-02-16-at-16.57.05-scaled.png 2560w, https:\/\/www.procarton.com\/wp-content\/uploads\/2026\/02\/Screenshot-2026-02-16-at-16.57.05-300x170.png 300w, https:\/\/www.procarton.com\/wp-content\/uploads\/2026\/02\/Screenshot-2026-02-16-at-16.57.05-1030x583.png 1030w, https:\/\/www.procarton.com\/wp-content\/uploads\/2026\/02\/Screenshot-2026-02-16-at-16.57.05-768x435.png 768w, https:\/\/www.procarton.com\/wp-content\/uploads\/2026\/02\/Screenshot-2026-02-16-at-16.57.05-1536x869.png 1536w, https:\/\/www.procarton.com\/wp-content\/uploads\/2026\/02\/Screenshot-2026-02-16-at-16.57.05-2048x1159.png 2048w, https:\/\/www.procarton.com\/wp-content\/uploads\/2026\/02\/Screenshot-2026-02-16-at-16.57.05-18x10.png 18w, https:\/\/www.procarton.com\/wp-content\/uploads\/2026\/02\/Screenshot-2026-02-16-at-16.57.05-1500x849.png 1500w, https:\/\/www.procarton.com\/wp-content\/uploads\/2026\/02\/Screenshot-2026-02-16-at-16.57.05-705x399.png 705w\" sizes=\"(max-width: 2560px) 100vw, 2560px\" \/><\/a><\/div>\n<\/div>\n<\/div>\n<\/div>","protected":false},"excerpt":{"rendered":"<p>European Carton Excellence Award 2024 P\u00e1gina de inicio detallando Ventajas de marketing, C\u00f3mo participar, Normas, Jurado, Voto del p\u00fablico, Ganadores, Fotos, V\u00eddeos<\/p>","protected":false},"author":5916,"featured_media":307644,"parent":243707,"menu_order":0,"comment_status":"closed","ping_status":"closed","template":"templates\/award_details_page.php","meta":{"inline_featured_image":false,"footnotes":""},"class_list":["post-307525","page","type-page","status-publish","has-post-thumbnail","hentry"],"yoast_head":"<!-- This site is optimized with the Yoast SEO plugin v27.4 - https:\/\/yoast.com\/product\/yoast-seo-wordpress\/ -->\n<title>2026 - Pro Carton<\/title>\n<meta name=\"description\" content=\"European Carton Excellence Award 2026 Home Page detailing Marketing Benefits, How to Enter, Rules, Jury, Public Vote, Winners, Photos, Videos\" \/>\n<meta name=\"robots\" content=\"index, follow, max-snippet:-1, max-image-preview:large, max-video-preview:-1\" \/>\n<link rel=\"canonical\" href=\"https:\/\/www.procarton.com\/es\/awards\/european-carton-excellence-award\/2026-3\/\" \/>\n<meta property=\"og:locale\" content=\"es_ES\" \/>\n<meta property=\"og:type\" content=\"article\" \/>\n<meta property=\"og:title\" content=\"2026 - Pro Carton\" \/>\n<meta property=\"og:description\" content=\"European Carton Excellence Award 2026 Home Page detailing Marketing Benefits, How to Enter, Rules, Jury, Public Vote, Winners, Photos, Videos\" \/>\n<meta property=\"og:url\" content=\"https:\/\/www.procarton.com\/es\/awards\/european-carton-excellence-award\/2026-3\/\" \/>\n<meta property=\"og:site_name\" content=\"Pro Carton\" \/>\n<meta property=\"article:publisher\" content=\"https:\/\/www.facebook.com\/procartondesignaward\/\" \/>\n<meta property=\"article:modified_time\" content=\"2026-03-13T10:57:06+00:00\" \/>\n<meta property=\"og:image\" content=\"https:\/\/www.procarton.com\/wp-content\/uploads\/2026\/01\/Pro-Carton-Logo-26-2-1.png\" \/>\n\t<meta property=\"og:image:width\" content=\"1200\" \/>\n\t<meta property=\"og:image:height\" content=\"900\" \/>\n\t<meta property=\"og:image:type\" content=\"image\/png\" \/>\n<meta name=\"twitter:card\" content=\"summary_large_image\" \/>\n<meta name=\"twitter:site\" content=\"@pro_carton\" \/>\n<meta name=\"twitter:label1\" content=\"Tiempo de lectura\" \/>\n\t<meta name=\"twitter:data1\" content=\"4 minutos\" \/>\n<script type=\"application\/ld+json\" class=\"yoast-schema-graph\">{\"@context\":\"https:\\\/\\\/schema.org\",\"@graph\":[{\"@type\":\"WebPage\",\"@id\":\"https:\\\/\\\/www.procarton.com\\\/awards\\\/european-carton-excellence-award\\\/2026-3\\\/\",\"url\":\"https:\\\/\\\/www.procarton.com\\\/awards\\\/european-carton-excellence-award\\\/2026-3\\\/\",\"name\":\"2026 - Pro Carton\",\"isPartOf\":{\"@id\":\"https:\\\/\\\/www.procarton.com\\\/es\\\/#website\"},\"primaryImageOfPage\":{\"@id\":\"https:\\\/\\\/www.procarton.com\\\/awards\\\/european-carton-excellence-award\\\/2026-3\\\/#primaryimage\"},\"image\":{\"@id\":\"https:\\\/\\\/www.procarton.com\\\/awards\\\/european-carton-excellence-award\\\/2026-3\\\/#primaryimage\"},\"thumbnailUrl\":\"https:\\\/\\\/www.procarton.com\\\/wp-content\\\/uploads\\\/2026\\\/01\\\/Pro-Carton-Logo-26-2-1.png\",\"datePublished\":\"2026-01-30T12:06:49+00:00\",\"dateModified\":\"2026-03-13T10:57:06+00:00\",\"description\":\"European Carton Excellence Award 2026 Home Page detailing Marketing Benefits, How to Enter, Rules, Jury, Public Vote, Winners, Photos, Videos\",\"breadcrumb\":{\"@id\":\"https:\\\/\\\/www.procarton.com\\\/awards\\\/european-carton-excellence-award\\\/2026-3\\\/#breadcrumb\"},\"inLanguage\":\"es\",\"potentialAction\":[{\"@type\":\"ReadAction\",\"target\":[\"https:\\\/\\\/www.procarton.com\\\/awards\\\/european-carton-excellence-award\\\/2026-3\\\/\"]}]},{\"@type\":\"ImageObject\",\"inLanguage\":\"es\",\"@id\":\"https:\\\/\\\/www.procarton.com\\\/awards\\\/european-carton-excellence-award\\\/2026-3\\\/#primaryimage\",\"url\":\"https:\\\/\\\/www.procarton.com\\\/wp-content\\\/uploads\\\/2026\\\/01\\\/Pro-Carton-Logo-26-2-1.png\",\"contentUrl\":\"https:\\\/\\\/www.procarton.com\\\/wp-content\\\/uploads\\\/2026\\\/01\\\/Pro-Carton-Logo-26-2-1.png\",\"width\":1200,\"height\":900},{\"@type\":\"BreadcrumbList\",\"@id\":\"https:\\\/\\\/www.procarton.com\\\/awards\\\/european-carton-excellence-award\\\/2026-3\\\/#breadcrumb\",\"itemListElement\":[{\"@type\":\"ListItem\",\"position\":1,\"name\":\"Home\",\"item\":\"https:\\\/\\\/www.procarton.com\\\/\"},{\"@type\":\"ListItem\",\"position\":2,\"name\":\"Awards\",\"item\":\"https:\\\/\\\/www.procarton.com\\\/awards\\\/\"},{\"@type\":\"ListItem\",\"position\":3,\"name\":\"European Carton Excellence Award\",\"item\":\"https:\\\/\\\/www.procarton.com\\\/awards\\\/european-carton-excellence-award\\\/\"},{\"@type\":\"ListItem\",\"position\":4,\"name\":\"2026\"}]},{\"@type\":\"WebSite\",\"@id\":\"https:\\\/\\\/www.procarton.com\\\/es\\\/#website\",\"url\":\"https:\\\/\\\/www.procarton.com\\\/es\\\/\",\"name\":\"Pro Carton\",\"description\":\"\",\"publisher\":{\"@id\":\"https:\\\/\\\/www.procarton.com\\\/es\\\/#organization\"},\"potentialAction\":[{\"@type\":\"SearchAction\",\"target\":{\"@type\":\"EntryPoint\",\"urlTemplate\":\"https:\\\/\\\/www.procarton.com\\\/es\\\/?s={search_term_string}\"},\"query-input\":{\"@type\":\"PropertyValueSpecification\",\"valueRequired\":true,\"valueName\":\"search_term_string\"}}],\"inLanguage\":\"es\"},{\"@type\":\"Organization\",\"@id\":\"https:\\\/\\\/www.procarton.com\\\/es\\\/#organization\",\"name\":\"ProCarton\",\"url\":\"https:\\\/\\\/www.procarton.com\\\/es\\\/\",\"logo\":{\"@type\":\"ImageObject\",\"inLanguage\":\"es\",\"@id\":\"https:\\\/\\\/www.procarton.com\\\/es\\\/#\\\/schema\\\/logo\\\/image\\\/\",\"url\":\"https:\\\/\\\/www.procarton.com\\\/wp-content\\\/uploads\\\/2022\\\/06\\\/logo-mit-slogan.jpg\",\"contentUrl\":\"https:\\\/\\\/www.procarton.com\\\/wp-content\\\/uploads\\\/2022\\\/06\\\/logo-mit-slogan.jpg\",\"width\":422,\"height\":519,\"caption\":\"ProCarton\"},\"image\":{\"@id\":\"https:\\\/\\\/www.procarton.com\\\/es\\\/#\\\/schema\\\/logo\\\/image\\\/\"},\"sameAs\":[\"https:\\\/\\\/www.facebook.com\\\/procartondesignaward\\\/\",\"https:\\\/\\\/x.com\\\/pro_carton\"]}]}<\/script>\n<!-- \/ Yoast SEO plugin. -->","yoast_head_json":{"title":"2026 - Pro Carton","description":"European Carton Excellence Award 2026 Home Page detailing Marketing Benefits, How to Enter, Rules, Jury, Public Vote, Winners, Photos, Videos","robots":{"index":"index","follow":"follow","max-snippet":"max-snippet:-1","max-image-preview":"max-image-preview:large","max-video-preview":"max-video-preview:-1"},"canonical":"https:\/\/www.procarton.com\/es\/awards\/european-carton-excellence-award\/2026-3\/","og_locale":"es_ES","og_type":"article","og_title":"2026 - Pro Carton","og_description":"European Carton Excellence Award 2026 Home Page detailing Marketing Benefits, How to Enter, Rules, Jury, Public Vote, Winners, Photos, Videos","og_url":"https:\/\/www.procarton.com\/es\/awards\/european-carton-excellence-award\/2026-3\/","og_site_name":"Pro Carton","article_publisher":"https:\/\/www.facebook.com\/procartondesignaward\/","article_modified_time":"2026-03-13T10:57:06+00:00","og_image":[{"width":1200,"height":900,"url":"https:\/\/www.procarton.com\/wp-content\/uploads\/2026\/01\/Pro-Carton-Logo-26-2-1.png","type":"image\/png"}],"twitter_card":"summary_large_image","twitter_site":"@pro_carton","twitter_misc":{"Tiempo de lectura":"4 minutos"},"schema":{"@context":"https:\/\/schema.org","@graph":[{"@type":"WebPage","@id":"https:\/\/www.procarton.com\/awards\/european-carton-excellence-award\/2026-3\/","url":"https:\/\/www.procarton.com\/awards\/european-carton-excellence-award\/2026-3\/","name":"2026 - Pro Carton","isPartOf":{"@id":"https:\/\/www.procarton.com\/es\/#website"},"primaryImageOfPage":{"@id":"https:\/\/www.procarton.com\/awards\/european-carton-excellence-award\/2026-3\/#primaryimage"},"image":{"@id":"https:\/\/www.procarton.com\/awards\/european-carton-excellence-award\/2026-3\/#primaryimage"},"thumbnailUrl":"https:\/\/www.procarton.com\/wp-content\/uploads\/2026\/01\/Pro-Carton-Logo-26-2-1.png","datePublished":"2026-01-30T12:06:49+00:00","dateModified":"2026-03-13T10:57:06+00:00","description":"European Carton Excellence Award 2026 Home Page detailing Marketing Benefits, How to Enter, Rules, Jury, Public Vote, Winners, Photos, Videos","breadcrumb":{"@id":"https:\/\/www.procarton.com\/awards\/european-carton-excellence-award\/2026-3\/#breadcrumb"},"inLanguage":"es","potentialAction":[{"@type":"ReadAction","target":["https:\/\/www.procarton.com\/awards\/european-carton-excellence-award\/2026-3\/"]}]},{"@type":"ImageObject","inLanguage":"es","@id":"https:\/\/www.procarton.com\/awards\/european-carton-excellence-award\/2026-3\/#primaryimage","url":"https:\/\/www.procarton.com\/wp-content\/uploads\/2026\/01\/Pro-Carton-Logo-26-2-1.png","contentUrl":"https:\/\/www.procarton.com\/wp-content\/uploads\/2026\/01\/Pro-Carton-Logo-26-2-1.png","width":1200,"height":900},{"@type":"BreadcrumbList","@id":"https:\/\/www.procarton.com\/awards\/european-carton-excellence-award\/2026-3\/#breadcrumb","itemListElement":[{"@type":"ListItem","position":1,"name":"Home","item":"https:\/\/www.procarton.com\/"},{"@type":"ListItem","position":2,"name":"Awards","item":"https:\/\/www.procarton.com\/awards\/"},{"@type":"ListItem","position":3,"name":"European Carton Excellence Award","item":"https:\/\/www.procarton.com\/awards\/european-carton-excellence-award\/"},{"@type":"ListItem","position":4,"name":"2026"}]},{"@type":"WebSite","@id":"https:\/\/www.procarton.com\/es\/#website","url":"https:\/\/www.procarton.com\/es\/","name":"Pro Carton","description":"","publisher":{"@id":"https:\/\/www.procarton.com\/es\/#organization"},"potentialAction":[{"@type":"SearchAction","target":{"@type":"EntryPoint","urlTemplate":"https:\/\/www.procarton.com\/es\/?s={search_term_string}"},"query-input":{"@type":"PropertyValueSpecification","valueRequired":true,"valueName":"search_term_string"}}],"inLanguage":"es"},{"@type":"Organization","@id":"https:\/\/www.procarton.com\/es\/#organization","name":"ProCarton","url":"https:\/\/www.procarton.com\/es\/","logo":{"@type":"ImageObject","inLanguage":"es","@id":"https:\/\/www.procarton.com\/es\/#\/schema\/logo\/image\/","url":"https:\/\/www.procarton.com\/wp-content\/uploads\/2022\/06\/logo-mit-slogan.jpg","contentUrl":"https:\/\/www.procarton.com\/wp-content\/uploads\/2022\/06\/logo-mit-slogan.jpg","width":422,"height":519,"caption":"ProCarton"},"image":{"@id":"https:\/\/www.procarton.com\/es\/#\/schema\/logo\/image\/"},"sameAs":["https:\/\/www.facebook.com\/procartondesignaward\/","https:\/\/x.com\/pro_carton"]}]}},"_links":{"self":[{"href":"https:\/\/www.procarton.com\/es\/wp-json\/wp\/v2\/pages\/307525","targetHints":{"allow":["GET"]}}],"collection":[{"href":"https:\/\/www.procarton.com\/es\/wp-json\/wp\/v2\/pages"}],"about":[{"href":"https:\/\/www.procarton.com\/es\/wp-json\/wp\/v2\/types\/page"}],"author":[{"embeddable":true,"href":"https:\/\/www.procarton.com\/es\/wp-json\/wp\/v2\/users\/5916"}],"replies":[{"embeddable":true,"href":"https:\/\/www.procarton.com\/es\/wp-json\/wp\/v2\/comments?post=307525"}],"version-history":[{"count":14,"href":"https:\/\/www.procarton.com\/es\/wp-json\/wp\/v2\/pages\/307525\/revisions"}],"predecessor-version":[{"id":308276,"href":"https:\/\/www.procarton.com\/es\/wp-json\/wp\/v2\/pages\/307525\/revisions\/308276"}],"up":[{"embeddable":true,"href":"https:\/\/www.procarton.com\/es\/wp-json\/wp\/v2\/pages\/243707"}],"wp:featuredmedia":[{"embeddable":true,"href":"https:\/\/www.procarton.com\/es\/wp-json\/wp\/v2\/media\/307644"}],"wp:attachment":[{"href":"https:\/\/www.procarton.com\/es\/wp-json\/wp\/v2\/media?parent=307525"}],"curies":[{"name":"wp","href":"https:\/\/api.w.org\/{rel}","templated":true}]}}