{"id":307370,"date":"2025-11-26T11:52:25","date_gmt":"2025-11-26T11:52:25","guid":{"rendered":"https:\/\/www.procarton.com\/?page_id=307370"},"modified":"2025-11-26T15:49:38","modified_gmt":"2025-11-26T15:49:38","slug":"main-sponsor-2025","status":"publish","type":"page","link":"https:\/\/www.procarton.com\/es\/awards\/european-carton-excellence-award\/2025-2\/main-sponsor-2025\/","title":{"rendered":"Art\u00edculo del Patrocinador Principal 2025"},"content":{"rendered":"<div  style='height:50px' class='hr hr-invisible   avia-builder-el-0  el_before_av_three_fourth  avia-builder-el-first'><span class='hr-inner' ><span class='hr-inner-style'><\/span><\/span><\/div>\n<div class=\"av-animated-generic top-to-bottom flex_column av_three_fourth  flex_column_div av-zero-column-padding first  avia-builder-el-1  el_after_av_hr  el_before_av_three_fourth\" style='border-radius:0px; '>\n<section class=\"av_textblock_section\"  itemscope=\"itemscope\" itemtype=\"https:\/\/schema.org\/CreativeWork\" >\n<div class='avia_textblock'   itemprop=\"text\" >\n<h3>ECMA y Pro Carton se complacen en presentar un art\u00edculo de nuestro principal patrocinador del 2025 European Carton Excellence Award<\/h3>\n<\/div>\n<\/section>\n<\/div>\n<div class=\"av-animated-generic top-to-bottom flex_column av_three_fourth  flex_column_div av-zero-column-padding first  avia-builder-el-3  el_after_av_three_fourth  el_before_av_one_fourth  column-top-margin\" style='border-radius:0px; '>\n<section class=\"av_textblock_section\"  itemscope=\"itemscope\" itemtype=\"https:\/\/schema.org\/CreativeWork\" >\n<div class='avia_textblock'   itemprop=\"text\" >\n<h4 class=\"main-title entry-title\">Transformaci\u00f3n del comercio minorista a trav\u00e9s de la digitalizaci\u00f3n y la innovaci\u00f3n<\/h4>\n<\/div>\n<\/section>\n<section class=\"av_textblock_section\"  itemscope=\"itemscope\" itemtype=\"https:\/\/schema.org\/CreativeWork\" >\n<div class='avia_textblock'   itemprop=\"text\" >\n<p><b>Transformaci\u00f3n del comercio minorista a trav\u00e9s de la digitalizaci\u00f3n y la innovaci\u00f3n<\/b><\/p>\n<p>El panorama del comercio minorista est\u00e1 evolucionando r\u00e1pidamente, moldeado por los cambios en el comportamiento de los consumidores y el ritmo acelerado de la digitalizaci\u00f3n. Los h\u00e1bitos de compra tradicionales est\u00e1n siendo sustituidos por decisiones m\u00e1s espont\u00e1neas e impulsivas, y los consumidores esperan cada vez m\u00e1s comodidad, rapidez y experiencias personalizadas. En el punto de venta, esto significa que las marcas deben ir m\u00e1s all\u00e1 de los expositores est\u00e1ticos y las interacciones transaccionales para crear entornos din\u00e1micos y receptivos que reflejen los valores y preferencias de los compradores modernos.<\/p>\n<p>Aunque el consumidor sigue siendo el responsable \u00faltimo de la toma de decisiones, ahora sus elecciones se ven influidas por una compleja red de puntos de contacto digitales. Las aplicaciones m\u00f3viles, las redes sociales y los datos en tiempo real contribuyen a que el proceso de compra sea menos lineal y m\u00e1s fluido. Los minoristas deben adaptarse integrando herramientas digitales que mejoren la experiencia del cliente y agilicen las operaciones.<\/p>\n<p><b>La digitalizaci\u00f3n y su impacto en el mercado laboral<\/b><\/p>\n<p>Una de las consecuencias m\u00e1s significativas de la transformaci\u00f3n digital es su efecto en el mercado laboral. La automatizaci\u00f3n, la inteligencia artificial y el an\u00e1lisis de datos est\u00e1n remodelando las funciones en los sectores minorista y del envasado. Las m\u00e1quinas se encargan cada vez m\u00e1s de las tareas rutinarias, mientras que los trabajadores humanos deben desarrollar nuevas competencias en interpretaci\u00f3n de datos, gesti\u00f3n de sistemas y atenci\u00f3n al cliente.<\/p>\n<p>Este cambio presenta tanto retos como oportunidades. Por un lado, existe una creciente necesidad de reciclaje profesional y adaptaci\u00f3n de la mano de obra. Por otro, la digitalizaci\u00f3n permite una asignaci\u00f3n de recursos m\u00e1s eficiente y una gesti\u00f3n m\u00e1s inteligente de la cadena de suministro. Estas mejoras permiten ahorrar costes, reducir los residuos y agilizar los ciclos de producci\u00f3n.<\/p>\n<p><b>Optimizaci\u00f3n de envases basada en datos<\/b><\/p>\n<p>La recopilaci\u00f3n y el an\u00e1lisis de datos desempe\u00f1an un papel fundamental en la optimizaci\u00f3n de los procesos de envasado. Al aprovechar la informaci\u00f3n en tiempo real sobre las preferencias de los consumidores, las pautas de compra y el rendimiento log\u00edstico, las empresas pueden dise\u00f1ar envases que no s\u00f3lo sean funcionales, sino que tambi\u00e9n est\u00e9n en consonancia con los objetivos de sostenibilidad. Por ejemplo, los datos pueden revelar qu\u00e9 materiales funcionan mejor en determinadas condiciones o qu\u00e9 formatos reducen los costes de transporte y el impacto ambiental.<\/p>\n<p>Este enfoque centrado en los datos tambi\u00e9n favorece el desarrollo de soluciones de envasado m\u00e1s sostenibles. En lugar de depender \u00fanicamente de los mandatos normativos o de la presi\u00f3n de los consumidores, las empresas pueden utilizar pruebas emp\u00edricas para orientar la innovaci\u00f3n. Esto incluye la identificaci\u00f3n de oportunidades para reducir el uso de materiales, mejorar la reciclabilidad y aumentar la protecci\u00f3n del producto, todo ello manteniendo la rentabilidad.<\/p>\n<p><b>Colaboraci\u00f3n e innovaci\u00f3n en toda la cadena de valor<\/b><\/p>\n<p>La digitalizaci\u00f3n fomenta la colaboraci\u00f3n en toda la cadena de valor del envasado. Las plataformas basadas en la nube, las bases de datos compartidas y las herramientas de planificaci\u00f3n integradas permiten a fabricantes, proveedores y minoristas trabajar juntos de forma m\u00e1s eficaz. Esta interconexi\u00f3n acelera la innovaci\u00f3n y permite dar respuestas m\u00e1s r\u00e1pidas a las demandas del mercado.<\/p>\n<p>Adem\u00e1s, las herramientas digitales pueden ayudar a sortear las complejidades de la legislaci\u00f3n internacional. Al estandarizar los formatos de datos y el seguimiento de la conformidad, las empresas pueden adaptarse m\u00e1s f\u00e1cilmente a los distintos entornos normativos y garantizar que las soluciones de envasado cumplen las normas mundiales.<\/p>\n<p><b>Conclusi\u00f3n<\/b><\/p>\n<p>La convergencia de los cambios en el comportamiento de los consumidores, la transformaci\u00f3n digital y los imperativos de sostenibilidad est\u00e1 reconfigurando los sectores minorista y del envasado. Aunque el punto de venta sigue siendo un punto de contacto fundamental, su papel se entrelaza ahora con cambios tecnol\u00f3gicos y operativos m\u00e1s amplios. Al adoptar la digitalizaci\u00f3n, las empresas no solo pueden mejorar la experiencia del cliente, sino tambi\u00e9n impulsar la eficiencia, fomentar la innovaci\u00f3n y contribuir a unas pr\u00e1cticas de producci\u00f3n m\u00e1s sostenibles. El futuro de la venta al por menor y el envasado reside en la colaboraci\u00f3n, donde cada decisi\u00f3n se toma con conocimiento de causa, de forma \u00e1gil y en consonancia con las necesidades del mercado y la responsabilidad medioambiental.<\/p>\n<p style=\"text-align: left;\">Para m\u00e1s informaci\u00f3n, visite <a href=\"http:\/\/www.heidelberg.com\">www.heidelberg.com<\/a><\/p>\n<\/div>\n<\/section>\n<div   class='hr hr-default   avia-builder-el-6  el_after_av_textblock  avia-builder-el-last'><span class='hr-inner' ><span class='hr-inner-style'><\/span><\/span><\/div>\n<\/div>\n<div class=\"av-animated-generic top-to-bottom flex_column av_one_fourth  flex_column_div av-zero-column-padding   avia-builder-el-7  el_after_av_three_fourth  el_before_av_video  column-top-margin\" style='border-radius:0px; '>\n<div  class='avia-image-container  av-styling-    avia-builder-el-8  el_before_av_image  avia-builder-el-first  avia-align-center'  itemprop=\"image\" itemscope=\"itemscope\" itemtype=\"https:\/\/schema.org\/ImageObject\"  >\n<div class='avia-image-container-inner'>\n<div class='avia-image-overlay-wrap'><img decoding=\"async\" width=\"230\" height=\"130\" class='wp-image-271395 avia-img-lazy-loading-not-271395 avia_image' src=\"https:\/\/www.procarton.com\/wp-content\/uploads\/2021\/12\/heidelberg.jpg\" alt='' title='heidelberg'  itemprop=\"thumbnailUrl\" srcset=\"https:\/\/www.procarton.com\/wp-content\/uploads\/2021\/12\/heidelberg.jpg 230w, https:\/\/www.procarton.com\/wp-content\/uploads\/2021\/12\/heidelberg-18x10.jpg 18w\" sizes=\"(max-width: 230px) 100vw, 230px\" \/><\/div>\n<\/div>\n<\/div>\n<div  class='avia-image-container  av-styling-    avia-builder-el-9  el_after_av_image  avia-builder-el-last  avia-align-center'  itemprop=\"image\" itemscope=\"itemscope\" itemtype=\"https:\/\/schema.org\/ImageObject\"  >\n<div class='avia-image-container-inner'>\n<div class='avia-image-overlay-wrap'><img decoding=\"async\" width=\"960\" height=\"470\" class='wp-image-306905 avia-img-lazy-loading-not-306905 avia_image' src=\"https:\/\/www.procarton.com\/wp-content\/uploads\/2025\/09\/Grafik-Anniversary-Magazin-p12-13_182x89.jpg\" alt='' title='Revista Grafik Anniversary p12-13_182x89'  itemprop=\"thumbnailUrl\" srcset=\"https:\/\/www.procarton.com\/wp-content\/uploads\/2025\/09\/Grafik-Anniversary-Magazin-p12-13_182x89.jpg 960w, https:\/\/www.procarton.com\/wp-content\/uploads\/2025\/09\/Grafik-Anniversary-Magazin-p12-13_182x89-300x147.jpg 300w, https:\/\/www.procarton.com\/wp-content\/uploads\/2025\/09\/Grafik-Anniversary-Magazin-p12-13_182x89-768x376.jpg 768w, https:\/\/www.procarton.com\/wp-content\/uploads\/2025\/09\/Grafik-Anniversary-Magazin-p12-13_182x89-18x9.jpg 18w, https:\/\/www.procarton.com\/wp-content\/uploads\/2025\/09\/Grafik-Anniversary-Magazin-p12-13_182x89-705x345.jpg 705w\" sizes=\"(max-width: 960px) 100vw, 960px\" \/><\/div>\n<\/div>\n<\/div>\n<\/div>\n<div  class='avia-video avia-video-16-9   av-lazyload-immediate  av-lazyload-video-embed'   itemprop=\"video\" itemtype=\"https:\/\/schema.org\/VideoObject\"  data-original_url='https:\/\/www.youtube.com\/watch?v=DZUIlsJrCF4&amp;t=5s' ><script type='text\/html' class='av-video-tmpl'><\/p>\n<div class='avia-iframe-wrap'><iframe loading=\"lazy\" title=\"Celebrating 175 years of Heidelberger Druckmaschinen\" width=\"1500\" height=\"844\" src=\"https:\/\/www.youtube.com\/embed\/DZUIlsJrCF4?start=5&feature=oembed&autoplay=0&loop=0&controls=1&mute=0\" frameborder=\"0\" allow=\"accelerometer; autoplay; clipboard-write; encrypted-media; gyroscope; picture-in-picture; web-share\" referrerpolicy=\"strict-origin-when-cross-origin\" allowfullscreen><\/iframe><\/div>\n<p><\/script><\/p>\n<div class='av-click-to-play-overlay'>\n<div class=\"avia_playpause_icon\"><\/div>\n<\/div>\n<\/div>\n<div  style='height:50px' class='hr hr-invisible   avia-builder-el-11  el_after_av_video  avia-builder-el-last'><span class='hr-inner' ><span class='hr-inner-style'><\/span><\/span><\/div>","protected":false},"excerpt":{"rendered":"<p>Detalles de los jueces del European Carton Excellence Award 2024 que eligen el envase de cart\u00f3n del a\u00f1o y las candidaturas finalistas para la votaci\u00f3n del p\u00fablico<\/p>","protected":false},"author":5916,"featured_media":299838,"parent":300256,"menu_order":8,"comment_status":"closed","ping_status":"closed","template":"templates\/award_details_page.php","meta":{"inline_featured_image":false,"footnotes":""},"class_list":["post-307370","page","type-page","status-publish","has-post-thumbnail","hentry"],"yoast_head":"<!-- This site is optimized with the Yoast SEO plugin v27.3 - https:\/\/yoast.com\/product\/yoast-seo-wordpress\/ -->\n<title>Article of Main Sponsor 2025 - Pro Carton<\/title>\n<meta name=\"description\" content=\"Details of the European Carton Excellence Award 2024 Judges who choose the Carton of the Year and Shortlist Entries for the Public Vote\" \/>\n<meta name=\"robots\" content=\"index, follow, max-snippet:-1, max-image-preview:large, max-video-preview:-1\" \/>\n<link rel=\"canonical\" href=\"https:\/\/www.procarton.com\/es\/awards\/european-carton-excellence-award\/2025-2\/main-sponsor-2025\/\" \/>\n<meta property=\"og:locale\" content=\"es_ES\" \/>\n<meta property=\"og:type\" content=\"article\" \/>\n<meta property=\"og:title\" content=\"Article of Main Sponsor 2025 - Pro Carton\" \/>\n<meta property=\"og:description\" content=\"Details of the European Carton Excellence Award 2024 Judges who choose the Carton of the Year and Shortlist Entries for the Public Vote\" \/>\n<meta property=\"og:url\" content=\"https:\/\/www.procarton.com\/es\/awards\/european-carton-excellence-award\/2025-2\/main-sponsor-2025\/\" \/>\n<meta property=\"og:site_name\" content=\"Pro Carton\" \/>\n<meta property=\"article:publisher\" content=\"https:\/\/www.facebook.com\/procartondesignaward\/\" \/>\n<meta property=\"article:modified_time\" content=\"2025-11-26T15:49:38+00:00\" \/>\n<meta property=\"og:image\" content=\"https:\/\/www.procarton.com\/wp-content\/uploads\/2024\/10\/ecma_gala_19-09-2024_rk_74-1030x685.jpg\" \/>\n\t<meta property=\"og:image:width\" content=\"1030\" \/>\n\t<meta property=\"og:image:height\" content=\"685\" \/>\n\t<meta property=\"og:image:type\" content=\"image\/jpeg\" \/>\n<meta name=\"twitter:card\" content=\"summary_large_image\" \/>\n<meta name=\"twitter:site\" content=\"@pro_carton\" \/>\n<meta name=\"twitter:label1\" content=\"Tiempo de lectura\" \/>\n\t<meta name=\"twitter:data1\" content=\"5 minutos\" \/>\n<script type=\"application\/ld+json\" class=\"yoast-schema-graph\">{\"@context\":\"https:\\\/\\\/schema.org\",\"@graph\":[{\"@type\":\"WebPage\",\"@id\":\"https:\\\/\\\/www.procarton.com\\\/awards\\\/european-carton-excellence-award\\\/2025-2\\\/main-sponsor-2025\\\/\",\"url\":\"https:\\\/\\\/www.procarton.com\\\/awards\\\/european-carton-excellence-award\\\/2025-2\\\/main-sponsor-2025\\\/\",\"name\":\"Article of Main Sponsor 2025 - Pro Carton\",\"isPartOf\":{\"@id\":\"https:\\\/\\\/www.procarton.com\\\/es\\\/#website\"},\"primaryImageOfPage\":{\"@id\":\"https:\\\/\\\/www.procarton.com\\\/awards\\\/european-carton-excellence-award\\\/2025-2\\\/main-sponsor-2025\\\/#primaryimage\"},\"image\":{\"@id\":\"https:\\\/\\\/www.procarton.com\\\/awards\\\/european-carton-excellence-award\\\/2025-2\\\/main-sponsor-2025\\\/#primaryimage\"},\"thumbnailUrl\":\"https:\\\/\\\/www.procarton.com\\\/wp-content\\\/uploads\\\/2024\\\/10\\\/ecma_gala_19-09-2024_rk_74.jpg\",\"datePublished\":\"2025-11-26T11:52:25+00:00\",\"dateModified\":\"2025-11-26T15:49:38+00:00\",\"description\":\"Details of the European Carton Excellence Award 2024 Judges who choose the Carton of the Year and Shortlist Entries for the Public Vote\",\"breadcrumb\":{\"@id\":\"https:\\\/\\\/www.procarton.com\\\/awards\\\/european-carton-excellence-award\\\/2025-2\\\/main-sponsor-2025\\\/#breadcrumb\"},\"inLanguage\":\"es\",\"potentialAction\":[{\"@type\":\"ReadAction\",\"target\":[\"https:\\\/\\\/www.procarton.com\\\/awards\\\/european-carton-excellence-award\\\/2025-2\\\/main-sponsor-2025\\\/\"]}]},{\"@type\":\"ImageObject\",\"inLanguage\":\"es\",\"@id\":\"https:\\\/\\\/www.procarton.com\\\/awards\\\/european-carton-excellence-award\\\/2025-2\\\/main-sponsor-2025\\\/#primaryimage\",\"url\":\"https:\\\/\\\/www.procarton.com\\\/wp-content\\\/uploads\\\/2024\\\/10\\\/ecma_gala_19-09-2024_rk_74.jpg\",\"contentUrl\":\"https:\\\/\\\/www.procarton.com\\\/wp-content\\\/uploads\\\/2024\\\/10\\\/ecma_gala_19-09-2024_rk_74.jpg\",\"width\":2048,\"height\":1363,\"caption\":\"WWW.RADOSLAWKAZMIERCZAK.COM\"},{\"@type\":\"BreadcrumbList\",\"@id\":\"https:\\\/\\\/www.procarton.com\\\/awards\\\/european-carton-excellence-award\\\/2025-2\\\/main-sponsor-2025\\\/#breadcrumb\",\"itemListElement\":[{\"@type\":\"ListItem\",\"position\":1,\"name\":\"Home\",\"item\":\"https:\\\/\\\/www.procarton.com\\\/\"},{\"@type\":\"ListItem\",\"position\":2,\"name\":\"Awards\",\"item\":\"https:\\\/\\\/www.procarton.com\\\/awards\\\/\"},{\"@type\":\"ListItem\",\"position\":3,\"name\":\"European Carton Excellence Award\",\"item\":\"https:\\\/\\\/www.procarton.com\\\/awards\\\/european-carton-excellence-award\\\/\"},{\"@type\":\"ListItem\",\"position\":4,\"name\":\"2025\",\"item\":\"https:\\\/\\\/www.procarton.com\\\/awards\\\/european-carton-excellence-award\\\/2025-2\\\/\"},{\"@type\":\"ListItem\",\"position\":5,\"name\":\"Article of Main Sponsor 2025\"}]},{\"@type\":\"WebSite\",\"@id\":\"https:\\\/\\\/www.procarton.com\\\/es\\\/#website\",\"url\":\"https:\\\/\\\/www.procarton.com\\\/es\\\/\",\"name\":\"Pro Carton\",\"description\":\"\",\"publisher\":{\"@id\":\"https:\\\/\\\/www.procarton.com\\\/es\\\/#organization\"},\"potentialAction\":[{\"@type\":\"SearchAction\",\"target\":{\"@type\":\"EntryPoint\",\"urlTemplate\":\"https:\\\/\\\/www.procarton.com\\\/es\\\/?s={search_term_string}\"},\"query-input\":{\"@type\":\"PropertyValueSpecification\",\"valueRequired\":true,\"valueName\":\"search_term_string\"}}],\"inLanguage\":\"es\"},{\"@type\":\"Organization\",\"@id\":\"https:\\\/\\\/www.procarton.com\\\/es\\\/#organization\",\"name\":\"ProCarton\",\"url\":\"https:\\\/\\\/www.procarton.com\\\/es\\\/\",\"logo\":{\"@type\":\"ImageObject\",\"inLanguage\":\"es\",\"@id\":\"https:\\\/\\\/www.procarton.com\\\/es\\\/#\\\/schema\\\/logo\\\/image\\\/\",\"url\":\"https:\\\/\\\/www.procarton.com\\\/wp-content\\\/uploads\\\/2022\\\/06\\\/logo-mit-slogan.jpg\",\"contentUrl\":\"https:\\\/\\\/www.procarton.com\\\/wp-content\\\/uploads\\\/2022\\\/06\\\/logo-mit-slogan.jpg\",\"width\":422,\"height\":519,\"caption\":\"ProCarton\"},\"image\":{\"@id\":\"https:\\\/\\\/www.procarton.com\\\/es\\\/#\\\/schema\\\/logo\\\/image\\\/\"},\"sameAs\":[\"https:\\\/\\\/www.facebook.com\\\/procartondesignaward\\\/\",\"https:\\\/\\\/x.com\\\/pro_carton\"]}]}<\/script>\n<!-- \/ Yoast SEO plugin. -->","yoast_head_json":{"title":"Art\u00edculo del Patrocinador Principal 2025 - Pro Carton","description":"Detalles de los jueces del European Carton Excellence Award 2024 que eligen el envase de cart\u00f3n del a\u00f1o y las candidaturas finalistas para la votaci\u00f3n del p\u00fablico","robots":{"index":"index","follow":"follow","max-snippet":"max-snippet:-1","max-image-preview":"max-image-preview:large","max-video-preview":"max-video-preview:-1"},"canonical":"https:\/\/www.procarton.com\/es\/awards\/european-carton-excellence-award\/2025-2\/main-sponsor-2025\/","og_locale":"es_ES","og_type":"article","og_title":"Article of Main Sponsor 2025 - Pro Carton","og_description":"Details of the European Carton Excellence Award 2024 Judges who choose the Carton of the Year and Shortlist Entries for the Public Vote","og_url":"https:\/\/www.procarton.com\/es\/awards\/european-carton-excellence-award\/2025-2\/main-sponsor-2025\/","og_site_name":"Pro Carton","article_publisher":"https:\/\/www.facebook.com\/procartondesignaward\/","article_modified_time":"2025-11-26T15:49:38+00:00","og_image":[{"width":1030,"height":685,"url":"https:\/\/www.procarton.com\/wp-content\/uploads\/2024\/10\/ecma_gala_19-09-2024_rk_74-1030x685.jpg","type":"image\/jpeg"}],"twitter_card":"summary_large_image","twitter_site":"@pro_carton","twitter_misc":{"Tiempo de lectura":"5 minutos"},"schema":{"@context":"https:\/\/schema.org","@graph":[{"@type":"WebPage","@id":"https:\/\/www.procarton.com\/awards\/european-carton-excellence-award\/2025-2\/main-sponsor-2025\/","url":"https:\/\/www.procarton.com\/awards\/european-carton-excellence-award\/2025-2\/main-sponsor-2025\/","name":"Art\u00edculo del Patrocinador Principal 2025 - Pro Carton","isPartOf":{"@id":"https:\/\/www.procarton.com\/es\/#website"},"primaryImageOfPage":{"@id":"https:\/\/www.procarton.com\/awards\/european-carton-excellence-award\/2025-2\/main-sponsor-2025\/#primaryimage"},"image":{"@id":"https:\/\/www.procarton.com\/awards\/european-carton-excellence-award\/2025-2\/main-sponsor-2025\/#primaryimage"},"thumbnailUrl":"https:\/\/www.procarton.com\/wp-content\/uploads\/2024\/10\/ecma_gala_19-09-2024_rk_74.jpg","datePublished":"2025-11-26T11:52:25+00:00","dateModified":"2025-11-26T15:49:38+00:00","description":"Detalles de los jueces del European Carton Excellence Award 2024 que eligen el envase de cart\u00f3n del a\u00f1o y las candidaturas finalistas para la votaci\u00f3n del p\u00fablico","breadcrumb":{"@id":"https:\/\/www.procarton.com\/awards\/european-carton-excellence-award\/2025-2\/main-sponsor-2025\/#breadcrumb"},"inLanguage":"es","potentialAction":[{"@type":"ReadAction","target":["https:\/\/www.procarton.com\/awards\/european-carton-excellence-award\/2025-2\/main-sponsor-2025\/"]}]},{"@type":"ImageObject","inLanguage":"es","@id":"https:\/\/www.procarton.com\/awards\/european-carton-excellence-award\/2025-2\/main-sponsor-2025\/#primaryimage","url":"https:\/\/www.procarton.com\/wp-content\/uploads\/2024\/10\/ecma_gala_19-09-2024_rk_74.jpg","contentUrl":"https:\/\/www.procarton.com\/wp-content\/uploads\/2024\/10\/ecma_gala_19-09-2024_rk_74.jpg","width":2048,"height":1363,"caption":"WWW.RADOSLAWKAZMIERCZAK.COM"},{"@type":"BreadcrumbList","@id":"https:\/\/www.procarton.com\/awards\/european-carton-excellence-award\/2025-2\/main-sponsor-2025\/#breadcrumb","itemListElement":[{"@type":"ListItem","position":1,"name":"Home","item":"https:\/\/www.procarton.com\/"},{"@type":"ListItem","position":2,"name":"Awards","item":"https:\/\/www.procarton.com\/awards\/"},{"@type":"ListItem","position":3,"name":"European Carton Excellence Award","item":"https:\/\/www.procarton.com\/awards\/european-carton-excellence-award\/"},{"@type":"ListItem","position":4,"name":"2025","item":"https:\/\/www.procarton.com\/awards\/european-carton-excellence-award\/2025-2\/"},{"@type":"ListItem","position":5,"name":"Article of Main Sponsor 2025"}]},{"@type":"WebSite","@id":"https:\/\/www.procarton.com\/es\/#website","url":"https:\/\/www.procarton.com\/es\/","name":"Pro Carton","description":"","publisher":{"@id":"https:\/\/www.procarton.com\/es\/#organization"},"potentialAction":[{"@type":"SearchAction","target":{"@type":"EntryPoint","urlTemplate":"https:\/\/www.procarton.com\/es\/?s={search_term_string}"},"query-input":{"@type":"PropertyValueSpecification","valueRequired":true,"valueName":"search_term_string"}}],"inLanguage":"es"},{"@type":"Organization","@id":"https:\/\/www.procarton.com\/es\/#organization","name":"ProCarton","url":"https:\/\/www.procarton.com\/es\/","logo":{"@type":"ImageObject","inLanguage":"es","@id":"https:\/\/www.procarton.com\/es\/#\/schema\/logo\/image\/","url":"https:\/\/www.procarton.com\/wp-content\/uploads\/2022\/06\/logo-mit-slogan.jpg","contentUrl":"https:\/\/www.procarton.com\/wp-content\/uploads\/2022\/06\/logo-mit-slogan.jpg","width":422,"height":519,"caption":"ProCarton"},"image":{"@id":"https:\/\/www.procarton.com\/es\/#\/schema\/logo\/image\/"},"sameAs":["https:\/\/www.facebook.com\/procartondesignaward\/","https:\/\/x.com\/pro_carton"]}]}},"_links":{"self":[{"href":"https:\/\/www.procarton.com\/es\/wp-json\/wp\/v2\/pages\/307370","targetHints":{"allow":["GET"]}}],"collection":[{"href":"https:\/\/www.procarton.com\/es\/wp-json\/wp\/v2\/pages"}],"about":[{"href":"https:\/\/www.procarton.com\/es\/wp-json\/wp\/v2\/types\/page"}],"author":[{"embeddable":true,"href":"https:\/\/www.procarton.com\/es\/wp-json\/wp\/v2\/users\/5916"}],"replies":[{"embeddable":true,"href":"https:\/\/www.procarton.com\/es\/wp-json\/wp\/v2\/comments?post=307370"}],"version-history":[{"count":4,"href":"https:\/\/www.procarton.com\/es\/wp-json\/wp\/v2\/pages\/307370\/revisions"}],"predecessor-version":[{"id":307377,"href":"https:\/\/www.procarton.com\/es\/wp-json\/wp\/v2\/pages\/307370\/revisions\/307377"}],"up":[{"embeddable":true,"href":"https:\/\/www.procarton.com\/es\/wp-json\/wp\/v2\/pages\/300256"}],"wp:featuredmedia":[{"embeddable":true,"href":"https:\/\/www.procarton.com\/es\/wp-json\/wp\/v2\/media\/299838"}],"wp:attachment":[{"href":"https:\/\/www.procarton.com\/es\/wp-json\/wp\/v2\/media?parent=307370"}],"curies":[{"name":"wp","href":"https:\/\/api.w.org\/{rel}","templated":true}]}}