{"id":300772,"date":"2025-03-11T17:11:25","date_gmt":"2025-03-11T17:11:25","guid":{"rendered":"https:\/\/www.procarton.com\/?page_id=300772"},"modified":"2025-12-11T18:19:55","modified_gmt":"2025-12-11T18:19:55","slug":"careers","status":"publish","type":"page","link":"https:\/\/www.procarton.com\/es\/careers\/","title":{"rendered":"Carreras profesionales"},"content":{"rendered":"<div class=\"av-animated-generic top-to-bottom flex_column av_one_full  flex_column_div av-zero-column-padding first  avia-builder-el-0  el_before_av_one_fourth  avia-builder-el-first\" style='border-radius:0px; '>\n<section class=\"av_textblock_section\"  itemscope=\"itemscope\" itemtype=\"https:\/\/schema.org\/CreativeWork\" >\n<div class='avia_textblock'   itemprop=\"text\" >\n<p><strong>El sector del cart\u00f3n ofrece interesantes y desafiantes oportunidades profesionales en una industria sostenible.<\/strong><\/p>\n<p>Descubra las funciones que impulsan la innovaci\u00f3n y la colaboraci\u00f3n en el envasado, y consulte tambi\u00e9n nuestros perfiles profesionales para ver las caras con talento que hay detr\u00e1s de nuestra industria.<\/p>\n<\/div>\n<\/section>\n<\/div>\n<div class=\"av-animated-generic top-to-bottom flex_column av_one_fourth  flex_column_div av-zero-column-padding first  avia-builder-el-2  el_after_av_one_full  el_before_av_three_fourth  column-top-margin\" style='border-radius:0px; '>\n<div  class='avia-image-container  av-styling-    avia-builder-el-3  avia-builder-el-no-sibling  avia-align-center'  itemprop=\"image\" itemscope=\"itemscope\" itemtype=\"https:\/\/schema.org\/ImageObject\"  >\n<div class='avia-image-container-inner'>\n<div class='avia-image-overlay-wrap'><a href=\"https:\/\/www.procarton.com\/jobs\/\" class='avia_image' ><img decoding=\"async\" width=\"180\" height=\"180\" class='wp-image-307450 avia-img-lazy-loading-not-307450 avia_image' src=\"https:\/\/www.procarton.com\/wp-content\/uploads\/2025\/12\/6f76c6a1-9c12-4779-b509-f0cbefb918ea-180x180.jpg\" alt='' title='6f76c6a1-9c12-4779-b509-f0cbefb918ea'  itemprop=\"thumbnailUrl\" srcset=\"https:\/\/www.procarton.com\/wp-content\/uploads\/2025\/12\/6f76c6a1-9c12-4779-b509-f0cbefb918ea-180x180.jpg 180w, https:\/\/www.procarton.com\/wp-content\/uploads\/2025\/12\/6f76c6a1-9c12-4779-b509-f0cbefb918ea-80x80.jpg 80w, https:\/\/www.procarton.com\/wp-content\/uploads\/2025\/12\/6f76c6a1-9c12-4779-b509-f0cbefb918ea-36x36.jpg 36w\" sizes=\"(max-width: 180px) 100vw, 180px\" \/><\/a><\/div>\n<\/div>\n<\/div>\n<\/div>\n<div class=\"av-animated-generic top-to-bottom flex_column av_three_fourth  flex_column_div av-zero-column-padding   avia-builder-el-4  el_after_av_one_fourth  el_before_av_one_fourth  column-top-margin\" style='border-radius:0px; '>\n<section class=\"av_textblock_section\"  itemscope=\"itemscope\" itemtype=\"https:\/\/schema.org\/CreativeWork\" >\n<div class='avia_textblock'   itemprop=\"text\" >\n<p><b>Plataforma profesional para estudiantes Pro Carton<\/b><\/p>\n<p>En Pro Carton, damos la bienvenida a nuevos talentos en nuestra industria en constante evoluci\u00f3n, ofreciendo oportunidades para dise\u00f1adores creativos, defensores de la sostenibilidad y l\u00edderes empresariales por igual.<\/p>\n<p>Descubra las \u00faltimas funciones que impulsan la innovaci\u00f3n y la colaboraci\u00f3n en el envasado.<\/p>\n<\/div>\n<\/section>\n<\/div>\n<div class=\"av-animated-generic top-to-bottom flex_column av_one_fourth  flex_column_div av-zero-column-padding first  avia-builder-el-6  el_after_av_three_fourth  el_before_av_three_fourth  column-top-margin\" style='border-radius:0px; '>\n<div  class='avia-image-container  av-styling-    avia-builder-el-7  avia-builder-el-no-sibling  avia-align-center'  itemprop=\"image\" itemscope=\"itemscope\" itemtype=\"https:\/\/schema.org\/ImageObject\"  >\n<div class='avia-image-container-inner'>\n<div class='avia-image-overlay-wrap'><a href=\"https:\/\/www.procarton.com\/career-industry-job-profiles\/\" class='avia_image' ><img decoding=\"async\" width=\"180\" height=\"180\" class='wp-image-307455 avia-img-lazy-loading-not-307455 avia_image' src=\"https:\/\/www.procarton.com\/wp-content\/uploads\/2025\/12\/Pro-Carton-Job-Profiles-Thumbnail-2-180x180.png\" alt='' title='Perfiles de trabajo de Pro Carton Miniatura-2'  itemprop=\"thumbnailUrl\" srcset=\"https:\/\/www.procarton.com\/wp-content\/uploads\/2025\/12\/Pro-Carton-Job-Profiles-Thumbnail-2-180x180.png 180w, https:\/\/www.procarton.com\/wp-content\/uploads\/2025\/12\/Pro-Carton-Job-Profiles-Thumbnail-2-300x300.png 300w, https:\/\/www.procarton.com\/wp-content\/uploads\/2025\/12\/Pro-Carton-Job-Profiles-Thumbnail-2-1030x1030.png 1030w, https:\/\/www.procarton.com\/wp-content\/uploads\/2025\/12\/Pro-Carton-Job-Profiles-Thumbnail-2-80x80.png 80w, https:\/\/www.procarton.com\/wp-content\/uploads\/2025\/12\/Pro-Carton-Job-Profiles-Thumbnail-2-768x768.png 768w, https:\/\/www.procarton.com\/wp-content\/uploads\/2025\/12\/Pro-Carton-Job-Profiles-Thumbnail-2-12x12.png 12w, https:\/\/www.procarton.com\/wp-content\/uploads\/2025\/12\/Pro-Carton-Job-Profiles-Thumbnail-2-36x36.png 36w, https:\/\/www.procarton.com\/wp-content\/uploads\/2025\/12\/Pro-Carton-Job-Profiles-Thumbnail-2-705x705.png 705w, https:\/\/www.procarton.com\/wp-content\/uploads\/2025\/12\/Pro-Carton-Job-Profiles-Thumbnail-2.png 1080w\" sizes=\"(max-width: 180px) 100vw, 180px\" \/><\/a><\/div>\n<\/div>\n<\/div>\n<\/div>\n<div class=\"av-animated-generic top-to-bottom flex_column av_three_fourth  flex_column_div av-zero-column-padding   avia-builder-el-8  el_after_av_one_fourth  avia-builder-el-last  column-top-margin\" style='border-radius:0px; '>\n<section class=\"av_textblock_section\"  itemscope=\"itemscope\" itemtype=\"https:\/\/schema.org\/CreativeWork\" >\n<div class='avia_textblock'   itemprop=\"text\" >\n<p><strong>Talentos de la industria: Una carrera en la industria del cart\u00f3n y del cart\u00f3n plegable<\/strong><\/p>\n<p>En el mundo del envasado, en constante evoluci\u00f3n, la industria del cart\u00f3n y el envase de cart\u00f3n desempe\u00f1a un papel fundamental en la configuraci\u00f3n de la forma en que se presentan y perciben los productos. Es un campo din\u00e1mico en el que la innovaci\u00f3n se une a la sostenibilidad, y en el que personas con talento est\u00e1n teniendo un impacto significativo.  Estamos orgullosos de presentar todas nuestras entrevistas que celebran a las personas con talento que dan forma a la innovaci\u00f3n y la sostenibilidad en el envasado, colegas que viven la sostenibilidad y que hacen que este espacio de trabajo sea divertido y emocionante.<\/p>\n<\/div>\n<\/section>\n<\/div>","protected":false},"excerpt":{"rendered":"","protected":false},"author":5916,"featured_media":301589,"parent":0,"menu_order":8,"comment_status":"closed","ping_status":"closed","template":"","meta":{"inline_featured_image":false,"footnotes":""},"class_list":["post-300772","page","type-page","status-publish","has-post-thumbnail","hentry"],"yoast_head":"<!-- This site is optimized with the Yoast SEO plugin v27.4 - https:\/\/yoast.com\/product\/yoast-seo-wordpress\/ -->\n<title>Careers - Pro Carton<\/title>\n<meta name=\"robots\" content=\"index, follow, max-snippet:-1, max-image-preview:large, max-video-preview:-1\" \/>\n<link rel=\"canonical\" href=\"https:\/\/www.procarton.com\/es\/careers\/\" \/>\n<meta property=\"og:locale\" content=\"es_ES\" \/>\n<meta property=\"og:type\" content=\"article\" \/>\n<meta property=\"og:title\" content=\"Careers - Pro Carton\" \/>\n<meta property=\"og:url\" content=\"https:\/\/www.procarton.com\/es\/careers\/\" \/>\n<meta property=\"og:site_name\" content=\"Pro Carton\" \/>\n<meta property=\"article:publisher\" content=\"https:\/\/www.facebook.com\/procartondesignaward\/\" \/>\n<meta property=\"article:modified_time\" content=\"2025-12-11T18:19:55+00:00\" \/>\n<meta property=\"og:image\" content=\"https:\/\/www.procarton.com\/wp-content\/uploads\/2025\/03\/Careers-Photo.png\" \/>\n\t<meta property=\"og:image:width\" content=\"1362\" \/>\n\t<meta property=\"og:image:height\" content=\"901\" \/>\n\t<meta property=\"og:image:type\" content=\"image\/png\" \/>\n<meta name=\"twitter:card\" content=\"summary_large_image\" \/>\n<meta name=\"twitter:site\" content=\"@pro_carton\" \/>\n<meta name=\"twitter:label1\" content=\"Tiempo de lectura\" \/>\n\t<meta name=\"twitter:data1\" content=\"3 minutos\" \/>\n<script type=\"application\/ld+json\" class=\"yoast-schema-graph\">{\"@context\":\"https:\\\/\\\/schema.org\",\"@graph\":[{\"@type\":\"WebPage\",\"@id\":\"https:\\\/\\\/www.procarton.com\\\/careers\\\/\",\"url\":\"https:\\\/\\\/www.procarton.com\\\/careers\\\/\",\"name\":\"Careers - Pro Carton\",\"isPartOf\":{\"@id\":\"https:\\\/\\\/www.procarton.com\\\/es\\\/#website\"},\"primaryImageOfPage\":{\"@id\":\"https:\\\/\\\/www.procarton.com\\\/careers\\\/#primaryimage\"},\"image\":{\"@id\":\"https:\\\/\\\/www.procarton.com\\\/careers\\\/#primaryimage\"},\"thumbnailUrl\":\"https:\\\/\\\/www.procarton.com\\\/wp-content\\\/uploads\\\/2025\\\/03\\\/Careers-Photo.png\",\"datePublished\":\"2025-03-11T17:11:25+00:00\",\"dateModified\":\"2025-12-11T18:19:55+00:00\",\"breadcrumb\":{\"@id\":\"https:\\\/\\\/www.procarton.com\\\/careers\\\/#breadcrumb\"},\"inLanguage\":\"es\",\"potentialAction\":[{\"@type\":\"ReadAction\",\"target\":[\"https:\\\/\\\/www.procarton.com\\\/careers\\\/\"]}]},{\"@type\":\"ImageObject\",\"inLanguage\":\"es\",\"@id\":\"https:\\\/\\\/www.procarton.com\\\/careers\\\/#primaryimage\",\"url\":\"https:\\\/\\\/www.procarton.com\\\/wp-content\\\/uploads\\\/2025\\\/03\\\/Careers-Photo.png\",\"contentUrl\":\"https:\\\/\\\/www.procarton.com\\\/wp-content\\\/uploads\\\/2025\\\/03\\\/Careers-Photo.png\",\"width\":1362,\"height\":901},{\"@type\":\"BreadcrumbList\",\"@id\":\"https:\\\/\\\/www.procarton.com\\\/careers\\\/#breadcrumb\",\"itemListElement\":[{\"@type\":\"ListItem\",\"position\":1,\"name\":\"Home\",\"item\":\"https:\\\/\\\/www.procarton.com\\\/\"},{\"@type\":\"ListItem\",\"position\":2,\"name\":\"Careers\"}]},{\"@type\":\"WebSite\",\"@id\":\"https:\\\/\\\/www.procarton.com\\\/es\\\/#website\",\"url\":\"https:\\\/\\\/www.procarton.com\\\/es\\\/\",\"name\":\"Pro Carton\",\"description\":\"\",\"publisher\":{\"@id\":\"https:\\\/\\\/www.procarton.com\\\/es\\\/#organization\"},\"potentialAction\":[{\"@type\":\"SearchAction\",\"target\":{\"@type\":\"EntryPoint\",\"urlTemplate\":\"https:\\\/\\\/www.procarton.com\\\/es\\\/?s={search_term_string}\"},\"query-input\":{\"@type\":\"PropertyValueSpecification\",\"valueRequired\":true,\"valueName\":\"search_term_string\"}}],\"inLanguage\":\"es\"},{\"@type\":\"Organization\",\"@id\":\"https:\\\/\\\/www.procarton.com\\\/es\\\/#organization\",\"name\":\"ProCarton\",\"url\":\"https:\\\/\\\/www.procarton.com\\\/es\\\/\",\"logo\":{\"@type\":\"ImageObject\",\"inLanguage\":\"es\",\"@id\":\"https:\\\/\\\/www.procarton.com\\\/es\\\/#\\\/schema\\\/logo\\\/image\\\/\",\"url\":\"https:\\\/\\\/www.procarton.com\\\/wp-content\\\/uploads\\\/2022\\\/06\\\/logo-mit-slogan.jpg\",\"contentUrl\":\"https:\\\/\\\/www.procarton.com\\\/wp-content\\\/uploads\\\/2022\\\/06\\\/logo-mit-slogan.jpg\",\"width\":422,\"height\":519,\"caption\":\"ProCarton\"},\"image\":{\"@id\":\"https:\\\/\\\/www.procarton.com\\\/es\\\/#\\\/schema\\\/logo\\\/image\\\/\"},\"sameAs\":[\"https:\\\/\\\/www.facebook.com\\\/procartondesignaward\\\/\",\"https:\\\/\\\/x.com\\\/pro_carton\"]}]}<\/script>\n<!-- \/ Yoast SEO plugin. -->","yoast_head_json":{"title":"Empleo - Pro Carton","robots":{"index":"index","follow":"follow","max-snippet":"max-snippet:-1","max-image-preview":"max-image-preview:large","max-video-preview":"max-video-preview:-1"},"canonical":"https:\/\/www.procarton.com\/es\/careers\/","og_locale":"es_ES","og_type":"article","og_title":"Careers - Pro Carton","og_url":"https:\/\/www.procarton.com\/es\/careers\/","og_site_name":"Pro Carton","article_publisher":"https:\/\/www.facebook.com\/procartondesignaward\/","article_modified_time":"2025-12-11T18:19:55+00:00","og_image":[{"width":1362,"height":901,"url":"https:\/\/www.procarton.com\/wp-content\/uploads\/2025\/03\/Careers-Photo.png","type":"image\/png"}],"twitter_card":"summary_large_image","twitter_site":"@pro_carton","twitter_misc":{"Tiempo de lectura":"3 minutos"},"schema":{"@context":"https:\/\/schema.org","@graph":[{"@type":"WebPage","@id":"https:\/\/www.procarton.com\/careers\/","url":"https:\/\/www.procarton.com\/careers\/","name":"Empleo - Pro Carton","isPartOf":{"@id":"https:\/\/www.procarton.com\/es\/#website"},"primaryImageOfPage":{"@id":"https:\/\/www.procarton.com\/careers\/#primaryimage"},"image":{"@id":"https:\/\/www.procarton.com\/careers\/#primaryimage"},"thumbnailUrl":"https:\/\/www.procarton.com\/wp-content\/uploads\/2025\/03\/Careers-Photo.png","datePublished":"2025-03-11T17:11:25+00:00","dateModified":"2025-12-11T18:19:55+00:00","breadcrumb":{"@id":"https:\/\/www.procarton.com\/careers\/#breadcrumb"},"inLanguage":"es","potentialAction":[{"@type":"ReadAction","target":["https:\/\/www.procarton.com\/careers\/"]}]},{"@type":"ImageObject","inLanguage":"es","@id":"https:\/\/www.procarton.com\/careers\/#primaryimage","url":"https:\/\/www.procarton.com\/wp-content\/uploads\/2025\/03\/Careers-Photo.png","contentUrl":"https:\/\/www.procarton.com\/wp-content\/uploads\/2025\/03\/Careers-Photo.png","width":1362,"height":901},{"@type":"BreadcrumbList","@id":"https:\/\/www.procarton.com\/careers\/#breadcrumb","itemListElement":[{"@type":"ListItem","position":1,"name":"Home","item":"https:\/\/www.procarton.com\/"},{"@type":"ListItem","position":2,"name":"Careers"}]},{"@type":"WebSite","@id":"https:\/\/www.procarton.com\/es\/#website","url":"https:\/\/www.procarton.com\/es\/","name":"Pro Carton","description":"","publisher":{"@id":"https:\/\/www.procarton.com\/es\/#organization"},"potentialAction":[{"@type":"SearchAction","target":{"@type":"EntryPoint","urlTemplate":"https:\/\/www.procarton.com\/es\/?s={search_term_string}"},"query-input":{"@type":"PropertyValueSpecification","valueRequired":true,"valueName":"search_term_string"}}],"inLanguage":"es"},{"@type":"Organization","@id":"https:\/\/www.procarton.com\/es\/#organization","name":"ProCarton","url":"https:\/\/www.procarton.com\/es\/","logo":{"@type":"ImageObject","inLanguage":"es","@id":"https:\/\/www.procarton.com\/es\/#\/schema\/logo\/image\/","url":"https:\/\/www.procarton.com\/wp-content\/uploads\/2022\/06\/logo-mit-slogan.jpg","contentUrl":"https:\/\/www.procarton.com\/wp-content\/uploads\/2022\/06\/logo-mit-slogan.jpg","width":422,"height":519,"caption":"ProCarton"},"image":{"@id":"https:\/\/www.procarton.com\/es\/#\/schema\/logo\/image\/"},"sameAs":["https:\/\/www.facebook.com\/procartondesignaward\/","https:\/\/x.com\/pro_carton"]}]}},"_links":{"self":[{"href":"https:\/\/www.procarton.com\/es\/wp-json\/wp\/v2\/pages\/300772","targetHints":{"allow":["GET"]}}],"collection":[{"href":"https:\/\/www.procarton.com\/es\/wp-json\/wp\/v2\/pages"}],"about":[{"href":"https:\/\/www.procarton.com\/es\/wp-json\/wp\/v2\/types\/page"}],"author":[{"embeddable":true,"href":"https:\/\/www.procarton.com\/es\/wp-json\/wp\/v2\/users\/5916"}],"replies":[{"embeddable":true,"href":"https:\/\/www.procarton.com\/es\/wp-json\/wp\/v2\/comments?post=300772"}],"version-history":[{"count":12,"href":"https:\/\/www.procarton.com\/es\/wp-json\/wp\/v2\/pages\/300772\/revisions"}],"predecessor-version":[{"id":307454,"href":"https:\/\/www.procarton.com\/es\/wp-json\/wp\/v2\/pages\/300772\/revisions\/307454"}],"wp:featuredmedia":[{"embeddable":true,"href":"https:\/\/www.procarton.com\/es\/wp-json\/wp\/v2\/media\/301589"}],"wp:attachment":[{"href":"https:\/\/www.procarton.com\/es\/wp-json\/wp\/v2\/media?parent=300772"}],"curies":[{"name":"wp","href":"https:\/\/api.w.org\/{rel}","templated":true}]}}